{"id":1344928,"date":"2025-09-30T11:14:49","date_gmt":"2025-09-30T08:14:49","guid":{"rendered":"https:\/\/mmkriepas.lv\/?post_type=product&#038;p=1344928"},"modified":"2026-03-30T15:24:12","modified_gmt":"2026-03-30T12:24:12","slug":"255-50r20-sailun-ice-blazer-wst3-109t-xl-ar-radzem-dot24","status":"publish","type":"product","link":"https:\/\/mmkriepas.lv\/en\/p\/255-50r20-sailun-ice-blazer-wst3-109t-xl-ar-radzem-dot24\/","title":{"rendered":"255\/50R20 Sailun Ice Blazer WST3 109T XL ar radz\u0113m"},"content":{"rendered":"<p style=\"margin: 12.0pt 0cm 12.0pt 0cm;\"><b><span style=\"font-size: 11.0pt; font-family: 'Arial',sans-serif; color: black;\">Sailun Ice Blazer WST3<\/span><\/b><span style=\"font-size: 11.0pt; font-family: 'Arial',sans-serif; color: black;\"> riepas ir pieejamas<b> <\/b><\/span><b><span style=\"font-size: 11.0pt; font-family: 'Arial',sans-serif; color: red;\">gan ar radz\u0113m, gan bez t\u0101m<\/span><\/b><span style=\"font-size: 11.0pt; font-family: 'Arial',sans-serif; color: black;\">. T\u0101s paredz\u0113tas vieglaj\u0101m un apvidus (SUV) automa\u0161\u012bn\u0101m. Riepas dizains veidots tiecoties p\u0113c labas sa\u0137eres un vad\u0101m\u012bbas pat skarb\u0101kajos laikapst\u0101k\u013cos, braucot gan pa apledoju\u0161u, gan sniegotu ce\u013ca segumu.\u00a0<\/span><o:p><\/o:p><\/p>\n<h3 style=\"margin: 14.0pt 0cm 4.0pt 0cm;\"><span style=\"font-size: 13.0pt; font-family: 'Arial',sans-serif; color: black;\">Sailun Ice Blazer WST3 galven\u0101s iez\u012bmes:<\/span><o:p><\/o:p><\/h3>\n<p style=\"margin: 12.0pt 0cm 12.0pt 0cm;\"><span style=\"font-size: 11.0pt; font-family: 'Arial',sans-serif; color: black;\">+ Rad\u017eojams ziemas ripu modelis, kas pieejams gan ar, gan ar\u012b bez radz\u0113m;<\/span><o:p><\/o:p><\/p>\n<p style=\"margin: 12.0pt 0cm 12.0pt 0cm;\"><span style=\"font-size: 11.0pt; font-family: 'Arial',sans-serif; color: black;\">+ Laba sa\u0137ere ar ledu, pateicoties radz\u0113m;<\/span><o:p><\/o:p><\/p>\n<p style=\"margin: 12.0pt 0cm 12.0pt 0cm;\"><span style=\"font-size: 11.0pt; font-family: 'Arial',sans-serif; color: black;\">+ Uzlabots riepas gumijas sast\u0101vs;<\/span><o:p><\/o:p><\/p>\n<p style=\"margin: 12.0pt 0cm 12.0pt 0cm;\"><span style=\"font-size: 11.0pt; font-family: 'Arial',sans-serif; color: black;\">+ Degvielas ekonomija;<\/span><o:p><\/o:p><\/p>\n<p style=\"margin: 12.0pt 0cm 12.0pt 0cm;\"><span style=\"font-size: 11.0pt; font-family: 'Arial',sans-serif; color: black;\">+ Kvalit\u0101te atbilst cenai!<\/span><o:p><\/o:p><\/p>\n<h3 style=\"margin: 14.0pt 0cm 4.0pt 0cm;\"><span style=\"font-size: 13.0pt; font-family: 'Arial',sans-serif; color: black;\">WST3 galven\u0101s iez\u012bmes<\/span><o:p><\/o:p><\/h3>\n<p style=\"margin: 12.0pt 0cm 12.0pt 0cm;\"><span style=\"font-size: 11.0pt; font-family: 'Arial',sans-serif; color: black;\">Uzlabot\u0101 gumijas sast\u0101va formula nodro\u0161ina paaugstin\u0101tu riepas elast\u012bgumu, uzlabojot sa\u0137eri ekstrem\u0101li aukstos laikapst\u0101k\u013cos. Kop\u0101 ar jauno rad\u017eu formu un novietojumu tiek nodro\u0161in\u0101ta optim\u0101la sa\u0137ere visos apst\u0101k\u013cos gan uz ledus (<b>\u012bpa\u0161i p\u0101rbaud\u012btas uz meln\u0101 ledus<\/b>), gan sniega.<\/span><o:p><\/o:p><\/p>\n<p style=\"margin: 12.0pt 0cm 12.0pt 0cm;\"><span style=\"font-size: 11.0pt; font-family: 'Arial',sans-serif; color: black;\">Virzienveida protektora raksts, jaun\u0101 lame\u013cu forma un z\u0101\u0123a zobiem l\u012bdz\u012bg\u0101s bloku malas nodro\u0161ina lab\u0101ku riepas <b>vad\u0101m\u012bbu taisnos ce\u013ca posmos, k\u0101 ar\u012b straujos l\u012bkumos.<\/b><\/span><o:p><\/o:p><\/p>\n<p style=\"margin: 12.0pt 0cm 12.0pt 0cm;\"><span style=\"font-size: 11.0pt; font-family: 'Arial',sans-serif; color: black;\">J\u0101patur pr\u0101t\u0101 &#8211; rad\u017eotas riepas varam ekspluat\u0113t tikai ziemas sezon\u0101, kas savuk\u0101rt noz\u012bm\u0113, ka vissezonas variant\u0101 j\u0101izv\u0113las ne\u0161ipotas riepas. Ja izv\u0113lamies \u0161o modeli k\u0101 vissezonas variantu, tad tas j\u016bs noteikti nepievils. Dilst l\u0113ni un saglab\u0101 stabilu sniegumu gan uz grants ce\u013ciem, gan smil\u0161ainos\/dub\u013cainos apst\u0101k\u013cos.<\/span><\/p>\n","protected":false},"excerpt":{"rendered":"<p><b><span style=\"font-size: 11.0pt; font-family: 'Arial',sans-serif; color: black;\">Sailun Ice Blazer WST3<\/span><\/b><span style=\"font-size: 11.0pt; font-family: 'Arial',sans-serif; color: black;\"> riepas ir pieejamas<b> <\/b><\/span><b><span style=\"font-size: 11.0pt; font-family: 'Arial',sans-serif; color: red;\">gan ar radz\u0113m, gan bez t\u0101m<\/span><\/b><span style=\"font-size: 11.0pt; font-family: 'Arial',sans-serif; color: black;\">. T\u0101s paredz\u0113tas vieglaj\u0101m un apvidus (SUV) automa\u0161\u012bn\u0101m. Riepas dizains veidots tiecoties p\u0113c labas sa\u0137eres un vad\u0101m\u012bbas pat skarb\u0101kajos laikapst\u0101k\u013cos, braucot gan pa apledoju\u0161u, gan sniegotu ce\u013ca segumu.\u00a0<\/span><\/p>\n","protected":false},"featured_media":305222,"template":"","meta":{"_acf_changed":false,"ngg_post_thumbnail":0},"product_brand":[],"product_cat":[45,48],"product_tag":[],"class_list":{"0":"post-1344928","1":"product","2":"type-product","3":"status-publish","4":"has-post-thumbnail","6":"product_cat-ziemas-riepas","7":"product_cat-ziemas-ar-radzem","9":"first","10":"instock","11":"sale","12":"taxable","13":"shipping-taxable","14":"purchasable","15":"product-type-simple"},"acf":[],"yoast_head":"<!-- This site is optimized with the Yoast SEO Premium plugin v22.6 (Yoast SEO v27.3) - https:\/\/yoast.com\/product\/yoast-seo-premium-wordpress\/ -->\n<title>255\/50R20 Sailun Ice Blazer WST3 109T XL ar radz\u0113m &#8226; MMK Riepas<\/title>\n<meta name=\"robots\" content=\"index, follow, max-snippet:-1, max-image-preview:large, max-video-preview:-1\" \/>\n<link rel=\"canonical\" href=\"https:\/\/mmkriepas.lv\/en\/p\/255-50r20-sailun-ice-blazer-wst3-109t-xl-ar-radzem-dot24\/\" \/>\n<meta property=\"og:locale\" content=\"en_US\" \/>\n<meta property=\"og:type\" content=\"article\" \/>\n<meta property=\"og:title\" content=\"255\/50R20 Sailun Ice Blazer WST3 109T XL ar radz\u0113m\" \/>\n<meta property=\"og:description\" content=\"Sailun Ice Blazer WST3 riepas ir pieejamas gan ar radz\u0113m, gan bez t\u0101m. T\u0101s paredz\u0113tas vieglaj\u0101m un apvidus (SUV) automa\u0161\u012bn\u0101m. Riepas dizains veidots tiecoties p\u0113c labas sa\u0137eres un vad\u0101m\u012bbas pat skarb\u0101kajos laikapst\u0101k\u013cos, braucot gan pa apledoju\u0161u, gan sniegotu ce\u013ca segumu.\u00a0\" \/>\n<meta property=\"og:url\" content=\"https:\/\/mmkriepas.lv\/en\/p\/255-50r20-sailun-ice-blazer-wst3-109t-xl-ar-radzem-dot24\/\" \/>\n<meta property=\"og:site_name\" content=\"MMK Riepas\" \/>\n<meta property=\"article:publisher\" content=\"https:\/\/www.facebook.com\/mmkserviss\/\" \/>\n<meta property=\"article:modified_time\" content=\"2026-03-30T12:24:12+00:00\" \/>\n<meta property=\"og:image\" content=\"https:\/\/mmkriepas.lv\/wp-content\/uploads\/2022\/08\/17565r14-sailun-ice-blazer-wst3-86t-ar-radzem-ziemas-riepas-ziemas-ar-radzem-riepas.jpg\" \/>\n\t<meta property=\"og:image:width\" content=\"1920\" \/>\n\t<meta property=\"og:image:height\" content=\"1278\" \/>\n\t<meta property=\"og:image:type\" content=\"image\/jpeg\" \/>\n<meta name=\"twitter:card\" content=\"summary_large_image\" \/>\n<meta name=\"twitter:label1\" content=\"Price\" \/>\n\t<meta name=\"twitter:data1\" content=\"&euro;149.00\" \/>\n\t<meta name=\"twitter:label2\" content=\"Availability\" \/>\n\t<meta name=\"twitter:data2\" content=\"In stock\" \/>\n<script type=\"application\/ld+json\" class=\"yoast-schema-graph\">{\"@context\":\"https:\\\/\\\/schema.org\",\"@graph\":[{\"@type\":\"WebPage\",\"@id\":\"https:\\\/\\\/mmkriepas.lv\\\/en\\\/p\\\/255-50r20-sailun-ice-blazer-wst3-109t-xl-ar-radzem-dot24\\\/\",\"url\":\"https:\\\/\\\/mmkriepas.lv\\\/en\\\/p\\\/255-50r20-sailun-ice-blazer-wst3-109t-xl-ar-radzem-dot24\\\/\",\"name\":\"255\\\/50R20 Sailun Ice Blazer WST3 109T XL ar radz\u0113m &#8226; MMK Riepas\",\"isPartOf\":{\"@id\":\"https:\\\/\\\/mmkriepas.lv\\\/en\\\/#website\"},\"primaryImageOfPage\":{\"@id\":\"https:\\\/\\\/mmkriepas.lv\\\/en\\\/p\\\/255-50r20-sailun-ice-blazer-wst3-109t-xl-ar-radzem-dot24\\\/#primaryimage\"},\"image\":{\"@id\":\"https:\\\/\\\/mmkriepas.lv\\\/en\\\/p\\\/255-50r20-sailun-ice-blazer-wst3-109t-xl-ar-radzem-dot24\\\/#primaryimage\"},\"thumbnailUrl\":\"https:\\\/\\\/mmkriepas.lv\\\/wp-content\\\/uploads\\\/2022\\\/08\\\/17565r14-sailun-ice-blazer-wst3-86t-ar-radzem-ziemas-riepas-ziemas-ar-radzem-riepas.jpg\",\"datePublished\":\"2025-09-30T08:14:49+00:00\",\"dateModified\":\"2026-03-30T12:24:12+00:00\",\"breadcrumb\":{\"@id\":\"https:\\\/\\\/mmkriepas.lv\\\/en\\\/p\\\/255-50r20-sailun-ice-blazer-wst3-109t-xl-ar-radzem-dot24\\\/#breadcrumb\"},\"inLanguage\":\"en-US\",\"potentialAction\":[{\"@type\":\"ReadAction\",\"target\":[\"https:\\\/\\\/mmkriepas.lv\\\/en\\\/p\\\/255-50r20-sailun-ice-blazer-wst3-109t-xl-ar-radzem-dot24\\\/\"]}]},{\"@type\":\"ImageObject\",\"inLanguage\":\"en-US\",\"@id\":\"https:\\\/\\\/mmkriepas.lv\\\/en\\\/p\\\/255-50r20-sailun-ice-blazer-wst3-109t-xl-ar-radzem-dot24\\\/#primaryimage\",\"url\":\"https:\\\/\\\/mmkriepas.lv\\\/wp-content\\\/uploads\\\/2022\\\/08\\\/17565r14-sailun-ice-blazer-wst3-86t-ar-radzem-ziemas-riepas-ziemas-ar-radzem-riepas.jpg\",\"contentUrl\":\"https:\\\/\\\/mmkriepas.lv\\\/wp-content\\\/uploads\\\/2022\\\/08\\\/17565r14-sailun-ice-blazer-wst3-86t-ar-radzem-ziemas-riepas-ziemas-ar-radzem-riepas.jpg\",\"width\":1920,\"height\":1278,\"caption\":\"Sailun Ice Blazer WST3 studded\"},{\"@type\":\"BreadcrumbList\",\"@id\":\"https:\\\/\\\/mmkriepas.lv\\\/en\\\/p\\\/255-50r20-sailun-ice-blazer-wst3-109t-xl-ar-radzem-dot24\\\/#breadcrumb\",\"itemListElement\":[{\"@type\":\"ListItem\",\"position\":1,\"name\":\"S\u0101kums\",\"item\":\"https:\\\/\\\/mmkriepas.lv\\\/en\\\/\"},{\"@type\":\"ListItem\",\"position\":2,\"name\":\"255\\\/50R20 Sailun Ice Blazer WST3 109T XL ar radz\u0113m\"}]},{\"@type\":\"WebSite\",\"@id\":\"https:\\\/\\\/mmkriepas.lv\\\/en\\\/#website\",\"url\":\"https:\\\/\\\/mmkriepas.lv\\\/en\\\/\",\"name\":\"MMK Riepas\",\"description\":\"MMK Riepas\",\"alternateName\":\"MMK Riepu Serviss\",\"potentialAction\":[{\"@type\":\"SearchAction\",\"target\":{\"@type\":\"EntryPoint\",\"urlTemplate\":\"https:\\\/\\\/mmkriepas.lv\\\/en\\\/?s={search_term_string}\"},\"query-input\":{\"@type\":\"PropertyValueSpecification\",\"valueRequired\":true,\"valueName\":\"search_term_string\"}}],\"inLanguage\":\"en-US\"},{\"@type\":\"ImageObject\",\"inLanguage\":\"en-US\",\"@id\":\"https:\\\/\\\/mmkriepas.lv\\\/en\\\/p\\\/255-50r20-sailun-ice-blazer-wst3-109t-xl-ar-radzem-dot24\\\/#local-main-organization-logo\",\"url\":\"\",\"contentUrl\":\"\",\"caption\":\"MMK Riepas\"}]}<\/script>\n<meta property=\"product:brand\" content=\"Sailun Ice Blazer WST3\" \/>\n<meta property=\"product:price:amount\" content=\"149.00\" \/>\n<meta property=\"product:price:currency\" content=\"EUR\" \/>\n<meta property=\"og:availability\" content=\"instock\" \/>\n<meta property=\"product:availability\" content=\"instock\" \/>\n<meta property=\"product:retailer_item_id\" content=\"TR2555020Sailu-E52359\" \/>\n<meta property=\"product:condition\" content=\"new\" \/>\n<!-- \/ Yoast SEO Premium plugin. -->","yoast_head_json":{"title":"255\/50R20 Sailun Ice Blazer WST3 109T XL ar radz\u0113m &#8226; MMK Riepas","robots":{"index":"index","follow":"follow","max-snippet":"max-snippet:-1","max-image-preview":"max-image-preview:large","max-video-preview":"max-video-preview:-1"},"canonical":"https:\/\/mmkriepas.lv\/en\/p\/255-50r20-sailun-ice-blazer-wst3-109t-xl-ar-radzem-dot24\/","og_locale":"en_US","og_type":"article","og_title":"255\/50R20 Sailun Ice Blazer WST3 109T XL ar radz\u0113m","og_description":"Sailun Ice Blazer WST3 riepas ir pieejamas gan ar radz\u0113m, gan bez t\u0101m. T\u0101s paredz\u0113tas vieglaj\u0101m un apvidus (SUV) automa\u0161\u012bn\u0101m. Riepas dizains veidots tiecoties p\u0113c labas sa\u0137eres un vad\u0101m\u012bbas pat skarb\u0101kajos laikapst\u0101k\u013cos, braucot gan pa apledoju\u0161u, gan sniegotu ce\u013ca segumu.\u00a0","og_url":"https:\/\/mmkriepas.lv\/en\/p\/255-50r20-sailun-ice-blazer-wst3-109t-xl-ar-radzem-dot24\/","og_site_name":"MMK Riepas","article_publisher":"https:\/\/www.facebook.com\/mmkserviss\/","article_modified_time":"2026-03-30T12:24:12+00:00","og_image":[{"width":1920,"height":1278,"url":"https:\/\/mmkriepas.lv\/wp-content\/uploads\/2022\/08\/17565r14-sailun-ice-blazer-wst3-86t-ar-radzem-ziemas-riepas-ziemas-ar-radzem-riepas.jpg","type":"image\/jpeg"}],"twitter_card":"summary_large_image","twitter_misc":{"Price":"&euro;149.00","Availability":"In stock"},"schema":{"@context":"https:\/\/schema.org","@graph":[{"@type":"WebPage","@id":"https:\/\/mmkriepas.lv\/en\/p\/255-50r20-sailun-ice-blazer-wst3-109t-xl-ar-radzem-dot24\/","url":"https:\/\/mmkriepas.lv\/en\/p\/255-50r20-sailun-ice-blazer-wst3-109t-xl-ar-radzem-dot24\/","name":"255\/50R20 Sailun Ice Blazer WST3 109T XL ar radz\u0113m &#8226; MMK Riepas","isPartOf":{"@id":"https:\/\/mmkriepas.lv\/en\/#website"},"primaryImageOfPage":{"@id":"https:\/\/mmkriepas.lv\/en\/p\/255-50r20-sailun-ice-blazer-wst3-109t-xl-ar-radzem-dot24\/#primaryimage"},"image":{"@id":"https:\/\/mmkriepas.lv\/en\/p\/255-50r20-sailun-ice-blazer-wst3-109t-xl-ar-radzem-dot24\/#primaryimage"},"thumbnailUrl":"https:\/\/mmkriepas.lv\/wp-content\/uploads\/2022\/08\/17565r14-sailun-ice-blazer-wst3-86t-ar-radzem-ziemas-riepas-ziemas-ar-radzem-riepas.jpg","datePublished":"2025-09-30T08:14:49+00:00","dateModified":"2026-03-30T12:24:12+00:00","breadcrumb":{"@id":"https:\/\/mmkriepas.lv\/en\/p\/255-50r20-sailun-ice-blazer-wst3-109t-xl-ar-radzem-dot24\/#breadcrumb"},"inLanguage":"en-US","potentialAction":[{"@type":"ReadAction","target":["https:\/\/mmkriepas.lv\/en\/p\/255-50r20-sailun-ice-blazer-wst3-109t-xl-ar-radzem-dot24\/"]}]},{"@type":"ImageObject","inLanguage":"en-US","@id":"https:\/\/mmkriepas.lv\/en\/p\/255-50r20-sailun-ice-blazer-wst3-109t-xl-ar-radzem-dot24\/#primaryimage","url":"https:\/\/mmkriepas.lv\/wp-content\/uploads\/2022\/08\/17565r14-sailun-ice-blazer-wst3-86t-ar-radzem-ziemas-riepas-ziemas-ar-radzem-riepas.jpg","contentUrl":"https:\/\/mmkriepas.lv\/wp-content\/uploads\/2022\/08\/17565r14-sailun-ice-blazer-wst3-86t-ar-radzem-ziemas-riepas-ziemas-ar-radzem-riepas.jpg","width":1920,"height":1278,"caption":"Sailun Ice Blazer WST3 studded"},{"@type":"BreadcrumbList","@id":"https:\/\/mmkriepas.lv\/en\/p\/255-50r20-sailun-ice-blazer-wst3-109t-xl-ar-radzem-dot24\/#breadcrumb","itemListElement":[{"@type":"ListItem","position":1,"name":"S\u0101kums","item":"https:\/\/mmkriepas.lv\/en\/"},{"@type":"ListItem","position":2,"name":"255\/50R20 Sailun Ice Blazer WST3 109T XL ar radz\u0113m"}]},{"@type":"WebSite","@id":"https:\/\/mmkriepas.lv\/en\/#website","url":"https:\/\/mmkriepas.lv\/en\/","name":"MMK Riepas","description":"MMK Riepas","alternateName":"MMK Riepu Serviss","potentialAction":[{"@type":"SearchAction","target":{"@type":"EntryPoint","urlTemplate":"https:\/\/mmkriepas.lv\/en\/?s={search_term_string}"},"query-input":{"@type":"PropertyValueSpecification","valueRequired":true,"valueName":"search_term_string"}}],"inLanguage":"en-US"},{"@type":"ImageObject","inLanguage":"en-US","@id":"https:\/\/mmkriepas.lv\/en\/p\/255-50r20-sailun-ice-blazer-wst3-109t-xl-ar-radzem-dot24\/#local-main-organization-logo","url":"","contentUrl":"","caption":"MMK Riepas"}]},"product_brand":"Sailun Ice Blazer WST3","product_price_amount":"149.00","product_price_currency":"EUR","og_availability":"instock","product_availability":"instock","product_retailer_item_id":"TR2555020Sailu-E52359","product_condition":"new"},"_links":{"self":[{"href":"https:\/\/mmkriepas.lv\/en\/wp-json\/wp\/v2\/product\/1344928","targetHints":{"allow":["GET"]}}],"collection":[{"href":"https:\/\/mmkriepas.lv\/en\/wp-json\/wp\/v2\/product"}],"about":[{"href":"https:\/\/mmkriepas.lv\/en\/wp-json\/wp\/v2\/types\/product"}],"wp:featuredmedia":[{"embeddable":true,"href":"https:\/\/mmkriepas.lv\/en\/wp-json\/wp\/v2\/media\/305222"}],"wp:attachment":[{"href":"https:\/\/mmkriepas.lv\/en\/wp-json\/wp\/v2\/media?parent=1344928"}],"wp:term":[{"taxonomy":"product_brand","embeddable":true,"href":"https:\/\/mmkriepas.lv\/en\/wp-json\/wp\/v2\/product_brand?post=1344928"},{"taxonomy":"product_cat","embeddable":true,"href":"https:\/\/mmkriepas.lv\/en\/wp-json\/wp\/v2\/product_cat?post=1344928"},{"taxonomy":"product_tag","embeddable":true,"href":"https:\/\/mmkriepas.lv\/en\/wp-json\/wp\/v2\/product_tag?post=1344928"}],"curies":[{"name":"wp","href":"https:\/\/api.w.org\/{rel}","templated":true}]}}