{"id":134268,"date":"2020-08-07T12:24:48","date_gmt":"2020-08-07T09:24:48","guid":{"rendered":"https:\/\/mmkserviss.lv\/?post_type=product&#038;p=134268"},"modified":"2023-02-21T14:40:12","modified_gmt":"2023-02-21T12:40:12","slug":"215-55r18-nokian-wr-suv-3-99v-xl","status":"publish","type":"product","link":"https:\/\/mmkriepas.lv\/en\/p\/215-55r18-nokian-wr-suv-3-99v-xl\/","title":{"rendered":"215\/55R18 Nokian WR SUV 3 99V XL"},"content":{"rendered":"<p><strong><span style=\"font-family: 'Arial',sans-serif;\">Nokian WR SUV 3<\/span><\/strong><span style=\"font-family: 'Arial',sans-serif;\"> ir inovat\u012bva riepa, kas paredz\u0113ta krosoveriem un apvidus auto, brauk\u0161anai ziemas apst\u0101k\u013cos, kur temperat\u016bra bie\u017ei sv\u0101rst\u0101s ap 0\u00baC. \u0160ai riepai ir unik\u0101ls protektora raksts ar plat\u0101m dren\u0101\u017eas riev\u0101m, kas at\u013cauj p\u0101rvietoties \u012bpa\u0161i mitros apst\u0101k\u013cos un samazin\u0101t akvaplan\u0113\u0161anas risku.<o:p><\/o:p><\/span><\/p>\n<h3><span style=\"font-family: 'Arial',sans-serif;\">WR SUV 3 galven\u0101s iez\u012bmes<o:p><\/o:p><\/span><\/h3>\n<p><span style=\"font-family: 'Arial',sans-serif;\">+ Inovat\u012bvi risin\u0101jumi, kas pilnveido riepas veiktsp\u0113ju ziemas apst\u0101k\u013cos <o:p><\/o:p><\/span><\/p>\n<p><span style=\"font-family: 'Arial',sans-serif;\">+ Cieta centr\u0101l\u0101 protektora riba, kas pal\u012bdz saglab\u0101t stabilit\u0101ti un manevr\u0113tsp\u0113ju lielos p\u0101rvieto\u0161an\u0101s \u0101trumos. <o:p><\/o:p><\/span><\/p>\n<p><span style=\"font-family: 'Arial',sans-serif;\">+ Platas dren\u0101\u017eas rievas, kas izcili tiek gal\u0101 ar \u016bdens un sniega novadi. <o:p><\/o:p><\/span><\/p>\n<p><span style=\"font-family: 'Arial',sans-serif;\">+ 3D lameles, kas palielina sa\u0137eri ar sliden\u0101m virsm\u0101m. <o:p><\/o:p><\/span><\/p>\n<p><span style=\"font-family: 'Arial',sans-serif;\">+ Riepas gumijas mais\u012bjums, kur\u0101 izmantotas inov\u0101cijas, kas \u013cauj riepai saglab\u0101t elast\u012bgumu zem\u0101s temperat\u016br\u0101s.<o:p><\/o:p><\/span><\/p>\n<h3><span style=\"font-family: 'Arial',sans-serif;\">WR SUV 3 protektors<o:p><\/o:p><\/span><\/h3>\n<p><strong><span style=\"font-family: 'Arial',sans-serif;\">Nokian WR SUV 3<\/span><\/strong><span style=\"font-family: 'Arial',sans-serif;\"> protektora raksts ir virz\u012bts un simetrisks, turkl\u0101t ar plat\u0101m dren\u0101\u017eas riev\u0101m, kas izcili novada \u016bdeni un sniegu. Protektora bloku s\u0101nos iestr\u0101d\u0101ti sniega nagi, kas palielina sa\u0137eri ar sniegu. Uz riepas atrodams indikators, pateicoties kuram var viegli noteikt riepas protektora atlikumu.\u00a0 Visu \u0161o \u012bpa\u0161\u012bbu salikumus padara <strong>WR SUV 3<\/strong> par izcilu izv\u0113li krosoveru un apvidus auto \u012bpa\u0161niekiem. <strong>WR SUV 3<\/strong> izgatavo\u0161an\u0101 izmantota virkne inov\u0101ciju, kas pilnveido riepas veiktsp\u0113ju visos aspektos. Jau iepriek\u0161 min\u0113tais unik\u0101lais protektora raksts, kas veidots no gumijas, kuras sast\u0101v\u0101 izmantoti ne tikai elestrom\u0113ri un dab\u012bgais kau\u010duks, bet ar\u012b rap\u0161u e\u013c\u013ca, kura uzlabo riepas iztur\u012bbu un sa\u0137eri snieg\u0101 un uz ledus.<o:p><\/o:p><\/span><\/p>\n<p><b><span style=\"font-family: 'Arial',sans-serif;\">Nokian WR SUV 3 <\/span><\/b><span style=\"font-family: 'Arial',sans-serif;\">mode\u013ca lieto\u0161anas dro\u0161\u012bbu ziemas laika apst\u0101k\u013cos un t\u0101 atbilst\u012bbu valst\u012bm ar oblig\u0101tu sezon\u0101lo riepu mai\u0146u apstiprina mar\u0137\u0113jums sniegp\u0101rslas form\u0101 uz kalna fona ar trim virsotn\u0113m (3PMSF).<o:p><\/o:p><\/span><\/p>\n","protected":false},"excerpt":{"rendered":"<p><strong><span style=\"font-family: 'Arial',sans-serif;\">Nokian WR SUV 3<\/span><\/strong><span style=\"font-family: 'Arial',sans-serif;\"> ir inovat\u012bva riepa, kas paredz\u0113ta krosoveriem un apvidus auto, brauk\u0161anai ziemas apst\u0101k\u013cos, kur temperat\u016bra bie\u017ei sv\u0101rst\u0101s ap 0\u00baC. \u0160ai riepai ir unik\u0101ls protektora raksts ar plat\u0101m dren\u0101\u017eas riev\u0101m, kas at\u013cauj p\u0101rvietoties \u012bpa\u0161i mitros apst\u0101k\u013cos un samazin\u0101t akvaplan\u0113\u0161anas risku.<o:p><\/o:p><\/span><\/p>\n","protected":false},"featured_media":158898,"template":"","meta":{"_acf_changed":false,"ngg_post_thumbnail":0},"product_brand":[],"product_cat":[47,45],"product_tag":[],"class_list":{"0":"post-134268","1":"product","2":"type-product","3":"status-publish","4":"has-post-thumbnail","6":"product_cat-vissezonas-riepas","7":"product_cat-ziemas-riepas","9":"first","10":"instock","11":"sale","12":"taxable","13":"shipping-taxable","14":"product-type-simple"},"acf":[],"yoast_head":"<!-- This site is optimized with the Yoast SEO Premium plugin v22.6 (Yoast SEO v27.3) - https:\/\/yoast.com\/product\/yoast-seo-premium-wordpress\/ -->\n<title>215\/55R18 Nokian WR SUV 3 99V XL &#8226; MMK Riepas<\/title>\n<meta name=\"description\" content=\"Izcilais Somu riepu ra\u017e\u014dt\u0101js Nokian pied\u0101v\u0101 ziemas modeli tie\u0161i apvidus auto - WR SUV 3! Abos MMK Riepu centros R\u012bg\u0101 pla\u0161\u0101k\u0101 Nokian ziemas riepu izv\u0113le!\" \/>\n<meta name=\"robots\" content=\"index, follow, max-snippet:-1, max-image-preview:large, max-video-preview:-1\" \/>\n<link rel=\"canonical\" href=\"https:\/\/mmkriepas.lv\/en\/p\/215-55r18-nokian-wr-suv-3-99v-xl\/\" \/>\n<meta property=\"og:locale\" content=\"en_US\" \/>\n<meta property=\"og:type\" content=\"article\" \/>\n<meta property=\"og:title\" content=\"215\/55R18 Nokian WR SUV 3 99V XL\" \/>\n<meta property=\"og:description\" content=\"Izcilais Somu riepu ra\u017e\u014dt\u0101js Nokian pied\u0101v\u0101 ziemas modeli tie\u0161i apvidus auto - WR SUV 3! Abos MMK Riepu centros R\u012bg\u0101 pla\u0161\u0101k\u0101 Nokian ziemas riepu izv\u0113le!\" \/>\n<meta property=\"og:url\" content=\"https:\/\/mmkriepas.lv\/en\/p\/215-55r18-nokian-wr-suv-3-99v-xl\/\" \/>\n<meta property=\"og:site_name\" content=\"MMK Riepas\" \/>\n<meta property=\"article:publisher\" content=\"https:\/\/www.facebook.com\/mmkserviss\/\" \/>\n<meta property=\"article:modified_time\" content=\"2023-02-21T12:40:12+00:00\" \/>\n<meta property=\"og:image\" content=\"https:\/\/mmkriepas.lv\/wp-content\/uploads\/2020\/10\/23550r18-nokian-wr-suv-3-101v-xl-ziemas-riepas.jpg\" \/>\n\t<meta property=\"og:image:width\" content=\"1920\" \/>\n\t<meta property=\"og:image:height\" content=\"1278\" \/>\n\t<meta property=\"og:image:type\" content=\"image\/jpeg\" \/>\n<meta name=\"twitter:card\" content=\"summary_large_image\" \/>\n<meta name=\"twitter:label1\" content=\"Price\" \/>\n\t<meta name=\"twitter:data1\" content=\"&euro;148.00\" \/>\n\t<meta name=\"twitter:label2\" content=\"Availability\" \/>\n\t<meta name=\"twitter:data2\" content=\"In stock\" \/>\n<script type=\"application\/ld+json\" class=\"yoast-schema-graph\">{\"@context\":\"https:\\\/\\\/schema.org\",\"@graph\":[{\"@type\":\"WebPage\",\"@id\":\"https:\\\/\\\/mmkriepas.lv\\\/en\\\/p\\\/215-55r18-nokian-wr-suv-3-99v-xl\\\/\",\"url\":\"https:\\\/\\\/mmkriepas.lv\\\/en\\\/p\\\/215-55r18-nokian-wr-suv-3-99v-xl\\\/\",\"name\":\"215\\\/55R18 Nokian WR SUV 3 99V XL &#8226; MMK Riepas\",\"isPartOf\":{\"@id\":\"https:\\\/\\\/mmkriepas.lv\\\/en\\\/#website\"},\"primaryImageOfPage\":{\"@id\":\"https:\\\/\\\/mmkriepas.lv\\\/en\\\/p\\\/215-55r18-nokian-wr-suv-3-99v-xl\\\/#primaryimage\"},\"image\":{\"@id\":\"https:\\\/\\\/mmkriepas.lv\\\/en\\\/p\\\/215-55r18-nokian-wr-suv-3-99v-xl\\\/#primaryimage\"},\"thumbnailUrl\":\"https:\\\/\\\/mmkriepas.lv\\\/wp-content\\\/uploads\\\/2020\\\/10\\\/23550r18-nokian-wr-suv-3-101v-xl-ziemas-riepas.jpg\",\"datePublished\":\"2020-08-07T09:24:48+00:00\",\"dateModified\":\"2023-02-21T12:40:12+00:00\",\"description\":\"Izcilais Somu riepu ra\u017e\u014dt\u0101js Nokian pied\u0101v\u0101 ziemas modeli tie\u0161i apvidus auto - WR SUV 3! Abos MMK Riepu centros R\u012bg\u0101 pla\u0161\u0101k\u0101 Nokian ziemas riepu izv\u0113le!\",\"breadcrumb\":{\"@id\":\"https:\\\/\\\/mmkriepas.lv\\\/en\\\/p\\\/215-55r18-nokian-wr-suv-3-99v-xl\\\/#breadcrumb\"},\"inLanguage\":\"en-US\",\"potentialAction\":[{\"@type\":\"ReadAction\",\"target\":[\"https:\\\/\\\/mmkriepas.lv\\\/en\\\/p\\\/215-55r18-nokian-wr-suv-3-99v-xl\\\/\"]}]},{\"@type\":\"ImageObject\",\"inLanguage\":\"en-US\",\"@id\":\"https:\\\/\\\/mmkriepas.lv\\\/en\\\/p\\\/215-55r18-nokian-wr-suv-3-99v-xl\\\/#primaryimage\",\"url\":\"https:\\\/\\\/mmkriepas.lv\\\/wp-content\\\/uploads\\\/2020\\\/10\\\/23550r18-nokian-wr-suv-3-101v-xl-ziemas-riepas.jpg\",\"contentUrl\":\"https:\\\/\\\/mmkriepas.lv\\\/wp-content\\\/uploads\\\/2020\\\/10\\\/23550r18-nokian-wr-suv-3-101v-xl-ziemas-riepas.jpg\",\"width\":1920,\"height\":1278,\"caption\":\"235\\\/50R18 Nokian WR SUV 3 101V XL - Vissezonas riepas \\\/ Ziemas riepas\"},{\"@type\":\"BreadcrumbList\",\"@id\":\"https:\\\/\\\/mmkriepas.lv\\\/en\\\/p\\\/215-55r18-nokian-wr-suv-3-99v-xl\\\/#breadcrumb\",\"itemListElement\":[{\"@type\":\"ListItem\",\"position\":1,\"name\":\"S\u0101kums\",\"item\":\"https:\\\/\\\/mmkriepas.lv\\\/en\\\/\"},{\"@type\":\"ListItem\",\"position\":2,\"name\":\"215\\\/55R18 Nokian WR SUV 3 99V XL\"}]},{\"@type\":\"WebSite\",\"@id\":\"https:\\\/\\\/mmkriepas.lv\\\/en\\\/#website\",\"url\":\"https:\\\/\\\/mmkriepas.lv\\\/en\\\/\",\"name\":\"MMK Riepas\",\"description\":\"MMK Riepas\",\"alternateName\":\"MMK Riepu Serviss\",\"potentialAction\":[{\"@type\":\"SearchAction\",\"target\":{\"@type\":\"EntryPoint\",\"urlTemplate\":\"https:\\\/\\\/mmkriepas.lv\\\/en\\\/?s={search_term_string}\"},\"query-input\":{\"@type\":\"PropertyValueSpecification\",\"valueRequired\":true,\"valueName\":\"search_term_string\"}}],\"inLanguage\":\"en-US\"},{\"@type\":\"ImageObject\",\"inLanguage\":\"en-US\",\"@id\":\"https:\\\/\\\/mmkriepas.lv\\\/en\\\/p\\\/215-55r18-nokian-wr-suv-3-99v-xl\\\/#local-main-organization-logo\",\"url\":\"\",\"contentUrl\":\"\",\"caption\":\"MMK Riepas\"}]}<\/script>\n<meta property=\"product:brand\" content=\"Nokian WR SUV 3\" \/>\n<meta property=\"product:price:amount\" content=\"148.00\" \/>\n<meta property=\"product:price:currency\" content=\"EUR\" \/>\n<meta property=\"og:availability\" content=\"instock\" \/>\n<meta property=\"product:availability\" content=\"instock\" \/>\n<meta property=\"product:condition\" content=\"new\" \/>\n<!-- \/ Yoast SEO Premium plugin. -->","yoast_head_json":{"title":"215\/55R18 Nokian WR SUV 3 99V XL &#8226; MMK Riepas","description":"Izcilais Somu riepu ra\u017e\u014dt\u0101js Nokian pied\u0101v\u0101 ziemas modeli tie\u0161i apvidus auto - WR SUV 3! Abos MMK Riepu centros R\u012bg\u0101 pla\u0161\u0101k\u0101 Nokian ziemas riepu izv\u0113le!","robots":{"index":"index","follow":"follow","max-snippet":"max-snippet:-1","max-image-preview":"max-image-preview:large","max-video-preview":"max-video-preview:-1"},"canonical":"https:\/\/mmkriepas.lv\/en\/p\/215-55r18-nokian-wr-suv-3-99v-xl\/","og_locale":"en_US","og_type":"article","og_title":"215\/55R18 Nokian WR SUV 3 99V XL","og_description":"Izcilais Somu riepu ra\u017e\u014dt\u0101js Nokian pied\u0101v\u0101 ziemas modeli tie\u0161i apvidus auto - WR SUV 3! Abos MMK Riepu centros R\u012bg\u0101 pla\u0161\u0101k\u0101 Nokian ziemas riepu izv\u0113le!","og_url":"https:\/\/mmkriepas.lv\/en\/p\/215-55r18-nokian-wr-suv-3-99v-xl\/","og_site_name":"MMK Riepas","article_publisher":"https:\/\/www.facebook.com\/mmkserviss\/","article_modified_time":"2023-02-21T12:40:12+00:00","og_image":[{"width":1920,"height":1278,"url":"https:\/\/mmkriepas.lv\/wp-content\/uploads\/2020\/10\/23550r18-nokian-wr-suv-3-101v-xl-ziemas-riepas.jpg","type":"image\/jpeg"}],"twitter_card":"summary_large_image","twitter_misc":{"Price":"&euro;148.00","Availability":"In stock"},"schema":{"@context":"https:\/\/schema.org","@graph":[{"@type":"WebPage","@id":"https:\/\/mmkriepas.lv\/en\/p\/215-55r18-nokian-wr-suv-3-99v-xl\/","url":"https:\/\/mmkriepas.lv\/en\/p\/215-55r18-nokian-wr-suv-3-99v-xl\/","name":"215\/55R18 Nokian WR SUV 3 99V XL &#8226; MMK Riepas","isPartOf":{"@id":"https:\/\/mmkriepas.lv\/en\/#website"},"primaryImageOfPage":{"@id":"https:\/\/mmkriepas.lv\/en\/p\/215-55r18-nokian-wr-suv-3-99v-xl\/#primaryimage"},"image":{"@id":"https:\/\/mmkriepas.lv\/en\/p\/215-55r18-nokian-wr-suv-3-99v-xl\/#primaryimage"},"thumbnailUrl":"https:\/\/mmkriepas.lv\/wp-content\/uploads\/2020\/10\/23550r18-nokian-wr-suv-3-101v-xl-ziemas-riepas.jpg","datePublished":"2020-08-07T09:24:48+00:00","dateModified":"2023-02-21T12:40:12+00:00","description":"Izcilais Somu riepu ra\u017e\u014dt\u0101js Nokian pied\u0101v\u0101 ziemas modeli tie\u0161i apvidus auto - WR SUV 3! Abos MMK Riepu centros R\u012bg\u0101 pla\u0161\u0101k\u0101 Nokian ziemas riepu izv\u0113le!","breadcrumb":{"@id":"https:\/\/mmkriepas.lv\/en\/p\/215-55r18-nokian-wr-suv-3-99v-xl\/#breadcrumb"},"inLanguage":"en-US","potentialAction":[{"@type":"ReadAction","target":["https:\/\/mmkriepas.lv\/en\/p\/215-55r18-nokian-wr-suv-3-99v-xl\/"]}]},{"@type":"ImageObject","inLanguage":"en-US","@id":"https:\/\/mmkriepas.lv\/en\/p\/215-55r18-nokian-wr-suv-3-99v-xl\/#primaryimage","url":"https:\/\/mmkriepas.lv\/wp-content\/uploads\/2020\/10\/23550r18-nokian-wr-suv-3-101v-xl-ziemas-riepas.jpg","contentUrl":"https:\/\/mmkriepas.lv\/wp-content\/uploads\/2020\/10\/23550r18-nokian-wr-suv-3-101v-xl-ziemas-riepas.jpg","width":1920,"height":1278,"caption":"235\/50R18 Nokian WR SUV 3 101V XL - Vissezonas riepas \/ Ziemas riepas"},{"@type":"BreadcrumbList","@id":"https:\/\/mmkriepas.lv\/en\/p\/215-55r18-nokian-wr-suv-3-99v-xl\/#breadcrumb","itemListElement":[{"@type":"ListItem","position":1,"name":"S\u0101kums","item":"https:\/\/mmkriepas.lv\/en\/"},{"@type":"ListItem","position":2,"name":"215\/55R18 Nokian WR SUV 3 99V XL"}]},{"@type":"WebSite","@id":"https:\/\/mmkriepas.lv\/en\/#website","url":"https:\/\/mmkriepas.lv\/en\/","name":"MMK Riepas","description":"MMK Riepas","alternateName":"MMK Riepu Serviss","potentialAction":[{"@type":"SearchAction","target":{"@type":"EntryPoint","urlTemplate":"https:\/\/mmkriepas.lv\/en\/?s={search_term_string}"},"query-input":{"@type":"PropertyValueSpecification","valueRequired":true,"valueName":"search_term_string"}}],"inLanguage":"en-US"},{"@type":"ImageObject","inLanguage":"en-US","@id":"https:\/\/mmkriepas.lv\/en\/p\/215-55r18-nokian-wr-suv-3-99v-xl\/#local-main-organization-logo","url":"","contentUrl":"","caption":"MMK Riepas"}]},"product_brand":"Nokian WR SUV 3","product_price_amount":"148.00","product_price_currency":"EUR","og_availability":"instock","product_availability":"instock","product_condition":"new"},"_links":{"self":[{"href":"https:\/\/mmkriepas.lv\/en\/wp-json\/wp\/v2\/product\/134268","targetHints":{"allow":["GET"]}}],"collection":[{"href":"https:\/\/mmkriepas.lv\/en\/wp-json\/wp\/v2\/product"}],"about":[{"href":"https:\/\/mmkriepas.lv\/en\/wp-json\/wp\/v2\/types\/product"}],"wp:featuredmedia":[{"embeddable":true,"href":"https:\/\/mmkriepas.lv\/en\/wp-json\/wp\/v2\/media\/158898"}],"wp:attachment":[{"href":"https:\/\/mmkriepas.lv\/en\/wp-json\/wp\/v2\/media?parent=134268"}],"wp:term":[{"taxonomy":"product_brand","embeddable":true,"href":"https:\/\/mmkriepas.lv\/en\/wp-json\/wp\/v2\/product_brand?post=134268"},{"taxonomy":"product_cat","embeddable":true,"href":"https:\/\/mmkriepas.lv\/en\/wp-json\/wp\/v2\/product_cat?post=134268"},{"taxonomy":"product_tag","embeddable":true,"href":"https:\/\/mmkriepas.lv\/en\/wp-json\/wp\/v2\/product_tag?post=134268"}],"curies":[{"name":"wp","href":"https:\/\/api.w.org\/{rel}","templated":true}]}}