{"id":1340717,"date":"2025-09-23T16:20:59","date_gmt":"2025-09-23T13:20:59","guid":{"rendered":"https:\/\/mmkriepas.lv\/?post_type=product&#038;p=1340717"},"modified":"2026-03-30T15:35:27","modified_gmt":"2026-03-30T12:35:27","slug":"285-70r17-roadcruza-rw777-117t","status":"publish","type":"product","link":"https:\/\/mmkriepas.lv\/en\/p\/285-70r17-roadcruza-rw777-117t\/","title":{"rendered":"285\/70R17 Roadcruza RW777 117T"},"content":{"rendered":"<p><b>Roadcruza RW777<\/b><span style=\"font-weight: 400;\"> ir ziemas riepu modelis, kas piem\u0113rots gan vielajiem auto, gan ar\u012b krosoveriem. Tas izce\u013cas ar parliecino\u0161\u0101m veiktsp\u0113jas \u012bpa\u0161\u012bb\u0101m jebk\u0101dos brauk\u0161anas apst\u0101k\u013cos, turkl\u0101t \u0161is modelis ir \u013coti nodilumiztur\u012bgs.<\/span><\/p>\n<h3><b>Roadcruza RW777 galven\u0101s iez\u012bmes<\/b><\/h3>\n<p><span style=\"font-weight: 400;\">+ Uzst\u0101d\u0101ms gan vieglajiem auto, gan krosoveriem!<\/span><\/p>\n<p><span style=\"font-weight: 400;\">+ Komfortabla, gluda un klusa gaita!<\/span><\/p>\n<p><span style=\"font-weight: 400;\">+ Degvielas ekonomija!<\/span><\/p>\n<p><span style=\"font-weight: 400;\">+ Laba veiktsp\u0113ja jebk\u0101dos brauk\u0161anas apst\u0101k\u013cos!<\/span><\/p>\n<h3><b>RW777 apr\u012bkojums<\/b><\/h3>\n<p><span style=\"font-weight: 400;\">Roadcruza RW777 ziemas riepu modelis apr\u012bkots ar asimetrisko protektora rakstu, sev\u012b apvienojot optim\u0101l\u0101k\u0101s virz\u012bt\u0101 un klasisk\u0101 stilu \u012bpa\u0161\u012bbas. Brauciens ar \u0161\u012bm riep\u0101m b\u016bs gluds, kluss, ekonomisks un komfortabls.<\/span> <span style=\"font-weight: 400;\">Asimetriski izvietotajos protektora blokos bl\u012bvi iestr\u0101d\u0101ti vair\u0101ki t\u016bksto\u0161i lame\u013cu, kuras, ar as\u0101m kant\u0113m iec\u0113rtoties led\u016b, ar slideno virsmu veido cie\u0161u sa\u0137eri.\u00a0<\/span> <span style=\"font-weight: 400;\">\u0160im riepu modelim izveidota augsti att\u012bst\u012bta dren\u0101\u017eas kan\u0101lu sist\u0113ma, kas izcili tiek gal\u0101 ar \u016bdens un sniega novadi no kontakta virsmas.<\/span><\/p>\n<p><b>Roadcruza RW777<\/b><span style=\"font-weight: 400;\"> mode\u013ca lieto\u0161anas dro\u0161\u012bbu ziemas laika apst\u0101k\u013cos un t\u0101 atbilst\u012bbu valst\u012bm ar oblig\u0101tu sezon\u0101lo riepu mai\u0146u apstiprina mar\u0137\u0113jums sniegp\u0101rslas form\u0101 uz kalna fona ar trim virsotn\u0113m (3PMSF).<\/span><\/p>\n<p><span style=\"font-weight: 400;\"><\/span><b>Roadcruza RW777-<\/b><span style=\"font-weight: 400;\"> ziemas riepa, kas gatava st\u0101ties pret\u012b bargiem apst\u0101k\u013ciem. Pieejama abos MMK Riepu Centros par vislab\u0101kaj\u0101m cen\u0101m.<\/span><\/p>\n","protected":false},"excerpt":{"rendered":"<p><b>Roadcruza RW777<\/b><span style=\"font-weight: 400;\"> ir ziemas riepu modelis, kas piem\u0113rots gan vielajiem auto, gan ar\u012b krosoveriem. Tas izce\u013cas ar parliecino\u0161\u0101m veiktsp\u0113jas \u012bpa\u0161\u012bb\u0101m jebk\u0101dos brauk\u0161anas apst\u0101k\u013cos, turkl\u0101t \u0161is modelis ir \u013coti nodilumiztur\u012bgs.<\/span><\/p>\n","protected":false},"featured_media":1340719,"template":"","meta":{"_acf_changed":false,"ngg_post_thumbnail":0},"product_brand":[],"product_cat":[47,45],"product_tag":[],"class_list":{"0":"post-1340717","1":"product","2":"type-product","3":"status-publish","4":"has-post-thumbnail","6":"product_cat-vissezonas-riepas","7":"product_cat-ziemas-riepas","9":"first","10":"instock","11":"sale","12":"taxable","13":"shipping-taxable","14":"purchasable","15":"product-type-simple"},"acf":[],"yoast_head":"<!-- This site is optimized with the Yoast SEO Premium plugin v22.6 (Yoast SEO v27.3) - https:\/\/yoast.com\/product\/yoast-seo-premium-wordpress\/ -->\n<title>285\/70R17 Roadcruza RW777 117T &#8226; MMK Riepas<\/title>\n<meta name=\"robots\" content=\"index, follow, max-snippet:-1, max-image-preview:large, max-video-preview:-1\" \/>\n<link rel=\"canonical\" href=\"https:\/\/mmkriepas.lv\/en\/p\/285-70r17-roadcruza-rw777-117t\/\" \/>\n<meta property=\"og:locale\" content=\"en_US\" \/>\n<meta property=\"og:type\" content=\"article\" \/>\n<meta property=\"og:title\" content=\"285\/70R17 Roadcruza RW777 117T\" \/>\n<meta property=\"og:description\" content=\"Roadcruza RW777 ir ziemas riepu modelis, kas piem\u0113rots gan vielajiem auto, gan ar\u012b krosoveriem. Tas izce\u013cas ar parliecino\u0161\u0101m veiktsp\u0113jas \u012bpa\u0161\u012bb\u0101m jebk\u0101dos brauk\u0161anas apst\u0101k\u013cos, turkl\u0101t \u0161is modelis ir \u013coti nodilumiztur\u012bgs.\" \/>\n<meta property=\"og:url\" content=\"https:\/\/mmkriepas.lv\/en\/p\/285-70r17-roadcruza-rw777-117t\/\" \/>\n<meta property=\"og:site_name\" content=\"MMK Riepas\" \/>\n<meta property=\"article:publisher\" content=\"https:\/\/www.facebook.com\/mmkserviss\/\" \/>\n<meta property=\"article:modified_time\" content=\"2026-03-30T12:35:27+00:00\" \/>\n<meta property=\"og:image\" content=\"https:\/\/mmkriepas.lv\/wp-content\/uploads\/2025\/09\/27555r19-roadcruza-rw777-111h-ziemas-riepas.jpg\" \/>\n\t<meta property=\"og:image:width\" content=\"800\" \/>\n\t<meta property=\"og:image:height\" content=\"800\" \/>\n\t<meta property=\"og:image:type\" content=\"image\/jpeg\" \/>\n<meta name=\"twitter:card\" content=\"summary_large_image\" \/>\n<meta name=\"twitter:label1\" content=\"Price\" \/>\n\t<meta name=\"twitter:data1\" content=\"&euro;143.00\" \/>\n\t<meta name=\"twitter:label2\" content=\"Availability\" \/>\n\t<meta name=\"twitter:data2\" content=\"In stock\" \/>\n<script type=\"application\/ld+json\" class=\"yoast-schema-graph\">{\"@context\":\"https:\\\/\\\/schema.org\",\"@graph\":[{\"@type\":\"WebPage\",\"@id\":\"https:\\\/\\\/mmkriepas.lv\\\/en\\\/p\\\/285-70r17-roadcruza-rw777-117t\\\/\",\"url\":\"https:\\\/\\\/mmkriepas.lv\\\/en\\\/p\\\/285-70r17-roadcruza-rw777-117t\\\/\",\"name\":\"285\\\/70R17 Roadcruza RW777 117T &#8226; MMK Riepas\",\"isPartOf\":{\"@id\":\"https:\\\/\\\/mmkriepas.lv\\\/en\\\/#website\"},\"primaryImageOfPage\":{\"@id\":\"https:\\\/\\\/mmkriepas.lv\\\/en\\\/p\\\/285-70r17-roadcruza-rw777-117t\\\/#primaryimage\"},\"image\":{\"@id\":\"https:\\\/\\\/mmkriepas.lv\\\/en\\\/p\\\/285-70r17-roadcruza-rw777-117t\\\/#primaryimage\"},\"thumbnailUrl\":\"https:\\\/\\\/mmkriepas.lv\\\/wp-content\\\/uploads\\\/2025\\\/09\\\/27555r19-roadcruza-rw777-111h-ziemas-riepas.jpg\",\"datePublished\":\"2025-09-23T13:20:59+00:00\",\"dateModified\":\"2026-03-30T12:35:27+00:00\",\"breadcrumb\":{\"@id\":\"https:\\\/\\\/mmkriepas.lv\\\/en\\\/p\\\/285-70r17-roadcruza-rw777-117t\\\/#breadcrumb\"},\"inLanguage\":\"en-US\",\"potentialAction\":[{\"@type\":\"ReadAction\",\"target\":[\"https:\\\/\\\/mmkriepas.lv\\\/en\\\/p\\\/285-70r17-roadcruza-rw777-117t\\\/\"]}]},{\"@type\":\"ImageObject\",\"inLanguage\":\"en-US\",\"@id\":\"https:\\\/\\\/mmkriepas.lv\\\/en\\\/p\\\/285-70r17-roadcruza-rw777-117t\\\/#primaryimage\",\"url\":\"https:\\\/\\\/mmkriepas.lv\\\/wp-content\\\/uploads\\\/2025\\\/09\\\/27555r19-roadcruza-rw777-111h-ziemas-riepas.jpg\",\"contentUrl\":\"https:\\\/\\\/mmkriepas.lv\\\/wp-content\\\/uploads\\\/2025\\\/09\\\/27555r19-roadcruza-rw777-111h-ziemas-riepas.jpg\",\"width\":800,\"height\":800,\"caption\":\"275\\\/55R19 ROADCRUZA RW777 111H - Ziemas riepas\"},{\"@type\":\"BreadcrumbList\",\"@id\":\"https:\\\/\\\/mmkriepas.lv\\\/en\\\/p\\\/285-70r17-roadcruza-rw777-117t\\\/#breadcrumb\",\"itemListElement\":[{\"@type\":\"ListItem\",\"position\":1,\"name\":\"S\u0101kums\",\"item\":\"https:\\\/\\\/mmkriepas.lv\\\/en\\\/\"},{\"@type\":\"ListItem\",\"position\":2,\"name\":\"285\\\/70R17 Roadcruza RW777 117T\"}]},{\"@type\":\"WebSite\",\"@id\":\"https:\\\/\\\/mmkriepas.lv\\\/en\\\/#website\",\"url\":\"https:\\\/\\\/mmkriepas.lv\\\/en\\\/\",\"name\":\"MMK Riepas\",\"description\":\"MMK Riepas\",\"alternateName\":\"MMK Riepu Serviss\",\"potentialAction\":[{\"@type\":\"SearchAction\",\"target\":{\"@type\":\"EntryPoint\",\"urlTemplate\":\"https:\\\/\\\/mmkriepas.lv\\\/en\\\/?s={search_term_string}\"},\"query-input\":{\"@type\":\"PropertyValueSpecification\",\"valueRequired\":true,\"valueName\":\"search_term_string\"}}],\"inLanguage\":\"en-US\"},{\"@type\":\"ImageObject\",\"inLanguage\":\"en-US\",\"@id\":\"https:\\\/\\\/mmkriepas.lv\\\/en\\\/p\\\/285-70r17-roadcruza-rw777-117t\\\/#local-main-organization-logo\",\"url\":\"\",\"contentUrl\":\"\",\"caption\":\"MMK Riepas\"}]}<\/script>\n<meta property=\"product:brand\" content=\"Roadcruza RW777\" \/>\n<meta property=\"product:price:amount\" content=\"143.00\" \/>\n<meta property=\"product:price:currency\" content=\"EUR\" \/>\n<meta property=\"og:availability\" content=\"instock\" \/>\n<meta property=\"product:availability\" content=\"instock\" \/>\n<meta property=\"product:retailer_item_id\" content=\"TW2857017ROADC-L52048\" \/>\n<meta property=\"product:condition\" content=\"new\" \/>\n<!-- \/ Yoast SEO Premium plugin. -->","yoast_head_json":{"title":"285\/70R17 Roadcruza RW777 117T &#8226; MMK Riepas","robots":{"index":"index","follow":"follow","max-snippet":"max-snippet:-1","max-image-preview":"max-image-preview:large","max-video-preview":"max-video-preview:-1"},"canonical":"https:\/\/mmkriepas.lv\/en\/p\/285-70r17-roadcruza-rw777-117t\/","og_locale":"en_US","og_type":"article","og_title":"285\/70R17 Roadcruza RW777 117T","og_description":"Roadcruza RW777 ir ziemas riepu modelis, kas piem\u0113rots gan vielajiem auto, gan ar\u012b krosoveriem. Tas izce\u013cas ar parliecino\u0161\u0101m veiktsp\u0113jas \u012bpa\u0161\u012bb\u0101m jebk\u0101dos brauk\u0161anas apst\u0101k\u013cos, turkl\u0101t \u0161is modelis ir \u013coti nodilumiztur\u012bgs.","og_url":"https:\/\/mmkriepas.lv\/en\/p\/285-70r17-roadcruza-rw777-117t\/","og_site_name":"MMK Riepas","article_publisher":"https:\/\/www.facebook.com\/mmkserviss\/","article_modified_time":"2026-03-30T12:35:27+00:00","og_image":[{"width":800,"height":800,"url":"https:\/\/mmkriepas.lv\/wp-content\/uploads\/2025\/09\/27555r19-roadcruza-rw777-111h-ziemas-riepas.jpg","type":"image\/jpeg"}],"twitter_card":"summary_large_image","twitter_misc":{"Price":"&euro;143.00","Availability":"In stock"},"schema":{"@context":"https:\/\/schema.org","@graph":[{"@type":"WebPage","@id":"https:\/\/mmkriepas.lv\/en\/p\/285-70r17-roadcruza-rw777-117t\/","url":"https:\/\/mmkriepas.lv\/en\/p\/285-70r17-roadcruza-rw777-117t\/","name":"285\/70R17 Roadcruza RW777 117T &#8226; MMK Riepas","isPartOf":{"@id":"https:\/\/mmkriepas.lv\/en\/#website"},"primaryImageOfPage":{"@id":"https:\/\/mmkriepas.lv\/en\/p\/285-70r17-roadcruza-rw777-117t\/#primaryimage"},"image":{"@id":"https:\/\/mmkriepas.lv\/en\/p\/285-70r17-roadcruza-rw777-117t\/#primaryimage"},"thumbnailUrl":"https:\/\/mmkriepas.lv\/wp-content\/uploads\/2025\/09\/27555r19-roadcruza-rw777-111h-ziemas-riepas.jpg","datePublished":"2025-09-23T13:20:59+00:00","dateModified":"2026-03-30T12:35:27+00:00","breadcrumb":{"@id":"https:\/\/mmkriepas.lv\/en\/p\/285-70r17-roadcruza-rw777-117t\/#breadcrumb"},"inLanguage":"en-US","potentialAction":[{"@type":"ReadAction","target":["https:\/\/mmkriepas.lv\/en\/p\/285-70r17-roadcruza-rw777-117t\/"]}]},{"@type":"ImageObject","inLanguage":"en-US","@id":"https:\/\/mmkriepas.lv\/en\/p\/285-70r17-roadcruza-rw777-117t\/#primaryimage","url":"https:\/\/mmkriepas.lv\/wp-content\/uploads\/2025\/09\/27555r19-roadcruza-rw777-111h-ziemas-riepas.jpg","contentUrl":"https:\/\/mmkriepas.lv\/wp-content\/uploads\/2025\/09\/27555r19-roadcruza-rw777-111h-ziemas-riepas.jpg","width":800,"height":800,"caption":"275\/55R19 ROADCRUZA RW777 111H - Ziemas riepas"},{"@type":"BreadcrumbList","@id":"https:\/\/mmkriepas.lv\/en\/p\/285-70r17-roadcruza-rw777-117t\/#breadcrumb","itemListElement":[{"@type":"ListItem","position":1,"name":"S\u0101kums","item":"https:\/\/mmkriepas.lv\/en\/"},{"@type":"ListItem","position":2,"name":"285\/70R17 Roadcruza RW777 117T"}]},{"@type":"WebSite","@id":"https:\/\/mmkriepas.lv\/en\/#website","url":"https:\/\/mmkriepas.lv\/en\/","name":"MMK Riepas","description":"MMK Riepas","alternateName":"MMK Riepu Serviss","potentialAction":[{"@type":"SearchAction","target":{"@type":"EntryPoint","urlTemplate":"https:\/\/mmkriepas.lv\/en\/?s={search_term_string}"},"query-input":{"@type":"PropertyValueSpecification","valueRequired":true,"valueName":"search_term_string"}}],"inLanguage":"en-US"},{"@type":"ImageObject","inLanguage":"en-US","@id":"https:\/\/mmkriepas.lv\/en\/p\/285-70r17-roadcruza-rw777-117t\/#local-main-organization-logo","url":"","contentUrl":"","caption":"MMK Riepas"}]},"product_brand":"Roadcruza RW777","product_price_amount":"143.00","product_price_currency":"EUR","og_availability":"instock","product_availability":"instock","product_retailer_item_id":"TW2857017ROADC-L52048","product_condition":"new"},"_links":{"self":[{"href":"https:\/\/mmkriepas.lv\/en\/wp-json\/wp\/v2\/product\/1340717","targetHints":{"allow":["GET"]}}],"collection":[{"href":"https:\/\/mmkriepas.lv\/en\/wp-json\/wp\/v2\/product"}],"about":[{"href":"https:\/\/mmkriepas.lv\/en\/wp-json\/wp\/v2\/types\/product"}],"wp:featuredmedia":[{"embeddable":true,"href":"https:\/\/mmkriepas.lv\/en\/wp-json\/wp\/v2\/media\/1340719"}],"wp:attachment":[{"href":"https:\/\/mmkriepas.lv\/en\/wp-json\/wp\/v2\/media?parent=1340717"}],"wp:term":[{"taxonomy":"product_brand","embeddable":true,"href":"https:\/\/mmkriepas.lv\/en\/wp-json\/wp\/v2\/product_brand?post=1340717"},{"taxonomy":"product_cat","embeddable":true,"href":"https:\/\/mmkriepas.lv\/en\/wp-json\/wp\/v2\/product_cat?post=1340717"},{"taxonomy":"product_tag","embeddable":true,"href":"https:\/\/mmkriepas.lv\/en\/wp-json\/wp\/v2\/product_tag?post=1340717"}],"curies":[{"name":"wp","href":"https:\/\/api.w.org\/{rel}","templated":true}]}}