{"id":1339111,"date":"2025-09-19T12:25:25","date_gmt":"2025-09-19T09:25:25","guid":{"rendered":"https:\/\/mmkriepas.lv\/?post_type=product&#038;p=1339111"},"modified":"2026-03-28T00:09:41","modified_gmt":"2026-03-27T22:09:41","slug":"235-55r17-trazano-zupersnow-z-507-103v-xl","status":"publish","type":"product","link":"https:\/\/mmkriepas.lv\/en\/p\/235-55r17-trazano-zupersnow-z-507-103v-xl\/","title":{"rendered":"235\/55R17 Trazano ZuperSnow Z-507 103V XL"},"content":{"rendered":"<p><strong>Trazano <\/strong><strong>ZuperSnow <\/strong><strong>Z507\u00a0<\/strong>ir ziemas riepa, kas \u012bpa\u0161i izgatavota Eiropas tirgum. T\u0101 apr\u012bkota ar asimetrisko protektora rakstu, kas sp\u0113s piel\u0101goties ne tikai ziemas apst\u0101k\u013ciem, bet ar\u012b sausam vai slapjam asfaltam, taj\u0101 pa\u0161\u0101 laik\u0101 nezaud\u0113jot komforta l\u012bmeni.\u00a0<\/p>\n<h3>ZuperSnow Z507 galven\u0101s iez\u012bmes<\/h3>\n<p>+ Tie\u0161i m\u016bsu klimatam izgatavotas riepas!<\/p>\n<p>+ Izcila sa\u0137ere visda\u017e\u0101d\u0101kajos apst\u0101k\u013cos!<\/p>\n<p>+ Komfortabls un kluss brauciems!<\/p>\n<p>+ Augsts dro\u0161\u012bbas l\u012bmenis!<\/p>\n<p>+ Ide\u0101las brauk\u0161anai pils\u0113tas apst\u0101k\u013cos!<\/p>\n<h2><strong>ZuperSnow Z507 protektors<\/strong><\/h2>\n<p><strong>Trazano ZuperSnow<\/strong><strong> Z507<\/strong> asimetriskais protektora raksts nodro\u0161ina augstu veiktsp\u0113ju visda\u017e\u0101d\u0101kajos apst\u0101k\u013cos, tas lieliski novada sniegu un \u016bdeni, turkl\u0101t saglab\u0101 komfortu un zemu trok\u0161\u0146u l\u012bmeni. Zig-zag veida lameles uzlabo sa\u0137eri ar ce\u013cu un sa\u012bsina bremz\u0113\u0161an\u0101s ce\u013cu snieg\u0101.<\/p>\n<p><strong>Trazano <\/strong><strong>ZuperSnow <\/strong><strong>Z507<\/strong> ir Eiropas klimatam piem\u0113rota ziemas riepa, kas b\u016bs ide\u0101la brauk\u0161anai pa pils\u0113tu un nezaud\u0113s savas sp\u0113jas ar\u012b izbraucot \u0101rpus t\u0101s.<\/p>\n","protected":false},"excerpt":{"rendered":"<p><strong>Trazano <\/strong><strong>ZuperSnow <\/strong><strong>Z507\u00a0<\/strong>ir ziemas riepa, kas \u012bpa\u0161i izgatavota Eiropas tirgum. T\u0101 apr\u012bkota ar asimetrisko protektora rakstu, kas sp\u0113s piel\u0101goties ne tikai ziemas apst\u0101k\u013ciem, bet ar\u012b sausam vai slapjam asfaltam, taj\u0101 pa\u0161\u0101 laik\u0101 nezaud\u0113jot komforta l\u012bmeni.\u00a0<\/p>\n","protected":false},"featured_media":862430,"template":"","meta":{"_acf_changed":false,"ngg_post_thumbnail":0},"product_brand":[],"product_cat":[47,45],"product_tag":[],"class_list":{"0":"post-1339111","1":"product","2":"type-product","3":"status-publish","4":"has-post-thumbnail","6":"product_cat-vissezonas-riepas","7":"product_cat-ziemas-riepas","9":"first","10":"instock","11":"sale","12":"taxable","13":"shipping-taxable","14":"purchasable","15":"product-type-simple"},"acf":[],"yoast_head":"<!-- This site is optimized with the Yoast SEO Premium plugin v22.6 (Yoast SEO v27.3) - https:\/\/yoast.com\/product\/yoast-seo-premium-wordpress\/ -->\n<title>235\/55R17 Trazano ZuperSnow Z-507 103V XL &#8226; MMK Riepas<\/title>\n<meta name=\"robots\" content=\"index, follow, max-snippet:-1, max-image-preview:large, max-video-preview:-1\" \/>\n<link rel=\"canonical\" href=\"https:\/\/mmkriepas.lv\/en\/p\/235-55r17-trazano-zupersnow-z-507-103v-xl\/\" \/>\n<meta property=\"og:locale\" content=\"en_US\" \/>\n<meta property=\"og:type\" content=\"article\" \/>\n<meta property=\"og:title\" content=\"235\/55R17 Trazano ZuperSnow Z-507 103V XL\" \/>\n<meta property=\"og:description\" content=\"Trazano ZuperSnow Z507\u00a0ir ziemas riepa, kas \u012bpa\u0161i izgatavota Eiropas tirgum. T\u0101 apr\u012bkota ar asimetrisko protektora rakstu, kas sp\u0113s piel\u0101goties ne tikai ziemas apst\u0101k\u013ciem, bet ar\u012b sausam vai slapjam asfaltam, taj\u0101 pa\u0161\u0101 laik\u0101 nezaud\u0113jot komforta l\u012bmeni.\u00a0\" \/>\n<meta property=\"og:url\" content=\"https:\/\/mmkriepas.lv\/en\/p\/235-55r17-trazano-zupersnow-z-507-103v-xl\/\" \/>\n<meta property=\"og:site_name\" content=\"MMK Riepas\" \/>\n<meta property=\"article:publisher\" content=\"https:\/\/www.facebook.com\/mmkserviss\/\" \/>\n<meta property=\"article:modified_time\" content=\"2026-03-27T22:09:41+00:00\" \/>\n<meta property=\"og:image\" content=\"https:\/\/mmkriepas.lv\/wp-content\/uploads\/2024\/02\/22555r17-trazano-zupersnow-z-507-101v-ziemas-riepas.jpg\" \/>\n\t<meta property=\"og:image:width\" content=\"1600\" \/>\n\t<meta property=\"og:image:height\" content=\"1200\" \/>\n\t<meta property=\"og:image:type\" content=\"image\/jpeg\" \/>\n<meta name=\"twitter:card\" content=\"summary_large_image\" \/>\n<meta name=\"twitter:label1\" content=\"Price\" \/>\n\t<meta name=\"twitter:data1\" content=\"&euro;67.00\" \/>\n\t<meta name=\"twitter:label2\" content=\"Availability\" \/>\n\t<meta name=\"twitter:data2\" content=\"In stock\" \/>\n<script type=\"application\/ld+json\" class=\"yoast-schema-graph\">{\"@context\":\"https:\\\/\\\/schema.org\",\"@graph\":[{\"@type\":\"WebPage\",\"@id\":\"https:\\\/\\\/mmkriepas.lv\\\/en\\\/p\\\/235-55r17-trazano-zupersnow-z-507-103v-xl\\\/\",\"url\":\"https:\\\/\\\/mmkriepas.lv\\\/en\\\/p\\\/235-55r17-trazano-zupersnow-z-507-103v-xl\\\/\",\"name\":\"235\\\/55R17 Trazano ZuperSnow Z-507 103V XL &#8226; MMK Riepas\",\"isPartOf\":{\"@id\":\"https:\\\/\\\/mmkriepas.lv\\\/en\\\/#website\"},\"primaryImageOfPage\":{\"@id\":\"https:\\\/\\\/mmkriepas.lv\\\/en\\\/p\\\/235-55r17-trazano-zupersnow-z-507-103v-xl\\\/#primaryimage\"},\"image\":{\"@id\":\"https:\\\/\\\/mmkriepas.lv\\\/en\\\/p\\\/235-55r17-trazano-zupersnow-z-507-103v-xl\\\/#primaryimage\"},\"thumbnailUrl\":\"https:\\\/\\\/mmkriepas.lv\\\/wp-content\\\/uploads\\\/2024\\\/02\\\/22555r17-trazano-zupersnow-z-507-101v-ziemas-riepas.jpg\",\"datePublished\":\"2025-09-19T09:25:25+00:00\",\"dateModified\":\"2026-03-27T22:09:41+00:00\",\"breadcrumb\":{\"@id\":\"https:\\\/\\\/mmkriepas.lv\\\/en\\\/p\\\/235-55r17-trazano-zupersnow-z-507-103v-xl\\\/#breadcrumb\"},\"inLanguage\":\"en-US\",\"potentialAction\":[{\"@type\":\"ReadAction\",\"target\":[\"https:\\\/\\\/mmkriepas.lv\\\/en\\\/p\\\/235-55r17-trazano-zupersnow-z-507-103v-xl\\\/\"]}]},{\"@type\":\"ImageObject\",\"inLanguage\":\"en-US\",\"@id\":\"https:\\\/\\\/mmkriepas.lv\\\/en\\\/p\\\/235-55r17-trazano-zupersnow-z-507-103v-xl\\\/#primaryimage\",\"url\":\"https:\\\/\\\/mmkriepas.lv\\\/wp-content\\\/uploads\\\/2024\\\/02\\\/22555r17-trazano-zupersnow-z-507-101v-ziemas-riepas.jpg\",\"contentUrl\":\"https:\\\/\\\/mmkriepas.lv\\\/wp-content\\\/uploads\\\/2024\\\/02\\\/22555r17-trazano-zupersnow-z-507-101v-ziemas-riepas.jpg\",\"width\":1600,\"height\":1200,\"caption\":\"225\\\/55R17 Trazano ZuperSnow Z-507 101V - Vissezonas riepas \\\/ Ziemas riepas\"},{\"@type\":\"BreadcrumbList\",\"@id\":\"https:\\\/\\\/mmkriepas.lv\\\/en\\\/p\\\/235-55r17-trazano-zupersnow-z-507-103v-xl\\\/#breadcrumb\",\"itemListElement\":[{\"@type\":\"ListItem\",\"position\":1,\"name\":\"S\u0101kums\",\"item\":\"https:\\\/\\\/mmkriepas.lv\\\/en\\\/\"},{\"@type\":\"ListItem\",\"position\":2,\"name\":\"235\\\/55R17 Trazano ZuperSnow Z-507 103V XL\"}]},{\"@type\":\"WebSite\",\"@id\":\"https:\\\/\\\/mmkriepas.lv\\\/en\\\/#website\",\"url\":\"https:\\\/\\\/mmkriepas.lv\\\/en\\\/\",\"name\":\"MMK Riepas\",\"description\":\"MMK Riepas\",\"alternateName\":\"MMK Riepu Serviss\",\"potentialAction\":[{\"@type\":\"SearchAction\",\"target\":{\"@type\":\"EntryPoint\",\"urlTemplate\":\"https:\\\/\\\/mmkriepas.lv\\\/en\\\/?s={search_term_string}\"},\"query-input\":{\"@type\":\"PropertyValueSpecification\",\"valueRequired\":true,\"valueName\":\"search_term_string\"}}],\"inLanguage\":\"en-US\"},{\"@type\":\"ImageObject\",\"inLanguage\":\"en-US\",\"@id\":\"https:\\\/\\\/mmkriepas.lv\\\/en\\\/p\\\/235-55r17-trazano-zupersnow-z-507-103v-xl\\\/#local-main-organization-logo\",\"url\":\"\",\"contentUrl\":\"\",\"caption\":\"MMK Riepas\"}]}<\/script>\n<meta property=\"product:brand\" content=\"Trazano ZuperSnow Z-507\" \/>\n<meta property=\"product:price:amount\" content=\"67.00\" \/>\n<meta property=\"product:price:currency\" content=\"EUR\" \/>\n<meta property=\"og:availability\" content=\"instock\" \/>\n<meta property=\"product:availability\" content=\"instock\" \/>\n<meta property=\"product:retailer_item_id\" content=\"TW2355517TRAZA-52025\" \/>\n<meta property=\"product:condition\" content=\"new\" \/>\n<!-- \/ Yoast SEO Premium plugin. -->","yoast_head_json":{"title":"235\/55R17 Trazano ZuperSnow Z-507 103V XL &#8226; MMK Riepas","robots":{"index":"index","follow":"follow","max-snippet":"max-snippet:-1","max-image-preview":"max-image-preview:large","max-video-preview":"max-video-preview:-1"},"canonical":"https:\/\/mmkriepas.lv\/en\/p\/235-55r17-trazano-zupersnow-z-507-103v-xl\/","og_locale":"en_US","og_type":"article","og_title":"235\/55R17 Trazano ZuperSnow Z-507 103V XL","og_description":"Trazano ZuperSnow Z507\u00a0ir ziemas riepa, kas \u012bpa\u0161i izgatavota Eiropas tirgum. T\u0101 apr\u012bkota ar asimetrisko protektora rakstu, kas sp\u0113s piel\u0101goties ne tikai ziemas apst\u0101k\u013ciem, bet ar\u012b sausam vai slapjam asfaltam, taj\u0101 pa\u0161\u0101 laik\u0101 nezaud\u0113jot komforta l\u012bmeni.\u00a0","og_url":"https:\/\/mmkriepas.lv\/en\/p\/235-55r17-trazano-zupersnow-z-507-103v-xl\/","og_site_name":"MMK Riepas","article_publisher":"https:\/\/www.facebook.com\/mmkserviss\/","article_modified_time":"2026-03-27T22:09:41+00:00","og_image":[{"width":1600,"height":1200,"url":"https:\/\/mmkriepas.lv\/wp-content\/uploads\/2024\/02\/22555r17-trazano-zupersnow-z-507-101v-ziemas-riepas.jpg","type":"image\/jpeg"}],"twitter_card":"summary_large_image","twitter_misc":{"Price":"&euro;67.00","Availability":"In stock"},"schema":{"@context":"https:\/\/schema.org","@graph":[{"@type":"WebPage","@id":"https:\/\/mmkriepas.lv\/en\/p\/235-55r17-trazano-zupersnow-z-507-103v-xl\/","url":"https:\/\/mmkriepas.lv\/en\/p\/235-55r17-trazano-zupersnow-z-507-103v-xl\/","name":"235\/55R17 Trazano ZuperSnow Z-507 103V XL &#8226; MMK Riepas","isPartOf":{"@id":"https:\/\/mmkriepas.lv\/en\/#website"},"primaryImageOfPage":{"@id":"https:\/\/mmkriepas.lv\/en\/p\/235-55r17-trazano-zupersnow-z-507-103v-xl\/#primaryimage"},"image":{"@id":"https:\/\/mmkriepas.lv\/en\/p\/235-55r17-trazano-zupersnow-z-507-103v-xl\/#primaryimage"},"thumbnailUrl":"https:\/\/mmkriepas.lv\/wp-content\/uploads\/2024\/02\/22555r17-trazano-zupersnow-z-507-101v-ziemas-riepas.jpg","datePublished":"2025-09-19T09:25:25+00:00","dateModified":"2026-03-27T22:09:41+00:00","breadcrumb":{"@id":"https:\/\/mmkriepas.lv\/en\/p\/235-55r17-trazano-zupersnow-z-507-103v-xl\/#breadcrumb"},"inLanguage":"en-US","potentialAction":[{"@type":"ReadAction","target":["https:\/\/mmkriepas.lv\/en\/p\/235-55r17-trazano-zupersnow-z-507-103v-xl\/"]}]},{"@type":"ImageObject","inLanguage":"en-US","@id":"https:\/\/mmkriepas.lv\/en\/p\/235-55r17-trazano-zupersnow-z-507-103v-xl\/#primaryimage","url":"https:\/\/mmkriepas.lv\/wp-content\/uploads\/2024\/02\/22555r17-trazano-zupersnow-z-507-101v-ziemas-riepas.jpg","contentUrl":"https:\/\/mmkriepas.lv\/wp-content\/uploads\/2024\/02\/22555r17-trazano-zupersnow-z-507-101v-ziemas-riepas.jpg","width":1600,"height":1200,"caption":"225\/55R17 Trazano ZuperSnow Z-507 101V - Vissezonas riepas \/ Ziemas riepas"},{"@type":"BreadcrumbList","@id":"https:\/\/mmkriepas.lv\/en\/p\/235-55r17-trazano-zupersnow-z-507-103v-xl\/#breadcrumb","itemListElement":[{"@type":"ListItem","position":1,"name":"S\u0101kums","item":"https:\/\/mmkriepas.lv\/en\/"},{"@type":"ListItem","position":2,"name":"235\/55R17 Trazano ZuperSnow Z-507 103V XL"}]},{"@type":"WebSite","@id":"https:\/\/mmkriepas.lv\/en\/#website","url":"https:\/\/mmkriepas.lv\/en\/","name":"MMK Riepas","description":"MMK Riepas","alternateName":"MMK Riepu Serviss","potentialAction":[{"@type":"SearchAction","target":{"@type":"EntryPoint","urlTemplate":"https:\/\/mmkriepas.lv\/en\/?s={search_term_string}"},"query-input":{"@type":"PropertyValueSpecification","valueRequired":true,"valueName":"search_term_string"}}],"inLanguage":"en-US"},{"@type":"ImageObject","inLanguage":"en-US","@id":"https:\/\/mmkriepas.lv\/en\/p\/235-55r17-trazano-zupersnow-z-507-103v-xl\/#local-main-organization-logo","url":"","contentUrl":"","caption":"MMK Riepas"}]},"product_brand":"Trazano ZuperSnow Z-507","product_price_amount":"67.00","product_price_currency":"EUR","og_availability":"instock","product_availability":"instock","product_retailer_item_id":"TW2355517TRAZA-52025","product_condition":"new"},"_links":{"self":[{"href":"https:\/\/mmkriepas.lv\/en\/wp-json\/wp\/v2\/product\/1339111","targetHints":{"allow":["GET"]}}],"collection":[{"href":"https:\/\/mmkriepas.lv\/en\/wp-json\/wp\/v2\/product"}],"about":[{"href":"https:\/\/mmkriepas.lv\/en\/wp-json\/wp\/v2\/types\/product"}],"wp:featuredmedia":[{"embeddable":true,"href":"https:\/\/mmkriepas.lv\/en\/wp-json\/wp\/v2\/media\/862430"}],"wp:attachment":[{"href":"https:\/\/mmkriepas.lv\/en\/wp-json\/wp\/v2\/media?parent=1339111"}],"wp:term":[{"taxonomy":"product_brand","embeddable":true,"href":"https:\/\/mmkriepas.lv\/en\/wp-json\/wp\/v2\/product_brand?post=1339111"},{"taxonomy":"product_cat","embeddable":true,"href":"https:\/\/mmkriepas.lv\/en\/wp-json\/wp\/v2\/product_cat?post=1339111"},{"taxonomy":"product_tag","embeddable":true,"href":"https:\/\/mmkriepas.lv\/en\/wp-json\/wp\/v2\/product_tag?post=1339111"}],"curies":[{"name":"wp","href":"https:\/\/api.w.org\/{rel}","templated":true}]}}