{"id":1339081,"date":"2025-09-19T12:24:04","date_gmt":"2025-09-19T09:24:04","guid":{"rendered":"https:\/\/mmkriepas.lv\/?post_type=product&#038;p=1339081"},"modified":"2026-03-28T00:05:53","modified_gmt":"2026-03-27T22:05:53","slug":"225-65r17-trazano-icemaster-spike-z-506-102t-ar-radzem","status":"publish","type":"product","link":"https:\/\/mmkriepas.lv\/en\/p\/225-65r17-trazano-icemaster-spike-z-506-102t-ar-radzem\/","title":{"rendered":"225\/65R17 Trazano IceMaster Spike Z-506 102T ar radz\u0113m"},"content":{"rendered":"<p><strong>Trazano IceMaster Spike Z-506 <\/strong>ir rad\u017eota ziemas riepa, kas paredz\u0113ta vieglajiem auto.\u00a0 \u0160\u012bs ziemas riepas \u012bpa\u0161i izce\u013cas ar lielisku sa\u0137eri uz apsnigu\u0161a vai apledoju\u0161a ce\u013ca. T\u0101s lieliski tiek gal\u0101 ar slapju ce\u013cu, nezaud\u0113jot manevr\u0113tsp\u0113ju, pateicoties mas\u012bvajiem plecu blokiem.<\/p>\n<h3><b>Trazano Z-506 galven\u0101s iez\u012bmes<\/b><\/h3>\n<p>+Izcila sa\u0137ere uz sniega un ledus.<br \/>+Laba manevr\u0113tsp\u0113ja pat uz slapja asfalta.<br \/>+Uzticam\u012bba un iztur\u012bba.<br \/>+Laba sniega un \u016bdens novade nokri\u0161\u0146u laik\u0101.<\/p>\n<h2><b>Trazano Z-506 protektors<\/b><\/h2>\n<p><b>Trazano IceMaster Spike Z-506<\/b><span style=\"font-weight: 400;\">\u00a0simetriskais protektora raksts nodro\u0161ina lielisku \u016bdens un sniega novadi nokri\u0161\u0146u laik\u0101.\u00a0 Protektor\u0101 iestr\u0101d\u0101t\u0101s radzes ne tikai pal\u012bdz\u0113s tikt gal\u0101 ar visskarb\u0101kajiem ziemas apst\u0101k\u013ciem, bet ar\u012b b\u016btiski paildzin\u0101s riepas ilgtsp\u0113ju.\u00a0<\/span><\/p>\n<p>Ja ziem\u0101 n\u0101kas bie\u017ei sastapties ar bargiem ziemas apst\u0101k\u013ciem, apledoju\u0161iem, reti t\u012br\u012btiem un gr\u016bti izbraucamiem ce\u013ciem, Trazano<b>\u00a0Z-506 <\/b>b\u016bs piem\u0113rots sabiedrotais c\u012b\u0146\u0101 ar tiem.<\/p>\n","protected":false},"excerpt":{"rendered":"<p><strong>Trazano IceMaster Spike Z-506 <\/strong>ir rad\u017eota ziemas riepa, kas paredz\u0113ta vieglajiem auto.\u00a0 \u0160\u012bs ziemas riepas \u012bpa\u0161i izce\u013cas ar lielisku sa\u0137eri uz apsnigu\u0161a vai apledoju\u0161a ce\u013ca. T\u0101s lieliski tiek gal\u0101 ar slapju ce\u013cu, nezaud\u0113jot manevr\u0113tsp\u0113ju, pateicoties mas\u012bvajiem plecu blokiem.<\/p>\n","protected":false},"featured_media":1121465,"template":"","meta":{"_acf_changed":false,"ngg_post_thumbnail":0},"product_brand":[],"product_cat":[23643,23673],"product_tag":[],"class_list":{"0":"post-1339081","1":"product","2":"type-product","3":"status-publish","4":"has-post-thumbnail","6":"product_cat-winter-tyres","7":"product_cat-studded-winter-tyres","9":"first","10":"instock","11":"sale","12":"taxable","13":"shipping-taxable","14":"purchasable","15":"product-type-simple"},"acf":[],"yoast_head":"<!-- This site is optimized with the Yoast SEO Premium plugin v22.6 (Yoast SEO v27.3) - https:\/\/yoast.com\/product\/yoast-seo-premium-wordpress\/ -->\n<title>225\/65R17 Trazano IceMaster Spike Z-506 102T ar radz\u0113m &#8226; MMK Riepas<\/title>\n<meta name=\"robots\" content=\"index, follow, max-snippet:-1, max-image-preview:large, max-video-preview:-1\" \/>\n<link rel=\"canonical\" href=\"https:\/\/mmkriepas.lv\/en\/p\/225-65r17-trazano-icemaster-spike-z-506-102t-ar-radzem\/\" \/>\n<meta property=\"og:locale\" content=\"en_US\" \/>\n<meta property=\"og:type\" content=\"article\" \/>\n<meta property=\"og:title\" content=\"225\/65R17 Trazano IceMaster Spike Z-506 102T ar radz\u0113m\" \/>\n<meta property=\"og:description\" content=\"Trazano IceMaster Spike Z-506 ir rad\u017eota ziemas riepa, kas paredz\u0113ta vieglajiem auto.\u00a0 \u0160\u012bs ziemas riepas \u012bpa\u0161i izce\u013cas ar lielisku sa\u0137eri uz apsnigu\u0161a vai apledoju\u0161a ce\u013ca. T\u0101s lieliski tiek gal\u0101 ar slapju ce\u013cu, nezaud\u0113jot manevr\u0113tsp\u0113ju, pateicoties mas\u012bvajiem plecu blokiem.\" \/>\n<meta property=\"og:url\" content=\"https:\/\/mmkriepas.lv\/en\/p\/225-65r17-trazano-icemaster-spike-z-506-102t-ar-radzem\/\" \/>\n<meta property=\"og:site_name\" content=\"MMK Riepas\" \/>\n<meta property=\"article:publisher\" content=\"https:\/\/www.facebook.com\/mmkserviss\/\" \/>\n<meta property=\"article:modified_time\" content=\"2026-03-27T22:05:53+00:00\" \/>\n<meta property=\"og:image\" content=\"https:\/\/mmkriepas.lv\/wp-content\/uploads\/2024\/11\/19565r15-trazano-icemaster-spike-z-506-95t-xl-ar-radzem-ziemas-riepas-ziemas-ar-radzem-riepas.jpg\" \/>\n\t<meta property=\"og:image:width\" content=\"900\" \/>\n\t<meta property=\"og:image:height\" content=\"720\" \/>\n\t<meta property=\"og:image:type\" content=\"image\/jpeg\" \/>\n<meta name=\"twitter:card\" content=\"summary_large_image\" \/>\n<meta name=\"twitter:label1\" content=\"Price\" \/>\n\t<meta name=\"twitter:data1\" content=\"&euro;83.00\" \/>\n\t<meta name=\"twitter:label2\" content=\"Availability\" \/>\n\t<meta name=\"twitter:data2\" content=\"In stock\" \/>\n<script type=\"application\/ld+json\" class=\"yoast-schema-graph\">{\"@context\":\"https:\\\/\\\/schema.org\",\"@graph\":[{\"@type\":\"WebPage\",\"@id\":\"https:\\\/\\\/mmkriepas.lv\\\/en\\\/p\\\/225-65r17-trazano-icemaster-spike-z-506-102t-ar-radzem\\\/\",\"url\":\"https:\\\/\\\/mmkriepas.lv\\\/en\\\/p\\\/225-65r17-trazano-icemaster-spike-z-506-102t-ar-radzem\\\/\",\"name\":\"225\\\/65R17 Trazano IceMaster Spike Z-506 102T ar radz\u0113m &#8226; MMK Riepas\",\"isPartOf\":{\"@id\":\"https:\\\/\\\/mmkriepas.lv\\\/en\\\/#website\"},\"primaryImageOfPage\":{\"@id\":\"https:\\\/\\\/mmkriepas.lv\\\/en\\\/p\\\/225-65r17-trazano-icemaster-spike-z-506-102t-ar-radzem\\\/#primaryimage\"},\"image\":{\"@id\":\"https:\\\/\\\/mmkriepas.lv\\\/en\\\/p\\\/225-65r17-trazano-icemaster-spike-z-506-102t-ar-radzem\\\/#primaryimage\"},\"thumbnailUrl\":\"https:\\\/\\\/mmkriepas.lv\\\/wp-content\\\/uploads\\\/2024\\\/11\\\/19565r15-trazano-icemaster-spike-z-506-95t-xl-ar-radzem-ziemas-riepas-ziemas-ar-radzem-riepas.jpg\",\"datePublished\":\"2025-09-19T09:24:04+00:00\",\"dateModified\":\"2026-03-27T22:05:53+00:00\",\"breadcrumb\":{\"@id\":\"https:\\\/\\\/mmkriepas.lv\\\/en\\\/p\\\/225-65r17-trazano-icemaster-spike-z-506-102t-ar-radzem\\\/#breadcrumb\"},\"inLanguage\":\"en-US\",\"potentialAction\":[{\"@type\":\"ReadAction\",\"target\":[\"https:\\\/\\\/mmkriepas.lv\\\/en\\\/p\\\/225-65r17-trazano-icemaster-spike-z-506-102t-ar-radzem\\\/\"]}]},{\"@type\":\"ImageObject\",\"inLanguage\":\"en-US\",\"@id\":\"https:\\\/\\\/mmkriepas.lv\\\/en\\\/p\\\/225-65r17-trazano-icemaster-spike-z-506-102t-ar-radzem\\\/#primaryimage\",\"url\":\"https:\\\/\\\/mmkriepas.lv\\\/wp-content\\\/uploads\\\/2024\\\/11\\\/19565r15-trazano-icemaster-spike-z-506-95t-xl-ar-radzem-ziemas-riepas-ziemas-ar-radzem-riepas.jpg\",\"contentUrl\":\"https:\\\/\\\/mmkriepas.lv\\\/wp-content\\\/uploads\\\/2024\\\/11\\\/19565r15-trazano-icemaster-spike-z-506-95t-xl-ar-radzem-ziemas-riepas-ziemas-ar-radzem-riepas.jpg\",\"width\":900,\"height\":720,\"caption\":\"MAIN\"},{\"@type\":\"BreadcrumbList\",\"@id\":\"https:\\\/\\\/mmkriepas.lv\\\/en\\\/p\\\/225-65r17-trazano-icemaster-spike-z-506-102t-ar-radzem\\\/#breadcrumb\",\"itemListElement\":[{\"@type\":\"ListItem\",\"position\":1,\"name\":\"S\u0101kums\",\"item\":\"https:\\\/\\\/mmkriepas.lv\\\/en\\\/\"},{\"@type\":\"ListItem\",\"position\":2,\"name\":\"225\\\/65R17 Trazano IceMaster Spike Z-506 102T ar radz\u0113m\"}]},{\"@type\":\"WebSite\",\"@id\":\"https:\\\/\\\/mmkriepas.lv\\\/en\\\/#website\",\"url\":\"https:\\\/\\\/mmkriepas.lv\\\/en\\\/\",\"name\":\"MMK Riepas\",\"description\":\"MMK Riepas\",\"alternateName\":\"MMK Riepu Serviss\",\"potentialAction\":[{\"@type\":\"SearchAction\",\"target\":{\"@type\":\"EntryPoint\",\"urlTemplate\":\"https:\\\/\\\/mmkriepas.lv\\\/en\\\/?s={search_term_string}\"},\"query-input\":{\"@type\":\"PropertyValueSpecification\",\"valueRequired\":true,\"valueName\":\"search_term_string\"}}],\"inLanguage\":\"en-US\"},{\"@type\":\"ImageObject\",\"inLanguage\":\"en-US\",\"@id\":\"https:\\\/\\\/mmkriepas.lv\\\/en\\\/p\\\/225-65r17-trazano-icemaster-spike-z-506-102t-ar-radzem\\\/#local-main-organization-logo\",\"url\":\"\",\"contentUrl\":\"\",\"caption\":\"MMK Riepas\"}]}<\/script>\n<meta property=\"product:brand\" content=\"Trazano IceMaster Spike Z-506\" \/>\n<meta property=\"product:price:amount\" content=\"83.00\" \/>\n<meta property=\"product:price:currency\" content=\"EUR\" \/>\n<meta property=\"og:availability\" content=\"instock\" \/>\n<meta property=\"product:availability\" content=\"instock\" \/>\n<meta property=\"product:retailer_item_id\" content=\"TR2256517TRAZA-52021\" \/>\n<meta property=\"product:condition\" content=\"new\" \/>\n<!-- \/ Yoast SEO Premium plugin. -->","yoast_head_json":{"title":"225\/65R17 Trazano IceMaster Spike Z-506 102T ar radz\u0113m &#8226; MMK Riepas","robots":{"index":"index","follow":"follow","max-snippet":"max-snippet:-1","max-image-preview":"max-image-preview:large","max-video-preview":"max-video-preview:-1"},"canonical":"https:\/\/mmkriepas.lv\/en\/p\/225-65r17-trazano-icemaster-spike-z-506-102t-ar-radzem\/","og_locale":"en_US","og_type":"article","og_title":"225\/65R17 Trazano IceMaster Spike Z-506 102T ar radz\u0113m","og_description":"Trazano IceMaster Spike Z-506 ir rad\u017eota ziemas riepa, kas paredz\u0113ta vieglajiem auto.\u00a0 \u0160\u012bs ziemas riepas \u012bpa\u0161i izce\u013cas ar lielisku sa\u0137eri uz apsnigu\u0161a vai apledoju\u0161a ce\u013ca. T\u0101s lieliski tiek gal\u0101 ar slapju ce\u013cu, nezaud\u0113jot manevr\u0113tsp\u0113ju, pateicoties mas\u012bvajiem plecu blokiem.","og_url":"https:\/\/mmkriepas.lv\/en\/p\/225-65r17-trazano-icemaster-spike-z-506-102t-ar-radzem\/","og_site_name":"MMK Riepas","article_publisher":"https:\/\/www.facebook.com\/mmkserviss\/","article_modified_time":"2026-03-27T22:05:53+00:00","og_image":[{"width":900,"height":720,"url":"https:\/\/mmkriepas.lv\/wp-content\/uploads\/2024\/11\/19565r15-trazano-icemaster-spike-z-506-95t-xl-ar-radzem-ziemas-riepas-ziemas-ar-radzem-riepas.jpg","type":"image\/jpeg"}],"twitter_card":"summary_large_image","twitter_misc":{"Price":"&euro;83.00","Availability":"In stock"},"schema":{"@context":"https:\/\/schema.org","@graph":[{"@type":"WebPage","@id":"https:\/\/mmkriepas.lv\/en\/p\/225-65r17-trazano-icemaster-spike-z-506-102t-ar-radzem\/","url":"https:\/\/mmkriepas.lv\/en\/p\/225-65r17-trazano-icemaster-spike-z-506-102t-ar-radzem\/","name":"225\/65R17 Trazano IceMaster Spike Z-506 102T ar radz\u0113m &#8226; MMK Riepas","isPartOf":{"@id":"https:\/\/mmkriepas.lv\/en\/#website"},"primaryImageOfPage":{"@id":"https:\/\/mmkriepas.lv\/en\/p\/225-65r17-trazano-icemaster-spike-z-506-102t-ar-radzem\/#primaryimage"},"image":{"@id":"https:\/\/mmkriepas.lv\/en\/p\/225-65r17-trazano-icemaster-spike-z-506-102t-ar-radzem\/#primaryimage"},"thumbnailUrl":"https:\/\/mmkriepas.lv\/wp-content\/uploads\/2024\/11\/19565r15-trazano-icemaster-spike-z-506-95t-xl-ar-radzem-ziemas-riepas-ziemas-ar-radzem-riepas.jpg","datePublished":"2025-09-19T09:24:04+00:00","dateModified":"2026-03-27T22:05:53+00:00","breadcrumb":{"@id":"https:\/\/mmkriepas.lv\/en\/p\/225-65r17-trazano-icemaster-spike-z-506-102t-ar-radzem\/#breadcrumb"},"inLanguage":"en-US","potentialAction":[{"@type":"ReadAction","target":["https:\/\/mmkriepas.lv\/en\/p\/225-65r17-trazano-icemaster-spike-z-506-102t-ar-radzem\/"]}]},{"@type":"ImageObject","inLanguage":"en-US","@id":"https:\/\/mmkriepas.lv\/en\/p\/225-65r17-trazano-icemaster-spike-z-506-102t-ar-radzem\/#primaryimage","url":"https:\/\/mmkriepas.lv\/wp-content\/uploads\/2024\/11\/19565r15-trazano-icemaster-spike-z-506-95t-xl-ar-radzem-ziemas-riepas-ziemas-ar-radzem-riepas.jpg","contentUrl":"https:\/\/mmkriepas.lv\/wp-content\/uploads\/2024\/11\/19565r15-trazano-icemaster-spike-z-506-95t-xl-ar-radzem-ziemas-riepas-ziemas-ar-radzem-riepas.jpg","width":900,"height":720,"caption":"MAIN"},{"@type":"BreadcrumbList","@id":"https:\/\/mmkriepas.lv\/en\/p\/225-65r17-trazano-icemaster-spike-z-506-102t-ar-radzem\/#breadcrumb","itemListElement":[{"@type":"ListItem","position":1,"name":"S\u0101kums","item":"https:\/\/mmkriepas.lv\/en\/"},{"@type":"ListItem","position":2,"name":"225\/65R17 Trazano IceMaster Spike Z-506 102T ar radz\u0113m"}]},{"@type":"WebSite","@id":"https:\/\/mmkriepas.lv\/en\/#website","url":"https:\/\/mmkriepas.lv\/en\/","name":"MMK Riepas","description":"MMK Riepas","alternateName":"MMK Riepu Serviss","potentialAction":[{"@type":"SearchAction","target":{"@type":"EntryPoint","urlTemplate":"https:\/\/mmkriepas.lv\/en\/?s={search_term_string}"},"query-input":{"@type":"PropertyValueSpecification","valueRequired":true,"valueName":"search_term_string"}}],"inLanguage":"en-US"},{"@type":"ImageObject","inLanguage":"en-US","@id":"https:\/\/mmkriepas.lv\/en\/p\/225-65r17-trazano-icemaster-spike-z-506-102t-ar-radzem\/#local-main-organization-logo","url":"","contentUrl":"","caption":"MMK Riepas"}]},"product_brand":"Trazano IceMaster Spike Z-506","product_price_amount":"83.00","product_price_currency":"EUR","og_availability":"instock","product_availability":"instock","product_retailer_item_id":"TR2256517TRAZA-52021","product_condition":"new"},"_links":{"self":[{"href":"https:\/\/mmkriepas.lv\/en\/wp-json\/wp\/v2\/product\/1339081","targetHints":{"allow":["GET"]}}],"collection":[{"href":"https:\/\/mmkriepas.lv\/en\/wp-json\/wp\/v2\/product"}],"about":[{"href":"https:\/\/mmkriepas.lv\/en\/wp-json\/wp\/v2\/types\/product"}],"wp:featuredmedia":[{"embeddable":true,"href":"https:\/\/mmkriepas.lv\/en\/wp-json\/wp\/v2\/media\/1121465"}],"wp:attachment":[{"href":"https:\/\/mmkriepas.lv\/en\/wp-json\/wp\/v2\/media?parent=1339081"}],"wp:term":[{"taxonomy":"product_brand","embeddable":true,"href":"https:\/\/mmkriepas.lv\/en\/wp-json\/wp\/v2\/product_brand?post=1339081"},{"taxonomy":"product_cat","embeddable":true,"href":"https:\/\/mmkriepas.lv\/en\/wp-json\/wp\/v2\/product_cat?post=1339081"},{"taxonomy":"product_tag","embeddable":true,"href":"https:\/\/mmkriepas.lv\/en\/wp-json\/wp\/v2\/product_tag?post=1339081"}],"curies":[{"name":"wp","href":"https:\/\/api.w.org\/{rel}","templated":true}]}}