{"id":1336932,"date":"2025-09-11T18:38:43","date_gmt":"2025-09-11T15:38:43","guid":{"rendered":"https:\/\/mmkriepas.lv\/?post_type=product&#038;p=1336932"},"modified":"2026-04-05T21:27:41","modified_gmt":"2026-04-05T18:27:41","slug":"185-60r15-riken-snow-88t-xl-kormoran","status":"publish","type":"product","link":"https:\/\/mmkriepas.lv\/en\/p\/185-60r15-riken-snow-88t-xl-kormoran\/","title":{"rendered":"185\/60R15 Riken Snow 88T XL (Kormoran)"},"content":{"rendered":"<p><b>Riken Snow &#8211;<\/b><span style=\"font-weight: 400;\"> Eiropas tipa ziemas riepas vieglaj\u0101m automa\u0161\u012bn\u0101m, paredz\u0113ta brauk\u0161anai maigos ziemas apst\u0101k\u013cos l\u012bdz -20 \u00b0 C. Riepas nodro\u0161ina dro\u0161\u012bbu uz ziemas slidenaj\u0101m virsm\u0101m k\u0101 ar\u012b uz sausa asfalta, vienlaikus apvienojot augstu iztur\u012bbu pret akvaplan\u0113\u0161anu, stabilu kontroli, \u012bsu bremz\u0113\u0161anas ce\u013cu un gludu, pat\u012bkamu braucienu.\u00a0<\/span><\/p>\n<h3><b>Riken Snow galven\u0101s iez\u012bmes<\/b><\/h3>\n<p><span style=\"font-weight: 400;\">+Mikro &#8220;ribas&#8221; riepas centr\u0101lajos dren\u0101\u017eas kan\u0101los uzlabo sa\u0137eri snieg\u0101!<\/span> <span style=\"font-weight: 400;\">+Vair\u0101ki t\u016bksto\u0161i bl\u012bvi izvietotu lame\u013cu uzlabo veiktsp\u0113ju snieg\u0101!<\/span> <span style=\"font-weight: 400;\">+Platas un pret brauk\u0161anas virzienu v\u0113rstas dren\u0101\u017eas rievas b\u016btiski samazina akvaplan\u0113\u0161anas risku!<\/span><\/p>\n<h3><b>Protektora \u012bpa\u0161\u012bbas<\/b><\/h3>\n<p><span style=\"font-weight: 400;\">Pla\u0161\u0101s dren\u0101\u017eas rievas, kas izvietotas virzien\u0101 uz centru noteikt\u0101 sl\u012bpuma le\u0146\u0137\u012b, garant\u0113 \u0101tru kontakta laukuma izt\u012br\u012b\u0161anu no k\u016bsto\u0161\u0101 sniega un \u016bdens. Speci\u0101li izvietoti gredzenveida \u016bdens evakuacijas kan\u0101li palielina kontroles stabilit\u0101ti mitros apst\u0101k\u013cos. Z\u0101\u0123veida lame\u013cu izvietojums plecu bloku \u0101r\u0113j\u0101s mal\u0101s palielina mode\u013ca caurlaid\u012bbu dzi\u013c\u0101 snieg\u0101. Riken ziemas riepu mode\u013ciem ir gumijas sast\u0101vs ar \u012bpa\u0161iem elastom\u0113riem un sil\u012bcija dioks\u012bdu, kas nodro\u0161ina papildu sa\u0137eri mitros apst\u0101k\u013cos, k\u0101 ar\u012b pal\u012bdz samazin\u0101t rites pretest\u012bbu, no kuras tie\u0161i atkar\u012bgs degvielas pat\u0113ri\u0146\u0161.<\/span> <b>Riken Snow <\/b><span style=\"font-weight: 400;\">mode\u013ca lieto\u0161anas dro\u0161\u012bbu ziemas laika apst\u0101k\u013cos un t\u0101 atbilst\u012bbu valst\u012bm ar oblig\u0101tu sezon\u0101lo riepu mai\u0146u apstiprina mar\u0137\u0113jums sniegp\u0101rslas form\u0101 uz kalna fona ar trim virsotn\u0113m (3PMSF).<\/span> <span style=\"font-weight: 400;\">Riken Snow- Michelin grupas ziemas riepa skarbiem ziemas apst\u0101k\u013ciem! Pieejama abos MMK Riepu Servisos visos izm\u0113ros un par vislab\u0101ko cenu!<\/span><\/p>\n","protected":false},"excerpt":{"rendered":"<p><strong>Michelin grupas<\/strong> ziemas\/vissezonas riepu modelis. Izce\u013c\u0101s ar teicamu sa\u0137eri pat skarb\u0101kajos brauk\u0161anas apst\u0101k\u013cos, samazin\u0101tu akvaplan\u0113\u0161anas risku, palielin\u0101tu nodilumiztur\u012bbu un izteiktu komforta l\u012bmeni.<\/p>\n","protected":false},"featured_media":1336930,"template":"","meta":{"_acf_changed":false,"ngg_post_thumbnail":0},"product_brand":[],"product_cat":[47,45],"product_tag":[],"class_list":{"0":"post-1336932","1":"product","2":"type-product","3":"status-publish","4":"has-post-thumbnail","6":"product_cat-vissezonas-riepas","7":"product_cat-ziemas-riepas","9":"first","10":"instock","11":"sale","12":"taxable","13":"shipping-taxable","14":"purchasable","15":"product-type-simple"},"acf":[],"yoast_head":"<!-- This site is optimized with the Yoast SEO Premium plugin v22.6 (Yoast SEO v27.3) - https:\/\/yoast.com\/product\/yoast-seo-premium-wordpress\/ -->\n<title>185\/60R15 Riken Snow 88T XL (Kormoran) &#8226; MMK Riepas<\/title>\n<meta name=\"robots\" content=\"index, follow, max-snippet:-1, max-image-preview:large, max-video-preview:-1\" \/>\n<link rel=\"canonical\" href=\"https:\/\/mmkriepas.lv\/en\/p\/185-60r15-riken-snow-88t-xl-kormoran\/\" \/>\n<meta property=\"og:locale\" content=\"en_US\" \/>\n<meta property=\"og:type\" content=\"article\" \/>\n<meta property=\"og:title\" content=\"185\/60R15 Riken Snow 88T XL (Kormoran)\" \/>\n<meta property=\"og:description\" content=\"Michelin grupas ziemas\/vissezonas riepu modelis. Izce\u013c\u0101s ar teicamu sa\u0137eri pat skarb\u0101kajos brauk\u0161anas apst\u0101k\u013cos, samazin\u0101tu akvaplan\u0113\u0161anas risku, palielin\u0101tu nodilumiztur\u012bbu un izteiktu komforta l\u012bmeni.\" \/>\n<meta property=\"og:url\" content=\"https:\/\/mmkriepas.lv\/en\/p\/185-60r15-riken-snow-88t-xl-kormoran\/\" \/>\n<meta property=\"og:site_name\" content=\"MMK Riepas\" \/>\n<meta property=\"article:publisher\" content=\"https:\/\/www.facebook.com\/mmkserviss\/\" \/>\n<meta property=\"article:modified_time\" content=\"2026-04-05T18:27:41+00:00\" \/>\n<meta property=\"og:image\" content=\"https:\/\/mmkriepas.lv\/wp-content\/uploads\/2025\/09\/18560r15-riken-kormoran-snow-88t-xl-ziemas-riepas.jpg\" \/>\n\t<meta property=\"og:image:width\" content=\"188\" \/>\n\t<meta property=\"og:image:height\" content=\"239\" \/>\n\t<meta property=\"og:image:type\" content=\"image\/jpeg\" \/>\n<meta name=\"twitter:card\" content=\"summary_large_image\" \/>\n<meta name=\"twitter:label1\" content=\"Price\" \/>\n\t<meta name=\"twitter:data1\" content=\"&euro;50.00\" \/>\n\t<meta name=\"twitter:label2\" content=\"Availability\" \/>\n\t<meta name=\"twitter:data2\" content=\"In stock\" \/>\n<script type=\"application\/ld+json\" class=\"yoast-schema-graph\">{\"@context\":\"https:\\\/\\\/schema.org\",\"@graph\":[{\"@type\":\"WebPage\",\"@id\":\"https:\\\/\\\/mmkriepas.lv\\\/en\\\/p\\\/185-60r15-riken-snow-88t-xl-kormoran\\\/\",\"url\":\"https:\\\/\\\/mmkriepas.lv\\\/en\\\/p\\\/185-60r15-riken-snow-88t-xl-kormoran\\\/\",\"name\":\"185\\\/60R15 Riken Snow 88T XL (Kormoran) &#8226; MMK Riepas\",\"isPartOf\":{\"@id\":\"https:\\\/\\\/mmkriepas.lv\\\/en\\\/#website\"},\"primaryImageOfPage\":{\"@id\":\"https:\\\/\\\/mmkriepas.lv\\\/en\\\/p\\\/185-60r15-riken-snow-88t-xl-kormoran\\\/#primaryimage\"},\"image\":{\"@id\":\"https:\\\/\\\/mmkriepas.lv\\\/en\\\/p\\\/185-60r15-riken-snow-88t-xl-kormoran\\\/#primaryimage\"},\"thumbnailUrl\":\"https:\\\/\\\/mmkriepas.lv\\\/wp-content\\\/uploads\\\/2025\\\/09\\\/18560r15-riken-kormoran-snow-88t-xl-ziemas-riepas.jpg\",\"datePublished\":\"2025-09-11T15:38:43+00:00\",\"dateModified\":\"2026-04-05T18:27:41+00:00\",\"breadcrumb\":{\"@id\":\"https:\\\/\\\/mmkriepas.lv\\\/en\\\/p\\\/185-60r15-riken-snow-88t-xl-kormoran\\\/#breadcrumb\"},\"inLanguage\":\"en-US\",\"potentialAction\":[{\"@type\":\"ReadAction\",\"target\":[\"https:\\\/\\\/mmkriepas.lv\\\/en\\\/p\\\/185-60r15-riken-snow-88t-xl-kormoran\\\/\"]}]},{\"@type\":\"ImageObject\",\"inLanguage\":\"en-US\",\"@id\":\"https:\\\/\\\/mmkriepas.lv\\\/en\\\/p\\\/185-60r15-riken-snow-88t-xl-kormoran\\\/#primaryimage\",\"url\":\"https:\\\/\\\/mmkriepas.lv\\\/wp-content\\\/uploads\\\/2025\\\/09\\\/18560r15-riken-kormoran-snow-88t-xl-ziemas-riepas.jpg\",\"contentUrl\":\"https:\\\/\\\/mmkriepas.lv\\\/wp-content\\\/uploads\\\/2025\\\/09\\\/18560r15-riken-kormoran-snow-88t-xl-ziemas-riepas.jpg\",\"width\":188,\"height\":239,\"caption\":\"185\\\/60R15 Riken (Kormoran) Snow 88T XL - Ziemas riepas\"},{\"@type\":\"BreadcrumbList\",\"@id\":\"https:\\\/\\\/mmkriepas.lv\\\/en\\\/p\\\/185-60r15-riken-snow-88t-xl-kormoran\\\/#breadcrumb\",\"itemListElement\":[{\"@type\":\"ListItem\",\"position\":1,\"name\":\"S\u0101kums\",\"item\":\"https:\\\/\\\/mmkriepas.lv\\\/en\\\/\"},{\"@type\":\"ListItem\",\"position\":2,\"name\":\"185\\\/60R15 Riken Snow 88T XL (Kormoran)\"}]},{\"@type\":\"WebSite\",\"@id\":\"https:\\\/\\\/mmkriepas.lv\\\/en\\\/#website\",\"url\":\"https:\\\/\\\/mmkriepas.lv\\\/en\\\/\",\"name\":\"MMK Riepas\",\"description\":\"MMK Riepas\",\"alternateName\":\"MMK Riepu Serviss\",\"potentialAction\":[{\"@type\":\"SearchAction\",\"target\":{\"@type\":\"EntryPoint\",\"urlTemplate\":\"https:\\\/\\\/mmkriepas.lv\\\/en\\\/?s={search_term_string}\"},\"query-input\":{\"@type\":\"PropertyValueSpecification\",\"valueRequired\":true,\"valueName\":\"search_term_string\"}}],\"inLanguage\":\"en-US\"},{\"@type\":\"ImageObject\",\"inLanguage\":\"en-US\",\"@id\":\"https:\\\/\\\/mmkriepas.lv\\\/en\\\/p\\\/185-60r15-riken-snow-88t-xl-kormoran\\\/#local-main-organization-logo\",\"url\":\"\",\"contentUrl\":\"\",\"caption\":\"MMK Riepas\"}]}<\/script>\n<meta property=\"product:brand\" content=\"Riken Snow\" \/>\n<meta property=\"product:price:amount\" content=\"50.00\" \/>\n<meta property=\"product:price:currency\" content=\"EUR\" \/>\n<meta property=\"og:availability\" content=\"instock\" \/>\n<meta property=\"product:availability\" content=\"instock\" \/>\n<meta property=\"product:retailer_item_id\" content=\"TW1856015Riken-E51845\" \/>\n<meta property=\"product:condition\" content=\"new\" \/>\n<!-- \/ Yoast SEO Premium plugin. -->","yoast_head_json":{"title":"185\/60R15 Riken Snow 88T XL (Kormoran) &#8226; MMK Riepas","robots":{"index":"index","follow":"follow","max-snippet":"max-snippet:-1","max-image-preview":"max-image-preview:large","max-video-preview":"max-video-preview:-1"},"canonical":"https:\/\/mmkriepas.lv\/en\/p\/185-60r15-riken-snow-88t-xl-kormoran\/","og_locale":"en_US","og_type":"article","og_title":"185\/60R15 Riken Snow 88T XL (Kormoran)","og_description":"Michelin grupas ziemas\/vissezonas riepu modelis. Izce\u013c\u0101s ar teicamu sa\u0137eri pat skarb\u0101kajos brauk\u0161anas apst\u0101k\u013cos, samazin\u0101tu akvaplan\u0113\u0161anas risku, palielin\u0101tu nodilumiztur\u012bbu un izteiktu komforta l\u012bmeni.","og_url":"https:\/\/mmkriepas.lv\/en\/p\/185-60r15-riken-snow-88t-xl-kormoran\/","og_site_name":"MMK Riepas","article_publisher":"https:\/\/www.facebook.com\/mmkserviss\/","article_modified_time":"2026-04-05T18:27:41+00:00","og_image":[{"width":188,"height":239,"url":"https:\/\/mmkriepas.lv\/wp-content\/uploads\/2025\/09\/18560r15-riken-kormoran-snow-88t-xl-ziemas-riepas.jpg","type":"image\/jpeg"}],"twitter_card":"summary_large_image","twitter_misc":{"Price":"&euro;50.00","Availability":"In stock"},"schema":{"@context":"https:\/\/schema.org","@graph":[{"@type":"WebPage","@id":"https:\/\/mmkriepas.lv\/en\/p\/185-60r15-riken-snow-88t-xl-kormoran\/","url":"https:\/\/mmkriepas.lv\/en\/p\/185-60r15-riken-snow-88t-xl-kormoran\/","name":"185\/60R15 Riken Snow 88T XL (Kormoran) &#8226; MMK Riepas","isPartOf":{"@id":"https:\/\/mmkriepas.lv\/en\/#website"},"primaryImageOfPage":{"@id":"https:\/\/mmkriepas.lv\/en\/p\/185-60r15-riken-snow-88t-xl-kormoran\/#primaryimage"},"image":{"@id":"https:\/\/mmkriepas.lv\/en\/p\/185-60r15-riken-snow-88t-xl-kormoran\/#primaryimage"},"thumbnailUrl":"https:\/\/mmkriepas.lv\/wp-content\/uploads\/2025\/09\/18560r15-riken-kormoran-snow-88t-xl-ziemas-riepas.jpg","datePublished":"2025-09-11T15:38:43+00:00","dateModified":"2026-04-05T18:27:41+00:00","breadcrumb":{"@id":"https:\/\/mmkriepas.lv\/en\/p\/185-60r15-riken-snow-88t-xl-kormoran\/#breadcrumb"},"inLanguage":"en-US","potentialAction":[{"@type":"ReadAction","target":["https:\/\/mmkriepas.lv\/en\/p\/185-60r15-riken-snow-88t-xl-kormoran\/"]}]},{"@type":"ImageObject","inLanguage":"en-US","@id":"https:\/\/mmkriepas.lv\/en\/p\/185-60r15-riken-snow-88t-xl-kormoran\/#primaryimage","url":"https:\/\/mmkriepas.lv\/wp-content\/uploads\/2025\/09\/18560r15-riken-kormoran-snow-88t-xl-ziemas-riepas.jpg","contentUrl":"https:\/\/mmkriepas.lv\/wp-content\/uploads\/2025\/09\/18560r15-riken-kormoran-snow-88t-xl-ziemas-riepas.jpg","width":188,"height":239,"caption":"185\/60R15 Riken (Kormoran) Snow 88T XL - Ziemas riepas"},{"@type":"BreadcrumbList","@id":"https:\/\/mmkriepas.lv\/en\/p\/185-60r15-riken-snow-88t-xl-kormoran\/#breadcrumb","itemListElement":[{"@type":"ListItem","position":1,"name":"S\u0101kums","item":"https:\/\/mmkriepas.lv\/en\/"},{"@type":"ListItem","position":2,"name":"185\/60R15 Riken Snow 88T XL (Kormoran)"}]},{"@type":"WebSite","@id":"https:\/\/mmkriepas.lv\/en\/#website","url":"https:\/\/mmkriepas.lv\/en\/","name":"MMK Riepas","description":"MMK Riepas","alternateName":"MMK Riepu Serviss","potentialAction":[{"@type":"SearchAction","target":{"@type":"EntryPoint","urlTemplate":"https:\/\/mmkriepas.lv\/en\/?s={search_term_string}"},"query-input":{"@type":"PropertyValueSpecification","valueRequired":true,"valueName":"search_term_string"}}],"inLanguage":"en-US"},{"@type":"ImageObject","inLanguage":"en-US","@id":"https:\/\/mmkriepas.lv\/en\/p\/185-60r15-riken-snow-88t-xl-kormoran\/#local-main-organization-logo","url":"","contentUrl":"","caption":"MMK Riepas"}]},"product_brand":"Riken Snow","product_price_amount":"50.00","product_price_currency":"EUR","og_availability":"instock","product_availability":"instock","product_retailer_item_id":"TW1856015Riken-E51845","product_condition":"new"},"_links":{"self":[{"href":"https:\/\/mmkriepas.lv\/en\/wp-json\/wp\/v2\/product\/1336932","targetHints":{"allow":["GET"]}}],"collection":[{"href":"https:\/\/mmkriepas.lv\/en\/wp-json\/wp\/v2\/product"}],"about":[{"href":"https:\/\/mmkriepas.lv\/en\/wp-json\/wp\/v2\/types\/product"}],"wp:featuredmedia":[{"embeddable":true,"href":"https:\/\/mmkriepas.lv\/en\/wp-json\/wp\/v2\/media\/1336930"}],"wp:attachment":[{"href":"https:\/\/mmkriepas.lv\/en\/wp-json\/wp\/v2\/media?parent=1336932"}],"wp:term":[{"taxonomy":"product_brand","embeddable":true,"href":"https:\/\/mmkriepas.lv\/en\/wp-json\/wp\/v2\/product_brand?post=1336932"},{"taxonomy":"product_cat","embeddable":true,"href":"https:\/\/mmkriepas.lv\/en\/wp-json\/wp\/v2\/product_cat?post=1336932"},{"taxonomy":"product_tag","embeddable":true,"href":"https:\/\/mmkriepas.lv\/en\/wp-json\/wp\/v2\/product_tag?post=1336932"}],"curies":[{"name":"wp","href":"https:\/\/api.w.org\/{rel}","templated":true}]}}