{"id":1333158,"date":"2025-09-05T14:25:14","date_gmt":"2025-09-05T11:25:14","guid":{"rendered":"https:\/\/mmkriepas.lv\/?post_type=product&#038;p=1333158"},"modified":"2026-03-20T22:57:58","modified_gmt":"2026-03-20T20:57:58","slug":"235-60r18-sailun-atrezzo-4seasons-pro-ev-103w-elect","status":"publish","type":"product","link":"https:\/\/mmkriepas.lv\/en\/p\/235-60r18-sailun-atrezzo-4seasons-pro-ev-103w-elect\/","title":{"rendered":"235\/60R18 Sailun Atrezzo 4Seasons PRO EV 103W Elect"},"content":{"rendered":"<p align=\"left\"><span style=\"color: #000000;\"><span style=\"font-family: Arial, sans-serif;\"><span style=\"font-size: small;\"><b><span>Sailun Atrezzo 4Seasons PRO<\/span><\/b><span> ir UHP jAeb augstas veiktsp\u0113jas vissezonas riepu modelis, kas izce\u013cas ar labiem veiktsp\u0113jas r\u0101d\u012bt\u0101jiem pla\u0161\u0101 temperat\u016bru diapazon\u0101. \u0160is riepu modelis ir piem\u0113rots brauk\u0161anai cauru gadu pa pils\u0113tas asfaltu un valsts ma\u0123istr\u0101lajiem autoce\u013ciem.<\/span><\/span><\/span><\/span><\/p>\n<h3 class=\"western\"><span style=\"font-family: Arial, sans-serif;\"><span>Atrezzo 4Seasons PRO galven\u0101s iez\u012bmes:<\/span><\/span><\/h3>\n<p><span style=\"font-family: Arial, sans-serif;\"><span>+ Augstas veiktsp\u0113jas vissezonas riepu modelis.<br \/>+ \u0160is riepu modelis izmantojams pat pa \u0101trgaitas \u0161osej\u0101m.<br \/>+ Uzlabots riepas gumijas sast\u0101vs.<br \/>+ B\u016btiski samazin\u0101ts akvaplan\u0113\u0161anas risks.<br \/>+ Kvalit\u0101te atbilst cenai!<\/span><\/span><\/p>\n<h3 class=\"western\"><span style=\"font-family: Arial, sans-serif;\"><span>Atrezzo 4Seasons PRO apr\u012bkojums<\/span><\/span><\/h3>\n<p><span style=\"font-family: Arial, sans-serif;\"><span>Sailun <\/span><span>Atrezzo 4Seasons <\/span><span>PRO<\/span><span> apr\u012bkots ar asimetrisku protektora rakstu, kas papildin\u0101ts ar protektora blokos bl\u012bvi iestr\u0101d\u0101t\u0101m lamel\u0113m, kuras uzlabo sa\u0137eri ar slapju ce\u013cu un apledojumu. Asimetriskie protektora bloki veidoti no augstas kvalit\u0101tes gumijas sakaus\u0113juma, kas ir nodilumiztur\u012bgs.<\/span><\/span><\/p>\n<p><span style=\"font-family: Arial, sans-serif;\"><span>Sal\u012bdzin\u0101jum\u0101 ar \u0161\u012b mode\u013ca priek\u0161teci (Atrezzo 4Seasons), jaunajam riepu modelim palielon\u0101ts protektora bloku un dren\u0101\u017eas novadkan\u0101lu skaits. Tas uzlabo riepu sa\u0137eres \u012bpa\u0161\u012bbas snieg\u0101 un slapjdra\u0146\u0137\u012b, k\u0101 ar\u012b samazina akvaplan\u0113\u0161anas risku.<\/span><\/span><\/p>\n<p><span style=\"color: #ff0000;\"><span style=\"font-family: Arial, serif;\">Mode\u013ca lieto\u0161anas dro\u0161\u012bbu ziemas laika apst\u0101k\u013cos un t\u0101 atbilst\u012bbu valst\u012bm ar oblig\u0101tu sezon\u0101lo riepu mai\u0146u apstiprina mar\u0137\u0113jums sniegp\u0101rslas form\u0101 uz kalna fona ar trim virsotn\u0113m (3PMSF).<\/span><\/span><\/p>\n","protected":false},"excerpt":{"rendered":"<p><span style=\"color: #000000;\"><span style=\"font-family: Arial, sans-serif;\"><span style=\"font-size: small;\"><b><span>Sailun Atrezzo 4Seasons PRO<\/span><\/b><span> ir UHP jeb augstas veiktsp\u0113jas vissezonas riepu modelis, kas izce\u013cas ar labiem veiktsp\u0113jas r\u0101d\u012bt\u0101jiem pla\u0161\u0101 temperat\u016bru diapazon\u0101. \u0160is riepu modelis ir piem\u0113rots brauk\u0161anai cauru gadu pa pils\u0113tas asfaltu un valsts ma\u0123istr\u0101lajiem autoce\u013ciem.<\/span><\/span><\/span><\/span><\/p>\n","protected":false},"featured_media":867219,"template":"","meta":{"_acf_changed":false,"ngg_post_thumbnail":0},"product_brand":[],"product_cat":[47,45],"product_tag":[],"class_list":{"0":"post-1333158","1":"product","2":"type-product","3":"status-publish","4":"has-post-thumbnail","6":"product_cat-vissezonas-riepas","7":"product_cat-ziemas-riepas","9":"first","10":"outofstock","11":"sale","12":"taxable","13":"shipping-taxable","14":"product-type-simple"},"acf":[],"yoast_head":"<!-- This site is optimized with the Yoast SEO Premium plugin v22.6 (Yoast SEO v27.3) - https:\/\/yoast.com\/product\/yoast-seo-premium-wordpress\/ -->\n<title>235\/60R18 Sailun Atrezzo 4Seasons PRO EV 103W Elect &#8226; MMK Riepas<\/title>\n<meta name=\"robots\" content=\"index, follow, max-snippet:-1, max-image-preview:large, max-video-preview:-1\" \/>\n<link rel=\"canonical\" href=\"https:\/\/mmkriepas.lv\/en\/p\/235-60r18-sailun-atrezzo-4seasons-pro-ev-103w-elect\/\" \/>\n<meta property=\"og:locale\" content=\"en_US\" \/>\n<meta property=\"og:type\" content=\"article\" \/>\n<meta property=\"og:title\" content=\"235\/60R18 Sailun Atrezzo 4Seasons PRO EV 103W Elect\" \/>\n<meta property=\"og:description\" content=\"Sailun Atrezzo 4Seasons PRO ir UHP jeb augstas veiktsp\u0113jas vissezonas riepu modelis, kas izce\u013cas ar labiem veiktsp\u0113jas r\u0101d\u012bt\u0101jiem pla\u0161\u0101 temperat\u016bru diapazon\u0101. \u0160is riepu modelis ir piem\u0113rots brauk\u0161anai cauru gadu pa pils\u0113tas asfaltu un valsts ma\u0123istr\u0101lajiem autoce\u013ciem.\" \/>\n<meta property=\"og:url\" content=\"https:\/\/mmkriepas.lv\/en\/p\/235-60r18-sailun-atrezzo-4seasons-pro-ev-103w-elect\/\" \/>\n<meta property=\"og:site_name\" content=\"MMK Riepas\" \/>\n<meta property=\"article:publisher\" content=\"https:\/\/www.facebook.com\/mmkserviss\/\" \/>\n<meta property=\"article:modified_time\" content=\"2026-03-20T20:57:58+00:00\" \/>\n<meta property=\"og:image\" content=\"https:\/\/mmkriepas.lv\/wp-content\/uploads\/2024\/03\/23560r18-sailun-atrezzo-4seasons-pro-ev-103w-elect-ziemas-riepas.jpg\" \/>\n\t<meta property=\"og:image:width\" content=\"1040\" \/>\n\t<meta property=\"og:image:height\" content=\"780\" \/>\n\t<meta property=\"og:image:type\" content=\"image\/jpeg\" \/>\n<meta name=\"twitter:card\" content=\"summary_large_image\" \/>\n<meta name=\"twitter:label1\" content=\"Price\" \/>\n\t<meta name=\"twitter:data1\" content=\"&euro;99.00\" \/>\n\t<meta name=\"twitter:label2\" content=\"Availability\" \/>\n\t<meta name=\"twitter:data2\" content=\"Out of stock\" \/>\n<script type=\"application\/ld+json\" class=\"yoast-schema-graph\">{\"@context\":\"https:\\\/\\\/schema.org\",\"@graph\":[{\"@type\":\"WebPage\",\"@id\":\"https:\\\/\\\/mmkriepas.lv\\\/en\\\/p\\\/235-60r18-sailun-atrezzo-4seasons-pro-ev-103w-elect\\\/\",\"url\":\"https:\\\/\\\/mmkriepas.lv\\\/en\\\/p\\\/235-60r18-sailun-atrezzo-4seasons-pro-ev-103w-elect\\\/\",\"name\":\"235\\\/60R18 Sailun Atrezzo 4Seasons PRO EV 103W Elect &#8226; MMK Riepas\",\"isPartOf\":{\"@id\":\"https:\\\/\\\/mmkriepas.lv\\\/en\\\/#website\"},\"primaryImageOfPage\":{\"@id\":\"https:\\\/\\\/mmkriepas.lv\\\/en\\\/p\\\/235-60r18-sailun-atrezzo-4seasons-pro-ev-103w-elect\\\/#primaryimage\"},\"image\":{\"@id\":\"https:\\\/\\\/mmkriepas.lv\\\/en\\\/p\\\/235-60r18-sailun-atrezzo-4seasons-pro-ev-103w-elect\\\/#primaryimage\"},\"thumbnailUrl\":\"https:\\\/\\\/mmkriepas.lv\\\/wp-content\\\/uploads\\\/2024\\\/03\\\/23560r18-sailun-atrezzo-4seasons-pro-ev-103w-elect-ziemas-riepas.jpg\",\"datePublished\":\"2025-09-05T11:25:14+00:00\",\"dateModified\":\"2026-03-20T20:57:58+00:00\",\"breadcrumb\":{\"@id\":\"https:\\\/\\\/mmkriepas.lv\\\/en\\\/p\\\/235-60r18-sailun-atrezzo-4seasons-pro-ev-103w-elect\\\/#breadcrumb\"},\"inLanguage\":\"en-US\",\"potentialAction\":[{\"@type\":\"ReadAction\",\"target\":[\"https:\\\/\\\/mmkriepas.lv\\\/en\\\/p\\\/235-60r18-sailun-atrezzo-4seasons-pro-ev-103w-elect\\\/\"]}]},{\"@type\":\"ImageObject\",\"inLanguage\":\"en-US\",\"@id\":\"https:\\\/\\\/mmkriepas.lv\\\/en\\\/p\\\/235-60r18-sailun-atrezzo-4seasons-pro-ev-103w-elect\\\/#primaryimage\",\"url\":\"https:\\\/\\\/mmkriepas.lv\\\/wp-content\\\/uploads\\\/2024\\\/03\\\/23560r18-sailun-atrezzo-4seasons-pro-ev-103w-elect-ziemas-riepas.jpg\",\"contentUrl\":\"https:\\\/\\\/mmkriepas.lv\\\/wp-content\\\/uploads\\\/2024\\\/03\\\/23560r18-sailun-atrezzo-4seasons-pro-ev-103w-elect-ziemas-riepas.jpg\",\"width\":1040,\"height\":780,\"caption\":\"MMK Sailun Atrezzo 4Seasons PRO MAIN\"},{\"@type\":\"BreadcrumbList\",\"@id\":\"https:\\\/\\\/mmkriepas.lv\\\/en\\\/p\\\/235-60r18-sailun-atrezzo-4seasons-pro-ev-103w-elect\\\/#breadcrumb\",\"itemListElement\":[{\"@type\":\"ListItem\",\"position\":1,\"name\":\"S\u0101kums\",\"item\":\"https:\\\/\\\/mmkriepas.lv\\\/en\\\/\"},{\"@type\":\"ListItem\",\"position\":2,\"name\":\"235\\\/60R18 Sailun Atrezzo 4Seasons PRO EV 103W Elect\"}]},{\"@type\":\"WebSite\",\"@id\":\"https:\\\/\\\/mmkriepas.lv\\\/en\\\/#website\",\"url\":\"https:\\\/\\\/mmkriepas.lv\\\/en\\\/\",\"name\":\"MMK Riepas\",\"description\":\"MMK Riepas\",\"alternateName\":\"MMK Riepu Serviss\",\"potentialAction\":[{\"@type\":\"SearchAction\",\"target\":{\"@type\":\"EntryPoint\",\"urlTemplate\":\"https:\\\/\\\/mmkriepas.lv\\\/en\\\/?s={search_term_string}\"},\"query-input\":{\"@type\":\"PropertyValueSpecification\",\"valueRequired\":true,\"valueName\":\"search_term_string\"}}],\"inLanguage\":\"en-US\"},{\"@type\":\"ImageObject\",\"inLanguage\":\"en-US\",\"@id\":\"https:\\\/\\\/mmkriepas.lv\\\/en\\\/p\\\/235-60r18-sailun-atrezzo-4seasons-pro-ev-103w-elect\\\/#local-main-organization-logo\",\"url\":\"\",\"contentUrl\":\"\",\"caption\":\"MMK Riepas\"}]}<\/script>\n<meta property=\"product:brand\" content=\"Sailun Atrezzo 4Seasons PRO\" \/>\n<meta property=\"product:price:amount\" content=\"99.00\" \/>\n<meta property=\"product:price:currency\" content=\"EUR\" \/>\n<meta property=\"og:availability\" content=\"out of stock\" \/>\n<meta property=\"product:availability\" content=\"out of stock\" \/>\n<meta property=\"product:retailer_item_id\" content=\"TW2356018SAILU-51734\" \/>\n<meta property=\"product:condition\" content=\"new\" \/>\n<!-- \/ Yoast SEO Premium plugin. -->","yoast_head_json":{"title":"235\/60R18 Sailun Atrezzo 4Seasons PRO EV 103W Elect &#8226; MMK Riepas","robots":{"index":"index","follow":"follow","max-snippet":"max-snippet:-1","max-image-preview":"max-image-preview:large","max-video-preview":"max-video-preview:-1"},"canonical":"https:\/\/mmkriepas.lv\/en\/p\/235-60r18-sailun-atrezzo-4seasons-pro-ev-103w-elect\/","og_locale":"en_US","og_type":"article","og_title":"235\/60R18 Sailun Atrezzo 4Seasons PRO EV 103W Elect","og_description":"Sailun Atrezzo 4Seasons PRO ir UHP jeb augstas veiktsp\u0113jas vissezonas riepu modelis, kas izce\u013cas ar labiem veiktsp\u0113jas r\u0101d\u012bt\u0101jiem pla\u0161\u0101 temperat\u016bru diapazon\u0101. \u0160is riepu modelis ir piem\u0113rots brauk\u0161anai cauru gadu pa pils\u0113tas asfaltu un valsts ma\u0123istr\u0101lajiem autoce\u013ciem.","og_url":"https:\/\/mmkriepas.lv\/en\/p\/235-60r18-sailun-atrezzo-4seasons-pro-ev-103w-elect\/","og_site_name":"MMK Riepas","article_publisher":"https:\/\/www.facebook.com\/mmkserviss\/","article_modified_time":"2026-03-20T20:57:58+00:00","og_image":[{"width":1040,"height":780,"url":"https:\/\/mmkriepas.lv\/wp-content\/uploads\/2024\/03\/23560r18-sailun-atrezzo-4seasons-pro-ev-103w-elect-ziemas-riepas.jpg","type":"image\/jpeg"}],"twitter_card":"summary_large_image","twitter_misc":{"Price":"&euro;99.00","Availability":"Out of stock"},"schema":{"@context":"https:\/\/schema.org","@graph":[{"@type":"WebPage","@id":"https:\/\/mmkriepas.lv\/en\/p\/235-60r18-sailun-atrezzo-4seasons-pro-ev-103w-elect\/","url":"https:\/\/mmkriepas.lv\/en\/p\/235-60r18-sailun-atrezzo-4seasons-pro-ev-103w-elect\/","name":"235\/60R18 Sailun Atrezzo 4Seasons PRO EV 103W Elect &#8226; MMK Riepas","isPartOf":{"@id":"https:\/\/mmkriepas.lv\/en\/#website"},"primaryImageOfPage":{"@id":"https:\/\/mmkriepas.lv\/en\/p\/235-60r18-sailun-atrezzo-4seasons-pro-ev-103w-elect\/#primaryimage"},"image":{"@id":"https:\/\/mmkriepas.lv\/en\/p\/235-60r18-sailun-atrezzo-4seasons-pro-ev-103w-elect\/#primaryimage"},"thumbnailUrl":"https:\/\/mmkriepas.lv\/wp-content\/uploads\/2024\/03\/23560r18-sailun-atrezzo-4seasons-pro-ev-103w-elect-ziemas-riepas.jpg","datePublished":"2025-09-05T11:25:14+00:00","dateModified":"2026-03-20T20:57:58+00:00","breadcrumb":{"@id":"https:\/\/mmkriepas.lv\/en\/p\/235-60r18-sailun-atrezzo-4seasons-pro-ev-103w-elect\/#breadcrumb"},"inLanguage":"en-US","potentialAction":[{"@type":"ReadAction","target":["https:\/\/mmkriepas.lv\/en\/p\/235-60r18-sailun-atrezzo-4seasons-pro-ev-103w-elect\/"]}]},{"@type":"ImageObject","inLanguage":"en-US","@id":"https:\/\/mmkriepas.lv\/en\/p\/235-60r18-sailun-atrezzo-4seasons-pro-ev-103w-elect\/#primaryimage","url":"https:\/\/mmkriepas.lv\/wp-content\/uploads\/2024\/03\/23560r18-sailun-atrezzo-4seasons-pro-ev-103w-elect-ziemas-riepas.jpg","contentUrl":"https:\/\/mmkriepas.lv\/wp-content\/uploads\/2024\/03\/23560r18-sailun-atrezzo-4seasons-pro-ev-103w-elect-ziemas-riepas.jpg","width":1040,"height":780,"caption":"MMK Sailun Atrezzo 4Seasons PRO MAIN"},{"@type":"BreadcrumbList","@id":"https:\/\/mmkriepas.lv\/en\/p\/235-60r18-sailun-atrezzo-4seasons-pro-ev-103w-elect\/#breadcrumb","itemListElement":[{"@type":"ListItem","position":1,"name":"S\u0101kums","item":"https:\/\/mmkriepas.lv\/en\/"},{"@type":"ListItem","position":2,"name":"235\/60R18 Sailun Atrezzo 4Seasons PRO EV 103W Elect"}]},{"@type":"WebSite","@id":"https:\/\/mmkriepas.lv\/en\/#website","url":"https:\/\/mmkriepas.lv\/en\/","name":"MMK Riepas","description":"MMK Riepas","alternateName":"MMK Riepu Serviss","potentialAction":[{"@type":"SearchAction","target":{"@type":"EntryPoint","urlTemplate":"https:\/\/mmkriepas.lv\/en\/?s={search_term_string}"},"query-input":{"@type":"PropertyValueSpecification","valueRequired":true,"valueName":"search_term_string"}}],"inLanguage":"en-US"},{"@type":"ImageObject","inLanguage":"en-US","@id":"https:\/\/mmkriepas.lv\/en\/p\/235-60r18-sailun-atrezzo-4seasons-pro-ev-103w-elect\/#local-main-organization-logo","url":"","contentUrl":"","caption":"MMK Riepas"}]},"product_brand":"Sailun Atrezzo 4Seasons PRO","product_price_amount":"99.00","product_price_currency":"EUR","og_availability":"out of stock","product_availability":"out of stock","product_retailer_item_id":"TW2356018SAILU-51734","product_condition":"new"},"_links":{"self":[{"href":"https:\/\/mmkriepas.lv\/en\/wp-json\/wp\/v2\/product\/1333158","targetHints":{"allow":["GET"]}}],"collection":[{"href":"https:\/\/mmkriepas.lv\/en\/wp-json\/wp\/v2\/product"}],"about":[{"href":"https:\/\/mmkriepas.lv\/en\/wp-json\/wp\/v2\/types\/product"}],"wp:featuredmedia":[{"embeddable":true,"href":"https:\/\/mmkriepas.lv\/en\/wp-json\/wp\/v2\/media\/867219"}],"wp:attachment":[{"href":"https:\/\/mmkriepas.lv\/en\/wp-json\/wp\/v2\/media?parent=1333158"}],"wp:term":[{"taxonomy":"product_brand","embeddable":true,"href":"https:\/\/mmkriepas.lv\/en\/wp-json\/wp\/v2\/product_brand?post=1333158"},{"taxonomy":"product_cat","embeddable":true,"href":"https:\/\/mmkriepas.lv\/en\/wp-json\/wp\/v2\/product_cat?post=1333158"},{"taxonomy":"product_tag","embeddable":true,"href":"https:\/\/mmkriepas.lv\/en\/wp-json\/wp\/v2\/product_tag?post=1333158"}],"curies":[{"name":"wp","href":"https:\/\/api.w.org\/{rel}","templated":true}]}}