{"id":1332450,"date":"2025-09-04T15:31:37","date_gmt":"2025-09-04T12:31:37","guid":{"rendered":"https:\/\/mmkriepas.lv\/?post_type=product&#038;p=1332450"},"modified":"2026-04-25T00:50:08","modified_gmt":"2026-04-24T21:50:08","slug":"255-45r19-linglong-green-max-winter-uhp-104h-xl-2","status":"publish","type":"product","link":"https:\/\/mmkriepas.lv\/en\/p\/255-45r19-linglong-green-max-winter-uhp-104h-xl-2\/","title":{"rendered":"255\/45R19 Linglong GREEN-Max Winter UHP 104H XL"},"content":{"rendered":"<p><strong><span style=\"font-family: 'Arial',sans-serif;\">LingLong GREEN-Max Winter UHP<\/span><\/strong><span style=\"font-family: 'Arial',sans-serif;\"> ir labas kvalit\u0101tes, bud\u017eeta klases vissezonas\/ziemas riepu modelis. Tas izce\u013cas ar labiem sa\u0137eres, manevr\u0113tsp\u0113jas, degvielas ekonomijas un brauk\u0161anas komforta r\u0101d\u012bt\u0101jiem pla\u0161\u0101 brauk\u0161anas apst\u0101k\u013cu spektr\u0101. Paredz\u0113ts gan vieglaj\u0101m automa\u0161\u012bn\u0101m, gan apvidus auto jeb SUV, \u0161is riepu modelis pieejams izm\u0113ru kl\u0101st\u0101 no R15, l\u012bdz R20. K\u0101 interesantu faktu var min\u0113t to, ka \u0161\u012bs r\u016bpn\u012bcas riepas izv\u0113las \u0136\u012bnas Komunistisk\u0101s Partijas l\u012bderis Sji Dzji\u0146pins.<o:p><\/o:p><\/span><\/p>\n<h3><strong><span style=\"font-family: 'Arial',sans-serif;\">GREEN-Max Winter UHP galven\u0101s iez\u012bmes<\/span><\/strong><span style=\"font-family: 'Arial',sans-serif;\"><o:p><\/o:p><\/span><\/h3>\n<p><span style=\"font-family: 'Arial',sans-serif;\">+ Labas sa\u0137eres \u012bpa\u0161\u012bbas gan uz sausa un slapja asfalta, gan ar\u012b snieg\u0101.<br \/>+ Zems akvaplan\u0113\u0161anas risks.<br \/>+ Degvielas ekonomija.<br \/>+ Laba nodilumiztur\u012bba.<br \/>+ Cena atbilst kvalit\u0101tei.<o:p><\/o:p><\/span><\/p>\n<h3><strong><span style=\"font-family: 'Arial',sans-serif;\">GREEN-Max Winter UHP apr\u012bkojums<\/span><\/strong><span style=\"font-family: 'Arial',sans-serif;\"><o:p><\/o:p><\/span><\/h3>\n<p><strong><span style=\"font-family: 'Arial',sans-serif;\">LingLong GREEN-Max Winter UHP\u00a0<\/span><\/strong><span style=\"font-family: 'Arial',sans-serif;\">vissezonas jeb m+s riepas apr\u012bkotas ar uzlabotu asimetrisko protektora rakstu. \u0160\u0101ds dizains izv\u0113l\u0113ts, jo tas sev\u012b apvieno optim\u0101lus veiktsp\u0113jas r\u0101d\u012bt\u0101jus gan vasarai, gan ziemai.<o:p><\/o:p><\/span><\/p>\n<p><span style=\"font-family: 'Arial',sans-serif;\">Asimetriski izvietotajos protektora blokos bl\u012bvi iestr\u0101d\u0101ti vair\u0101ki t\u016bksto\u0161i divu veidu lame\u013cu. T\u0101s, darojoties l\u012bdz\u012bgi radz\u0113m, ar as\u0101m kant\u0113m iec\u0113rtas sabliet\u0113t\u0101 snieg\u0101 un led\u016b, ar slidenaj\u0101m virsm\u0101m veidojot cie\u0161u sa\u0137eri.<o:p><\/o:p><\/span><\/p>\n<p><span style=\"font-family: 'Arial',sans-serif;\">Asimetrisk\u0101 protekrtora pamat\u0101 atrodams \u012bpa\u0161i iztur\u012bgs karkass. T\u0101 izgatavo\u0161anai izmantots t\u0113rauda kordu jeb brekera kl\u0101jums, nodro\u0161inot augstu triecieniztur\u012bbu un uzlabojot ilgtsp\u0113j\u012bbu.<\/span><\/p>\n","protected":false},"excerpt":{"rendered":"<p><strong><span style=\"font-family: 'Arial',sans-serif;\">LingLong GREEN-Max Winter UHP<\/span><\/strong><span style=\"font-family: 'Arial',sans-serif;\"> ir labas kvalit\u0101tes, bud\u017eeta klases vissezonas\/ziemas riepu modelis. Tas izce\u013cas ar labiem sa\u0137eres, manevr\u0113tsp\u0113jas, degvielas ekonomijas un brauk\u0161anas komforta r\u0101d\u012bt\u0101jiem pla\u0161\u0101 brauk\u0161anas apst\u0101k\u013cu spektr\u0101. Paredz\u0113ts gan vieglaj\u0101m automa\u0161\u012bn\u0101m, gan apvidus auto jeb SUV, \u0161is riepu modelis pieejams izm\u0113ru kl\u0101st\u0101 no R15, l\u012bdz R20. K\u0101 interesantu faktu var min\u0113t to, ka \u0161\u012bs r\u016bpn\u012bcas riepas izv\u0113las \u0136\u012bnas Komunistisk\u0101s Partijas l\u012bderis Sji Dzji\u0146pins.<\/span><\/p>\n","protected":false},"featured_media":822595,"template":"","meta":{"_acf_changed":false,"ngg_post_thumbnail":0},"product_brand":[],"product_cat":[47,45],"product_tag":[],"class_list":{"0":"post-1332450","1":"product","2":"type-product","3":"status-publish","4":"has-post-thumbnail","6":"product_cat-vissezonas-riepas","7":"product_cat-ziemas-riepas","9":"first","10":"instock","11":"sale","12":"taxable","13":"shipping-taxable","14":"purchasable","15":"product-type-simple"},"acf":[],"yoast_head":"<!-- This site is optimized with the Yoast SEO Premium plugin v22.6 (Yoast SEO v27.3) - https:\/\/yoast.com\/product\/yoast-seo-premium-wordpress\/ -->\n<title>255\/45R19 Linglong GREEN-Max Winter UHP 104H XL &#8226; MMK Riepas<\/title>\n<meta name=\"robots\" content=\"index, follow, max-snippet:-1, max-image-preview:large, max-video-preview:-1\" \/>\n<link rel=\"canonical\" href=\"https:\/\/mmkriepas.lv\/en\/p\/255-45r19-linglong-green-max-winter-uhp-104h-xl-2\/\" \/>\n<meta property=\"og:locale\" content=\"en_US\" \/>\n<meta property=\"og:type\" content=\"article\" \/>\n<meta property=\"og:title\" content=\"255\/45R19 Linglong GREEN-Max Winter UHP 104H XL\" \/>\n<meta property=\"og:description\" content=\"LingLong GREEN-Max Winter UHP ir labas kvalit\u0101tes, bud\u017eeta klases vissezonas\/ziemas riepu modelis. Tas izce\u013cas ar labiem sa\u0137eres, manevr\u0113tsp\u0113jas, degvielas ekonomijas un brauk\u0161anas komforta r\u0101d\u012bt\u0101jiem pla\u0161\u0101 brauk\u0161anas apst\u0101k\u013cu spektr\u0101. Paredz\u0113ts gan vieglaj\u0101m automa\u0161\u012bn\u0101m, gan apvidus auto jeb SUV, \u0161is riepu modelis pieejams izm\u0113ru kl\u0101st\u0101 no R15, l\u012bdz R20. K\u0101 interesantu faktu var min\u0113t to, ka \u0161\u012bs r\u016bpn\u012bcas riepas izv\u0113las \u0136\u012bnas Komunistisk\u0101s Partijas l\u012bderis Sji Dzji\u0146pins.\" \/>\n<meta property=\"og:url\" content=\"https:\/\/mmkriepas.lv\/en\/p\/255-45r19-linglong-green-max-winter-uhp-104h-xl-2\/\" \/>\n<meta property=\"og:site_name\" content=\"MMK Riepas\" \/>\n<meta property=\"article:publisher\" content=\"https:\/\/www.facebook.com\/mmkserviss\/\" \/>\n<meta property=\"article:modified_time\" content=\"2026-04-24T21:50:08+00:00\" \/>\n<meta property=\"og:image\" content=\"https:\/\/mmkriepas.lv\/wp-content\/uploads\/2023\/11\/23545r17-linglong-green-max-winter-uhp-97h-xl-dot18-ziemas-riepas-6.jpg\" \/>\n\t<meta property=\"og:image:width\" content=\"1920\" \/>\n\t<meta property=\"og:image:height\" content=\"1584\" \/>\n\t<meta property=\"og:image:type\" content=\"image\/jpeg\" \/>\n<meta name=\"twitter:card\" content=\"summary_large_image\" \/>\n<meta name=\"twitter:label1\" content=\"Price\" \/>\n\t<meta name=\"twitter:data1\" content=\"&euro;75.00\" \/>\n\t<meta name=\"twitter:label2\" content=\"Availability\" \/>\n\t<meta name=\"twitter:data2\" content=\"In stock\" \/>\n<script type=\"application\/ld+json\" class=\"yoast-schema-graph\">{\"@context\":\"https:\\\/\\\/schema.org\",\"@graph\":[{\"@type\":\"WebPage\",\"@id\":\"https:\\\/\\\/mmkriepas.lv\\\/en\\\/p\\\/255-45r19-linglong-green-max-winter-uhp-104h-xl-2\\\/\",\"url\":\"https:\\\/\\\/mmkriepas.lv\\\/en\\\/p\\\/255-45r19-linglong-green-max-winter-uhp-104h-xl-2\\\/\",\"name\":\"255\\\/45R19 Linglong GREEN-Max Winter UHP 104H XL &#8226; MMK Riepas\",\"isPartOf\":{\"@id\":\"https:\\\/\\\/mmkriepas.lv\\\/en\\\/#website\"},\"primaryImageOfPage\":{\"@id\":\"https:\\\/\\\/mmkriepas.lv\\\/en\\\/p\\\/255-45r19-linglong-green-max-winter-uhp-104h-xl-2\\\/#primaryimage\"},\"image\":{\"@id\":\"https:\\\/\\\/mmkriepas.lv\\\/en\\\/p\\\/255-45r19-linglong-green-max-winter-uhp-104h-xl-2\\\/#primaryimage\"},\"thumbnailUrl\":\"https:\\\/\\\/mmkriepas.lv\\\/wp-content\\\/uploads\\\/2023\\\/11\\\/23545r17-linglong-green-max-winter-uhp-97h-xl-dot18-ziemas-riepas-6.jpg\",\"datePublished\":\"2025-09-04T12:31:37+00:00\",\"dateModified\":\"2026-04-24T21:50:08+00:00\",\"breadcrumb\":{\"@id\":\"https:\\\/\\\/mmkriepas.lv\\\/en\\\/p\\\/255-45r19-linglong-green-max-winter-uhp-104h-xl-2\\\/#breadcrumb\"},\"inLanguage\":\"en-US\",\"potentialAction\":[{\"@type\":\"ReadAction\",\"target\":[\"https:\\\/\\\/mmkriepas.lv\\\/en\\\/p\\\/255-45r19-linglong-green-max-winter-uhp-104h-xl-2\\\/\"]}]},{\"@type\":\"ImageObject\",\"inLanguage\":\"en-US\",\"@id\":\"https:\\\/\\\/mmkriepas.lv\\\/en\\\/p\\\/255-45r19-linglong-green-max-winter-uhp-104h-xl-2\\\/#primaryimage\",\"url\":\"https:\\\/\\\/mmkriepas.lv\\\/wp-content\\\/uploads\\\/2023\\\/11\\\/23545r17-linglong-green-max-winter-uhp-97h-xl-dot18-ziemas-riepas-6.jpg\",\"contentUrl\":\"https:\\\/\\\/mmkriepas.lv\\\/wp-content\\\/uploads\\\/2023\\\/11\\\/23545r17-linglong-green-max-winter-uhp-97h-xl-dot18-ziemas-riepas-6.jpg\",\"width\":1920,\"height\":1584,\"caption\":\"235\\\/45R17 LingLong GREEN-Max Winter UHP 97H XL DOT18 - Vissezonas riepas \\\/ Ziemas riepas\"},{\"@type\":\"BreadcrumbList\",\"@id\":\"https:\\\/\\\/mmkriepas.lv\\\/en\\\/p\\\/255-45r19-linglong-green-max-winter-uhp-104h-xl-2\\\/#breadcrumb\",\"itemListElement\":[{\"@type\":\"ListItem\",\"position\":1,\"name\":\"S\u0101kums\",\"item\":\"https:\\\/\\\/mmkriepas.lv\\\/en\\\/\"},{\"@type\":\"ListItem\",\"position\":2,\"name\":\"255\\\/45R19 Linglong GREEN-Max Winter UHP 104H XL\"}]},{\"@type\":\"WebSite\",\"@id\":\"https:\\\/\\\/mmkriepas.lv\\\/en\\\/#website\",\"url\":\"https:\\\/\\\/mmkriepas.lv\\\/en\\\/\",\"name\":\"MMK Riepas\",\"description\":\"MMK Riepas\",\"alternateName\":\"MMK Riepu Serviss\",\"potentialAction\":[{\"@type\":\"SearchAction\",\"target\":{\"@type\":\"EntryPoint\",\"urlTemplate\":\"https:\\\/\\\/mmkriepas.lv\\\/en\\\/?s={search_term_string}\"},\"query-input\":{\"@type\":\"PropertyValueSpecification\",\"valueRequired\":true,\"valueName\":\"search_term_string\"}}],\"inLanguage\":\"en-US\"},{\"@type\":\"ImageObject\",\"inLanguage\":\"en-US\",\"@id\":\"https:\\\/\\\/mmkriepas.lv\\\/en\\\/p\\\/255-45r19-linglong-green-max-winter-uhp-104h-xl-2\\\/#local-main-organization-logo\",\"url\":\"\",\"contentUrl\":\"\",\"caption\":\"MMK Riepas\"}]}<\/script>\n<meta property=\"product:brand\" content=\"Linglong GREEN-Max Winter UHP\" \/>\n<meta property=\"product:price:amount\" content=\"75.00\" \/>\n<meta property=\"product:price:currency\" content=\"EUR\" \/>\n<meta property=\"og:availability\" content=\"instock\" \/>\n<meta property=\"product:availability\" content=\"instock\" \/>\n<meta property=\"product:retailer_item_id\" content=\"TW2554519LINGL-51729\" \/>\n<meta property=\"product:condition\" content=\"new\" \/>\n<!-- \/ Yoast SEO Premium plugin. -->","yoast_head_json":{"title":"255\/45R19 Linglong GREEN-Max Winter UHP 104H XL &#8226; MMK Riepas","robots":{"index":"index","follow":"follow","max-snippet":"max-snippet:-1","max-image-preview":"max-image-preview:large","max-video-preview":"max-video-preview:-1"},"canonical":"https:\/\/mmkriepas.lv\/en\/p\/255-45r19-linglong-green-max-winter-uhp-104h-xl-2\/","og_locale":"en_US","og_type":"article","og_title":"255\/45R19 Linglong GREEN-Max Winter UHP 104H XL","og_description":"LingLong GREEN-Max Winter UHP ir labas kvalit\u0101tes, bud\u017eeta klases vissezonas\/ziemas riepu modelis. Tas izce\u013cas ar labiem sa\u0137eres, manevr\u0113tsp\u0113jas, degvielas ekonomijas un brauk\u0161anas komforta r\u0101d\u012bt\u0101jiem pla\u0161\u0101 brauk\u0161anas apst\u0101k\u013cu spektr\u0101. Paredz\u0113ts gan vieglaj\u0101m automa\u0161\u012bn\u0101m, gan apvidus auto jeb SUV, \u0161is riepu modelis pieejams izm\u0113ru kl\u0101st\u0101 no R15, l\u012bdz R20. K\u0101 interesantu faktu var min\u0113t to, ka \u0161\u012bs r\u016bpn\u012bcas riepas izv\u0113las \u0136\u012bnas Komunistisk\u0101s Partijas l\u012bderis Sji Dzji\u0146pins.","og_url":"https:\/\/mmkriepas.lv\/en\/p\/255-45r19-linglong-green-max-winter-uhp-104h-xl-2\/","og_site_name":"MMK Riepas","article_publisher":"https:\/\/www.facebook.com\/mmkserviss\/","article_modified_time":"2026-04-24T21:50:08+00:00","og_image":[{"width":1920,"height":1584,"url":"https:\/\/mmkriepas.lv\/wp-content\/uploads\/2023\/11\/23545r17-linglong-green-max-winter-uhp-97h-xl-dot18-ziemas-riepas-6.jpg","type":"image\/jpeg"}],"twitter_card":"summary_large_image","twitter_misc":{"Price":"&euro;75.00","Availability":"In stock"},"schema":{"@context":"https:\/\/schema.org","@graph":[{"@type":"WebPage","@id":"https:\/\/mmkriepas.lv\/en\/p\/255-45r19-linglong-green-max-winter-uhp-104h-xl-2\/","url":"https:\/\/mmkriepas.lv\/en\/p\/255-45r19-linglong-green-max-winter-uhp-104h-xl-2\/","name":"255\/45R19 Linglong GREEN-Max Winter UHP 104H XL &#8226; MMK Riepas","isPartOf":{"@id":"https:\/\/mmkriepas.lv\/en\/#website"},"primaryImageOfPage":{"@id":"https:\/\/mmkriepas.lv\/en\/p\/255-45r19-linglong-green-max-winter-uhp-104h-xl-2\/#primaryimage"},"image":{"@id":"https:\/\/mmkriepas.lv\/en\/p\/255-45r19-linglong-green-max-winter-uhp-104h-xl-2\/#primaryimage"},"thumbnailUrl":"https:\/\/mmkriepas.lv\/wp-content\/uploads\/2023\/11\/23545r17-linglong-green-max-winter-uhp-97h-xl-dot18-ziemas-riepas-6.jpg","datePublished":"2025-09-04T12:31:37+00:00","dateModified":"2026-04-24T21:50:08+00:00","breadcrumb":{"@id":"https:\/\/mmkriepas.lv\/en\/p\/255-45r19-linglong-green-max-winter-uhp-104h-xl-2\/#breadcrumb"},"inLanguage":"en-US","potentialAction":[{"@type":"ReadAction","target":["https:\/\/mmkriepas.lv\/en\/p\/255-45r19-linglong-green-max-winter-uhp-104h-xl-2\/"]}]},{"@type":"ImageObject","inLanguage":"en-US","@id":"https:\/\/mmkriepas.lv\/en\/p\/255-45r19-linglong-green-max-winter-uhp-104h-xl-2\/#primaryimage","url":"https:\/\/mmkriepas.lv\/wp-content\/uploads\/2023\/11\/23545r17-linglong-green-max-winter-uhp-97h-xl-dot18-ziemas-riepas-6.jpg","contentUrl":"https:\/\/mmkriepas.lv\/wp-content\/uploads\/2023\/11\/23545r17-linglong-green-max-winter-uhp-97h-xl-dot18-ziemas-riepas-6.jpg","width":1920,"height":1584,"caption":"235\/45R17 LingLong GREEN-Max Winter UHP 97H XL DOT18 - Vissezonas riepas \/ Ziemas riepas"},{"@type":"BreadcrumbList","@id":"https:\/\/mmkriepas.lv\/en\/p\/255-45r19-linglong-green-max-winter-uhp-104h-xl-2\/#breadcrumb","itemListElement":[{"@type":"ListItem","position":1,"name":"S\u0101kums","item":"https:\/\/mmkriepas.lv\/en\/"},{"@type":"ListItem","position":2,"name":"255\/45R19 Linglong GREEN-Max Winter UHP 104H XL"}]},{"@type":"WebSite","@id":"https:\/\/mmkriepas.lv\/en\/#website","url":"https:\/\/mmkriepas.lv\/en\/","name":"MMK Riepas","description":"MMK Riepas","alternateName":"MMK Riepu Serviss","potentialAction":[{"@type":"SearchAction","target":{"@type":"EntryPoint","urlTemplate":"https:\/\/mmkriepas.lv\/en\/?s={search_term_string}"},"query-input":{"@type":"PropertyValueSpecification","valueRequired":true,"valueName":"search_term_string"}}],"inLanguage":"en-US"},{"@type":"ImageObject","inLanguage":"en-US","@id":"https:\/\/mmkriepas.lv\/en\/p\/255-45r19-linglong-green-max-winter-uhp-104h-xl-2\/#local-main-organization-logo","url":"","contentUrl":"","caption":"MMK Riepas"}]},"product_brand":"Linglong GREEN-Max Winter UHP","product_price_amount":"75.00","product_price_currency":"EUR","og_availability":"instock","product_availability":"instock","product_retailer_item_id":"TW2554519LINGL-51729","product_condition":"new"},"_links":{"self":[{"href":"https:\/\/mmkriepas.lv\/en\/wp-json\/wp\/v2\/product\/1332450","targetHints":{"allow":["GET"]}}],"collection":[{"href":"https:\/\/mmkriepas.lv\/en\/wp-json\/wp\/v2\/product"}],"about":[{"href":"https:\/\/mmkriepas.lv\/en\/wp-json\/wp\/v2\/types\/product"}],"wp:featuredmedia":[{"embeddable":true,"href":"https:\/\/mmkriepas.lv\/en\/wp-json\/wp\/v2\/media\/822595"}],"wp:attachment":[{"href":"https:\/\/mmkriepas.lv\/en\/wp-json\/wp\/v2\/media?parent=1332450"}],"wp:term":[{"taxonomy":"product_brand","embeddable":true,"href":"https:\/\/mmkriepas.lv\/en\/wp-json\/wp\/v2\/product_brand?post=1332450"},{"taxonomy":"product_cat","embeddable":true,"href":"https:\/\/mmkriepas.lv\/en\/wp-json\/wp\/v2\/product_cat?post=1332450"},{"taxonomy":"product_tag","embeddable":true,"href":"https:\/\/mmkriepas.lv\/en\/wp-json\/wp\/v2\/product_tag?post=1332450"}],"curies":[{"name":"wp","href":"https:\/\/api.w.org\/{rel}","templated":true}]}}