{"id":1331577,"date":"2025-09-03T18:47:21","date_gmt":"2025-09-03T15:47:21","guid":{"rendered":"https:\/\/mmkriepas.lv\/?post_type=product&#038;p=1331577"},"modified":"2026-03-27T15:08:16","modified_gmt":"2026-03-27T13:08:16","slug":"325-35r20-gripmax-suregrip-pro-sport-108y-xl-dot","status":"publish","type":"product","link":"https:\/\/mmkriepas.lv\/en\/p\/325-35r20-gripmax-suregrip-pro-sport-108y-xl-dot\/","title":{"rendered":"325\/35R20 Gripmax SureGrip Pro Sport 108Y XL RP DOT22"},"content":{"rendered":"<p style=\"margin: 12.0pt 0cm 12.0pt 0cm;\"><b><span style=\"font-size: 11.0pt; font-family: 'Arial',sans-serif; color: black;\">Gripmax SureGrip Pro Sport<\/span><\/b><span style=\"white-space: pre-wrap;\"><span style=\"font-size: 11.0pt; font-family: 'Arial',sans-serif; color: black;\"> &#8211; augstas veiktsp\u0113jas jeb UHP vasaras riepu modelis, kas paredz\u0113ts m\u016bsdienu dinamiskai brauk\u0161anai. Pieejams pla\u0161\u0101 izm\u0113ru kl\u0101st\u0101 gan vieglaji\u0101m, gan apvidus jeb SUV automa\u0161\u012bn\u0101m.<\/span><\/span><o:p><\/o:p><\/p>\n<h3 style=\"margin: 14.0pt 0cm 4.0pt 0cm;\"><span style=\"white-space: pre-wrap;\"><span style=\"font-size: 13.0pt; font-family: 'Arial',sans-serif; color: black;\">Gripmax SureGrip Pro Sport<\/span><\/span><span style=\"white-space: pre-wrap;\"><span style=\"font-size: 13.0pt; font-family: 'Arial',sans-serif; color: black; font-weight: normal;\"> <\/span><span style=\"font-size: 13.0pt; font-family: 'Arial',sans-serif; color: black;\"><\/span>galven\u0101s \u012bpa\u0161\u012bbas<\/span><o:p><\/o:p><\/h3>\n<p style=\"margin: 12.0pt 0cm 12.0pt 0cm;\"><span style=\"white-space: pre-wrap;\"><span style=\"font-size: 11.0pt; font-family: 'Arial',sans-serif; color: black;\">+ Paaugstin\u0101ta veiktsp\u0113ja uz sausa un slapja asfalta pat lielos brauk\u0161anas \u0101trumos.<\/span><\/span><o:p><\/o:p><\/p>\n<p style=\"margin: 12.0pt 0cm 12.0pt 0cm;\"><span style=\"white-space: pre-wrap;\"><span style=\"font-size: 11.0pt; font-family: 'Arial',sans-serif; color: black;\">+ Palielin\u0101ta nodilumiztur\u012bba.<\/span><\/span><o:p><\/o:p><\/p>\n<p style=\"margin: 12.0pt 0cm 12.0pt 0cm;\"><span style=\"white-space: pre-wrap;\"><span style=\"font-size: 11.0pt; font-family: 'Arial',sans-serif; color: black;\">+ Teicama cenas un veiktsp\u0113jas attiec\u012bba.<\/span><\/span><o:p><\/o:p><\/p>\n<p style=\"margin: 12.0pt 0cm 12.0pt 0cm;\"><span style=\"white-space: pre-wrap;\"><span style=\"font-size: 11.0pt; font-family: 'Arial',sans-serif; color: black;\">+ Degvielas ekonomija.<\/span><\/span><o:p><\/o:p><\/p>\n<p style=\"margin: 12.0pt 0cm 12.0pt 0cm;\"><span style=\"white-space: pre-wrap;\"><span style=\"font-size: 11.0pt; font-family: 'Arial',sans-serif; color: black;\">+ Paaugstin\u0101ts brauk\u0161anas un akustiskais komforts.<\/span><\/span><o:p><\/o:p><\/p>\n<h3 style=\"margin: 14.0pt 0cm 4.0pt 0cm;\"><span style=\"white-space: pre-wrap;\"><span style=\"font-size: 13.0pt; font-family: 'Arial',sans-serif; color: black;\">SureGrip Pro Sport<\/span><\/span><span style=\"white-space: pre-wrap;\"><span style=\"font-size: 13.0pt; font-family: 'Arial',sans-serif; color: black; font-weight: normal;\"> <\/span><span style=\"font-size: 13.0pt; font-family: 'Arial',sans-serif; color: black;\"><\/span>apr\u012bkojums<\/span><o:p><\/o:p><\/h3>\n<p style=\"margin: 12.0pt 0cm 12.0pt 0cm;\"><span style=\"white-space: pre-wrap;\"><b><span style=\"font-size: 11.0pt; font-family: 'Arial',sans-serif; color: black;\">Gripmax SureGrip Pro Sport<\/span><\/b><\/span><span style=\"white-space: pre-wrap;\"><span style=\"font-size: 11.0pt; font-family: 'Arial',sans-serif; color: black;\"> vasaras riepas apr\u012bkotas ar klasisku asimetrisko protektora rakstu. Starp t\u0101 gareniskaj\u0101m protektora virkn\u0113m izvietotas pla\u0161as dren\u0101\u017eas jeb \u016bdens novadrievas, samazinot akvaplan\u0113\u0161anas risku un uzlabojot akustisko komfortu.<\/span><\/span><o:p><\/o:p><\/p>\n<p style=\"margin: 12.0pt 0cm 12.0pt 0cm;\"><span style=\"white-space: pre-wrap;\"><span style=\"font-size: 11.0pt; font-family: 'Arial',sans-serif; color: black;\">Asimetriskais protektors darin\u0101ts no augstv\u0113rt\u012bga gumijas kompoz\u012btmateri\u0101la. T\u0101 sast\u0101vam pievienota virkne elastrom\u0113ru, kas pal\u012bdz saglab\u0101t elast\u012bbu un formu paaugstin\u0101tas slodzes un temperat\u016bras apst\u0101k\u013cos.<\/span><\/span><\/p>\n","protected":false},"excerpt":{"rendered":"<p><b><span style=\"font-size: 11.0pt; font-family: 'Arial',sans-serif; color: black;\">Gripmax SureGrip Pro Sport<\/span><\/b><span style=\"white-space: pre-wrap;\"><span style=\"font-size: 11.0pt; font-family: 'Arial',sans-serif; color: black;\"> &#8211; augstas veiktsp\u0113jas jeb UHP vasaras riepu modelis, kas paredz\u0113ts m\u016bsdienu dinamiskai brauk\u0161anai. Pieejams pla\u0161\u0101 izm\u0113ru kl\u0101st\u0101 gan vieglaji\u0101m, gan apvidus jeb SUV automa\u0161\u012bn\u0101m.<\/span><\/span><\/p>\n","protected":false},"featured_media":891138,"template":"","meta":{"_acf_changed":false,"ngg_post_thumbnail":0},"product_brand":[],"product_cat":[46],"product_tag":[],"class_list":{"0":"post-1331577","1":"product","2":"type-product","3":"status-publish","4":"has-post-thumbnail","6":"product_cat-vasaras-riepas","8":"first","9":"instock","10":"sale","11":"taxable","12":"shipping-taxable","13":"purchasable","14":"product-type-simple"},"acf":[],"yoast_head":"<!-- This site is optimized with the Yoast SEO Premium plugin v22.6 (Yoast SEO v27.3) - https:\/\/yoast.com\/product\/yoast-seo-premium-wordpress\/ -->\n<title>325\/35R20 Gripmax SureGrip Pro Sport 108Y XL RP DOT22 &#8226; MMK Riepas<\/title>\n<meta name=\"robots\" content=\"index, follow, max-snippet:-1, max-image-preview:large, max-video-preview:-1\" \/>\n<link rel=\"canonical\" href=\"https:\/\/mmkriepas.lv\/en\/p\/325-35r20-gripmax-suregrip-pro-sport-108y-xl-dot\/\" \/>\n<meta property=\"og:locale\" content=\"en_US\" \/>\n<meta property=\"og:type\" content=\"article\" \/>\n<meta property=\"og:title\" content=\"325\/35R20 Gripmax SureGrip Pro Sport 108Y XL RP DOT22\" \/>\n<meta property=\"og:description\" content=\"Gripmax SureGrip Pro Sport - augstas veiktsp\u0113jas jeb UHP vasaras riepu modelis, kas paredz\u0113ts m\u016bsdienu dinamiskai brauk\u0161anai. Pieejams pla\u0161\u0101 izm\u0113ru kl\u0101st\u0101 gan vieglaji\u0101m, gan apvidus jeb SUV automa\u0161\u012bn\u0101m.\" \/>\n<meta property=\"og:url\" content=\"https:\/\/mmkriepas.lv\/en\/p\/325-35r20-gripmax-suregrip-pro-sport-108y-xl-dot\/\" \/>\n<meta property=\"og:site_name\" content=\"MMK Riepas\" \/>\n<meta property=\"article:publisher\" content=\"https:\/\/www.facebook.com\/mmkserviss\/\" \/>\n<meta property=\"article:modified_time\" content=\"2026-03-27T13:08:16+00:00\" \/>\n<meta property=\"og:image\" content=\"https:\/\/mmkriepas.lv\/wp-content\/uploads\/2024\/04\/25535r19-gripmax-suregrip-pro-sport-96y-xl-rp-vasaras-riepas.jpg\" \/>\n\t<meta property=\"og:image:width\" content=\"1000\" \/>\n\t<meta property=\"og:image:height\" content=\"857\" \/>\n\t<meta property=\"og:image:type\" content=\"image\/jpeg\" \/>\n<meta name=\"twitter:card\" content=\"summary_large_image\" \/>\n<meta name=\"twitter:label1\" content=\"Price\" \/>\n\t<meta name=\"twitter:data1\" content=\"&euro;173.00\" \/>\n\t<meta name=\"twitter:label2\" content=\"Availability\" \/>\n\t<meta name=\"twitter:data2\" content=\"In stock\" \/>\n<script type=\"application\/ld+json\" class=\"yoast-schema-graph\">{\"@context\":\"https:\\\/\\\/schema.org\",\"@graph\":[{\"@type\":\"WebPage\",\"@id\":\"https:\\\/\\\/mmkriepas.lv\\\/en\\\/p\\\/325-35r20-gripmax-suregrip-pro-sport-108y-xl-dot\\\/\",\"url\":\"https:\\\/\\\/mmkriepas.lv\\\/en\\\/p\\\/325-35r20-gripmax-suregrip-pro-sport-108y-xl-dot\\\/\",\"name\":\"325\\\/35R20 Gripmax SureGrip Pro Sport 108Y XL RP DOT22 &#8226; MMK Riepas\",\"isPartOf\":{\"@id\":\"https:\\\/\\\/mmkriepas.lv\\\/en\\\/#website\"},\"primaryImageOfPage\":{\"@id\":\"https:\\\/\\\/mmkriepas.lv\\\/en\\\/p\\\/325-35r20-gripmax-suregrip-pro-sport-108y-xl-dot\\\/#primaryimage\"},\"image\":{\"@id\":\"https:\\\/\\\/mmkriepas.lv\\\/en\\\/p\\\/325-35r20-gripmax-suregrip-pro-sport-108y-xl-dot\\\/#primaryimage\"},\"thumbnailUrl\":\"https:\\\/\\\/mmkriepas.lv\\\/wp-content\\\/uploads\\\/2024\\\/04\\\/25535r19-gripmax-suregrip-pro-sport-96y-xl-rp-vasaras-riepas.jpg\",\"datePublished\":\"2025-09-03T15:47:21+00:00\",\"dateModified\":\"2026-03-27T13:08:16+00:00\",\"breadcrumb\":{\"@id\":\"https:\\\/\\\/mmkriepas.lv\\\/en\\\/p\\\/325-35r20-gripmax-suregrip-pro-sport-108y-xl-dot\\\/#breadcrumb\"},\"inLanguage\":\"en-US\",\"potentialAction\":[{\"@type\":\"ReadAction\",\"target\":[\"https:\\\/\\\/mmkriepas.lv\\\/en\\\/p\\\/325-35r20-gripmax-suregrip-pro-sport-108y-xl-dot\\\/\"]}]},{\"@type\":\"ImageObject\",\"inLanguage\":\"en-US\",\"@id\":\"https:\\\/\\\/mmkriepas.lv\\\/en\\\/p\\\/325-35r20-gripmax-suregrip-pro-sport-108y-xl-dot\\\/#primaryimage\",\"url\":\"https:\\\/\\\/mmkriepas.lv\\\/wp-content\\\/uploads\\\/2024\\\/04\\\/25535r19-gripmax-suregrip-pro-sport-96y-xl-rp-vasaras-riepas.jpg\",\"contentUrl\":\"https:\\\/\\\/mmkriepas.lv\\\/wp-content\\\/uploads\\\/2024\\\/04\\\/25535r19-gripmax-suregrip-pro-sport-96y-xl-rp-vasaras-riepas.jpg\",\"width\":1000,\"height\":857,\"caption\":\"MAIN\"},{\"@type\":\"BreadcrumbList\",\"@id\":\"https:\\\/\\\/mmkriepas.lv\\\/en\\\/p\\\/325-35r20-gripmax-suregrip-pro-sport-108y-xl-dot\\\/#breadcrumb\",\"itemListElement\":[{\"@type\":\"ListItem\",\"position\":1,\"name\":\"S\u0101kums\",\"item\":\"https:\\\/\\\/mmkriepas.lv\\\/en\\\/\"},{\"@type\":\"ListItem\",\"position\":2,\"name\":\"325\\\/35R20 Gripmax SureGrip Pro Sport 108Y XL RP DOT22\"}]},{\"@type\":\"WebSite\",\"@id\":\"https:\\\/\\\/mmkriepas.lv\\\/en\\\/#website\",\"url\":\"https:\\\/\\\/mmkriepas.lv\\\/en\\\/\",\"name\":\"MMK Riepas\",\"description\":\"MMK Riepas\",\"alternateName\":\"MMK Riepu Serviss\",\"potentialAction\":[{\"@type\":\"SearchAction\",\"target\":{\"@type\":\"EntryPoint\",\"urlTemplate\":\"https:\\\/\\\/mmkriepas.lv\\\/en\\\/?s={search_term_string}\"},\"query-input\":{\"@type\":\"PropertyValueSpecification\",\"valueRequired\":true,\"valueName\":\"search_term_string\"}}],\"inLanguage\":\"en-US\"},{\"@type\":\"ImageObject\",\"inLanguage\":\"en-US\",\"@id\":\"https:\\\/\\\/mmkriepas.lv\\\/en\\\/p\\\/325-35r20-gripmax-suregrip-pro-sport-108y-xl-dot\\\/#local-main-organization-logo\",\"url\":\"\",\"contentUrl\":\"\",\"caption\":\"MMK Riepas\"}]}<\/script>\n<meta property=\"product:brand\" content=\"Gripmax SureGrip Pro Sport\" \/>\n<meta property=\"product:price:amount\" content=\"173.00\" \/>\n<meta property=\"product:price:currency\" content=\"EUR\" \/>\n<meta property=\"og:availability\" content=\"instock\" \/>\n<meta property=\"product:availability\" content=\"instock\" \/>\n<meta property=\"product:retailer_item_id\" content=\"TS3253520GRIPM-L51648\" \/>\n<meta property=\"product:condition\" content=\"new\" \/>\n<!-- \/ Yoast SEO Premium plugin. -->","yoast_head_json":{"title":"325\/35R20 Gripmax SureGrip Pro Sport 108Y XL RP DOT22 &#8226; MMK Riepas","robots":{"index":"index","follow":"follow","max-snippet":"max-snippet:-1","max-image-preview":"max-image-preview:large","max-video-preview":"max-video-preview:-1"},"canonical":"https:\/\/mmkriepas.lv\/en\/p\/325-35r20-gripmax-suregrip-pro-sport-108y-xl-dot\/","og_locale":"en_US","og_type":"article","og_title":"325\/35R20 Gripmax SureGrip Pro Sport 108Y XL RP DOT22","og_description":"Gripmax SureGrip Pro Sport - augstas veiktsp\u0113jas jeb UHP vasaras riepu modelis, kas paredz\u0113ts m\u016bsdienu dinamiskai brauk\u0161anai. Pieejams pla\u0161\u0101 izm\u0113ru kl\u0101st\u0101 gan vieglaji\u0101m, gan apvidus jeb SUV automa\u0161\u012bn\u0101m.","og_url":"https:\/\/mmkriepas.lv\/en\/p\/325-35r20-gripmax-suregrip-pro-sport-108y-xl-dot\/","og_site_name":"MMK Riepas","article_publisher":"https:\/\/www.facebook.com\/mmkserviss\/","article_modified_time":"2026-03-27T13:08:16+00:00","og_image":[{"width":1000,"height":857,"url":"https:\/\/mmkriepas.lv\/wp-content\/uploads\/2024\/04\/25535r19-gripmax-suregrip-pro-sport-96y-xl-rp-vasaras-riepas.jpg","type":"image\/jpeg"}],"twitter_card":"summary_large_image","twitter_misc":{"Price":"&euro;173.00","Availability":"In stock"},"schema":{"@context":"https:\/\/schema.org","@graph":[{"@type":"WebPage","@id":"https:\/\/mmkriepas.lv\/en\/p\/325-35r20-gripmax-suregrip-pro-sport-108y-xl-dot\/","url":"https:\/\/mmkriepas.lv\/en\/p\/325-35r20-gripmax-suregrip-pro-sport-108y-xl-dot\/","name":"325\/35R20 Gripmax SureGrip Pro Sport 108Y XL RP DOT22 &#8226; MMK Riepas","isPartOf":{"@id":"https:\/\/mmkriepas.lv\/en\/#website"},"primaryImageOfPage":{"@id":"https:\/\/mmkriepas.lv\/en\/p\/325-35r20-gripmax-suregrip-pro-sport-108y-xl-dot\/#primaryimage"},"image":{"@id":"https:\/\/mmkriepas.lv\/en\/p\/325-35r20-gripmax-suregrip-pro-sport-108y-xl-dot\/#primaryimage"},"thumbnailUrl":"https:\/\/mmkriepas.lv\/wp-content\/uploads\/2024\/04\/25535r19-gripmax-suregrip-pro-sport-96y-xl-rp-vasaras-riepas.jpg","datePublished":"2025-09-03T15:47:21+00:00","dateModified":"2026-03-27T13:08:16+00:00","breadcrumb":{"@id":"https:\/\/mmkriepas.lv\/en\/p\/325-35r20-gripmax-suregrip-pro-sport-108y-xl-dot\/#breadcrumb"},"inLanguage":"en-US","potentialAction":[{"@type":"ReadAction","target":["https:\/\/mmkriepas.lv\/en\/p\/325-35r20-gripmax-suregrip-pro-sport-108y-xl-dot\/"]}]},{"@type":"ImageObject","inLanguage":"en-US","@id":"https:\/\/mmkriepas.lv\/en\/p\/325-35r20-gripmax-suregrip-pro-sport-108y-xl-dot\/#primaryimage","url":"https:\/\/mmkriepas.lv\/wp-content\/uploads\/2024\/04\/25535r19-gripmax-suregrip-pro-sport-96y-xl-rp-vasaras-riepas.jpg","contentUrl":"https:\/\/mmkriepas.lv\/wp-content\/uploads\/2024\/04\/25535r19-gripmax-suregrip-pro-sport-96y-xl-rp-vasaras-riepas.jpg","width":1000,"height":857,"caption":"MAIN"},{"@type":"BreadcrumbList","@id":"https:\/\/mmkriepas.lv\/en\/p\/325-35r20-gripmax-suregrip-pro-sport-108y-xl-dot\/#breadcrumb","itemListElement":[{"@type":"ListItem","position":1,"name":"S\u0101kums","item":"https:\/\/mmkriepas.lv\/en\/"},{"@type":"ListItem","position":2,"name":"325\/35R20 Gripmax SureGrip Pro Sport 108Y XL RP DOT22"}]},{"@type":"WebSite","@id":"https:\/\/mmkriepas.lv\/en\/#website","url":"https:\/\/mmkriepas.lv\/en\/","name":"MMK Riepas","description":"MMK Riepas","alternateName":"MMK Riepu Serviss","potentialAction":[{"@type":"SearchAction","target":{"@type":"EntryPoint","urlTemplate":"https:\/\/mmkriepas.lv\/en\/?s={search_term_string}"},"query-input":{"@type":"PropertyValueSpecification","valueRequired":true,"valueName":"search_term_string"}}],"inLanguage":"en-US"},{"@type":"ImageObject","inLanguage":"en-US","@id":"https:\/\/mmkriepas.lv\/en\/p\/325-35r20-gripmax-suregrip-pro-sport-108y-xl-dot\/#local-main-organization-logo","url":"","contentUrl":"","caption":"MMK Riepas"}]},"product_brand":"Gripmax SureGrip Pro Sport","product_price_amount":"173.00","product_price_currency":"EUR","og_availability":"instock","product_availability":"instock","product_retailer_item_id":"TS3253520GRIPM-L51648","product_condition":"new"},"_links":{"self":[{"href":"https:\/\/mmkriepas.lv\/en\/wp-json\/wp\/v2\/product\/1331577","targetHints":{"allow":["GET"]}}],"collection":[{"href":"https:\/\/mmkriepas.lv\/en\/wp-json\/wp\/v2\/product"}],"about":[{"href":"https:\/\/mmkriepas.lv\/en\/wp-json\/wp\/v2\/types\/product"}],"wp:featuredmedia":[{"embeddable":true,"href":"https:\/\/mmkriepas.lv\/en\/wp-json\/wp\/v2\/media\/891138"}],"wp:attachment":[{"href":"https:\/\/mmkriepas.lv\/en\/wp-json\/wp\/v2\/media?parent=1331577"}],"wp:term":[{"taxonomy":"product_brand","embeddable":true,"href":"https:\/\/mmkriepas.lv\/en\/wp-json\/wp\/v2\/product_brand?post=1331577"},{"taxonomy":"product_cat","embeddable":true,"href":"https:\/\/mmkriepas.lv\/en\/wp-json\/wp\/v2\/product_cat?post=1331577"},{"taxonomy":"product_tag","embeddable":true,"href":"https:\/\/mmkriepas.lv\/en\/wp-json\/wp\/v2\/product_tag?post=1331577"}],"curies":[{"name":"wp","href":"https:\/\/api.w.org\/{rel}","templated":true}]}}