{"id":1330663,"date":"2025-09-02T16:51:33","date_gmt":"2025-09-02T13:51:33","guid":{"rendered":"https:\/\/mmkriepas.lv\/?post_type=product&#038;p=1330663"},"modified":"2026-03-30T14:13:55","modified_gmt":"2026-03-30T11:13:55","slug":"215-65r16c-kumho-winter-portran-cw11-109-107r-3","status":"publish","type":"product","link":"https:\/\/mmkriepas.lv\/en\/p\/215-65r16c-kumho-winter-portran-cw11-109-107r-3\/","title":{"rendered":"215\/65R16C Kumho Winter PorTran CW11 109\/107R"},"content":{"rendered":"<p><span style=\"font-family: Arial, sans-serif;\"><span style=\"font-size: medium;\"><span style=\"color: #000000;\"><span style=\"font-size: small;\"><b>Kumho<\/b><\/span><\/span><span style=\"color: #000000;\"><span style=\"font-size: small;\"><b> Winter PorTran CW11 <\/b><\/span><\/span><span style=\"color: #000000;\"><span style=\"font-size: small;\">ir teicamas kvalit\u0101tes, vid\u0113j\u0101s klases rad\u017eojamais ziemas komerctransporta riepu modelis. Tas izce\u013cas ar teicam\u0101m veiktsp\u0113jas \u012bpa\u0161\u012bb\u0101m pat skarbos ziemas apst\u0101k\u013cos, k\u0101 ar\u012b ar palielin\u0101tu nodilumiztur\u012bbu un kravnes\u012bbu.<\/span><\/span><\/span><\/span><\/p>\n<h3 class=\"western\"><span style=\"font-family: Arial, sans-serif;\"><span style=\"color: #000000;\"><span style=\"font-size: medium;\">Winter PorTran CW11 galven\u0101s iez\u012bmes<\/span><\/span><\/span><\/h3>\n<p><span style=\"font-family: Arial, sans-serif;\"><span style=\"font-size: medium;\"><span style=\"color: #000000;\"><span style=\"font-size: small;\">+ Teicamas sa\u0137eres un manevr\u0113tsp\u0113jas \u012bpa\u0161\u012bbas pat skarbos ziemas apst\u0101k\u013cos.<\/span><\/span><\/span><\/span><\/p>\n<p><span style=\"font-family: Arial, sans-serif;\"><span style=\"font-size: medium;\"><span style=\"color: #000000;\"><span style=\"font-size: small;\">+ Iesp\u0113ja protektoru apr\u012bkot ar radz\u0113m, b\u016btiski uzlabojot veiktsp\u0113ju uz apledoju\u0161\u0101m ce\u013ca virsm\u0101m.<\/span><\/span><\/span><\/span><\/p>\n<p><span style=\"font-family: Arial, sans-serif;\"><span style=\"font-size: medium;\"><span style=\"color: #000000;\"><span style=\"font-size: small;\">+ Agres\u012bvs un dzi\u013c\u0161 protektors.<\/span><\/span><\/span><\/span><\/p>\n<p><span style=\"font-family: Arial, sans-serif;\"><span style=\"font-size: medium;\"><span style=\"color: #000000;\"><span style=\"font-size: small;\">+ Palielin\u0101ta nodilumiztur\u012bba pat intes\u012bvas ekspluat\u0101cijas apst\u0101k\u013cos.<\/span><\/span><\/span><\/span><\/p>\n<p><span style=\"font-family: Arial, sans-serif;\"><span style=\"font-size: medium;\"><span style=\"color: #000000;\"><span style=\"font-size: small;\">+ Palielin\u0101ta kravnes\u012bba.<\/span><\/span><\/span><\/span><\/p>\n<h3 class=\"western\"><span style=\"font-family: Arial, sans-serif;\"><span style=\"color: #000000;\"><span style=\"font-size: medium;\">Winter PorTran CW11 apr\u012bkojums<\/span><\/span><\/span><\/h3>\n<p><span style=\"font-family: Arial, sans-serif;\"><span style=\"font-size: medium;\"><span style=\"color: #000000;\"><span style=\"font-size: small;\"><b>Kumho<\/b><\/span><\/span><span style=\"color: #000000;\"><span style=\"font-size: small;\"><b> Winter PorTran CW11 <\/b><\/span><\/span><span style=\"color: #000000;\"><span style=\"font-size: small;\">ziemas komerctransporta jeb busu riepas apr\u012bkotas ar \u012bpa\u0161i agres\u012bvu, dzi\u013cu virzienveida protektora rakstu. \u0160\u0101ds protektora dizains izv\u0113l\u0113ts, lai uzlabotu riepu veiktsp\u0113ju \u012bpa\u0161i skarbos ziemas brauk\u0161anas apst\u0101k\u013cos.<\/span><\/span><\/span><\/span><\/p>\n<p><span style=\"font-family: Arial, sans-serif;\"><span style=\"font-size: medium;\"><span style=\"color: #000000;\"><span style=\"font-size: small;\">Mas\u012bvie V-veid\u0101 izk\u0101rtotie protektora bloki bru\u0146oti ar 3D lamel\u0113m. T\u0101s bremz\u0113jot savstarp\u0113ji blo\u0137\u0113jas, palielinot riepu sa\u0137eres laukumu ar ce\u013cu, k\u0101 ar\u012b sabliet\u0113t\u0101 snieg\u0101 un led\u016b iec\u0113rtas ar as\u0101m kant\u0113m, veidojot cie\u0161u sa\u0137eri.<\/span><\/span><\/span><\/span><\/p>\n<p><span style=\"font-family: Arial, sans-serif;\"><span style=\"font-size: medium;\"><span style=\"color: #000000;\"><span style=\"font-size: small;\">Riepu \u0101rmal\u0101m ir asas kantes, kas b\u016btiski uzlabo manevr\u0113tsp\u0113ju snieg\u0101. Savuk\u0101rt, pats protektors darin\u0101ts no elastrom\u0113riem bag\u0101ta un nodilumiztur\u012bga gumijas sakaus\u0113juma. Protektora pamat\u0101 atrodams \u012bpa\u0161i iztur\u012bgs karkass, kas pastiprin\u0101ts ar vair\u0101kiem papildus kordu jeb brekera sl\u0101\u0146iem, uzlabojot triecieniztur\u012bbu un kravnes\u012bbu.<\/span><\/span><\/span><\/span><\/p>\n","protected":false},"excerpt":{"rendered":"<p><span style=\"font-family: Arial, sans-serif;\"><span style=\"font-size: medium;\"><span style=\"color: #000000;\"><span style=\"font-size: small;\"><b>Kumho<\/b><\/span><\/span><span style=\"color: #000000;\"><span style=\"font-size: small;\"><b> Winter PorTran CW11 <\/b><\/span><\/span><span style=\"color: #000000;\"><span style=\"font-size: small;\">ir teicamas kvalit\u0101tes, vid\u0113j\u0101s klases rad\u017eojamais ziemas komerctransporta riepu modelis. Tas izce\u013cas ar teicam\u0101m veiktsp\u0113jas \u012bpa\u0161\u012bb\u0101m pat skarbos ziemas apst\u0101k\u013cos, k\u0101 ar\u012b ar palielin\u0101tu nodilumiztur\u012bbu un kravnes\u012bbu.<\/span><\/span><\/span><\/span><\/p>\n","protected":false},"featured_media":837129,"template":"","meta":{"_acf_changed":false,"ngg_post_thumbnail":0},"product_brand":[],"product_cat":[47,45],"product_tag":[],"class_list":{"0":"post-1330663","1":"product","2":"type-product","3":"status-publish","4":"has-post-thumbnail","6":"product_cat-vissezonas-riepas","7":"product_cat-ziemas-riepas","9":"first","10":"instock","11":"sale","12":"taxable","13":"shipping-taxable","14":"purchasable","15":"product-type-simple"},"acf":[],"yoast_head":"<!-- This site is optimized with the Yoast SEO Premium plugin v22.6 (Yoast SEO v27.3) - https:\/\/yoast.com\/product\/yoast-seo-premium-wordpress\/ -->\n<title>215\/65R16C Kumho Winter PorTran CW11 109\/107R &#8226; MMK Riepas<\/title>\n<meta name=\"robots\" content=\"index, follow, max-snippet:-1, max-image-preview:large, max-video-preview:-1\" \/>\n<link rel=\"canonical\" href=\"https:\/\/mmkriepas.lv\/en\/p\/215-65r16c-kumho-winter-portran-cw11-109-107r-3\/\" \/>\n<meta property=\"og:locale\" content=\"en_US\" \/>\n<meta property=\"og:type\" content=\"article\" \/>\n<meta property=\"og:title\" content=\"215\/65R16C Kumho Winter PorTran CW11 109\/107R\" \/>\n<meta property=\"og:description\" content=\"Kumho Winter PorTran CW11 ir teicamas kvalit\u0101tes, vid\u0113j\u0101s klases rad\u017eojamais ziemas komerctransporta riepu modelis. Tas izce\u013cas ar teicam\u0101m veiktsp\u0113jas \u012bpa\u0161\u012bb\u0101m pat skarbos ziemas apst\u0101k\u013cos, k\u0101 ar\u012b ar palielin\u0101tu nodilumiztur\u012bbu un kravnes\u012bbu.\" \/>\n<meta property=\"og:url\" content=\"https:\/\/mmkriepas.lv\/en\/p\/215-65r16c-kumho-winter-portran-cw11-109-107r-3\/\" \/>\n<meta property=\"og:site_name\" content=\"MMK Riepas\" \/>\n<meta property=\"article:publisher\" content=\"https:\/\/www.facebook.com\/mmkserviss\/\" \/>\n<meta property=\"article:modified_time\" content=\"2026-03-30T11:13:55+00:00\" \/>\n<meta property=\"og:image\" content=\"https:\/\/mmkriepas.lv\/wp-content\/uploads\/2023\/12\/22570r15c-marshal-winter-portran-cw11-112110r-ziemas-riepas.jpg\" \/>\n\t<meta property=\"og:image:width\" content=\"1920\" \/>\n\t<meta property=\"og:image:height\" content=\"1920\" \/>\n\t<meta property=\"og:image:type\" content=\"image\/jpeg\" \/>\n<meta name=\"twitter:card\" content=\"summary_large_image\" \/>\n<meta name=\"twitter:label1\" content=\"Price\" \/>\n\t<meta name=\"twitter:data1\" content=\"&euro;119.00\" \/>\n\t<meta name=\"twitter:label2\" content=\"Availability\" \/>\n\t<meta name=\"twitter:data2\" content=\"In stock\" \/>\n<script type=\"application\/ld+json\" class=\"yoast-schema-graph\">{\"@context\":\"https:\\\/\\\/schema.org\",\"@graph\":[{\"@type\":\"WebPage\",\"@id\":\"https:\\\/\\\/mmkriepas.lv\\\/en\\\/p\\\/215-65r16c-kumho-winter-portran-cw11-109-107r-3\\\/\",\"url\":\"https:\\\/\\\/mmkriepas.lv\\\/en\\\/p\\\/215-65r16c-kumho-winter-portran-cw11-109-107r-3\\\/\",\"name\":\"215\\\/65R16C Kumho Winter PorTran CW11 109\\\/107R &#8226; MMK Riepas\",\"isPartOf\":{\"@id\":\"https:\\\/\\\/mmkriepas.lv\\\/en\\\/#website\"},\"primaryImageOfPage\":{\"@id\":\"https:\\\/\\\/mmkriepas.lv\\\/en\\\/p\\\/215-65r16c-kumho-winter-portran-cw11-109-107r-3\\\/#primaryimage\"},\"image\":{\"@id\":\"https:\\\/\\\/mmkriepas.lv\\\/en\\\/p\\\/215-65r16c-kumho-winter-portran-cw11-109-107r-3\\\/#primaryimage\"},\"thumbnailUrl\":\"https:\\\/\\\/mmkriepas.lv\\\/wp-content\\\/uploads\\\/2023\\\/12\\\/22570r15c-marshal-winter-portran-cw11-112110r-ziemas-riepas.jpg\",\"datePublished\":\"2025-09-02T13:51:33+00:00\",\"dateModified\":\"2026-03-30T11:13:55+00:00\",\"breadcrumb\":{\"@id\":\"https:\\\/\\\/mmkriepas.lv\\\/en\\\/p\\\/215-65r16c-kumho-winter-portran-cw11-109-107r-3\\\/#breadcrumb\"},\"inLanguage\":\"en-US\",\"potentialAction\":[{\"@type\":\"ReadAction\",\"target\":[\"https:\\\/\\\/mmkriepas.lv\\\/en\\\/p\\\/215-65r16c-kumho-winter-portran-cw11-109-107r-3\\\/\"]}]},{\"@type\":\"ImageObject\",\"inLanguage\":\"en-US\",\"@id\":\"https:\\\/\\\/mmkriepas.lv\\\/en\\\/p\\\/215-65r16c-kumho-winter-portran-cw11-109-107r-3\\\/#primaryimage\",\"url\":\"https:\\\/\\\/mmkriepas.lv\\\/wp-content\\\/uploads\\\/2023\\\/12\\\/22570r15c-marshal-winter-portran-cw11-112110r-ziemas-riepas.jpg\",\"contentUrl\":\"https:\\\/\\\/mmkriepas.lv\\\/wp-content\\\/uploads\\\/2023\\\/12\\\/22570r15c-marshal-winter-portran-cw11-112110r-ziemas-riepas.jpg\",\"width\":1920,\"height\":1920,\"caption\":\"MAIN\"},{\"@type\":\"BreadcrumbList\",\"@id\":\"https:\\\/\\\/mmkriepas.lv\\\/en\\\/p\\\/215-65r16c-kumho-winter-portran-cw11-109-107r-3\\\/#breadcrumb\",\"itemListElement\":[{\"@type\":\"ListItem\",\"position\":1,\"name\":\"S\u0101kums\",\"item\":\"https:\\\/\\\/mmkriepas.lv\\\/en\\\/\"},{\"@type\":\"ListItem\",\"position\":2,\"name\":\"215\\\/65R16C Kumho Winter PorTran CW11 109\\\/107R\"}]},{\"@type\":\"WebSite\",\"@id\":\"https:\\\/\\\/mmkriepas.lv\\\/en\\\/#website\",\"url\":\"https:\\\/\\\/mmkriepas.lv\\\/en\\\/\",\"name\":\"MMK Riepas\",\"description\":\"MMK Riepas\",\"alternateName\":\"MMK Riepu Serviss\",\"potentialAction\":[{\"@type\":\"SearchAction\",\"target\":{\"@type\":\"EntryPoint\",\"urlTemplate\":\"https:\\\/\\\/mmkriepas.lv\\\/en\\\/?s={search_term_string}\"},\"query-input\":{\"@type\":\"PropertyValueSpecification\",\"valueRequired\":true,\"valueName\":\"search_term_string\"}}],\"inLanguage\":\"en-US\"},{\"@type\":\"ImageObject\",\"inLanguage\":\"en-US\",\"@id\":\"https:\\\/\\\/mmkriepas.lv\\\/en\\\/p\\\/215-65r16c-kumho-winter-portran-cw11-109-107r-3\\\/#local-main-organization-logo\",\"url\":\"\",\"contentUrl\":\"\",\"caption\":\"MMK Riepas\"}]}<\/script>\n<meta property=\"product:brand\" content=\"Kumho Winter PorTran CW11\" \/>\n<meta property=\"product:price:amount\" content=\"119.00\" \/>\n<meta property=\"product:price:currency\" content=\"EUR\" \/>\n<meta property=\"og:availability\" content=\"instock\" \/>\n<meta property=\"product:availability\" content=\"instock\" \/>\n<meta property=\"product:retailer_item_id\" content=\"TW2156516CKumho-E51408\" \/>\n<meta property=\"product:condition\" content=\"new\" \/>\n<!-- \/ Yoast SEO Premium plugin. -->","yoast_head_json":{"title":"215\/65R16C Kumho Winter PorTran CW11 109\/107R &#8226; MMK Riepas","robots":{"index":"index","follow":"follow","max-snippet":"max-snippet:-1","max-image-preview":"max-image-preview:large","max-video-preview":"max-video-preview:-1"},"canonical":"https:\/\/mmkriepas.lv\/en\/p\/215-65r16c-kumho-winter-portran-cw11-109-107r-3\/","og_locale":"en_US","og_type":"article","og_title":"215\/65R16C Kumho Winter PorTran CW11 109\/107R","og_description":"Kumho Winter PorTran CW11 ir teicamas kvalit\u0101tes, vid\u0113j\u0101s klases rad\u017eojamais ziemas komerctransporta riepu modelis. Tas izce\u013cas ar teicam\u0101m veiktsp\u0113jas \u012bpa\u0161\u012bb\u0101m pat skarbos ziemas apst\u0101k\u013cos, k\u0101 ar\u012b ar palielin\u0101tu nodilumiztur\u012bbu un kravnes\u012bbu.","og_url":"https:\/\/mmkriepas.lv\/en\/p\/215-65r16c-kumho-winter-portran-cw11-109-107r-3\/","og_site_name":"MMK Riepas","article_publisher":"https:\/\/www.facebook.com\/mmkserviss\/","article_modified_time":"2026-03-30T11:13:55+00:00","og_image":[{"width":1920,"height":1920,"url":"https:\/\/mmkriepas.lv\/wp-content\/uploads\/2023\/12\/22570r15c-marshal-winter-portran-cw11-112110r-ziemas-riepas.jpg","type":"image\/jpeg"}],"twitter_card":"summary_large_image","twitter_misc":{"Price":"&euro;119.00","Availability":"In stock"},"schema":{"@context":"https:\/\/schema.org","@graph":[{"@type":"WebPage","@id":"https:\/\/mmkriepas.lv\/en\/p\/215-65r16c-kumho-winter-portran-cw11-109-107r-3\/","url":"https:\/\/mmkriepas.lv\/en\/p\/215-65r16c-kumho-winter-portran-cw11-109-107r-3\/","name":"215\/65R16C Kumho Winter PorTran CW11 109\/107R &#8226; MMK Riepas","isPartOf":{"@id":"https:\/\/mmkriepas.lv\/en\/#website"},"primaryImageOfPage":{"@id":"https:\/\/mmkriepas.lv\/en\/p\/215-65r16c-kumho-winter-portran-cw11-109-107r-3\/#primaryimage"},"image":{"@id":"https:\/\/mmkriepas.lv\/en\/p\/215-65r16c-kumho-winter-portran-cw11-109-107r-3\/#primaryimage"},"thumbnailUrl":"https:\/\/mmkriepas.lv\/wp-content\/uploads\/2023\/12\/22570r15c-marshal-winter-portran-cw11-112110r-ziemas-riepas.jpg","datePublished":"2025-09-02T13:51:33+00:00","dateModified":"2026-03-30T11:13:55+00:00","breadcrumb":{"@id":"https:\/\/mmkriepas.lv\/en\/p\/215-65r16c-kumho-winter-portran-cw11-109-107r-3\/#breadcrumb"},"inLanguage":"en-US","potentialAction":[{"@type":"ReadAction","target":["https:\/\/mmkriepas.lv\/en\/p\/215-65r16c-kumho-winter-portran-cw11-109-107r-3\/"]}]},{"@type":"ImageObject","inLanguage":"en-US","@id":"https:\/\/mmkriepas.lv\/en\/p\/215-65r16c-kumho-winter-portran-cw11-109-107r-3\/#primaryimage","url":"https:\/\/mmkriepas.lv\/wp-content\/uploads\/2023\/12\/22570r15c-marshal-winter-portran-cw11-112110r-ziemas-riepas.jpg","contentUrl":"https:\/\/mmkriepas.lv\/wp-content\/uploads\/2023\/12\/22570r15c-marshal-winter-portran-cw11-112110r-ziemas-riepas.jpg","width":1920,"height":1920,"caption":"MAIN"},{"@type":"BreadcrumbList","@id":"https:\/\/mmkriepas.lv\/en\/p\/215-65r16c-kumho-winter-portran-cw11-109-107r-3\/#breadcrumb","itemListElement":[{"@type":"ListItem","position":1,"name":"S\u0101kums","item":"https:\/\/mmkriepas.lv\/en\/"},{"@type":"ListItem","position":2,"name":"215\/65R16C Kumho Winter PorTran CW11 109\/107R"}]},{"@type":"WebSite","@id":"https:\/\/mmkriepas.lv\/en\/#website","url":"https:\/\/mmkriepas.lv\/en\/","name":"MMK Riepas","description":"MMK Riepas","alternateName":"MMK Riepu Serviss","potentialAction":[{"@type":"SearchAction","target":{"@type":"EntryPoint","urlTemplate":"https:\/\/mmkriepas.lv\/en\/?s={search_term_string}"},"query-input":{"@type":"PropertyValueSpecification","valueRequired":true,"valueName":"search_term_string"}}],"inLanguage":"en-US"},{"@type":"ImageObject","inLanguage":"en-US","@id":"https:\/\/mmkriepas.lv\/en\/p\/215-65r16c-kumho-winter-portran-cw11-109-107r-3\/#local-main-organization-logo","url":"","contentUrl":"","caption":"MMK Riepas"}]},"product_brand":"Kumho Winter PorTran CW11","product_price_amount":"119.00","product_price_currency":"EUR","og_availability":"instock","product_availability":"instock","product_retailer_item_id":"TW2156516CKumho-E51408","product_condition":"new"},"_links":{"self":[{"href":"https:\/\/mmkriepas.lv\/en\/wp-json\/wp\/v2\/product\/1330663","targetHints":{"allow":["GET"]}}],"collection":[{"href":"https:\/\/mmkriepas.lv\/en\/wp-json\/wp\/v2\/product"}],"about":[{"href":"https:\/\/mmkriepas.lv\/en\/wp-json\/wp\/v2\/types\/product"}],"wp:featuredmedia":[{"embeddable":true,"href":"https:\/\/mmkriepas.lv\/en\/wp-json\/wp\/v2\/media\/837129"}],"wp:attachment":[{"href":"https:\/\/mmkriepas.lv\/en\/wp-json\/wp\/v2\/media?parent=1330663"}],"wp:term":[{"taxonomy":"product_brand","embeddable":true,"href":"https:\/\/mmkriepas.lv\/en\/wp-json\/wp\/v2\/product_brand?post=1330663"},{"taxonomy":"product_cat","embeddable":true,"href":"https:\/\/mmkriepas.lv\/en\/wp-json\/wp\/v2\/product_cat?post=1330663"},{"taxonomy":"product_tag","embeddable":true,"href":"https:\/\/mmkriepas.lv\/en\/wp-json\/wp\/v2\/product_tag?post=1330663"}],"curies":[{"name":"wp","href":"https:\/\/api.w.org\/{rel}","templated":true}]}}