{"id":1330471,"date":"2025-09-02T16:44:54","date_gmt":"2025-09-02T13:44:54","guid":{"rendered":"https:\/\/mmkriepas.lv\/?post_type=product&#038;p=1330471"},"modified":"2026-04-05T21:20:37","modified_gmt":"2026-04-05T18:20:37","slug":"195-65r15-laufenn-lw51-i-fit-iz-91t-dot25","status":"publish","type":"product","link":"https:\/\/mmkriepas.lv\/en\/p\/195-65r15-laufenn-lw51-i-fit-iz-91t-dot25\/","title":{"rendered":"195\/65R15 Laufenn I FIT IZ LW51 91T (Hankook)"},"content":{"rendered":"<p align=\"left\"><span style=\"color: #c9211e;\"><span style=\"font-size: small;\"><strong><span style=\"color: #000000;\"><span style=\"font-family: Arial, sans-serif;\">Laufenn I FIT IZ LW51<\/span><\/span><\/strong><span style=\"color: #000000;\"><span style=\"font-family: Arial, sans-serif;\"> ir ziemas riepa, kura izstr\u0101d\u0101ta, izmantojot Hankook inov\u0101cijas. \u0160\u012b riepa ir sp\u0113j\u012bga nodro\u0161in\u0101t dro\u0161u un komfortablu brauk\u0161anu pat skarbos ziemas apst\u0101k\u013cos.<\/span><\/span><\/span><\/span><\/p>\n<h3 class=\"western\" align=\"left\"><strong><span style=\"color: #000000;\"><span style=\"font-family: Arial, sans-serif;\"><span><b>Laufenn I FIT IZ LW51 galven\u0101s iez\u012bmes<\/b><\/span><\/span><\/span><\/strong><\/h3>\n<p align=\"left\"><span style=\"color: #000000;\"><span style=\"font-family: Arial, sans-serif;\">+ Izcila vilkne, sa\u0137ere un sa\u012bsin\u0101ts bremz\u0113\u0161anas ce\u013c\u0161!<\/span><\/span><\/p>\n<p align=\"left\"><span style=\"color: #000000;\"><span style=\"font-family: Arial, sans-serif;\">+ Samazin\u0101ts degvielas pat\u0113ri\u0146\u0161!<\/span><\/span><\/p>\n<p align=\"left\"><span style=\"color: #000000;\"><span style=\"font-family: Arial, sans-serif;\">+ Komfortabla un klusa brauk\u0161ana!<\/span><\/span><\/p>\n<p align=\"left\"><span style=\"color: #000000;\"><span style=\"font-family: Arial, sans-serif;\">+ Ilg\u0101ka kalpotsp\u0113ja!<\/span><\/span><\/p>\n<h3 class=\"western\" align=\"left\"><span style=\"color: #c9211e;\"><strong><span style=\"color: #000000;\"> <span style=\"font-size: small;\"><span style=\"font-family: Arial, sans-serif;\"><span style=\"font-size: large;\"><b>I FIT IZ LW51 protektora raksts<\/b><\/span><\/span><\/span><\/span><\/strong><\/span><\/h3>\n<p align=\"left\"><span style=\"color: #000000;\"><span style=\"font-family: Arial, sans-serif;\"><b>Laufenn I FIT IZ LW51<\/b> protektora raksts, kas rakst\u012bts p\u0113c Hankook in\u017eenieru pl\u0101nojuma, nodro\u0161ina dro\u0161u brauk\u0161anu, pateicoties vair\u0101k\u0101m svar\u012bg\u0101m \u012bpa\u0161\u012bb\u0101m. Protektor\u0101 iestr\u0101d\u0101tas lameles, kas izcili veido sa\u0137eri ar apledoju\u0161\u0101m virsm\u0101m. Riepa veido palielin\u0101tu kontaktu ar ce\u013cu, kas uzlabo stabilit\u0101ti un veiktsp\u0113ju gan uz\u0146emot \u0101trumu, gan ar\u012b bremz\u0113jot. Turkl\u0101t riepas s\u0101nu zona izveidota no \u013coti elast\u012bgas, bet iztur\u012bgas gumijas, kas paildzina kalpotsp\u0113ju.<\/span><\/span><\/p>\n","protected":false},"excerpt":{"rendered":"<p><span style=\"color: #c9211e;\"><span style=\"font-size: small;\"><strong><span style=\"color: #000000;\"><span style=\"font-family: Arial, sans-serif;\">Laufenn I FIT IZ LW51<\/span><\/span><\/strong><span style=\"color: #000000;\"><span style=\"font-family: Arial, sans-serif;\"> ir ziemas riepa, kura izstr\u0101d\u0101ta, izmantojot Hankook inov\u0101cijas. \u0160\u012b riepa ir sp\u0113j\u012bga nodro\u0161in\u0101t dro\u0161u un komfortablu brauk\u0161anu pat skarbos ziemas apst\u0101k\u013cos.<\/span><\/span><\/span><\/span><\/p>\n","protected":false},"featured_media":846364,"template":"","meta":{"_acf_changed":false,"ngg_post_thumbnail":0},"product_brand":[],"product_cat":[47,45],"product_tag":[],"class_list":{"0":"post-1330471","1":"product","2":"type-product","3":"status-publish","4":"has-post-thumbnail","6":"product_cat-vissezonas-riepas","7":"product_cat-ziemas-riepas","9":"first","10":"instock","11":"sale","12":"taxable","13":"shipping-taxable","14":"purchasable","15":"product-type-simple"},"acf":[],"yoast_head":"<!-- This site is optimized with the Yoast SEO Premium plugin v22.6 (Yoast SEO v27.3) - https:\/\/yoast.com\/product\/yoast-seo-premium-wordpress\/ -->\n<title>195\/65R15 Laufenn I FIT IZ LW51 91T (Hankook) &#8226; MMK Riepas<\/title>\n<meta name=\"robots\" content=\"index, follow, max-snippet:-1, max-image-preview:large, max-video-preview:-1\" \/>\n<link rel=\"canonical\" href=\"https:\/\/mmkriepas.lv\/en\/p\/195-65r15-laufenn-lw51-i-fit-iz-91t-dot25\/\" \/>\n<meta property=\"og:locale\" content=\"en_US\" \/>\n<meta property=\"og:type\" content=\"article\" \/>\n<meta property=\"og:title\" content=\"195\/65R15 Laufenn I FIT IZ LW51 91T (Hankook)\" \/>\n<meta property=\"og:description\" content=\"Laufenn I FIT IZ LW51 ir ziemas riepa, kura izstr\u0101d\u0101ta, izmantojot Hankook inov\u0101cijas. \u0160\u012b riepa ir sp\u0113j\u012bga nodro\u0161in\u0101t dro\u0161u un komfortablu brauk\u0161anu pat skarbos ziemas apst\u0101k\u013cos.\" \/>\n<meta property=\"og:url\" content=\"https:\/\/mmkriepas.lv\/en\/p\/195-65r15-laufenn-lw51-i-fit-iz-91t-dot25\/\" \/>\n<meta property=\"og:site_name\" content=\"MMK Riepas\" \/>\n<meta property=\"article:publisher\" content=\"https:\/\/www.facebook.com\/mmkserviss\/\" \/>\n<meta property=\"article:modified_time\" content=\"2026-04-05T18:20:37+00:00\" \/>\n<meta property=\"og:image\" content=\"https:\/\/mmkriepas.lv\/wp-content\/uploads\/2024\/01\/19565r15-laufenn-i-fit-iz-lw51-91t-hankook-ziemas-riepas.jpg\" \/>\n\t<meta property=\"og:image:width\" content=\"1920\" \/>\n\t<meta property=\"og:image:height\" content=\"1920\" \/>\n\t<meta property=\"og:image:type\" content=\"image\/jpeg\" \/>\n<meta name=\"twitter:card\" content=\"summary_large_image\" \/>\n<meta name=\"twitter:label1\" content=\"Price\" \/>\n\t<meta name=\"twitter:data1\" content=\"&euro;64.00\" \/>\n\t<meta name=\"twitter:label2\" content=\"Availability\" \/>\n\t<meta name=\"twitter:data2\" content=\"In stock\" \/>\n<script type=\"application\/ld+json\" class=\"yoast-schema-graph\">{\"@context\":\"https:\\\/\\\/schema.org\",\"@graph\":[{\"@type\":\"WebPage\",\"@id\":\"https:\\\/\\\/mmkriepas.lv\\\/en\\\/p\\\/195-65r15-laufenn-lw51-i-fit-iz-91t-dot25\\\/\",\"url\":\"https:\\\/\\\/mmkriepas.lv\\\/en\\\/p\\\/195-65r15-laufenn-lw51-i-fit-iz-91t-dot25\\\/\",\"name\":\"195\\\/65R15 Laufenn I FIT IZ LW51 91T (Hankook) &#8226; MMK Riepas\",\"isPartOf\":{\"@id\":\"https:\\\/\\\/mmkriepas.lv\\\/en\\\/#website\"},\"primaryImageOfPage\":{\"@id\":\"https:\\\/\\\/mmkriepas.lv\\\/en\\\/p\\\/195-65r15-laufenn-lw51-i-fit-iz-91t-dot25\\\/#primaryimage\"},\"image\":{\"@id\":\"https:\\\/\\\/mmkriepas.lv\\\/en\\\/p\\\/195-65r15-laufenn-lw51-i-fit-iz-91t-dot25\\\/#primaryimage\"},\"thumbnailUrl\":\"https:\\\/\\\/mmkriepas.lv\\\/wp-content\\\/uploads\\\/2024\\\/01\\\/19565r15-laufenn-i-fit-iz-lw51-91t-hankook-ziemas-riepas.jpg\",\"datePublished\":\"2025-09-02T13:44:54+00:00\",\"dateModified\":\"2026-04-05T18:20:37+00:00\",\"breadcrumb\":{\"@id\":\"https:\\\/\\\/mmkriepas.lv\\\/en\\\/p\\\/195-65r15-laufenn-lw51-i-fit-iz-91t-dot25\\\/#breadcrumb\"},\"inLanguage\":\"en-US\",\"potentialAction\":[{\"@type\":\"ReadAction\",\"target\":[\"https:\\\/\\\/mmkriepas.lv\\\/en\\\/p\\\/195-65r15-laufenn-lw51-i-fit-iz-91t-dot25\\\/\"]}]},{\"@type\":\"ImageObject\",\"inLanguage\":\"en-US\",\"@id\":\"https:\\\/\\\/mmkriepas.lv\\\/en\\\/p\\\/195-65r15-laufenn-lw51-i-fit-iz-91t-dot25\\\/#primaryimage\",\"url\":\"https:\\\/\\\/mmkriepas.lv\\\/wp-content\\\/uploads\\\/2024\\\/01\\\/19565r15-laufenn-i-fit-iz-lw51-91t-hankook-ziemas-riepas.jpg\",\"contentUrl\":\"https:\\\/\\\/mmkriepas.lv\\\/wp-content\\\/uploads\\\/2024\\\/01\\\/19565r15-laufenn-i-fit-iz-lw51-91t-hankook-ziemas-riepas.jpg\",\"width\":1920,\"height\":1920,\"caption\":\"195\\\/65R15 Laufenn I FIT IZ LW51 91T (Hankook) - Vissezonas riepas \\\/ Ziemas riepas\"},{\"@type\":\"BreadcrumbList\",\"@id\":\"https:\\\/\\\/mmkriepas.lv\\\/en\\\/p\\\/195-65r15-laufenn-lw51-i-fit-iz-91t-dot25\\\/#breadcrumb\",\"itemListElement\":[{\"@type\":\"ListItem\",\"position\":1,\"name\":\"S\u0101kums\",\"item\":\"https:\\\/\\\/mmkriepas.lv\\\/en\\\/\"},{\"@type\":\"ListItem\",\"position\":2,\"name\":\"195\\\/65R15 Laufenn I FIT IZ LW51 91T (Hankook)\"}]},{\"@type\":\"WebSite\",\"@id\":\"https:\\\/\\\/mmkriepas.lv\\\/en\\\/#website\",\"url\":\"https:\\\/\\\/mmkriepas.lv\\\/en\\\/\",\"name\":\"MMK Riepas\",\"description\":\"MMK Riepas\",\"alternateName\":\"MMK Riepu Serviss\",\"potentialAction\":[{\"@type\":\"SearchAction\",\"target\":{\"@type\":\"EntryPoint\",\"urlTemplate\":\"https:\\\/\\\/mmkriepas.lv\\\/en\\\/?s={search_term_string}\"},\"query-input\":{\"@type\":\"PropertyValueSpecification\",\"valueRequired\":true,\"valueName\":\"search_term_string\"}}],\"inLanguage\":\"en-US\"},{\"@type\":\"ImageObject\",\"inLanguage\":\"en-US\",\"@id\":\"https:\\\/\\\/mmkriepas.lv\\\/en\\\/p\\\/195-65r15-laufenn-lw51-i-fit-iz-91t-dot25\\\/#local-main-organization-logo\",\"url\":\"\",\"contentUrl\":\"\",\"caption\":\"MMK Riepas\"}]}<\/script>\n<meta property=\"product:brand\" content=\"Laufenn I FIT IZ LW51\" \/>\n<meta property=\"product:price:amount\" content=\"64.00\" \/>\n<meta property=\"product:price:currency\" content=\"EUR\" \/>\n<meta property=\"og:availability\" content=\"instock\" \/>\n<meta property=\"product:availability\" content=\"instock\" \/>\n<meta property=\"product:retailer_item_id\" content=\"TW1956515Laufe-E51477\" \/>\n<meta property=\"product:condition\" content=\"new\" \/>\n<!-- \/ Yoast SEO Premium plugin. -->","yoast_head_json":{"title":"195\/65R15 Laufenn I FIT IZ LW51 91T (Hankook) &#8226; MMK Riepas","robots":{"index":"index","follow":"follow","max-snippet":"max-snippet:-1","max-image-preview":"max-image-preview:large","max-video-preview":"max-video-preview:-1"},"canonical":"https:\/\/mmkriepas.lv\/en\/p\/195-65r15-laufenn-lw51-i-fit-iz-91t-dot25\/","og_locale":"en_US","og_type":"article","og_title":"195\/65R15 Laufenn I FIT IZ LW51 91T (Hankook)","og_description":"Laufenn I FIT IZ LW51 ir ziemas riepa, kura izstr\u0101d\u0101ta, izmantojot Hankook inov\u0101cijas. \u0160\u012b riepa ir sp\u0113j\u012bga nodro\u0161in\u0101t dro\u0161u un komfortablu brauk\u0161anu pat skarbos ziemas apst\u0101k\u013cos.","og_url":"https:\/\/mmkriepas.lv\/en\/p\/195-65r15-laufenn-lw51-i-fit-iz-91t-dot25\/","og_site_name":"MMK Riepas","article_publisher":"https:\/\/www.facebook.com\/mmkserviss\/","article_modified_time":"2026-04-05T18:20:37+00:00","og_image":[{"width":1920,"height":1920,"url":"https:\/\/mmkriepas.lv\/wp-content\/uploads\/2024\/01\/19565r15-laufenn-i-fit-iz-lw51-91t-hankook-ziemas-riepas.jpg","type":"image\/jpeg"}],"twitter_card":"summary_large_image","twitter_misc":{"Price":"&euro;64.00","Availability":"In stock"},"schema":{"@context":"https:\/\/schema.org","@graph":[{"@type":"WebPage","@id":"https:\/\/mmkriepas.lv\/en\/p\/195-65r15-laufenn-lw51-i-fit-iz-91t-dot25\/","url":"https:\/\/mmkriepas.lv\/en\/p\/195-65r15-laufenn-lw51-i-fit-iz-91t-dot25\/","name":"195\/65R15 Laufenn I FIT IZ LW51 91T (Hankook) &#8226; MMK Riepas","isPartOf":{"@id":"https:\/\/mmkriepas.lv\/en\/#website"},"primaryImageOfPage":{"@id":"https:\/\/mmkriepas.lv\/en\/p\/195-65r15-laufenn-lw51-i-fit-iz-91t-dot25\/#primaryimage"},"image":{"@id":"https:\/\/mmkriepas.lv\/en\/p\/195-65r15-laufenn-lw51-i-fit-iz-91t-dot25\/#primaryimage"},"thumbnailUrl":"https:\/\/mmkriepas.lv\/wp-content\/uploads\/2024\/01\/19565r15-laufenn-i-fit-iz-lw51-91t-hankook-ziemas-riepas.jpg","datePublished":"2025-09-02T13:44:54+00:00","dateModified":"2026-04-05T18:20:37+00:00","breadcrumb":{"@id":"https:\/\/mmkriepas.lv\/en\/p\/195-65r15-laufenn-lw51-i-fit-iz-91t-dot25\/#breadcrumb"},"inLanguage":"en-US","potentialAction":[{"@type":"ReadAction","target":["https:\/\/mmkriepas.lv\/en\/p\/195-65r15-laufenn-lw51-i-fit-iz-91t-dot25\/"]}]},{"@type":"ImageObject","inLanguage":"en-US","@id":"https:\/\/mmkriepas.lv\/en\/p\/195-65r15-laufenn-lw51-i-fit-iz-91t-dot25\/#primaryimage","url":"https:\/\/mmkriepas.lv\/wp-content\/uploads\/2024\/01\/19565r15-laufenn-i-fit-iz-lw51-91t-hankook-ziemas-riepas.jpg","contentUrl":"https:\/\/mmkriepas.lv\/wp-content\/uploads\/2024\/01\/19565r15-laufenn-i-fit-iz-lw51-91t-hankook-ziemas-riepas.jpg","width":1920,"height":1920,"caption":"195\/65R15 Laufenn I FIT IZ LW51 91T (Hankook) - Vissezonas riepas \/ Ziemas riepas"},{"@type":"BreadcrumbList","@id":"https:\/\/mmkriepas.lv\/en\/p\/195-65r15-laufenn-lw51-i-fit-iz-91t-dot25\/#breadcrumb","itemListElement":[{"@type":"ListItem","position":1,"name":"S\u0101kums","item":"https:\/\/mmkriepas.lv\/en\/"},{"@type":"ListItem","position":2,"name":"195\/65R15 Laufenn I FIT IZ LW51 91T (Hankook)"}]},{"@type":"WebSite","@id":"https:\/\/mmkriepas.lv\/en\/#website","url":"https:\/\/mmkriepas.lv\/en\/","name":"MMK Riepas","description":"MMK Riepas","alternateName":"MMK Riepu Serviss","potentialAction":[{"@type":"SearchAction","target":{"@type":"EntryPoint","urlTemplate":"https:\/\/mmkriepas.lv\/en\/?s={search_term_string}"},"query-input":{"@type":"PropertyValueSpecification","valueRequired":true,"valueName":"search_term_string"}}],"inLanguage":"en-US"},{"@type":"ImageObject","inLanguage":"en-US","@id":"https:\/\/mmkriepas.lv\/en\/p\/195-65r15-laufenn-lw51-i-fit-iz-91t-dot25\/#local-main-organization-logo","url":"","contentUrl":"","caption":"MMK Riepas"}]},"product_brand":"Laufenn I FIT IZ LW51","product_price_amount":"64.00","product_price_currency":"EUR","og_availability":"instock","product_availability":"instock","product_retailer_item_id":"TW1956515Laufe-E51477","product_condition":"new"},"_links":{"self":[{"href":"https:\/\/mmkriepas.lv\/en\/wp-json\/wp\/v2\/product\/1330471","targetHints":{"allow":["GET"]}}],"collection":[{"href":"https:\/\/mmkriepas.lv\/en\/wp-json\/wp\/v2\/product"}],"about":[{"href":"https:\/\/mmkriepas.lv\/en\/wp-json\/wp\/v2\/types\/product"}],"wp:featuredmedia":[{"embeddable":true,"href":"https:\/\/mmkriepas.lv\/en\/wp-json\/wp\/v2\/media\/846364"}],"wp:attachment":[{"href":"https:\/\/mmkriepas.lv\/en\/wp-json\/wp\/v2\/media?parent=1330471"}],"wp:term":[{"taxonomy":"product_brand","embeddable":true,"href":"https:\/\/mmkriepas.lv\/en\/wp-json\/wp\/v2\/product_brand?post=1330471"},{"taxonomy":"product_cat","embeddable":true,"href":"https:\/\/mmkriepas.lv\/en\/wp-json\/wp\/v2\/product_cat?post=1330471"},{"taxonomy":"product_tag","embeddable":true,"href":"https:\/\/mmkriepas.lv\/en\/wp-json\/wp\/v2\/product_tag?post=1330471"}],"curies":[{"name":"wp","href":"https:\/\/api.w.org\/{rel}","templated":true}]}}