{"id":132086,"date":"2020-08-06T17:00:44","date_gmt":"2020-08-06T14:00:44","guid":{"rendered":"https:\/\/mmkserviss.lv\/?post_type=product&#038;p=132086"},"modified":"2023-02-22T12:14:32","modified_gmt":"2023-02-22T10:14:32","slug":"175-70r14-goodride-sw618-84t","status":"publish","type":"product","link":"https:\/\/mmkriepas.lv\/en\/p\/175-70r14-goodride-sw618-84t\/","title":{"rendered":"175\/70R14 Goodride SW618 84T"},"content":{"rendered":"<p><strong>Goodride SW618<\/strong> ziemas modelis ir vispiem\u0113rot\u0101kais eksplut\u0101cijai skarbos ziemas apst\u0101k\u013cos. To raksturo uzticama vilkme snieg\u0101 un laba sa\u0137ere uz ledus, k\u0101 ar\u012b optim\u0101li degvielas ekonomijas r\u0101d\u012bt\u0101ji. Viss iepriek\u0161 min\u0113tais, apvienojum\u0101 ar zem\u0101m izmaks\u0101m, padara Goodride SW618 par lielisku izv\u0113li Baltijas klimatiskajiem apst\u0101k\u013ciem.<\/p>\n<h3>SW618 galven\u0101s iez\u012bmes<\/h3>\n<p>&#8211; vair\u0101ki t\u016bksto\u0161i mazu sa\u0137eres st\u016bru, kuras veido neskait\u0101m\u0101s lameles, dod p\u0101rliec\u012bbu par auto sniegumu ar\u012b uz pres\u0113ta sniega vai ledus;<\/p>\n<p>&#8211; Protektora dizains nodro\u0161ina dro\u0161u sa\u0137eri, braucot dzi\u013c\u0101 snieg\u0101;<\/p>\n<p>&#8211; dubult\u0101 garenisk\u0101 riba protektora centr\u0101 uzlabo stabilit\u0101ti, \u013cauj riepai \u0101tri un prec\u012bzi rea\u0123\u0113t uz st\u016bres rata pagriezieniem.<\/p>\n<h3>T\u016bksto\u0161i sa\u0137eres kan\u0161u Goodride SW618 protektor\u0101<\/h3>\n<p>\u0160\u0101da tipa atv\u0113rta dizaina riepas, kuru rakstu veido lieli strat\u0113\u0123iski izvietoti bloki, liel\u0101ko da\u013cu sa\u0137eres malu veido nevis ar tiem, bet gan tajos sagrieztas lameles. Kopum\u0101 tie veido vair\u0101kus t\u016bksto\u0161us asu malu, pateicoties kur\u0101m, Goodride SW618 sp\u0113j p\u0101rliecino\u0161i izveidot sa\u0137eri uz jebkuras slidenas virsmas. Centr\u0101laj\u0101 da\u013c\u0101 lameles ir izvietotas sl\u012bpi, kas nov\u0113r\u0161 s\u0101nu sl\u012bd\u0113\u0161anu, un plecu zon\u0101s t\u0101s ir perpendikul\u0101ras kust\u012bbas virzienam, k\u0101 d\u0113\u013c riepai piem\u012bt labas garenvirziena vilces un sa\u0137eres \u012bpa\u0161\u012bbas.<\/p>\n<h4><strong>Dubult\u0101 garenisk\u0101 riba Goodride SW618 protektora centr\u0101<\/strong><\/h4>\n<p>Papildus sl\u012bpi izvietot\u0101m lamel\u0113m, protektora centr\u0101lo da\u013cu raksturo divk\u0101r\u0161a garenisku ribu kl\u0101tb\u016btne, kuru ar dren\u0101\u017eas kan\u0101lu sadala div\u0101s da\u013c\u0101s. Kombin\u0101cij\u0101 ar inovat\u012bvu dizainu \u0161\u012b konstrukcija nodro\u0161ina riepu stabilit\u0101ti pie da\u017e\u0101diem \u0101trumiem, k\u0101 ar\u012b labu vad\u0101m\u012bbu liel\u0101 \u0101trum\u0101.<\/p>\n<p><strong>Goodride SW618<\/strong> mode\u013ca lieto\u0161anas dro\u0161\u012bbu ziemas laika apst\u0101k\u013cos un t\u0101 atbilst\u012bbu valst\u012bm ar oblig\u0101tu sezon\u0101lo riepu mai\u0146u apstiprina mar\u0137\u0113jums sniegp\u0101rslas form\u0101 uz kalna fona ar trim virsotn\u0113m (3PMSF).<\/p>\n","protected":false},"excerpt":{"rendered":"<p><b><span style=\"font-family: 'Arial',sans-serif;\">Goodride SW618<\/span><\/b><span style=\"font-family: 'Arial',sans-serif;\"> ziemas modelis ir vispiem\u0113rot\u0101kais eksplut\u0101cijai skarbos ziemas apst\u0101k\u013cos. To raksturo uzticama vilkme snieg\u0101 un laba sa\u0137ere uz ledus, k\u0101 ar\u012b optim\u0101li degvielas ekonomijas r\u0101d\u012bt\u0101ji. Viss iepriek\u0161 min\u0113tais, apvienojum\u0101 ar zem\u0101m izmaks\u0101m, padara Goodride SW618 par lielisku izv\u0113li Baltijas klimatiskajiem apst\u0101k\u013ciem.<\/span><\/p>\n","protected":false},"featured_media":307055,"template":"","meta":{"_acf_changed":false,"ngg_post_thumbnail":0},"product_brand":[],"product_cat":[47,45],"product_tag":[19634],"class_list":{"0":"post-132086","1":"product","2":"type-product","3":"status-publish","4":"has-post-thumbnail","6":"product_cat-vissezonas-riepas","7":"product_cat-ziemas-riepas","8":"product_tag-mmk","10":"first","11":"instock","12":"sale","13":"taxable","14":"shipping-taxable","15":"product-type-simple"},"acf":[],"yoast_head":"<!-- This site is optimized with the Yoast SEO Premium plugin v22.6 (Yoast SEO v27.3) - https:\/\/yoast.com\/product\/yoast-seo-premium-wordpress\/ -->\n<title>175\/70R14 Goodride SW618 84T &#8226; MMK Riepas<\/title>\n<meta name=\"description\" content=\"Goodride SW618 Skandin\u0101vijas tipa ziemas riepu modelis ir lieliski piem\u0113rots Latvijas laikapst\u0101k\u013ciem. Par zem\u0101kaj\u0101m cen\u0101m pieejams abos MMK Riepu centros!\" \/>\n<meta name=\"robots\" content=\"index, follow, max-snippet:-1, max-image-preview:large, max-video-preview:-1\" \/>\n<link rel=\"canonical\" href=\"https:\/\/mmkriepas.lv\/en\/p\/175-70r14-goodride-sw618-84t\/\" \/>\n<meta property=\"og:locale\" content=\"en_US\" \/>\n<meta property=\"og:type\" content=\"article\" \/>\n<meta property=\"og:title\" content=\"175\/70R14 Goodride SW618 84T\" \/>\n<meta property=\"og:description\" content=\"Goodride SW618 Skandin\u0101vijas tipa ziemas riepu modelis ir lieliski piem\u0113rots Latvijas laikapst\u0101k\u013ciem. Par zem\u0101kaj\u0101m cen\u0101m pieejams abos MMK Riepu centros!\" \/>\n<meta property=\"og:url\" content=\"https:\/\/mmkriepas.lv\/en\/p\/175-70r14-goodride-sw618-84t\/\" \/>\n<meta property=\"og:site_name\" content=\"MMK Riepas\" \/>\n<meta property=\"article:publisher\" content=\"https:\/\/www.facebook.com\/mmkserviss\/\" \/>\n<meta property=\"article:modified_time\" content=\"2023-02-22T10:14:32+00:00\" \/>\n<meta property=\"og:image\" content=\"https:\/\/mmkriepas.lv\/wp-content\/uploads\/2022\/08\/24560r18-goodride-sw618-105h-ziemas-riepas-2.jpg\" \/>\n\t<meta property=\"og:image:width\" content=\"1920\" \/>\n\t<meta property=\"og:image:height\" content=\"1277\" \/>\n\t<meta property=\"og:image:type\" content=\"image\/jpeg\" \/>\n<meta name=\"twitter:card\" content=\"summary_large_image\" \/>\n<meta name=\"twitter:label1\" content=\"Price\" \/>\n\t<meta name=\"twitter:data1\" content=\"&euro;46.00\" \/>\n\t<meta name=\"twitter:label2\" content=\"Availability\" \/>\n\t<meta name=\"twitter:data2\" content=\"In stock\" \/>\n<script type=\"application\/ld+json\" class=\"yoast-schema-graph\">{\"@context\":\"https:\\\/\\\/schema.org\",\"@graph\":[{\"@type\":\"WebPage\",\"@id\":\"https:\\\/\\\/mmkriepas.lv\\\/en\\\/p\\\/175-70r14-goodride-sw618-84t\\\/\",\"url\":\"https:\\\/\\\/mmkriepas.lv\\\/en\\\/p\\\/175-70r14-goodride-sw618-84t\\\/\",\"name\":\"175\\\/70R14 Goodride SW618 84T &#8226; MMK Riepas\",\"isPartOf\":{\"@id\":\"https:\\\/\\\/mmkriepas.lv\\\/en\\\/#website\"},\"primaryImageOfPage\":{\"@id\":\"https:\\\/\\\/mmkriepas.lv\\\/en\\\/p\\\/175-70r14-goodride-sw618-84t\\\/#primaryimage\"},\"image\":{\"@id\":\"https:\\\/\\\/mmkriepas.lv\\\/en\\\/p\\\/175-70r14-goodride-sw618-84t\\\/#primaryimage\"},\"thumbnailUrl\":\"https:\\\/\\\/mmkriepas.lv\\\/wp-content\\\/uploads\\\/2022\\\/08\\\/24560r18-goodride-sw618-105h-ziemas-riepas-2.jpg\",\"datePublished\":\"2020-08-06T14:00:44+00:00\",\"dateModified\":\"2023-02-22T10:14:32+00:00\",\"description\":\"Goodride SW618 Skandin\u0101vijas tipa ziemas riepu modelis ir lieliski piem\u0113rots Latvijas laikapst\u0101k\u013ciem. Par zem\u0101kaj\u0101m cen\u0101m pieejams abos MMK Riepu centros!\",\"breadcrumb\":{\"@id\":\"https:\\\/\\\/mmkriepas.lv\\\/en\\\/p\\\/175-70r14-goodride-sw618-84t\\\/#breadcrumb\"},\"inLanguage\":\"en-US\",\"potentialAction\":[{\"@type\":\"ReadAction\",\"target\":[\"https:\\\/\\\/mmkriepas.lv\\\/en\\\/p\\\/175-70r14-goodride-sw618-84t\\\/\"]}]},{\"@type\":\"ImageObject\",\"inLanguage\":\"en-US\",\"@id\":\"https:\\\/\\\/mmkriepas.lv\\\/en\\\/p\\\/175-70r14-goodride-sw618-84t\\\/#primaryimage\",\"url\":\"https:\\\/\\\/mmkriepas.lv\\\/wp-content\\\/uploads\\\/2022\\\/08\\\/24560r18-goodride-sw618-105h-ziemas-riepas-2.jpg\",\"contentUrl\":\"https:\\\/\\\/mmkriepas.lv\\\/wp-content\\\/uploads\\\/2022\\\/08\\\/24560r18-goodride-sw618-105h-ziemas-riepas-2.jpg\",\"width\":1920,\"height\":1277,\"caption\":\"245\\\/60R18 Goodride SW618 105H - Vissezonas riepas \\\/ Ziemas riepas\"},{\"@type\":\"BreadcrumbList\",\"@id\":\"https:\\\/\\\/mmkriepas.lv\\\/en\\\/p\\\/175-70r14-goodride-sw618-84t\\\/#breadcrumb\",\"itemListElement\":[{\"@type\":\"ListItem\",\"position\":1,\"name\":\"S\u0101kums\",\"item\":\"https:\\\/\\\/mmkriepas.lv\\\/en\\\/\"},{\"@type\":\"ListItem\",\"position\":2,\"name\":\"175\\\/70R14 Goodride SW618 84T\"}]},{\"@type\":\"WebSite\",\"@id\":\"https:\\\/\\\/mmkriepas.lv\\\/en\\\/#website\",\"url\":\"https:\\\/\\\/mmkriepas.lv\\\/en\\\/\",\"name\":\"MMK Riepas\",\"description\":\"MMK Riepas\",\"alternateName\":\"MMK Riepu Serviss\",\"potentialAction\":[{\"@type\":\"SearchAction\",\"target\":{\"@type\":\"EntryPoint\",\"urlTemplate\":\"https:\\\/\\\/mmkriepas.lv\\\/en\\\/?s={search_term_string}\"},\"query-input\":{\"@type\":\"PropertyValueSpecification\",\"valueRequired\":true,\"valueName\":\"search_term_string\"}}],\"inLanguage\":\"en-US\"},{\"@type\":\"ImageObject\",\"inLanguage\":\"en-US\",\"@id\":\"https:\\\/\\\/mmkriepas.lv\\\/en\\\/p\\\/175-70r14-goodride-sw618-84t\\\/#local-main-organization-logo\",\"url\":\"\",\"contentUrl\":\"\",\"caption\":\"MMK Riepas\"}]}<\/script>\n<meta property=\"product:brand\" content=\"Goodride SW618\" \/>\n<meta property=\"product:price:amount\" content=\"46.00\" \/>\n<meta property=\"product:price:currency\" content=\"EUR\" \/>\n<meta property=\"og:availability\" content=\"instock\" \/>\n<meta property=\"product:availability\" content=\"instock\" \/>\n<meta property=\"product:condition\" content=\"new\" \/>\n<!-- \/ Yoast SEO Premium plugin. -->","yoast_head_json":{"title":"175\/70R14 Goodride SW618 84T &#8226; MMK Riepas","description":"Goodride SW618 Skandin\u0101vijas tipa ziemas riepu modelis ir lieliski piem\u0113rots Latvijas laikapst\u0101k\u013ciem. Par zem\u0101kaj\u0101m cen\u0101m pieejams abos MMK Riepu centros!","robots":{"index":"index","follow":"follow","max-snippet":"max-snippet:-1","max-image-preview":"max-image-preview:large","max-video-preview":"max-video-preview:-1"},"canonical":"https:\/\/mmkriepas.lv\/en\/p\/175-70r14-goodride-sw618-84t\/","og_locale":"en_US","og_type":"article","og_title":"175\/70R14 Goodride SW618 84T","og_description":"Goodride SW618 Skandin\u0101vijas tipa ziemas riepu modelis ir lieliski piem\u0113rots Latvijas laikapst\u0101k\u013ciem. Par zem\u0101kaj\u0101m cen\u0101m pieejams abos MMK Riepu centros!","og_url":"https:\/\/mmkriepas.lv\/en\/p\/175-70r14-goodride-sw618-84t\/","og_site_name":"MMK Riepas","article_publisher":"https:\/\/www.facebook.com\/mmkserviss\/","article_modified_time":"2023-02-22T10:14:32+00:00","og_image":[{"width":1920,"height":1277,"url":"https:\/\/mmkriepas.lv\/wp-content\/uploads\/2022\/08\/24560r18-goodride-sw618-105h-ziemas-riepas-2.jpg","type":"image\/jpeg"}],"twitter_card":"summary_large_image","twitter_misc":{"Price":"&euro;46.00","Availability":"In stock"},"schema":{"@context":"https:\/\/schema.org","@graph":[{"@type":"WebPage","@id":"https:\/\/mmkriepas.lv\/en\/p\/175-70r14-goodride-sw618-84t\/","url":"https:\/\/mmkriepas.lv\/en\/p\/175-70r14-goodride-sw618-84t\/","name":"175\/70R14 Goodride SW618 84T &#8226; MMK Riepas","isPartOf":{"@id":"https:\/\/mmkriepas.lv\/en\/#website"},"primaryImageOfPage":{"@id":"https:\/\/mmkriepas.lv\/en\/p\/175-70r14-goodride-sw618-84t\/#primaryimage"},"image":{"@id":"https:\/\/mmkriepas.lv\/en\/p\/175-70r14-goodride-sw618-84t\/#primaryimage"},"thumbnailUrl":"https:\/\/mmkriepas.lv\/wp-content\/uploads\/2022\/08\/24560r18-goodride-sw618-105h-ziemas-riepas-2.jpg","datePublished":"2020-08-06T14:00:44+00:00","dateModified":"2023-02-22T10:14:32+00:00","description":"Goodride SW618 Skandin\u0101vijas tipa ziemas riepu modelis ir lieliski piem\u0113rots Latvijas laikapst\u0101k\u013ciem. Par zem\u0101kaj\u0101m cen\u0101m pieejams abos MMK Riepu centros!","breadcrumb":{"@id":"https:\/\/mmkriepas.lv\/en\/p\/175-70r14-goodride-sw618-84t\/#breadcrumb"},"inLanguage":"en-US","potentialAction":[{"@type":"ReadAction","target":["https:\/\/mmkriepas.lv\/en\/p\/175-70r14-goodride-sw618-84t\/"]}]},{"@type":"ImageObject","inLanguage":"en-US","@id":"https:\/\/mmkriepas.lv\/en\/p\/175-70r14-goodride-sw618-84t\/#primaryimage","url":"https:\/\/mmkriepas.lv\/wp-content\/uploads\/2022\/08\/24560r18-goodride-sw618-105h-ziemas-riepas-2.jpg","contentUrl":"https:\/\/mmkriepas.lv\/wp-content\/uploads\/2022\/08\/24560r18-goodride-sw618-105h-ziemas-riepas-2.jpg","width":1920,"height":1277,"caption":"245\/60R18 Goodride SW618 105H - Vissezonas riepas \/ Ziemas riepas"},{"@type":"BreadcrumbList","@id":"https:\/\/mmkriepas.lv\/en\/p\/175-70r14-goodride-sw618-84t\/#breadcrumb","itemListElement":[{"@type":"ListItem","position":1,"name":"S\u0101kums","item":"https:\/\/mmkriepas.lv\/en\/"},{"@type":"ListItem","position":2,"name":"175\/70R14 Goodride SW618 84T"}]},{"@type":"WebSite","@id":"https:\/\/mmkriepas.lv\/en\/#website","url":"https:\/\/mmkriepas.lv\/en\/","name":"MMK Riepas","description":"MMK Riepas","alternateName":"MMK Riepu Serviss","potentialAction":[{"@type":"SearchAction","target":{"@type":"EntryPoint","urlTemplate":"https:\/\/mmkriepas.lv\/en\/?s={search_term_string}"},"query-input":{"@type":"PropertyValueSpecification","valueRequired":true,"valueName":"search_term_string"}}],"inLanguage":"en-US"},{"@type":"ImageObject","inLanguage":"en-US","@id":"https:\/\/mmkriepas.lv\/en\/p\/175-70r14-goodride-sw618-84t\/#local-main-organization-logo","url":"","contentUrl":"","caption":"MMK Riepas"}]},"product_brand":"Goodride SW618","product_price_amount":"46.00","product_price_currency":"EUR","og_availability":"instock","product_availability":"instock","product_condition":"new"},"_links":{"self":[{"href":"https:\/\/mmkriepas.lv\/en\/wp-json\/wp\/v2\/product\/132086","targetHints":{"allow":["GET"]}}],"collection":[{"href":"https:\/\/mmkriepas.lv\/en\/wp-json\/wp\/v2\/product"}],"about":[{"href":"https:\/\/mmkriepas.lv\/en\/wp-json\/wp\/v2\/types\/product"}],"wp:featuredmedia":[{"embeddable":true,"href":"https:\/\/mmkriepas.lv\/en\/wp-json\/wp\/v2\/media\/307055"}],"wp:attachment":[{"href":"https:\/\/mmkriepas.lv\/en\/wp-json\/wp\/v2\/media?parent=132086"}],"wp:term":[{"taxonomy":"product_brand","embeddable":true,"href":"https:\/\/mmkriepas.lv\/en\/wp-json\/wp\/v2\/product_brand?post=132086"},{"taxonomy":"product_cat","embeddable":true,"href":"https:\/\/mmkriepas.lv\/en\/wp-json\/wp\/v2\/product_cat?post=132086"},{"taxonomy":"product_tag","embeddable":true,"href":"https:\/\/mmkriepas.lv\/en\/wp-json\/wp\/v2\/product_tag?post=132086"}],"curies":[{"name":"wp","href":"https:\/\/api.w.org\/{rel}","templated":true}]}}