{"id":131850,"date":"2020-08-06T16:48:37","date_gmt":"2020-08-06T13:48:37","guid":{"rendered":"https:\/\/mmkserviss.lv\/?post_type=product&#038;p=131850"},"modified":"2024-05-03T11:48:10","modified_gmt":"2024-05-03T08:48:10","slug":"265-75r16-sunfull-mont-pro-mt781-123-120q","status":"publish","type":"product","link":"https:\/\/mmkriepas.lv\/en\/p\/265-75r16-sunfull-mont-pro-mt781-123-120q\/","title":{"rendered":"265\/75R16 Sunfull Mont-Pro MT781 123\/120Q"},"content":{"rendered":"<p><span>Vid\u0113j\u0101 bud\u017eeta klase. Sunfull riepas &#8211; laba kvalit\u0101te par labu cenu!&nbsp;&nbsp;<\/span><\/p>\n<p><strong>Sunfull riepas<\/strong><span> \u0161obr\u012bd piedz\u012bvo strauju popularit\u0101tes pieaugumu vis\u0101 pasaul\u0113. \u0160\u012b ra\u017eot\u0101ja riepas ir ieguvu\u0161as b\u016btisku popularit\u0101ti ar\u012b Latvijas autobrauc\u0113ju un riepu tirgot\u0101ji vid\u016b. \u012apa\u0161nieks ir Shandong Hengfeng Rubber &amp; Plastic Co., kas ir viens no l\u012bderiem \u0136\u012bnas riepu ra\u017eo\u0161anas sektor\u0101.&nbsp; Komp\u0101nijas da\u017e\u0101do ra\u017eot\u0146u specializ\u0101cija dod uz\u0146\u0113muma kapacit\u0101ti ra\u017eot kvalitat\u012bvas riepas da\u017e\u0101d\u0101m pat\u0113r\u0113t\u0101ju grup\u0101m, uzsvaru liekot ne tikai uz<strong>&nbsp;Sunfull riepu<\/strong> kop\u0113jo kvalit\u0101ti, bet ar\u012b uz katra automobi\u013ca tipa pras\u012bb\u0101m. T\u0101d\u0113\u013c ir iesp\u0113jams nodro\u0161in\u0101t gan augstu kvalit\u0101ti, gan augstu specializ\u0101ciju da\u017e\u0101d\u0101m <strong>Sunfull riep\u0101m.<\/strong><\/span><\/p>\n<p>Sunfull izstr\u0101d\u0101taj\u0101 bezce\u013cu jeb SUV riepu l\u012bnij\u0101 ietilpst 3 mode\u013ci &#8211; MT782, kas ir apr\u012bkots ar sal\u012bdzino\u0161i gludu protektora rakstu t\u0101p\u0113c piem\u0113rots ar\u012b pils\u0113t\u0101m. N\u0101kamais ir AT782 ar jau krietni rupj\u0101ku protektoru un lab\u0101ku caurg\u0101jam\u012bbu. <strong>Tre\u0161ais un tas, kuru apl\u016bkosim \u0161aj\u0101 aprakst\u0101 ir Triangle Mont-Pro MT781<\/strong>. Modelim ir izteikti rupj\u0161s protektora dizains ar lieliem reti izvietotiem blokiem, kas pan\u0101k izcilu caurg\u0101jam\u012bbu jebk\u0101dos apst\u0101k\u013cos. Papildus iepriek\u0161 min\u0113tajam, MT781 ir \u013coti iztur\u012bgs pret meh\u0101niskiem boj\u0101jumiem un tam ir ilgs kalpo\u0161anas m\u016b\u017es.<\/p>\n<h3>Riepas Sunfull Mont-Pro MT-781 galven\u0101s \u012bpa\u0161\u012bbas<\/h3>\n<p>-augsts vilces sp\u0113ks uz jebkura ce\u013ca seguma, pateicoties protektora bloku lielajam izm\u0113ram;<\/p>\n<p>-lielisks sniegums sare\u017e\u0123\u012btos bezce\u013ca apst\u0101k\u013cos, pateicoties protektora sp\u0113jai pa\u0161att\u012br\u012bties no augsnes vai citiem r\u0101d\u012bt\u0101jiem;<\/p>\n<p>-\u012bpa\u0161i pastiprin\u0101ts riepas karkass un s\u0101nu borti nodro\u0161ina riepas nedeform\u0113\u0161anos;<\/p>\n<p>-gumijas mais\u012bjums ir veidots ar uzlabotu notur\u012bbu pret meh\u0101niskiem boj\u0101jumiem.<\/p>\n<h3>Sunfull Mont-Pro MT781 agres\u012bvs protektora dizains<\/h3>\n<p><span>Protektora z\u012bm\u0113jumam ir rakstur\u012bgs agres\u012bvs dizains ar atv\u0113rt\u0101 tipa protektoru. Taj\u0101 ir lieli bloki, kas atdal\u012bti viens no otra ar izteikti plat\u0101m riev\u0101m. Elementiem ir sare\u017e\u0123\u012btas daudzst\u016bra formas. \u0160\u0101da tipa protektora bloki nodro\u0161ina garas un augstas kantes malas, kas pal\u012bdz kontaktlaukum\u0101 nodro\u0161in\u0101t nemain\u012bgi labu caurg\u0101jam\u012bbu.&nbsp;<\/span><\/p>\n<h3>Sunfull Mont-Pro MT781 plecu bloki<\/h3>\n<p>Papildus stabilit\u0101ti un notur\u012bbu uz ce\u013ca nodro\u0161ina plecu bloku dizains. Pam\u012b\u0161us ir izvietoti bloku elementi, kur katrs otrais ir ar asu kantes malu t\u0101dej\u0101di palielinot spiedienu uz kontaktlaukumu. Tas uzlabo sa\u0137eri un vilkmi.<\/p>\n<pre class=\"tw-data-text tw-text-large tw-ta\" data-placeholder=\"Tulkojums\" id=\"tw-target-text\" dir=\"ltr\"><\/pre>\n<p><strong>Sunfull Mont-Pro MT781<\/strong>&nbsp;mode\u013ca lieto\u0161anas dro\u0161\u012bbu ziemas laika apst\u0101k\u013cos un t\u0101 atbilst\u012bbu valst\u012bm ar oblig\u0101tu sezon\u0101lo riepu mai\u0146u apstiprina mar\u0137\u0113jums sniegp\u0101rslas form\u0101 uz kalna fona ar trim virsotn\u0113m (3PMSF).<\/p>\n<p><span>Viens no liel\u0101kajiem riepu ra\u017eot\u0101jiem bud\u017eeta segment\u0101. Alternat\u012bva Sailun, Antares, Westlake, Goodride, utt. Kvalit\u0101tes b\u016btiski neatpaliek no vid\u0113j\u0101s klases.&nbsp;<\/span><\/p>\n","protected":false},"excerpt":{"rendered":"<p>Vid\u0113j\u0101 bud\u017eeta klase. Sunfull riepas &#8211; laba kvalit\u0101te par labu cenu!&nbsp;&nbsp; Sunfull riepas \u0161obr\u012bd piedz\u012bvo strauju popularit\u0101tes pieaugumu vis\u0101 pasaul\u0113. \u0160\u012b ra\u017eot\u0101ja riepas ir ieguvu\u0161as b\u016btisku popularit\u0101ti ar\u012b Latvijas autobrauc\u0113ju<\/p>\n","protected":false},"featured_media":130084,"template":"","meta":{"_acf_changed":false,"ngg_post_thumbnail":0},"product_brand":[],"product_cat":[46,47],"product_tag":[],"class_list":{"0":"post-131850","1":"product","2":"type-product","3":"status-publish","4":"has-post-thumbnail","6":"product_cat-vasaras-riepas","7":"product_cat-vissezonas-riepas","9":"first","10":"instock","11":"sale","12":"taxable","13":"shipping-taxable","14":"product-type-simple"},"acf":[],"yoast_head":"<!-- This site is optimized with the Yoast SEO Premium plugin v22.6 (Yoast SEO v27.3) - https:\/\/yoast.com\/product\/yoast-seo-premium-wordpress\/ -->\n<title>265\/75R16 Sunfull Mont-Pro MT781 123\/120Q &#8226; MMK Riepas<\/title>\n<meta name=\"description\" content=\"Triangle Mont-Pro MT781 ir izteikti rupj\u0161s protektora dizains ar lieliem reti izvietotiem blokiem, kas pan\u0101k izcilu caurg\u0101jam\u012bbu jebk\u0101dos apst\u0101k\u013cos!\" \/>\n<meta name=\"robots\" content=\"index, follow, max-snippet:-1, max-image-preview:large, max-video-preview:-1\" \/>\n<link rel=\"canonical\" href=\"https:\/\/mmkriepas.lv\/en\/p\/265-75r16-sunfull-mont-pro-mt781-123-120q\/\" \/>\n<meta property=\"og:locale\" content=\"en_US\" \/>\n<meta property=\"og:type\" content=\"article\" \/>\n<meta property=\"og:title\" content=\"265\/75R16 Sunfull Mont-Pro MT781 123\/120Q\" \/>\n<meta property=\"og:description\" content=\"Triangle Mont-Pro MT781 ir izteikti rupj\u0161s protektora dizains ar lieliem reti izvietotiem blokiem, kas pan\u0101k izcilu caurg\u0101jam\u012bbu jebk\u0101dos apst\u0101k\u013cos!\" \/>\n<meta property=\"og:url\" content=\"https:\/\/mmkriepas.lv\/en\/p\/265-75r16-sunfull-mont-pro-mt781-123-120q\/\" \/>\n<meta property=\"og:site_name\" content=\"MMK Riepas\" \/>\n<meta property=\"article:publisher\" content=\"https:\/\/www.facebook.com\/mmkserviss\/\" \/>\n<meta property=\"article:modified_time\" content=\"2024-05-03T08:48:10+00:00\" \/>\n<meta property=\"og:image\" content=\"https:\/\/mmkriepas.lv\/wp-content\/uploads\/2020\/08\/26570r17-sunfull-mont-pro-mt781-121118q-vasaras-riepas.jpg\" \/>\n\t<meta property=\"og:image:width\" content=\"650\" \/>\n\t<meta property=\"og:image:height\" content=\"650\" \/>\n\t<meta property=\"og:image:type\" content=\"image\/jpeg\" \/>\n<meta name=\"twitter:card\" content=\"summary_large_image\" \/>\n<meta name=\"twitter:label1\" content=\"Price\" \/>\n\t<meta name=\"twitter:data1\" content=\"&euro;116.00\" \/>\n\t<meta name=\"twitter:label2\" content=\"Availability\" \/>\n\t<meta name=\"twitter:data2\" content=\"In stock\" \/>\n<script type=\"application\/ld+json\" class=\"yoast-schema-graph\">{\"@context\":\"https:\\\/\\\/schema.org\",\"@graph\":[{\"@type\":\"WebPage\",\"@id\":\"https:\\\/\\\/mmkriepas.lv\\\/en\\\/p\\\/265-75r16-sunfull-mont-pro-mt781-123-120q\\\/\",\"url\":\"https:\\\/\\\/mmkriepas.lv\\\/en\\\/p\\\/265-75r16-sunfull-mont-pro-mt781-123-120q\\\/\",\"name\":\"265\\\/75R16 Sunfull Mont-Pro MT781 123\\\/120Q &#8226; MMK Riepas\",\"isPartOf\":{\"@id\":\"https:\\\/\\\/mmkriepas.lv\\\/en\\\/#website\"},\"primaryImageOfPage\":{\"@id\":\"https:\\\/\\\/mmkriepas.lv\\\/en\\\/p\\\/265-75r16-sunfull-mont-pro-mt781-123-120q\\\/#primaryimage\"},\"image\":{\"@id\":\"https:\\\/\\\/mmkriepas.lv\\\/en\\\/p\\\/265-75r16-sunfull-mont-pro-mt781-123-120q\\\/#primaryimage\"},\"thumbnailUrl\":\"https:\\\/\\\/mmkriepas.lv\\\/wp-content\\\/uploads\\\/2020\\\/08\\\/26570r17-sunfull-mont-pro-mt781-121118q-vasaras-riepas.jpg\",\"datePublished\":\"2020-08-06T13:48:37+00:00\",\"dateModified\":\"2024-05-03T08:48:10+00:00\",\"description\":\"Triangle Mont-Pro MT781 ir izteikti rupj\u0161s protektora dizains ar lieliem reti izvietotiem blokiem, kas pan\u0101k izcilu caurg\u0101jam\u012bbu jebk\u0101dos apst\u0101k\u013cos!\",\"breadcrumb\":{\"@id\":\"https:\\\/\\\/mmkriepas.lv\\\/en\\\/p\\\/265-75r16-sunfull-mont-pro-mt781-123-120q\\\/#breadcrumb\"},\"inLanguage\":\"en-US\",\"potentialAction\":[{\"@type\":\"ReadAction\",\"target\":[\"https:\\\/\\\/mmkriepas.lv\\\/en\\\/p\\\/265-75r16-sunfull-mont-pro-mt781-123-120q\\\/\"]}]},{\"@type\":\"ImageObject\",\"inLanguage\":\"en-US\",\"@id\":\"https:\\\/\\\/mmkriepas.lv\\\/en\\\/p\\\/265-75r16-sunfull-mont-pro-mt781-123-120q\\\/#primaryimage\",\"url\":\"https:\\\/\\\/mmkriepas.lv\\\/wp-content\\\/uploads\\\/2020\\\/08\\\/26570r17-sunfull-mont-pro-mt781-121118q-vasaras-riepas.jpg\",\"contentUrl\":\"https:\\\/\\\/mmkriepas.lv\\\/wp-content\\\/uploads\\\/2020\\\/08\\\/26570r17-sunfull-mont-pro-mt781-121118q-vasaras-riepas.jpg\",\"width\":650,\"height\":650,\"caption\":\"265\\\/70R17 Sunfull Mont-Pro MT781 121\\\/118Q - Vasaras riepas \\\/ Vissezonas riepas\"},{\"@type\":\"BreadcrumbList\",\"@id\":\"https:\\\/\\\/mmkriepas.lv\\\/en\\\/p\\\/265-75r16-sunfull-mont-pro-mt781-123-120q\\\/#breadcrumb\",\"itemListElement\":[{\"@type\":\"ListItem\",\"position\":1,\"name\":\"S\u0101kums\",\"item\":\"https:\\\/\\\/mmkriepas.lv\\\/en\\\/\"},{\"@type\":\"ListItem\",\"position\":2,\"name\":\"265\\\/75R16 Sunfull Mont-Pro MT781 123\\\/120Q\"}]},{\"@type\":\"WebSite\",\"@id\":\"https:\\\/\\\/mmkriepas.lv\\\/en\\\/#website\",\"url\":\"https:\\\/\\\/mmkriepas.lv\\\/en\\\/\",\"name\":\"MMK Riepas\",\"description\":\"MMK Riepas\",\"alternateName\":\"MMK Riepu Serviss\",\"potentialAction\":[{\"@type\":\"SearchAction\",\"target\":{\"@type\":\"EntryPoint\",\"urlTemplate\":\"https:\\\/\\\/mmkriepas.lv\\\/en\\\/?s={search_term_string}\"},\"query-input\":{\"@type\":\"PropertyValueSpecification\",\"valueRequired\":true,\"valueName\":\"search_term_string\"}}],\"inLanguage\":\"en-US\"},{\"@type\":\"ImageObject\",\"inLanguage\":\"en-US\",\"@id\":\"https:\\\/\\\/mmkriepas.lv\\\/en\\\/p\\\/265-75r16-sunfull-mont-pro-mt781-123-120q\\\/#local-main-organization-logo\",\"url\":\"\",\"contentUrl\":\"\",\"caption\":\"MMK Riepas\"}]}<\/script>\n<meta property=\"product:brand\" content=\"Sunfull Mont-Pro MT781\" \/>\n<meta property=\"product:price:amount\" content=\"116.00\" \/>\n<meta property=\"product:price:currency\" content=\"EUR\" \/>\n<meta property=\"og:availability\" content=\"instock\" \/>\n<meta property=\"product:availability\" content=\"instock\" \/>\n<meta property=\"product:condition\" content=\"new\" \/>\n<!-- \/ Yoast SEO Premium plugin. -->","yoast_head_json":{"title":"265\/75R16 Sunfull Mont-Pro MT781 123\/120Q &#8226; MMK Riepas","description":"Triangle Mont-Pro MT781 ir izteikti rupj\u0161s protektora dizains ar lieliem reti izvietotiem blokiem, kas pan\u0101k izcilu caurg\u0101jam\u012bbu jebk\u0101dos apst\u0101k\u013cos!","robots":{"index":"index","follow":"follow","max-snippet":"max-snippet:-1","max-image-preview":"max-image-preview:large","max-video-preview":"max-video-preview:-1"},"canonical":"https:\/\/mmkriepas.lv\/en\/p\/265-75r16-sunfull-mont-pro-mt781-123-120q\/","og_locale":"en_US","og_type":"article","og_title":"265\/75R16 Sunfull Mont-Pro MT781 123\/120Q","og_description":"Triangle Mont-Pro MT781 ir izteikti rupj\u0161s protektora dizains ar lieliem reti izvietotiem blokiem, kas pan\u0101k izcilu caurg\u0101jam\u012bbu jebk\u0101dos apst\u0101k\u013cos!","og_url":"https:\/\/mmkriepas.lv\/en\/p\/265-75r16-sunfull-mont-pro-mt781-123-120q\/","og_site_name":"MMK Riepas","article_publisher":"https:\/\/www.facebook.com\/mmkserviss\/","article_modified_time":"2024-05-03T08:48:10+00:00","og_image":[{"width":650,"height":650,"url":"https:\/\/mmkriepas.lv\/wp-content\/uploads\/2020\/08\/26570r17-sunfull-mont-pro-mt781-121118q-vasaras-riepas.jpg","type":"image\/jpeg"}],"twitter_card":"summary_large_image","twitter_misc":{"Price":"&euro;116.00","Availability":"In stock"},"schema":{"@context":"https:\/\/schema.org","@graph":[{"@type":"WebPage","@id":"https:\/\/mmkriepas.lv\/en\/p\/265-75r16-sunfull-mont-pro-mt781-123-120q\/","url":"https:\/\/mmkriepas.lv\/en\/p\/265-75r16-sunfull-mont-pro-mt781-123-120q\/","name":"265\/75R16 Sunfull Mont-Pro MT781 123\/120Q &#8226; MMK Riepas","isPartOf":{"@id":"https:\/\/mmkriepas.lv\/en\/#website"},"primaryImageOfPage":{"@id":"https:\/\/mmkriepas.lv\/en\/p\/265-75r16-sunfull-mont-pro-mt781-123-120q\/#primaryimage"},"image":{"@id":"https:\/\/mmkriepas.lv\/en\/p\/265-75r16-sunfull-mont-pro-mt781-123-120q\/#primaryimage"},"thumbnailUrl":"https:\/\/mmkriepas.lv\/wp-content\/uploads\/2020\/08\/26570r17-sunfull-mont-pro-mt781-121118q-vasaras-riepas.jpg","datePublished":"2020-08-06T13:48:37+00:00","dateModified":"2024-05-03T08:48:10+00:00","description":"Triangle Mont-Pro MT781 ir izteikti rupj\u0161s protektora dizains ar lieliem reti izvietotiem blokiem, kas pan\u0101k izcilu caurg\u0101jam\u012bbu jebk\u0101dos apst\u0101k\u013cos!","breadcrumb":{"@id":"https:\/\/mmkriepas.lv\/en\/p\/265-75r16-sunfull-mont-pro-mt781-123-120q\/#breadcrumb"},"inLanguage":"en-US","potentialAction":[{"@type":"ReadAction","target":["https:\/\/mmkriepas.lv\/en\/p\/265-75r16-sunfull-mont-pro-mt781-123-120q\/"]}]},{"@type":"ImageObject","inLanguage":"en-US","@id":"https:\/\/mmkriepas.lv\/en\/p\/265-75r16-sunfull-mont-pro-mt781-123-120q\/#primaryimage","url":"https:\/\/mmkriepas.lv\/wp-content\/uploads\/2020\/08\/26570r17-sunfull-mont-pro-mt781-121118q-vasaras-riepas.jpg","contentUrl":"https:\/\/mmkriepas.lv\/wp-content\/uploads\/2020\/08\/26570r17-sunfull-mont-pro-mt781-121118q-vasaras-riepas.jpg","width":650,"height":650,"caption":"265\/70R17 Sunfull Mont-Pro MT781 121\/118Q - Vasaras riepas \/ Vissezonas riepas"},{"@type":"BreadcrumbList","@id":"https:\/\/mmkriepas.lv\/en\/p\/265-75r16-sunfull-mont-pro-mt781-123-120q\/#breadcrumb","itemListElement":[{"@type":"ListItem","position":1,"name":"S\u0101kums","item":"https:\/\/mmkriepas.lv\/en\/"},{"@type":"ListItem","position":2,"name":"265\/75R16 Sunfull Mont-Pro MT781 123\/120Q"}]},{"@type":"WebSite","@id":"https:\/\/mmkriepas.lv\/en\/#website","url":"https:\/\/mmkriepas.lv\/en\/","name":"MMK Riepas","description":"MMK Riepas","alternateName":"MMK Riepu Serviss","potentialAction":[{"@type":"SearchAction","target":{"@type":"EntryPoint","urlTemplate":"https:\/\/mmkriepas.lv\/en\/?s={search_term_string}"},"query-input":{"@type":"PropertyValueSpecification","valueRequired":true,"valueName":"search_term_string"}}],"inLanguage":"en-US"},{"@type":"ImageObject","inLanguage":"en-US","@id":"https:\/\/mmkriepas.lv\/en\/p\/265-75r16-sunfull-mont-pro-mt781-123-120q\/#local-main-organization-logo","url":"","contentUrl":"","caption":"MMK Riepas"}]},"product_brand":"Sunfull Mont-Pro MT781","product_price_amount":"116.00","product_price_currency":"EUR","og_availability":"instock","product_availability":"instock","product_condition":"new"},"_links":{"self":[{"href":"https:\/\/mmkriepas.lv\/en\/wp-json\/wp\/v2\/product\/131850","targetHints":{"allow":["GET"]}}],"collection":[{"href":"https:\/\/mmkriepas.lv\/en\/wp-json\/wp\/v2\/product"}],"about":[{"href":"https:\/\/mmkriepas.lv\/en\/wp-json\/wp\/v2\/types\/product"}],"wp:featuredmedia":[{"embeddable":true,"href":"https:\/\/mmkriepas.lv\/en\/wp-json\/wp\/v2\/media\/130084"}],"wp:attachment":[{"href":"https:\/\/mmkriepas.lv\/en\/wp-json\/wp\/v2\/media?parent=131850"}],"wp:term":[{"taxonomy":"product_brand","embeddable":true,"href":"https:\/\/mmkriepas.lv\/en\/wp-json\/wp\/v2\/product_brand?post=131850"},{"taxonomy":"product_cat","embeddable":true,"href":"https:\/\/mmkriepas.lv\/en\/wp-json\/wp\/v2\/product_cat?post=131850"},{"taxonomy":"product_tag","embeddable":true,"href":"https:\/\/mmkriepas.lv\/en\/wp-json\/wp\/v2\/product_tag?post=131850"}],"curies":[{"name":"wp","href":"https:\/\/api.w.org\/{rel}","templated":true}]}}