{"id":131715,"date":"2020-08-06T16:30:08","date_gmt":"2020-08-06T13:30:08","guid":{"rendered":"https:\/\/mmkserviss.lv\/?post_type=product&#038;p=131715"},"modified":"2026-03-28T00:04:44","modified_gmt":"2026-03-27T22:04:44","slug":"225-65r16c-sunfull-sf-w05-112-110r","status":"publish","type":"product","link":"https:\/\/mmkriepas.lv\/en\/p\/225-65r16c-sunfull-sf-w05-112-110r\/","title":{"rendered":"225\/65R16C Sunfull SF-W05 112\/110R"},"content":{"rendered":"<p><strong><span style=\"font-family: 'Arial',sans-serif;\">Sunfull SF-W05 <\/span><\/strong><strong><span style=\"font-family: 'Arial',sans-serif; font-weight: normal;\">ziemas riepas<\/span><\/strong><span style=\"font-family: 'Arial',sans-serif;\"> ir paredz\u0113ta komerctransportam, ja prec\u012bz\u0101k, tad mazajiem kravas automob\u012b\u013ciem un busiem. Tas at\u0161\u0137iras no vairuma citu savas klases l\u012bdz\u012bgu produktu ar stabilu veiktsp\u0113ju pat uz ce\u013ca segumiem kur sa\u0137eres koeficients ir zems. T\u0101 pat riepai piem\u012bt izcili kravnes\u012bbas, iztur\u012bbas un nodilumiztur\u012bbas r\u0101d\u012bt\u0101ji.<o:p><\/o:p><\/span><\/p>\n<h3><span style=\"font-family: 'Arial',sans-serif;\">SF-W05 galven\u0101s \u012bpa\u0161\u012bbas<o:p><\/o:p><\/span><\/h3>\n<p><span style=\"font-family: 'Arial',sans-serif;\">&#8211; protektora raksts ar mas\u012bviem blokiem nodro\u0161ina lielu riepas kontakta laukumu ar ce\u013ca segumu; <o:p><\/o:p><\/span><\/p>\n<p><span style=\"font-family: 'Arial',sans-serif;\">&#8211; optimiz\u0113jot protektora s\u0101nu bortus pan\u0101kti kravnes\u012bbas un nodilumiztur\u012bbas r\u0101d\u012bt\u0101ju uzlabo\u0161an\u0101s; <o:p><\/o:p><\/span><\/p>\n<p><span style=\"font-family: 'Arial',sans-serif;\">&#8211; taisnas formas lameles samazina akvaplan\u0113\u0161anas risku un uzlabo virziena stabilit\u0101ti uz slapj\u0101m virsm\u0101m; <o:p><\/o:p><\/span><\/p>\n<p><span style=\"font-family: 'Arial',sans-serif;\">&#8211; zigzagveida rievas nodro\u0161ina efekt\u012bvu vilkmi un p\u0101rliecino\u0161u bremz\u0113\u0161anu uz jebkuras virsmas.<o:p><\/o:p><\/span><\/p>\n<h3><span style=\"font-family: 'Arial',sans-serif;\">SF-W05 simetrisks protektora dizains<o:p><\/o:p><\/span><\/h3>\n<p><span style=\"font-family: 'Arial',sans-serif;\">Protektora z\u012bm\u0113jumam rakstur\u012bgs bezvirziena dizains ar simetrisku elementu izvietojumu. Elementi, jeb bloki ir mas\u012bva izm\u0113ra, t\u0101d\u0113\u013c palielin\u0101s ne tikai kontakta zonas izm\u0113rs, bet ar\u012b spiediens uz to. Kop\u0101 tas samazina protektora nodiluma laiku. Ir v\u0113rts atz\u012bm\u0113t optimiz\u0113to protektora profila formu, kas v\u0113l vair\u0101k uzlabo \u0161\u012bs \u012bpa\u0161\u012bbas.\u00a0<o:p><\/o:p><\/span><\/p>\n<h3><span style=\"font-family: 'Arial',sans-serif;\">Sunfull SF-W05 lame\u013cu noz\u012bme un forma<o:p><\/o:p><\/span><\/h3>\n<p><span style=\"font-family: 'Arial',sans-serif;\">Svar\u012bgi atz\u012bm\u0113t, ka \u0161is modelis ir apr\u012bkots ar iespaid\u012bgu lame\u013cu daudzumu. Sunfull SF-W05 ir apr\u012bkots ar divu veidu lamel\u0113m. Taisn\u0101s lameles, kas novietotas as\u0101 le\u0146\u0137\u012b pret brauk\u0161anas virzienu samazina akvaplan\u0113\u0161anas risku un palielina virziena stabilit\u0101ti. Savuk\u0101rt zigzagam l\u012bdz\u012bgas formas lameles, kas v\u0113rstas gandr\u012bz perpendikul\u0101ri, \u013cauj efekt\u012bv\u0101k izmantot vilces sp\u0113kus un samazina bremz\u0113\u0161anas ce\u013ca garumu uz sliden\u0101m virsm\u0101m.<o:p><\/o:p><\/span><\/p>\n<p><strong><span style=\"font-family: 'Arial',sans-serif;\">Sunfull SF-W05<\/span><\/strong><span style=\"font-family: 'Arial',sans-serif;\">\u00a0mode\u013ca lieto\u0161anas dro\u0161\u012bbu ziemas laika apst\u0101k\u013cos un t\u0101 atbilst\u012bbu valst\u012bm ar oblig\u0101tu sezon\u0101lo riepu mai\u0146u apstiprina mar\u0137\u0113jums sniegp\u0101rslas form\u0101 uz kalna fona ar trim virsotn\u0113m (3PMSF). <o:p><\/o:p><\/span><\/p>\n","protected":false},"excerpt":{"rendered":"<p><strong><span style=\"font-family: 'Arial',sans-serif;\">Sunfull SF-W05 <\/span><\/strong><strong><span style=\"font-family: 'Arial',sans-serif; font-weight: normal;\">ziemas riepas<\/span><\/strong><span style=\"font-family: 'Arial',sans-serif;\"> ir paredz\u0113ta komerctransportam, ja prec\u012bz\u0101k, tad mazajiem kravas automob\u012b\u013ciem un busiem. Tas at\u0161\u0137iras no vairuma citu savas klases l\u012bdz\u012bgu produktu ar stabilu veiktsp\u0113ju pat uz ce\u013ca segumiem kur sa\u0137eres koeficients ir zems. T\u0101 pat riepai piem\u012bt izcili kravnes\u012bbas, iztur\u012bbas un nodilumiztur\u012bbas r\u0101d\u012bt\u0101ji.<o:p><\/o:p><\/span><\/p>\n","protected":false},"featured_media":793476,"template":"","meta":{"_acf_changed":false,"ngg_post_thumbnail":0},"product_brand":[],"product_cat":[47,45],"product_tag":[],"class_list":{"0":"post-131715","1":"product","2":"type-product","3":"status-publish","4":"has-post-thumbnail","6":"product_cat-vissezonas-riepas","7":"product_cat-ziemas-riepas","9":"first","10":"instock","11":"sale","12":"taxable","13":"shipping-taxable","14":"purchasable","15":"product-type-simple"},"acf":[],"yoast_head":"<!-- This site is optimized with the Yoast SEO Premium plugin v22.6 (Yoast SEO v27.3) - https:\/\/yoast.com\/product\/yoast-seo-premium-wordpress\/ -->\n<title>225\/65R16C Sunfull SF-W05 112\/110R &#8226; MMK Riepas<\/title>\n<meta name=\"description\" content=\"Ziemas riepas Sunfull SF-W05 ir paredz\u0113ta komerctransportam, ja prec\u012bz\u0101k, tad mazajiem kravas automob\u012b\u013ciem un busiem. MMK Iesaka!\" \/>\n<meta name=\"robots\" content=\"index, follow, max-snippet:-1, max-image-preview:large, max-video-preview:-1\" \/>\n<link rel=\"canonical\" href=\"https:\/\/mmkriepas.lv\/en\/p\/225-65r16c-sunfull-sf-w05-112-110r\/\" \/>\n<meta property=\"og:locale\" content=\"en_US\" \/>\n<meta property=\"og:type\" content=\"article\" \/>\n<meta property=\"og:title\" content=\"225\/65R16C Sunfull SF-W05 112\/110R\" \/>\n<meta property=\"og:description\" content=\"Ziemas riepas Sunfull SF-W05 ir paredz\u0113ta komerctransportam, ja prec\u012bz\u0101k, tad mazajiem kravas automob\u012b\u013ciem un busiem. MMK Iesaka!\" \/>\n<meta property=\"og:url\" content=\"https:\/\/mmkriepas.lv\/en\/p\/225-65r16c-sunfull-sf-w05-112-110r\/\" \/>\n<meta property=\"og:site_name\" content=\"MMK Riepas\" \/>\n<meta property=\"article:publisher\" content=\"https:\/\/www.facebook.com\/mmkserviss\/\" \/>\n<meta property=\"article:modified_time\" content=\"2026-03-27T22:04:44+00:00\" \/>\n<meta property=\"og:image\" content=\"https:\/\/mmkriepas.lv\/wp-content\/uploads\/2023\/09\/23565r16c-sunfull-sf-w05-115113r-ziemas-riepas.jpeg\" \/>\n\t<meta property=\"og:image:width\" content=\"1920\" \/>\n\t<meta property=\"og:image:height\" content=\"1920\" \/>\n\t<meta property=\"og:image:type\" content=\"image\/jpeg\" \/>\n<meta name=\"twitter:card\" content=\"summary_large_image\" \/>\n<meta name=\"twitter:label1\" content=\"Price\" \/>\n\t<meta name=\"twitter:data1\" content=\"&euro;68.00\" \/>\n\t<meta name=\"twitter:label2\" content=\"Availability\" \/>\n\t<meta name=\"twitter:data2\" content=\"In stock\" \/>\n<script type=\"application\/ld+json\" class=\"yoast-schema-graph\">{\"@context\":\"https:\\\/\\\/schema.org\",\"@graph\":[{\"@type\":\"WebPage\",\"@id\":\"https:\\\/\\\/mmkriepas.lv\\\/en\\\/p\\\/225-65r16c-sunfull-sf-w05-112-110r\\\/\",\"url\":\"https:\\\/\\\/mmkriepas.lv\\\/en\\\/p\\\/225-65r16c-sunfull-sf-w05-112-110r\\\/\",\"name\":\"225\\\/65R16C Sunfull SF-W05 112\\\/110R &#8226; MMK Riepas\",\"isPartOf\":{\"@id\":\"https:\\\/\\\/mmkriepas.lv\\\/en\\\/#website\"},\"primaryImageOfPage\":{\"@id\":\"https:\\\/\\\/mmkriepas.lv\\\/en\\\/p\\\/225-65r16c-sunfull-sf-w05-112-110r\\\/#primaryimage\"},\"image\":{\"@id\":\"https:\\\/\\\/mmkriepas.lv\\\/en\\\/p\\\/225-65r16c-sunfull-sf-w05-112-110r\\\/#primaryimage\"},\"thumbnailUrl\":\"https:\\\/\\\/mmkriepas.lv\\\/wp-content\\\/uploads\\\/2023\\\/09\\\/23565r16c-sunfull-sf-w05-115113r-ziemas-riepas.jpeg\",\"datePublished\":\"2020-08-06T13:30:08+00:00\",\"dateModified\":\"2026-03-27T22:04:44+00:00\",\"description\":\"Ziemas riepas Sunfull SF-W05 ir paredz\u0113ta komerctransportam, ja prec\u012bz\u0101k, tad mazajiem kravas automob\u012b\u013ciem un busiem. MMK Iesaka!\",\"breadcrumb\":{\"@id\":\"https:\\\/\\\/mmkriepas.lv\\\/en\\\/p\\\/225-65r16c-sunfull-sf-w05-112-110r\\\/#breadcrumb\"},\"inLanguage\":\"en-US\",\"potentialAction\":[{\"@type\":\"ReadAction\",\"target\":[\"https:\\\/\\\/mmkriepas.lv\\\/en\\\/p\\\/225-65r16c-sunfull-sf-w05-112-110r\\\/\"]}]},{\"@type\":\"ImageObject\",\"inLanguage\":\"en-US\",\"@id\":\"https:\\\/\\\/mmkriepas.lv\\\/en\\\/p\\\/225-65r16c-sunfull-sf-w05-112-110r\\\/#primaryimage\",\"url\":\"https:\\\/\\\/mmkriepas.lv\\\/wp-content\\\/uploads\\\/2023\\\/09\\\/23565r16c-sunfull-sf-w05-115113r-ziemas-riepas.jpeg\",\"contentUrl\":\"https:\\\/\\\/mmkriepas.lv\\\/wp-content\\\/uploads\\\/2023\\\/09\\\/23565r16c-sunfull-sf-w05-115113r-ziemas-riepas.jpeg\",\"width\":1920,\"height\":1920,\"caption\":\"235\\\/65R16C Sunfull SF-W05 115\\\/113R - Vissezonas riepas \\\/ Ziemas riepas\"},{\"@type\":\"BreadcrumbList\",\"@id\":\"https:\\\/\\\/mmkriepas.lv\\\/en\\\/p\\\/225-65r16c-sunfull-sf-w05-112-110r\\\/#breadcrumb\",\"itemListElement\":[{\"@type\":\"ListItem\",\"position\":1,\"name\":\"S\u0101kums\",\"item\":\"https:\\\/\\\/mmkriepas.lv\\\/en\\\/\"},{\"@type\":\"ListItem\",\"position\":2,\"name\":\"225\\\/65R16C Sunfull SF-W05 112\\\/110R\"}]},{\"@type\":\"WebSite\",\"@id\":\"https:\\\/\\\/mmkriepas.lv\\\/en\\\/#website\",\"url\":\"https:\\\/\\\/mmkriepas.lv\\\/en\\\/\",\"name\":\"MMK Riepas\",\"description\":\"MMK Riepas\",\"alternateName\":\"MMK Riepu Serviss\",\"potentialAction\":[{\"@type\":\"SearchAction\",\"target\":{\"@type\":\"EntryPoint\",\"urlTemplate\":\"https:\\\/\\\/mmkriepas.lv\\\/en\\\/?s={search_term_string}\"},\"query-input\":{\"@type\":\"PropertyValueSpecification\",\"valueRequired\":true,\"valueName\":\"search_term_string\"}}],\"inLanguage\":\"en-US\"},{\"@type\":\"ImageObject\",\"inLanguage\":\"en-US\",\"@id\":\"https:\\\/\\\/mmkriepas.lv\\\/en\\\/p\\\/225-65r16c-sunfull-sf-w05-112-110r\\\/#local-main-organization-logo\",\"url\":\"\",\"contentUrl\":\"\",\"caption\":\"MMK Riepas\"}]}<\/script>\n<meta property=\"product:brand\" content=\"Sunfull SF-W05\" \/>\n<meta property=\"product:price:amount\" content=\"68.00\" \/>\n<meta property=\"product:price:currency\" content=\"EUR\" \/>\n<meta property=\"og:availability\" content=\"instock\" \/>\n<meta property=\"product:availability\" content=\"instock\" \/>\n<meta property=\"product:retailer_item_id\" content=\"TW2256516CSUNFU-1851\" \/>\n<meta property=\"product:condition\" content=\"new\" \/>\n<!-- \/ Yoast SEO Premium plugin. -->","yoast_head_json":{"title":"225\/65R16C Sunfull SF-W05 112\/110R &#8226; MMK Riepas","description":"Ziemas riepas Sunfull SF-W05 ir paredz\u0113ta komerctransportam, ja prec\u012bz\u0101k, tad mazajiem kravas automob\u012b\u013ciem un busiem. MMK Iesaka!","robots":{"index":"index","follow":"follow","max-snippet":"max-snippet:-1","max-image-preview":"max-image-preview:large","max-video-preview":"max-video-preview:-1"},"canonical":"https:\/\/mmkriepas.lv\/en\/p\/225-65r16c-sunfull-sf-w05-112-110r\/","og_locale":"en_US","og_type":"article","og_title":"225\/65R16C Sunfull SF-W05 112\/110R","og_description":"Ziemas riepas Sunfull SF-W05 ir paredz\u0113ta komerctransportam, ja prec\u012bz\u0101k, tad mazajiem kravas automob\u012b\u013ciem un busiem. MMK Iesaka!","og_url":"https:\/\/mmkriepas.lv\/en\/p\/225-65r16c-sunfull-sf-w05-112-110r\/","og_site_name":"MMK Riepas","article_publisher":"https:\/\/www.facebook.com\/mmkserviss\/","article_modified_time":"2026-03-27T22:04:44+00:00","og_image":[{"width":1920,"height":1920,"url":"https:\/\/mmkriepas.lv\/wp-content\/uploads\/2023\/09\/23565r16c-sunfull-sf-w05-115113r-ziemas-riepas.jpeg","type":"image\/jpeg"}],"twitter_card":"summary_large_image","twitter_misc":{"Price":"&euro;68.00","Availability":"In stock"},"schema":{"@context":"https:\/\/schema.org","@graph":[{"@type":"WebPage","@id":"https:\/\/mmkriepas.lv\/en\/p\/225-65r16c-sunfull-sf-w05-112-110r\/","url":"https:\/\/mmkriepas.lv\/en\/p\/225-65r16c-sunfull-sf-w05-112-110r\/","name":"225\/65R16C Sunfull SF-W05 112\/110R &#8226; MMK Riepas","isPartOf":{"@id":"https:\/\/mmkriepas.lv\/en\/#website"},"primaryImageOfPage":{"@id":"https:\/\/mmkriepas.lv\/en\/p\/225-65r16c-sunfull-sf-w05-112-110r\/#primaryimage"},"image":{"@id":"https:\/\/mmkriepas.lv\/en\/p\/225-65r16c-sunfull-sf-w05-112-110r\/#primaryimage"},"thumbnailUrl":"https:\/\/mmkriepas.lv\/wp-content\/uploads\/2023\/09\/23565r16c-sunfull-sf-w05-115113r-ziemas-riepas.jpeg","datePublished":"2020-08-06T13:30:08+00:00","dateModified":"2026-03-27T22:04:44+00:00","description":"Ziemas riepas Sunfull SF-W05 ir paredz\u0113ta komerctransportam, ja prec\u012bz\u0101k, tad mazajiem kravas automob\u012b\u013ciem un busiem. MMK Iesaka!","breadcrumb":{"@id":"https:\/\/mmkriepas.lv\/en\/p\/225-65r16c-sunfull-sf-w05-112-110r\/#breadcrumb"},"inLanguage":"en-US","potentialAction":[{"@type":"ReadAction","target":["https:\/\/mmkriepas.lv\/en\/p\/225-65r16c-sunfull-sf-w05-112-110r\/"]}]},{"@type":"ImageObject","inLanguage":"en-US","@id":"https:\/\/mmkriepas.lv\/en\/p\/225-65r16c-sunfull-sf-w05-112-110r\/#primaryimage","url":"https:\/\/mmkriepas.lv\/wp-content\/uploads\/2023\/09\/23565r16c-sunfull-sf-w05-115113r-ziemas-riepas.jpeg","contentUrl":"https:\/\/mmkriepas.lv\/wp-content\/uploads\/2023\/09\/23565r16c-sunfull-sf-w05-115113r-ziemas-riepas.jpeg","width":1920,"height":1920,"caption":"235\/65R16C Sunfull SF-W05 115\/113R - Vissezonas riepas \/ Ziemas riepas"},{"@type":"BreadcrumbList","@id":"https:\/\/mmkriepas.lv\/en\/p\/225-65r16c-sunfull-sf-w05-112-110r\/#breadcrumb","itemListElement":[{"@type":"ListItem","position":1,"name":"S\u0101kums","item":"https:\/\/mmkriepas.lv\/en\/"},{"@type":"ListItem","position":2,"name":"225\/65R16C Sunfull SF-W05 112\/110R"}]},{"@type":"WebSite","@id":"https:\/\/mmkriepas.lv\/en\/#website","url":"https:\/\/mmkriepas.lv\/en\/","name":"MMK Riepas","description":"MMK Riepas","alternateName":"MMK Riepu Serviss","potentialAction":[{"@type":"SearchAction","target":{"@type":"EntryPoint","urlTemplate":"https:\/\/mmkriepas.lv\/en\/?s={search_term_string}"},"query-input":{"@type":"PropertyValueSpecification","valueRequired":true,"valueName":"search_term_string"}}],"inLanguage":"en-US"},{"@type":"ImageObject","inLanguage":"en-US","@id":"https:\/\/mmkriepas.lv\/en\/p\/225-65r16c-sunfull-sf-w05-112-110r\/#local-main-organization-logo","url":"","contentUrl":"","caption":"MMK Riepas"}]},"product_brand":"Sunfull SF-W05","product_price_amount":"68.00","product_price_currency":"EUR","og_availability":"instock","product_availability":"instock","product_retailer_item_id":"TW2256516CSUNFU-1851","product_condition":"new"},"_links":{"self":[{"href":"https:\/\/mmkriepas.lv\/en\/wp-json\/wp\/v2\/product\/131715","targetHints":{"allow":["GET"]}}],"collection":[{"href":"https:\/\/mmkriepas.lv\/en\/wp-json\/wp\/v2\/product"}],"about":[{"href":"https:\/\/mmkriepas.lv\/en\/wp-json\/wp\/v2\/types\/product"}],"wp:featuredmedia":[{"embeddable":true,"href":"https:\/\/mmkriepas.lv\/en\/wp-json\/wp\/v2\/media\/793476"}],"wp:attachment":[{"href":"https:\/\/mmkriepas.lv\/en\/wp-json\/wp\/v2\/media?parent=131715"}],"wp:term":[{"taxonomy":"product_brand","embeddable":true,"href":"https:\/\/mmkriepas.lv\/en\/wp-json\/wp\/v2\/product_brand?post=131715"},{"taxonomy":"product_cat","embeddable":true,"href":"https:\/\/mmkriepas.lv\/en\/wp-json\/wp\/v2\/product_cat?post=131715"},{"taxonomy":"product_tag","embeddable":true,"href":"https:\/\/mmkriepas.lv\/en\/wp-json\/wp\/v2\/product_tag?post=131715"}],"curies":[{"name":"wp","href":"https:\/\/api.w.org\/{rel}","templated":true}]}}