{"id":131541,"date":"2020-08-06T15:56:00","date_gmt":"2020-08-06T12:56:00","guid":{"rendered":"https:\/\/mmkserviss.lv\/?post_type=product&#038;p=131541"},"modified":"2024-05-03T11:48:53","modified_gmt":"2024-05-03T08:48:53","slug":"205-65r16c-sunfull-sf-w07-107-105","status":"publish","type":"product","link":"https:\/\/mmkriepas.lv\/en\/p\/205-65r16c-sunfull-sf-w07-107-105\/","title":{"rendered":"205\/65R16C Sunfull SF-W07  107\/105"},"content":{"rendered":"<p><span>Vid\u0113j\u0101 bud\u017eeta klase. Sunfull riepas &#8211; laba kvalit\u0101te par labu cenu!&nbsp;&nbsp;<\/span><\/p>\n<p><strong>Sunfull riepas<\/strong><span> \u0161obr\u012bd piedz\u012bvo strauju popularit\u0101tes pieaugumu vis\u0101 pasaul\u0113. \u0160\u012b ra\u017eot\u0101ja riepas ir ieguvu\u0161as b\u016btisku popularit\u0101ti ar\u012b Latvijas autobrauc\u0113ju un riepu tirgot\u0101ji vid\u016b. \u012apa\u0161nieks ir Shandong Hengfeng Rubber &amp; Plastic Co., kas ir viens no l\u012bderiem \u0136\u012bnas riepu ra\u017eo\u0161anas sektor\u0101.&nbsp; Komp\u0101nijas da\u017e\u0101do ra\u017eot\u0146u specializ\u0101cija dod uz\u0146\u0113muma kapacit\u0101ti ra\u017eot kvalitat\u012bvas riepas da\u017e\u0101d\u0101m pat\u0113r\u0113t\u0101ju grup\u0101m, uzsvaru liekot ne tikai uz<strong>&nbsp;Sunfull riepu<\/strong> kop\u0113jo kvalit\u0101ti, bet ar\u012b uz katra automobi\u013ca tipa pras\u012bb\u0101m. T\u0101d\u0113\u013c ir iesp\u0113jams nodro\u0161in\u0101t gan augstu kvalit\u0101ti, gan augstu specializ\u0101ciju da\u017e\u0101d\u0101m <strong>Sunfull riep\u0101m.<\/strong><\/span><\/p>\n<p><strong>Sunfull SF-W07<\/strong> ziemas riepa tiek izmantota komerctransportam un maziem kravas automobi\u013ciem. To raksturo p\u0101rliecino\u0161a veiktsp\u0113ja uz segumiem ar zemu sa\u0137eres koeficientu, stabilit\u0101te sare\u017e\u0123\u012btos apst\u0101k\u013cos, uzlabota degvielas efektivit\u0101te un palielin\u0101ts iesp\u0113jamais nobraukums.<\/p>\n<h3>Sunfull SF-W07 galven\u0101s \u012bpa\u0161\u012bbas<\/h3>\n<p>&#8211; protektora z\u012bm\u0113jums ar \u010detr\u0101m plat\u0101m garenisk\u0101m rib\u0101m veido lielu kontaktlaukumu ar ce\u013cu, tas nodro\u0161ina augstu virziena stabilit\u0101ti un lielisku reakciju uz st\u016bres manevriem;<br \/>\n&#8211; jauktas konstrukcijas \u012bpa\u0161i pastiprin\u0101ts karkass nodro\u0161ina augstu kravnes\u012bbu ar samazin\u0101tu riepas svaru;<br \/>\n&#8211; sa\u0137eri veidojo\u0161\u0101s \u0161\u0137autnes, kuru skaits pateicoties lamel\u0113m ir iev\u0113rojami audzis, uzlabo vilces sp\u0113kus un bremz\u0113\u0161anas efektivit\u0101ti uz apledoju\u0161\u0101m virsm\u0101m.<\/p>\n<h3>Sunfull SF-W07 protektora dizains<\/h3>\n<p>Protektora z\u012bm\u0113juma dizains liel\u0101 m\u0113r\u0101 ir saist\u012bts ar faktu, ka riepas ir paredz\u0113tas komerctransportam. Ekspluot\u0113\u0161anas pras\u012bbas ar\u012b ir iemesls k\u0101p\u0113c in\u017eenieri l\u0113ma par labu bezvirziena simetriskajam protektora izvietojumam. Protektora blokiem ir palielin\u0101ts izm\u0113rs, un tie ir izvietoti rakst\u0101, kas veido \u010detras mas\u012bvas ribas. \u0160\u0101ds risin\u0101jums palielina plat\u012bbu, kas atrodas saskar\u0113 ar ce\u013ca virsmu. Tas nodro\u0161ina augstu sa\u0137eres stabilit\u0101ti un samazina protektora agresivit\u0101ti.<\/p>\n<h3>Sunfull SF-W07 izstr\u0101d\u0101ta komerctransportam<\/h3>\n<p>\u0160\u0101da konstrukcija \u013cauj skaidri par\u0101d\u012bt degvielas ekonomijas \u012bpa\u0161\u012bbas, uzlabotu virziena stabilit\u0101ti un pat\u012bkamu \u0113rtu brauk\u0161anas procesu. Pateicoties \u0101trumam un precizit\u0101tei, k\u0101d\u0101 riepa rea\u0123\u0113 uz vad\u012bt\u0101ja darb\u012bb\u0101m, braukt garos p\u0101rbraucienos b\u016bs baud\u0101mi. Protektora rakst\u0101 ir liels skaits lame\u013cu. Taisn\u0101s lameles ir novietotas \u0161\u0137\u0113rs\u0101m, neliel\u0101 le\u0146\u0137\u012b attiec\u012bb\u0101 pret p\u0101rvieto\u0161an\u0101s virzienu. Tas ne tikai uzlabo sa\u0137eri garenvirzien\u0101 uz sliden\u0101m, slapj\u0101m vai apledoju\u0161\u0101m virsm\u0101m, bet ar\u012b pie\u0161\u0137ir tai augstu stabilit\u0101ti.<\/p>\n<pre class=\"tw-data-text tw-text-large tw-ta\" data-placeholder=\"Tulkojums\" id=\"tw-target-text\" dir=\"ltr\"><\/pre>\n<p><strong>Sunfull SF-W07<\/strong>&nbsp;mode\u013ca lieto\u0161anas dro\u0161\u012bbu ziemas laika apst\u0101k\u013cos un t\u0101 atbilst\u012bbu valst\u012bm ar oblig\u0101tu sezon\u0101lo riepu mai\u0146u apstiprina mar\u0137\u0113jums sniegp\u0101rslas form\u0101 uz kalna fona ar trim virsotn\u0113m (3PMSF).<\/p>\n<p><span>Viens no liel\u0101kajiem riepu ra\u017eot\u0101jiem bud\u017eeta segment\u0101. Alternat\u012bva Sailun, Antares, Westlake, Goodride, utt. Kvalit\u0101tes b\u016btiski neatpaliek no vid\u0113j\u0101s klases.&nbsp;<\/span><\/p>\n","protected":false},"excerpt":{"rendered":"<p>Vid\u0113j\u0101 bud\u017eeta klase. Sunfull riepas &#8211; laba kvalit\u0101te par labu cenu!&nbsp;&nbsp; Sunfull riepas \u0161obr\u012bd piedz\u012bvo strauju popularit\u0101tes pieaugumu vis\u0101 pasaul\u0113. \u0160\u012b ra\u017eot\u0101ja riepas ir ieguvu\u0161as b\u016btisku popularit\u0101ti ar\u012b Latvijas autobrauc\u0113ju<\/p>\n","protected":false},"featured_media":129207,"template":"","meta":{"_acf_changed":false,"ngg_post_thumbnail":0},"product_brand":[],"product_cat":[47,45],"product_tag":[],"class_list":{"0":"post-131541","1":"product","2":"type-product","3":"status-publish","4":"has-post-thumbnail","6":"product_cat-vissezonas-riepas","7":"product_cat-ziemas-riepas","9":"first","10":"instock","11":"sale","12":"taxable","13":"shipping-taxable","14":"product-type-simple"},"acf":[],"yoast_head":"<!-- This site is optimized with the Yoast SEO Premium plugin v22.6 (Yoast SEO v27.3) - https:\/\/yoast.com\/product\/yoast-seo-premium-wordpress\/ -->\n<title>205\/65R16C Sunfull SF-W07 107\/105 &#8226; MMK Riepas<\/title>\n<meta name=\"description\" content=\"Sunfull SF-W07 ziemas riepas paredz\u0113tas komerctransportam un maziem kravas automobi\u013ciem. P\u0101rliecino\u0161a veiktsp\u0113ja uz segumiem ar zemu sa\u0137eres koeficientu!\" \/>\n<meta name=\"robots\" content=\"index, follow, max-snippet:-1, max-image-preview:large, max-video-preview:-1\" \/>\n<link rel=\"canonical\" href=\"https:\/\/mmkriepas.lv\/en\/p\/205-65r16c-sunfull-sf-w07-107-105\/\" \/>\n<meta property=\"og:locale\" content=\"en_US\" \/>\n<meta property=\"og:type\" content=\"article\" \/>\n<meta property=\"og:title\" content=\"205\/65R16C Sunfull SF-W07 107\/105\" \/>\n<meta property=\"og:description\" content=\"Sunfull SF-W07 ziemas riepas paredz\u0113tas komerctransportam un maziem kravas automobi\u013ciem. P\u0101rliecino\u0161a veiktsp\u0113ja uz segumiem ar zemu sa\u0137eres koeficientu!\" \/>\n<meta property=\"og:url\" content=\"https:\/\/mmkriepas.lv\/en\/p\/205-65r16c-sunfull-sf-w07-107-105\/\" \/>\n<meta property=\"og:site_name\" content=\"MMK Riepas\" \/>\n<meta property=\"article:publisher\" content=\"https:\/\/www.facebook.com\/mmkserviss\/\" \/>\n<meta property=\"article:modified_time\" content=\"2024-05-03T08:48:53+00:00\" \/>\n<meta property=\"og:image\" content=\"https:\/\/mmkriepas.lv\/wp-content\/uploads\/2020\/07\/21565r16c-sunfull-sf-w07-109107-ziemas-riepas.jpg\" \/>\n\t<meta property=\"og:image:width\" content=\"1200\" \/>\n\t<meta property=\"og:image:height\" content=\"1200\" \/>\n\t<meta property=\"og:image:type\" content=\"image\/jpeg\" \/>\n<meta name=\"twitter:card\" content=\"summary_large_image\" \/>\n<meta name=\"twitter:label1\" content=\"Price\" \/>\n\t<meta name=\"twitter:data1\" content=\"&euro;69.00\" \/>\n\t<meta name=\"twitter:label2\" content=\"Availability\" \/>\n\t<meta name=\"twitter:data2\" content=\"In stock\" \/>\n<script type=\"application\/ld+json\" class=\"yoast-schema-graph\">{\"@context\":\"https:\\\/\\\/schema.org\",\"@graph\":[{\"@type\":\"WebPage\",\"@id\":\"https:\\\/\\\/mmkriepas.lv\\\/en\\\/p\\\/205-65r16c-sunfull-sf-w07-107-105\\\/\",\"url\":\"https:\\\/\\\/mmkriepas.lv\\\/en\\\/p\\\/205-65r16c-sunfull-sf-w07-107-105\\\/\",\"name\":\"205\\\/65R16C Sunfull SF-W07 107\\\/105 &#8226; MMK Riepas\",\"isPartOf\":{\"@id\":\"https:\\\/\\\/mmkriepas.lv\\\/en\\\/#website\"},\"primaryImageOfPage\":{\"@id\":\"https:\\\/\\\/mmkriepas.lv\\\/en\\\/p\\\/205-65r16c-sunfull-sf-w07-107-105\\\/#primaryimage\"},\"image\":{\"@id\":\"https:\\\/\\\/mmkriepas.lv\\\/en\\\/p\\\/205-65r16c-sunfull-sf-w07-107-105\\\/#primaryimage\"},\"thumbnailUrl\":\"https:\\\/\\\/mmkriepas.lv\\\/wp-content\\\/uploads\\\/2020\\\/07\\\/21565r16c-sunfull-sf-w07-109107-ziemas-riepas.jpg\",\"datePublished\":\"2020-08-06T12:56:00+00:00\",\"dateModified\":\"2024-05-03T08:48:53+00:00\",\"description\":\"Sunfull SF-W07 ziemas riepas paredz\u0113tas komerctransportam un maziem kravas automobi\u013ciem. P\u0101rliecino\u0161a veiktsp\u0113ja uz segumiem ar zemu sa\u0137eres koeficientu!\",\"breadcrumb\":{\"@id\":\"https:\\\/\\\/mmkriepas.lv\\\/en\\\/p\\\/205-65r16c-sunfull-sf-w07-107-105\\\/#breadcrumb\"},\"inLanguage\":\"en-US\",\"potentialAction\":[{\"@type\":\"ReadAction\",\"target\":[\"https:\\\/\\\/mmkriepas.lv\\\/en\\\/p\\\/205-65r16c-sunfull-sf-w07-107-105\\\/\"]}]},{\"@type\":\"ImageObject\",\"inLanguage\":\"en-US\",\"@id\":\"https:\\\/\\\/mmkriepas.lv\\\/en\\\/p\\\/205-65r16c-sunfull-sf-w07-107-105\\\/#primaryimage\",\"url\":\"https:\\\/\\\/mmkriepas.lv\\\/wp-content\\\/uploads\\\/2020\\\/07\\\/21565r16c-sunfull-sf-w07-109107-ziemas-riepas.jpg\",\"contentUrl\":\"https:\\\/\\\/mmkriepas.lv\\\/wp-content\\\/uploads\\\/2020\\\/07\\\/21565r16c-sunfull-sf-w07-109107-ziemas-riepas.jpg\",\"width\":1200,\"height\":1200,\"caption\":\"215\\\/65R16C Sunfull SF-W07 109\\\/107 - Vissezonas riepas \\\/ Ziemas riepas\"},{\"@type\":\"BreadcrumbList\",\"@id\":\"https:\\\/\\\/mmkriepas.lv\\\/en\\\/p\\\/205-65r16c-sunfull-sf-w07-107-105\\\/#breadcrumb\",\"itemListElement\":[{\"@type\":\"ListItem\",\"position\":1,\"name\":\"S\u0101kums\",\"item\":\"https:\\\/\\\/mmkriepas.lv\\\/en\\\/\"},{\"@type\":\"ListItem\",\"position\":2,\"name\":\"205\\\/65R16C Sunfull SF-W07 107\\\/105\"}]},{\"@type\":\"WebSite\",\"@id\":\"https:\\\/\\\/mmkriepas.lv\\\/en\\\/#website\",\"url\":\"https:\\\/\\\/mmkriepas.lv\\\/en\\\/\",\"name\":\"MMK Riepas\",\"description\":\"MMK Riepas\",\"alternateName\":\"MMK Riepu Serviss\",\"potentialAction\":[{\"@type\":\"SearchAction\",\"target\":{\"@type\":\"EntryPoint\",\"urlTemplate\":\"https:\\\/\\\/mmkriepas.lv\\\/en\\\/?s={search_term_string}\"},\"query-input\":{\"@type\":\"PropertyValueSpecification\",\"valueRequired\":true,\"valueName\":\"search_term_string\"}}],\"inLanguage\":\"en-US\"},{\"@type\":\"ImageObject\",\"inLanguage\":\"en-US\",\"@id\":\"https:\\\/\\\/mmkriepas.lv\\\/en\\\/p\\\/205-65r16c-sunfull-sf-w07-107-105\\\/#local-main-organization-logo\",\"url\":\"\",\"contentUrl\":\"\",\"caption\":\"MMK Riepas\"}]}<\/script>\n<meta property=\"product:brand\" content=\"Sunfull SF-W07\" \/>\n<meta property=\"product:price:amount\" content=\"69.00\" \/>\n<meta property=\"product:price:currency\" content=\"EUR\" \/>\n<meta property=\"og:availability\" content=\"instock\" \/>\n<meta property=\"product:availability\" content=\"instock\" \/>\n<meta property=\"product:condition\" content=\"new\" \/>\n<!-- \/ Yoast SEO Premium plugin. -->","yoast_head_json":{"title":"205\/65R16C Sunfull SF-W07 107\/105 &#8226; MMK Riepas","description":"Sunfull SF-W07 ziemas riepas paredz\u0113tas komerctransportam un maziem kravas automobi\u013ciem. P\u0101rliecino\u0161a veiktsp\u0113ja uz segumiem ar zemu sa\u0137eres koeficientu!","robots":{"index":"index","follow":"follow","max-snippet":"max-snippet:-1","max-image-preview":"max-image-preview:large","max-video-preview":"max-video-preview:-1"},"canonical":"https:\/\/mmkriepas.lv\/en\/p\/205-65r16c-sunfull-sf-w07-107-105\/","og_locale":"en_US","og_type":"article","og_title":"205\/65R16C Sunfull SF-W07 107\/105","og_description":"Sunfull SF-W07 ziemas riepas paredz\u0113tas komerctransportam un maziem kravas automobi\u013ciem. P\u0101rliecino\u0161a veiktsp\u0113ja uz segumiem ar zemu sa\u0137eres koeficientu!","og_url":"https:\/\/mmkriepas.lv\/en\/p\/205-65r16c-sunfull-sf-w07-107-105\/","og_site_name":"MMK Riepas","article_publisher":"https:\/\/www.facebook.com\/mmkserviss\/","article_modified_time":"2024-05-03T08:48:53+00:00","og_image":[{"width":1200,"height":1200,"url":"https:\/\/mmkriepas.lv\/wp-content\/uploads\/2020\/07\/21565r16c-sunfull-sf-w07-109107-ziemas-riepas.jpg","type":"image\/jpeg"}],"twitter_card":"summary_large_image","twitter_misc":{"Price":"&euro;69.00","Availability":"In stock"},"schema":{"@context":"https:\/\/schema.org","@graph":[{"@type":"WebPage","@id":"https:\/\/mmkriepas.lv\/en\/p\/205-65r16c-sunfull-sf-w07-107-105\/","url":"https:\/\/mmkriepas.lv\/en\/p\/205-65r16c-sunfull-sf-w07-107-105\/","name":"205\/65R16C Sunfull SF-W07 107\/105 &#8226; MMK Riepas","isPartOf":{"@id":"https:\/\/mmkriepas.lv\/en\/#website"},"primaryImageOfPage":{"@id":"https:\/\/mmkriepas.lv\/en\/p\/205-65r16c-sunfull-sf-w07-107-105\/#primaryimage"},"image":{"@id":"https:\/\/mmkriepas.lv\/en\/p\/205-65r16c-sunfull-sf-w07-107-105\/#primaryimage"},"thumbnailUrl":"https:\/\/mmkriepas.lv\/wp-content\/uploads\/2020\/07\/21565r16c-sunfull-sf-w07-109107-ziemas-riepas.jpg","datePublished":"2020-08-06T12:56:00+00:00","dateModified":"2024-05-03T08:48:53+00:00","description":"Sunfull SF-W07 ziemas riepas paredz\u0113tas komerctransportam un maziem kravas automobi\u013ciem. P\u0101rliecino\u0161a veiktsp\u0113ja uz segumiem ar zemu sa\u0137eres koeficientu!","breadcrumb":{"@id":"https:\/\/mmkriepas.lv\/en\/p\/205-65r16c-sunfull-sf-w07-107-105\/#breadcrumb"},"inLanguage":"en-US","potentialAction":[{"@type":"ReadAction","target":["https:\/\/mmkriepas.lv\/en\/p\/205-65r16c-sunfull-sf-w07-107-105\/"]}]},{"@type":"ImageObject","inLanguage":"en-US","@id":"https:\/\/mmkriepas.lv\/en\/p\/205-65r16c-sunfull-sf-w07-107-105\/#primaryimage","url":"https:\/\/mmkriepas.lv\/wp-content\/uploads\/2020\/07\/21565r16c-sunfull-sf-w07-109107-ziemas-riepas.jpg","contentUrl":"https:\/\/mmkriepas.lv\/wp-content\/uploads\/2020\/07\/21565r16c-sunfull-sf-w07-109107-ziemas-riepas.jpg","width":1200,"height":1200,"caption":"215\/65R16C Sunfull SF-W07 109\/107 - Vissezonas riepas \/ Ziemas riepas"},{"@type":"BreadcrumbList","@id":"https:\/\/mmkriepas.lv\/en\/p\/205-65r16c-sunfull-sf-w07-107-105\/#breadcrumb","itemListElement":[{"@type":"ListItem","position":1,"name":"S\u0101kums","item":"https:\/\/mmkriepas.lv\/en\/"},{"@type":"ListItem","position":2,"name":"205\/65R16C Sunfull SF-W07 107\/105"}]},{"@type":"WebSite","@id":"https:\/\/mmkriepas.lv\/en\/#website","url":"https:\/\/mmkriepas.lv\/en\/","name":"MMK Riepas","description":"MMK Riepas","alternateName":"MMK Riepu Serviss","potentialAction":[{"@type":"SearchAction","target":{"@type":"EntryPoint","urlTemplate":"https:\/\/mmkriepas.lv\/en\/?s={search_term_string}"},"query-input":{"@type":"PropertyValueSpecification","valueRequired":true,"valueName":"search_term_string"}}],"inLanguage":"en-US"},{"@type":"ImageObject","inLanguage":"en-US","@id":"https:\/\/mmkriepas.lv\/en\/p\/205-65r16c-sunfull-sf-w07-107-105\/#local-main-organization-logo","url":"","contentUrl":"","caption":"MMK Riepas"}]},"product_brand":"Sunfull SF-W07","product_price_amount":"69.00","product_price_currency":"EUR","og_availability":"instock","product_availability":"instock","product_condition":"new"},"_links":{"self":[{"href":"https:\/\/mmkriepas.lv\/en\/wp-json\/wp\/v2\/product\/131541","targetHints":{"allow":["GET"]}}],"collection":[{"href":"https:\/\/mmkriepas.lv\/en\/wp-json\/wp\/v2\/product"}],"about":[{"href":"https:\/\/mmkriepas.lv\/en\/wp-json\/wp\/v2\/types\/product"}],"wp:featuredmedia":[{"embeddable":true,"href":"https:\/\/mmkriepas.lv\/en\/wp-json\/wp\/v2\/media\/129207"}],"wp:attachment":[{"href":"https:\/\/mmkriepas.lv\/en\/wp-json\/wp\/v2\/media?parent=131541"}],"wp:term":[{"taxonomy":"product_brand","embeddable":true,"href":"https:\/\/mmkriepas.lv\/en\/wp-json\/wp\/v2\/product_brand?post=131541"},{"taxonomy":"product_cat","embeddable":true,"href":"https:\/\/mmkriepas.lv\/en\/wp-json\/wp\/v2\/product_cat?post=131541"},{"taxonomy":"product_tag","embeddable":true,"href":"https:\/\/mmkriepas.lv\/en\/wp-json\/wp\/v2\/product_tag?post=131541"}],"curies":[{"name":"wp","href":"https:\/\/api.w.org\/{rel}","templated":true}]}}