{"id":130228,"date":"2020-08-06T11:02:41","date_gmt":"2020-08-06T08:02:41","guid":{"rendered":"https:\/\/mmkserviss.lv\/?post_type=product&#038;p=130228"},"modified":"2026-02-28T14:52:51","modified_gmt":"2026-02-28T12:52:51","slug":"225-60r17-triangle-snowlink-pl01-103r","status":"publish","type":"product","link":"https:\/\/mmkriepas.lv\/en\/p\/225-60r17-triangle-snowlink-pl01-103r\/","title":{"rendered":"225\/60R17 Triangle SnowLink PL01 103R XL"},"content":{"rendered":"<p><strong>Triangle Snowlink PL02<\/strong> ir ziemas riepu modelis, kas paredz\u0113ts gan vid\u0113ja izm\u0113ra, gan apvidus jeb SUV automa\u0161\u012bn\u0101m. Nemot v\u0113r\u0101 faktu, ka \u0161is ir bezrad\u017eu modelis, in\u017eenieri r\u016bp\u012bgi piestr\u0101d\u0101ju\u0161i pie sa\u0137eres \u012bp\u0101\u0161\u012bb\u0101m uz ledus. Turkl\u0101t, \u0161\u012b mode\u013ca stipr\u0101s puses ir augsts akustisk\u0101 komforta l\u012bmenis, uzticam\u012bba un nodilumiztur\u012bba.<\/p>\n<h3>Triangle PL02 galven\u0101s \u012bpa\u0161\u012bbas<\/h3>\n<p>&#8211; augsts lame\u013cu iegriezumu bl\u012bvums. Vair\u0101ku veidu \u0161\u0101du elementu izmanto\u0161ana un to daudzveid\u012bgais izvietojums uzlabo sa\u0137eri ar ledu, pie\u0161\u0137irot tam lielisku vad\u0101m\u012bbu;<br \/>\n&#8211; dren\u0101\u017eas rievas izstr\u0101d\u0101tas zigzagveid\u0101, tas palielina stabilit\u0101ti braucot pa net\u012br\u012btiem sniegotiem ce\u013ciem;<br \/>\n&#8211; plati plecu bloki uzlabo sa\u0137eri snieg\u0101 taisnvirziena kust\u012bbas laik\u0101. Nov\u0113r\u0161 s\u0101nsl\u012bdi un pie\u0161\u0137ir lielisku precizit\u0101ti uz st\u016bres manevriem.<\/p>\n<p><strong>Triangle PL02<\/strong> mode\u013ca lieto\u0161anas dro\u0161\u012bbu ziemas laika apst\u0101k\u013cos un t\u0101 atbilst\u012bbu valst\u012bm ar oblig\u0101tu sezon\u0101lo riepu mai\u0146u apstiprina mar\u0137\u0113jums sniegp\u0101rslas form\u0101 uz kalna fona ar trim virsotn\u0113m (3PMSF).<\/p>\n<p><span>Viens no liel\u0101kajiem riepu ra\u017eot\u0101jiem bud\u017eeta segment\u0101. Alternat\u012bva Sailun, Antares, Westlake, Goodride, utt. Kvalit\u0101tes b\u016btiski neatpaliek no vid\u0113j\u0101s klases.&nbsp;<\/span><\/p>\n<p>Triangle Snowlink PL02 &#8211; Somij\u0101 dizain\u0113ts ziemas riepu modelis. Teicama sa\u0137ere snieg\u0101 un uz ledus, akustiskais komforts un nodilumiztur\u012bba<\/p>\n","protected":false},"excerpt":{"rendered":"<p>Triangle PL01 &#8211; ziemas riepas ar izteiktu veiktsp\u0113ju visda\u017e\u0101d\u0101kajos ziemas brauk\u0161anas apst\u0101k\u013cos. Uzlabots gumijas sast\u0101vs, palielin\u0101ta nodilumiztur\u012bba un sa\u0137ere ar sniegu un ledu.<\/p>\n","protected":false},"featured_media":299713,"template":"","meta":{"_acf_changed":false,"ngg_post_thumbnail":0},"product_brand":[],"product_cat":[47,45],"product_tag":[],"class_list":{"0":"post-130228","1":"product","2":"type-product","3":"status-publish","4":"has-post-thumbnail","6":"product_cat-vissezonas-riepas","7":"product_cat-ziemas-riepas","9":"first","10":"outofstock","11":"sale","12":"taxable","13":"shipping-taxable","14":"product-type-simple"},"acf":[],"yoast_head":"<!-- This site is optimized with the Yoast SEO Premium plugin v22.6 (Yoast SEO v27.3) - https:\/\/yoast.com\/product\/yoast-seo-premium-wordpress\/ -->\n<title>225\/60R17 Triangle SnowLink PL01 103R XL &#8226; MMK Riepas<\/title>\n<meta name=\"description\" content=\"Triangle PL01 Ziemas riepu galven\u0101s ekspluat\u0101cijas \u012bpa\u0161\u012bbas tiek izv\u0113l\u0113tas, \u0146emot v\u0113r\u0101 Zieme\u013ceiropas un Krievijas automa\u0161\u012bnu \u012bpa\u0161nieku pras\u012bbas!\" \/>\n<meta name=\"robots\" content=\"index, follow, max-snippet:-1, max-image-preview:large, max-video-preview:-1\" \/>\n<link rel=\"canonical\" href=\"https:\/\/mmkriepas.lv\/en\/p\/225-60r17-triangle-snowlink-pl01-103r\/\" \/>\n<meta property=\"og:locale\" content=\"en_US\" \/>\n<meta property=\"og:type\" content=\"article\" \/>\n<meta property=\"og:title\" content=\"225\/60R17 Triangle SnowLink PL01 103R XL\" \/>\n<meta property=\"og:description\" content=\"Triangle PL01 Ziemas riepu galven\u0101s ekspluat\u0101cijas \u012bpa\u0161\u012bbas tiek izv\u0113l\u0113tas, \u0146emot v\u0113r\u0101 Zieme\u013ceiropas un Krievijas automa\u0161\u012bnu \u012bpa\u0161nieku pras\u012bbas!\" \/>\n<meta property=\"og:url\" content=\"https:\/\/mmkriepas.lv\/en\/p\/225-60r17-triangle-snowlink-pl01-103r\/\" \/>\n<meta property=\"og:site_name\" content=\"MMK Riepas\" \/>\n<meta property=\"article:publisher\" content=\"https:\/\/www.facebook.com\/mmkserviss\/\" \/>\n<meta property=\"article:modified_time\" content=\"2026-02-28T12:52:51+00:00\" \/>\n<meta property=\"og:image\" content=\"https:\/\/mmkriepas.lv\/wp-content\/uploads\/2022\/08\/16560r14-triangle-snowlink-pl01-79r-xl-ziemas-riepas.jpg\" \/>\n\t<meta property=\"og:image:width\" content=\"2431\" \/>\n\t<meta property=\"og:image:height\" content=\"1618\" \/>\n\t<meta property=\"og:image:type\" content=\"image\/jpeg\" \/>\n<meta name=\"twitter:card\" content=\"summary_large_image\" \/>\n<meta name=\"twitter:label1\" content=\"Price\" \/>\n\t<meta name=\"twitter:data1\" content=\"&euro;69.00\" \/>\n\t<meta name=\"twitter:label2\" content=\"Availability\" \/>\n\t<meta name=\"twitter:data2\" content=\"Out of stock\" \/>\n<script type=\"application\/ld+json\" class=\"yoast-schema-graph\">{\"@context\":\"https:\\\/\\\/schema.org\",\"@graph\":[{\"@type\":\"WebPage\",\"@id\":\"https:\\\/\\\/mmkriepas.lv\\\/en\\\/p\\\/225-60r17-triangle-snowlink-pl01-103r\\\/\",\"url\":\"https:\\\/\\\/mmkriepas.lv\\\/en\\\/p\\\/225-60r17-triangle-snowlink-pl01-103r\\\/\",\"name\":\"225\\\/60R17 Triangle SnowLink PL01 103R XL &#8226; MMK Riepas\",\"isPartOf\":{\"@id\":\"https:\\\/\\\/mmkriepas.lv\\\/en\\\/#website\"},\"primaryImageOfPage\":{\"@id\":\"https:\\\/\\\/mmkriepas.lv\\\/en\\\/p\\\/225-60r17-triangle-snowlink-pl01-103r\\\/#primaryimage\"},\"image\":{\"@id\":\"https:\\\/\\\/mmkriepas.lv\\\/en\\\/p\\\/225-60r17-triangle-snowlink-pl01-103r\\\/#primaryimage\"},\"thumbnailUrl\":\"https:\\\/\\\/mmkriepas.lv\\\/wp-content\\\/uploads\\\/2022\\\/08\\\/16560r14-triangle-snowlink-pl01-79r-xl-ziemas-riepas.jpg\",\"datePublished\":\"2020-08-06T08:02:41+00:00\",\"dateModified\":\"2026-02-28T12:52:51+00:00\",\"description\":\"Triangle PL01 Ziemas riepu galven\u0101s ekspluat\u0101cijas \u012bpa\u0161\u012bbas tiek izv\u0113l\u0113tas, \u0146emot v\u0113r\u0101 Zieme\u013ceiropas un Krievijas automa\u0161\u012bnu \u012bpa\u0161nieku pras\u012bbas!\",\"breadcrumb\":{\"@id\":\"https:\\\/\\\/mmkriepas.lv\\\/en\\\/p\\\/225-60r17-triangle-snowlink-pl01-103r\\\/#breadcrumb\"},\"inLanguage\":\"en-US\",\"potentialAction\":[{\"@type\":\"ReadAction\",\"target\":[\"https:\\\/\\\/mmkriepas.lv\\\/en\\\/p\\\/225-60r17-triangle-snowlink-pl01-103r\\\/\"]}]},{\"@type\":\"ImageObject\",\"inLanguage\":\"en-US\",\"@id\":\"https:\\\/\\\/mmkriepas.lv\\\/en\\\/p\\\/225-60r17-triangle-snowlink-pl01-103r\\\/#primaryimage\",\"url\":\"https:\\\/\\\/mmkriepas.lv\\\/wp-content\\\/uploads\\\/2022\\\/08\\\/16560r14-triangle-snowlink-pl01-79r-xl-ziemas-riepas.jpg\",\"contentUrl\":\"https:\\\/\\\/mmkriepas.lv\\\/wp-content\\\/uploads\\\/2022\\\/08\\\/16560r14-triangle-snowlink-pl01-79r-xl-ziemas-riepas.jpg\",\"width\":2431,\"height\":1618,\"caption\":\"165\\\/60R14 Triangle SnowLink PL01 79R XL - Vissezonas riepas \\\/ Ziemas riepas\"},{\"@type\":\"BreadcrumbList\",\"@id\":\"https:\\\/\\\/mmkriepas.lv\\\/en\\\/p\\\/225-60r17-triangle-snowlink-pl01-103r\\\/#breadcrumb\",\"itemListElement\":[{\"@type\":\"ListItem\",\"position\":1,\"name\":\"S\u0101kums\",\"item\":\"https:\\\/\\\/mmkriepas.lv\\\/en\\\/\"},{\"@type\":\"ListItem\",\"position\":2,\"name\":\"225\\\/60R17 Triangle SnowLink PL01 103R XL\"}]},{\"@type\":\"WebSite\",\"@id\":\"https:\\\/\\\/mmkriepas.lv\\\/en\\\/#website\",\"url\":\"https:\\\/\\\/mmkriepas.lv\\\/en\\\/\",\"name\":\"MMK Riepas\",\"description\":\"MMK Riepas\",\"alternateName\":\"MMK Riepu Serviss\",\"potentialAction\":[{\"@type\":\"SearchAction\",\"target\":{\"@type\":\"EntryPoint\",\"urlTemplate\":\"https:\\\/\\\/mmkriepas.lv\\\/en\\\/?s={search_term_string}\"},\"query-input\":{\"@type\":\"PropertyValueSpecification\",\"valueRequired\":true,\"valueName\":\"search_term_string\"}}],\"inLanguage\":\"en-US\"},{\"@type\":\"ImageObject\",\"inLanguage\":\"en-US\",\"@id\":\"https:\\\/\\\/mmkriepas.lv\\\/en\\\/p\\\/225-60r17-triangle-snowlink-pl01-103r\\\/#local-main-organization-logo\",\"url\":\"\",\"contentUrl\":\"\",\"caption\":\"MMK Riepas\"}]}<\/script>\n<meta property=\"product:brand\" content=\"Triangle SnowLink PL01\" \/>\n<meta property=\"product:price:amount\" content=\"69.00\" \/>\n<meta property=\"product:price:currency\" content=\"EUR\" \/>\n<meta property=\"og:availability\" content=\"out of stock\" \/>\n<meta property=\"product:availability\" content=\"out of stock\" \/>\n<meta property=\"product:retailer_item_id\" content=\"TW2256017TRIAN-1836\" \/>\n<meta property=\"product:condition\" content=\"new\" \/>\n<!-- \/ Yoast SEO Premium plugin. -->","yoast_head_json":{"title":"225\/60R17 Triangle SnowLink PL01 103R XL &#8226; MMK Riepas","description":"Triangle PL01 Ziemas riepu galven\u0101s ekspluat\u0101cijas \u012bpa\u0161\u012bbas tiek izv\u0113l\u0113tas, \u0146emot v\u0113r\u0101 Zieme\u013ceiropas un Krievijas automa\u0161\u012bnu \u012bpa\u0161nieku pras\u012bbas!","robots":{"index":"index","follow":"follow","max-snippet":"max-snippet:-1","max-image-preview":"max-image-preview:large","max-video-preview":"max-video-preview:-1"},"canonical":"https:\/\/mmkriepas.lv\/en\/p\/225-60r17-triangle-snowlink-pl01-103r\/","og_locale":"en_US","og_type":"article","og_title":"225\/60R17 Triangle SnowLink PL01 103R XL","og_description":"Triangle PL01 Ziemas riepu galven\u0101s ekspluat\u0101cijas \u012bpa\u0161\u012bbas tiek izv\u0113l\u0113tas, \u0146emot v\u0113r\u0101 Zieme\u013ceiropas un Krievijas automa\u0161\u012bnu \u012bpa\u0161nieku pras\u012bbas!","og_url":"https:\/\/mmkriepas.lv\/en\/p\/225-60r17-triangle-snowlink-pl01-103r\/","og_site_name":"MMK Riepas","article_publisher":"https:\/\/www.facebook.com\/mmkserviss\/","article_modified_time":"2026-02-28T12:52:51+00:00","og_image":[{"width":2431,"height":1618,"url":"https:\/\/mmkriepas.lv\/wp-content\/uploads\/2022\/08\/16560r14-triangle-snowlink-pl01-79r-xl-ziemas-riepas.jpg","type":"image\/jpeg"}],"twitter_card":"summary_large_image","twitter_misc":{"Price":"&euro;69.00","Availability":"Out of stock"},"schema":{"@context":"https:\/\/schema.org","@graph":[{"@type":"WebPage","@id":"https:\/\/mmkriepas.lv\/en\/p\/225-60r17-triangle-snowlink-pl01-103r\/","url":"https:\/\/mmkriepas.lv\/en\/p\/225-60r17-triangle-snowlink-pl01-103r\/","name":"225\/60R17 Triangle SnowLink PL01 103R XL &#8226; MMK Riepas","isPartOf":{"@id":"https:\/\/mmkriepas.lv\/en\/#website"},"primaryImageOfPage":{"@id":"https:\/\/mmkriepas.lv\/en\/p\/225-60r17-triangle-snowlink-pl01-103r\/#primaryimage"},"image":{"@id":"https:\/\/mmkriepas.lv\/en\/p\/225-60r17-triangle-snowlink-pl01-103r\/#primaryimage"},"thumbnailUrl":"https:\/\/mmkriepas.lv\/wp-content\/uploads\/2022\/08\/16560r14-triangle-snowlink-pl01-79r-xl-ziemas-riepas.jpg","datePublished":"2020-08-06T08:02:41+00:00","dateModified":"2026-02-28T12:52:51+00:00","description":"Triangle PL01 Ziemas riepu galven\u0101s ekspluat\u0101cijas \u012bpa\u0161\u012bbas tiek izv\u0113l\u0113tas, \u0146emot v\u0113r\u0101 Zieme\u013ceiropas un Krievijas automa\u0161\u012bnu \u012bpa\u0161nieku pras\u012bbas!","breadcrumb":{"@id":"https:\/\/mmkriepas.lv\/en\/p\/225-60r17-triangle-snowlink-pl01-103r\/#breadcrumb"},"inLanguage":"en-US","potentialAction":[{"@type":"ReadAction","target":["https:\/\/mmkriepas.lv\/en\/p\/225-60r17-triangle-snowlink-pl01-103r\/"]}]},{"@type":"ImageObject","inLanguage":"en-US","@id":"https:\/\/mmkriepas.lv\/en\/p\/225-60r17-triangle-snowlink-pl01-103r\/#primaryimage","url":"https:\/\/mmkriepas.lv\/wp-content\/uploads\/2022\/08\/16560r14-triangle-snowlink-pl01-79r-xl-ziemas-riepas.jpg","contentUrl":"https:\/\/mmkriepas.lv\/wp-content\/uploads\/2022\/08\/16560r14-triangle-snowlink-pl01-79r-xl-ziemas-riepas.jpg","width":2431,"height":1618,"caption":"165\/60R14 Triangle SnowLink PL01 79R XL - Vissezonas riepas \/ Ziemas riepas"},{"@type":"BreadcrumbList","@id":"https:\/\/mmkriepas.lv\/en\/p\/225-60r17-triangle-snowlink-pl01-103r\/#breadcrumb","itemListElement":[{"@type":"ListItem","position":1,"name":"S\u0101kums","item":"https:\/\/mmkriepas.lv\/en\/"},{"@type":"ListItem","position":2,"name":"225\/60R17 Triangle SnowLink PL01 103R XL"}]},{"@type":"WebSite","@id":"https:\/\/mmkriepas.lv\/en\/#website","url":"https:\/\/mmkriepas.lv\/en\/","name":"MMK Riepas","description":"MMK Riepas","alternateName":"MMK Riepu Serviss","potentialAction":[{"@type":"SearchAction","target":{"@type":"EntryPoint","urlTemplate":"https:\/\/mmkriepas.lv\/en\/?s={search_term_string}"},"query-input":{"@type":"PropertyValueSpecification","valueRequired":true,"valueName":"search_term_string"}}],"inLanguage":"en-US"},{"@type":"ImageObject","inLanguage":"en-US","@id":"https:\/\/mmkriepas.lv\/en\/p\/225-60r17-triangle-snowlink-pl01-103r\/#local-main-organization-logo","url":"","contentUrl":"","caption":"MMK Riepas"}]},"product_brand":"Triangle SnowLink PL01","product_price_amount":"69.00","product_price_currency":"EUR","og_availability":"out of stock","product_availability":"out of stock","product_retailer_item_id":"TW2256017TRIAN-1836","product_condition":"new"},"_links":{"self":[{"href":"https:\/\/mmkriepas.lv\/en\/wp-json\/wp\/v2\/product\/130228","targetHints":{"allow":["GET"]}}],"collection":[{"href":"https:\/\/mmkriepas.lv\/en\/wp-json\/wp\/v2\/product"}],"about":[{"href":"https:\/\/mmkriepas.lv\/en\/wp-json\/wp\/v2\/types\/product"}],"wp:featuredmedia":[{"embeddable":true,"href":"https:\/\/mmkriepas.lv\/en\/wp-json\/wp\/v2\/media\/299713"}],"wp:attachment":[{"href":"https:\/\/mmkriepas.lv\/en\/wp-json\/wp\/v2\/media?parent=130228"}],"wp:term":[{"taxonomy":"product_brand","embeddable":true,"href":"https:\/\/mmkriepas.lv\/en\/wp-json\/wp\/v2\/product_brand?post=130228"},{"taxonomy":"product_cat","embeddable":true,"href":"https:\/\/mmkriepas.lv\/en\/wp-json\/wp\/v2\/product_cat?post=130228"},{"taxonomy":"product_tag","embeddable":true,"href":"https:\/\/mmkriepas.lv\/en\/wp-json\/wp\/v2\/product_tag?post=130228"}],"curies":[{"name":"wp","href":"https:\/\/api.w.org\/{rel}","templated":true}]}}