{"id":130043,"date":"2020-08-05T17:13:18","date_gmt":"2020-08-05T14:13:18","guid":{"rendered":"https:\/\/mmkserviss.lv\/?post_type=product&#038;p=130043"},"modified":"2026-02-28T14:53:18","modified_gmt":"2026-02-28T12:53:18","slug":"215-70r16-triangle-snow-lion-tr777-104t","status":"publish","type":"product","link":"https:\/\/mmkriepas.lv\/en\/p\/215-70r16-triangle-snow-lion-tr777-104t\/","title":{"rendered":"215\/70R16 Triangle SnowLion TR777 104T XL"},"content":{"rendered":"<p><strong>Triangle Snow Lion TR777<\/strong> ir ziemas riepu modelis, kas izce\u013cas ar labiem veiktsp\u0113jas r\u0101d\u012bt\u0101jiem pat skarb\u0101kajos brauk\u0161anas apst\u0101k\u013cos. Att\u012bst\u012bt\u0101 lame\u013cu sist\u0113ma nodro\u0161ina \u012bsu bremz\u0113\u0161anas ce\u013cu, paaugstin\u0101tu iztur\u012bbu pret s\u0101nsl\u012bdi un visp\u0101r\u0113ji uzlabotu vad\u0101m\u012bbu.<\/p>\n<p>Protektora z\u012bm\u0113juma \u012bpa\u0161\u0101 \u0123eometrija samazina trok\u0161\u0146a l\u012bmeni un nodro\u0161ina labu vad\u0101m\u012bbu gan uz sniega, gan slapjdra\u0146\u0137\u012b.\u00a0Tiek uzlabota ar\u012b sa\u0137ere un degvielas ekonomija. \u010cetri gareniskie dren\u0101\u017eas kan\u0101li nodro\u0161ina stabilit\u0101ti, k\u0101 ar\u012b samazina akvaplan\u0113\u0161anas risku.<\/p>\n<h3>TR777 galven\u0101s iez\u012bmes:<\/h3>\n<p>+ \u012apa\u0161\u0101 gumijas sast\u0101va d\u0113\u013c riepai ir labas sa\u0137eres \u012bpa\u0161\u012bbas braucot snieg\u0101 un uz apledoju\u0161as ce\u013ca;<\/p>\n<p>+ Pateicoties speci\u0101lai protektora bloku apstr\u0101dei, tiek nodro\u0161in\u0101ta Triangle TR777 riepu nodiluma vienm\u0113r\u012bba;<\/p>\n<p>+ Att\u012bst\u012bta dren\u0101\u017eas kan\u0101lu sist\u0113ma, kas rezult\u0113jas samazin\u0101t\u0101 akvaplan\u0113\u0161anas risk\u0101;<\/p>\n<p><strong>+ Kvalit\u0101te atbilst cenai!<\/strong><\/p>\n<h3>TR777 apr\u012bkojums<\/h3>\n<p>\u0160is ziemas riepu modelis apr\u012bkots ar virzienveida protektora rakstu, kas darin\u0101ts no labas kvalit\u0101tes, elastrom\u0113riem bag\u0101ta gumijas mais\u012bjuma, \u013caujot riepai saglab\u0101t elast\u012bbu vispla\u0161\u0101kaj\u0101 temperat\u016bru diapazon\u0101. Starp mas\u012bvajiem protektora blokiem izvietota augsti att\u012bst\u012bta dren\u0101\u017eas kan\u0101lu sist\u0113ma, kas ne tikai samazina akvaplan\u0113\u0161anas risku, bet uzlabo veiktsp\u0113ju ar\u012b dzi\u013c\u0101 snieg\u0101. Protektora blokos bl\u012bvi izvietoti vair\u0101ki t\u016bksto\u0161i lame\u013cu, kas uzlabo sa\u0137eri ar ledu, slidenaj\u0101 virsm\u0101 iec\u0113rtoties ar as\u0101m kant\u0113m.<\/p>\n","protected":false},"excerpt":{"rendered":"<p style=\"margin: 12.0pt 0cm 12.0pt 0cm;\"><b><span style=\"font-size: 11.0pt; font-family: 'Arial',sans-serif; color: black;\">Triangle Snow Lion TR777<\/span><\/b><span style=\"font-size: 11.0pt; font-family: 'Arial',sans-serif; color: black;\"> ir ziemas riepu modelis, kas izce\u013cas ar labiem veiktsp\u0113jas r\u0101d\u012bt\u0101jiem pat skarb\u0101kajos brauk\u0161anas apst\u0101k\u013cos. Att\u012bst\u012bt\u0101 lame\u013cu sist\u0113ma nodro\u0161ina \u012bsu bremz\u0113\u0161anas ce\u013cu, paaugstin\u0101tu iztur\u012bbu pret s\u0101nsl\u012bdi un visp\u0101r\u0113ji uzlabotu vad\u0101m\u012bbu.<\/span><o:p><\/o:p><\/p>\n<p style=\"margin: 12.0pt 0cm 12.0pt 0cm;\"><span style=\"font-size: 11.0pt; font-family: 'Arial',sans-serif; color: black;\">Protektora z\u012bm\u0113juma \u012bpa\u0161\u0101 \u0123eometrija samazina trok\u0161\u0146a l\u012bmeni un nodro\u0161ina labu vad\u0101m\u012bbu gan uz sniega, gan slapjdra\u0146\u0137\u012b.\u00a0Tiek uzlabota ar\u012b sa\u0137ere un degvielas ekonomija. \u010cetri gareniskie dren\u0101\u017eas kan\u0101li nodro\u0161ina stabilit\u0101ti, k\u0101 ar\u012b samazina akvaplan\u0113\u0161anas risku.<\/span><\/p>\n","protected":false},"featured_media":649427,"template":"","meta":{"_acf_changed":false,"ngg_post_thumbnail":0},"product_brand":[],"product_cat":[47,45],"product_tag":[],"class_list":{"0":"post-130043","1":"product","2":"type-product","3":"status-publish","4":"has-post-thumbnail","6":"product_cat-vissezonas-riepas","7":"product_cat-ziemas-riepas","9":"first","10":"outofstock","11":"sale","12":"taxable","13":"shipping-taxable","14":"product-type-simple"},"acf":[],"yoast_head":"<!-- This site is optimized with the Yoast SEO Premium plugin v22.6 (Yoast SEO v27.3) - https:\/\/yoast.com\/product\/yoast-seo-premium-wordpress\/ -->\n<title>215\/70R16 Triangle SnowLion TR777 104T XL &#8226; MMK Riepas<\/title>\n<meta name=\"description\" content=\"Triangle TR777 - ekonomiskas ziemas riepas. SNOW LION TR777 Nodro\u0161ina labu bremz\u0113\u0161anu, paaugstin\u0101tu iztur\u012bbu pret s\u0101nsl\u012bdi un visp\u0101r\u0113ji uzlabotu vad\u0101m\u012bbu.\" \/>\n<meta name=\"robots\" content=\"index, follow, max-snippet:-1, max-image-preview:large, max-video-preview:-1\" \/>\n<link rel=\"canonical\" href=\"https:\/\/mmkriepas.lv\/en\/p\/215-70r16-triangle-snow-lion-tr777-104t\/\" \/>\n<meta property=\"og:locale\" content=\"en_US\" \/>\n<meta property=\"og:type\" content=\"article\" \/>\n<meta property=\"og:title\" content=\"215\/70R16 Triangle SnowLion TR777 104T XL\" \/>\n<meta property=\"og:description\" content=\"Triangle TR777 - ekonomiskas ziemas riepas. SNOW LION TR777 Nodro\u0161ina labu bremz\u0113\u0161anu, paaugstin\u0101tu iztur\u012bbu pret s\u0101nsl\u012bdi un visp\u0101r\u0113ji uzlabotu vad\u0101m\u012bbu.\" \/>\n<meta property=\"og:url\" content=\"https:\/\/mmkriepas.lv\/en\/p\/215-70r16-triangle-snow-lion-tr777-104t\/\" \/>\n<meta property=\"og:site_name\" content=\"MMK Riepas\" \/>\n<meta property=\"article:publisher\" content=\"https:\/\/www.facebook.com\/mmkserviss\/\" \/>\n<meta property=\"article:modified_time\" content=\"2026-02-28T12:53:18+00:00\" \/>\n<meta property=\"og:image\" content=\"https:\/\/mmkriepas.lv\/wp-content\/uploads\/2023\/02\/17565r14-triangle-snowlion-tr777-86t-xl-ziemas-riepas.jpg\" \/>\n\t<meta property=\"og:image:width\" content=\"1920\" \/>\n\t<meta property=\"og:image:height\" content=\"1277\" \/>\n\t<meta property=\"og:image:type\" content=\"image\/jpeg\" \/>\n<meta name=\"twitter:card\" content=\"summary_large_image\" \/>\n<meta name=\"twitter:label1\" content=\"Price\" \/>\n\t<meta name=\"twitter:data1\" content=\"&euro;61.00\" \/>\n\t<meta name=\"twitter:label2\" content=\"Availability\" \/>\n\t<meta name=\"twitter:data2\" content=\"Out of stock\" \/>\n<script type=\"application\/ld+json\" class=\"yoast-schema-graph\">{\"@context\":\"https:\\\/\\\/schema.org\",\"@graph\":[{\"@type\":\"WebPage\",\"@id\":\"https:\\\/\\\/mmkriepas.lv\\\/en\\\/p\\\/215-70r16-triangle-snow-lion-tr777-104t\\\/\",\"url\":\"https:\\\/\\\/mmkriepas.lv\\\/en\\\/p\\\/215-70r16-triangle-snow-lion-tr777-104t\\\/\",\"name\":\"215\\\/70R16 Triangle SnowLion TR777 104T XL &#8226; MMK Riepas\",\"isPartOf\":{\"@id\":\"https:\\\/\\\/mmkriepas.lv\\\/en\\\/#website\"},\"primaryImageOfPage\":{\"@id\":\"https:\\\/\\\/mmkriepas.lv\\\/en\\\/p\\\/215-70r16-triangle-snow-lion-tr777-104t\\\/#primaryimage\"},\"image\":{\"@id\":\"https:\\\/\\\/mmkriepas.lv\\\/en\\\/p\\\/215-70r16-triangle-snow-lion-tr777-104t\\\/#primaryimage\"},\"thumbnailUrl\":\"https:\\\/\\\/mmkriepas.lv\\\/wp-content\\\/uploads\\\/2023\\\/02\\\/17565r14-triangle-snowlion-tr777-86t-xl-ziemas-riepas.jpg\",\"datePublished\":\"2020-08-05T14:13:18+00:00\",\"dateModified\":\"2026-02-28T12:53:18+00:00\",\"description\":\"Triangle TR777 - ekonomiskas ziemas riepas. SNOW LION TR777 Nodro\u0161ina labu bremz\u0113\u0161anu, paaugstin\u0101tu iztur\u012bbu pret s\u0101nsl\u012bdi un visp\u0101r\u0113ji uzlabotu vad\u0101m\u012bbu.\",\"breadcrumb\":{\"@id\":\"https:\\\/\\\/mmkriepas.lv\\\/en\\\/p\\\/215-70r16-triangle-snow-lion-tr777-104t\\\/#breadcrumb\"},\"inLanguage\":\"en-US\",\"potentialAction\":[{\"@type\":\"ReadAction\",\"target\":[\"https:\\\/\\\/mmkriepas.lv\\\/en\\\/p\\\/215-70r16-triangle-snow-lion-tr777-104t\\\/\"]}]},{\"@type\":\"ImageObject\",\"inLanguage\":\"en-US\",\"@id\":\"https:\\\/\\\/mmkriepas.lv\\\/en\\\/p\\\/215-70r16-triangle-snow-lion-tr777-104t\\\/#primaryimage\",\"url\":\"https:\\\/\\\/mmkriepas.lv\\\/wp-content\\\/uploads\\\/2023\\\/02\\\/17565r14-triangle-snowlion-tr777-86t-xl-ziemas-riepas.jpg\",\"contentUrl\":\"https:\\\/\\\/mmkriepas.lv\\\/wp-content\\\/uploads\\\/2023\\\/02\\\/17565r14-triangle-snowlion-tr777-86t-xl-ziemas-riepas.jpg\",\"width\":1920,\"height\":1277,\"caption\":\"175\\\/65R14 Triangle SnowLion TR777 86T XL - Vissezonas riepas \\\/ Ziemas riepas\"},{\"@type\":\"BreadcrumbList\",\"@id\":\"https:\\\/\\\/mmkriepas.lv\\\/en\\\/p\\\/215-70r16-triangle-snow-lion-tr777-104t\\\/#breadcrumb\",\"itemListElement\":[{\"@type\":\"ListItem\",\"position\":1,\"name\":\"S\u0101kums\",\"item\":\"https:\\\/\\\/mmkriepas.lv\\\/en\\\/\"},{\"@type\":\"ListItem\",\"position\":2,\"name\":\"215\\\/70R16 Triangle SnowLion TR777 104T XL\"}]},{\"@type\":\"WebSite\",\"@id\":\"https:\\\/\\\/mmkriepas.lv\\\/en\\\/#website\",\"url\":\"https:\\\/\\\/mmkriepas.lv\\\/en\\\/\",\"name\":\"MMK Riepas\",\"description\":\"MMK Riepas\",\"alternateName\":\"MMK Riepu Serviss\",\"potentialAction\":[{\"@type\":\"SearchAction\",\"target\":{\"@type\":\"EntryPoint\",\"urlTemplate\":\"https:\\\/\\\/mmkriepas.lv\\\/en\\\/?s={search_term_string}\"},\"query-input\":{\"@type\":\"PropertyValueSpecification\",\"valueRequired\":true,\"valueName\":\"search_term_string\"}}],\"inLanguage\":\"en-US\"},{\"@type\":\"ImageObject\",\"inLanguage\":\"en-US\",\"@id\":\"https:\\\/\\\/mmkriepas.lv\\\/en\\\/p\\\/215-70r16-triangle-snow-lion-tr777-104t\\\/#local-main-organization-logo\",\"url\":\"\",\"contentUrl\":\"\",\"caption\":\"MMK Riepas\"}]}<\/script>\n<meta property=\"product:brand\" content=\"Triangle SnowLion TR777\" \/>\n<meta property=\"product:price:amount\" content=\"61.00\" \/>\n<meta property=\"product:price:currency\" content=\"EUR\" \/>\n<meta property=\"og:availability\" content=\"out of stock\" \/>\n<meta property=\"product:availability\" content=\"out of stock\" \/>\n<meta property=\"product:retailer_item_id\" content=\"TW2157016TRIAN-12493\" \/>\n<meta property=\"product:condition\" content=\"new\" \/>\n<!-- \/ Yoast SEO Premium plugin. -->","yoast_head_json":{"title":"215\/70R16 Triangle SnowLion TR777 104T XL &#8226; MMK Riepas","description":"Triangle TR777 - ekonomiskas ziemas riepas. SNOW LION TR777 Nodro\u0161ina labu bremz\u0113\u0161anu, paaugstin\u0101tu iztur\u012bbu pret s\u0101nsl\u012bdi un visp\u0101r\u0113ji uzlabotu vad\u0101m\u012bbu.","robots":{"index":"index","follow":"follow","max-snippet":"max-snippet:-1","max-image-preview":"max-image-preview:large","max-video-preview":"max-video-preview:-1"},"canonical":"https:\/\/mmkriepas.lv\/en\/p\/215-70r16-triangle-snow-lion-tr777-104t\/","og_locale":"en_US","og_type":"article","og_title":"215\/70R16 Triangle SnowLion TR777 104T XL","og_description":"Triangle TR777 - ekonomiskas ziemas riepas. SNOW LION TR777 Nodro\u0161ina labu bremz\u0113\u0161anu, paaugstin\u0101tu iztur\u012bbu pret s\u0101nsl\u012bdi un visp\u0101r\u0113ji uzlabotu vad\u0101m\u012bbu.","og_url":"https:\/\/mmkriepas.lv\/en\/p\/215-70r16-triangle-snow-lion-tr777-104t\/","og_site_name":"MMK Riepas","article_publisher":"https:\/\/www.facebook.com\/mmkserviss\/","article_modified_time":"2026-02-28T12:53:18+00:00","og_image":[{"width":1920,"height":1277,"url":"https:\/\/mmkriepas.lv\/wp-content\/uploads\/2023\/02\/17565r14-triangle-snowlion-tr777-86t-xl-ziemas-riepas.jpg","type":"image\/jpeg"}],"twitter_card":"summary_large_image","twitter_misc":{"Price":"&euro;61.00","Availability":"Out of stock"},"schema":{"@context":"https:\/\/schema.org","@graph":[{"@type":"WebPage","@id":"https:\/\/mmkriepas.lv\/en\/p\/215-70r16-triangle-snow-lion-tr777-104t\/","url":"https:\/\/mmkriepas.lv\/en\/p\/215-70r16-triangle-snow-lion-tr777-104t\/","name":"215\/70R16 Triangle SnowLion TR777 104T XL &#8226; MMK Riepas","isPartOf":{"@id":"https:\/\/mmkriepas.lv\/en\/#website"},"primaryImageOfPage":{"@id":"https:\/\/mmkriepas.lv\/en\/p\/215-70r16-triangle-snow-lion-tr777-104t\/#primaryimage"},"image":{"@id":"https:\/\/mmkriepas.lv\/en\/p\/215-70r16-triangle-snow-lion-tr777-104t\/#primaryimage"},"thumbnailUrl":"https:\/\/mmkriepas.lv\/wp-content\/uploads\/2023\/02\/17565r14-triangle-snowlion-tr777-86t-xl-ziemas-riepas.jpg","datePublished":"2020-08-05T14:13:18+00:00","dateModified":"2026-02-28T12:53:18+00:00","description":"Triangle TR777 - ekonomiskas ziemas riepas. SNOW LION TR777 Nodro\u0161ina labu bremz\u0113\u0161anu, paaugstin\u0101tu iztur\u012bbu pret s\u0101nsl\u012bdi un visp\u0101r\u0113ji uzlabotu vad\u0101m\u012bbu.","breadcrumb":{"@id":"https:\/\/mmkriepas.lv\/en\/p\/215-70r16-triangle-snow-lion-tr777-104t\/#breadcrumb"},"inLanguage":"en-US","potentialAction":[{"@type":"ReadAction","target":["https:\/\/mmkriepas.lv\/en\/p\/215-70r16-triangle-snow-lion-tr777-104t\/"]}]},{"@type":"ImageObject","inLanguage":"en-US","@id":"https:\/\/mmkriepas.lv\/en\/p\/215-70r16-triangle-snow-lion-tr777-104t\/#primaryimage","url":"https:\/\/mmkriepas.lv\/wp-content\/uploads\/2023\/02\/17565r14-triangle-snowlion-tr777-86t-xl-ziemas-riepas.jpg","contentUrl":"https:\/\/mmkriepas.lv\/wp-content\/uploads\/2023\/02\/17565r14-triangle-snowlion-tr777-86t-xl-ziemas-riepas.jpg","width":1920,"height":1277,"caption":"175\/65R14 Triangle SnowLion TR777 86T XL - Vissezonas riepas \/ Ziemas riepas"},{"@type":"BreadcrumbList","@id":"https:\/\/mmkriepas.lv\/en\/p\/215-70r16-triangle-snow-lion-tr777-104t\/#breadcrumb","itemListElement":[{"@type":"ListItem","position":1,"name":"S\u0101kums","item":"https:\/\/mmkriepas.lv\/en\/"},{"@type":"ListItem","position":2,"name":"215\/70R16 Triangle SnowLion TR777 104T XL"}]},{"@type":"WebSite","@id":"https:\/\/mmkriepas.lv\/en\/#website","url":"https:\/\/mmkriepas.lv\/en\/","name":"MMK Riepas","description":"MMK Riepas","alternateName":"MMK Riepu Serviss","potentialAction":[{"@type":"SearchAction","target":{"@type":"EntryPoint","urlTemplate":"https:\/\/mmkriepas.lv\/en\/?s={search_term_string}"},"query-input":{"@type":"PropertyValueSpecification","valueRequired":true,"valueName":"search_term_string"}}],"inLanguage":"en-US"},{"@type":"ImageObject","inLanguage":"en-US","@id":"https:\/\/mmkriepas.lv\/en\/p\/215-70r16-triangle-snow-lion-tr777-104t\/#local-main-organization-logo","url":"","contentUrl":"","caption":"MMK Riepas"}]},"product_brand":"Triangle SnowLion TR777","product_price_amount":"61.00","product_price_currency":"EUR","og_availability":"out of stock","product_availability":"out of stock","product_retailer_item_id":"TW2157016TRIAN-12493","product_condition":"new"},"_links":{"self":[{"href":"https:\/\/mmkriepas.lv\/en\/wp-json\/wp\/v2\/product\/130043","targetHints":{"allow":["GET"]}}],"collection":[{"href":"https:\/\/mmkriepas.lv\/en\/wp-json\/wp\/v2\/product"}],"about":[{"href":"https:\/\/mmkriepas.lv\/en\/wp-json\/wp\/v2\/types\/product"}],"wp:featuredmedia":[{"embeddable":true,"href":"https:\/\/mmkriepas.lv\/en\/wp-json\/wp\/v2\/media\/649427"}],"wp:attachment":[{"href":"https:\/\/mmkriepas.lv\/en\/wp-json\/wp\/v2\/media?parent=130043"}],"wp:term":[{"taxonomy":"product_brand","embeddable":true,"href":"https:\/\/mmkriepas.lv\/en\/wp-json\/wp\/v2\/product_brand?post=130043"},{"taxonomy":"product_cat","embeddable":true,"href":"https:\/\/mmkriepas.lv\/en\/wp-json\/wp\/v2\/product_cat?post=130043"},{"taxonomy":"product_tag","embeddable":true,"href":"https:\/\/mmkriepas.lv\/en\/wp-json\/wp\/v2\/product_tag?post=130043"}],"curies":[{"name":"wp","href":"https:\/\/api.w.org\/{rel}","templated":true}]}}