{"id":129528,"date":"2020-08-03T15:48:05","date_gmt":"2020-08-03T12:48:05","guid":{"rendered":"https:\/\/mmkserviss.lv\/?post_type=product&#038;p=129528"},"modified":"2026-03-28T00:06:00","modified_gmt":"2026-03-27T22:06:00","slug":"225-70r15c-triangle-ll01-112-110r-kopija","status":"publish","type":"product","link":"https:\/\/mmkriepas.lv\/en\/p\/225-70r15c-triangle-ll01-112-110r-kopija\/","title":{"rendered":"225\/70R15C Triangle SnowLink LL01 112\/110R"},"content":{"rendered":"<p><strong><span style=\"font-family: 'Arial',sans-serif;\">Triangle SnowLink LL01<\/span><\/strong><span style=\"font-family: 'Arial',sans-serif;\"> &#8211; ziemas\/vissezonas riepa, kas paredz\u0113ta vieglajiem kravas automobi\u013ciem un komerctransportam. Uzlabota sa\u0137ere gan vasar\u0101, gan ziem\u0101 pat skarbos brauk\u0161anas apst\u0101k\u013cos. Paaugstin\u0101ta nodilumiztur\u012bba, degvielas ekonomija un cenas\/veiktsp\u0113jas attiec\u012bba. Vid\u0113j\u0101 bud\u017eeta klase. <strong><a href=\"https:\/\/mmkriepas.lv\/riepas\/triangle\/\">Triangle riepas<\/a><\/strong> &#8211; laba kvalit\u0101te par labu cenu.\u00a0 Riepas tiek ra\u017eotas \u0136\u012bn\u0101, izmantojot Goodyear tehnolo\u0123iju, tas nodro\u0161ina nemain\u012bgi lielisku riepu kvalit\u0101ti. Cenas gan ir krietni, krietni zem\u0101kas nek\u0101 produktiem, kas ra\u017eoti zem superbrenda nosaukuma!\u00a0 <strong>Triangle riepu<\/strong> somu dizains apvienojum\u0101 ar \u0136\u012bnas darba tirgus pieredzi riepu ra\u017eo\u0161an\u0101 ir lieliska kombin\u0101cija, lai pat\u0113r\u0113t\u0101jiem pasaul\u0113 pied\u0101v\u0101tu riepas, kas apvieno augsta standarta inovat\u012bvu dizainu ar modern\u0101m un efekt\u012bv\u0101m ra\u017eo\u0161anas metod\u0113m.<o:p><\/o:p><\/span><\/p>\n<h3><span style=\"font-family: 'Arial',sans-serif;\">Triangle LL01 galven\u0101s \u012bpa\u0161\u012bbas<o:p><\/o:p><\/span><\/h3>\n<p><span style=\"font-family: 'Arial',sans-serif;\">&#8211; palielin\u0101ts lame\u013cu skaits, kas rezult\u0113jas bl\u012bv\u0101k\u0101 izvietojum\u0101, uzlabo sa\u0137eri ar ledu; <o:p><\/o:p><\/span><\/p>\n<p><span style=\"font-family: 'Arial',sans-serif;\">&#8211; V veida dren\u0101\u017eas rievas nodro\u0161ina p\u0101rliecino\u0161u sniegumu uz apsnigu\u0161\u0101m ce\u013cu virsm\u0101m; <o:p><\/o:p><\/span><\/p>\n<p><span style=\"font-family: 'Arial',sans-serif;\">&#8211; riepas protektora da\u013ca ir plat\u0101ka k\u0101 iepriek\u0161\u0113jam modelim un lielie plecu bloki samazina nodilumu, uzlabo stabilit\u0101ti manevr\u0113jot un palielina riepas kravnes\u012bbu; <o:p><\/o:p><\/span><\/p>\n<p><span style=\"font-family: 'Arial',sans-serif;\">&#8211; lieli dren\u0101\u017eas rievu izm\u0113ri nodro\u0161ina notur\u012bbu pret akvaplan\u0113\u0161anu un s\u0101nsl\u012bdi.<o:p><\/o:p><\/span><\/p>\n<h3><span style=\"font-family: 'Arial',sans-serif;\">Bl\u012bvs lame\u013cu izvietojums<o:p><\/o:p><\/span><\/h3>\n<p><span style=\"font-family: 'Arial',sans-serif;\">Riepu <strong>Triangle SnowLink LL01<\/strong> protektora z\u012bm\u0113juma \u012bpatn\u012bba ir palielin\u0101ts lame\u013cu skaits. \u0160aur\u0101s spraugas, kas atrodas da\u017eu milimetru att\u0101lum\u0101 viena no otras, nodro\u0161ina lielisku sa\u0137eri ar ce\u013ca virsmu. Tie\u0161i lielais daudzums ar smalkaj\u0101m lamel\u0113m nodro\u0161ina riepas pie\u0137er\u0161anos apledoju\u0161ai virsmai, demonstr\u0113jot p\u0101rliecin\u0101tu veiktsp\u0113ju ziemas apst\u0101k\u013cos, iztiekot bez \u0161ipiem! Uz sniegot\u0101m virsm\u0101m protektora efektivit\u0101ti pal\u012bdz nodro\u0161in\u0101t dren\u0101\u017eas rievu V veida dizains. Dren\u0101\u017eas rievas veido neskait\u0101mus asus le\u0146\u0137us, kas pal\u012bdz notvert un izvad\u012bt nokri\u0161\u0146us, vienlaikus uzlabojot vilkmi, \u012bpa\u0161i snieg\u0101.<o:p><\/o:p><\/span><\/p>\n<h3><span style=\"font-family: 'Arial',sans-serif;\">Iesp\u0113ju robe\u017e\u0101s maksimaliz\u0113ts protektora platums<o:p><\/o:p><\/span><\/h3>\n<p><strong><span style=\"font-family: 'Arial',sans-serif;\">Triangle SnowLink LL01<\/span><\/strong><span style=\"font-family: 'Arial',sans-serif;\"> mode\u013ca centr\u0101laj\u0101 da\u013c\u0101 protektors ir praktiski plakans. Taj\u0101 pa\u0161\u0101 laik\u0101 plecu zon\u0101s ir iev\u0113rojams izliekums. \u0160is dizains \u013c\u0101va palielin\u0101t protektora da\u013cas platumu un t\u0101d\u0113j\u0101di visu saskares laukumu. Tas \u013c\u0101va vienlaikus uzlabot vair\u0101kas svar\u012bgas riepas veiktsp\u0113jas \u012bpa\u0161\u012bbas. Ac\u012bmredzam\u0101kais ir sa\u0137eres \u012bpa\u0161\u012bbu uzlabojums. Turkl\u0101t tas iev\u0113rojami samazina nodilumu, padarot to vienm\u0113r\u012bg\u0101ku, kas palielina riepas kalpo\u0161anas laiku.<\/span><\/p>\n","protected":false},"excerpt":{"rendered":"<p><strong><span style=\"font-family: 'Arial',sans-serif;\">Triangle SnowLink LL01<\/span><\/strong><span style=\"font-family: 'Arial',sans-serif;\"> &#8211; ziemas\/vissezonas riepa, kas paredz\u0113ta vieglajiem kravas automobi\u013ciem un komerctransportam. Uzlabota sa\u0137ere gan vasar\u0101, gan ziem\u0101 pat skarbos brauk\u0161anas apst\u0101k\u013cos. Paaugstin\u0101ta nodilumiztur\u012bba, degvielas ekonomija un cenas\/veiktsp\u0113jas attiec\u012bba. Vid\u0113j\u0101 bud\u017eeta klase. <strong><a href=\"https:\/\/mmkriepas.lv\/riepas\/triangle\/\">Triangle riepas<\/a><\/strong> &#8211; laba kvalit\u0101te par labu cenu.\u00a0 Riepas tiek ra\u017eotas \u0136\u012bn\u0101, izmantojot Goodyear tehnolo\u0123iju, tas nodro\u0161ina nemain\u012bgi lielisku riepu kvalit\u0101ti. Cenas gan ir krietni, krietni zem\u0101kas nek\u0101 produktiem, kas ra\u017eoti zem superbrenda nosaukuma!\u00a0 <strong>Triangle riepu<\/strong> somu dizains apvienojum\u0101 ar \u0136\u012bnas darba tirgus pieredzi riepu ra\u017eo\u0161an\u0101 ir lieliska kombin\u0101cija, lai pat\u0113r\u0113t\u0101jiem pasaul\u0113 pied\u0101v\u0101tu riepas, kas apvieno augsta standarta inovat\u012bvu dizainu ar modern\u0101m un efekt\u012bv\u0101m ra\u017eo\u0161anas metod\u0113m.<\/span><\/p>\n","protected":false},"featured_media":797380,"template":"","meta":{"_acf_changed":false,"ngg_post_thumbnail":0},"product_brand":[],"product_cat":[23644,23643],"product_tag":[],"class_list":{"0":"post-129528","1":"product","2":"type-product","3":"status-publish","4":"has-post-thumbnail","6":"product_cat-all-season-tyres","7":"product_cat-winter-tyres","9":"first","10":"instock","11":"sale","12":"taxable","13":"shipping-taxable","14":"purchasable","15":"product-type-simple"},"acf":[],"yoast_head":"<!-- This site is optimized with the Yoast SEO Premium plugin v22.6 (Yoast SEO v27.3) - https:\/\/yoast.com\/product\/yoast-seo-premium-wordpress\/ -->\n<title>225\/70R15C Triangle SnowLink LL01 112\/110R &#8226; MMK Riepas<\/title>\n<meta name=\"description\" content=\"Triangle LL01 ziemas riepu modelis ir paredz\u0113ts vieglajiem kravas automobi\u013ciem un komerctransportam. Tam ir palielin\u0101ta kravnes\u012bba un kalpo\u0161anas laiks!\" \/>\n<meta name=\"robots\" content=\"index, follow, max-snippet:-1, max-image-preview:large, max-video-preview:-1\" \/>\n<link rel=\"canonical\" href=\"https:\/\/mmkriepas.lv\/en\/p\/225-70r15c-triangle-ll01-112-110r-kopija\/\" \/>\n<meta property=\"og:locale\" content=\"en_US\" \/>\n<meta property=\"og:type\" content=\"article\" \/>\n<meta property=\"og:title\" content=\"225\/70R15C Triangle SnowLink LL01 112\/110R\" \/>\n<meta property=\"og:description\" content=\"Triangle LL01 ziemas riepu modelis ir paredz\u0113ts vieglajiem kravas automobi\u013ciem un komerctransportam. Tam ir palielin\u0101ta kravnes\u012bba un kalpo\u0161anas laiks!\" \/>\n<meta property=\"og:url\" content=\"https:\/\/mmkriepas.lv\/en\/p\/225-70r15c-triangle-ll01-112-110r-kopija\/\" \/>\n<meta property=\"og:site_name\" content=\"MMK Riepas\" \/>\n<meta property=\"article:publisher\" content=\"https:\/\/www.facebook.com\/mmkserviss\/\" \/>\n<meta property=\"article:modified_time\" content=\"2026-03-27T22:06:00+00:00\" \/>\n<meta property=\"og:image\" content=\"https:\/\/mmkriepas.lv\/wp-content\/uploads\/2023\/09\/19565r16c-triangle-snowlink-ll01-104102t-xl-ziemas-riepas.jpg\" \/>\n\t<meta property=\"og:image:width\" content=\"2489\" \/>\n\t<meta property=\"og:image:height\" content=\"1656\" \/>\n\t<meta property=\"og:image:type\" content=\"image\/jpeg\" \/>\n<meta name=\"twitter:card\" content=\"summary_large_image\" \/>\n<meta name=\"twitter:label1\" content=\"Price\" \/>\n\t<meta name=\"twitter:data1\" content=\"&euro;74.00\" \/>\n\t<meta name=\"twitter:label2\" content=\"Availability\" \/>\n\t<meta name=\"twitter:data2\" content=\"In stock\" \/>\n<script type=\"application\/ld+json\" class=\"yoast-schema-graph\">{\"@context\":\"https:\\\/\\\/schema.org\",\"@graph\":[{\"@type\":\"WebPage\",\"@id\":\"https:\\\/\\\/mmkriepas.lv\\\/en\\\/p\\\/225-70r15c-triangle-ll01-112-110r-kopija\\\/\",\"url\":\"https:\\\/\\\/mmkriepas.lv\\\/en\\\/p\\\/225-70r15c-triangle-ll01-112-110r-kopija\\\/\",\"name\":\"225\\\/70R15C Triangle SnowLink LL01 112\\\/110R &#8226; MMK Riepas\",\"isPartOf\":{\"@id\":\"https:\\\/\\\/mmkriepas.lv\\\/en\\\/#website\"},\"primaryImageOfPage\":{\"@id\":\"https:\\\/\\\/mmkriepas.lv\\\/en\\\/p\\\/225-70r15c-triangle-ll01-112-110r-kopija\\\/#primaryimage\"},\"image\":{\"@id\":\"https:\\\/\\\/mmkriepas.lv\\\/en\\\/p\\\/225-70r15c-triangle-ll01-112-110r-kopija\\\/#primaryimage\"},\"thumbnailUrl\":\"https:\\\/\\\/mmkriepas.lv\\\/wp-content\\\/uploads\\\/2023\\\/09\\\/19565r16c-triangle-snowlink-ll01-104102t-xl-ziemas-riepas.jpg\",\"datePublished\":\"2020-08-03T12:48:05+00:00\",\"dateModified\":\"2026-03-27T22:06:00+00:00\",\"description\":\"Triangle LL01 ziemas riepu modelis ir paredz\u0113ts vieglajiem kravas automobi\u013ciem un komerctransportam. Tam ir palielin\u0101ta kravnes\u012bba un kalpo\u0161anas laiks!\",\"breadcrumb\":{\"@id\":\"https:\\\/\\\/mmkriepas.lv\\\/en\\\/p\\\/225-70r15c-triangle-ll01-112-110r-kopija\\\/#breadcrumb\"},\"inLanguage\":\"en-US\",\"potentialAction\":[{\"@type\":\"ReadAction\",\"target\":[\"https:\\\/\\\/mmkriepas.lv\\\/en\\\/p\\\/225-70r15c-triangle-ll01-112-110r-kopija\\\/\"]}]},{\"@type\":\"ImageObject\",\"inLanguage\":\"en-US\",\"@id\":\"https:\\\/\\\/mmkriepas.lv\\\/en\\\/p\\\/225-70r15c-triangle-ll01-112-110r-kopija\\\/#primaryimage\",\"url\":\"https:\\\/\\\/mmkriepas.lv\\\/wp-content\\\/uploads\\\/2023\\\/09\\\/19565r16c-triangle-snowlink-ll01-104102t-xl-ziemas-riepas.jpg\",\"contentUrl\":\"https:\\\/\\\/mmkriepas.lv\\\/wp-content\\\/uploads\\\/2023\\\/09\\\/19565r16c-triangle-snowlink-ll01-104102t-xl-ziemas-riepas.jpg\",\"width\":2489,\"height\":1656,\"caption\":\"Triangle SnowLink LL01\"},{\"@type\":\"BreadcrumbList\",\"@id\":\"https:\\\/\\\/mmkriepas.lv\\\/en\\\/p\\\/225-70r15c-triangle-ll01-112-110r-kopija\\\/#breadcrumb\",\"itemListElement\":[{\"@type\":\"ListItem\",\"position\":1,\"name\":\"S\u0101kums\",\"item\":\"https:\\\/\\\/mmkriepas.lv\\\/en\\\/\"},{\"@type\":\"ListItem\",\"position\":2,\"name\":\"225\\\/70R15C Triangle SnowLink LL01 112\\\/110R\"}]},{\"@type\":\"WebSite\",\"@id\":\"https:\\\/\\\/mmkriepas.lv\\\/en\\\/#website\",\"url\":\"https:\\\/\\\/mmkriepas.lv\\\/en\\\/\",\"name\":\"MMK Riepas\",\"description\":\"MMK Riepas\",\"alternateName\":\"MMK Riepu Serviss\",\"potentialAction\":[{\"@type\":\"SearchAction\",\"target\":{\"@type\":\"EntryPoint\",\"urlTemplate\":\"https:\\\/\\\/mmkriepas.lv\\\/en\\\/?s={search_term_string}\"},\"query-input\":{\"@type\":\"PropertyValueSpecification\",\"valueRequired\":true,\"valueName\":\"search_term_string\"}}],\"inLanguage\":\"en-US\"},{\"@type\":\"ImageObject\",\"inLanguage\":\"en-US\",\"@id\":\"https:\\\/\\\/mmkriepas.lv\\\/en\\\/p\\\/225-70r15c-triangle-ll01-112-110r-kopija\\\/#local-main-organization-logo\",\"url\":\"\",\"contentUrl\":\"\",\"caption\":\"MMK Riepas\"}]}<\/script>\n<meta property=\"product:brand\" content=\"Triangle SnowLink LL01\" \/>\n<meta property=\"product:price:amount\" content=\"74.00\" \/>\n<meta property=\"product:price:currency\" content=\"EUR\" \/>\n<meta property=\"og:availability\" content=\"instock\" \/>\n<meta property=\"product:availability\" content=\"instock\" \/>\n<meta property=\"product:retailer_item_id\" content=\"TW2257015CTRIAN-2691\" \/>\n<meta property=\"product:condition\" content=\"new\" \/>\n<!-- \/ Yoast SEO Premium plugin. -->","yoast_head_json":{"title":"225\/70R15C Triangle SnowLink LL01 112\/110R &#8226; MMK Riepas","description":"Triangle LL01 ziemas riepu modelis ir paredz\u0113ts vieglajiem kravas automobi\u013ciem un komerctransportam. Tam ir palielin\u0101ta kravnes\u012bba un kalpo\u0161anas laiks!","robots":{"index":"index","follow":"follow","max-snippet":"max-snippet:-1","max-image-preview":"max-image-preview:large","max-video-preview":"max-video-preview:-1"},"canonical":"https:\/\/mmkriepas.lv\/en\/p\/225-70r15c-triangle-ll01-112-110r-kopija\/","og_locale":"en_US","og_type":"article","og_title":"225\/70R15C Triangle SnowLink LL01 112\/110R","og_description":"Triangle LL01 ziemas riepu modelis ir paredz\u0113ts vieglajiem kravas automobi\u013ciem un komerctransportam. Tam ir palielin\u0101ta kravnes\u012bba un kalpo\u0161anas laiks!","og_url":"https:\/\/mmkriepas.lv\/en\/p\/225-70r15c-triangle-ll01-112-110r-kopija\/","og_site_name":"MMK Riepas","article_publisher":"https:\/\/www.facebook.com\/mmkserviss\/","article_modified_time":"2026-03-27T22:06:00+00:00","og_image":[{"width":2489,"height":1656,"url":"https:\/\/mmkriepas.lv\/wp-content\/uploads\/2023\/09\/19565r16c-triangle-snowlink-ll01-104102t-xl-ziemas-riepas.jpg","type":"image\/jpeg"}],"twitter_card":"summary_large_image","twitter_misc":{"Price":"&euro;74.00","Availability":"In stock"},"schema":{"@context":"https:\/\/schema.org","@graph":[{"@type":"WebPage","@id":"https:\/\/mmkriepas.lv\/en\/p\/225-70r15c-triangle-ll01-112-110r-kopija\/","url":"https:\/\/mmkriepas.lv\/en\/p\/225-70r15c-triangle-ll01-112-110r-kopija\/","name":"225\/70R15C Triangle SnowLink LL01 112\/110R &#8226; MMK Riepas","isPartOf":{"@id":"https:\/\/mmkriepas.lv\/en\/#website"},"primaryImageOfPage":{"@id":"https:\/\/mmkriepas.lv\/en\/p\/225-70r15c-triangle-ll01-112-110r-kopija\/#primaryimage"},"image":{"@id":"https:\/\/mmkriepas.lv\/en\/p\/225-70r15c-triangle-ll01-112-110r-kopija\/#primaryimage"},"thumbnailUrl":"https:\/\/mmkriepas.lv\/wp-content\/uploads\/2023\/09\/19565r16c-triangle-snowlink-ll01-104102t-xl-ziemas-riepas.jpg","datePublished":"2020-08-03T12:48:05+00:00","dateModified":"2026-03-27T22:06:00+00:00","description":"Triangle LL01 ziemas riepu modelis ir paredz\u0113ts vieglajiem kravas automobi\u013ciem un komerctransportam. Tam ir palielin\u0101ta kravnes\u012bba un kalpo\u0161anas laiks!","breadcrumb":{"@id":"https:\/\/mmkriepas.lv\/en\/p\/225-70r15c-triangle-ll01-112-110r-kopija\/#breadcrumb"},"inLanguage":"en-US","potentialAction":[{"@type":"ReadAction","target":["https:\/\/mmkriepas.lv\/en\/p\/225-70r15c-triangle-ll01-112-110r-kopija\/"]}]},{"@type":"ImageObject","inLanguage":"en-US","@id":"https:\/\/mmkriepas.lv\/en\/p\/225-70r15c-triangle-ll01-112-110r-kopija\/#primaryimage","url":"https:\/\/mmkriepas.lv\/wp-content\/uploads\/2023\/09\/19565r16c-triangle-snowlink-ll01-104102t-xl-ziemas-riepas.jpg","contentUrl":"https:\/\/mmkriepas.lv\/wp-content\/uploads\/2023\/09\/19565r16c-triangle-snowlink-ll01-104102t-xl-ziemas-riepas.jpg","width":2489,"height":1656,"caption":"Triangle SnowLink LL01"},{"@type":"BreadcrumbList","@id":"https:\/\/mmkriepas.lv\/en\/p\/225-70r15c-triangle-ll01-112-110r-kopija\/#breadcrumb","itemListElement":[{"@type":"ListItem","position":1,"name":"S\u0101kums","item":"https:\/\/mmkriepas.lv\/en\/"},{"@type":"ListItem","position":2,"name":"225\/70R15C Triangle SnowLink LL01 112\/110R"}]},{"@type":"WebSite","@id":"https:\/\/mmkriepas.lv\/en\/#website","url":"https:\/\/mmkriepas.lv\/en\/","name":"MMK Riepas","description":"MMK Riepas","alternateName":"MMK Riepu Serviss","potentialAction":[{"@type":"SearchAction","target":{"@type":"EntryPoint","urlTemplate":"https:\/\/mmkriepas.lv\/en\/?s={search_term_string}"},"query-input":{"@type":"PropertyValueSpecification","valueRequired":true,"valueName":"search_term_string"}}],"inLanguage":"en-US"},{"@type":"ImageObject","inLanguage":"en-US","@id":"https:\/\/mmkriepas.lv\/en\/p\/225-70r15c-triangle-ll01-112-110r-kopija\/#local-main-organization-logo","url":"","contentUrl":"","caption":"MMK Riepas"}]},"product_brand":"Triangle SnowLink LL01","product_price_amount":"74.00","product_price_currency":"EUR","og_availability":"instock","product_availability":"instock","product_retailer_item_id":"TW2257015CTRIAN-2691","product_condition":"new"},"_links":{"self":[{"href":"https:\/\/mmkriepas.lv\/en\/wp-json\/wp\/v2\/product\/129528","targetHints":{"allow":["GET"]}}],"collection":[{"href":"https:\/\/mmkriepas.lv\/en\/wp-json\/wp\/v2\/product"}],"about":[{"href":"https:\/\/mmkriepas.lv\/en\/wp-json\/wp\/v2\/types\/product"}],"wp:featuredmedia":[{"embeddable":true,"href":"https:\/\/mmkriepas.lv\/en\/wp-json\/wp\/v2\/media\/797380"}],"wp:attachment":[{"href":"https:\/\/mmkriepas.lv\/en\/wp-json\/wp\/v2\/media?parent=129528"}],"wp:term":[{"taxonomy":"product_brand","embeddable":true,"href":"https:\/\/mmkriepas.lv\/en\/wp-json\/wp\/v2\/product_brand?post=129528"},{"taxonomy":"product_cat","embeddable":true,"href":"https:\/\/mmkriepas.lv\/en\/wp-json\/wp\/v2\/product_cat?post=129528"},{"taxonomy":"product_tag","embeddable":true,"href":"https:\/\/mmkriepas.lv\/en\/wp-json\/wp\/v2\/product_tag?post=129528"}],"curies":[{"name":"wp","href":"https:\/\/api.w.org\/{rel}","templated":true}]}}