{"id":129006,"date":"2020-07-30T11:23:48","date_gmt":"2020-07-30T08:23:48","guid":{"rendered":"https:\/\/mmkserviss.lv\/?post_type=product&#038;p=129006"},"modified":"2024-02-23T15:33:15","modified_gmt":"2024-02-23T13:33:15","slug":"175-65r15-triangle-seasonx-ta01-84h","status":"publish","type":"product","link":"https:\/\/mmkriepas.lv\/en\/p\/175-65r15-triangle-seasonx-ta01-84h\/","title":{"rendered":"175\/65R15 Triangle SeasonX TA01 84H"},"content":{"rendered":"<p><strong>Triangle SeasonX TA01<\/strong> ir pirmais Triangle ra\u017eotais vissezonasriepu modelis, kas ir tend\u0113ts tie\u0161i uz Eiropas valstu tirgiem un ir paredz\u0113ts da\u017e\u0101du kla\u0161u vieglo automa\u0161\u012bnu apr\u012bko\u0161anai. To raksturo uzticama sa\u0137ere ar sausu un mitru ce\u013ca segumu, laba iztur\u012bba pret akvaplan\u0113\u0161anu un \u0101tra bremz\u0113\u0161ana pat vieglos sniega apst\u0101k\u013cos.\u00a0 <span>Vid\u0113j\u0101 bud\u017eeta klase. Triangle riepas &#8211; laba kvalit\u0101te par labu cenu.\u00a0<\/span> Riepas tiek ra\u017eotas \u0136\u012bn\u0101, izmantojot GoodYear tehnolo\u0123iju, tas nodro\u0161ina nemain\u012bgi lielisku riepu kvalit\u0101ti. Cenas gan ir krietni, krietni zem\u0101kas nek\u0101 produktiem, kas ra\u017eoti zem superbrenda nosaukuma!\u00a0 <strong>Triangle riepu<\/strong> somu dizains apvienojum\u0101 ar \u0136\u012bnas darba tirgus pieredzi riepu ra\u017eo\u0161an\u0101 ir lieliska kombin\u0101cija, lai pat\u0113r\u0113t\u0101jiem pasaul\u0113 pied\u0101v\u0101tu riepas, kas apvieno augsta standarta inovat\u012bvu dizainu ar modern\u0101m un efekt\u012bv\u0101m ra\u017eo\u0161anas metod\u0113m.<\/p>\n<h3>Triangle SeasonX galven\u0101s \u012bpa\u0161\u012bbas<\/h3>\n<p>-plati \u016bdens izvadkan\u0101li s\u0101nu plecu da\u013c\u0101 efekt\u012bvi izvada gan \u016bdeni gan sniega mais\u012bjumus;<\/p>\n<p>-centr\u0101laj\u0101 da\u013c\u0101 riepas protektora bloki ir izvietoti r\u0101v\u0113jsl\u0113dz\u0113ja princip\u0101, tas nodro\u0161ina stabilu vilkmes sp\u0113ku jebk\u0101dos apst\u0101k\u013cos;<\/p>\n<p>-protektora bloku izk\u0101rtojums veido divas riepu vispatvero\u0161as dren\u0101\u017eas rievas, blokiem ir p\u0101k\u0101pientipa s\u0101nu malas, kas pal\u012bdz nodro\u0161in\u0101t sa\u0137eri pat pie v\u0113r\u0101 \u0146emama nodiluma.<\/p>\n<h3>Triangle SeasonX vissezonai rakstur\u012bgs protektora raksts<\/h3>\n<p>V veida protektora dizains, kas raksturo <strong>Triangle SeasonX<\/strong>, garant\u0113 labu riepas sa\u0137eri ar\u012b mitros apst\u0101k\u013cos. \u0160\u0101da tipa protektora raksts \u013coti \u0101tri izt\u012bra kontakta laukumu no \u016bdens un sniega. Uz protektora mal\u0101m v\u0113rstie izvadkan\u0101li, kas seko aiz katra protektora bloka, palielina riepas vilkmi gan garenvirzien\u0101 gan \u0161\u0137\u0113rsenisk\u0101 virzien\u0101. Turkl\u0101t, pateicoties pa\u0161blo\u0137\u0113\u0161an\u0101s funkcijai, kan\u0101li ierobe\u017eo slodz\u0113 eso\u0161o bloku deform\u0101cijuas iesp\u0113ju, t\u0101d\u0113j\u0101di palielinot stabilit\u0101ti l\u012bkumos un bremz\u0113\u0161anas efektivit\u0101ti, k\u0101 ar\u012b <strong>Triangle SeasonX TA01<\/strong> reakcijas precizit\u0101ti uz vad\u012bt\u0101ja darb\u012bb\u0101m un vad\u0101m\u012bbu kopum\u0101.<\/p>\n<h3>Re\u0101la vissezonas riepa &#8211; Triangle seasonX TA01<\/h3>\n<p><strong>Triangle TA01<\/strong> mode\u013ca lieto\u0161anas dro\u0161\u012bbu ziemas laika apst\u0101k\u013cos un t\u0101 atbilst\u012bbu valst\u012bm ar oblig\u0101tu sezon\u0101lo riepu mai\u0146u apstiprina mar\u0137\u0113jums sniegp\u0101rslas form\u0101 uz kalna fona ar trim virsotn\u0113m (3PMSF). <span>Viens no liel\u0101kajiem riepu ra\u017eot\u0101jiem bud\u017eeta segment\u0101. Alternat\u012bva Sailun, Antares, Westlake, Goodride, utt. Kvalit\u0101tes b\u016btiski neatpaliek no vid\u0113j\u0101s klases.\u00a0<\/span><\/p>\n","protected":false},"excerpt":{"rendered":"<p><strong>Triangle SeasonX TA01 &#8211; <\/strong>Somij\u0101 dizain\u0113ts vissezonas riepu modelis, kas rad\u012bts tie\u0161i Eiropas tirgum! Izce\u013cas ar teicamu veiktsp\u0113ju gan uz sausa, gan slapja asfalta. Samazin\u0101ts akvaplan\u0113\u0161anas risks, degvielas ekonomija un akustiskais komforts.<\/p>\n","protected":false},"featured_media":192461,"template":"","meta":{"_acf_changed":false,"ngg_post_thumbnail":0},"product_brand":[],"product_cat":[47,45],"product_tag":[],"class_list":{"0":"post-129006","1":"product","2":"type-product","3":"status-publish","4":"has-post-thumbnail","6":"product_cat-vissezonas-riepas","7":"product_cat-ziemas-riepas","9":"first","10":"instock","11":"taxable","12":"shipping-taxable","13":"product-type-simple"},"acf":[],"yoast_head":"<!-- This site is optimized with the Yoast SEO Premium plugin v22.6 (Yoast SEO v27.3) - https:\/\/yoast.com\/product\/yoast-seo-premium-wordpress\/ -->\n<title>175\/65R15 Triangle SeasonX TA01 84H &#8226; MMK Riepas<\/title>\n<meta name=\"description\" content=\"Triangle SeasonX TA01 ir pirmais koncerna &quot;Triangle&quot; ra\u017eotais vissezonas modelis, kas ir tend\u0113ts tie\u0161i uz Eiropas valstu tirgiem!\" \/>\n<meta name=\"robots\" content=\"index, follow, max-snippet:-1, max-image-preview:large, max-video-preview:-1\" \/>\n<link rel=\"canonical\" href=\"https:\/\/mmkriepas.lv\/en\/p\/175-65r15-triangle-seasonx-ta01-84h\/\" \/>\n<meta property=\"og:locale\" content=\"en_US\" \/>\n<meta property=\"og:type\" content=\"article\" \/>\n<meta property=\"og:title\" content=\"175\/65R15 Triangle SeasonX TA01 84H\" \/>\n<meta property=\"og:description\" content=\"Triangle SeasonX TA01 ir pirmais koncerna &quot;Triangle&quot; ra\u017eotais vissezonas modelis, kas ir tend\u0113ts tie\u0161i uz Eiropas valstu tirgiem!\" \/>\n<meta property=\"og:url\" content=\"https:\/\/mmkriepas.lv\/en\/p\/175-65r15-triangle-seasonx-ta01-84h\/\" \/>\n<meta property=\"og:site_name\" content=\"MMK Riepas\" \/>\n<meta property=\"article:publisher\" content=\"https:\/\/www.facebook.com\/mmkserviss\/\" \/>\n<meta property=\"article:modified_time\" content=\"2024-02-23T13:33:15+00:00\" \/>\n<meta property=\"og:image\" content=\"https:\/\/mmkriepas.lv\/wp-content\/uploads\/2021\/08\/21545r17-triangle-seasonx-ta01-91w-ziemas-riepas.jpg\" \/>\n\t<meta property=\"og:image:width\" content=\"1920\" \/>\n\t<meta property=\"og:image:height\" content=\"1440\" \/>\n\t<meta property=\"og:image:type\" content=\"image\/jpeg\" \/>\n<meta name=\"twitter:card\" content=\"summary_large_image\" \/>\n<meta name=\"twitter:label1\" content=\"Price\" \/>\n\t<meta name=\"twitter:data1\" content=\"&euro;42.00\" \/>\n\t<meta name=\"twitter:label2\" content=\"Availability\" \/>\n\t<meta name=\"twitter:data2\" content=\"In stock\" \/>\n<script type=\"application\/ld+json\" class=\"yoast-schema-graph\">{\"@context\":\"https:\\\/\\\/schema.org\",\"@graph\":[{\"@type\":\"WebPage\",\"@id\":\"https:\\\/\\\/mmkriepas.lv\\\/en\\\/p\\\/175-65r15-triangle-seasonx-ta01-84h\\\/\",\"url\":\"https:\\\/\\\/mmkriepas.lv\\\/en\\\/p\\\/175-65r15-triangle-seasonx-ta01-84h\\\/\",\"name\":\"175\\\/65R15 Triangle SeasonX TA01 84H &#8226; MMK Riepas\",\"isPartOf\":{\"@id\":\"https:\\\/\\\/mmkriepas.lv\\\/en\\\/#website\"},\"primaryImageOfPage\":{\"@id\":\"https:\\\/\\\/mmkriepas.lv\\\/en\\\/p\\\/175-65r15-triangle-seasonx-ta01-84h\\\/#primaryimage\"},\"image\":{\"@id\":\"https:\\\/\\\/mmkriepas.lv\\\/en\\\/p\\\/175-65r15-triangle-seasonx-ta01-84h\\\/#primaryimage\"},\"thumbnailUrl\":\"https:\\\/\\\/mmkriepas.lv\\\/wp-content\\\/uploads\\\/2021\\\/08\\\/21545r17-triangle-seasonx-ta01-91w-ziemas-riepas.jpg\",\"datePublished\":\"2020-07-30T08:23:48+00:00\",\"dateModified\":\"2024-02-23T13:33:15+00:00\",\"description\":\"Triangle SeasonX TA01 ir pirmais koncerna \\\"Triangle\\\" ra\u017eotais vissezonas modelis, kas ir tend\u0113ts tie\u0161i uz Eiropas valstu tirgiem!\",\"breadcrumb\":{\"@id\":\"https:\\\/\\\/mmkriepas.lv\\\/en\\\/p\\\/175-65r15-triangle-seasonx-ta01-84h\\\/#breadcrumb\"},\"inLanguage\":\"en-US\",\"potentialAction\":[{\"@type\":\"ReadAction\",\"target\":[\"https:\\\/\\\/mmkriepas.lv\\\/en\\\/p\\\/175-65r15-triangle-seasonx-ta01-84h\\\/\"]}]},{\"@type\":\"ImageObject\",\"inLanguage\":\"en-US\",\"@id\":\"https:\\\/\\\/mmkriepas.lv\\\/en\\\/p\\\/175-65r15-triangle-seasonx-ta01-84h\\\/#primaryimage\",\"url\":\"https:\\\/\\\/mmkriepas.lv\\\/wp-content\\\/uploads\\\/2021\\\/08\\\/21545r17-triangle-seasonx-ta01-91w-ziemas-riepas.jpg\",\"contentUrl\":\"https:\\\/\\\/mmkriepas.lv\\\/wp-content\\\/uploads\\\/2021\\\/08\\\/21545r17-triangle-seasonx-ta01-91w-ziemas-riepas.jpg\",\"width\":1920,\"height\":1440,\"caption\":\"Triangle SeasonX TA01\"},{\"@type\":\"BreadcrumbList\",\"@id\":\"https:\\\/\\\/mmkriepas.lv\\\/en\\\/p\\\/175-65r15-triangle-seasonx-ta01-84h\\\/#breadcrumb\",\"itemListElement\":[{\"@type\":\"ListItem\",\"position\":1,\"name\":\"S\u0101kums\",\"item\":\"https:\\\/\\\/mmkriepas.lv\\\/en\\\/\"},{\"@type\":\"ListItem\",\"position\":2,\"name\":\"175\\\/65R15 Triangle SeasonX TA01 84H\"}]},{\"@type\":\"WebSite\",\"@id\":\"https:\\\/\\\/mmkriepas.lv\\\/en\\\/#website\",\"url\":\"https:\\\/\\\/mmkriepas.lv\\\/en\\\/\",\"name\":\"MMK Riepas\",\"description\":\"MMK Riepas\",\"alternateName\":\"MMK Riepu Serviss\",\"potentialAction\":[{\"@type\":\"SearchAction\",\"target\":{\"@type\":\"EntryPoint\",\"urlTemplate\":\"https:\\\/\\\/mmkriepas.lv\\\/en\\\/?s={search_term_string}\"},\"query-input\":{\"@type\":\"PropertyValueSpecification\",\"valueRequired\":true,\"valueName\":\"search_term_string\"}}],\"inLanguage\":\"en-US\"},{\"@type\":\"ImageObject\",\"inLanguage\":\"en-US\",\"@id\":\"https:\\\/\\\/mmkriepas.lv\\\/en\\\/p\\\/175-65r15-triangle-seasonx-ta01-84h\\\/#local-main-organization-logo\",\"url\":\"\",\"contentUrl\":\"\",\"caption\":\"MMK Riepas\"}]}<\/script>\n<meta property=\"product:brand\" content=\"Triangle SeasonX TA01\" \/>\n<meta property=\"product:price:amount\" content=\"42.00\" \/>\n<meta property=\"product:price:currency\" content=\"EUR\" \/>\n<meta property=\"og:availability\" content=\"instock\" \/>\n<meta property=\"product:availability\" content=\"instock\" \/>\n<meta property=\"product:condition\" content=\"new\" \/>\n<!-- \/ Yoast SEO Premium plugin. -->","yoast_head_json":{"title":"175\/65R15 Triangle SeasonX TA01 84H &#8226; MMK Riepas","description":"Triangle SeasonX TA01 ir pirmais koncerna \"Triangle\" ra\u017eotais vissezonas modelis, kas ir tend\u0113ts tie\u0161i uz Eiropas valstu tirgiem!","robots":{"index":"index","follow":"follow","max-snippet":"max-snippet:-1","max-image-preview":"max-image-preview:large","max-video-preview":"max-video-preview:-1"},"canonical":"https:\/\/mmkriepas.lv\/en\/p\/175-65r15-triangle-seasonx-ta01-84h\/","og_locale":"en_US","og_type":"article","og_title":"175\/65R15 Triangle SeasonX TA01 84H","og_description":"Triangle SeasonX TA01 ir pirmais koncerna \"Triangle\" ra\u017eotais vissezonas modelis, kas ir tend\u0113ts tie\u0161i uz Eiropas valstu tirgiem!","og_url":"https:\/\/mmkriepas.lv\/en\/p\/175-65r15-triangle-seasonx-ta01-84h\/","og_site_name":"MMK Riepas","article_publisher":"https:\/\/www.facebook.com\/mmkserviss\/","article_modified_time":"2024-02-23T13:33:15+00:00","og_image":[{"width":1920,"height":1440,"url":"https:\/\/mmkriepas.lv\/wp-content\/uploads\/2021\/08\/21545r17-triangle-seasonx-ta01-91w-ziemas-riepas.jpg","type":"image\/jpeg"}],"twitter_card":"summary_large_image","twitter_misc":{"Price":"&euro;42.00","Availability":"In stock"},"schema":{"@context":"https:\/\/schema.org","@graph":[{"@type":"WebPage","@id":"https:\/\/mmkriepas.lv\/en\/p\/175-65r15-triangle-seasonx-ta01-84h\/","url":"https:\/\/mmkriepas.lv\/en\/p\/175-65r15-triangle-seasonx-ta01-84h\/","name":"175\/65R15 Triangle SeasonX TA01 84H &#8226; MMK Riepas","isPartOf":{"@id":"https:\/\/mmkriepas.lv\/en\/#website"},"primaryImageOfPage":{"@id":"https:\/\/mmkriepas.lv\/en\/p\/175-65r15-triangle-seasonx-ta01-84h\/#primaryimage"},"image":{"@id":"https:\/\/mmkriepas.lv\/en\/p\/175-65r15-triangle-seasonx-ta01-84h\/#primaryimage"},"thumbnailUrl":"https:\/\/mmkriepas.lv\/wp-content\/uploads\/2021\/08\/21545r17-triangle-seasonx-ta01-91w-ziemas-riepas.jpg","datePublished":"2020-07-30T08:23:48+00:00","dateModified":"2024-02-23T13:33:15+00:00","description":"Triangle SeasonX TA01 ir pirmais koncerna \"Triangle\" ra\u017eotais vissezonas modelis, kas ir tend\u0113ts tie\u0161i uz Eiropas valstu tirgiem!","breadcrumb":{"@id":"https:\/\/mmkriepas.lv\/en\/p\/175-65r15-triangle-seasonx-ta01-84h\/#breadcrumb"},"inLanguage":"en-US","potentialAction":[{"@type":"ReadAction","target":["https:\/\/mmkriepas.lv\/en\/p\/175-65r15-triangle-seasonx-ta01-84h\/"]}]},{"@type":"ImageObject","inLanguage":"en-US","@id":"https:\/\/mmkriepas.lv\/en\/p\/175-65r15-triangle-seasonx-ta01-84h\/#primaryimage","url":"https:\/\/mmkriepas.lv\/wp-content\/uploads\/2021\/08\/21545r17-triangle-seasonx-ta01-91w-ziemas-riepas.jpg","contentUrl":"https:\/\/mmkriepas.lv\/wp-content\/uploads\/2021\/08\/21545r17-triangle-seasonx-ta01-91w-ziemas-riepas.jpg","width":1920,"height":1440,"caption":"Triangle SeasonX TA01"},{"@type":"BreadcrumbList","@id":"https:\/\/mmkriepas.lv\/en\/p\/175-65r15-triangle-seasonx-ta01-84h\/#breadcrumb","itemListElement":[{"@type":"ListItem","position":1,"name":"S\u0101kums","item":"https:\/\/mmkriepas.lv\/en\/"},{"@type":"ListItem","position":2,"name":"175\/65R15 Triangle SeasonX TA01 84H"}]},{"@type":"WebSite","@id":"https:\/\/mmkriepas.lv\/en\/#website","url":"https:\/\/mmkriepas.lv\/en\/","name":"MMK Riepas","description":"MMK Riepas","alternateName":"MMK Riepu Serviss","potentialAction":[{"@type":"SearchAction","target":{"@type":"EntryPoint","urlTemplate":"https:\/\/mmkriepas.lv\/en\/?s={search_term_string}"},"query-input":{"@type":"PropertyValueSpecification","valueRequired":true,"valueName":"search_term_string"}}],"inLanguage":"en-US"},{"@type":"ImageObject","inLanguage":"en-US","@id":"https:\/\/mmkriepas.lv\/en\/p\/175-65r15-triangle-seasonx-ta01-84h\/#local-main-organization-logo","url":"","contentUrl":"","caption":"MMK Riepas"}]},"product_brand":"Triangle SeasonX TA01","product_price_amount":"42.00","product_price_currency":"EUR","og_availability":"instock","product_availability":"instock","product_condition":"new"},"_links":{"self":[{"href":"https:\/\/mmkriepas.lv\/en\/wp-json\/wp\/v2\/product\/129006","targetHints":{"allow":["GET"]}}],"collection":[{"href":"https:\/\/mmkriepas.lv\/en\/wp-json\/wp\/v2\/product"}],"about":[{"href":"https:\/\/mmkriepas.lv\/en\/wp-json\/wp\/v2\/types\/product"}],"wp:featuredmedia":[{"embeddable":true,"href":"https:\/\/mmkriepas.lv\/en\/wp-json\/wp\/v2\/media\/192461"}],"wp:attachment":[{"href":"https:\/\/mmkriepas.lv\/en\/wp-json\/wp\/v2\/media?parent=129006"}],"wp:term":[{"taxonomy":"product_brand","embeddable":true,"href":"https:\/\/mmkriepas.lv\/en\/wp-json\/wp\/v2\/product_brand?post=129006"},{"taxonomy":"product_cat","embeddable":true,"href":"https:\/\/mmkriepas.lv\/en\/wp-json\/wp\/v2\/product_cat?post=129006"},{"taxonomy":"product_tag","embeddable":true,"href":"https:\/\/mmkriepas.lv\/en\/wp-json\/wp\/v2\/product_tag?post=129006"}],"curies":[{"name":"wp","href":"https:\/\/api.w.org\/{rel}","templated":true}]}}