{"id":128188,"date":"2020-06-30T14:28:11","date_gmt":"2020-06-30T11:28:11","guid":{"rendered":"https:\/\/mmkserviss.lv\/?post_type=product&#038;p=128188"},"modified":"2026-03-27T23:26:44","modified_gmt":"2026-03-27T21:26:44","slug":"235-75r15-sailun-terramax-cvr-105t","status":"publish","type":"product","link":"https:\/\/mmkriepas.lv\/en\/p\/235-75r15-sailun-terramax-cvr-105t\/","title":{"rendered":"235\/75R15 Sailun TERRAMAX CVR 105T"},"content":{"rendered":"<p><strong>Sailun TERRAMAX CVR<\/strong> ir Highterrain riepu modelis, kas rad\u012bts SUV, krosoveriem un apvidus auto. Ja j\u016bs ikdien\u0101 p\u0101rvietojaties pa pils\u0113tu, bet reiz\u0113m ir nepiecie\u0161ams iebraukt ar\u012b bezce\u013cos, tad TERRAMAX CVR ir dom\u0101ts jums. T\u0101 sniedz izcilu vad\u0101m\u012bbu un stabilit\u0101ti, <strong>neaizmirstot par brauk\u0161anas komfortu<\/strong>.<o:p><\/o:p><\/p>\n<h3><strong>TERRAMAX CVR galven\u0101s iez\u012bmes:<\/strong><o:p><\/o:p><\/h3>\n<p>+ Highterrain riepu modelis, kas ir efekt\u012bvs gan pils\u0113tas apst\u0101k\u013cos, gan ar\u012b uz \u0161osejas un grants vai lauku ce\u013ciem;<o:p><\/o:p><\/p>\n<p>+ Paaugstin\u0101ta riepas nodilumiztur\u012bba;<o:p><\/o:p><\/p>\n<p>+ Degvielas ekonomija;<o:p><\/o:p><\/p>\n<p>+ Teicama cenas\/veiktsp\u0113jas attiec\u012bba.<o:p><\/o:p><\/p>\n<h3>TERRAMAX CVR apr\u012bkojums<o:p><\/o:p><\/h3>\n<p>Riepas protektora raksts veidots lai<strong> samazin\u0101tu rad\u012bto ska\u0146u<\/strong> un palielin\u0101tu visp\u0101rejo brauk\u0161anas komfortu. Taj\u0101 pa\u0161\u0101 laik\u0101 dom\u0101jot par \u016bdens, dub\u013cu un sniega novadi neatkar\u012bgi no gadalaika.<o:p><\/o:p><\/p>\n<p><strong>\u010cetras galven\u0101s rievas<\/strong> kop\u0101 ar \u012bsaj\u0101m sl\u012bpi novietotaj\u0101m riev\u0101m, samazina rites pretest\u012bbu ieekonom\u0113jot degvielu. K\u0101 ar\u012b efekt\u012bvi novada \u016bdeni, lai uzlabotu notur\u012bbu pret akvaplan\u0113\u0161anu.<o:p><\/o:p><\/p>\n<p><strong>Piem\u0113rotas<\/strong> riepas <strong>brauk\u0161anai bezce\u013cos<\/strong>. \u0160im modelim ir rad\u012bts \u012bpa\u0161i sp\u0113c\u012bgs riepas karkass un jauns gumijas mais\u012bjums. Tas sniedz zemu dilst\u012bbu un nodro\u0161ina riep\u0101m ilgu m\u016b\u017eu pat p\u0101rvietojoties pa main\u012bgiem ce\u013ca segumiem.<o:p><\/o:p><\/p>\n<p><strong><span style=\"color: red;\">*Uzman\u012bbu<\/span><\/strong><span style=\"color: red;\">:<\/span> vasaras riepas, kas ir ra\u017eotas \u0136\u012bn\u0101, var b\u016bt apz\u012bm\u0113tas ar apz\u012bm\u0113jumu M + S. J\u0101\u0146em ver\u0101, ka \u0136\u012bnas teritorija sniedzas da\u017e\u0101d\u0101s klimatiskaj\u0101s zon\u0101s, kur da\u017eviet metereolo\u0123isk\u0101 ziema t\u0101 ar\u012b neiest\u0101jas. L\u012bdz ar to, tur \u0161\u012bs riepas var izmantot visu gadu, kam\u0113r <strong><span style=\"color: red;\">Latvij\u0101 tas nestr\u0101d\u0101<\/span><\/strong>!<o:p><\/o:p><\/p>\n","protected":false},"excerpt":{"rendered":"<p><strong>Sailun TERRAMAX CVR<\/strong> ir Highterrain riepu modelis, kas rad\u012bts SUV, krosoveriem un apvidus auto. Ja j\u016bs ikdien\u0101 p\u0101rvietojaties pa pils\u0113tu, bet reiz\u0113m ir nepiecie\u0161ams iebraukt ar\u012b bezce\u013cos, tad TERRAMAX CVR ir dom\u0101ts jums. T\u0101 sniedz izcilu vad\u0101m\u012bbu un stabilit\u0101ti, <strong>neaizmirstot par brauk\u0161anas komfortu<\/strong>.<o:p><\/o:p><\/p>\n","protected":false},"featured_media":862733,"template":"","meta":{"_acf_changed":false,"ngg_post_thumbnail":0},"product_brand":[],"product_cat":[46],"product_tag":[],"class_list":{"0":"post-128188","1":"product","2":"type-product","3":"status-publish","4":"has-post-thumbnail","6":"product_cat-vasaras-riepas","8":"first","9":"instock","10":"sale","11":"taxable","12":"shipping-taxable","13":"purchasable","14":"product-type-simple"},"acf":[],"yoast_head":"<!-- This site is optimized with the Yoast SEO Premium plugin v22.6 (Yoast SEO v27.3) - https:\/\/yoast.com\/product\/yoast-seo-premium-wordpress\/ -->\n<title>235\/75R15 Sailun TERRAMAX CVR 105T &#8226; MMK Riepas<\/title>\n<meta name=\"robots\" content=\"index, follow, max-snippet:-1, max-image-preview:large, max-video-preview:-1\" \/>\n<link rel=\"canonical\" href=\"https:\/\/mmkriepas.lv\/en\/p\/235-75r15-sailun-terramax-cvr-105t\/\" \/>\n<meta property=\"og:locale\" content=\"en_US\" \/>\n<meta property=\"og:type\" content=\"article\" \/>\n<meta property=\"og:title\" content=\"235\/75R15 Sailun TERRAMAX CVR 105T\" \/>\n<meta property=\"og:description\" content=\"Sailun TERRAMAX CVR ir Highterrain riepu modelis, kas rad\u012bts SUV, krosoveriem un apvidus auto. Ja j\u016bs ikdien\u0101 p\u0101rvietojaties pa pils\u0113tu, bet reiz\u0113m ir nepiecie\u0161ams iebraukt ar\u012b bezce\u013cos, tad TERRAMAX CVR ir dom\u0101ts jums. T\u0101 sniedz izcilu vad\u0101m\u012bbu un stabilit\u0101ti, neaizmirstot par brauk\u0161anas komfortu.\" \/>\n<meta property=\"og:url\" content=\"https:\/\/mmkriepas.lv\/en\/p\/235-75r15-sailun-terramax-cvr-105t\/\" \/>\n<meta property=\"og:site_name\" content=\"MMK Riepas\" \/>\n<meta property=\"article:publisher\" content=\"https:\/\/www.facebook.com\/mmkserviss\/\" \/>\n<meta property=\"article:modified_time\" content=\"2026-03-27T21:26:44+00:00\" \/>\n<meta property=\"og:image\" content=\"https:\/\/mmkriepas.lv\/wp-content\/uploads\/2024\/02\/23565r17-sailun-terramax-cvr-108h-xl-vasaras-riepas.jpg\" \/>\n\t<meta property=\"og:image:width\" content=\"1920\" \/>\n\t<meta property=\"og:image:height\" content=\"1440\" \/>\n\t<meta property=\"og:image:type\" content=\"image\/jpeg\" \/>\n<meta name=\"twitter:card\" content=\"summary_large_image\" \/>\n<meta name=\"twitter:label1\" content=\"Price\" \/>\n\t<meta name=\"twitter:data1\" content=\"&euro;87.00\" \/>\n\t<meta name=\"twitter:label2\" content=\"Availability\" \/>\n\t<meta name=\"twitter:data2\" content=\"In stock\" \/>\n<script type=\"application\/ld+json\" class=\"yoast-schema-graph\">{\"@context\":\"https:\\\/\\\/schema.org\",\"@graph\":[{\"@type\":\"WebPage\",\"@id\":\"https:\\\/\\\/mmkriepas.lv\\\/en\\\/p\\\/235-75r15-sailun-terramax-cvr-105t\\\/\",\"url\":\"https:\\\/\\\/mmkriepas.lv\\\/en\\\/p\\\/235-75r15-sailun-terramax-cvr-105t\\\/\",\"name\":\"235\\\/75R15 Sailun TERRAMAX CVR 105T &#8226; MMK Riepas\",\"isPartOf\":{\"@id\":\"https:\\\/\\\/mmkriepas.lv\\\/en\\\/#website\"},\"primaryImageOfPage\":{\"@id\":\"https:\\\/\\\/mmkriepas.lv\\\/en\\\/p\\\/235-75r15-sailun-terramax-cvr-105t\\\/#primaryimage\"},\"image\":{\"@id\":\"https:\\\/\\\/mmkriepas.lv\\\/en\\\/p\\\/235-75r15-sailun-terramax-cvr-105t\\\/#primaryimage\"},\"thumbnailUrl\":\"https:\\\/\\\/mmkriepas.lv\\\/wp-content\\\/uploads\\\/2024\\\/02\\\/23565r17-sailun-terramax-cvr-108h-xl-vasaras-riepas.jpg\",\"datePublished\":\"2020-06-30T11:28:11+00:00\",\"dateModified\":\"2026-03-27T21:26:44+00:00\",\"breadcrumb\":{\"@id\":\"https:\\\/\\\/mmkriepas.lv\\\/en\\\/p\\\/235-75r15-sailun-terramax-cvr-105t\\\/#breadcrumb\"},\"inLanguage\":\"en-US\",\"potentialAction\":[{\"@type\":\"ReadAction\",\"target\":[\"https:\\\/\\\/mmkriepas.lv\\\/en\\\/p\\\/235-75r15-sailun-terramax-cvr-105t\\\/\"]}]},{\"@type\":\"ImageObject\",\"inLanguage\":\"en-US\",\"@id\":\"https:\\\/\\\/mmkriepas.lv\\\/en\\\/p\\\/235-75r15-sailun-terramax-cvr-105t\\\/#primaryimage\",\"url\":\"https:\\\/\\\/mmkriepas.lv\\\/wp-content\\\/uploads\\\/2024\\\/02\\\/23565r17-sailun-terramax-cvr-108h-xl-vasaras-riepas.jpg\",\"contentUrl\":\"https:\\\/\\\/mmkriepas.lv\\\/wp-content\\\/uploads\\\/2024\\\/02\\\/23565r17-sailun-terramax-cvr-108h-xl-vasaras-riepas.jpg\",\"width\":1920,\"height\":1440,\"caption\":\"MMK Sailun TERRAMAX CVR MAIN\"},{\"@type\":\"BreadcrumbList\",\"@id\":\"https:\\\/\\\/mmkriepas.lv\\\/en\\\/p\\\/235-75r15-sailun-terramax-cvr-105t\\\/#breadcrumb\",\"itemListElement\":[{\"@type\":\"ListItem\",\"position\":1,\"name\":\"S\u0101kums\",\"item\":\"https:\\\/\\\/mmkriepas.lv\\\/en\\\/\"},{\"@type\":\"ListItem\",\"position\":2,\"name\":\"235\\\/75R15 Sailun TERRAMAX CVR 105T\"}]},{\"@type\":\"WebSite\",\"@id\":\"https:\\\/\\\/mmkriepas.lv\\\/en\\\/#website\",\"url\":\"https:\\\/\\\/mmkriepas.lv\\\/en\\\/\",\"name\":\"MMK Riepas\",\"description\":\"MMK Riepas\",\"alternateName\":\"MMK Riepu Serviss\",\"potentialAction\":[{\"@type\":\"SearchAction\",\"target\":{\"@type\":\"EntryPoint\",\"urlTemplate\":\"https:\\\/\\\/mmkriepas.lv\\\/en\\\/?s={search_term_string}\"},\"query-input\":{\"@type\":\"PropertyValueSpecification\",\"valueRequired\":true,\"valueName\":\"search_term_string\"}}],\"inLanguage\":\"en-US\"},{\"@type\":\"ImageObject\",\"inLanguage\":\"en-US\",\"@id\":\"https:\\\/\\\/mmkriepas.lv\\\/en\\\/p\\\/235-75r15-sailun-terramax-cvr-105t\\\/#local-main-organization-logo\",\"url\":\"\",\"contentUrl\":\"\",\"caption\":\"MMK Riepas\"}]}<\/script>\n<meta property=\"product:brand\" content=\"Sailun TERRAMAX CVR\" \/>\n<meta property=\"product:price:amount\" content=\"87.00\" \/>\n<meta property=\"product:price:currency\" content=\"EUR\" \/>\n<meta property=\"og:availability\" content=\"instock\" \/>\n<meta property=\"product:availability\" content=\"instock\" \/>\n<meta property=\"product:retailer_item_id\" content=\"TS2357515SAILU-715\" \/>\n<meta property=\"product:condition\" content=\"new\" \/>\n<!-- \/ Yoast SEO Premium plugin. -->","yoast_head_json":{"title":"235\/75R15 Sailun TERRAMAX CVR 105T &#8226; MMK Riepas","robots":{"index":"index","follow":"follow","max-snippet":"max-snippet:-1","max-image-preview":"max-image-preview:large","max-video-preview":"max-video-preview:-1"},"canonical":"https:\/\/mmkriepas.lv\/en\/p\/235-75r15-sailun-terramax-cvr-105t\/","og_locale":"en_US","og_type":"article","og_title":"235\/75R15 Sailun TERRAMAX CVR 105T","og_description":"Sailun TERRAMAX CVR ir Highterrain riepu modelis, kas rad\u012bts SUV, krosoveriem un apvidus auto. Ja j\u016bs ikdien\u0101 p\u0101rvietojaties pa pils\u0113tu, bet reiz\u0113m ir nepiecie\u0161ams iebraukt ar\u012b bezce\u013cos, tad TERRAMAX CVR ir dom\u0101ts jums. T\u0101 sniedz izcilu vad\u0101m\u012bbu un stabilit\u0101ti, neaizmirstot par brauk\u0161anas komfortu.","og_url":"https:\/\/mmkriepas.lv\/en\/p\/235-75r15-sailun-terramax-cvr-105t\/","og_site_name":"MMK Riepas","article_publisher":"https:\/\/www.facebook.com\/mmkserviss\/","article_modified_time":"2026-03-27T21:26:44+00:00","og_image":[{"width":1920,"height":1440,"url":"https:\/\/mmkriepas.lv\/wp-content\/uploads\/2024\/02\/23565r17-sailun-terramax-cvr-108h-xl-vasaras-riepas.jpg","type":"image\/jpeg"}],"twitter_card":"summary_large_image","twitter_misc":{"Price":"&euro;87.00","Availability":"In stock"},"schema":{"@context":"https:\/\/schema.org","@graph":[{"@type":"WebPage","@id":"https:\/\/mmkriepas.lv\/en\/p\/235-75r15-sailun-terramax-cvr-105t\/","url":"https:\/\/mmkriepas.lv\/en\/p\/235-75r15-sailun-terramax-cvr-105t\/","name":"235\/75R15 Sailun TERRAMAX CVR 105T &#8226; MMK Riepas","isPartOf":{"@id":"https:\/\/mmkriepas.lv\/en\/#website"},"primaryImageOfPage":{"@id":"https:\/\/mmkriepas.lv\/en\/p\/235-75r15-sailun-terramax-cvr-105t\/#primaryimage"},"image":{"@id":"https:\/\/mmkriepas.lv\/en\/p\/235-75r15-sailun-terramax-cvr-105t\/#primaryimage"},"thumbnailUrl":"https:\/\/mmkriepas.lv\/wp-content\/uploads\/2024\/02\/23565r17-sailun-terramax-cvr-108h-xl-vasaras-riepas.jpg","datePublished":"2020-06-30T11:28:11+00:00","dateModified":"2026-03-27T21:26:44+00:00","breadcrumb":{"@id":"https:\/\/mmkriepas.lv\/en\/p\/235-75r15-sailun-terramax-cvr-105t\/#breadcrumb"},"inLanguage":"en-US","potentialAction":[{"@type":"ReadAction","target":["https:\/\/mmkriepas.lv\/en\/p\/235-75r15-sailun-terramax-cvr-105t\/"]}]},{"@type":"ImageObject","inLanguage":"en-US","@id":"https:\/\/mmkriepas.lv\/en\/p\/235-75r15-sailun-terramax-cvr-105t\/#primaryimage","url":"https:\/\/mmkriepas.lv\/wp-content\/uploads\/2024\/02\/23565r17-sailun-terramax-cvr-108h-xl-vasaras-riepas.jpg","contentUrl":"https:\/\/mmkriepas.lv\/wp-content\/uploads\/2024\/02\/23565r17-sailun-terramax-cvr-108h-xl-vasaras-riepas.jpg","width":1920,"height":1440,"caption":"MMK Sailun TERRAMAX CVR MAIN"},{"@type":"BreadcrumbList","@id":"https:\/\/mmkriepas.lv\/en\/p\/235-75r15-sailun-terramax-cvr-105t\/#breadcrumb","itemListElement":[{"@type":"ListItem","position":1,"name":"S\u0101kums","item":"https:\/\/mmkriepas.lv\/en\/"},{"@type":"ListItem","position":2,"name":"235\/75R15 Sailun TERRAMAX CVR 105T"}]},{"@type":"WebSite","@id":"https:\/\/mmkriepas.lv\/en\/#website","url":"https:\/\/mmkriepas.lv\/en\/","name":"MMK Riepas","description":"MMK Riepas","alternateName":"MMK Riepu Serviss","potentialAction":[{"@type":"SearchAction","target":{"@type":"EntryPoint","urlTemplate":"https:\/\/mmkriepas.lv\/en\/?s={search_term_string}"},"query-input":{"@type":"PropertyValueSpecification","valueRequired":true,"valueName":"search_term_string"}}],"inLanguage":"en-US"},{"@type":"ImageObject","inLanguage":"en-US","@id":"https:\/\/mmkriepas.lv\/en\/p\/235-75r15-sailun-terramax-cvr-105t\/#local-main-organization-logo","url":"","contentUrl":"","caption":"MMK Riepas"}]},"product_brand":"Sailun TERRAMAX CVR","product_price_amount":"87.00","product_price_currency":"EUR","og_availability":"instock","product_availability":"instock","product_retailer_item_id":"TS2357515SAILU-715","product_condition":"new"},"_links":{"self":[{"href":"https:\/\/mmkriepas.lv\/en\/wp-json\/wp\/v2\/product\/128188","targetHints":{"allow":["GET"]}}],"collection":[{"href":"https:\/\/mmkriepas.lv\/en\/wp-json\/wp\/v2\/product"}],"about":[{"href":"https:\/\/mmkriepas.lv\/en\/wp-json\/wp\/v2\/types\/product"}],"wp:featuredmedia":[{"embeddable":true,"href":"https:\/\/mmkriepas.lv\/en\/wp-json\/wp\/v2\/media\/862733"}],"wp:attachment":[{"href":"https:\/\/mmkriepas.lv\/en\/wp-json\/wp\/v2\/media?parent=128188"}],"wp:term":[{"taxonomy":"product_brand","embeddable":true,"href":"https:\/\/mmkriepas.lv\/en\/wp-json\/wp\/v2\/product_brand?post=128188"},{"taxonomy":"product_cat","embeddable":true,"href":"https:\/\/mmkriepas.lv\/en\/wp-json\/wp\/v2\/product_cat?post=128188"},{"taxonomy":"product_tag","embeddable":true,"href":"https:\/\/mmkriepas.lv\/en\/wp-json\/wp\/v2\/product_tag?post=128188"}],"curies":[{"name":"wp","href":"https:\/\/api.w.org\/{rel}","templated":true}]}}