{"id":128170,"date":"2020-06-30T14:19:42","date_gmt":"2020-06-30T11:19:42","guid":{"rendered":"https:\/\/mmkserviss.lv\/?post_type=product&#038;p=128170"},"modified":"2026-03-27T23:27:29","modified_gmt":"2026-03-27T21:27:29","slug":"245-40r18-sailun-atrezzo-zsr-97y-xl","status":"publish","type":"product","link":"https:\/\/mmkriepas.lv\/en\/p\/245-40r18-sailun-atrezzo-zsr-97y-xl\/","title":{"rendered":"245\/40R18 Sailun Atrezzo ZSR 97Y XL RP"},"content":{"rendered":"<p><strong>Sailun Atrezzo ZSR<\/strong> \u2013 vasaras riepas, kuras ir izstr\u0101d\u0101tas t\u0101, lai nodro\u0161in\u0101tu prec\u012bzu vad\u012bbu gan uz mitra, gan sausa asfalta. Asimetriskais protektora dizains kop\u0101 ar uzlabotu protektora gumijas formulu nodro\u0161ina izcilu veiktsp\u0113ju gan pils\u0113tvides apst\u0101k\u013cos, gan uz \u0161osejas.<\/p>\n<p><strong>Atrezzo ZSR \u012bpa\u0161\u012bbas:<\/strong><\/p>\n<p>+ degvielas ekonomija, zema rites pretest\u012bba<br \/>+ sal\u012bdzino\u0161i vieglas riepas (samazina degvielas pat\u0113ri\u0146u)<br \/>+ jaun\u0101k\u0101s Sailun riepu ra\u017eo\u0161anas tehnolo\u0123ijas, uzlabots gumijas sast\u0101vs<br \/>+ \u013coti labi sa\u0137eres un trok\u0161\u0146u l\u012bme\u0146a r\u0101d\u012bt\u0101ji,\u00a0dro\u0161a vad\u0101m\u012bb\u0101 gan uz sausa, gan mitra seguma<br \/>+ augsta notur\u012bba pret akvaplan\u0113\u0161anu<br \/>+ stabilit\u0101te praucot ar\u012b pa nel\u012bdzenu ce\u013ca segumu<br \/>+ riepas izce\u013c\u0101s ar\u00a0<strong><em>zemiem dilst\u012bbas r\u0101d\u012bt\u0101jiem<\/em><\/strong>, kas noz\u012bm\u0113 daudzu t\u016bksto\u0161u kilometru nobraukumu<br \/>+ sal\u012bdzino\u0161i zema\u00a0rites pretest\u012bba<br \/>+ vieglas riepas<br \/>+ paaugstin\u0101ta triecieniztur\u012bba pasarg\u0101s riepu no p\u0101rsi\u0161anas bedr\u0113s (XL riepas)<br \/>+ liels \u0101truma indekss<br \/>+ izteikta disku aizsargmala<\/p>\n<p><strong>Atrezzo ZSR iez\u012bmes:<\/strong><\/p>\n<p><strong>Asimetriski izstr\u0101d\u0101ts protektora raksts<\/strong>\u00a0par\u016bp\u0113jas par vad\u012btsp\u0113ju visos apst\u0101k\u013cos. Pie lieliem \u0101trumiem, kas \u0161im modelim nav \u0161\u0137\u0113rslis, pal\u012bdz\u0113s platie, sl\u012bpi novietotie riepas plecu bloki, kas sevi\u00a0<em>vislab\u0101k pier\u0101da l\u012bkumos<\/em>.Izteikti\u00a0<strong>platas garenisk\u0101s rievas<\/strong>\u00a0uzlabo veiktsp\u0113ju mitros apst\u0101k\u013cos un samazina akvaplan\u0113\u0161anu. P\u0101rejas br\u012b\u017eos no sausa uz slapju sagumu padzi\u013cin\u0101t\u0101s ap\u013cveida rievas uzlabo dro\u0161\u012bbu.Protektora konstrukcijai ir pamat\u012bga,\u00a0<strong>robusta centr\u0101l\u0101 riba<\/strong>, kas kop\u0101 ar platajiem s\u0101na blokiem nodro\u0161ina augst\u0101ku stabilit\u0101ti k\u0101 ar\u012b rada saj\u016btu, ka\u00a0<em>\u201cj\u016btam ce\u013cu\u201d pie lieliem \u0101trumiem<\/em>, gan taisnos ce\u013ca gabalos, gan straujos l\u012bkumos.<\/p>\n<p><strong>MMK Serviss nov\u0113rt\u0113jums:<\/strong>\u00a0<em>\u201dSailun ir \u013coti laba izv\u0113le ikdienas brauk\u0161anai! Labas un ekonomiskas vasaras riepas par \u013coti labu cenu. Kvalit\u0101te augst\u0101ka par samaks\u0101to naudu\u201d.<\/em><\/p>\n<h5>*Uzman\u012bbu: Vasaras riepas, kas ir ra\u017eotas \u0136\u012bn\u0101, var b\u016bt apz\u012bm\u0113tas ar apz\u012bm\u0113jumu M+S. J\u0101\u0146em ver\u0101, ka \u0136\u012bnas teritorija sniedzas da\u017e\u0101d\u0101s klimatiskaj\u0101s zon\u0101s, kur da\u017eviet metereolo\u0123isk\u0101 ziema t\u0101 ar\u012b neiest\u0101jas. L\u012bdz ar to, tur \u0161\u012bs riepas var izmantot visu gadu, kam\u0113r Latvij\u0101 tas nestr\u0101d\u0101!<\/h5>\n","protected":false},"excerpt":{"rendered":"<p><b><span style=\"font-family: 'Arial',sans-serif;\">Sailun Atrezzo ZSR<\/span><\/b><span style=\"font-family: 'Arial',sans-serif;\"> \u2013 vasaras riepas, kuras ir izstr\u0101d\u0101tas t\u0101, lai nodro\u0161in\u0101tu prec\u012bzu vad\u012bbu gan uz mitra, gan sausa asfalta. Asimetriskais protektora dizains kop\u0101 ar uzlabotu protektora gumijas formulu nodro\u0161ina izcilu veiktsp\u0113ju gan pils\u0113tvides apst\u0101k\u013cos, gan uz \u0161osejas.<\/span><\/p>\n","protected":false},"featured_media":866509,"template":"","meta":{"_acf_changed":false,"ngg_post_thumbnail":0},"product_brand":[],"product_cat":[46],"product_tag":[],"class_list":{"0":"post-128170","1":"product","2":"type-product","3":"status-publish","4":"has-post-thumbnail","6":"product_cat-vasaras-riepas","8":"first","9":"instock","10":"sale","11":"taxable","12":"shipping-taxable","13":"purchasable","14":"product-type-simple"},"acf":[],"yoast_head":"<!-- This site is optimized with the Yoast SEO Premium plugin v22.6 (Yoast SEO v27.3) - https:\/\/yoast.com\/product\/yoast-seo-premium-wordpress\/ -->\n<title>245\/40R18 Sailun Atrezzo ZSR 97Y XL RP &#8226; MMK Riepas<\/title>\n<meta name=\"robots\" content=\"index, follow, max-snippet:-1, max-image-preview:large, max-video-preview:-1\" \/>\n<link rel=\"canonical\" href=\"https:\/\/mmkriepas.lv\/en\/p\/245-40r18-sailun-atrezzo-zsr-97y-xl\/\" \/>\n<meta property=\"og:locale\" content=\"en_US\" \/>\n<meta property=\"og:type\" content=\"article\" \/>\n<meta property=\"og:title\" content=\"245\/40R18 Sailun Atrezzo ZSR 97Y XL RP\" \/>\n<meta property=\"og:description\" content=\"Sailun Atrezzo ZSR \u2013 vasaras riepas, kuras ir izstr\u0101d\u0101tas t\u0101, lai nodro\u0161in\u0101tu prec\u012bzu vad\u012bbu gan uz mitra, gan sausa asfalta. Asimetriskais protektora dizains kop\u0101 ar uzlabotu protektora gumijas formulu nodro\u0161ina izcilu veiktsp\u0113ju gan pils\u0113tvides apst\u0101k\u013cos, gan uz \u0161osejas.\" \/>\n<meta property=\"og:url\" content=\"https:\/\/mmkriepas.lv\/en\/p\/245-40r18-sailun-atrezzo-zsr-97y-xl\/\" \/>\n<meta property=\"og:site_name\" content=\"MMK Riepas\" \/>\n<meta property=\"article:publisher\" content=\"https:\/\/www.facebook.com\/mmkserviss\/\" \/>\n<meta property=\"article:modified_time\" content=\"2026-03-27T21:27:29+00:00\" \/>\n<meta property=\"og:image\" content=\"https:\/\/mmkriepas.lv\/wp-content\/uploads\/2024\/02\/27560r20-sailun-atrezzo-zsr-suv-119v-xl-dot21-vasaras-riepas.jpg\" \/>\n\t<meta property=\"og:image:width\" content=\"1920\" \/>\n\t<meta property=\"og:image:height\" content=\"1440\" \/>\n\t<meta property=\"og:image:type\" content=\"image\/jpeg\" \/>\n<meta name=\"twitter:card\" content=\"summary_large_image\" \/>\n<meta name=\"twitter:label1\" content=\"Price\" \/>\n\t<meta name=\"twitter:data1\" content=\"&euro;76.00\" \/>\n\t<meta name=\"twitter:label2\" content=\"Availability\" \/>\n\t<meta name=\"twitter:data2\" content=\"In stock\" \/>\n<script type=\"application\/ld+json\" class=\"yoast-schema-graph\">{\"@context\":\"https:\\\/\\\/schema.org\",\"@graph\":[{\"@type\":\"WebPage\",\"@id\":\"https:\\\/\\\/mmkriepas.lv\\\/en\\\/p\\\/245-40r18-sailun-atrezzo-zsr-97y-xl\\\/\",\"url\":\"https:\\\/\\\/mmkriepas.lv\\\/en\\\/p\\\/245-40r18-sailun-atrezzo-zsr-97y-xl\\\/\",\"name\":\"245\\\/40R18 Sailun Atrezzo ZSR 97Y XL RP &#8226; MMK Riepas\",\"isPartOf\":{\"@id\":\"https:\\\/\\\/mmkriepas.lv\\\/en\\\/#website\"},\"primaryImageOfPage\":{\"@id\":\"https:\\\/\\\/mmkriepas.lv\\\/en\\\/p\\\/245-40r18-sailun-atrezzo-zsr-97y-xl\\\/#primaryimage\"},\"image\":{\"@id\":\"https:\\\/\\\/mmkriepas.lv\\\/en\\\/p\\\/245-40r18-sailun-atrezzo-zsr-97y-xl\\\/#primaryimage\"},\"thumbnailUrl\":\"https:\\\/\\\/mmkriepas.lv\\\/wp-content\\\/uploads\\\/2024\\\/02\\\/27560r20-sailun-atrezzo-zsr-suv-119v-xl-dot21-vasaras-riepas.jpg\",\"datePublished\":\"2020-06-30T11:19:42+00:00\",\"dateModified\":\"2026-03-27T21:27:29+00:00\",\"breadcrumb\":{\"@id\":\"https:\\\/\\\/mmkriepas.lv\\\/en\\\/p\\\/245-40r18-sailun-atrezzo-zsr-97y-xl\\\/#breadcrumb\"},\"inLanguage\":\"en-US\",\"potentialAction\":[{\"@type\":\"ReadAction\",\"target\":[\"https:\\\/\\\/mmkriepas.lv\\\/en\\\/p\\\/245-40r18-sailun-atrezzo-zsr-97y-xl\\\/\"]}]},{\"@type\":\"ImageObject\",\"inLanguage\":\"en-US\",\"@id\":\"https:\\\/\\\/mmkriepas.lv\\\/en\\\/p\\\/245-40r18-sailun-atrezzo-zsr-97y-xl\\\/#primaryimage\",\"url\":\"https:\\\/\\\/mmkriepas.lv\\\/wp-content\\\/uploads\\\/2024\\\/02\\\/27560r20-sailun-atrezzo-zsr-suv-119v-xl-dot21-vasaras-riepas.jpg\",\"contentUrl\":\"https:\\\/\\\/mmkriepas.lv\\\/wp-content\\\/uploads\\\/2024\\\/02\\\/27560r20-sailun-atrezzo-zsr-suv-119v-xl-dot21-vasaras-riepas.jpg\",\"width\":1920,\"height\":1440,\"caption\":\"MMK Sailun Atrezzo ZSR MAIN\"},{\"@type\":\"BreadcrumbList\",\"@id\":\"https:\\\/\\\/mmkriepas.lv\\\/en\\\/p\\\/245-40r18-sailun-atrezzo-zsr-97y-xl\\\/#breadcrumb\",\"itemListElement\":[{\"@type\":\"ListItem\",\"position\":1,\"name\":\"S\u0101kums\",\"item\":\"https:\\\/\\\/mmkriepas.lv\\\/en\\\/\"},{\"@type\":\"ListItem\",\"position\":2,\"name\":\"245\\\/40R18 Sailun Atrezzo ZSR 97Y XL RP\"}]},{\"@type\":\"WebSite\",\"@id\":\"https:\\\/\\\/mmkriepas.lv\\\/en\\\/#website\",\"url\":\"https:\\\/\\\/mmkriepas.lv\\\/en\\\/\",\"name\":\"MMK Riepas\",\"description\":\"MMK Riepas\",\"alternateName\":\"MMK Riepu Serviss\",\"potentialAction\":[{\"@type\":\"SearchAction\",\"target\":{\"@type\":\"EntryPoint\",\"urlTemplate\":\"https:\\\/\\\/mmkriepas.lv\\\/en\\\/?s={search_term_string}\"},\"query-input\":{\"@type\":\"PropertyValueSpecification\",\"valueRequired\":true,\"valueName\":\"search_term_string\"}}],\"inLanguage\":\"en-US\"},{\"@type\":\"ImageObject\",\"inLanguage\":\"en-US\",\"@id\":\"https:\\\/\\\/mmkriepas.lv\\\/en\\\/p\\\/245-40r18-sailun-atrezzo-zsr-97y-xl\\\/#local-main-organization-logo\",\"url\":\"\",\"contentUrl\":\"\",\"caption\":\"MMK Riepas\"}]}<\/script>\n<meta property=\"product:brand\" content=\"Sailun Atrezzo ZSR\" \/>\n<meta property=\"product:price:amount\" content=\"76.00\" \/>\n<meta property=\"product:price:currency\" content=\"EUR\" \/>\n<meta property=\"og:availability\" content=\"instock\" \/>\n<meta property=\"product:availability\" content=\"instock\" \/>\n<meta property=\"product:retailer_item_id\" content=\"TS2454018SAILU-754\" \/>\n<meta property=\"product:condition\" content=\"new\" \/>\n<!-- \/ Yoast SEO Premium plugin. -->","yoast_head_json":{"title":"245\/40R18 Sailun Atrezzo ZSR 97Y XL RP &#8226; MMK Riepas","robots":{"index":"index","follow":"follow","max-snippet":"max-snippet:-1","max-image-preview":"max-image-preview:large","max-video-preview":"max-video-preview:-1"},"canonical":"https:\/\/mmkriepas.lv\/en\/p\/245-40r18-sailun-atrezzo-zsr-97y-xl\/","og_locale":"en_US","og_type":"article","og_title":"245\/40R18 Sailun Atrezzo ZSR 97Y XL RP","og_description":"Sailun Atrezzo ZSR \u2013 vasaras riepas, kuras ir izstr\u0101d\u0101tas t\u0101, lai nodro\u0161in\u0101tu prec\u012bzu vad\u012bbu gan uz mitra, gan sausa asfalta. Asimetriskais protektora dizains kop\u0101 ar uzlabotu protektora gumijas formulu nodro\u0161ina izcilu veiktsp\u0113ju gan pils\u0113tvides apst\u0101k\u013cos, gan uz \u0161osejas.","og_url":"https:\/\/mmkriepas.lv\/en\/p\/245-40r18-sailun-atrezzo-zsr-97y-xl\/","og_site_name":"MMK Riepas","article_publisher":"https:\/\/www.facebook.com\/mmkserviss\/","article_modified_time":"2026-03-27T21:27:29+00:00","og_image":[{"width":1920,"height":1440,"url":"https:\/\/mmkriepas.lv\/wp-content\/uploads\/2024\/02\/27560r20-sailun-atrezzo-zsr-suv-119v-xl-dot21-vasaras-riepas.jpg","type":"image\/jpeg"}],"twitter_card":"summary_large_image","twitter_misc":{"Price":"&euro;76.00","Availability":"In stock"},"schema":{"@context":"https:\/\/schema.org","@graph":[{"@type":"WebPage","@id":"https:\/\/mmkriepas.lv\/en\/p\/245-40r18-sailun-atrezzo-zsr-97y-xl\/","url":"https:\/\/mmkriepas.lv\/en\/p\/245-40r18-sailun-atrezzo-zsr-97y-xl\/","name":"245\/40R18 Sailun Atrezzo ZSR 97Y XL RP &#8226; MMK Riepas","isPartOf":{"@id":"https:\/\/mmkriepas.lv\/en\/#website"},"primaryImageOfPage":{"@id":"https:\/\/mmkriepas.lv\/en\/p\/245-40r18-sailun-atrezzo-zsr-97y-xl\/#primaryimage"},"image":{"@id":"https:\/\/mmkriepas.lv\/en\/p\/245-40r18-sailun-atrezzo-zsr-97y-xl\/#primaryimage"},"thumbnailUrl":"https:\/\/mmkriepas.lv\/wp-content\/uploads\/2024\/02\/27560r20-sailun-atrezzo-zsr-suv-119v-xl-dot21-vasaras-riepas.jpg","datePublished":"2020-06-30T11:19:42+00:00","dateModified":"2026-03-27T21:27:29+00:00","breadcrumb":{"@id":"https:\/\/mmkriepas.lv\/en\/p\/245-40r18-sailun-atrezzo-zsr-97y-xl\/#breadcrumb"},"inLanguage":"en-US","potentialAction":[{"@type":"ReadAction","target":["https:\/\/mmkriepas.lv\/en\/p\/245-40r18-sailun-atrezzo-zsr-97y-xl\/"]}]},{"@type":"ImageObject","inLanguage":"en-US","@id":"https:\/\/mmkriepas.lv\/en\/p\/245-40r18-sailun-atrezzo-zsr-97y-xl\/#primaryimage","url":"https:\/\/mmkriepas.lv\/wp-content\/uploads\/2024\/02\/27560r20-sailun-atrezzo-zsr-suv-119v-xl-dot21-vasaras-riepas.jpg","contentUrl":"https:\/\/mmkriepas.lv\/wp-content\/uploads\/2024\/02\/27560r20-sailun-atrezzo-zsr-suv-119v-xl-dot21-vasaras-riepas.jpg","width":1920,"height":1440,"caption":"MMK Sailun Atrezzo ZSR MAIN"},{"@type":"BreadcrumbList","@id":"https:\/\/mmkriepas.lv\/en\/p\/245-40r18-sailun-atrezzo-zsr-97y-xl\/#breadcrumb","itemListElement":[{"@type":"ListItem","position":1,"name":"S\u0101kums","item":"https:\/\/mmkriepas.lv\/en\/"},{"@type":"ListItem","position":2,"name":"245\/40R18 Sailun Atrezzo ZSR 97Y XL RP"}]},{"@type":"WebSite","@id":"https:\/\/mmkriepas.lv\/en\/#website","url":"https:\/\/mmkriepas.lv\/en\/","name":"MMK Riepas","description":"MMK Riepas","alternateName":"MMK Riepu Serviss","potentialAction":[{"@type":"SearchAction","target":{"@type":"EntryPoint","urlTemplate":"https:\/\/mmkriepas.lv\/en\/?s={search_term_string}"},"query-input":{"@type":"PropertyValueSpecification","valueRequired":true,"valueName":"search_term_string"}}],"inLanguage":"en-US"},{"@type":"ImageObject","inLanguage":"en-US","@id":"https:\/\/mmkriepas.lv\/en\/p\/245-40r18-sailun-atrezzo-zsr-97y-xl\/#local-main-organization-logo","url":"","contentUrl":"","caption":"MMK Riepas"}]},"product_brand":"Sailun Atrezzo ZSR","product_price_amount":"76.00","product_price_currency":"EUR","og_availability":"instock","product_availability":"instock","product_retailer_item_id":"TS2454018SAILU-754","product_condition":"new"},"_links":{"self":[{"href":"https:\/\/mmkriepas.lv\/en\/wp-json\/wp\/v2\/product\/128170","targetHints":{"allow":["GET"]}}],"collection":[{"href":"https:\/\/mmkriepas.lv\/en\/wp-json\/wp\/v2\/product"}],"about":[{"href":"https:\/\/mmkriepas.lv\/en\/wp-json\/wp\/v2\/types\/product"}],"wp:featuredmedia":[{"embeddable":true,"href":"https:\/\/mmkriepas.lv\/en\/wp-json\/wp\/v2\/media\/866509"}],"wp:attachment":[{"href":"https:\/\/mmkriepas.lv\/en\/wp-json\/wp\/v2\/media?parent=128170"}],"wp:term":[{"taxonomy":"product_brand","embeddable":true,"href":"https:\/\/mmkriepas.lv\/en\/wp-json\/wp\/v2\/product_brand?post=128170"},{"taxonomy":"product_cat","embeddable":true,"href":"https:\/\/mmkriepas.lv\/en\/wp-json\/wp\/v2\/product_cat?post=128170"},{"taxonomy":"product_tag","embeddable":true,"href":"https:\/\/mmkriepas.lv\/en\/wp-json\/wp\/v2\/product_tag?post=128170"}],"curies":[{"name":"wp","href":"https:\/\/api.w.org\/{rel}","templated":true}]}}