{"id":1279625,"date":"2025-08-26T10:28:47","date_gmt":"2025-08-26T07:28:47","guid":{"rendered":"https:\/\/mmkriepas.lv\/?post_type=product&#038;p=1279625"},"modified":"2026-03-30T14:07:22","modified_gmt":"2026-03-30T11:07:22","slug":"205-60r16-zeta-antarctica-5-96h-xl","status":"publish","type":"product","link":"https:\/\/mmkriepas.lv\/en\/p\/205-60r16-zeta-antarctica-5-96h-xl\/","title":{"rendered":"205\/60R16 ZETA Antarctica 5 96H XL"},"content":{"rendered":"<p><span style=\"font-family: Times New Roman, serif;\"><span style=\"font-size: medium;\"><span style=\"color: #000000;\"><span style=\"font-family: Arial, serif;\"><span style=\"font-size: small;\"><b>Zeta Antarctica 5<\/b><\/span><\/span><\/span><span style=\"color: #000000;\"><span style=\"font-family: Arial, serif;\"><span style=\"font-size: small;\"> ir labas kvalit\u0101tes, bud\u017eeta klases vissezonas\/ziemas riepu modelis. <\/span><\/span><\/span><span style=\"color: #000000;\"><span style=\"font-family: Arial, serif;\"><span style=\"font-size: small;\"><b>Zeta riepu r\u016bpn\u012bc\u0101 tiek ra\u017eotas Nokian riepas. Riepu gigants Nokian izv\u0113l\u0113jies tie\u0161i Zeta riepu r\u016bpn\u012bcu augsto kvalit\u0101tes standartu d\u0113\u013c.<\/b><\/span><\/span><\/span><span style=\"color: #000000;\"><span style=\"font-family: Arial, serif;\"><span style=\"font-size: small;\"> Tas izce\u013cas ar labiem veiktsp\u0113jas r\u0101d\u012bt\u0101jiem gan uz sausa un slapja asfalta, gan snieg\u0101. \u0160is riepu modelis pieejams pla\u0161\u0101 izm\u0113ru kl\u0101st\u0101 no R13 l\u012bdz R18 un paredz\u0113ts maza un vid\u0113ja izm\u0113ra vieglaj\u0101m automa\u0161\u012bn\u0101m.<\/span><\/span><\/span><\/span><\/span><\/p>\n<h3 class=\"western\"><span style=\"color: #000000;\"><span style=\"font-family: Arial, serif;\"><span style=\"font-size: medium;\">Zeta Antarctica 5 galven\u0101s iez\u012bmes<\/span><\/span><\/span><\/h3>\n<p><span style=\"font-family: Times New Roman, serif;\"><span style=\"font-size: medium;\"><span style=\"color: #000000;\"><span style=\"font-family: Arial, serif;\"><span style=\"font-size: small;\">+ Laba sa\u0137ere gan uz sausa un slapja asfalta, gan snieg\u0101, pateicoties virzienveida protektora dizainam,<br \/>+ Degvielas ekonomija,<br \/>+ Izteikts akustiskais un brauk\u0161anas gaitas komforts,<br \/>+ Zems akvaplan\u0113\u0161anas risks.,<br \/>+ Laba cenas un veiktsp\u0113jas attiec\u012bba.<\/span><\/span><\/span><\/span><\/span><\/p>\n<h3 class=\"western\"><span style=\"color: #000000;\"><span style=\"font-family: Arial, serif;\"><span style=\"font-size: medium;\">Antarctica 5 apr\u012bkojums<\/span><\/span><\/span><\/h3>\n<p><span style=\"font-family: Times New Roman, serif;\"><span style=\"font-size: medium;\"><span style=\"color: #000000;\"><span style=\"font-family: Arial, serif;\"><span style=\"font-size: small;\"><b>Zeta Antarctica 5 <\/b><\/span><\/span><\/span><span style=\"color: #000000;\"><span style=\"font-family: Arial, serif;\"><span style=\"font-size: small;\">vissezonas\/ziemas jeb m+s riepu modelis apr\u012bkots ar virzieveida protektora rakstu jeb &#8220;skuji\u0146u&#8221;. \u0160\u0101ds dizains izv\u0113l\u0113ts, jo tam piem\u012bt teicamas veiktsp\u0113jas \u012bpa\u0161\u012bbas gan uz slapja asfalta, gan snieg\u0101 un slapjdra\u0146\u0137\u012b.\u00a0<\/span><\/span><\/span><\/span><\/span><\/p>\n<p><span style=\"font-family: Times New Roman, serif;\"><span style=\"font-size: medium;\"><span style=\"color: #000000;\"><span style=\"font-family: Arial, serif;\"><span style=\"font-size: small;\">V-veid\u0101 izvietotajos protektora blokos atrodami s\u012bki iegriezumi jeb lameles. T\u0101s darbojas l\u012bdz\u012bgi radz\u0113m, ar as\u0101m kant\u0113m iec\u0113rtoties led\u016b un sabliet\u0113t\u0101 snieg\u0101, as slidenaj\u0101m virsm\u0101m veidojot cie\u0161u sa\u0137eri.<\/span><\/span><\/span><\/span><\/span><\/p>\n<p><span style=\"font-family: Times New Roman, serif;\"><span style=\"font-size: medium;\"><span style=\"color: #000000;\"><span style=\"font-family: Arial, serif;\"><span style=\"font-size: small;\">Protektors darin\u0101ts no elastrom\u0113riem bag\u0101ta gumijas sakaus\u0113juma. \u0160ie \u0137\u012bmiskie elementi palielina riepas nodilumiztur\u012bbu un pal\u012bdz saglab\u0101t elast\u012bbu pla\u0161\u0101 temperat\u016bru diapazon\u0101. K\u0101 zin\u0101ms, elast\u012bga riepa daudz lab\u0101k veido sa\u0137eri ar ce\u013cu, k\u0101 ar\u012b dilst vienm\u0113r\u012bg\u0101k.<\/span><\/span><\/span><\/span><\/span><\/p>\n","protected":false},"excerpt":{"rendered":"<p><span style=\"font-family: Times New Roman, serif;\"><span style=\"font-size: medium;\"><span style=\"color: #000000;\"><span style=\"font-family: Arial, serif;\"><span style=\"font-size: small;\"><b>Zeta Antarctica 5<\/b><\/span><\/span><\/span><span style=\"color: #000000;\"><span style=\"font-family: Arial, serif;\"><span style=\"font-size: small;\"> ir labas kvalit\u0101tes, bud\u017eeta klases vissezonas\/ziemas riepu modelis. <\/span><\/span><\/span><span style=\"color: #000000;\"><span style=\"font-family: Arial, serif;\"><span style=\"font-size: small;\"><b>Zeta riepu r\u016bpn\u012bc\u0101 tiek ra\u017eotas Nokian riepas. Riepu gigants Nokian izv\u0113l\u0113jies tie\u0161i Zeta riepu r\u016bpn\u012bcu augsto kvalit\u0101tes standartu d\u0113\u013c.<\/b><\/span><\/span><\/span><span style=\"color: #000000;\"><span style=\"font-family: Arial, serif;\"><span style=\"font-size: small;\"> Tas izce\u013cas ar labiem veiktsp\u0113jas r\u0101d\u012bt\u0101jiem gan uz sausa un slapja asfalta, gan snieg\u0101. \u0160is riepu modelis pieejams pla\u0161\u0101 izm\u0113ru kl\u0101st\u0101 no R13 l\u012bdz R18 un paredz\u0113ts maza un vid\u0113ja izm\u0113ra vieglaj\u0101m automa\u0161\u012bn\u0101m.<\/span><\/span><\/span><\/span><\/span><\/p>\n","protected":false},"featured_media":948391,"template":"","meta":{"_acf_changed":false,"ngg_post_thumbnail":0},"product_brand":[],"product_cat":[23644,23643],"product_tag":[],"class_list":{"0":"post-1279625","1":"product","2":"type-product","3":"status-publish","4":"has-post-thumbnail","6":"product_cat-all-season-tyres","7":"product_cat-winter-tyres","9":"first","10":"instock","11":"sale","12":"taxable","13":"shipping-taxable","14":"purchasable","15":"product-type-simple"},"acf":[],"yoast_head":"<!-- This site is optimized with the Yoast SEO Premium plugin v22.6 (Yoast SEO v27.3) - https:\/\/yoast.com\/product\/yoast-seo-premium-wordpress\/ -->\n<title>205\/60R16 ZETA Antarctica 5 96H XL &#8226; MMK Riepas<\/title>\n<meta name=\"robots\" content=\"index, follow, max-snippet:-1, max-image-preview:large, max-video-preview:-1\" \/>\n<link rel=\"canonical\" href=\"https:\/\/mmkriepas.lv\/en\/p\/205-60r16-zeta-antarctica-5-96h-xl\/\" \/>\n<meta property=\"og:locale\" content=\"en_US\" \/>\n<meta property=\"og:type\" content=\"article\" \/>\n<meta property=\"og:title\" content=\"205\/60R16 ZETA Antarctica 5 96H XL\" \/>\n<meta property=\"og:description\" content=\"Zeta Antarctica 5 ir labas kvalit\u0101tes, bud\u017eeta klases vissezonas\/ziemas riepu modelis. Zeta riepu r\u016bpn\u012bc\u0101 tiek ra\u017eotas Nokian riepas. Riepu gigants Nokian izv\u0113l\u0113jies tie\u0161i Zeta riepu r\u016bpn\u012bcu augsto kvalit\u0101tes standartu d\u0113\u013c. Tas izce\u013cas ar labiem veiktsp\u0113jas r\u0101d\u012bt\u0101jiem gan uz sausa un slapja asfalta, gan snieg\u0101. \u0160is riepu modelis pieejams pla\u0161\u0101 izm\u0113ru kl\u0101st\u0101 no R13 l\u012bdz R18 un paredz\u0113ts maza un vid\u0113ja izm\u0113ra vieglaj\u0101m automa\u0161\u012bn\u0101m.\" \/>\n<meta property=\"og:url\" content=\"https:\/\/mmkriepas.lv\/en\/p\/205-60r16-zeta-antarctica-5-96h-xl\/\" \/>\n<meta property=\"og:site_name\" content=\"MMK Riepas\" \/>\n<meta property=\"article:publisher\" content=\"https:\/\/www.facebook.com\/mmkserviss\/\" \/>\n<meta property=\"article:modified_time\" content=\"2026-03-30T11:07:22+00:00\" \/>\n<meta property=\"og:image\" content=\"https:\/\/mmkriepas.lv\/wp-content\/uploads\/2024\/08\/zeta-antarctica-5.jpg\" \/>\n\t<meta property=\"og:image:width\" content=\"900\" \/>\n\t<meta property=\"og:image:height\" content=\"720\" \/>\n\t<meta property=\"og:image:type\" content=\"image\/jpeg\" \/>\n<meta name=\"twitter:card\" content=\"summary_large_image\" \/>\n<meta name=\"twitter:label1\" content=\"Price\" \/>\n\t<meta name=\"twitter:data1\" content=\"&euro;65.00\" \/>\n\t<meta name=\"twitter:label2\" content=\"Availability\" \/>\n\t<meta name=\"twitter:data2\" content=\"In stock\" \/>\n<script type=\"application\/ld+json\" class=\"yoast-schema-graph\">{\"@context\":\"https:\\\/\\\/schema.org\",\"@graph\":[{\"@type\":\"WebPage\",\"@id\":\"https:\\\/\\\/mmkriepas.lv\\\/en\\\/p\\\/205-60r16-zeta-antarctica-5-96h-xl\\\/\",\"url\":\"https:\\\/\\\/mmkriepas.lv\\\/en\\\/p\\\/205-60r16-zeta-antarctica-5-96h-xl\\\/\",\"name\":\"205\\\/60R16 ZETA Antarctica 5 96H XL &#8226; MMK Riepas\",\"isPartOf\":{\"@id\":\"https:\\\/\\\/mmkriepas.lv\\\/en\\\/#website\"},\"primaryImageOfPage\":{\"@id\":\"https:\\\/\\\/mmkriepas.lv\\\/en\\\/p\\\/205-60r16-zeta-antarctica-5-96h-xl\\\/#primaryimage\"},\"image\":{\"@id\":\"https:\\\/\\\/mmkriepas.lv\\\/en\\\/p\\\/205-60r16-zeta-antarctica-5-96h-xl\\\/#primaryimage\"},\"thumbnailUrl\":\"https:\\\/\\\/mmkriepas.lv\\\/wp-content\\\/uploads\\\/2024\\\/08\\\/zeta-antarctica-5.jpg\",\"datePublished\":\"2025-08-26T07:28:47+00:00\",\"dateModified\":\"2026-03-30T11:07:22+00:00\",\"breadcrumb\":{\"@id\":\"https:\\\/\\\/mmkriepas.lv\\\/en\\\/p\\\/205-60r16-zeta-antarctica-5-96h-xl\\\/#breadcrumb\"},\"inLanguage\":\"en-US\",\"potentialAction\":[{\"@type\":\"ReadAction\",\"target\":[\"https:\\\/\\\/mmkriepas.lv\\\/en\\\/p\\\/205-60r16-zeta-antarctica-5-96h-xl\\\/\"]}]},{\"@type\":\"ImageObject\",\"inLanguage\":\"en-US\",\"@id\":\"https:\\\/\\\/mmkriepas.lv\\\/en\\\/p\\\/205-60r16-zeta-antarctica-5-96h-xl\\\/#primaryimage\",\"url\":\"https:\\\/\\\/mmkriepas.lv\\\/wp-content\\\/uploads\\\/2024\\\/08\\\/zeta-antarctica-5.jpg\",\"contentUrl\":\"https:\\\/\\\/mmkriepas.lv\\\/wp-content\\\/uploads\\\/2024\\\/08\\\/zeta-antarctica-5.jpg\",\"width\":900,\"height\":720,\"caption\":\"MAIN\"},{\"@type\":\"BreadcrumbList\",\"@id\":\"https:\\\/\\\/mmkriepas.lv\\\/en\\\/p\\\/205-60r16-zeta-antarctica-5-96h-xl\\\/#breadcrumb\",\"itemListElement\":[{\"@type\":\"ListItem\",\"position\":1,\"name\":\"S\u0101kums\",\"item\":\"https:\\\/\\\/mmkriepas.lv\\\/en\\\/\"},{\"@type\":\"ListItem\",\"position\":2,\"name\":\"205\\\/60R16 ZETA Antarctica 5 96H XL\"}]},{\"@type\":\"WebSite\",\"@id\":\"https:\\\/\\\/mmkriepas.lv\\\/en\\\/#website\",\"url\":\"https:\\\/\\\/mmkriepas.lv\\\/en\\\/\",\"name\":\"MMK Riepas\",\"description\":\"MMK Riepas\",\"alternateName\":\"MMK Riepu Serviss\",\"potentialAction\":[{\"@type\":\"SearchAction\",\"target\":{\"@type\":\"EntryPoint\",\"urlTemplate\":\"https:\\\/\\\/mmkriepas.lv\\\/en\\\/?s={search_term_string}\"},\"query-input\":{\"@type\":\"PropertyValueSpecification\",\"valueRequired\":true,\"valueName\":\"search_term_string\"}}],\"inLanguage\":\"en-US\"},{\"@type\":\"ImageObject\",\"inLanguage\":\"en-US\",\"@id\":\"https:\\\/\\\/mmkriepas.lv\\\/en\\\/p\\\/205-60r16-zeta-antarctica-5-96h-xl\\\/#local-main-organization-logo\",\"url\":\"\",\"contentUrl\":\"\",\"caption\":\"MMK Riepas\"}]}<\/script>\n<meta property=\"product:brand\" content=\"Zeta Antarctica 5\" \/>\n<meta property=\"product:price:amount\" content=\"65.00\" \/>\n<meta property=\"product:price:currency\" content=\"EUR\" \/>\n<meta property=\"og:availability\" content=\"instock\" \/>\n<meta property=\"product:availability\" content=\"instock\" \/>\n<meta property=\"product:retailer_item_id\" content=\"TW2056016ZETA-51345\" \/>\n<meta property=\"product:condition\" content=\"new\" \/>\n<!-- \/ Yoast SEO Premium plugin. -->","yoast_head_json":{"title":"205\/60R16 ZETA Antarctica 5 96H XL &#8226; MMK Riepas","robots":{"index":"index","follow":"follow","max-snippet":"max-snippet:-1","max-image-preview":"max-image-preview:large","max-video-preview":"max-video-preview:-1"},"canonical":"https:\/\/mmkriepas.lv\/en\/p\/205-60r16-zeta-antarctica-5-96h-xl\/","og_locale":"en_US","og_type":"article","og_title":"205\/60R16 ZETA Antarctica 5 96H XL","og_description":"Zeta Antarctica 5 ir labas kvalit\u0101tes, bud\u017eeta klases vissezonas\/ziemas riepu modelis. Zeta riepu r\u016bpn\u012bc\u0101 tiek ra\u017eotas Nokian riepas. Riepu gigants Nokian izv\u0113l\u0113jies tie\u0161i Zeta riepu r\u016bpn\u012bcu augsto kvalit\u0101tes standartu d\u0113\u013c. Tas izce\u013cas ar labiem veiktsp\u0113jas r\u0101d\u012bt\u0101jiem gan uz sausa un slapja asfalta, gan snieg\u0101. \u0160is riepu modelis pieejams pla\u0161\u0101 izm\u0113ru kl\u0101st\u0101 no R13 l\u012bdz R18 un paredz\u0113ts maza un vid\u0113ja izm\u0113ra vieglaj\u0101m automa\u0161\u012bn\u0101m.","og_url":"https:\/\/mmkriepas.lv\/en\/p\/205-60r16-zeta-antarctica-5-96h-xl\/","og_site_name":"MMK Riepas","article_publisher":"https:\/\/www.facebook.com\/mmkserviss\/","article_modified_time":"2026-03-30T11:07:22+00:00","og_image":[{"width":900,"height":720,"url":"https:\/\/mmkriepas.lv\/wp-content\/uploads\/2024\/08\/zeta-antarctica-5.jpg","type":"image\/jpeg"}],"twitter_card":"summary_large_image","twitter_misc":{"Price":"&euro;65.00","Availability":"In stock"},"schema":{"@context":"https:\/\/schema.org","@graph":[{"@type":"WebPage","@id":"https:\/\/mmkriepas.lv\/en\/p\/205-60r16-zeta-antarctica-5-96h-xl\/","url":"https:\/\/mmkriepas.lv\/en\/p\/205-60r16-zeta-antarctica-5-96h-xl\/","name":"205\/60R16 ZETA Antarctica 5 96H XL &#8226; MMK Riepas","isPartOf":{"@id":"https:\/\/mmkriepas.lv\/en\/#website"},"primaryImageOfPage":{"@id":"https:\/\/mmkriepas.lv\/en\/p\/205-60r16-zeta-antarctica-5-96h-xl\/#primaryimage"},"image":{"@id":"https:\/\/mmkriepas.lv\/en\/p\/205-60r16-zeta-antarctica-5-96h-xl\/#primaryimage"},"thumbnailUrl":"https:\/\/mmkriepas.lv\/wp-content\/uploads\/2024\/08\/zeta-antarctica-5.jpg","datePublished":"2025-08-26T07:28:47+00:00","dateModified":"2026-03-30T11:07:22+00:00","breadcrumb":{"@id":"https:\/\/mmkriepas.lv\/en\/p\/205-60r16-zeta-antarctica-5-96h-xl\/#breadcrumb"},"inLanguage":"en-US","potentialAction":[{"@type":"ReadAction","target":["https:\/\/mmkriepas.lv\/en\/p\/205-60r16-zeta-antarctica-5-96h-xl\/"]}]},{"@type":"ImageObject","inLanguage":"en-US","@id":"https:\/\/mmkriepas.lv\/en\/p\/205-60r16-zeta-antarctica-5-96h-xl\/#primaryimage","url":"https:\/\/mmkriepas.lv\/wp-content\/uploads\/2024\/08\/zeta-antarctica-5.jpg","contentUrl":"https:\/\/mmkriepas.lv\/wp-content\/uploads\/2024\/08\/zeta-antarctica-5.jpg","width":900,"height":720,"caption":"MAIN"},{"@type":"BreadcrumbList","@id":"https:\/\/mmkriepas.lv\/en\/p\/205-60r16-zeta-antarctica-5-96h-xl\/#breadcrumb","itemListElement":[{"@type":"ListItem","position":1,"name":"S\u0101kums","item":"https:\/\/mmkriepas.lv\/en\/"},{"@type":"ListItem","position":2,"name":"205\/60R16 ZETA Antarctica 5 96H XL"}]},{"@type":"WebSite","@id":"https:\/\/mmkriepas.lv\/en\/#website","url":"https:\/\/mmkriepas.lv\/en\/","name":"MMK Riepas","description":"MMK Riepas","alternateName":"MMK Riepu Serviss","potentialAction":[{"@type":"SearchAction","target":{"@type":"EntryPoint","urlTemplate":"https:\/\/mmkriepas.lv\/en\/?s={search_term_string}"},"query-input":{"@type":"PropertyValueSpecification","valueRequired":true,"valueName":"search_term_string"}}],"inLanguage":"en-US"},{"@type":"ImageObject","inLanguage":"en-US","@id":"https:\/\/mmkriepas.lv\/en\/p\/205-60r16-zeta-antarctica-5-96h-xl\/#local-main-organization-logo","url":"","contentUrl":"","caption":"MMK Riepas"}]},"product_brand":"Zeta Antarctica 5","product_price_amount":"65.00","product_price_currency":"EUR","og_availability":"instock","product_availability":"instock","product_retailer_item_id":"TW2056016ZETA-51345","product_condition":"new"},"_links":{"self":[{"href":"https:\/\/mmkriepas.lv\/en\/wp-json\/wp\/v2\/product\/1279625","targetHints":{"allow":["GET"]}}],"collection":[{"href":"https:\/\/mmkriepas.lv\/en\/wp-json\/wp\/v2\/product"}],"about":[{"href":"https:\/\/mmkriepas.lv\/en\/wp-json\/wp\/v2\/types\/product"}],"wp:featuredmedia":[{"embeddable":true,"href":"https:\/\/mmkriepas.lv\/en\/wp-json\/wp\/v2\/media\/948391"}],"wp:attachment":[{"href":"https:\/\/mmkriepas.lv\/en\/wp-json\/wp\/v2\/media?parent=1279625"}],"wp:term":[{"taxonomy":"product_brand","embeddable":true,"href":"https:\/\/mmkriepas.lv\/en\/wp-json\/wp\/v2\/product_brand?post=1279625"},{"taxonomy":"product_cat","embeddable":true,"href":"https:\/\/mmkriepas.lv\/en\/wp-json\/wp\/v2\/product_cat?post=1279625"},{"taxonomy":"product_tag","embeddable":true,"href":"https:\/\/mmkriepas.lv\/en\/wp-json\/wp\/v2\/product_tag?post=1279625"}],"curies":[{"name":"wp","href":"https:\/\/api.w.org\/{rel}","templated":true}]}}