{"id":1278917,"date":"2025-08-22T18:21:41","date_gmt":"2025-08-22T15:21:41","guid":{"rendered":"https:\/\/mmkriepas.lv\/?post_type=product&#038;p=1278917"},"modified":"2026-04-03T22:19:57","modified_gmt":"2026-04-03T19:19:57","slug":"265-60r18-zeta-impero-110v","status":"publish","type":"product","link":"https:\/\/mmkriepas.lv\/en\/p\/265-60r18-zeta-impero-110v\/","title":{"rendered":"265\/60R18 ZETA Impero 110V"},"content":{"rendered":"<p class=\"western\" align=\"left\"><span style=\"font-family: Arial, sans-serif;\"><b><span>Zeta Impero<\/span><\/b><span> ir \u013coti labas kvalit\u0101tes, bud\u017eeta klases UHP jeb augstas veiktsp\u0113jas vasaras riepu modelis. Tas izce\u013cas ar teicamiem sa\u0137eres un manevr\u0113tsp\u0113jas r\u0101d\u012bt\u0101jiem pat lielos brauk\u0161anas \u0101trumos. \u0160is vasaras riepu modelis pieejams pla\u0161\u0101 izm\u0113ru kl\u0101st\u0101 no R16 l\u012bdz pat R22. Tas paredz\u0113ts gan sportiska tipa vieglaj\u0101m, gan apvidus automa\u0161\u012bn\u0101m jeb SUV.<\/span><\/span><\/p>\n<h3 class=\"western\"><span style=\"font-family: Arial, sans-serif;\"><span>Zeta Impero galven\u0101s \u012bpa\u0161\u012bbas<\/span><\/span><\/h3>\n<p class=\"western\"><span style=\"font-family: Arial, sans-serif;\"><span>+ \u013boti laba sa\u0137ere uz sausa un slapja asfalta pat liel\u0101 brauk\u0161anas \u0101trum\u0101.<\/span><\/span><\/p>\n<p class=\"western\"><span style=\"font-family: Arial, sans-serif;\"><span>+ Uzlabots riepu gumijas sast\u0101vs.<\/span><\/span><\/p>\n<p class=\"western\"><span style=\"font-family: Arial, sans-serif;\"><span>+ Palielin\u0101ta riepu nodilumiztur\u012bba.<\/span><\/span><\/p>\n<p class=\"western\"><span style=\"font-family: Arial, sans-serif;\"><span>+ Izteikts akustiskais un brauk\u0161anas gaitas komforts.<\/span><\/span><\/p>\n<p class=\"western\"><span style=\"font-family: Arial, sans-serif;\"><span>+ Zems akvaplan\u0113\u0161anas risks.<\/span><\/span><\/p>\n<p class=\"western\"><span style=\"font-family: Arial, sans-serif;\"><span>+ \u013boti laba cenas un veiktsp\u0113jas attiec\u012bba.<\/span><\/span><\/p>\n<h3 class=\"western\"><span style=\"font-family: Arial, sans-serif;\"><span>Impero apr\u012bkojums<\/span><\/span><\/h3>\n<p class=\"western\"><span style=\"font-family: Arial, sans-serif;\"><span>Zeta Impero vasaras riepas apr\u012bkotas ar asimetrisku protektora dizainu. Starp asimetriskaj\u0101m protektora josl\u0101m atrodama augsti att\u012bst\u012bta dren\u0101\u017eas jeb \u016bdens novadkan\u0101lu sist\u0113ma. T\u0101 pal\u012bdz efekt\u012bvi novad\u012bt \u016bdeni no riepu kontakta virsmas ar ce\u013cu, samazinot akvaplan\u0113\u0161anas risku l\u012bdz minimumam pat lielos brauk\u0161anas \u0101trumos.<\/span><\/span><\/p>\n<p class=\"western\"><span style=\"font-family: Arial, sans-serif;\"><span>Asimetriskais protektora joslu izvietojums izveidots t\u0101, lai, nezaud\u0113jot \u016bdensizvades \u012bpa\u0161\u012bbas, samazin\u0101tu brauk\u0161anas trok\u0161\u0146a l\u012bmeni, uzlabojot akustisko komfortu un nodro\u0161inot komfortablu un klusu gaitu.<\/span><\/span><\/p>\n<p class=\"western\"><span style=\"font-family: Arial, sans-serif;\"><span>Sportiskais protektors darin\u0101ts no augstas kvalit\u0101tes, elastrom\u0113riem bag\u0101ta gumijas sakaus\u0113juma. Tam pievienotie \u0137\u012bmiskie elementi vienlaikus uzlabo ne tikai sa\u0137eri un manevr\u0113tsp\u0113ju, bet ar\u012b nodilumiztur\u012bbu.<\/span><\/span><\/p>\n","protected":false},"excerpt":{"rendered":"<p><span style=\"font-family: Arial, sans-serif;\"><b><span>Zeta Impero<\/span><\/b><span> ir \u013coti labas kvalit\u0101tes, bud\u017eeta klases UHP jeb augstas veiktsp\u0113jas vasaras riepu modelis. Tas izce\u013cas ar teicamiem sa\u0137eres un manevr\u0113tsp\u0113jas r\u0101d\u012bt\u0101jiem pat lielos brauk\u0161anas \u0101trumos. \u0160is vasaras riepu modelis pieejams pla\u0161\u0101 izm\u0113ru kl\u0101st\u0101 no R16 l\u012bdz pat R22. Tas paredz\u0113ts gan sportiska tipa vieglaj\u0101m, gan apvidus automa\u0161\u012bn\u0101m jeb SUV.<\/span><\/span><\/p>\n","protected":false},"featured_media":1456354,"template":"","meta":{"_acf_changed":false,"ngg_post_thumbnail":0},"product_brand":[],"product_cat":[46],"product_tag":[],"class_list":{"0":"post-1278917","1":"product","2":"type-product","3":"status-publish","4":"has-post-thumbnail","6":"product_cat-vasaras-riepas","8":"first","9":"instock","10":"sale","11":"taxable","12":"shipping-taxable","13":"purchasable","14":"product-type-simple"},"acf":[],"yoast_head":"<!-- This site is optimized with the Yoast SEO Premium plugin v22.6 (Yoast SEO v27.3) - https:\/\/yoast.com\/product\/yoast-seo-premium-wordpress\/ -->\n<title>265\/60R18 ZETA Impero 110V &#8226; MMK Riepas<\/title>\n<meta name=\"robots\" content=\"index, follow, max-snippet:-1, max-image-preview:large, max-video-preview:-1\" \/>\n<link rel=\"canonical\" href=\"https:\/\/mmkriepas.lv\/en\/p\/265-60r18-zeta-impero-110v\/\" \/>\n<meta property=\"og:locale\" content=\"en_US\" \/>\n<meta property=\"og:type\" content=\"article\" \/>\n<meta property=\"og:title\" content=\"265\/60R18 ZETA Impero 110V\" \/>\n<meta property=\"og:description\" content=\"Zeta Impero ir \u013coti labas kvalit\u0101tes, bud\u017eeta klases UHP jeb augstas veiktsp\u0113jas vasaras riepu modelis. Tas izce\u013cas ar teicamiem sa\u0137eres un manevr\u0113tsp\u0113jas r\u0101d\u012bt\u0101jiem pat lielos brauk\u0161anas \u0101trumos. \u0160is vasaras riepu modelis pieejams pla\u0161\u0101 izm\u0113ru kl\u0101st\u0101 no R16 l\u012bdz pat R22. Tas paredz\u0113ts gan sportiska tipa vieglaj\u0101m, gan apvidus automa\u0161\u012bn\u0101m jeb SUV.\" \/>\n<meta property=\"og:url\" content=\"https:\/\/mmkriepas.lv\/en\/p\/265-60r18-zeta-impero-110v\/\" \/>\n<meta property=\"og:site_name\" content=\"MMK Riepas\" \/>\n<meta property=\"article:publisher\" content=\"https:\/\/www.facebook.com\/mmkserviss\/\" \/>\n<meta property=\"article:modified_time\" content=\"2026-04-03T19:19:57+00:00\" \/>\n<meta property=\"og:image\" content=\"https:\/\/mmkriepas.lv\/wp-content\/uploads\/2026\/03\/21565r17-zeta-impero-99v-vasaras-riepas.jpg\" \/>\n\t<meta property=\"og:image:width\" content=\"1920\" \/>\n\t<meta property=\"og:image:height\" content=\"1440\" \/>\n\t<meta property=\"og:image:type\" content=\"image\/jpeg\" \/>\n<meta name=\"twitter:card\" content=\"summary_large_image\" \/>\n<meta name=\"twitter:label1\" content=\"Price\" \/>\n\t<meta name=\"twitter:data1\" content=\"&euro;97.00\" \/>\n\t<meta name=\"twitter:label2\" content=\"Availability\" \/>\n\t<meta name=\"twitter:data2\" content=\"In stock\" \/>\n<script type=\"application\/ld+json\" class=\"yoast-schema-graph\">{\"@context\":\"https:\\\/\\\/schema.org\",\"@graph\":[{\"@type\":\"WebPage\",\"@id\":\"https:\\\/\\\/mmkriepas.lv\\\/en\\\/p\\\/265-60r18-zeta-impero-110v\\\/\",\"url\":\"https:\\\/\\\/mmkriepas.lv\\\/en\\\/p\\\/265-60r18-zeta-impero-110v\\\/\",\"name\":\"265\\\/60R18 ZETA Impero 110V &#8226; MMK Riepas\",\"isPartOf\":{\"@id\":\"https:\\\/\\\/mmkriepas.lv\\\/en\\\/#website\"},\"primaryImageOfPage\":{\"@id\":\"https:\\\/\\\/mmkriepas.lv\\\/en\\\/p\\\/265-60r18-zeta-impero-110v\\\/#primaryimage\"},\"image\":{\"@id\":\"https:\\\/\\\/mmkriepas.lv\\\/en\\\/p\\\/265-60r18-zeta-impero-110v\\\/#primaryimage\"},\"thumbnailUrl\":\"https:\\\/\\\/mmkriepas.lv\\\/wp-content\\\/uploads\\\/2026\\\/03\\\/21565r17-zeta-impero-99v-vasaras-riepas.jpg\",\"datePublished\":\"2025-08-22T15:21:41+00:00\",\"dateModified\":\"2026-04-03T19:19:57+00:00\",\"breadcrumb\":{\"@id\":\"https:\\\/\\\/mmkriepas.lv\\\/en\\\/p\\\/265-60r18-zeta-impero-110v\\\/#breadcrumb\"},\"inLanguage\":\"en-US\",\"potentialAction\":[{\"@type\":\"ReadAction\",\"target\":[\"https:\\\/\\\/mmkriepas.lv\\\/en\\\/p\\\/265-60r18-zeta-impero-110v\\\/\"]}]},{\"@type\":\"ImageObject\",\"inLanguage\":\"en-US\",\"@id\":\"https:\\\/\\\/mmkriepas.lv\\\/en\\\/p\\\/265-60r18-zeta-impero-110v\\\/#primaryimage\",\"url\":\"https:\\\/\\\/mmkriepas.lv\\\/wp-content\\\/uploads\\\/2026\\\/03\\\/21565r17-zeta-impero-99v-vasaras-riepas.jpg\",\"contentUrl\":\"https:\\\/\\\/mmkriepas.lv\\\/wp-content\\\/uploads\\\/2026\\\/03\\\/21565r17-zeta-impero-99v-vasaras-riepas.jpg\",\"width\":1920,\"height\":1440,\"caption\":\"215\\\/65R17 ZETA Impero 99V - Vasaras riepas\"},{\"@type\":\"BreadcrumbList\",\"@id\":\"https:\\\/\\\/mmkriepas.lv\\\/en\\\/p\\\/265-60r18-zeta-impero-110v\\\/#breadcrumb\",\"itemListElement\":[{\"@type\":\"ListItem\",\"position\":1,\"name\":\"S\u0101kums\",\"item\":\"https:\\\/\\\/mmkriepas.lv\\\/en\\\/\"},{\"@type\":\"ListItem\",\"position\":2,\"name\":\"265\\\/60R18 ZETA Impero 110V\"}]},{\"@type\":\"WebSite\",\"@id\":\"https:\\\/\\\/mmkriepas.lv\\\/en\\\/#website\",\"url\":\"https:\\\/\\\/mmkriepas.lv\\\/en\\\/\",\"name\":\"MMK Riepas\",\"description\":\"MMK Riepas\",\"alternateName\":\"MMK Riepu Serviss\",\"potentialAction\":[{\"@type\":\"SearchAction\",\"target\":{\"@type\":\"EntryPoint\",\"urlTemplate\":\"https:\\\/\\\/mmkriepas.lv\\\/en\\\/?s={search_term_string}\"},\"query-input\":{\"@type\":\"PropertyValueSpecification\",\"valueRequired\":true,\"valueName\":\"search_term_string\"}}],\"inLanguage\":\"en-US\"},{\"@type\":\"ImageObject\",\"inLanguage\":\"en-US\",\"@id\":\"https:\\\/\\\/mmkriepas.lv\\\/en\\\/p\\\/265-60r18-zeta-impero-110v\\\/#local-main-organization-logo\",\"url\":\"\",\"contentUrl\":\"\",\"caption\":\"MMK Riepas\"}]}<\/script>\n<meta property=\"product:brand\" content=\"Zeta Impero\" \/>\n<meta property=\"product:price:amount\" content=\"97.00\" \/>\n<meta property=\"product:price:currency\" content=\"EUR\" \/>\n<meta property=\"og:availability\" content=\"instock\" \/>\n<meta property=\"product:availability\" content=\"instock\" \/>\n<meta property=\"product:retailer_item_id\" content=\"TS2656018ZETA-51340\" \/>\n<meta property=\"product:condition\" content=\"new\" \/>\n<!-- \/ Yoast SEO Premium plugin. -->","yoast_head_json":{"title":"265\/60R18 ZETA Impero 110V &#8226; MMK Riepas","robots":{"index":"index","follow":"follow","max-snippet":"max-snippet:-1","max-image-preview":"max-image-preview:large","max-video-preview":"max-video-preview:-1"},"canonical":"https:\/\/mmkriepas.lv\/en\/p\/265-60r18-zeta-impero-110v\/","og_locale":"en_US","og_type":"article","og_title":"265\/60R18 ZETA Impero 110V","og_description":"Zeta Impero ir \u013coti labas kvalit\u0101tes, bud\u017eeta klases UHP jeb augstas veiktsp\u0113jas vasaras riepu modelis. Tas izce\u013cas ar teicamiem sa\u0137eres un manevr\u0113tsp\u0113jas r\u0101d\u012bt\u0101jiem pat lielos brauk\u0161anas \u0101trumos. \u0160is vasaras riepu modelis pieejams pla\u0161\u0101 izm\u0113ru kl\u0101st\u0101 no R16 l\u012bdz pat R22. Tas paredz\u0113ts gan sportiska tipa vieglaj\u0101m, gan apvidus automa\u0161\u012bn\u0101m jeb SUV.","og_url":"https:\/\/mmkriepas.lv\/en\/p\/265-60r18-zeta-impero-110v\/","og_site_name":"MMK Riepas","article_publisher":"https:\/\/www.facebook.com\/mmkserviss\/","article_modified_time":"2026-04-03T19:19:57+00:00","og_image":[{"width":1920,"height":1440,"url":"https:\/\/mmkriepas.lv\/wp-content\/uploads\/2026\/03\/21565r17-zeta-impero-99v-vasaras-riepas.jpg","type":"image\/jpeg"}],"twitter_card":"summary_large_image","twitter_misc":{"Price":"&euro;97.00","Availability":"In stock"},"schema":{"@context":"https:\/\/schema.org","@graph":[{"@type":"WebPage","@id":"https:\/\/mmkriepas.lv\/en\/p\/265-60r18-zeta-impero-110v\/","url":"https:\/\/mmkriepas.lv\/en\/p\/265-60r18-zeta-impero-110v\/","name":"265\/60R18 ZETA Impero 110V &#8226; MMK Riepas","isPartOf":{"@id":"https:\/\/mmkriepas.lv\/en\/#website"},"primaryImageOfPage":{"@id":"https:\/\/mmkriepas.lv\/en\/p\/265-60r18-zeta-impero-110v\/#primaryimage"},"image":{"@id":"https:\/\/mmkriepas.lv\/en\/p\/265-60r18-zeta-impero-110v\/#primaryimage"},"thumbnailUrl":"https:\/\/mmkriepas.lv\/wp-content\/uploads\/2026\/03\/21565r17-zeta-impero-99v-vasaras-riepas.jpg","datePublished":"2025-08-22T15:21:41+00:00","dateModified":"2026-04-03T19:19:57+00:00","breadcrumb":{"@id":"https:\/\/mmkriepas.lv\/en\/p\/265-60r18-zeta-impero-110v\/#breadcrumb"},"inLanguage":"en-US","potentialAction":[{"@type":"ReadAction","target":["https:\/\/mmkriepas.lv\/en\/p\/265-60r18-zeta-impero-110v\/"]}]},{"@type":"ImageObject","inLanguage":"en-US","@id":"https:\/\/mmkriepas.lv\/en\/p\/265-60r18-zeta-impero-110v\/#primaryimage","url":"https:\/\/mmkriepas.lv\/wp-content\/uploads\/2026\/03\/21565r17-zeta-impero-99v-vasaras-riepas.jpg","contentUrl":"https:\/\/mmkriepas.lv\/wp-content\/uploads\/2026\/03\/21565r17-zeta-impero-99v-vasaras-riepas.jpg","width":1920,"height":1440,"caption":"215\/65R17 ZETA Impero 99V - Vasaras riepas"},{"@type":"BreadcrumbList","@id":"https:\/\/mmkriepas.lv\/en\/p\/265-60r18-zeta-impero-110v\/#breadcrumb","itemListElement":[{"@type":"ListItem","position":1,"name":"S\u0101kums","item":"https:\/\/mmkriepas.lv\/en\/"},{"@type":"ListItem","position":2,"name":"265\/60R18 ZETA Impero 110V"}]},{"@type":"WebSite","@id":"https:\/\/mmkriepas.lv\/en\/#website","url":"https:\/\/mmkriepas.lv\/en\/","name":"MMK Riepas","description":"MMK Riepas","alternateName":"MMK Riepu Serviss","potentialAction":[{"@type":"SearchAction","target":{"@type":"EntryPoint","urlTemplate":"https:\/\/mmkriepas.lv\/en\/?s={search_term_string}"},"query-input":{"@type":"PropertyValueSpecification","valueRequired":true,"valueName":"search_term_string"}}],"inLanguage":"en-US"},{"@type":"ImageObject","inLanguage":"en-US","@id":"https:\/\/mmkriepas.lv\/en\/p\/265-60r18-zeta-impero-110v\/#local-main-organization-logo","url":"","contentUrl":"","caption":"MMK Riepas"}]},"product_brand":"Zeta Impero","product_price_amount":"97.00","product_price_currency":"EUR","og_availability":"instock","product_availability":"instock","product_retailer_item_id":"TS2656018ZETA-51340","product_condition":"new"},"_links":{"self":[{"href":"https:\/\/mmkriepas.lv\/en\/wp-json\/wp\/v2\/product\/1278917","targetHints":{"allow":["GET"]}}],"collection":[{"href":"https:\/\/mmkriepas.lv\/en\/wp-json\/wp\/v2\/product"}],"about":[{"href":"https:\/\/mmkriepas.lv\/en\/wp-json\/wp\/v2\/types\/product"}],"wp:featuredmedia":[{"embeddable":true,"href":"https:\/\/mmkriepas.lv\/en\/wp-json\/wp\/v2\/media\/1456354"}],"wp:attachment":[{"href":"https:\/\/mmkriepas.lv\/en\/wp-json\/wp\/v2\/media?parent=1278917"}],"wp:term":[{"taxonomy":"product_brand","embeddable":true,"href":"https:\/\/mmkriepas.lv\/en\/wp-json\/wp\/v2\/product_brand?post=1278917"},{"taxonomy":"product_cat","embeddable":true,"href":"https:\/\/mmkriepas.lv\/en\/wp-json\/wp\/v2\/product_cat?post=1278917"},{"taxonomy":"product_tag","embeddable":true,"href":"https:\/\/mmkriepas.lv\/en\/wp-json\/wp\/v2\/product_tag?post=1278917"}],"curies":[{"name":"wp","href":"https:\/\/api.w.org\/{rel}","templated":true}]}}