{"id":1272841,"date":"2025-08-07T08:47:05","date_gmt":"2025-08-07T05:47:05","guid":{"rendered":"https:\/\/mmkriepas.lv\/?post_type=product&#038;p=1272841"},"modified":"2026-03-28T00:24:45","modified_gmt":"2026-03-27T22:24:45","slug":"185-70r14-rockblade-icecruiser-1-88t","status":"publish","type":"product","link":"https:\/\/mmkriepas.lv\/en\/p\/185-70r14-rockblade-icecruiser-1-88t\/","title":{"rendered":"185\/70R14 Rockblade Icecruiser 1 88T"},"content":{"rendered":"<p><strong>Rockblade Icecruiser 1<\/strong> ir ziemas riepu modelis, kas paradz\u0113ts gan kompakt klases, gan vid\u0113j\u0101s un krosoveriem. \u0160is modelis izce\u013cas ar labiem brauk\u0161anas komforta un sa\u0137eres r\u0101d\u012bt\u0101jiem gan uz slapja asfalta, gan ar\u012b snieg\u0101 un pat uz ledus.<\/p>\n<p><strong>Rockblade Icecruiser 1 galven\u0101s iez\u012bmes<\/strong><\/p>\n<p>+ Laba veiktsp\u0113ja snieg\u0101, pateicoties virzienveida protektora rakstam.<\/p>\n<p>+ Augsti att\u012bst\u012bta dren\u0101\u017eas kan\u0101lu sist\u0113ma, kas at\u013cauj efekt\u012bvi novad\u012bt \u016bdeni un sniegu no sa\u0137eres virsmas, mazinot akvaplan\u0113\u0161anas risku.<\/p>\n<p>+ Uzlabots gumijas sast\u0101vs, kas papildin\u0101ts ar elastrom\u0113riem, \u013caujot riepai saglab\u0101t elastibu zem\u0101s gaisa temperat\u016br\u0101s.<\/p>\n<p>+ Labs akustiskais un brauk\u0161anas gaitas komforts.<\/p>\n<p><strong>Icecruiser 1 apr\u012bkojums<\/strong><\/p>\n<p><strong>Rockblade Icecruiser 1<\/strong> modelis apr\u012bkots ar virz\u012bta stila protektora rakstu, kas darin\u0101ts no augstas kvalit\u0101tes, elastrom\u0113riem bag\u0101ta gumijas mais\u012bjuma.<\/p>\n<p>Starp protektora blokiem atrodama att\u012bst\u012bta dren\u0101\u017eas kan\u0101lu sist\u0113ma, kas pal\u012bdz atbr\u012bvot kontakta virsmuar ce\u013cu no \u016bdens un sniega<\/p>\n<p>Mas\u012bvajos protektora blokos bl\u012bvi iestr\u0101d\u0101ti vair\u0101ki t\u016bksto\u0161i lame\u013cu, kuras veido sa\u0137eri ar ledu un sabliet\u0113tu sniegu, slidenaj\u0101s virsm\u0101 iec\u0113rtoties ar as\u0101m kant\u0113m.<\/p>\n","protected":false},"excerpt":{"rendered":"<p><strong>Rockblade Icecruiser 1<\/strong> ir ziemas riepu modelis, kas paradz\u0113ts gan kompakt klases, gan vid\u0113j\u0101s un krosoveriem. \u0160is modelis izce\u013cas ar labiem brauk\u0161anas komforta un sa\u0137eres r\u0101d\u012bt\u0101jiem gan uz slapja asfalta, gan ar\u012b snieg\u0101 un pat uz ledus.<\/p>\n","protected":false},"featured_media":834410,"template":"","meta":{"_acf_changed":false,"ngg_post_thumbnail":0},"product_brand":[],"product_cat":[47,45],"product_tag":[],"class_list":{"0":"post-1272841","1":"product","2":"type-product","3":"status-publish","4":"has-post-thumbnail","6":"product_cat-vissezonas-riepas","7":"product_cat-ziemas-riepas","9":"first","10":"instock","11":"sale","12":"taxable","13":"shipping-taxable","14":"purchasable","15":"product-type-simple"},"acf":[],"yoast_head":"<!-- This site is optimized with the Yoast SEO Premium plugin v22.6 (Yoast SEO v27.3) - https:\/\/yoast.com\/product\/yoast-seo-premium-wordpress\/ -->\n<title>185\/70R14 Rockblade Icecruiser 1 88T &#8226; MMK Riepas<\/title>\n<meta name=\"robots\" content=\"index, follow, max-snippet:-1, max-image-preview:large, max-video-preview:-1\" \/>\n<link rel=\"canonical\" href=\"https:\/\/mmkriepas.lv\/en\/p\/185-70r14-rockblade-icecruiser-1-88t\/\" \/>\n<meta property=\"og:locale\" content=\"en_US\" \/>\n<meta property=\"og:type\" content=\"article\" \/>\n<meta property=\"og:title\" content=\"185\/70R14 Rockblade Icecruiser 1 88T\" \/>\n<meta property=\"og:description\" content=\"Rockblade Icecruiser 1 ir ziemas riepu modelis, kas paradz\u0113ts gan kompakt klases, gan vid\u0113j\u0101s un krosoveriem. \u0160is modelis izce\u013cas ar labiem brauk\u0161anas komforta un sa\u0137eres r\u0101d\u012bt\u0101jiem gan uz slapja asfalta, gan ar\u012b snieg\u0101 un pat uz ledus.\" \/>\n<meta property=\"og:url\" content=\"https:\/\/mmkriepas.lv\/en\/p\/185-70r14-rockblade-icecruiser-1-88t\/\" \/>\n<meta property=\"og:site_name\" content=\"MMK Riepas\" \/>\n<meta property=\"article:publisher\" content=\"https:\/\/www.facebook.com\/mmkserviss\/\" \/>\n<meta property=\"article:modified_time\" content=\"2026-03-27T22:24:45+00:00\" \/>\n<meta property=\"og:image\" content=\"https:\/\/mmkriepas.lv\/wp-content\/uploads\/2023\/12\/17570r13-rockblade-icecruiser-1-82t-ziemas-riepas-6.jpeg\" \/>\n\t<meta property=\"og:image:width\" content=\"1920\" \/>\n\t<meta property=\"og:image:height\" content=\"1440\" \/>\n\t<meta property=\"og:image:type\" content=\"image\/jpeg\" \/>\n<meta name=\"twitter:card\" content=\"summary_large_image\" \/>\n<meta name=\"twitter:label1\" content=\"Price\" \/>\n\t<meta name=\"twitter:data1\" content=\"&euro;34.00\" \/>\n\t<meta name=\"twitter:label2\" content=\"Availability\" \/>\n\t<meta name=\"twitter:data2\" content=\"In stock\" \/>\n<script type=\"application\/ld+json\" class=\"yoast-schema-graph\">{\"@context\":\"https:\\\/\\\/schema.org\",\"@graph\":[{\"@type\":\"WebPage\",\"@id\":\"https:\\\/\\\/mmkriepas.lv\\\/en\\\/p\\\/185-70r14-rockblade-icecruiser-1-88t\\\/\",\"url\":\"https:\\\/\\\/mmkriepas.lv\\\/en\\\/p\\\/185-70r14-rockblade-icecruiser-1-88t\\\/\",\"name\":\"185\\\/70R14 Rockblade Icecruiser 1 88T &#8226; MMK Riepas\",\"isPartOf\":{\"@id\":\"https:\\\/\\\/mmkriepas.lv\\\/en\\\/#website\"},\"primaryImageOfPage\":{\"@id\":\"https:\\\/\\\/mmkriepas.lv\\\/en\\\/p\\\/185-70r14-rockblade-icecruiser-1-88t\\\/#primaryimage\"},\"image\":{\"@id\":\"https:\\\/\\\/mmkriepas.lv\\\/en\\\/p\\\/185-70r14-rockblade-icecruiser-1-88t\\\/#primaryimage\"},\"thumbnailUrl\":\"https:\\\/\\\/mmkriepas.lv\\\/wp-content\\\/uploads\\\/2023\\\/12\\\/17570r13-rockblade-icecruiser-1-82t-ziemas-riepas-6.jpeg\",\"datePublished\":\"2025-08-07T05:47:05+00:00\",\"dateModified\":\"2026-03-27T22:24:45+00:00\",\"breadcrumb\":{\"@id\":\"https:\\\/\\\/mmkriepas.lv\\\/en\\\/p\\\/185-70r14-rockblade-icecruiser-1-88t\\\/#breadcrumb\"},\"inLanguage\":\"en-US\",\"potentialAction\":[{\"@type\":\"ReadAction\",\"target\":[\"https:\\\/\\\/mmkriepas.lv\\\/en\\\/p\\\/185-70r14-rockblade-icecruiser-1-88t\\\/\"]}]},{\"@type\":\"ImageObject\",\"inLanguage\":\"en-US\",\"@id\":\"https:\\\/\\\/mmkriepas.lv\\\/en\\\/p\\\/185-70r14-rockblade-icecruiser-1-88t\\\/#primaryimage\",\"url\":\"https:\\\/\\\/mmkriepas.lv\\\/wp-content\\\/uploads\\\/2023\\\/12\\\/17570r13-rockblade-icecruiser-1-82t-ziemas-riepas-6.jpeg\",\"contentUrl\":\"https:\\\/\\\/mmkriepas.lv\\\/wp-content\\\/uploads\\\/2023\\\/12\\\/17570r13-rockblade-icecruiser-1-82t-ziemas-riepas-6.jpeg\",\"width\":1920,\"height\":1440,\"caption\":\"175\\\/70R13 Rockblade Icecruiser 1 82T - Vissezonas riepas \\\/ Ziemas riepas\"},{\"@type\":\"BreadcrumbList\",\"@id\":\"https:\\\/\\\/mmkriepas.lv\\\/en\\\/p\\\/185-70r14-rockblade-icecruiser-1-88t\\\/#breadcrumb\",\"itemListElement\":[{\"@type\":\"ListItem\",\"position\":1,\"name\":\"S\u0101kums\",\"item\":\"https:\\\/\\\/mmkriepas.lv\\\/en\\\/\"},{\"@type\":\"ListItem\",\"position\":2,\"name\":\"185\\\/70R14 Rockblade Icecruiser 1 88T\"}]},{\"@type\":\"WebSite\",\"@id\":\"https:\\\/\\\/mmkriepas.lv\\\/en\\\/#website\",\"url\":\"https:\\\/\\\/mmkriepas.lv\\\/en\\\/\",\"name\":\"MMK Riepas\",\"description\":\"MMK Riepas\",\"alternateName\":\"MMK Riepu Serviss\",\"potentialAction\":[{\"@type\":\"SearchAction\",\"target\":{\"@type\":\"EntryPoint\",\"urlTemplate\":\"https:\\\/\\\/mmkriepas.lv\\\/en\\\/?s={search_term_string}\"},\"query-input\":{\"@type\":\"PropertyValueSpecification\",\"valueRequired\":true,\"valueName\":\"search_term_string\"}}],\"inLanguage\":\"en-US\"},{\"@type\":\"ImageObject\",\"inLanguage\":\"en-US\",\"@id\":\"https:\\\/\\\/mmkriepas.lv\\\/en\\\/p\\\/185-70r14-rockblade-icecruiser-1-88t\\\/#local-main-organization-logo\",\"url\":\"\",\"contentUrl\":\"\",\"caption\":\"MMK Riepas\"}]}<\/script>\n<meta property=\"product:brand\" content=\"Rockblade Icecruiser 1\" \/>\n<meta property=\"product:price:amount\" content=\"34.00\" \/>\n<meta property=\"product:price:currency\" content=\"EUR\" \/>\n<meta property=\"og:availability\" content=\"instock\" \/>\n<meta property=\"product:availability\" content=\"instock\" \/>\n<meta property=\"product:retailer_item_id\" content=\"TW1857014ROCKB-51067\" \/>\n<meta property=\"product:condition\" content=\"new\" \/>\n<!-- \/ Yoast SEO Premium plugin. -->","yoast_head_json":{"title":"185\/70R14 Rockblade Icecruiser 1 88T &#8226; MMK Riepas","robots":{"index":"index","follow":"follow","max-snippet":"max-snippet:-1","max-image-preview":"max-image-preview:large","max-video-preview":"max-video-preview:-1"},"canonical":"https:\/\/mmkriepas.lv\/en\/p\/185-70r14-rockblade-icecruiser-1-88t\/","og_locale":"en_US","og_type":"article","og_title":"185\/70R14 Rockblade Icecruiser 1 88T","og_description":"Rockblade Icecruiser 1 ir ziemas riepu modelis, kas paradz\u0113ts gan kompakt klases, gan vid\u0113j\u0101s un krosoveriem. \u0160is modelis izce\u013cas ar labiem brauk\u0161anas komforta un sa\u0137eres r\u0101d\u012bt\u0101jiem gan uz slapja asfalta, gan ar\u012b snieg\u0101 un pat uz ledus.","og_url":"https:\/\/mmkriepas.lv\/en\/p\/185-70r14-rockblade-icecruiser-1-88t\/","og_site_name":"MMK Riepas","article_publisher":"https:\/\/www.facebook.com\/mmkserviss\/","article_modified_time":"2026-03-27T22:24:45+00:00","og_image":[{"width":1920,"height":1440,"url":"https:\/\/mmkriepas.lv\/wp-content\/uploads\/2023\/12\/17570r13-rockblade-icecruiser-1-82t-ziemas-riepas-6.jpeg","type":"image\/jpeg"}],"twitter_card":"summary_large_image","twitter_misc":{"Price":"&euro;34.00","Availability":"In stock"},"schema":{"@context":"https:\/\/schema.org","@graph":[{"@type":"WebPage","@id":"https:\/\/mmkriepas.lv\/en\/p\/185-70r14-rockblade-icecruiser-1-88t\/","url":"https:\/\/mmkriepas.lv\/en\/p\/185-70r14-rockblade-icecruiser-1-88t\/","name":"185\/70R14 Rockblade Icecruiser 1 88T &#8226; MMK Riepas","isPartOf":{"@id":"https:\/\/mmkriepas.lv\/en\/#website"},"primaryImageOfPage":{"@id":"https:\/\/mmkriepas.lv\/en\/p\/185-70r14-rockblade-icecruiser-1-88t\/#primaryimage"},"image":{"@id":"https:\/\/mmkriepas.lv\/en\/p\/185-70r14-rockblade-icecruiser-1-88t\/#primaryimage"},"thumbnailUrl":"https:\/\/mmkriepas.lv\/wp-content\/uploads\/2023\/12\/17570r13-rockblade-icecruiser-1-82t-ziemas-riepas-6.jpeg","datePublished":"2025-08-07T05:47:05+00:00","dateModified":"2026-03-27T22:24:45+00:00","breadcrumb":{"@id":"https:\/\/mmkriepas.lv\/en\/p\/185-70r14-rockblade-icecruiser-1-88t\/#breadcrumb"},"inLanguage":"en-US","potentialAction":[{"@type":"ReadAction","target":["https:\/\/mmkriepas.lv\/en\/p\/185-70r14-rockblade-icecruiser-1-88t\/"]}]},{"@type":"ImageObject","inLanguage":"en-US","@id":"https:\/\/mmkriepas.lv\/en\/p\/185-70r14-rockblade-icecruiser-1-88t\/#primaryimage","url":"https:\/\/mmkriepas.lv\/wp-content\/uploads\/2023\/12\/17570r13-rockblade-icecruiser-1-82t-ziemas-riepas-6.jpeg","contentUrl":"https:\/\/mmkriepas.lv\/wp-content\/uploads\/2023\/12\/17570r13-rockblade-icecruiser-1-82t-ziemas-riepas-6.jpeg","width":1920,"height":1440,"caption":"175\/70R13 Rockblade Icecruiser 1 82T - Vissezonas riepas \/ Ziemas riepas"},{"@type":"BreadcrumbList","@id":"https:\/\/mmkriepas.lv\/en\/p\/185-70r14-rockblade-icecruiser-1-88t\/#breadcrumb","itemListElement":[{"@type":"ListItem","position":1,"name":"S\u0101kums","item":"https:\/\/mmkriepas.lv\/en\/"},{"@type":"ListItem","position":2,"name":"185\/70R14 Rockblade Icecruiser 1 88T"}]},{"@type":"WebSite","@id":"https:\/\/mmkriepas.lv\/en\/#website","url":"https:\/\/mmkriepas.lv\/en\/","name":"MMK Riepas","description":"MMK Riepas","alternateName":"MMK Riepu Serviss","potentialAction":[{"@type":"SearchAction","target":{"@type":"EntryPoint","urlTemplate":"https:\/\/mmkriepas.lv\/en\/?s={search_term_string}"},"query-input":{"@type":"PropertyValueSpecification","valueRequired":true,"valueName":"search_term_string"}}],"inLanguage":"en-US"},{"@type":"ImageObject","inLanguage":"en-US","@id":"https:\/\/mmkriepas.lv\/en\/p\/185-70r14-rockblade-icecruiser-1-88t\/#local-main-organization-logo","url":"","contentUrl":"","caption":"MMK Riepas"}]},"product_brand":"Rockblade Icecruiser 1","product_price_amount":"34.00","product_price_currency":"EUR","og_availability":"instock","product_availability":"instock","product_retailer_item_id":"TW1857014ROCKB-51067","product_condition":"new"},"_links":{"self":[{"href":"https:\/\/mmkriepas.lv\/en\/wp-json\/wp\/v2\/product\/1272841","targetHints":{"allow":["GET"]}}],"collection":[{"href":"https:\/\/mmkriepas.lv\/en\/wp-json\/wp\/v2\/product"}],"about":[{"href":"https:\/\/mmkriepas.lv\/en\/wp-json\/wp\/v2\/types\/product"}],"wp:featuredmedia":[{"embeddable":true,"href":"https:\/\/mmkriepas.lv\/en\/wp-json\/wp\/v2\/media\/834410"}],"wp:attachment":[{"href":"https:\/\/mmkriepas.lv\/en\/wp-json\/wp\/v2\/media?parent=1272841"}],"wp:term":[{"taxonomy":"product_brand","embeddable":true,"href":"https:\/\/mmkriepas.lv\/en\/wp-json\/wp\/v2\/product_brand?post=1272841"},{"taxonomy":"product_cat","embeddable":true,"href":"https:\/\/mmkriepas.lv\/en\/wp-json\/wp\/v2\/product_cat?post=1272841"},{"taxonomy":"product_tag","embeddable":true,"href":"https:\/\/mmkriepas.lv\/en\/wp-json\/wp\/v2\/product_tag?post=1272841"}],"curies":[{"name":"wp","href":"https:\/\/api.w.org\/{rel}","templated":true}]}}