{"id":1272683,"date":"2025-08-06T15:11:06","date_gmt":"2025-08-06T12:11:06","guid":{"rendered":"https:\/\/mmkriepas.lv\/?post_type=product&#038;p=1272683"},"modified":"2026-03-28T00:05:44","modified_gmt":"2026-03-27T22:05:44","slug":"225-65r17-compasal-winterblazer-hp-102t","status":"publish","type":"product","link":"https:\/\/mmkriepas.lv\/en\/p\/225-65r17-compasal-winterblazer-hp-102t\/","title":{"rendered":"225\/65R17 Compasal Winterblazer HP 102T"},"content":{"rendered":"<p style=\"margin: 12.0pt 0cm 12.0pt 0cm;\"><b><span style=\"font-size: 11.0pt; font-family: 'Arial',sans-serif; color: black;\">Compasal Winterblazer HP<\/span><\/b><span style=\"font-size: 11.0pt; font-family: 'Arial',sans-serif; color: black;\"> ir vissezonas\/ziemas riepu modelis, kas izce\u013cas ar augstu veiktsp\u0113ju pla\u0161\u0101 brauk\u0161anas apst\u0101k\u013cu diapazon\u0101, k\u0101 ar\u012b teicamu cenas un veiktsp\u0113jas attiec\u012bbu. Vissezonas un ziemas riep\u0101m rakstur\u012bgais virzienveida protektora raksts nodro\u0161ina uzlabotus sa\u0137eres r\u0101d\u012bt\u0101jus ar irden\u0101m ce\u013ca virsm\u0101m &#8211; sniegu, granti un smilt\u012bm.<\/span><o:p><\/o:p><\/p>\n<h3 style=\"margin: 14.0pt 0cm 4.0pt 0cm;\"><span style=\"font-size: 13.0pt; font-family: 'Arial',sans-serif; color: black;\">Compasal Winterblazer HP galven\u0101s iez\u012bmes<\/span><o:p><\/o:p><\/h3>\n<p style=\"margin: 12.0pt 0cm 12.0pt 0cm;\"><span style=\"font-size: 11.0pt; font-family: 'Arial',sans-serif; color: black;\">+ Teicama sa\u0137ere un brauk\u0161anas komforts gan ziem\u0101, gan vasar\u0101,<\/span><o:p><\/o:p><\/p>\n<p style=\"margin: 12.0pt 0cm 12.0pt 0cm;\"><span style=\"font-size: 11.0pt; font-family: 'Arial',sans-serif; color: black;\">+ Zems degvielas pat\u0113ri\u0146\u0161!<\/span><o:p><\/o:p><\/p>\n<p style=\"margin: 12.0pt 0cm 12.0pt 0cm;\"><span style=\"font-size: 11.0pt; font-family: 'Arial',sans-serif; color: black;\">+ Pazemin\u0101ts akvaplan\u0113\u0161anas risks,<\/span><o:p><\/o:p><\/p>\n<p style=\"margin: 12.0pt 0cm 12.0pt 0cm;\"><span style=\"font-size: 11.0pt; font-family: 'Arial',sans-serif; color: black;\">+ Paaugstin\u0101ta nodilumiztur\u012bba,<\/span><o:p><\/o:p><\/p>\n<p style=\"margin: 12.0pt 0cm 12.0pt 0cm;\"><span style=\"font-size: 11.0pt; font-family: 'Arial',sans-serif; color: black;\">+ Teicams cenas un veiktsp\u0113jas koeficents.<\/span><o:p><\/o:p><\/p>\n<h3 style=\"margin: 14.0pt 0cm 4.0pt 0cm;\"><span style=\"font-size: 13.0pt; font-family: 'Arial',sans-serif; color: black;\">Winterblazer HP apr\u012bkojums<\/span><o:p><\/o:p><\/h3>\n<p style=\"margin: 12.0pt 0cm 12.0pt 0cm;\"><b><span style=\"font-size: 11.0pt; font-family: 'Arial',sans-serif; color: black;\">Compasal Winterblazer HP <\/span><\/b><span style=\"font-size: 11.0pt; font-family: 'Arial',sans-serif; color: black;\">m+s\/ziemas riepas apr\u012bkotas ar ziemas riep\u0101m rakstur\u012bgo un desmitgad\u0113m p\u0101rbaud\u012bto virzienveida protektoru. T\u0101 V formas protektora blokos iestr\u0101d\u0101tas lameles, kas b\u016btiski uzlabo sa\u0137eri ar ledu un sabliet\u0113tu sniegu.<\/span><o:p><\/o:p><\/p>\n<p style=\"margin: 12.0pt 0cm 12.0pt 0cm;\"><span style=\"font-size: 11.0pt; font-family: 'Arial',sans-serif; color: black;\">Starp protektora blokiem izvietota augsti att\u012bst\u012bta \u016bdens novadan\u0101lu sist\u0113ma. T\u0101 efekt\u012bvi atbr\u012bvo riepas sa\u0137eres laukumu ar ce\u013cu no \u016bdens, samazinot akvaplan\u0113\u0161anas risku.<\/span><o:p><\/o:p><\/p>\n<p style=\"margin: 12.0pt 0cm 12.0pt 0cm;\"><b><span style=\"font-size: 11.0pt; font-family: 'Arial',sans-serif; color: black;\">Compasal Winterblazer HP<\/span><\/b><span style=\"font-size: 11.0pt; font-family: 'Arial',sans-serif; color: black;\"> pamat\u0101 izmantots \u012bpa\u0161i iztur\u012bgs karkass, kas iet\u0113rpts nodilumiztur\u012bg\u0101 un elast\u012bg\u0101 gumijas sakaus\u0113jum\u0101. Tas uzlabo riepas ilgtsp\u0113j\u012bbu un nodro\u0161ina lab\u0101kas sa\u0137eres \u012bpa\u0161\u012bbas ar sliden\u0101m ce\u013ca virsm\u0101m.<\/span><\/p>\n","protected":false},"excerpt":{"rendered":"<p><b><span style=\"font-size: 11.0pt; font-family: 'Arial',sans-serif; color: black;\">Compasal Winterblazer HP<\/span><\/b><span style=\"font-size: 11.0pt; font-family: 'Arial',sans-serif; color: black;\"> ir vissezonas\/ziemas riepu modelis, kas izce\u013cas ar augstu veiktsp\u0113ju pla\u0161\u0101 brauk\u0161anas apst\u0101k\u013cu diapazon\u0101, k\u0101 ar\u012b teicamu cenas un veiktsp\u0113jas attiec\u012bbu. Vissezonas un ziemas riep\u0101m rakstur\u012bgais virzienveida protektora raksts nodro\u0161ina uzlabotus sa\u0137eres r\u0101d\u012bt\u0101jus ar irden\u0101m ce\u013ca virsm\u0101m &#8211; sniegu, granti un smilt\u012bm.<\/span><\/p>\n","protected":false},"featured_media":276695,"template":"","meta":{"_acf_changed":false,"ngg_post_thumbnail":0},"product_brand":[],"product_cat":[47,45],"product_tag":[],"class_list":{"0":"post-1272683","1":"product","2":"type-product","3":"status-publish","4":"has-post-thumbnail","6":"product_cat-vissezonas-riepas","7":"product_cat-ziemas-riepas","9":"first","10":"instock","11":"sale","12":"taxable","13":"shipping-taxable","14":"purchasable","15":"product-type-simple"},"acf":[],"yoast_head":"<!-- This site is optimized with the Yoast SEO Premium plugin v22.6 (Yoast SEO v27.3) - https:\/\/yoast.com\/product\/yoast-seo-premium-wordpress\/ -->\n<title>225\/65R17 Compasal Winterblazer HP 102T &#8226; MMK Riepas<\/title>\n<meta name=\"robots\" content=\"index, follow, max-snippet:-1, max-image-preview:large, max-video-preview:-1\" \/>\n<link rel=\"canonical\" href=\"https:\/\/mmkriepas.lv\/en\/p\/225-65r17-compasal-winterblazer-hp-102t\/\" \/>\n<meta property=\"og:locale\" content=\"en_US\" \/>\n<meta property=\"og:type\" content=\"article\" \/>\n<meta property=\"og:title\" content=\"225\/65R17 Compasal Winterblazer HP 102T\" \/>\n<meta property=\"og:description\" content=\"Compasal Winterblazer HP ir vissezonas\/ziemas riepu modelis, kas izce\u013cas ar augstu veiktsp\u0113ju pla\u0161\u0101 brauk\u0161anas apst\u0101k\u013cu diapazon\u0101, k\u0101 ar\u012b teicamu cenas un veiktsp\u0113jas attiec\u012bbu. Vissezonas un ziemas riep\u0101m rakstur\u012bgais virzienveida protektora raksts nodro\u0161ina uzlabotus sa\u0137eres r\u0101d\u012bt\u0101jus ar irden\u0101m ce\u013ca virsm\u0101m - sniegu, granti un smilt\u012bm.\" \/>\n<meta property=\"og:url\" content=\"https:\/\/mmkriepas.lv\/en\/p\/225-65r17-compasal-winterblazer-hp-102t\/\" \/>\n<meta property=\"og:site_name\" content=\"MMK Riepas\" \/>\n<meta property=\"article:publisher\" content=\"https:\/\/www.facebook.com\/mmkserviss\/\" \/>\n<meta property=\"article:modified_time\" content=\"2026-03-27T22:05:44+00:00\" \/>\n<meta property=\"og:image\" content=\"https:\/\/mmkriepas.lv\/wp-content\/uploads\/2022\/08\/21565r16-compasal-winterblazer-hp-98h-ziemas-riepas.jpg\" \/>\n\t<meta property=\"og:image:width\" content=\"1920\" \/>\n\t<meta property=\"og:image:height\" content=\"1278\" \/>\n\t<meta property=\"og:image:type\" content=\"image\/jpeg\" \/>\n<meta name=\"twitter:card\" content=\"summary_large_image\" \/>\n<meta name=\"twitter:label1\" content=\"Price\" \/>\n\t<meta name=\"twitter:data1\" content=\"&euro;68.00\" \/>\n\t<meta name=\"twitter:label2\" content=\"Availability\" \/>\n\t<meta name=\"twitter:data2\" content=\"In stock\" \/>\n<script type=\"application\/ld+json\" class=\"yoast-schema-graph\">{\"@context\":\"https:\\\/\\\/schema.org\",\"@graph\":[{\"@type\":\"WebPage\",\"@id\":\"https:\\\/\\\/mmkriepas.lv\\\/en\\\/p\\\/225-65r17-compasal-winterblazer-hp-102t\\\/\",\"url\":\"https:\\\/\\\/mmkriepas.lv\\\/en\\\/p\\\/225-65r17-compasal-winterblazer-hp-102t\\\/\",\"name\":\"225\\\/65R17 Compasal Winterblazer HP 102T &#8226; MMK Riepas\",\"isPartOf\":{\"@id\":\"https:\\\/\\\/mmkriepas.lv\\\/en\\\/#website\"},\"primaryImageOfPage\":{\"@id\":\"https:\\\/\\\/mmkriepas.lv\\\/en\\\/p\\\/225-65r17-compasal-winterblazer-hp-102t\\\/#primaryimage\"},\"image\":{\"@id\":\"https:\\\/\\\/mmkriepas.lv\\\/en\\\/p\\\/225-65r17-compasal-winterblazer-hp-102t\\\/#primaryimage\"},\"thumbnailUrl\":\"https:\\\/\\\/mmkriepas.lv\\\/wp-content\\\/uploads\\\/2022\\\/08\\\/21565r16-compasal-winterblazer-hp-98h-ziemas-riepas.jpg\",\"datePublished\":\"2025-08-06T12:11:06+00:00\",\"dateModified\":\"2026-03-27T22:05:44+00:00\",\"breadcrumb\":{\"@id\":\"https:\\\/\\\/mmkriepas.lv\\\/en\\\/p\\\/225-65r17-compasal-winterblazer-hp-102t\\\/#breadcrumb\"},\"inLanguage\":\"en-US\",\"potentialAction\":[{\"@type\":\"ReadAction\",\"target\":[\"https:\\\/\\\/mmkriepas.lv\\\/en\\\/p\\\/225-65r17-compasal-winterblazer-hp-102t\\\/\"]}]},{\"@type\":\"ImageObject\",\"inLanguage\":\"en-US\",\"@id\":\"https:\\\/\\\/mmkriepas.lv\\\/en\\\/p\\\/225-65r17-compasal-winterblazer-hp-102t\\\/#primaryimage\",\"url\":\"https:\\\/\\\/mmkriepas.lv\\\/wp-content\\\/uploads\\\/2022\\\/08\\\/21565r16-compasal-winterblazer-hp-98h-ziemas-riepas.jpg\",\"contentUrl\":\"https:\\\/\\\/mmkriepas.lv\\\/wp-content\\\/uploads\\\/2022\\\/08\\\/21565r16-compasal-winterblazer-hp-98h-ziemas-riepas.jpg\",\"width\":1920,\"height\":1278,\"caption\":\"215\\\/65R16 Compasal Winterblazer HP 98H - Vissezonas riepas \\\/ Ziemas riepas\"},{\"@type\":\"BreadcrumbList\",\"@id\":\"https:\\\/\\\/mmkriepas.lv\\\/en\\\/p\\\/225-65r17-compasal-winterblazer-hp-102t\\\/#breadcrumb\",\"itemListElement\":[{\"@type\":\"ListItem\",\"position\":1,\"name\":\"S\u0101kums\",\"item\":\"https:\\\/\\\/mmkriepas.lv\\\/en\\\/\"},{\"@type\":\"ListItem\",\"position\":2,\"name\":\"225\\\/65R17 Compasal Winterblazer HP 102T\"}]},{\"@type\":\"WebSite\",\"@id\":\"https:\\\/\\\/mmkriepas.lv\\\/en\\\/#website\",\"url\":\"https:\\\/\\\/mmkriepas.lv\\\/en\\\/\",\"name\":\"MMK Riepas\",\"description\":\"MMK Riepas\",\"alternateName\":\"MMK Riepu Serviss\",\"potentialAction\":[{\"@type\":\"SearchAction\",\"target\":{\"@type\":\"EntryPoint\",\"urlTemplate\":\"https:\\\/\\\/mmkriepas.lv\\\/en\\\/?s={search_term_string}\"},\"query-input\":{\"@type\":\"PropertyValueSpecification\",\"valueRequired\":true,\"valueName\":\"search_term_string\"}}],\"inLanguage\":\"en-US\"},{\"@type\":\"ImageObject\",\"inLanguage\":\"en-US\",\"@id\":\"https:\\\/\\\/mmkriepas.lv\\\/en\\\/p\\\/225-65r17-compasal-winterblazer-hp-102t\\\/#local-main-organization-logo\",\"url\":\"\",\"contentUrl\":\"\",\"caption\":\"MMK Riepas\"}]}<\/script>\n<meta property=\"product:brand\" content=\"Compasal Winterblazer HP\" \/>\n<meta property=\"product:price:amount\" content=\"68.00\" \/>\n<meta property=\"product:price:currency\" content=\"EUR\" \/>\n<meta property=\"og:availability\" content=\"instock\" \/>\n<meta property=\"product:availability\" content=\"instock\" \/>\n<meta property=\"product:retailer_item_id\" content=\"TW2256517COMPA-51028\" \/>\n<meta property=\"product:condition\" content=\"new\" \/>\n<!-- \/ Yoast SEO Premium plugin. -->","yoast_head_json":{"title":"225\/65R17 Compasal Winterblazer HP 102T &#8226; MMK Riepas","robots":{"index":"index","follow":"follow","max-snippet":"max-snippet:-1","max-image-preview":"max-image-preview:large","max-video-preview":"max-video-preview:-1"},"canonical":"https:\/\/mmkriepas.lv\/en\/p\/225-65r17-compasal-winterblazer-hp-102t\/","og_locale":"en_US","og_type":"article","og_title":"225\/65R17 Compasal Winterblazer HP 102T","og_description":"Compasal Winterblazer HP ir vissezonas\/ziemas riepu modelis, kas izce\u013cas ar augstu veiktsp\u0113ju pla\u0161\u0101 brauk\u0161anas apst\u0101k\u013cu diapazon\u0101, k\u0101 ar\u012b teicamu cenas un veiktsp\u0113jas attiec\u012bbu. Vissezonas un ziemas riep\u0101m rakstur\u012bgais virzienveida protektora raksts nodro\u0161ina uzlabotus sa\u0137eres r\u0101d\u012bt\u0101jus ar irden\u0101m ce\u013ca virsm\u0101m - sniegu, granti un smilt\u012bm.","og_url":"https:\/\/mmkriepas.lv\/en\/p\/225-65r17-compasal-winterblazer-hp-102t\/","og_site_name":"MMK Riepas","article_publisher":"https:\/\/www.facebook.com\/mmkserviss\/","article_modified_time":"2026-03-27T22:05:44+00:00","og_image":[{"width":1920,"height":1278,"url":"https:\/\/mmkriepas.lv\/wp-content\/uploads\/2022\/08\/21565r16-compasal-winterblazer-hp-98h-ziemas-riepas.jpg","type":"image\/jpeg"}],"twitter_card":"summary_large_image","twitter_misc":{"Price":"&euro;68.00","Availability":"In stock"},"schema":{"@context":"https:\/\/schema.org","@graph":[{"@type":"WebPage","@id":"https:\/\/mmkriepas.lv\/en\/p\/225-65r17-compasal-winterblazer-hp-102t\/","url":"https:\/\/mmkriepas.lv\/en\/p\/225-65r17-compasal-winterblazer-hp-102t\/","name":"225\/65R17 Compasal Winterblazer HP 102T &#8226; MMK Riepas","isPartOf":{"@id":"https:\/\/mmkriepas.lv\/en\/#website"},"primaryImageOfPage":{"@id":"https:\/\/mmkriepas.lv\/en\/p\/225-65r17-compasal-winterblazer-hp-102t\/#primaryimage"},"image":{"@id":"https:\/\/mmkriepas.lv\/en\/p\/225-65r17-compasal-winterblazer-hp-102t\/#primaryimage"},"thumbnailUrl":"https:\/\/mmkriepas.lv\/wp-content\/uploads\/2022\/08\/21565r16-compasal-winterblazer-hp-98h-ziemas-riepas.jpg","datePublished":"2025-08-06T12:11:06+00:00","dateModified":"2026-03-27T22:05:44+00:00","breadcrumb":{"@id":"https:\/\/mmkriepas.lv\/en\/p\/225-65r17-compasal-winterblazer-hp-102t\/#breadcrumb"},"inLanguage":"en-US","potentialAction":[{"@type":"ReadAction","target":["https:\/\/mmkriepas.lv\/en\/p\/225-65r17-compasal-winterblazer-hp-102t\/"]}]},{"@type":"ImageObject","inLanguage":"en-US","@id":"https:\/\/mmkriepas.lv\/en\/p\/225-65r17-compasal-winterblazer-hp-102t\/#primaryimage","url":"https:\/\/mmkriepas.lv\/wp-content\/uploads\/2022\/08\/21565r16-compasal-winterblazer-hp-98h-ziemas-riepas.jpg","contentUrl":"https:\/\/mmkriepas.lv\/wp-content\/uploads\/2022\/08\/21565r16-compasal-winterblazer-hp-98h-ziemas-riepas.jpg","width":1920,"height":1278,"caption":"215\/65R16 Compasal Winterblazer HP 98H - Vissezonas riepas \/ Ziemas riepas"},{"@type":"BreadcrumbList","@id":"https:\/\/mmkriepas.lv\/en\/p\/225-65r17-compasal-winterblazer-hp-102t\/#breadcrumb","itemListElement":[{"@type":"ListItem","position":1,"name":"S\u0101kums","item":"https:\/\/mmkriepas.lv\/en\/"},{"@type":"ListItem","position":2,"name":"225\/65R17 Compasal Winterblazer HP 102T"}]},{"@type":"WebSite","@id":"https:\/\/mmkriepas.lv\/en\/#website","url":"https:\/\/mmkriepas.lv\/en\/","name":"MMK Riepas","description":"MMK Riepas","alternateName":"MMK Riepu Serviss","potentialAction":[{"@type":"SearchAction","target":{"@type":"EntryPoint","urlTemplate":"https:\/\/mmkriepas.lv\/en\/?s={search_term_string}"},"query-input":{"@type":"PropertyValueSpecification","valueRequired":true,"valueName":"search_term_string"}}],"inLanguage":"en-US"},{"@type":"ImageObject","inLanguage":"en-US","@id":"https:\/\/mmkriepas.lv\/en\/p\/225-65r17-compasal-winterblazer-hp-102t\/#local-main-organization-logo","url":"","contentUrl":"","caption":"MMK Riepas"}]},"product_brand":"Compasal Winterblazer HP","product_price_amount":"68.00","product_price_currency":"EUR","og_availability":"instock","product_availability":"instock","product_retailer_item_id":"TW2256517COMPA-51028","product_condition":"new"},"_links":{"self":[{"href":"https:\/\/mmkriepas.lv\/en\/wp-json\/wp\/v2\/product\/1272683","targetHints":{"allow":["GET"]}}],"collection":[{"href":"https:\/\/mmkriepas.lv\/en\/wp-json\/wp\/v2\/product"}],"about":[{"href":"https:\/\/mmkriepas.lv\/en\/wp-json\/wp\/v2\/types\/product"}],"wp:featuredmedia":[{"embeddable":true,"href":"https:\/\/mmkriepas.lv\/en\/wp-json\/wp\/v2\/media\/276695"}],"wp:attachment":[{"href":"https:\/\/mmkriepas.lv\/en\/wp-json\/wp\/v2\/media?parent=1272683"}],"wp:term":[{"taxonomy":"product_brand","embeddable":true,"href":"https:\/\/mmkriepas.lv\/en\/wp-json\/wp\/v2\/product_brand?post=1272683"},{"taxonomy":"product_cat","embeddable":true,"href":"https:\/\/mmkriepas.lv\/en\/wp-json\/wp\/v2\/product_cat?post=1272683"},{"taxonomy":"product_tag","embeddable":true,"href":"https:\/\/mmkriepas.lv\/en\/wp-json\/wp\/v2\/product_tag?post=1272683"}],"curies":[{"name":"wp","href":"https:\/\/api.w.org\/{rel}","templated":true}]}}