{"id":1272657,"date":"2025-08-06T14:40:22","date_gmt":"2025-08-06T11:40:22","guid":{"rendered":"https:\/\/mmkriepas.lv\/?post_type=product&#038;p=1272657"},"modified":"2026-03-28T00:25:50","modified_gmt":"2026-03-27T22:25:50","slug":"215-65r17-lanvigator-wintergrip-hp-99h","status":"publish","type":"product","link":"https:\/\/mmkriepas.lv\/en\/p\/215-65r17-lanvigator-wintergrip-hp-99h\/","title":{"rendered":"215\/65R17 Lanvigator Wintergrip HP 99H"},"content":{"rendered":"<p><span style=\"font-family: Times New Roman, serif;\"><span style=\"font-size: medium;\"><strong><span style=\"font-family: Arial, sans-serif;\">Lanvigator Wintergrip HP<\/span><\/strong><span style=\"font-family: Arial, sans-serif;\"> ir izcils vissezonas\/ziemas riepu modelis, kas izce\u013cas ar augstu veiktsp\u0113ju pla\u0161\u0101 brauk\u0161anas apst\u0101k\u013cu diapazon\u0101, k\u0101 ar\u012b teicamu cenas un veiktsp\u0113jas attiec\u012bbu. Vissezonas un ziemas riep\u0101m rakstur\u012bgais virzienveida protektora raksts nodro\u0161ina uzlabotus sa\u0137eres r\u0101d\u012bt\u0101jus ar irden\u0101m ce\u013ca virsm\u0101m &#8211; sniegu, granti un smilt\u012bm.<\/span><\/span><\/span><\/p>\n<h3 class=\"western\"><span style=\"font-family: Arial, sans-serif;\">Lanvigator Wintergrip HP galven\u0101s iez\u012bmes<\/span><\/h3>\n<p><span style=\"font-family: Arial, sans-serif;\"><span style=\"font-size: medium;\">+ Izcila sa\u0137ere un brauk\u0161anas komforts gan ziem\u0101, gan vasar\u0101,<\/span><\/span><\/p>\n<p><span style=\"font-family: Arial, sans-serif;\"><span style=\"font-size: medium;\">+ Zems degvielas pat\u0113ri\u0146\u0161!<\/span><\/span><\/p>\n<p><span style=\"font-family: Arial, sans-serif;\"><span style=\"font-size: medium;\">+ Pazemin\u0101ts akvaplan\u0113\u0161anas risks,<\/span><\/span><\/p>\n<p><span style=\"font-family: Arial, sans-serif;\"><span style=\"font-size: medium;\">+ Paaugstin\u0101ta nodilumiztur\u012bba,<\/span><\/span><\/p>\n<p><span style=\"font-family: Arial, sans-serif;\"><span style=\"font-size: medium;\">+ Izcils cenas un veiktsp\u0113jas koeficents.<\/span><\/span><\/p>\n<h3 class=\"western\"><span style=\"font-family: Arial, sans-serif;\">Wintergrip HP apr\u012bkojums<\/span><\/h3>\n<p><span style=\"font-family: Times New Roman, serif;\"><span style=\"font-size: medium;\"><strong><span style=\"font-family: Arial, sans-serif;\">Lanvigator Wintergrip HP<\/span><\/strong><span style=\"font-family: Arial, sans-serif;\"><b> <\/b><\/span><span style=\"font-family: Arial, sans-serif;\">m+s\/ziemas riepas apr\u012bkotas ar ziemas riep\u0101m rakstur\u012bgo un desmitgad\u0113m p\u0101rbaud\u012bto virzienveida protektoru. T\u0101 V formas protektora blokos iestr\u0101d\u0101tas lameles, kas b\u016btiski uzlabo sa\u0137eri ar ledu un sabliet\u0113tu sniegu.<\/span><\/span><\/span><\/p>\n<p><span style=\"font-family: Arial, sans-serif;\"><span style=\"font-size: medium;\">Starp protektora blokiem izvietota augsti att\u012bst\u012bta \u016bdens novadan\u0101lu sist\u0113ma. T\u0101 efekt\u012bvi atbr\u012bvo riepas sa\u0137eres laukumu ar ce\u013cu no \u016bdens, samazinot akvaplan\u0113\u0161anas risku.<\/span><\/span><\/p>\n<p><span style=\"font-family: Times New Roman, serif;\"><span style=\"font-size: medium;\"><strong><span style=\"font-family: Arial, sans-serif;\">Lanvigator Wintergrip HP<\/span><\/strong><span style=\"font-family: Arial, sans-serif;\"> pamat\u0101 izmantots \u012bpa\u0161i iztur\u012bgs karkass, kas iet\u0113rpts nodilumiztur\u012bg\u0101 un elast\u012bg\u0101 gumijas sakaus\u0113jum\u0101. Tas uzlabo riepas ilgtsp\u0113j\u012bbu un nodro\u0161ina lab\u0101kas sa\u0137eres \u012bpa\u0161\u012bbas ar sliden\u0101m ce\u013ca virsm\u0101m.<\/span><\/span><\/span><\/p>\n<p><span style=\"font-family: Arial, sans-serif;\"><span style=\"font-size: medium;\">\u0160is vissezonas\/ziemas riepu modelis piem\u0113rots tiem autobrauc\u0113jiem, kas v\u0113las saglab\u0101t izcilu dro\u0161\u012bbas un komforta l\u012bmeni jebk\u0101dos brauk\u0161anas apst\u0101k\u013cos.<\/span><\/span><\/p>\n","protected":false},"excerpt":{"rendered":"<p><span style=\"font-family: Times New Roman, serif;\"><span style=\"font-size: medium;\"><strong><span style=\"font-family: Arial, sans-serif;\">Lanvigator Wintergrip HP<\/span><\/strong><span style=\"font-family: Arial, sans-serif;\"> ir izcils vissezonas\/ziemas riepu modelis, kas izce\u013cas ar augstu veiktsp\u0113ju pla\u0161\u0101 brauk\u0161anas apst\u0101k\u013cu diapazon\u0101, k\u0101 ar\u012b teicamu cenas un veiktsp\u0113jas attiec\u012bbu. Vissezonas un ziemas riep\u0101m rakstur\u012bgais virzienveida protektora raksts nodro\u0161ina uzlabotus sa\u0137eres r\u0101d\u012bt\u0101jus ar irden\u0101m ce\u013ca virsm\u0101m &#8211; sniegu, granti un smilt\u012bm.<\/span><\/span><\/span><\/p>\n","protected":false},"featured_media":314396,"template":"","meta":{"_acf_changed":false,"ngg_post_thumbnail":0},"product_brand":[],"product_cat":[47,45],"product_tag":[],"class_list":{"0":"post-1272657","1":"product","2":"type-product","3":"status-publish","4":"has-post-thumbnail","6":"product_cat-vissezonas-riepas","7":"product_cat-ziemas-riepas","9":"first","10":"instock","11":"sale","12":"taxable","13":"shipping-taxable","14":"purchasable","15":"product-type-simple"},"acf":[],"yoast_head":"<!-- This site is optimized with the Yoast SEO Premium plugin v22.6 (Yoast SEO v27.3) - https:\/\/yoast.com\/product\/yoast-seo-premium-wordpress\/ -->\n<title>215\/65R17 Lanvigator Wintergrip HP 99H &#8226; MMK Riepas<\/title>\n<meta name=\"robots\" content=\"index, follow, max-snippet:-1, max-image-preview:large, max-video-preview:-1\" \/>\n<link rel=\"canonical\" href=\"https:\/\/mmkriepas.lv\/en\/p\/215-65r17-lanvigator-wintergrip-hp-99h\/\" \/>\n<meta property=\"og:locale\" content=\"en_US\" \/>\n<meta property=\"og:type\" content=\"article\" \/>\n<meta property=\"og:title\" content=\"215\/65R17 Lanvigator Wintergrip HP 99H\" \/>\n<meta property=\"og:description\" content=\"Lanvigator Wintergrip HP ir izcils vissezonas\/ziemas riepu modelis, kas izce\u013cas ar augstu veiktsp\u0113ju pla\u0161\u0101 brauk\u0161anas apst\u0101k\u013cu diapazon\u0101, k\u0101 ar\u012b teicamu cenas un veiktsp\u0113jas attiec\u012bbu. Vissezonas un ziemas riep\u0101m rakstur\u012bgais virzienveida protektora raksts nodro\u0161ina uzlabotus sa\u0137eres r\u0101d\u012bt\u0101jus ar irden\u0101m ce\u013ca virsm\u0101m - sniegu, granti un smilt\u012bm.\" \/>\n<meta property=\"og:url\" content=\"https:\/\/mmkriepas.lv\/en\/p\/215-65r17-lanvigator-wintergrip-hp-99h\/\" \/>\n<meta property=\"og:site_name\" content=\"MMK Riepas\" \/>\n<meta property=\"article:publisher\" content=\"https:\/\/www.facebook.com\/mmkserviss\/\" \/>\n<meta property=\"article:modified_time\" content=\"2026-03-27T22:25:50+00:00\" \/>\n<meta property=\"og:image\" content=\"https:\/\/mmkriepas.lv\/wp-content\/uploads\/2022\/09\/24570r16-lanvigator-wintergrip-hp-111t-xl-ziemas-riepas.jpg\" \/>\n\t<meta property=\"og:image:width\" content=\"1920\" \/>\n\t<meta property=\"og:image:height\" content=\"1278\" \/>\n\t<meta property=\"og:image:type\" content=\"image\/jpeg\" \/>\n<meta name=\"twitter:card\" content=\"summary_large_image\" \/>\n<meta name=\"twitter:label1\" content=\"Price\" \/>\n\t<meta name=\"twitter:data1\" content=\"&euro;55.00\" \/>\n\t<meta name=\"twitter:label2\" content=\"Availability\" \/>\n\t<meta name=\"twitter:data2\" content=\"In stock\" \/>\n<script type=\"application\/ld+json\" class=\"yoast-schema-graph\">{\"@context\":\"https:\\\/\\\/schema.org\",\"@graph\":[{\"@type\":\"WebPage\",\"@id\":\"https:\\\/\\\/mmkriepas.lv\\\/en\\\/p\\\/215-65r17-lanvigator-wintergrip-hp-99h\\\/\",\"url\":\"https:\\\/\\\/mmkriepas.lv\\\/en\\\/p\\\/215-65r17-lanvigator-wintergrip-hp-99h\\\/\",\"name\":\"215\\\/65R17 Lanvigator Wintergrip HP 99H &#8226; MMK Riepas\",\"isPartOf\":{\"@id\":\"https:\\\/\\\/mmkriepas.lv\\\/en\\\/#website\"},\"primaryImageOfPage\":{\"@id\":\"https:\\\/\\\/mmkriepas.lv\\\/en\\\/p\\\/215-65r17-lanvigator-wintergrip-hp-99h\\\/#primaryimage\"},\"image\":{\"@id\":\"https:\\\/\\\/mmkriepas.lv\\\/en\\\/p\\\/215-65r17-lanvigator-wintergrip-hp-99h\\\/#primaryimage\"},\"thumbnailUrl\":\"https:\\\/\\\/mmkriepas.lv\\\/wp-content\\\/uploads\\\/2022\\\/09\\\/24570r16-lanvigator-wintergrip-hp-111t-xl-ziemas-riepas.jpg\",\"datePublished\":\"2025-08-06T11:40:22+00:00\",\"dateModified\":\"2026-03-27T22:25:50+00:00\",\"breadcrumb\":{\"@id\":\"https:\\\/\\\/mmkriepas.lv\\\/en\\\/p\\\/215-65r17-lanvigator-wintergrip-hp-99h\\\/#breadcrumb\"},\"inLanguage\":\"en-US\",\"potentialAction\":[{\"@type\":\"ReadAction\",\"target\":[\"https:\\\/\\\/mmkriepas.lv\\\/en\\\/p\\\/215-65r17-lanvigator-wintergrip-hp-99h\\\/\"]}]},{\"@type\":\"ImageObject\",\"inLanguage\":\"en-US\",\"@id\":\"https:\\\/\\\/mmkriepas.lv\\\/en\\\/p\\\/215-65r17-lanvigator-wintergrip-hp-99h\\\/#primaryimage\",\"url\":\"https:\\\/\\\/mmkriepas.lv\\\/wp-content\\\/uploads\\\/2022\\\/09\\\/24570r16-lanvigator-wintergrip-hp-111t-xl-ziemas-riepas.jpg\",\"contentUrl\":\"https:\\\/\\\/mmkriepas.lv\\\/wp-content\\\/uploads\\\/2022\\\/09\\\/24570r16-lanvigator-wintergrip-hp-111t-xl-ziemas-riepas.jpg\",\"width\":1920,\"height\":1278,\"caption\":\"Lanvigator Wintergrip HP\"},{\"@type\":\"BreadcrumbList\",\"@id\":\"https:\\\/\\\/mmkriepas.lv\\\/en\\\/p\\\/215-65r17-lanvigator-wintergrip-hp-99h\\\/#breadcrumb\",\"itemListElement\":[{\"@type\":\"ListItem\",\"position\":1,\"name\":\"S\u0101kums\",\"item\":\"https:\\\/\\\/mmkriepas.lv\\\/en\\\/\"},{\"@type\":\"ListItem\",\"position\":2,\"name\":\"215\\\/65R17 Lanvigator Wintergrip HP 99H\"}]},{\"@type\":\"WebSite\",\"@id\":\"https:\\\/\\\/mmkriepas.lv\\\/en\\\/#website\",\"url\":\"https:\\\/\\\/mmkriepas.lv\\\/en\\\/\",\"name\":\"MMK Riepas\",\"description\":\"MMK Riepas\",\"alternateName\":\"MMK Riepu Serviss\",\"potentialAction\":[{\"@type\":\"SearchAction\",\"target\":{\"@type\":\"EntryPoint\",\"urlTemplate\":\"https:\\\/\\\/mmkriepas.lv\\\/en\\\/?s={search_term_string}\"},\"query-input\":{\"@type\":\"PropertyValueSpecification\",\"valueRequired\":true,\"valueName\":\"search_term_string\"}}],\"inLanguage\":\"en-US\"},{\"@type\":\"ImageObject\",\"inLanguage\":\"en-US\",\"@id\":\"https:\\\/\\\/mmkriepas.lv\\\/en\\\/p\\\/215-65r17-lanvigator-wintergrip-hp-99h\\\/#local-main-organization-logo\",\"url\":\"\",\"contentUrl\":\"\",\"caption\":\"MMK Riepas\"}]}<\/script>\n<meta property=\"product:brand\" content=\"Lanvigator Wintergrip HP\" \/>\n<meta property=\"product:price:amount\" content=\"55.00\" \/>\n<meta property=\"product:price:currency\" content=\"EUR\" \/>\n<meta property=\"og:availability\" content=\"instock\" \/>\n<meta property=\"product:availability\" content=\"instock\" \/>\n<meta property=\"product:retailer_item_id\" content=\"TW2156517LANVI-51023\" \/>\n<meta property=\"product:condition\" content=\"new\" \/>\n<!-- \/ Yoast SEO Premium plugin. -->","yoast_head_json":{"title":"215\/65R17 Lanvigator Wintergrip HP 99H &#8226; MMK Riepas","robots":{"index":"index","follow":"follow","max-snippet":"max-snippet:-1","max-image-preview":"max-image-preview:large","max-video-preview":"max-video-preview:-1"},"canonical":"https:\/\/mmkriepas.lv\/en\/p\/215-65r17-lanvigator-wintergrip-hp-99h\/","og_locale":"en_US","og_type":"article","og_title":"215\/65R17 Lanvigator Wintergrip HP 99H","og_description":"Lanvigator Wintergrip HP ir izcils vissezonas\/ziemas riepu modelis, kas izce\u013cas ar augstu veiktsp\u0113ju pla\u0161\u0101 brauk\u0161anas apst\u0101k\u013cu diapazon\u0101, k\u0101 ar\u012b teicamu cenas un veiktsp\u0113jas attiec\u012bbu. Vissezonas un ziemas riep\u0101m rakstur\u012bgais virzienveida protektora raksts nodro\u0161ina uzlabotus sa\u0137eres r\u0101d\u012bt\u0101jus ar irden\u0101m ce\u013ca virsm\u0101m - sniegu, granti un smilt\u012bm.","og_url":"https:\/\/mmkriepas.lv\/en\/p\/215-65r17-lanvigator-wintergrip-hp-99h\/","og_site_name":"MMK Riepas","article_publisher":"https:\/\/www.facebook.com\/mmkserviss\/","article_modified_time":"2026-03-27T22:25:50+00:00","og_image":[{"width":1920,"height":1278,"url":"https:\/\/mmkriepas.lv\/wp-content\/uploads\/2022\/09\/24570r16-lanvigator-wintergrip-hp-111t-xl-ziemas-riepas.jpg","type":"image\/jpeg"}],"twitter_card":"summary_large_image","twitter_misc":{"Price":"&euro;55.00","Availability":"In stock"},"schema":{"@context":"https:\/\/schema.org","@graph":[{"@type":"WebPage","@id":"https:\/\/mmkriepas.lv\/en\/p\/215-65r17-lanvigator-wintergrip-hp-99h\/","url":"https:\/\/mmkriepas.lv\/en\/p\/215-65r17-lanvigator-wintergrip-hp-99h\/","name":"215\/65R17 Lanvigator Wintergrip HP 99H &#8226; MMK Riepas","isPartOf":{"@id":"https:\/\/mmkriepas.lv\/en\/#website"},"primaryImageOfPage":{"@id":"https:\/\/mmkriepas.lv\/en\/p\/215-65r17-lanvigator-wintergrip-hp-99h\/#primaryimage"},"image":{"@id":"https:\/\/mmkriepas.lv\/en\/p\/215-65r17-lanvigator-wintergrip-hp-99h\/#primaryimage"},"thumbnailUrl":"https:\/\/mmkriepas.lv\/wp-content\/uploads\/2022\/09\/24570r16-lanvigator-wintergrip-hp-111t-xl-ziemas-riepas.jpg","datePublished":"2025-08-06T11:40:22+00:00","dateModified":"2026-03-27T22:25:50+00:00","breadcrumb":{"@id":"https:\/\/mmkriepas.lv\/en\/p\/215-65r17-lanvigator-wintergrip-hp-99h\/#breadcrumb"},"inLanguage":"en-US","potentialAction":[{"@type":"ReadAction","target":["https:\/\/mmkriepas.lv\/en\/p\/215-65r17-lanvigator-wintergrip-hp-99h\/"]}]},{"@type":"ImageObject","inLanguage":"en-US","@id":"https:\/\/mmkriepas.lv\/en\/p\/215-65r17-lanvigator-wintergrip-hp-99h\/#primaryimage","url":"https:\/\/mmkriepas.lv\/wp-content\/uploads\/2022\/09\/24570r16-lanvigator-wintergrip-hp-111t-xl-ziemas-riepas.jpg","contentUrl":"https:\/\/mmkriepas.lv\/wp-content\/uploads\/2022\/09\/24570r16-lanvigator-wintergrip-hp-111t-xl-ziemas-riepas.jpg","width":1920,"height":1278,"caption":"Lanvigator Wintergrip HP"},{"@type":"BreadcrumbList","@id":"https:\/\/mmkriepas.lv\/en\/p\/215-65r17-lanvigator-wintergrip-hp-99h\/#breadcrumb","itemListElement":[{"@type":"ListItem","position":1,"name":"S\u0101kums","item":"https:\/\/mmkriepas.lv\/en\/"},{"@type":"ListItem","position":2,"name":"215\/65R17 Lanvigator Wintergrip HP 99H"}]},{"@type":"WebSite","@id":"https:\/\/mmkriepas.lv\/en\/#website","url":"https:\/\/mmkriepas.lv\/en\/","name":"MMK Riepas","description":"MMK Riepas","alternateName":"MMK Riepu Serviss","potentialAction":[{"@type":"SearchAction","target":{"@type":"EntryPoint","urlTemplate":"https:\/\/mmkriepas.lv\/en\/?s={search_term_string}"},"query-input":{"@type":"PropertyValueSpecification","valueRequired":true,"valueName":"search_term_string"}}],"inLanguage":"en-US"},{"@type":"ImageObject","inLanguage":"en-US","@id":"https:\/\/mmkriepas.lv\/en\/p\/215-65r17-lanvigator-wintergrip-hp-99h\/#local-main-organization-logo","url":"","contentUrl":"","caption":"MMK Riepas"}]},"product_brand":"Lanvigator Wintergrip HP","product_price_amount":"55.00","product_price_currency":"EUR","og_availability":"instock","product_availability":"instock","product_retailer_item_id":"TW2156517LANVI-51023","product_condition":"new"},"_links":{"self":[{"href":"https:\/\/mmkriepas.lv\/en\/wp-json\/wp\/v2\/product\/1272657","targetHints":{"allow":["GET"]}}],"collection":[{"href":"https:\/\/mmkriepas.lv\/en\/wp-json\/wp\/v2\/product"}],"about":[{"href":"https:\/\/mmkriepas.lv\/en\/wp-json\/wp\/v2\/types\/product"}],"wp:featuredmedia":[{"embeddable":true,"href":"https:\/\/mmkriepas.lv\/en\/wp-json\/wp\/v2\/media\/314396"}],"wp:attachment":[{"href":"https:\/\/mmkriepas.lv\/en\/wp-json\/wp\/v2\/media?parent=1272657"}],"wp:term":[{"taxonomy":"product_brand","embeddable":true,"href":"https:\/\/mmkriepas.lv\/en\/wp-json\/wp\/v2\/product_brand?post=1272657"},{"taxonomy":"product_cat","embeddable":true,"href":"https:\/\/mmkriepas.lv\/en\/wp-json\/wp\/v2\/product_cat?post=1272657"},{"taxonomy":"product_tag","embeddable":true,"href":"https:\/\/mmkriepas.lv\/en\/wp-json\/wp\/v2\/product_tag?post=1272657"}],"curies":[{"name":"wp","href":"https:\/\/api.w.org\/{rel}","templated":true}]}}