{"id":1269623,"date":"2025-08-02T12:37:59","date_gmt":"2025-08-02T09:37:59","guid":{"rendered":"https:\/\/mmkriepas.lv\/?post_type=product&#038;p=1269623"},"modified":"2026-03-27T15:03:47","modified_gmt":"2026-03-27T13:03:47","slug":"225-45r17-lassa-driveways-91w-dot","status":"publish","type":"product","link":"https:\/\/mmkriepas.lv\/en\/p\/225-45r17-lassa-driveways-91w-dot\/","title":{"rendered":"225\/45R17 Lassa Driveways 91W RP DOT21 (Bridgestone)"},"content":{"rendered":"<p class=\"western\" align=\"left\"><span style=\"font-family: Arial, serif;\"><b>Lassa Driveways <\/b><\/span><span style=\"font-family: Arial, serif;\">ir teicamas kvalit\u0101tes, vid\u0113j\u0101 cenu segmenta vasaras riepu modelis. \u0145emot v\u0113r\u0101, ka \u0161\u012bs riepas tiek ra\u017eotas Bridgestone r\u016bpn\u012bc\u0101s, t\u0101s izce\u013cas ar teicamu sa\u0137eri un manevr\u0113tsp\u0113ju gan uz sausa un slapja asfalta, gan ar\u012b grants ce\u013ciem. \u0160is riepu modelis pieejams pla\u0161\u0101 izm\u0113ru kl\u0101st\u0101 no R15 l\u012bdz R18 un paredz\u0113ts maza un vid\u0113ja izm\u0113ra vieglaj\u0101m automa\u0161\u012bn\u0101m<\/span><\/p>\n<h3 class=\"western\" align=\"left\"><span style=\"font-family: Arial, serif;\"><b>Lassa Driveways galven\u0101s \u012bpa\u0161\u012bbas:<\/b><\/span><\/h3>\n<p class=\"western\" align=\"left\"><span style=\"font-family: Arial, serif;\">+ Teicama sa\u0137ere un manevr\u0113tsp\u0113ja gan uz sausa un slapja safalta, gan grants ce\u013ciem.<br \/>+ Izteikts akustiskais un brauk\u0161anas komforta l\u012bmenis.<br \/>+ Degvielas ekonomija.<br \/>+ Riepas ra\u017eotas Bridgestone r\u016bpn\u012bc\u0101.<br \/>+ Zems akvaplan\u0113\u0161anas risks.<\/span><\/p>\n<h3 class=\"western\" align=\"left\"><span style=\"font-family: Arial, serif;\"><b>Driveways apr\u012bkojums<\/b><\/span><\/h3>\n<p class=\"western\" align=\"left\"><span style=\"font-family: Arial, serif;\"><b>Lassa Driveways <\/b><\/span><span style=\"font-family: Arial, serif;\">vasaras riepas apr\u012bkotas ar asimetrisku protektora rakstu. \u0160\u0101ds dizains sev\u012b apvieno teicamas komforta un veiktsp\u0113jas \u012bpa\u0161\u012bbas pat lielos brauk\u0161anas \u0101trumos. Turkl\u0101t, \u0161\u012b riepu mode\u013ca protektora bloku skaits ir palielin\u0101ts, l\u012bdz ar ko \u0161is modelis ir veiktsp\u0113j\u012bgs ar\u012b uz irden\u0101m ce\u013ca virsm\u0101m &#8211; grants, smilts un zemes ce\u013ciem.<\/span><\/p>\n<p class=\"western\" align=\"left\"><span style=\"font-family: Arial, serif;\">Starp protektora blokiem izstr\u0101d\u0101ta efekt\u012bva dren\u0101\u017eas jeb \u016bdens novadkan\u0101lu sist\u0113ma. T\u0101 \u0101tri atbr\u012bvo riepu kontakta virsmu ar ce\u013cu no \u016bdens, b\u016btiski samazinot akvaplan\u0113\u0161anas risku.<\/span><\/p>\n<p class=\"western\" align=\"left\"><span style=\"font-family: Arial, serif;\">Riepas darin\u0101tas no augstv\u0113rt\u012bga kompoz\u012btmateri\u0101la. Tam pievienotie \u0137\u012bmiskie elementi padara riepu elast\u012bgu un nodilumiztur\u012bgu. K\u0101 zin\u0101ms, elast\u012bga riepa daudz lab\u0101k veido sa\u0137eri ar ce\u013cu, k\u0101 ar\u012b dilst vienm\u0113r\u012bg\u0101k.<\/span><\/p>\n","protected":false},"excerpt":{"rendered":"<p><span style=\"font-family: Arial, serif;\"><b>Lassa Driveways <\/b><\/span><span style=\"font-family: Arial, serif;\">ir teicamas kvalit\u0101tes, vid\u0113j\u0101 cenu segmenta vasaras riepu modelis. \u0145emot v\u0113r\u0101, ka \u0161\u012bs riepas tiek ra\u017eotas Bridgestone r\u016bpn\u012bc\u0101s, t\u0101s izce\u013cas ar teicamu sa\u0137eri un manevr\u0113tsp\u0113ju gan uz sausa un slapja asfalta, gan ar\u012b grants ce\u013ciem. \u0160is riepu modelis pieejams pla\u0161\u0101 izm\u0113ru kl\u0101st\u0101 no R15 l\u012bdz R18 un paredz\u0113ts maza un vid\u0113ja izm\u0113ra vieglaj\u0101m automa\u0161\u012bn\u0101m.<\/span><\/p>\n","protected":false},"featured_media":861364,"template":"","meta":{"_acf_changed":false,"ngg_post_thumbnail":0},"product_brand":[],"product_cat":[46],"product_tag":[],"class_list":{"0":"post-1269623","1":"product","2":"type-product","3":"status-publish","4":"has-post-thumbnail","6":"product_cat-vasaras-riepas","8":"first","9":"instock","10":"sale","11":"taxable","12":"shipping-taxable","13":"purchasable","14":"product-type-simple"},"acf":[],"yoast_head":"<!-- This site is optimized with the Yoast SEO Premium plugin v22.6 (Yoast SEO v27.3) - https:\/\/yoast.com\/product\/yoast-seo-premium-wordpress\/ -->\n<title>225\/45R17 Lassa Driveways 91W RP DOT21 (Bridgestone) &#8226; MMK Riepas<\/title>\n<meta name=\"robots\" content=\"index, follow, max-snippet:-1, max-image-preview:large, max-video-preview:-1\" \/>\n<link rel=\"canonical\" href=\"https:\/\/mmkriepas.lv\/en\/p\/225-45r17-lassa-driveways-91w-dot\/\" \/>\n<meta property=\"og:locale\" content=\"en_US\" \/>\n<meta property=\"og:type\" content=\"article\" \/>\n<meta property=\"og:title\" content=\"225\/45R17 Lassa Driveways 91W RP DOT21 (Bridgestone)\" \/>\n<meta property=\"og:description\" content=\"Lassa Driveways ir teicamas kvalit\u0101tes, vid\u0113j\u0101 cenu segmenta vasaras riepu modelis. \u0145emot v\u0113r\u0101, ka \u0161\u012bs riepas tiek ra\u017eotas Bridgestone r\u016bpn\u012bc\u0101s, t\u0101s izce\u013cas ar teicamu sa\u0137eri un manevr\u0113tsp\u0113ju gan uz sausa un slapja asfalta, gan ar\u012b grants ce\u013ciem. \u0160is riepu modelis pieejams pla\u0161\u0101 izm\u0113ru kl\u0101st\u0101 no R15 l\u012bdz R18 un paredz\u0113ts maza un vid\u0113ja izm\u0113ra vieglaj\u0101m automa\u0161\u012bn\u0101m.\" \/>\n<meta property=\"og:url\" content=\"https:\/\/mmkriepas.lv\/en\/p\/225-45r17-lassa-driveways-91w-dot\/\" \/>\n<meta property=\"og:site_name\" content=\"MMK Riepas\" \/>\n<meta property=\"article:publisher\" content=\"https:\/\/www.facebook.com\/mmkserviss\/\" \/>\n<meta property=\"article:modified_time\" content=\"2026-03-27T13:03:47+00:00\" \/>\n<meta property=\"og:image\" content=\"https:\/\/mmkriepas.lv\/wp-content\/uploads\/2024\/02\/22555r17-lassa-driveways-101w-xl-bridgestone-vasaras-riepas.jpg\" \/>\n\t<meta property=\"og:image:width\" content=\"1920\" \/>\n\t<meta property=\"og:image:height\" content=\"1442\" \/>\n\t<meta property=\"og:image:type\" content=\"image\/jpeg\" \/>\n<meta name=\"twitter:card\" content=\"summary_large_image\" \/>\n<meta name=\"twitter:label1\" content=\"Price\" \/>\n\t<meta name=\"twitter:data1\" content=\"&euro;71.00\" \/>\n\t<meta name=\"twitter:label2\" content=\"Availability\" \/>\n\t<meta name=\"twitter:data2\" content=\"In stock\" \/>\n<script type=\"application\/ld+json\" class=\"yoast-schema-graph\">{\"@context\":\"https:\\\/\\\/schema.org\",\"@graph\":[{\"@type\":\"WebPage\",\"@id\":\"https:\\\/\\\/mmkriepas.lv\\\/en\\\/p\\\/225-45r17-lassa-driveways-91w-dot\\\/\",\"url\":\"https:\\\/\\\/mmkriepas.lv\\\/en\\\/p\\\/225-45r17-lassa-driveways-91w-dot\\\/\",\"name\":\"225\\\/45R17 Lassa Driveways 91W RP DOT21 (Bridgestone) &#8226; MMK Riepas\",\"isPartOf\":{\"@id\":\"https:\\\/\\\/mmkriepas.lv\\\/en\\\/#website\"},\"primaryImageOfPage\":{\"@id\":\"https:\\\/\\\/mmkriepas.lv\\\/en\\\/p\\\/225-45r17-lassa-driveways-91w-dot\\\/#primaryimage\"},\"image\":{\"@id\":\"https:\\\/\\\/mmkriepas.lv\\\/en\\\/p\\\/225-45r17-lassa-driveways-91w-dot\\\/#primaryimage\"},\"thumbnailUrl\":\"https:\\\/\\\/mmkriepas.lv\\\/wp-content\\\/uploads\\\/2024\\\/02\\\/22555r17-lassa-driveways-101w-xl-bridgestone-vasaras-riepas.jpg\",\"datePublished\":\"2025-08-02T09:37:59+00:00\",\"dateModified\":\"2026-03-27T13:03:47+00:00\",\"breadcrumb\":{\"@id\":\"https:\\\/\\\/mmkriepas.lv\\\/en\\\/p\\\/225-45r17-lassa-driveways-91w-dot\\\/#breadcrumb\"},\"inLanguage\":\"en-US\",\"potentialAction\":[{\"@type\":\"ReadAction\",\"target\":[\"https:\\\/\\\/mmkriepas.lv\\\/en\\\/p\\\/225-45r17-lassa-driveways-91w-dot\\\/\"]}]},{\"@type\":\"ImageObject\",\"inLanguage\":\"en-US\",\"@id\":\"https:\\\/\\\/mmkriepas.lv\\\/en\\\/p\\\/225-45r17-lassa-driveways-91w-dot\\\/#primaryimage\",\"url\":\"https:\\\/\\\/mmkriepas.lv\\\/wp-content\\\/uploads\\\/2024\\\/02\\\/22555r17-lassa-driveways-101w-xl-bridgestone-vasaras-riepas.jpg\",\"contentUrl\":\"https:\\\/\\\/mmkriepas.lv\\\/wp-content\\\/uploads\\\/2024\\\/02\\\/22555r17-lassa-driveways-101w-xl-bridgestone-vasaras-riepas.jpg\",\"width\":1920,\"height\":1442,\"caption\":\"MMK Lassa Driveways MAIN\"},{\"@type\":\"BreadcrumbList\",\"@id\":\"https:\\\/\\\/mmkriepas.lv\\\/en\\\/p\\\/225-45r17-lassa-driveways-91w-dot\\\/#breadcrumb\",\"itemListElement\":[{\"@type\":\"ListItem\",\"position\":1,\"name\":\"S\u0101kums\",\"item\":\"https:\\\/\\\/mmkriepas.lv\\\/en\\\/\"},{\"@type\":\"ListItem\",\"position\":2,\"name\":\"225\\\/45R17 Lassa Driveways 91W RP DOT21 (Bridgestone)\"}]},{\"@type\":\"WebSite\",\"@id\":\"https:\\\/\\\/mmkriepas.lv\\\/en\\\/#website\",\"url\":\"https:\\\/\\\/mmkriepas.lv\\\/en\\\/\",\"name\":\"MMK Riepas\",\"description\":\"MMK Riepas\",\"alternateName\":\"MMK Riepu Serviss\",\"potentialAction\":[{\"@type\":\"SearchAction\",\"target\":{\"@type\":\"EntryPoint\",\"urlTemplate\":\"https:\\\/\\\/mmkriepas.lv\\\/en\\\/?s={search_term_string}\"},\"query-input\":{\"@type\":\"PropertyValueSpecification\",\"valueRequired\":true,\"valueName\":\"search_term_string\"}}],\"inLanguage\":\"en-US\"},{\"@type\":\"ImageObject\",\"inLanguage\":\"en-US\",\"@id\":\"https:\\\/\\\/mmkriepas.lv\\\/en\\\/p\\\/225-45r17-lassa-driveways-91w-dot\\\/#local-main-organization-logo\",\"url\":\"\",\"contentUrl\":\"\",\"caption\":\"MMK Riepas\"}]}<\/script>\n<meta property=\"product:brand\" content=\"Lassa Driveways\" \/>\n<meta property=\"product:price:amount\" content=\"71.00\" \/>\n<meta property=\"product:price:currency\" content=\"EUR\" \/>\n<meta property=\"og:availability\" content=\"instock\" \/>\n<meta property=\"product:availability\" content=\"instock\" \/>\n<meta property=\"product:retailer_item_id\" content=\"TS2254517LASSA-L50522\" \/>\n<meta property=\"product:condition\" content=\"new\" \/>\n<!-- \/ Yoast SEO Premium plugin. -->","yoast_head_json":{"title":"225\/45R17 Lassa Driveways 91W RP DOT21 (Bridgestone) &#8226; MMK Riepas","robots":{"index":"index","follow":"follow","max-snippet":"max-snippet:-1","max-image-preview":"max-image-preview:large","max-video-preview":"max-video-preview:-1"},"canonical":"https:\/\/mmkriepas.lv\/en\/p\/225-45r17-lassa-driveways-91w-dot\/","og_locale":"en_US","og_type":"article","og_title":"225\/45R17 Lassa Driveways 91W RP DOT21 (Bridgestone)","og_description":"Lassa Driveways ir teicamas kvalit\u0101tes, vid\u0113j\u0101 cenu segmenta vasaras riepu modelis. \u0145emot v\u0113r\u0101, ka \u0161\u012bs riepas tiek ra\u017eotas Bridgestone r\u016bpn\u012bc\u0101s, t\u0101s izce\u013cas ar teicamu sa\u0137eri un manevr\u0113tsp\u0113ju gan uz sausa un slapja asfalta, gan ar\u012b grants ce\u013ciem. \u0160is riepu modelis pieejams pla\u0161\u0101 izm\u0113ru kl\u0101st\u0101 no R15 l\u012bdz R18 un paredz\u0113ts maza un vid\u0113ja izm\u0113ra vieglaj\u0101m automa\u0161\u012bn\u0101m.","og_url":"https:\/\/mmkriepas.lv\/en\/p\/225-45r17-lassa-driveways-91w-dot\/","og_site_name":"MMK Riepas","article_publisher":"https:\/\/www.facebook.com\/mmkserviss\/","article_modified_time":"2026-03-27T13:03:47+00:00","og_image":[{"width":1920,"height":1442,"url":"https:\/\/mmkriepas.lv\/wp-content\/uploads\/2024\/02\/22555r17-lassa-driveways-101w-xl-bridgestone-vasaras-riepas.jpg","type":"image\/jpeg"}],"twitter_card":"summary_large_image","twitter_misc":{"Price":"&euro;71.00","Availability":"In stock"},"schema":{"@context":"https:\/\/schema.org","@graph":[{"@type":"WebPage","@id":"https:\/\/mmkriepas.lv\/en\/p\/225-45r17-lassa-driveways-91w-dot\/","url":"https:\/\/mmkriepas.lv\/en\/p\/225-45r17-lassa-driveways-91w-dot\/","name":"225\/45R17 Lassa Driveways 91W RP DOT21 (Bridgestone) &#8226; MMK Riepas","isPartOf":{"@id":"https:\/\/mmkriepas.lv\/en\/#website"},"primaryImageOfPage":{"@id":"https:\/\/mmkriepas.lv\/en\/p\/225-45r17-lassa-driveways-91w-dot\/#primaryimage"},"image":{"@id":"https:\/\/mmkriepas.lv\/en\/p\/225-45r17-lassa-driveways-91w-dot\/#primaryimage"},"thumbnailUrl":"https:\/\/mmkriepas.lv\/wp-content\/uploads\/2024\/02\/22555r17-lassa-driveways-101w-xl-bridgestone-vasaras-riepas.jpg","datePublished":"2025-08-02T09:37:59+00:00","dateModified":"2026-03-27T13:03:47+00:00","breadcrumb":{"@id":"https:\/\/mmkriepas.lv\/en\/p\/225-45r17-lassa-driveways-91w-dot\/#breadcrumb"},"inLanguage":"en-US","potentialAction":[{"@type":"ReadAction","target":["https:\/\/mmkriepas.lv\/en\/p\/225-45r17-lassa-driveways-91w-dot\/"]}]},{"@type":"ImageObject","inLanguage":"en-US","@id":"https:\/\/mmkriepas.lv\/en\/p\/225-45r17-lassa-driveways-91w-dot\/#primaryimage","url":"https:\/\/mmkriepas.lv\/wp-content\/uploads\/2024\/02\/22555r17-lassa-driveways-101w-xl-bridgestone-vasaras-riepas.jpg","contentUrl":"https:\/\/mmkriepas.lv\/wp-content\/uploads\/2024\/02\/22555r17-lassa-driveways-101w-xl-bridgestone-vasaras-riepas.jpg","width":1920,"height":1442,"caption":"MMK Lassa Driveways MAIN"},{"@type":"BreadcrumbList","@id":"https:\/\/mmkriepas.lv\/en\/p\/225-45r17-lassa-driveways-91w-dot\/#breadcrumb","itemListElement":[{"@type":"ListItem","position":1,"name":"S\u0101kums","item":"https:\/\/mmkriepas.lv\/en\/"},{"@type":"ListItem","position":2,"name":"225\/45R17 Lassa Driveways 91W RP DOT21 (Bridgestone)"}]},{"@type":"WebSite","@id":"https:\/\/mmkriepas.lv\/en\/#website","url":"https:\/\/mmkriepas.lv\/en\/","name":"MMK Riepas","description":"MMK Riepas","alternateName":"MMK Riepu Serviss","potentialAction":[{"@type":"SearchAction","target":{"@type":"EntryPoint","urlTemplate":"https:\/\/mmkriepas.lv\/en\/?s={search_term_string}"},"query-input":{"@type":"PropertyValueSpecification","valueRequired":true,"valueName":"search_term_string"}}],"inLanguage":"en-US"},{"@type":"ImageObject","inLanguage":"en-US","@id":"https:\/\/mmkriepas.lv\/en\/p\/225-45r17-lassa-driveways-91w-dot\/#local-main-organization-logo","url":"","contentUrl":"","caption":"MMK Riepas"}]},"product_brand":"Lassa Driveways","product_price_amount":"71.00","product_price_currency":"EUR","og_availability":"instock","product_availability":"instock","product_retailer_item_id":"TS2254517LASSA-L50522","product_condition":"new"},"_links":{"self":[{"href":"https:\/\/mmkriepas.lv\/en\/wp-json\/wp\/v2\/product\/1269623","targetHints":{"allow":["GET"]}}],"collection":[{"href":"https:\/\/mmkriepas.lv\/en\/wp-json\/wp\/v2\/product"}],"about":[{"href":"https:\/\/mmkriepas.lv\/en\/wp-json\/wp\/v2\/types\/product"}],"wp:featuredmedia":[{"embeddable":true,"href":"https:\/\/mmkriepas.lv\/en\/wp-json\/wp\/v2\/media\/861364"}],"wp:attachment":[{"href":"https:\/\/mmkriepas.lv\/en\/wp-json\/wp\/v2\/media?parent=1269623"}],"wp:term":[{"taxonomy":"product_brand","embeddable":true,"href":"https:\/\/mmkriepas.lv\/en\/wp-json\/wp\/v2\/product_brand?post=1269623"},{"taxonomy":"product_cat","embeddable":true,"href":"https:\/\/mmkriepas.lv\/en\/wp-json\/wp\/v2\/product_cat?post=1269623"},{"taxonomy":"product_tag","embeddable":true,"href":"https:\/\/mmkriepas.lv\/en\/wp-json\/wp\/v2\/product_tag?post=1269623"}],"curies":[{"name":"wp","href":"https:\/\/api.w.org\/{rel}","templated":true}]}}