{"id":1269388,"date":"2025-08-01T19:23:14","date_gmt":"2025-08-01T16:23:14","guid":{"rendered":"https:\/\/mmkriepas.lv\/?post_type=product&#038;p=1269388"},"modified":"2026-03-27T15:02:23","modified_gmt":"2026-03-27T13:02:23","slug":"175-70r13-yokohama-bluearth-es-es32-82t-dot-2","status":"publish","type":"product","link":"https:\/\/mmkriepas.lv\/en\/p\/175-70r13-yokohama-bluearth-es-es32-82t-dot-2\/","title":{"rendered":"175\/70R13 Yokohama BluEarth-ES ES32 82T DOT22"},"content":{"rendered":"<p class=\"western\"><span style=\"font-family: Arial, sans-serif;\"><b><span>Yokohama BluEarth-ES ES32<\/span><\/b><span> ir teicamas kvalit\u0101tes, Jap\u0101\u0146u premium klases vasaras riepu modelis. Tas izce\u013cas ar teicamiem brauk\u0161anas komforta, degvielas ekonomijas, sa\u0137eres un manevr\u0113tsp\u0113jas r\u0101d\u012bt\u0101jiem pat lielos brauk\u0161anas \u0101trumos. \u0160is riepu modelis apr\u012bkots ar BluEarth tehnolo\u0123iju kompleksu un pieejams izm\u0113ru kl\u0101st\u0101 no R13 l\u012bdz R18. Tas paredz\u0113ts uzst\u0101d\u012b\u0161anai kompaktklases un vid\u0113ja izm\u0113ra vieglaj\u0101m automa\u0161\u012bn\u0101m.<\/span><\/span><\/p>\n<h3 class=\"western\"><span style=\"font-family: Arial, sans-serif;\"><span>Yokohama BluEarth-ES ES32 galven\u0101s \u012bpa\u0161\u012bbas<\/span><\/span><\/h3>\n<p class=\"western\"><span style=\"font-family: Arial, sans-serif;\"><span>+ Riepu giganta Yokohama vado\u0161\u0101s BluEarth tehnolo\u0123ijas.<br \/>+ Teicama sa\u0137ere un manevr\u0113tsp\u0113ja uz sausa un slapja asfalta pat lielos brauk\u0161anas \u0101trumos.<br \/>+ \u013boti zems akvaplan\u0113\u0161anas risks.<br \/>+ Degvielas ekonomija!<br \/>+ Izteikts akustiskais un brauk\u0161anas gaitas komforts.<\/span><\/span><\/p>\n<h3 class=\"western\"><span style=\"font-family: Arial, sans-serif;\"><span>BluEarth-ES ES32 apr\u012bkojums<\/span><\/span><\/h3>\n<p class=\"western\"><span style=\"font-family: Arial, sans-serif;\"><span>Yokohama BluEarth-ES ES32 vasaras riepas apr\u012bkotas ar unik\u0101lu asimetrisko protektora rakstu, kur\u0101 iestr\u0101d\u0101ti efekt\u012bv\u0101kie BluEarth tehnolo\u0123iskie risin\u0101jumi. \u0160is dizains sev\u012b apvieno teicamas brauk\u0161anas komforta un dro\u0161\u012bbas \u012bpa\u0161\u012bbas pat intens\u012bvos vasaras ekspluat\u0101cijas apst\u0101k\u013cos.<\/span><\/span><\/p>\n<p class=\"western\"><span style=\"font-family: Arial, sans-serif;\"><span>Asimetrisk\u0101s protektora virknes izvietotas ide\u0101l\u0101 attiec\u012bb\u0101 viena pret otru, samazinot trok\u0161\u0146a l\u012bmeni un veicinot efekt\u012bvu nokri\u0161\u0146u izvadi no riepu sa\u0137eres laukuma ar ce\u013cu.\u00a0<\/span><\/span><\/p>\n<p class=\"western\"><span style=\"font-family: Arial, sans-serif;\"><span>Riepas viduszon\u0101 atrodama Z-veida dren\u0101\u017eas josla. T\u0101 vienlaikus samazina akvaplan\u0113\u0161anas risku, k\u0101 ar\u012b b\u016btiski uzlabo manevr\u0113tsp\u0113ju un brauk\u0161anas trajektorijas notur\u012bbu pat lielos brauk\u0161anas \u0101trumos.<\/span><\/span><\/p>\n<p class=\"western\"><span style=\"font-family: Arial, sans-serif;\"><span>Yokohama BluEarth-ES ES32 riepas darin\u0101tas no augstv\u0113rt\u012bga kompoz\u012btmateri\u0101la. Tam pievienotie \u0137\u012bmiskie savienojumi ne vien uzlabo sa\u0137eres \u012bpa\u0161\u012bbas, bet ar\u012b nodilumiztur\u012bbu. Turkl\u0101t, riepas ra\u017eotas p\u0113c ekolo\u0123iski labv\u0113l\u012bgas prakses, samazinot ar\u012b J\u016bsu oglek\u013ca p\u0113du.<\/span><\/span><\/p>\n<p class=\"western\"><span style=\"font-family: Arial, sans-serif;\"><span>Uzlaboti ne tikai riepas protektora un gumijas sast\u0101va elementi, bet ar\u012b t\u0101s karkass. Tas papildin\u0101ts ar \u012bpa\u0161i viegliem sint\u0113tiskajiem materi\u0101liem, t\u0101d\u0113j\u0101di atvieglojot riepu un padarot to iztur\u012bg\u0101ku pret triecieniem. Riepas svars sp\u0113l\u0113 b\u016btisku lomu degvielas ekonomij\u0101.<\/span><\/span><\/p>\n","protected":false},"excerpt":{"rendered":"<p><span style=\"font-family: Arial, sans-serif;\"><b><span>Yokohama BluEarth-ES ES32<\/span><\/b><span> ir teicamas kvalit\u0101tes, Jap\u0101\u0146u premium klases vasaras riepu modelis. Tas izce\u013cas ar teicamiem brauk\u0161anas komforta, degvielas ekonomijas, sa\u0137eres un manevr\u0113tsp\u0113jas r\u0101d\u012bt\u0101jiem pat lielos brauk\u0161anas \u0101trumos. \u0160is riepu modelis apr\u012bkots ar BluEarth tehnolo\u0123iju kompleksu un pieejams izm\u0113ru kl\u0101st\u0101 no R13 l\u012bdz R18. Tas paredz\u0113ts uzst\u0101d\u012b\u0161anai kompaktklases un vid\u0113ja izm\u0113ra vieglaj\u0101m automa\u0161\u012bn\u0101m.<\/span><\/span><\/p>\n","protected":false},"featured_media":730338,"template":"","meta":{"_acf_changed":false,"ngg_post_thumbnail":0},"product_brand":[],"product_cat":[23641],"product_tag":[],"class_list":{"0":"post-1269388","1":"product","2":"type-product","3":"status-publish","4":"has-post-thumbnail","6":"product_cat-summer-tyres","8":"first","9":"instock","10":"sale","11":"taxable","12":"shipping-taxable","13":"purchasable","14":"product-type-simple"},"acf":[],"yoast_head":"<!-- This site is optimized with the Yoast SEO Premium plugin v22.6 (Yoast SEO v27.3) - https:\/\/yoast.com\/product\/yoast-seo-premium-wordpress\/ -->\n<title>175\/70R13 Yokohama BluEarth-ES ES32 82T DOT22 &#8226; MMK Riepas<\/title>\n<meta name=\"robots\" content=\"index, follow, max-snippet:-1, max-image-preview:large, max-video-preview:-1\" \/>\n<link rel=\"canonical\" href=\"https:\/\/mmkriepas.lv\/en\/p\/175-70r13-yokohama-bluearth-es-es32-82t-dot-2\/\" \/>\n<meta property=\"og:locale\" content=\"en_US\" \/>\n<meta property=\"og:type\" content=\"article\" \/>\n<meta property=\"og:title\" content=\"175\/70R13 Yokohama BluEarth-ES ES32 82T DOT22\" \/>\n<meta property=\"og:description\" content=\"Yokohama BluEarth-ES ES32 ir teicamas kvalit\u0101tes, Jap\u0101\u0146u premium klases vasaras riepu modelis. Tas izce\u013cas ar teicamiem brauk\u0161anas komforta, degvielas ekonomijas, sa\u0137eres un manevr\u0113tsp\u0113jas r\u0101d\u012bt\u0101jiem pat lielos brauk\u0161anas \u0101trumos. \u0160is riepu modelis apr\u012bkots ar BluEarth tehnolo\u0123iju kompleksu un pieejams izm\u0113ru kl\u0101st\u0101 no R13 l\u012bdz R18. Tas paredz\u0113ts uzst\u0101d\u012b\u0161anai kompaktklases un vid\u0113ja izm\u0113ra vieglaj\u0101m automa\u0161\u012bn\u0101m.\" \/>\n<meta property=\"og:url\" content=\"https:\/\/mmkriepas.lv\/en\/p\/175-70r13-yokohama-bluearth-es-es32-82t-dot-2\/\" \/>\n<meta property=\"og:site_name\" content=\"MMK Riepas\" \/>\n<meta property=\"article:publisher\" content=\"https:\/\/www.facebook.com\/mmkserviss\/\" \/>\n<meta property=\"article:modified_time\" content=\"2026-03-27T13:02:23+00:00\" \/>\n<meta property=\"og:image\" content=\"https:\/\/mmkriepas.lv\/wp-content\/uploads\/2023\/05\/21560r16-yokohama-bluearth-es-es32-95h-vasaras-riepas.jpeg\" \/>\n\t<meta property=\"og:image:width\" content=\"1789\" \/>\n\t<meta property=\"og:image:height\" content=\"1342\" \/>\n\t<meta property=\"og:image:type\" content=\"image\/jpeg\" \/>\n<meta name=\"twitter:card\" content=\"summary_large_image\" \/>\n<meta name=\"twitter:label1\" content=\"Price\" \/>\n\t<meta name=\"twitter:data1\" content=\"&euro;57.00\" \/>\n\t<meta name=\"twitter:label2\" content=\"Availability\" \/>\n\t<meta name=\"twitter:data2\" content=\"In stock\" \/>\n<script type=\"application\/ld+json\" class=\"yoast-schema-graph\">{\"@context\":\"https:\\\/\\\/schema.org\",\"@graph\":[{\"@type\":\"WebPage\",\"@id\":\"https:\\\/\\\/mmkriepas.lv\\\/en\\\/p\\\/175-70r13-yokohama-bluearth-es-es32-82t-dot-2\\\/\",\"url\":\"https:\\\/\\\/mmkriepas.lv\\\/en\\\/p\\\/175-70r13-yokohama-bluearth-es-es32-82t-dot-2\\\/\",\"name\":\"175\\\/70R13 Yokohama BluEarth-ES ES32 82T DOT22 &#8226; MMK Riepas\",\"isPartOf\":{\"@id\":\"https:\\\/\\\/mmkriepas.lv\\\/en\\\/#website\"},\"primaryImageOfPage\":{\"@id\":\"https:\\\/\\\/mmkriepas.lv\\\/en\\\/p\\\/175-70r13-yokohama-bluearth-es-es32-82t-dot-2\\\/#primaryimage\"},\"image\":{\"@id\":\"https:\\\/\\\/mmkriepas.lv\\\/en\\\/p\\\/175-70r13-yokohama-bluearth-es-es32-82t-dot-2\\\/#primaryimage\"},\"thumbnailUrl\":\"https:\\\/\\\/mmkriepas.lv\\\/wp-content\\\/uploads\\\/2023\\\/05\\\/21560r16-yokohama-bluearth-es-es32-95h-vasaras-riepas.jpeg\",\"datePublished\":\"2025-08-01T16:23:14+00:00\",\"dateModified\":\"2026-03-27T13:02:23+00:00\",\"breadcrumb\":{\"@id\":\"https:\\\/\\\/mmkriepas.lv\\\/en\\\/p\\\/175-70r13-yokohama-bluearth-es-es32-82t-dot-2\\\/#breadcrumb\"},\"inLanguage\":\"en-US\",\"potentialAction\":[{\"@type\":\"ReadAction\",\"target\":[\"https:\\\/\\\/mmkriepas.lv\\\/en\\\/p\\\/175-70r13-yokohama-bluearth-es-es32-82t-dot-2\\\/\"]}]},{\"@type\":\"ImageObject\",\"inLanguage\":\"en-US\",\"@id\":\"https:\\\/\\\/mmkriepas.lv\\\/en\\\/p\\\/175-70r13-yokohama-bluearth-es-es32-82t-dot-2\\\/#primaryimage\",\"url\":\"https:\\\/\\\/mmkriepas.lv\\\/wp-content\\\/uploads\\\/2023\\\/05\\\/21560r16-yokohama-bluearth-es-es32-95h-vasaras-riepas.jpeg\",\"contentUrl\":\"https:\\\/\\\/mmkriepas.lv\\\/wp-content\\\/uploads\\\/2023\\\/05\\\/21560r16-yokohama-bluearth-es-es32-95h-vasaras-riepas.jpeg\",\"width\":1789,\"height\":1342,\"caption\":\"215\\\/60R16 Yokohama BluEarth-ES ES32 95H - Vasaras riepas\"},{\"@type\":\"BreadcrumbList\",\"@id\":\"https:\\\/\\\/mmkriepas.lv\\\/en\\\/p\\\/175-70r13-yokohama-bluearth-es-es32-82t-dot-2\\\/#breadcrumb\",\"itemListElement\":[{\"@type\":\"ListItem\",\"position\":1,\"name\":\"S\u0101kums\",\"item\":\"https:\\\/\\\/mmkriepas.lv\\\/en\\\/\"},{\"@type\":\"ListItem\",\"position\":2,\"name\":\"175\\\/70R13 Yokohama BluEarth-ES ES32 82T DOT22\"}]},{\"@type\":\"WebSite\",\"@id\":\"https:\\\/\\\/mmkriepas.lv\\\/en\\\/#website\",\"url\":\"https:\\\/\\\/mmkriepas.lv\\\/en\\\/\",\"name\":\"MMK Riepas\",\"description\":\"MMK Riepas\",\"alternateName\":\"MMK Riepu Serviss\",\"potentialAction\":[{\"@type\":\"SearchAction\",\"target\":{\"@type\":\"EntryPoint\",\"urlTemplate\":\"https:\\\/\\\/mmkriepas.lv\\\/en\\\/?s={search_term_string}\"},\"query-input\":{\"@type\":\"PropertyValueSpecification\",\"valueRequired\":true,\"valueName\":\"search_term_string\"}}],\"inLanguage\":\"en-US\"},{\"@type\":\"ImageObject\",\"inLanguage\":\"en-US\",\"@id\":\"https:\\\/\\\/mmkriepas.lv\\\/en\\\/p\\\/175-70r13-yokohama-bluearth-es-es32-82t-dot-2\\\/#local-main-organization-logo\",\"url\":\"\",\"contentUrl\":\"\",\"caption\":\"MMK Riepas\"}]}<\/script>\n<meta property=\"product:brand\" content=\"Yokohama BluEarth-ES ES32\" \/>\n<meta property=\"product:price:amount\" content=\"57.00\" \/>\n<meta property=\"product:price:currency\" content=\"EUR\" \/>\n<meta property=\"og:availability\" content=\"instock\" \/>\n<meta property=\"product:availability\" content=\"instock\" \/>\n<meta property=\"product:retailer_item_id\" content=\"TS1757013YOKOH-L50485\" \/>\n<meta property=\"product:condition\" content=\"new\" \/>\n<!-- \/ Yoast SEO Premium plugin. -->","yoast_head_json":{"title":"175\/70R13 Yokohama BluEarth-ES ES32 82T DOT22 &#8226; MMK Riepas","robots":{"index":"index","follow":"follow","max-snippet":"max-snippet:-1","max-image-preview":"max-image-preview:large","max-video-preview":"max-video-preview:-1"},"canonical":"https:\/\/mmkriepas.lv\/en\/p\/175-70r13-yokohama-bluearth-es-es32-82t-dot-2\/","og_locale":"en_US","og_type":"article","og_title":"175\/70R13 Yokohama BluEarth-ES ES32 82T DOT22","og_description":"Yokohama BluEarth-ES ES32 ir teicamas kvalit\u0101tes, Jap\u0101\u0146u premium klases vasaras riepu modelis. Tas izce\u013cas ar teicamiem brauk\u0161anas komforta, degvielas ekonomijas, sa\u0137eres un manevr\u0113tsp\u0113jas r\u0101d\u012bt\u0101jiem pat lielos brauk\u0161anas \u0101trumos. \u0160is riepu modelis apr\u012bkots ar BluEarth tehnolo\u0123iju kompleksu un pieejams izm\u0113ru kl\u0101st\u0101 no R13 l\u012bdz R18. Tas paredz\u0113ts uzst\u0101d\u012b\u0161anai kompaktklases un vid\u0113ja izm\u0113ra vieglaj\u0101m automa\u0161\u012bn\u0101m.","og_url":"https:\/\/mmkriepas.lv\/en\/p\/175-70r13-yokohama-bluearth-es-es32-82t-dot-2\/","og_site_name":"MMK Riepas","article_publisher":"https:\/\/www.facebook.com\/mmkserviss\/","article_modified_time":"2026-03-27T13:02:23+00:00","og_image":[{"width":1789,"height":1342,"url":"https:\/\/mmkriepas.lv\/wp-content\/uploads\/2023\/05\/21560r16-yokohama-bluearth-es-es32-95h-vasaras-riepas.jpeg","type":"image\/jpeg"}],"twitter_card":"summary_large_image","twitter_misc":{"Price":"&euro;57.00","Availability":"In stock"},"schema":{"@context":"https:\/\/schema.org","@graph":[{"@type":"WebPage","@id":"https:\/\/mmkriepas.lv\/en\/p\/175-70r13-yokohama-bluearth-es-es32-82t-dot-2\/","url":"https:\/\/mmkriepas.lv\/en\/p\/175-70r13-yokohama-bluearth-es-es32-82t-dot-2\/","name":"175\/70R13 Yokohama BluEarth-ES ES32 82T DOT22 &#8226; MMK Riepas","isPartOf":{"@id":"https:\/\/mmkriepas.lv\/en\/#website"},"primaryImageOfPage":{"@id":"https:\/\/mmkriepas.lv\/en\/p\/175-70r13-yokohama-bluearth-es-es32-82t-dot-2\/#primaryimage"},"image":{"@id":"https:\/\/mmkriepas.lv\/en\/p\/175-70r13-yokohama-bluearth-es-es32-82t-dot-2\/#primaryimage"},"thumbnailUrl":"https:\/\/mmkriepas.lv\/wp-content\/uploads\/2023\/05\/21560r16-yokohama-bluearth-es-es32-95h-vasaras-riepas.jpeg","datePublished":"2025-08-01T16:23:14+00:00","dateModified":"2026-03-27T13:02:23+00:00","breadcrumb":{"@id":"https:\/\/mmkriepas.lv\/en\/p\/175-70r13-yokohama-bluearth-es-es32-82t-dot-2\/#breadcrumb"},"inLanguage":"en-US","potentialAction":[{"@type":"ReadAction","target":["https:\/\/mmkriepas.lv\/en\/p\/175-70r13-yokohama-bluearth-es-es32-82t-dot-2\/"]}]},{"@type":"ImageObject","inLanguage":"en-US","@id":"https:\/\/mmkriepas.lv\/en\/p\/175-70r13-yokohama-bluearth-es-es32-82t-dot-2\/#primaryimage","url":"https:\/\/mmkriepas.lv\/wp-content\/uploads\/2023\/05\/21560r16-yokohama-bluearth-es-es32-95h-vasaras-riepas.jpeg","contentUrl":"https:\/\/mmkriepas.lv\/wp-content\/uploads\/2023\/05\/21560r16-yokohama-bluearth-es-es32-95h-vasaras-riepas.jpeg","width":1789,"height":1342,"caption":"215\/60R16 Yokohama BluEarth-ES ES32 95H - Vasaras riepas"},{"@type":"BreadcrumbList","@id":"https:\/\/mmkriepas.lv\/en\/p\/175-70r13-yokohama-bluearth-es-es32-82t-dot-2\/#breadcrumb","itemListElement":[{"@type":"ListItem","position":1,"name":"S\u0101kums","item":"https:\/\/mmkriepas.lv\/en\/"},{"@type":"ListItem","position":2,"name":"175\/70R13 Yokohama BluEarth-ES ES32 82T DOT22"}]},{"@type":"WebSite","@id":"https:\/\/mmkriepas.lv\/en\/#website","url":"https:\/\/mmkriepas.lv\/en\/","name":"MMK Riepas","description":"MMK Riepas","alternateName":"MMK Riepu Serviss","potentialAction":[{"@type":"SearchAction","target":{"@type":"EntryPoint","urlTemplate":"https:\/\/mmkriepas.lv\/en\/?s={search_term_string}"},"query-input":{"@type":"PropertyValueSpecification","valueRequired":true,"valueName":"search_term_string"}}],"inLanguage":"en-US"},{"@type":"ImageObject","inLanguage":"en-US","@id":"https:\/\/mmkriepas.lv\/en\/p\/175-70r13-yokohama-bluearth-es-es32-82t-dot-2\/#local-main-organization-logo","url":"","contentUrl":"","caption":"MMK Riepas"}]},"product_brand":"Yokohama BluEarth-ES ES32","product_price_amount":"57.00","product_price_currency":"EUR","og_availability":"instock","product_availability":"instock","product_retailer_item_id":"TS1757013YOKOH-L50485","product_condition":"new"},"_links":{"self":[{"href":"https:\/\/mmkriepas.lv\/en\/wp-json\/wp\/v2\/product\/1269388","targetHints":{"allow":["GET"]}}],"collection":[{"href":"https:\/\/mmkriepas.lv\/en\/wp-json\/wp\/v2\/product"}],"about":[{"href":"https:\/\/mmkriepas.lv\/en\/wp-json\/wp\/v2\/types\/product"}],"wp:featuredmedia":[{"embeddable":true,"href":"https:\/\/mmkriepas.lv\/en\/wp-json\/wp\/v2\/media\/730338"}],"wp:attachment":[{"href":"https:\/\/mmkriepas.lv\/en\/wp-json\/wp\/v2\/media?parent=1269388"}],"wp:term":[{"taxonomy":"product_brand","embeddable":true,"href":"https:\/\/mmkriepas.lv\/en\/wp-json\/wp\/v2\/product_brand?post=1269388"},{"taxonomy":"product_cat","embeddable":true,"href":"https:\/\/mmkriepas.lv\/en\/wp-json\/wp\/v2\/product_cat?post=1269388"},{"taxonomy":"product_tag","embeddable":true,"href":"https:\/\/mmkriepas.lv\/en\/wp-json\/wp\/v2\/product_tag?post=1269388"}],"curies":[{"name":"wp","href":"https:\/\/api.w.org\/{rel}","templated":true}]}}