{"id":1268794,"date":"2025-08-01T16:31:48","date_gmt":"2025-08-01T13:31:48","guid":{"rendered":"https:\/\/mmkriepas.lv\/?post_type=product&#038;p=1268794"},"modified":"2026-03-28T00:24:56","modified_gmt":"2026-03-27T22:24:56","slug":"195-45r16-hifly-win-turi-212-84h-xl","status":"publish","type":"product","link":"https:\/\/mmkriepas.lv\/en\/p\/195-45r16-hifly-win-turi-212-84h-xl\/","title":{"rendered":"195\/45R16 Hifly Win-turi 212 84H XL"},"content":{"rendered":"<p><b>Hifly Win-turi 212<\/b> ziemas riepu modelis ir paredz\u0113ts vieglaj\u0101m automa\u0161\u012bn\u0101m. Tas izce\u013cas ar lab\u0101m veiktsp\u0113jas \u012bpa\u0161\u012bb\u0101m jebk\u0101dos brauk\u0161anas apst\u0101k\u013cos un brauk\u0161anas komfortu, pateicoties asimetriskajam protektora rakstam.<b><o:p><\/o:p><\/b><\/p>\n<h3>Win-turi 212 galven\u0101s iez\u012bmes<o:p><\/o:p><\/h3>\n<p>+ Komfortabla, klusa un gluda gaita! <o:p><\/o:p><\/p>\n<p>+ Degvielas ekonomija! <o:p><\/o:p><\/p>\n<p>+ Teicami veiktsp\u0113jas r\u0101d\u012bt\u0101ji uz slapja un apledoju\u0161a ce\u013ca! <o:p><\/o:p><\/p>\n<p>+ Lieliska cenas\/veiktsp\u0113jas attiec\u012bba!<o:p><\/o:p><\/p>\n<h3>Win-turi 212 apr\u012bkojums<o:p><\/o:p><\/h3>\n<p><b>Hifly Win-turi 212<\/b> ziemas riepu modelis apr\u012bkots ar asimetrisku protektora dizainu, savienojot lab\u0101k\u0101s klasisk\u0101 un virz\u012bt\u0101 stila lab\u0101k\u0101s \u012bpa\u0161\u012bbas vienkopus. Brauciens ar \u0161\u012bm riep\u0101m b\u016bs kluss, komfortabls un gluds, k\u0101 ar\u012b ar palielin\u0101tu degvielas ekonomiju. Pati riepa darin\u0101ta no kvalitat\u012bva, elastrom\u0113riem bag\u0101ta gumijas mais\u012bjuma, kas liek tai saglab\u0101t elast\u012bbu pla\u0161\u0101 temperat\u016bru diapazon\u0101. Elast\u012bga riepa daudz lab\u0101k veido sa\u0137eri ar ce\u013cu. Asimetriski izvietotajos protektora blokos bl\u012bvi iestr\u0101d\u0101ti vair\u0101ki t\u016bksto\u0161i lame\u013cu, kuras ar as\u0101m kant\u0113m pal\u012bdz\u0113s saglab\u0101t dro\u0161\u012bbu uz ledus, ar slideno virsmu veidojot cie\u0161u sa\u0137eri. <o:p><\/o:p><\/p>\n<p><b>Hifly Win-turi 212<\/b> mode\u013ca lieto\u0161anas dro\u0161\u012bbu ziemas laika apst\u0101k\u013cos un t\u0101 atbilst\u012bbu valst\u012bm ar oblig\u0101tu sezon\u0101lo riepu mai\u0146u apstiprina mar\u0137\u0113jums sniegp\u0101rslas form\u0101 uz kalna fona ar trim virsotn\u0113m (3PMSF).<o:p><\/o:p><\/p>\n<p><b>Hifly Win-turi 212-<\/b> ziemas riepa, kas gatava st\u0101ties pret\u012b bargiem apst\u0101k\u013ciem. Pieejama abos MMK Riepu Centros par vislab\u0101kaj\u0101m cen\u0101m.<\/p>\n","protected":false},"excerpt":{"rendered":"<p><b>Hifly Win-turi 212<\/b> ziemas riepu modelis ir paredz\u0113ts vieglaj\u0101m automa\u0161\u012bn\u0101m. Tas izce\u013cas ar lab\u0101m veiktsp\u0113jas \u012bpa\u0161\u012bb\u0101m jebk\u0101dos brauk\u0161anas apst\u0101k\u013cos un brauk\u0161anas komfortu, pateicoties asimetriskajam protektora rakstam.<\/p>\n","protected":false},"featured_media":796848,"template":"","meta":{"_acf_changed":false,"ngg_post_thumbnail":0},"product_brand":[],"product_cat":[23644,23643],"product_tag":[],"class_list":{"0":"post-1268794","1":"product","2":"type-product","3":"status-publish","4":"has-post-thumbnail","6":"product_cat-all-season-tyres","7":"product_cat-winter-tyres","9":"first","10":"instock","11":"sale","12":"taxable","13":"shipping-taxable","14":"purchasable","15":"product-type-simple"},"acf":[],"yoast_head":"<!-- This site is optimized with the Yoast SEO Premium plugin v22.6 (Yoast SEO v27.3) - https:\/\/yoast.com\/product\/yoast-seo-premium-wordpress\/ -->\n<title>195\/45R16 Hifly Win-turi 212 84H XL &#8226; MMK Riepas<\/title>\n<meta name=\"robots\" content=\"index, follow, max-snippet:-1, max-image-preview:large, max-video-preview:-1\" \/>\n<link rel=\"canonical\" href=\"https:\/\/mmkriepas.lv\/en\/p\/195-45r16-hifly-win-turi-212-84h-xl\/\" \/>\n<meta property=\"og:locale\" content=\"en_US\" \/>\n<meta property=\"og:type\" content=\"article\" \/>\n<meta property=\"og:title\" content=\"195\/45R16 Hifly Win-turi 212 84H XL\" \/>\n<meta property=\"og:description\" content=\"Hifly Win-turi 212 ziemas riepu modelis ir paredz\u0113ts vieglaj\u0101m automa\u0161\u012bn\u0101m. Tas izce\u013cas ar lab\u0101m veiktsp\u0113jas \u012bpa\u0161\u012bb\u0101m jebk\u0101dos brauk\u0161anas apst\u0101k\u013cos un brauk\u0161anas komfortu, pateicoties asimetriskajam protektora rakstam.\" \/>\n<meta property=\"og:url\" content=\"https:\/\/mmkriepas.lv\/en\/p\/195-45r16-hifly-win-turi-212-84h-xl\/\" \/>\n<meta property=\"og:site_name\" content=\"MMK Riepas\" \/>\n<meta property=\"article:publisher\" content=\"https:\/\/www.facebook.com\/mmkserviss\/\" \/>\n<meta property=\"article:modified_time\" content=\"2026-03-27T22:24:56+00:00\" \/>\n<meta property=\"og:image\" content=\"https:\/\/mmkriepas.lv\/wp-content\/uploads\/2023\/09\/19555r16-hifly-win-turi-212-91h-xl-ziemas-riepas.jpg\" \/>\n\t<meta property=\"og:image:width\" content=\"1920\" \/>\n\t<meta property=\"og:image:height\" content=\"1920\" \/>\n\t<meta property=\"og:image:type\" content=\"image\/jpeg\" \/>\n<meta name=\"twitter:card\" content=\"summary_large_image\" \/>\n<meta name=\"twitter:label1\" content=\"Price\" \/>\n\t<meta name=\"twitter:data1\" content=\"&euro;57.00\" \/>\n\t<meta name=\"twitter:label2\" content=\"Availability\" \/>\n\t<meta name=\"twitter:data2\" content=\"In stock\" \/>\n<script type=\"application\/ld+json\" class=\"yoast-schema-graph\">{\"@context\":\"https:\\\/\\\/schema.org\",\"@graph\":[{\"@type\":\"WebPage\",\"@id\":\"https:\\\/\\\/mmkriepas.lv\\\/en\\\/p\\\/195-45r16-hifly-win-turi-212-84h-xl\\\/\",\"url\":\"https:\\\/\\\/mmkriepas.lv\\\/en\\\/p\\\/195-45r16-hifly-win-turi-212-84h-xl\\\/\",\"name\":\"195\\\/45R16 Hifly Win-turi 212 84H XL &#8226; MMK Riepas\",\"isPartOf\":{\"@id\":\"https:\\\/\\\/mmkriepas.lv\\\/en\\\/#website\"},\"primaryImageOfPage\":{\"@id\":\"https:\\\/\\\/mmkriepas.lv\\\/en\\\/p\\\/195-45r16-hifly-win-turi-212-84h-xl\\\/#primaryimage\"},\"image\":{\"@id\":\"https:\\\/\\\/mmkriepas.lv\\\/en\\\/p\\\/195-45r16-hifly-win-turi-212-84h-xl\\\/#primaryimage\"},\"thumbnailUrl\":\"https:\\\/\\\/mmkriepas.lv\\\/wp-content\\\/uploads\\\/2023\\\/09\\\/19555r16-hifly-win-turi-212-91h-xl-ziemas-riepas.jpg\",\"datePublished\":\"2025-08-01T13:31:48+00:00\",\"dateModified\":\"2026-03-27T22:24:56+00:00\",\"breadcrumb\":{\"@id\":\"https:\\\/\\\/mmkriepas.lv\\\/en\\\/p\\\/195-45r16-hifly-win-turi-212-84h-xl\\\/#breadcrumb\"},\"inLanguage\":\"en-US\",\"potentialAction\":[{\"@type\":\"ReadAction\",\"target\":[\"https:\\\/\\\/mmkriepas.lv\\\/en\\\/p\\\/195-45r16-hifly-win-turi-212-84h-xl\\\/\"]}]},{\"@type\":\"ImageObject\",\"inLanguage\":\"en-US\",\"@id\":\"https:\\\/\\\/mmkriepas.lv\\\/en\\\/p\\\/195-45r16-hifly-win-turi-212-84h-xl\\\/#primaryimage\",\"url\":\"https:\\\/\\\/mmkriepas.lv\\\/wp-content\\\/uploads\\\/2023\\\/09\\\/19555r16-hifly-win-turi-212-91h-xl-ziemas-riepas.jpg\",\"contentUrl\":\"https:\\\/\\\/mmkriepas.lv\\\/wp-content\\\/uploads\\\/2023\\\/09\\\/19555r16-hifly-win-turi-212-91h-xl-ziemas-riepas.jpg\",\"width\":1920,\"height\":1920,\"caption\":\"MAIN\"},{\"@type\":\"BreadcrumbList\",\"@id\":\"https:\\\/\\\/mmkriepas.lv\\\/en\\\/p\\\/195-45r16-hifly-win-turi-212-84h-xl\\\/#breadcrumb\",\"itemListElement\":[{\"@type\":\"ListItem\",\"position\":1,\"name\":\"S\u0101kums\",\"item\":\"https:\\\/\\\/mmkriepas.lv\\\/en\\\/\"},{\"@type\":\"ListItem\",\"position\":2,\"name\":\"195\\\/45R16 Hifly Win-turi 212 84H XL\"}]},{\"@type\":\"WebSite\",\"@id\":\"https:\\\/\\\/mmkriepas.lv\\\/en\\\/#website\",\"url\":\"https:\\\/\\\/mmkriepas.lv\\\/en\\\/\",\"name\":\"MMK Riepas\",\"description\":\"MMK Riepas\",\"alternateName\":\"MMK Riepu Serviss\",\"potentialAction\":[{\"@type\":\"SearchAction\",\"target\":{\"@type\":\"EntryPoint\",\"urlTemplate\":\"https:\\\/\\\/mmkriepas.lv\\\/en\\\/?s={search_term_string}\"},\"query-input\":{\"@type\":\"PropertyValueSpecification\",\"valueRequired\":true,\"valueName\":\"search_term_string\"}}],\"inLanguage\":\"en-US\"},{\"@type\":\"ImageObject\",\"inLanguage\":\"en-US\",\"@id\":\"https:\\\/\\\/mmkriepas.lv\\\/en\\\/p\\\/195-45r16-hifly-win-turi-212-84h-xl\\\/#local-main-organization-logo\",\"url\":\"\",\"contentUrl\":\"\",\"caption\":\"MMK Riepas\"}]}<\/script>\n<meta property=\"product:brand\" content=\"Hifly Win-turi 212\" \/>\n<meta property=\"product:price:amount\" content=\"57.00\" \/>\n<meta property=\"product:price:currency\" content=\"EUR\" \/>\n<meta property=\"og:availability\" content=\"instock\" \/>\n<meta property=\"product:availability\" content=\"instock\" \/>\n<meta property=\"product:retailer_item_id\" content=\"TW1954516HIFLY-50931\" \/>\n<meta property=\"product:condition\" content=\"new\" \/>\n<!-- \/ Yoast SEO Premium plugin. -->","yoast_head_json":{"title":"195\/45R16 Hifly Win-turi 212 84H XL &#8226; MMK Riepas","robots":{"index":"index","follow":"follow","max-snippet":"max-snippet:-1","max-image-preview":"max-image-preview:large","max-video-preview":"max-video-preview:-1"},"canonical":"https:\/\/mmkriepas.lv\/en\/p\/195-45r16-hifly-win-turi-212-84h-xl\/","og_locale":"en_US","og_type":"article","og_title":"195\/45R16 Hifly Win-turi 212 84H XL","og_description":"Hifly Win-turi 212 ziemas riepu modelis ir paredz\u0113ts vieglaj\u0101m automa\u0161\u012bn\u0101m. Tas izce\u013cas ar lab\u0101m veiktsp\u0113jas \u012bpa\u0161\u012bb\u0101m jebk\u0101dos brauk\u0161anas apst\u0101k\u013cos un brauk\u0161anas komfortu, pateicoties asimetriskajam protektora rakstam.","og_url":"https:\/\/mmkriepas.lv\/en\/p\/195-45r16-hifly-win-turi-212-84h-xl\/","og_site_name":"MMK Riepas","article_publisher":"https:\/\/www.facebook.com\/mmkserviss\/","article_modified_time":"2026-03-27T22:24:56+00:00","og_image":[{"width":1920,"height":1920,"url":"https:\/\/mmkriepas.lv\/wp-content\/uploads\/2023\/09\/19555r16-hifly-win-turi-212-91h-xl-ziemas-riepas.jpg","type":"image\/jpeg"}],"twitter_card":"summary_large_image","twitter_misc":{"Price":"&euro;57.00","Availability":"In stock"},"schema":{"@context":"https:\/\/schema.org","@graph":[{"@type":"WebPage","@id":"https:\/\/mmkriepas.lv\/en\/p\/195-45r16-hifly-win-turi-212-84h-xl\/","url":"https:\/\/mmkriepas.lv\/en\/p\/195-45r16-hifly-win-turi-212-84h-xl\/","name":"195\/45R16 Hifly Win-turi 212 84H XL &#8226; MMK Riepas","isPartOf":{"@id":"https:\/\/mmkriepas.lv\/en\/#website"},"primaryImageOfPage":{"@id":"https:\/\/mmkriepas.lv\/en\/p\/195-45r16-hifly-win-turi-212-84h-xl\/#primaryimage"},"image":{"@id":"https:\/\/mmkriepas.lv\/en\/p\/195-45r16-hifly-win-turi-212-84h-xl\/#primaryimage"},"thumbnailUrl":"https:\/\/mmkriepas.lv\/wp-content\/uploads\/2023\/09\/19555r16-hifly-win-turi-212-91h-xl-ziemas-riepas.jpg","datePublished":"2025-08-01T13:31:48+00:00","dateModified":"2026-03-27T22:24:56+00:00","breadcrumb":{"@id":"https:\/\/mmkriepas.lv\/en\/p\/195-45r16-hifly-win-turi-212-84h-xl\/#breadcrumb"},"inLanguage":"en-US","potentialAction":[{"@type":"ReadAction","target":["https:\/\/mmkriepas.lv\/en\/p\/195-45r16-hifly-win-turi-212-84h-xl\/"]}]},{"@type":"ImageObject","inLanguage":"en-US","@id":"https:\/\/mmkriepas.lv\/en\/p\/195-45r16-hifly-win-turi-212-84h-xl\/#primaryimage","url":"https:\/\/mmkriepas.lv\/wp-content\/uploads\/2023\/09\/19555r16-hifly-win-turi-212-91h-xl-ziemas-riepas.jpg","contentUrl":"https:\/\/mmkriepas.lv\/wp-content\/uploads\/2023\/09\/19555r16-hifly-win-turi-212-91h-xl-ziemas-riepas.jpg","width":1920,"height":1920,"caption":"MAIN"},{"@type":"BreadcrumbList","@id":"https:\/\/mmkriepas.lv\/en\/p\/195-45r16-hifly-win-turi-212-84h-xl\/#breadcrumb","itemListElement":[{"@type":"ListItem","position":1,"name":"S\u0101kums","item":"https:\/\/mmkriepas.lv\/en\/"},{"@type":"ListItem","position":2,"name":"195\/45R16 Hifly Win-turi 212 84H XL"}]},{"@type":"WebSite","@id":"https:\/\/mmkriepas.lv\/en\/#website","url":"https:\/\/mmkriepas.lv\/en\/","name":"MMK Riepas","description":"MMK Riepas","alternateName":"MMK Riepu Serviss","potentialAction":[{"@type":"SearchAction","target":{"@type":"EntryPoint","urlTemplate":"https:\/\/mmkriepas.lv\/en\/?s={search_term_string}"},"query-input":{"@type":"PropertyValueSpecification","valueRequired":true,"valueName":"search_term_string"}}],"inLanguage":"en-US"},{"@type":"ImageObject","inLanguage":"en-US","@id":"https:\/\/mmkriepas.lv\/en\/p\/195-45r16-hifly-win-turi-212-84h-xl\/#local-main-organization-logo","url":"","contentUrl":"","caption":"MMK Riepas"}]},"product_brand":"Hifly Win-turi 212","product_price_amount":"57.00","product_price_currency":"EUR","og_availability":"instock","product_availability":"instock","product_retailer_item_id":"TW1954516HIFLY-50931","product_condition":"new"},"_links":{"self":[{"href":"https:\/\/mmkriepas.lv\/en\/wp-json\/wp\/v2\/product\/1268794","targetHints":{"allow":["GET"]}}],"collection":[{"href":"https:\/\/mmkriepas.lv\/en\/wp-json\/wp\/v2\/product"}],"about":[{"href":"https:\/\/mmkriepas.lv\/en\/wp-json\/wp\/v2\/types\/product"}],"wp:featuredmedia":[{"embeddable":true,"href":"https:\/\/mmkriepas.lv\/en\/wp-json\/wp\/v2\/media\/796848"}],"wp:attachment":[{"href":"https:\/\/mmkriepas.lv\/en\/wp-json\/wp\/v2\/media?parent=1268794"}],"wp:term":[{"taxonomy":"product_brand","embeddable":true,"href":"https:\/\/mmkriepas.lv\/en\/wp-json\/wp\/v2\/product_brand?post=1268794"},{"taxonomy":"product_cat","embeddable":true,"href":"https:\/\/mmkriepas.lv\/en\/wp-json\/wp\/v2\/product_cat?post=1268794"},{"taxonomy":"product_tag","embeddable":true,"href":"https:\/\/mmkriepas.lv\/en\/wp-json\/wp\/v2\/product_tag?post=1268794"}],"curies":[{"name":"wp","href":"https:\/\/api.w.org\/{rel}","templated":true}]}}