{"id":1268621,"date":"2025-08-01T15:40:37","date_gmt":"2025-08-01T12:40:37","guid":{"rendered":"https:\/\/mmkriepas.lv\/?post_type=product&#038;p=1268621"},"modified":"2026-03-27T14:55:33","modified_gmt":"2026-03-27T12:55:33","slug":"235-35r19-lassa-snoways-4-91v-xl-dot","status":"publish","type":"product","link":"https:\/\/mmkriepas.lv\/en\/p\/235-35r19-lassa-snoways-4-91v-xl-dot\/","title":{"rendered":"235\/35R19 Lassa Snoways 4 91V XL DOT21 (Bridgestone)"},"content":{"rendered":"<p><strong>Lassa Snoways 4<\/strong> ir vissezonu\/ ziemas riepu modelis, kur\u0161 der\u0113s praktiski jebkuram vieglajam auto. Pateicoties sabalans\u0113taj\u0101m veiktsp\u0113jas \u012bpa\u0161\u012bb\u0101m, t\u0101s pat\u012bkami p\u0101rsteigs teju jebkuru vad\u012bt\u0101ju. Braucot, tas vienlaikus demonstr\u0113 stabilit\u0101ti, p\u0101rliecino\u0161u manevr\u0113tsp\u0113ju uz sliden\u0101m ce\u013ca virsm\u0101m, degvielas ekonomiju, paildzin\u0101tu kalpotsp\u0113ju un klusu braucienu. \u0160o modeli ir izstr\u0101d\u0101ju\u0161i\u00a0 jap\u0101nas in\u017eenieri un t\u0101s ra\u017eo Bridgestone r\u016bpn\u012bc\u0101 Turcij\u0101. <strong>\u0160is modelis ir apr\u012bkots ar <\/strong>virz\u012btu, simetrisku protektora rakstu, palielin\u0101tu kontakta virsmu ar vienm\u0113r\u012bgu slodzes sadal\u012bjumu, plat\u0101m dren\u0101\u017eas riev\u0101m \u016bdens un sniega novadei un bl\u012bvi izvietot\u0101m vi\u013c\u0146veida lamel\u0113m.<\/p>\n<p><strong>Lassa Snoways 4 galven\u0101s iez\u012bmes:<\/strong><\/p>\n<p>+ Efektivit\u0101ti snieg\u0101 nodro\u0161ina V-veida protektora raksts;<\/p>\n<p>+ Samazin\u0101ts akvaplan\u0113\u0161anas risks, pateicoties plat\u0101m dren\u0101\u017eas riev\u0101m;<\/p>\n<p>+ Vi\u013c\u0146veida lameles par\u016bp\u0113sies par dro\u0161\u012bbu uz ledus;<\/p>\n<p>+ Iztur\u012bga un kalpotsp\u0113j\u012bga riepa;<\/p>\n<p>+ Degvielas ekonomija.<\/p>\n<p><strong>Protektora raksts\u00a0<\/strong><\/p>\n<p>Lassa Snoways 4 protektora raksts ir virz\u012bts un simetrisks, lai palielin\u0101tu caurejam\u012bbu snieg\u0101. T\u0101 blokos bl\u012bvi iestr\u0101d\u0101ti vair\u0101ki t\u016bksto\u0161i lame\u013cu, kuru as\u0101s kantes burtiski iec\u0113rtas led\u016b, veidojot sa\u0137eri ar to. Bloku grupas izvietotas p\u0113c &#8220;\u0160aha d\u0113\u013ca&#8221; principa, lai palielin\u0101tu kontakta virsmu, vienm\u0113r\u012bgi pa to sadalot slodzi un padarot riepu ilgtsp\u0113j\u012bg\u0101ku. Starp blokiem izvietot\u0101s dren\u0101\u017eas rievas efekt\u012bvi atbr\u012bvo kontakta virsmu no sniega un \u016bdens, to sausinot. Jo saus\u0101ks kontakts ar ce\u013cu, jo lab\u0101ka sa\u0137ere ar to. <strong>Lassa Snoways 4 <\/strong>mode\u013ca lieto\u0161anas dro\u0161\u012bbu ziemas laika apst\u0101k\u013cos un t\u0101 atbilst\u012bbu valst\u012bm ar oblig\u0101tu sezon\u0101lo riepu mai\u0146u apstiprina mar\u0137\u0113jums sniegp\u0101rslas form\u0101 uz kalna fona ar trim virsotn\u0113m (3PMSF).<\/p>\n","protected":false},"excerpt":{"rendered":"<p><strong>Lassa Snoways 4<\/strong> ir vissezonu\/ ziemas riepu modelis, kur\u0161 der\u0113s praktiski jebkuram vieglajam auto. Pateicoties sabalans\u0113taj\u0101m veiktsp\u0113jas \u012bpa\u0161\u012bb\u0101m, t\u0101s pat\u012bkami p\u0101rsteigs teju jebkuru vad\u012bt\u0101ju. Braucot, tas vienlaikus demonstr\u0113 stabilit\u0101ti, p\u0101rliecino\u0161u manevr\u0113tsp\u0113ju uz sliden\u0101m ce\u013ca virsm\u0101m, degvielas ekonomiju, paildzin\u0101tu kalpotsp\u0113ju un klusu braucienu. \u0160o modeli ir izstr\u0101d\u0101ju\u0161i\u00a0 jap\u0101nas in\u017eenieri un t\u0101s ra\u017eo Bridgestone r\u016bpn\u012bc\u0101 Turcij\u0101.<\/p>\n","protected":false},"featured_media":878521,"template":"","meta":{"_acf_changed":false,"ngg_post_thumbnail":0},"product_brand":[],"product_cat":[47,45],"product_tag":[],"class_list":{"0":"post-1268621","1":"product","2":"type-product","3":"status-publish","4":"has-post-thumbnail","6":"product_cat-vissezonas-riepas","7":"product_cat-ziemas-riepas","9":"first","10":"instock","11":"sale","12":"taxable","13":"shipping-taxable","14":"purchasable","15":"product-type-simple"},"acf":[],"yoast_head":"<!-- This site is optimized with the Yoast SEO Premium plugin v22.6 (Yoast SEO v27.3) - https:\/\/yoast.com\/product\/yoast-seo-premium-wordpress\/ -->\n<title>235\/35R19 Lassa Snoways 4 91V XL DOT21 (Bridgestone) &#8226; MMK Riepas<\/title>\n<meta name=\"robots\" content=\"index, follow, max-snippet:-1, max-image-preview:large, max-video-preview:-1\" \/>\n<link rel=\"canonical\" href=\"https:\/\/mmkriepas.lv\/en\/p\/235-35r19-lassa-snoways-4-91v-xl-dot\/\" \/>\n<meta property=\"og:locale\" content=\"en_US\" \/>\n<meta property=\"og:type\" content=\"article\" \/>\n<meta property=\"og:title\" content=\"235\/35R19 Lassa Snoways 4 91V XL DOT21 (Bridgestone)\" \/>\n<meta property=\"og:description\" content=\"Lassa Snoways 4 ir vissezonu\/ ziemas riepu modelis, kur\u0161 der\u0113s praktiski jebkuram vieglajam auto. Pateicoties sabalans\u0113taj\u0101m veiktsp\u0113jas \u012bpa\u0161\u012bb\u0101m, t\u0101s pat\u012bkami p\u0101rsteigs teju jebkuru vad\u012bt\u0101ju. Braucot, tas vienlaikus demonstr\u0113 stabilit\u0101ti, p\u0101rliecino\u0161u manevr\u0113tsp\u0113ju uz sliden\u0101m ce\u013ca virsm\u0101m, degvielas ekonomiju, paildzin\u0101tu kalpotsp\u0113ju un klusu braucienu. \u0160o modeli ir izstr\u0101d\u0101ju\u0161i\u00a0 jap\u0101nas in\u017eenieri un t\u0101s ra\u017eo Bridgestone r\u016bpn\u012bc\u0101 Turcij\u0101.\" \/>\n<meta property=\"og:url\" content=\"https:\/\/mmkriepas.lv\/en\/p\/235-35r19-lassa-snoways-4-91v-xl-dot\/\" \/>\n<meta property=\"og:site_name\" content=\"MMK Riepas\" \/>\n<meta property=\"article:publisher\" content=\"https:\/\/www.facebook.com\/mmkserviss\/\" \/>\n<meta property=\"article:modified_time\" content=\"2026-03-27T12:55:33+00:00\" \/>\n<meta property=\"og:image\" content=\"https:\/\/mmkriepas.lv\/wp-content\/uploads\/2024\/03\/22535r19-lassa-snoways-4-88v-xl-dot21-bridgestone-ziemas-riepas.jpg\" \/>\n\t<meta property=\"og:image:width\" content=\"1000\" \/>\n\t<meta property=\"og:image:height\" content=\"751\" \/>\n\t<meta property=\"og:image:type\" content=\"image\/jpeg\" \/>\n<meta name=\"twitter:card\" content=\"summary_large_image\" \/>\n<meta name=\"twitter:label1\" content=\"Price\" \/>\n\t<meta name=\"twitter:data1\" content=\"&euro;98.00\" \/>\n\t<meta name=\"twitter:label2\" content=\"Availability\" \/>\n\t<meta name=\"twitter:data2\" content=\"In stock\" \/>\n<script type=\"application\/ld+json\" class=\"yoast-schema-graph\">{\"@context\":\"https:\\\/\\\/schema.org\",\"@graph\":[{\"@type\":\"WebPage\",\"@id\":\"https:\\\/\\\/mmkriepas.lv\\\/en\\\/p\\\/235-35r19-lassa-snoways-4-91v-xl-dot\\\/\",\"url\":\"https:\\\/\\\/mmkriepas.lv\\\/en\\\/p\\\/235-35r19-lassa-snoways-4-91v-xl-dot\\\/\",\"name\":\"235\\\/35R19 Lassa Snoways 4 91V XL DOT21 (Bridgestone) &#8226; MMK Riepas\",\"isPartOf\":{\"@id\":\"https:\\\/\\\/mmkriepas.lv\\\/en\\\/#website\"},\"primaryImageOfPage\":{\"@id\":\"https:\\\/\\\/mmkriepas.lv\\\/en\\\/p\\\/235-35r19-lassa-snoways-4-91v-xl-dot\\\/#primaryimage\"},\"image\":{\"@id\":\"https:\\\/\\\/mmkriepas.lv\\\/en\\\/p\\\/235-35r19-lassa-snoways-4-91v-xl-dot\\\/#primaryimage\"},\"thumbnailUrl\":\"https:\\\/\\\/mmkriepas.lv\\\/wp-content\\\/uploads\\\/2024\\\/03\\\/22535r19-lassa-snoways-4-88v-xl-dot21-bridgestone-ziemas-riepas.jpg\",\"datePublished\":\"2025-08-01T12:40:37+00:00\",\"dateModified\":\"2026-03-27T12:55:33+00:00\",\"breadcrumb\":{\"@id\":\"https:\\\/\\\/mmkriepas.lv\\\/en\\\/p\\\/235-35r19-lassa-snoways-4-91v-xl-dot\\\/#breadcrumb\"},\"inLanguage\":\"en-US\",\"potentialAction\":[{\"@type\":\"ReadAction\",\"target\":[\"https:\\\/\\\/mmkriepas.lv\\\/en\\\/p\\\/235-35r19-lassa-snoways-4-91v-xl-dot\\\/\"]}]},{\"@type\":\"ImageObject\",\"inLanguage\":\"en-US\",\"@id\":\"https:\\\/\\\/mmkriepas.lv\\\/en\\\/p\\\/235-35r19-lassa-snoways-4-91v-xl-dot\\\/#primaryimage\",\"url\":\"https:\\\/\\\/mmkriepas.lv\\\/wp-content\\\/uploads\\\/2024\\\/03\\\/22535r19-lassa-snoways-4-88v-xl-dot21-bridgestone-ziemas-riepas.jpg\",\"contentUrl\":\"https:\\\/\\\/mmkriepas.lv\\\/wp-content\\\/uploads\\\/2024\\\/03\\\/22535r19-lassa-snoways-4-88v-xl-dot21-bridgestone-ziemas-riepas.jpg\",\"width\":1000,\"height\":751,\"caption\":\"MAIN\"},{\"@type\":\"BreadcrumbList\",\"@id\":\"https:\\\/\\\/mmkriepas.lv\\\/en\\\/p\\\/235-35r19-lassa-snoways-4-91v-xl-dot\\\/#breadcrumb\",\"itemListElement\":[{\"@type\":\"ListItem\",\"position\":1,\"name\":\"S\u0101kums\",\"item\":\"https:\\\/\\\/mmkriepas.lv\\\/en\\\/\"},{\"@type\":\"ListItem\",\"position\":2,\"name\":\"235\\\/35R19 Lassa Snoways 4 91V XL DOT21 (Bridgestone)\"}]},{\"@type\":\"WebSite\",\"@id\":\"https:\\\/\\\/mmkriepas.lv\\\/en\\\/#website\",\"url\":\"https:\\\/\\\/mmkriepas.lv\\\/en\\\/\",\"name\":\"MMK Riepas\",\"description\":\"MMK Riepas\",\"alternateName\":\"MMK Riepu Serviss\",\"potentialAction\":[{\"@type\":\"SearchAction\",\"target\":{\"@type\":\"EntryPoint\",\"urlTemplate\":\"https:\\\/\\\/mmkriepas.lv\\\/en\\\/?s={search_term_string}\"},\"query-input\":{\"@type\":\"PropertyValueSpecification\",\"valueRequired\":true,\"valueName\":\"search_term_string\"}}],\"inLanguage\":\"en-US\"},{\"@type\":\"ImageObject\",\"inLanguage\":\"en-US\",\"@id\":\"https:\\\/\\\/mmkriepas.lv\\\/en\\\/p\\\/235-35r19-lassa-snoways-4-91v-xl-dot\\\/#local-main-organization-logo\",\"url\":\"\",\"contentUrl\":\"\",\"caption\":\"MMK Riepas\"}]}<\/script>\n<meta property=\"product:brand\" content=\"Lassa Snoways 4\" \/>\n<meta property=\"product:price:amount\" content=\"98.00\" \/>\n<meta property=\"product:price:currency\" content=\"EUR\" \/>\n<meta property=\"og:availability\" content=\"instock\" \/>\n<meta property=\"product:availability\" content=\"instock\" \/>\n<meta property=\"product:retailer_item_id\" content=\"TW2353519LASSA-L50330\" \/>\n<meta property=\"product:condition\" content=\"new\" \/>\n<!-- \/ Yoast SEO Premium plugin. -->","yoast_head_json":{"title":"235\/35R19 Lassa Snoways 4 91V XL DOT21 (Bridgestone) &#8226; MMK Riepas","robots":{"index":"index","follow":"follow","max-snippet":"max-snippet:-1","max-image-preview":"max-image-preview:large","max-video-preview":"max-video-preview:-1"},"canonical":"https:\/\/mmkriepas.lv\/en\/p\/235-35r19-lassa-snoways-4-91v-xl-dot\/","og_locale":"en_US","og_type":"article","og_title":"235\/35R19 Lassa Snoways 4 91V XL DOT21 (Bridgestone)","og_description":"Lassa Snoways 4 ir vissezonu\/ ziemas riepu modelis, kur\u0161 der\u0113s praktiski jebkuram vieglajam auto. Pateicoties sabalans\u0113taj\u0101m veiktsp\u0113jas \u012bpa\u0161\u012bb\u0101m, t\u0101s pat\u012bkami p\u0101rsteigs teju jebkuru vad\u012bt\u0101ju. Braucot, tas vienlaikus demonstr\u0113 stabilit\u0101ti, p\u0101rliecino\u0161u manevr\u0113tsp\u0113ju uz sliden\u0101m ce\u013ca virsm\u0101m, degvielas ekonomiju, paildzin\u0101tu kalpotsp\u0113ju un klusu braucienu. \u0160o modeli ir izstr\u0101d\u0101ju\u0161i\u00a0 jap\u0101nas in\u017eenieri un t\u0101s ra\u017eo Bridgestone r\u016bpn\u012bc\u0101 Turcij\u0101.","og_url":"https:\/\/mmkriepas.lv\/en\/p\/235-35r19-lassa-snoways-4-91v-xl-dot\/","og_site_name":"MMK Riepas","article_publisher":"https:\/\/www.facebook.com\/mmkserviss\/","article_modified_time":"2026-03-27T12:55:33+00:00","og_image":[{"width":1000,"height":751,"url":"https:\/\/mmkriepas.lv\/wp-content\/uploads\/2024\/03\/22535r19-lassa-snoways-4-88v-xl-dot21-bridgestone-ziemas-riepas.jpg","type":"image\/jpeg"}],"twitter_card":"summary_large_image","twitter_misc":{"Price":"&euro;98.00","Availability":"In stock"},"schema":{"@context":"https:\/\/schema.org","@graph":[{"@type":"WebPage","@id":"https:\/\/mmkriepas.lv\/en\/p\/235-35r19-lassa-snoways-4-91v-xl-dot\/","url":"https:\/\/mmkriepas.lv\/en\/p\/235-35r19-lassa-snoways-4-91v-xl-dot\/","name":"235\/35R19 Lassa Snoways 4 91V XL DOT21 (Bridgestone) &#8226; MMK Riepas","isPartOf":{"@id":"https:\/\/mmkriepas.lv\/en\/#website"},"primaryImageOfPage":{"@id":"https:\/\/mmkriepas.lv\/en\/p\/235-35r19-lassa-snoways-4-91v-xl-dot\/#primaryimage"},"image":{"@id":"https:\/\/mmkriepas.lv\/en\/p\/235-35r19-lassa-snoways-4-91v-xl-dot\/#primaryimage"},"thumbnailUrl":"https:\/\/mmkriepas.lv\/wp-content\/uploads\/2024\/03\/22535r19-lassa-snoways-4-88v-xl-dot21-bridgestone-ziemas-riepas.jpg","datePublished":"2025-08-01T12:40:37+00:00","dateModified":"2026-03-27T12:55:33+00:00","breadcrumb":{"@id":"https:\/\/mmkriepas.lv\/en\/p\/235-35r19-lassa-snoways-4-91v-xl-dot\/#breadcrumb"},"inLanguage":"en-US","potentialAction":[{"@type":"ReadAction","target":["https:\/\/mmkriepas.lv\/en\/p\/235-35r19-lassa-snoways-4-91v-xl-dot\/"]}]},{"@type":"ImageObject","inLanguage":"en-US","@id":"https:\/\/mmkriepas.lv\/en\/p\/235-35r19-lassa-snoways-4-91v-xl-dot\/#primaryimage","url":"https:\/\/mmkriepas.lv\/wp-content\/uploads\/2024\/03\/22535r19-lassa-snoways-4-88v-xl-dot21-bridgestone-ziemas-riepas.jpg","contentUrl":"https:\/\/mmkriepas.lv\/wp-content\/uploads\/2024\/03\/22535r19-lassa-snoways-4-88v-xl-dot21-bridgestone-ziemas-riepas.jpg","width":1000,"height":751,"caption":"MAIN"},{"@type":"BreadcrumbList","@id":"https:\/\/mmkriepas.lv\/en\/p\/235-35r19-lassa-snoways-4-91v-xl-dot\/#breadcrumb","itemListElement":[{"@type":"ListItem","position":1,"name":"S\u0101kums","item":"https:\/\/mmkriepas.lv\/en\/"},{"@type":"ListItem","position":2,"name":"235\/35R19 Lassa Snoways 4 91V XL DOT21 (Bridgestone)"}]},{"@type":"WebSite","@id":"https:\/\/mmkriepas.lv\/en\/#website","url":"https:\/\/mmkriepas.lv\/en\/","name":"MMK Riepas","description":"MMK Riepas","alternateName":"MMK Riepu Serviss","potentialAction":[{"@type":"SearchAction","target":{"@type":"EntryPoint","urlTemplate":"https:\/\/mmkriepas.lv\/en\/?s={search_term_string}"},"query-input":{"@type":"PropertyValueSpecification","valueRequired":true,"valueName":"search_term_string"}}],"inLanguage":"en-US"},{"@type":"ImageObject","inLanguage":"en-US","@id":"https:\/\/mmkriepas.lv\/en\/p\/235-35r19-lassa-snoways-4-91v-xl-dot\/#local-main-organization-logo","url":"","contentUrl":"","caption":"MMK Riepas"}]},"product_brand":"Lassa Snoways 4","product_price_amount":"98.00","product_price_currency":"EUR","og_availability":"instock","product_availability":"instock","product_retailer_item_id":"TW2353519LASSA-L50330","product_condition":"new"},"_links":{"self":[{"href":"https:\/\/mmkriepas.lv\/en\/wp-json\/wp\/v2\/product\/1268621","targetHints":{"allow":["GET"]}}],"collection":[{"href":"https:\/\/mmkriepas.lv\/en\/wp-json\/wp\/v2\/product"}],"about":[{"href":"https:\/\/mmkriepas.lv\/en\/wp-json\/wp\/v2\/types\/product"}],"wp:featuredmedia":[{"embeddable":true,"href":"https:\/\/mmkriepas.lv\/en\/wp-json\/wp\/v2\/media\/878521"}],"wp:attachment":[{"href":"https:\/\/mmkriepas.lv\/en\/wp-json\/wp\/v2\/media?parent=1268621"}],"wp:term":[{"taxonomy":"product_brand","embeddable":true,"href":"https:\/\/mmkriepas.lv\/en\/wp-json\/wp\/v2\/product_brand?post=1268621"},{"taxonomy":"product_cat","embeddable":true,"href":"https:\/\/mmkriepas.lv\/en\/wp-json\/wp\/v2\/product_cat?post=1268621"},{"taxonomy":"product_tag","embeddable":true,"href":"https:\/\/mmkriepas.lv\/en\/wp-json\/wp\/v2\/product_tag?post=1268621"}],"curies":[{"name":"wp","href":"https:\/\/api.w.org\/{rel}","templated":true}]}}