{"id":1268404,"date":"2025-08-01T13:15:27","date_gmt":"2025-08-01T10:15:27","guid":{"rendered":"https:\/\/mmkriepas.lv\/?post_type=product&#038;p=1268404"},"modified":"2026-03-27T14:54:11","modified_gmt":"2026-03-27T12:54:11","slug":"225-55r18-federal-himalaya-suv-98t-dot-ar-radzem-2","status":"publish","type":"product","link":"https:\/\/mmkriepas.lv\/en\/p\/225-55r18-federal-himalaya-suv-98t-dot-ar-radzem-2\/","title":{"rendered":"225\/55R18 Federal Himalaya SUV 98T DOT22 ar radz\u0113m"},"content":{"rendered":"<p style=\"margin: 12.0pt 0cm 12.0pt 0cm;\"><b><span style=\"font-size: 11.0pt; font-family: 'Arial',sans-serif; color: black;\">Federal Himalaya SUV<\/span><\/b><span style=\"white-space: pre-wrap;\"><span style=\"font-size: 11.0pt; font-family: 'Arial',sans-serif; color: black;\"> ir labas kvalit\u0101tes rad\u017eojamais ziemas riepu modelis. Tas izce\u013cas ar \u012bpa\u0161i agres\u012bvu protektora rakstu, nodro\u0161inot labas sa\u0137eres un manevr\u0113tsp\u0113jas \u012bpa\u0161\u012bbas pat skarbos ziemas apst\u0101k\u013cos. K\u0101 jau var spriest p\u0113c \u0161\u012b riepu mode\u013ca nosaukuma, tas paredz\u0113ts apvidus automa\u0161\u012bn\u0101m jeb SUV un pieejams pla\u0161\u0101 izm\u0113ru kl\u0101st\u0101 no R16, l\u012bdz R20.<\/span><\/span><o:p><\/o:p><\/p>\n<h3 style=\"margin: 14.0pt 0cm 4.0pt 0cm;\"><span style=\"white-space: pre-wrap;\"><span style=\"font-size: 13.0pt; font-family: 'Arial',sans-serif; color: black;\">Federal Himalaya SUV galven\u0101s iez\u012bmes<\/span><\/span><o:p><\/o:p><\/h3>\n<p style=\"margin: 12.0pt 0cm 12.0pt 0cm;\"><span style=\"white-space: pre-wrap;\"><span style=\"font-size: 11.0pt; font-family: 'Arial',sans-serif; color: black;\">+ \u012apa\u0161i agres\u012bvs protektors, kas pal\u012bdz\u0113s c\u012b\u0146\u0101 ar skarbiem ziemas apst\u0101k\u013ciem.<\/span><\/span><o:p><\/o:p><\/p>\n<p style=\"margin: 12.0pt 0cm 12.0pt 0cm;\"><span style=\"white-space: pre-wrap;\"><span style=\"font-size: 11.0pt; font-family: 'Arial',sans-serif; color: black;\">+ Iesp\u0113ja protektora blokos iestr\u0101d\u0101t radzes, uzlabojot sa\u0137eri uz ledus, k\u0101 ar\u012b nodilumiztur\u012bbu.<\/span><\/span><o:p><\/o:p><\/p>\n<p style=\"margin: 12.0pt 0cm 12.0pt 0cm;\"><span style=\"white-space: pre-wrap;\"><span style=\"font-size: 11.0pt; font-family: 'Arial',sans-serif; color: black;\">+ Zems akvaplan\u0113\u0161anas risks.<\/span><\/span><o:p><\/o:p><\/p>\n<p style=\"margin: 12.0pt 0cm 12.0pt 0cm;\"><span style=\"white-space: pre-wrap;\"><span style=\"font-size: 11.0pt; font-family: 'Arial',sans-serif; color: black;\">+ Modelis \u012bpa\u0161i izstr\u0101d\u0101ts apvidus automa\u0161\u012bn\u0101m jeb SUV.<\/span><\/span><o:p><\/o:p><\/p>\n<h3 style=\"margin: 14.0pt 0cm 4.0pt 0cm;\"><span style=\"white-space: pre-wrap;\"><span style=\"font-size: 13.0pt; font-family: 'Arial',sans-serif; color: black;\">Himalaya SUV apr\u012bkojums<\/span><\/span><o:p><\/o:p><\/h3>\n<p style=\"margin: 12.0pt 0cm 12.0pt 0cm;\"><span style=\"white-space: pre-wrap;\"><b><span style=\"font-size: 11.0pt; font-family: 'Arial',sans-serif; color: black;\">Federal Himalaya SUV <\/span><\/b><\/span><span style=\"white-space: pre-wrap;\"><span style=\"font-size: 11.0pt; font-family: 'Arial',sans-serif; color: black;\">rad\u017eojamais ziemas riepu modelis apr\u012bkots ar \u012bpa\u0161i agres\u012bvu virzienveida protektora rakstu. \u0160\u0101ds dizains izv\u0113l\u0113ts, lai uzlabotu riepu veiktsp\u0113ju snieg\u0101 un slapjdra\u0146\u0137\u012b, at\u013caujot savu apvidus auto izvest \u0101rpus asfalt\u0113tiem ce\u013ciem.<\/span><\/span><o:p><\/o:p><\/p>\n<p style=\"margin: 12.0pt 0cm 12.0pt 0cm;\"><span style=\"white-space: pre-wrap;\"><span style=\"font-size: 11.0pt; font-family: 'Arial',sans-serif; color: black;\">Mas\u012bvie V-veida protektora bloki bru\u0146oti ar vair\u0101kiem t\u016bksto\u0161iem s\u012bku iegriezumu jeb lame\u013cu. T\u0101s uzlabo sa\u0137eri ar sabliet\u0113tu sniegu un ledu, slidenaj\u0101s virsm\u0101s iec\u0113rtoties ar as\u0101m kant\u0113m. Turkl\u0101t, protektor\u0101 iesp\u0113jams iestr\u0101d\u0101t radzes, kas b\u016btiski uzlabo sa\u0137eri ar ledu, k\u0101 ar\u012b paildzina riepas m\u016b\u017eu par vid\u0113ji 30%.<\/span><\/span><o:p><\/o:p><\/p>\n<p style=\"margin: 12.0pt 0cm 12.0pt 0cm;\"><span style=\"white-space: pre-wrap;\"><span style=\"font-size: 11.0pt; font-family: 'Arial',sans-serif; color: black;\">Protektora pamat\u0101 atrodams iztur\u012bgs karkass, padarot \u0161o riepu modeli piem\u0113rotu apvidus auto jeb SUV \u012bpa\u0161niekiem, kas ziem\u0101 nereti met izaicin\u0101jumu net\u012br\u012btiem un apledoju\u0161iem lauku vai me\u017ea ce\u013ciem.<\/span><\/span><\/p>\n","protected":false},"excerpt":{"rendered":"<p><b><span style=\"font-size: 11.0pt; font-family: 'Arial',sans-serif; color: black;\">Federal Himalaya SUV<\/span><\/b><span style=\"white-space: pre-wrap;\"><span style=\"font-size: 11.0pt; font-family: 'Arial',sans-serif; color: black;\"> ir labas kvalit\u0101tes rad\u017eojamais ziemas riepu modelis. Tas izce\u013cas ar \u012bpa\u0161i agres\u012bvu protektora rakstu, nodro\u0161inot labas sa\u0137eres un manevr\u0113tsp\u0113jas \u012bpa\u0161\u012bbas pat skarbos ziemas apst\u0101k\u013cos. K\u0101 jau var spriest p\u0113c \u0161\u012b riepu mode\u013ca nosaukuma, tas paredz\u0113ts apvidus automa\u0161\u012bn\u0101m jeb SUV un pieejams pla\u0161\u0101 izm\u0113ru kl\u0101st\u0101 no R16, l\u012bdz R20.<\/span><\/span><\/p>\n","protected":false},"featured_media":1157459,"template":"","meta":{"_acf_changed":false,"ngg_post_thumbnail":0},"product_brand":[],"product_cat":[45,48],"product_tag":[],"class_list":{"0":"post-1268404","1":"product","2":"type-product","3":"status-publish","4":"has-post-thumbnail","6":"product_cat-ziemas-riepas","7":"product_cat-ziemas-ar-radzem","9":"first","10":"instock","11":"sale","12":"taxable","13":"shipping-taxable","14":"purchasable","15":"product-type-simple"},"acf":[],"yoast_head":"<!-- This site is optimized with the Yoast SEO Premium plugin v22.6 (Yoast SEO v27.3) - https:\/\/yoast.com\/product\/yoast-seo-premium-wordpress\/ -->\n<title>225\/55R18 Federal Himalaya SUV 98T DOT22 ar radz\u0113m &#8226; MMK Riepas<\/title>\n<meta name=\"robots\" content=\"index, follow, max-snippet:-1, max-image-preview:large, max-video-preview:-1\" \/>\n<link rel=\"canonical\" href=\"https:\/\/mmkriepas.lv\/en\/p\/225-55r18-federal-himalaya-suv-98t-dot-ar-radzem-2\/\" \/>\n<meta property=\"og:locale\" content=\"en_US\" \/>\n<meta property=\"og:type\" content=\"article\" \/>\n<meta property=\"og:title\" content=\"225\/55R18 Federal Himalaya SUV 98T DOT22 ar radz\u0113m\" \/>\n<meta property=\"og:description\" content=\"Federal Himalaya SUV ir labas kvalit\u0101tes rad\u017eojamais ziemas riepu modelis. Tas izce\u013cas ar \u012bpa\u0161i agres\u012bvu protektora rakstu, nodro\u0161inot labas sa\u0137eres un manevr\u0113tsp\u0113jas \u012bpa\u0161\u012bbas pat skarbos ziemas apst\u0101k\u013cos. K\u0101 jau var spriest p\u0113c \u0161\u012b riepu mode\u013ca nosaukuma, tas paredz\u0113ts apvidus automa\u0161\u012bn\u0101m jeb SUV un pieejams pla\u0161\u0101 izm\u0113ru kl\u0101st\u0101 no R16, l\u012bdz R20.\" \/>\n<meta property=\"og:url\" content=\"https:\/\/mmkriepas.lv\/en\/p\/225-55r18-federal-himalaya-suv-98t-dot-ar-radzem-2\/\" \/>\n<meta property=\"og:site_name\" content=\"MMK Riepas\" \/>\n<meta property=\"article:publisher\" content=\"https:\/\/www.facebook.com\/mmkserviss\/\" \/>\n<meta property=\"article:modified_time\" content=\"2026-03-27T12:54:11+00:00\" \/>\n<meta property=\"og:image\" content=\"https:\/\/mmkriepas.lv\/wp-content\/uploads\/2025\/01\/22555r18-federal-himalaya-suv-98t-dot22-ar-radzem-ziemas-riepas-ziemas-ar-radzem-riepas.jpg\" \/>\n\t<meta property=\"og:image:width\" content=\"900\" \/>\n\t<meta property=\"og:image:height\" content=\"720\" \/>\n\t<meta property=\"og:image:type\" content=\"image\/jpeg\" \/>\n<meta name=\"twitter:card\" content=\"summary_large_image\" \/>\n<meta name=\"twitter:label1\" content=\"Price\" \/>\n\t<meta name=\"twitter:data1\" content=\"&euro;82.00\" \/>\n\t<meta name=\"twitter:label2\" content=\"Availability\" \/>\n\t<meta name=\"twitter:data2\" content=\"In stock\" \/>\n<script type=\"application\/ld+json\" class=\"yoast-schema-graph\">{\"@context\":\"https:\\\/\\\/schema.org\",\"@graph\":[{\"@type\":\"WebPage\",\"@id\":\"https:\\\/\\\/mmkriepas.lv\\\/en\\\/p\\\/225-55r18-federal-himalaya-suv-98t-dot-ar-radzem-2\\\/\",\"url\":\"https:\\\/\\\/mmkriepas.lv\\\/en\\\/p\\\/225-55r18-federal-himalaya-suv-98t-dot-ar-radzem-2\\\/\",\"name\":\"225\\\/55R18 Federal Himalaya SUV 98T DOT22 ar radz\u0113m &#8226; MMK Riepas\",\"isPartOf\":{\"@id\":\"https:\\\/\\\/mmkriepas.lv\\\/en\\\/#website\"},\"primaryImageOfPage\":{\"@id\":\"https:\\\/\\\/mmkriepas.lv\\\/en\\\/p\\\/225-55r18-federal-himalaya-suv-98t-dot-ar-radzem-2\\\/#primaryimage\"},\"image\":{\"@id\":\"https:\\\/\\\/mmkriepas.lv\\\/en\\\/p\\\/225-55r18-federal-himalaya-suv-98t-dot-ar-radzem-2\\\/#primaryimage\"},\"thumbnailUrl\":\"https:\\\/\\\/mmkriepas.lv\\\/wp-content\\\/uploads\\\/2025\\\/01\\\/22555r18-federal-himalaya-suv-98t-dot22-ar-radzem-ziemas-riepas-ziemas-ar-radzem-riepas.jpg\",\"datePublished\":\"2025-08-01T10:15:27+00:00\",\"dateModified\":\"2026-03-27T12:54:11+00:00\",\"breadcrumb\":{\"@id\":\"https:\\\/\\\/mmkriepas.lv\\\/en\\\/p\\\/225-55r18-federal-himalaya-suv-98t-dot-ar-radzem-2\\\/#breadcrumb\"},\"inLanguage\":\"en-US\",\"potentialAction\":[{\"@type\":\"ReadAction\",\"target\":[\"https:\\\/\\\/mmkriepas.lv\\\/en\\\/p\\\/225-55r18-federal-himalaya-suv-98t-dot-ar-radzem-2\\\/\"]}]},{\"@type\":\"ImageObject\",\"inLanguage\":\"en-US\",\"@id\":\"https:\\\/\\\/mmkriepas.lv\\\/en\\\/p\\\/225-55r18-federal-himalaya-suv-98t-dot-ar-radzem-2\\\/#primaryimage\",\"url\":\"https:\\\/\\\/mmkriepas.lv\\\/wp-content\\\/uploads\\\/2025\\\/01\\\/22555r18-federal-himalaya-suv-98t-dot22-ar-radzem-ziemas-riepas-ziemas-ar-radzem-riepas.jpg\",\"contentUrl\":\"https:\\\/\\\/mmkriepas.lv\\\/wp-content\\\/uploads\\\/2025\\\/01\\\/22555r18-federal-himalaya-suv-98t-dot22-ar-radzem-ziemas-riepas-ziemas-ar-radzem-riepas.jpg\",\"width\":900,\"height\":720,\"caption\":\"MAIN\"},{\"@type\":\"BreadcrumbList\",\"@id\":\"https:\\\/\\\/mmkriepas.lv\\\/en\\\/p\\\/225-55r18-federal-himalaya-suv-98t-dot-ar-radzem-2\\\/#breadcrumb\",\"itemListElement\":[{\"@type\":\"ListItem\",\"position\":1,\"name\":\"S\u0101kums\",\"item\":\"https:\\\/\\\/mmkriepas.lv\\\/en\\\/\"},{\"@type\":\"ListItem\",\"position\":2,\"name\":\"225\\\/55R18 Federal Himalaya SUV 98T DOT22 ar radz\u0113m\"}]},{\"@type\":\"WebSite\",\"@id\":\"https:\\\/\\\/mmkriepas.lv\\\/en\\\/#website\",\"url\":\"https:\\\/\\\/mmkriepas.lv\\\/en\\\/\",\"name\":\"MMK Riepas\",\"description\":\"MMK Riepas\",\"alternateName\":\"MMK Riepu Serviss\",\"potentialAction\":[{\"@type\":\"SearchAction\",\"target\":{\"@type\":\"EntryPoint\",\"urlTemplate\":\"https:\\\/\\\/mmkriepas.lv\\\/en\\\/?s={search_term_string}\"},\"query-input\":{\"@type\":\"PropertyValueSpecification\",\"valueRequired\":true,\"valueName\":\"search_term_string\"}}],\"inLanguage\":\"en-US\"},{\"@type\":\"ImageObject\",\"inLanguage\":\"en-US\",\"@id\":\"https:\\\/\\\/mmkriepas.lv\\\/en\\\/p\\\/225-55r18-federal-himalaya-suv-98t-dot-ar-radzem-2\\\/#local-main-organization-logo\",\"url\":\"\",\"contentUrl\":\"\",\"caption\":\"MMK Riepas\"}]}<\/script>\n<meta property=\"product:brand\" content=\"Federal Himalaya SUV\" \/>\n<meta property=\"product:price:amount\" content=\"82.00\" \/>\n<meta property=\"product:price:currency\" content=\"EUR\" \/>\n<meta property=\"og:availability\" content=\"instock\" \/>\n<meta property=\"product:availability\" content=\"instock\" \/>\n<meta property=\"product:retailer_item_id\" content=\"TR2255518FEDER-L50861\" \/>\n<meta property=\"product:condition\" content=\"new\" \/>\n<!-- \/ Yoast SEO Premium plugin. -->","yoast_head_json":{"title":"225\/55R18 Federal Himalaya SUV 98T DOT22 ar radz\u0113m &#8226; MMK Riepas","robots":{"index":"index","follow":"follow","max-snippet":"max-snippet:-1","max-image-preview":"max-image-preview:large","max-video-preview":"max-video-preview:-1"},"canonical":"https:\/\/mmkriepas.lv\/en\/p\/225-55r18-federal-himalaya-suv-98t-dot-ar-radzem-2\/","og_locale":"en_US","og_type":"article","og_title":"225\/55R18 Federal Himalaya SUV 98T DOT22 ar radz\u0113m","og_description":"Federal Himalaya SUV ir labas kvalit\u0101tes rad\u017eojamais ziemas riepu modelis. Tas izce\u013cas ar \u012bpa\u0161i agres\u012bvu protektora rakstu, nodro\u0161inot labas sa\u0137eres un manevr\u0113tsp\u0113jas \u012bpa\u0161\u012bbas pat skarbos ziemas apst\u0101k\u013cos. K\u0101 jau var spriest p\u0113c \u0161\u012b riepu mode\u013ca nosaukuma, tas paredz\u0113ts apvidus automa\u0161\u012bn\u0101m jeb SUV un pieejams pla\u0161\u0101 izm\u0113ru kl\u0101st\u0101 no R16, l\u012bdz R20.","og_url":"https:\/\/mmkriepas.lv\/en\/p\/225-55r18-federal-himalaya-suv-98t-dot-ar-radzem-2\/","og_site_name":"MMK Riepas","article_publisher":"https:\/\/www.facebook.com\/mmkserviss\/","article_modified_time":"2026-03-27T12:54:11+00:00","og_image":[{"width":900,"height":720,"url":"https:\/\/mmkriepas.lv\/wp-content\/uploads\/2025\/01\/22555r18-federal-himalaya-suv-98t-dot22-ar-radzem-ziemas-riepas-ziemas-ar-radzem-riepas.jpg","type":"image\/jpeg"}],"twitter_card":"summary_large_image","twitter_misc":{"Price":"&euro;82.00","Availability":"In stock"},"schema":{"@context":"https:\/\/schema.org","@graph":[{"@type":"WebPage","@id":"https:\/\/mmkriepas.lv\/en\/p\/225-55r18-federal-himalaya-suv-98t-dot-ar-radzem-2\/","url":"https:\/\/mmkriepas.lv\/en\/p\/225-55r18-federal-himalaya-suv-98t-dot-ar-radzem-2\/","name":"225\/55R18 Federal Himalaya SUV 98T DOT22 ar radz\u0113m &#8226; MMK Riepas","isPartOf":{"@id":"https:\/\/mmkriepas.lv\/en\/#website"},"primaryImageOfPage":{"@id":"https:\/\/mmkriepas.lv\/en\/p\/225-55r18-federal-himalaya-suv-98t-dot-ar-radzem-2\/#primaryimage"},"image":{"@id":"https:\/\/mmkriepas.lv\/en\/p\/225-55r18-federal-himalaya-suv-98t-dot-ar-radzem-2\/#primaryimage"},"thumbnailUrl":"https:\/\/mmkriepas.lv\/wp-content\/uploads\/2025\/01\/22555r18-federal-himalaya-suv-98t-dot22-ar-radzem-ziemas-riepas-ziemas-ar-radzem-riepas.jpg","datePublished":"2025-08-01T10:15:27+00:00","dateModified":"2026-03-27T12:54:11+00:00","breadcrumb":{"@id":"https:\/\/mmkriepas.lv\/en\/p\/225-55r18-federal-himalaya-suv-98t-dot-ar-radzem-2\/#breadcrumb"},"inLanguage":"en-US","potentialAction":[{"@type":"ReadAction","target":["https:\/\/mmkriepas.lv\/en\/p\/225-55r18-federal-himalaya-suv-98t-dot-ar-radzem-2\/"]}]},{"@type":"ImageObject","inLanguage":"en-US","@id":"https:\/\/mmkriepas.lv\/en\/p\/225-55r18-federal-himalaya-suv-98t-dot-ar-radzem-2\/#primaryimage","url":"https:\/\/mmkriepas.lv\/wp-content\/uploads\/2025\/01\/22555r18-federal-himalaya-suv-98t-dot22-ar-radzem-ziemas-riepas-ziemas-ar-radzem-riepas.jpg","contentUrl":"https:\/\/mmkriepas.lv\/wp-content\/uploads\/2025\/01\/22555r18-federal-himalaya-suv-98t-dot22-ar-radzem-ziemas-riepas-ziemas-ar-radzem-riepas.jpg","width":900,"height":720,"caption":"MAIN"},{"@type":"BreadcrumbList","@id":"https:\/\/mmkriepas.lv\/en\/p\/225-55r18-federal-himalaya-suv-98t-dot-ar-radzem-2\/#breadcrumb","itemListElement":[{"@type":"ListItem","position":1,"name":"S\u0101kums","item":"https:\/\/mmkriepas.lv\/en\/"},{"@type":"ListItem","position":2,"name":"225\/55R18 Federal Himalaya SUV 98T DOT22 ar radz\u0113m"}]},{"@type":"WebSite","@id":"https:\/\/mmkriepas.lv\/en\/#website","url":"https:\/\/mmkriepas.lv\/en\/","name":"MMK Riepas","description":"MMK Riepas","alternateName":"MMK Riepu Serviss","potentialAction":[{"@type":"SearchAction","target":{"@type":"EntryPoint","urlTemplate":"https:\/\/mmkriepas.lv\/en\/?s={search_term_string}"},"query-input":{"@type":"PropertyValueSpecification","valueRequired":true,"valueName":"search_term_string"}}],"inLanguage":"en-US"},{"@type":"ImageObject","inLanguage":"en-US","@id":"https:\/\/mmkriepas.lv\/en\/p\/225-55r18-federal-himalaya-suv-98t-dot-ar-radzem-2\/#local-main-organization-logo","url":"","contentUrl":"","caption":"MMK Riepas"}]},"product_brand":"Federal Himalaya SUV","product_price_amount":"82.00","product_price_currency":"EUR","og_availability":"instock","product_availability":"instock","product_retailer_item_id":"TR2255518FEDER-L50861","product_condition":"new"},"_links":{"self":[{"href":"https:\/\/mmkriepas.lv\/en\/wp-json\/wp\/v2\/product\/1268404","targetHints":{"allow":["GET"]}}],"collection":[{"href":"https:\/\/mmkriepas.lv\/en\/wp-json\/wp\/v2\/product"}],"about":[{"href":"https:\/\/mmkriepas.lv\/en\/wp-json\/wp\/v2\/types\/product"}],"wp:featuredmedia":[{"embeddable":true,"href":"https:\/\/mmkriepas.lv\/en\/wp-json\/wp\/v2\/media\/1157459"}],"wp:attachment":[{"href":"https:\/\/mmkriepas.lv\/en\/wp-json\/wp\/v2\/media?parent=1268404"}],"wp:term":[{"taxonomy":"product_brand","embeddable":true,"href":"https:\/\/mmkriepas.lv\/en\/wp-json\/wp\/v2\/product_brand?post=1268404"},{"taxonomy":"product_cat","embeddable":true,"href":"https:\/\/mmkriepas.lv\/en\/wp-json\/wp\/v2\/product_cat?post=1268404"},{"taxonomy":"product_tag","embeddable":true,"href":"https:\/\/mmkriepas.lv\/en\/wp-json\/wp\/v2\/product_tag?post=1268404"}],"curies":[{"name":"wp","href":"https:\/\/api.w.org\/{rel}","templated":true}]}}