{"id":1268321,"date":"2025-08-01T12:50:05","date_gmt":"2025-08-01T09:50:05","guid":{"rendered":"https:\/\/mmkriepas.lv\/?post_type=product&#038;p=1268321"},"modified":"2026-03-27T14:53:40","modified_gmt":"2026-03-27T12:53:40","slug":"245-40r18-falken-winterpeak-f-snow-1-97t-xl-mfs-dot22","status":"publish","type":"product","link":"https:\/\/mmkriepas.lv\/en\/p\/245-40r18-falken-winterpeak-f-snow-1-97t-xl-mfs-dot22\/","title":{"rendered":"245\/40R18 Falken WINTERPEAK F-SNOW 1 97T XL MFS DOT22"},"content":{"rendered":"<p><span style=\"font-weight: 400;\"><strong>Falken WINTERPEAK F-SNOW 1<\/strong> ir augstas kvalit\u0101tes Jap\u0101\u0146u Premium klases ziemas riepu modelis. Izce\u013cas ar paaugstin\u0101tiem veiktsp\u0113jas r\u0101d\u012bt\u0101jiem gan uz sausa un slapja asfalta, gan snieg\u0101 un pat uz ledus, k\u0101 ar\u012b ar izteiktu akustisko un brauk\u0161anas komfortu.<\/span><\/p>\n<h3><b>Falken WINTERPEAK F-SNOW 1 galven\u0101s iez\u012bmes<\/b><\/h3>\n<p><span style=\"font-weight: 400;\">+ Izcila sa\u0137ere\u00a0 snieg\u0101 un uz ledus, pateicoties \u012bpa\u0161ai lame\u013cu konstrukcijai.<\/span><\/p>\n<p><span style=\"font-weight: 400;\">+ Augsti att\u012bst\u012bta dren\u0101\u017eas jeb \u016bdens novadkan\u0101lu sist\u0113ma, kas b\u016btiski pazemina akvaplan\u0113\u0161anas risku.<\/span><\/p>\n<p><span style=\"font-weight: 400;\">+ Degvielas ekonomija.<\/span><\/p>\n<p><span style=\"font-weight: 400;\">+ Izteikts akustiskais un brauk\u0161anas komforts.<\/span><\/p>\n<p><span style=\"font-weight: 400;\">+ Palielin\u0101ta nodilumiztur\u012bba.<\/span><\/p>\n<h3><b>WINTERPEAK F-SNOW 1 apr\u012bkojums<\/b><\/h3>\n<p><b>Falken WINTERPEAK F-SNOW 1 <\/b><span style=\"font-weight: 400;\">ziemas riepas apr\u012bkotas ar uzlabotu, agres\u012bvu virzienveida protektora dizainu. Starp t\u0101 simetriski izvietotajiem V-veida protektora blokiem izvietota augsti att\u012bst\u012bta dren\u0101\u017eas jeb \u016bdens novadkan\u0101lu sist\u0113ma. T\u0101 vienlaikus pal\u012bdz atbr\u012bvot riepu kontakta virsmu ar ce\u013cu no \u016bdens, samazinot akvaplan\u0113\u0161anas risku, un uzlabo veiktsp\u0113ju pat dzi\u013c\u0101 snieg\u0101.<\/span><\/p>\n<p><span style=\"font-weight: 400;\">Protektora blokos bl\u012bvi iestr\u0101d\u0101ti vair\u0101ki t\u016bksto\u0161i da\u017e\u0101du tipu lame\u013cu. T\u0101s, l\u012bdz\u012bgi k\u0101 radzes, iec\u0113rtas ledus un sabliet\u0113ta sniega virsm\u0101, ar to veidojot sa\u0137eri.<\/span><\/p>\n<p><b>Falken WINTERPEAK F-SNOW 1 <\/b><span style=\"font-weight: 400;\">protektora izstr\u0101d\u0113 izmantota ar\u012b ACP tehnolo\u0123ija. T\u0101 at\u013cauj palielin\u0101t riepu kontakta virsmu ar ce\u013cu, sa\u012bsinot bremz\u0113\u0161anas ce\u013cu, uzlabojot manevr\u0113tsp\u0113ju un nodro\u0161inot vienm\u0113r\u012bg\u0101ku nodilumu.\u00a0<\/span><\/p>\n","protected":false},"excerpt":{"rendered":"<p><span style=\"font-weight: 400;\"><strong>Falken WINTERPEAK F-SNOW 1<\/strong> ir augstas kvalit\u0101tes Jap\u0101\u0146u Premium klases ziemas riepu modelis. Izce\u013cas ar paaugstin\u0101tiem veiktsp\u0113jas r\u0101d\u012bt\u0101jiem gan uz sausa un slapja asfalta, gan snieg\u0101 un pat uz ledus, k\u0101 ar\u012b ar izteiktu akustisko un brauk\u0161anas komfortu.<\/span><\/p>\n","protected":false},"featured_media":1268319,"template":"","meta":{"_acf_changed":false,"ngg_post_thumbnail":0},"product_brand":[],"product_cat":[47,45],"product_tag":[],"class_list":{"0":"post-1268321","1":"product","2":"type-product","3":"status-publish","4":"has-post-thumbnail","6":"product_cat-vissezonas-riepas","7":"product_cat-ziemas-riepas","9":"first","10":"instock","11":"sale","12":"taxable","13":"shipping-taxable","14":"purchasable","15":"product-type-simple"},"acf":[],"yoast_head":"<!-- This site is optimized with the Yoast SEO Premium plugin v22.6 (Yoast SEO v27.3) - https:\/\/yoast.com\/product\/yoast-seo-premium-wordpress\/ -->\n<title>245\/40R18 Falken WINTERPEAK F-SNOW 1 97T XL MFS DOT22 &#8226; MMK Riepas<\/title>\n<meta name=\"robots\" content=\"index, follow, max-snippet:-1, max-image-preview:large, max-video-preview:-1\" \/>\n<link rel=\"canonical\" href=\"https:\/\/mmkriepas.lv\/en\/p\/245-40r18-falken-winterpeak-f-snow-1-97t-xl-mfs-dot22\/\" \/>\n<meta property=\"og:locale\" content=\"en_US\" \/>\n<meta property=\"og:type\" content=\"article\" \/>\n<meta property=\"og:title\" content=\"245\/40R18 Falken WINTERPEAK F-SNOW 1 97T XL MFS DOT22\" \/>\n<meta property=\"og:description\" content=\"Falken WINTERPEAK F-SNOW 1 ir augstas kvalit\u0101tes Jap\u0101\u0146u Premium klases ziemas riepu modelis. Izce\u013cas ar paaugstin\u0101tiem veiktsp\u0113jas r\u0101d\u012bt\u0101jiem gan uz sausa un slapja asfalta, gan snieg\u0101 un pat uz ledus, k\u0101 ar\u012b ar izteiktu akustisko un brauk\u0161anas komfortu.\" \/>\n<meta property=\"og:url\" content=\"https:\/\/mmkriepas.lv\/en\/p\/245-40r18-falken-winterpeak-f-snow-1-97t-xl-mfs-dot22\/\" \/>\n<meta property=\"og:site_name\" content=\"MMK Riepas\" \/>\n<meta property=\"article:publisher\" content=\"https:\/\/www.facebook.com\/mmkserviss\/\" \/>\n<meta property=\"article:modified_time\" content=\"2026-03-27T12:53:40+00:00\" \/>\n<meta property=\"og:image\" content=\"https:\/\/mmkriepas.lv\/wp-content\/uploads\/2025\/08\/24540r18-falken-winterpeak-f-snow-1-97t-xl-dot-ziemas-riepas.jpg\" \/>\n\t<meta property=\"og:image:width\" content=\"800\" \/>\n\t<meta property=\"og:image:height\" content=\"800\" \/>\n\t<meta property=\"og:image:type\" content=\"image\/jpeg\" \/>\n<meta name=\"twitter:card\" content=\"summary_large_image\" \/>\n<meta name=\"twitter:label1\" content=\"Price\" \/>\n\t<meta name=\"twitter:data1\" content=\"&euro;143.00\" \/>\n\t<meta name=\"twitter:label2\" content=\"Availability\" \/>\n\t<meta name=\"twitter:data2\" content=\"In stock\" \/>\n<script type=\"application\/ld+json\" class=\"yoast-schema-graph\">{\"@context\":\"https:\\\/\\\/schema.org\",\"@graph\":[{\"@type\":\"WebPage\",\"@id\":\"https:\\\/\\\/mmkriepas.lv\\\/en\\\/p\\\/245-40r18-falken-winterpeak-f-snow-1-97t-xl-mfs-dot22\\\/\",\"url\":\"https:\\\/\\\/mmkriepas.lv\\\/en\\\/p\\\/245-40r18-falken-winterpeak-f-snow-1-97t-xl-mfs-dot22\\\/\",\"name\":\"245\\\/40R18 Falken WINTERPEAK F-SNOW 1 97T XL MFS DOT22 &#8226; MMK Riepas\",\"isPartOf\":{\"@id\":\"https:\\\/\\\/mmkriepas.lv\\\/en\\\/#website\"},\"primaryImageOfPage\":{\"@id\":\"https:\\\/\\\/mmkriepas.lv\\\/en\\\/p\\\/245-40r18-falken-winterpeak-f-snow-1-97t-xl-mfs-dot22\\\/#primaryimage\"},\"image\":{\"@id\":\"https:\\\/\\\/mmkriepas.lv\\\/en\\\/p\\\/245-40r18-falken-winterpeak-f-snow-1-97t-xl-mfs-dot22\\\/#primaryimage\"},\"thumbnailUrl\":\"https:\\\/\\\/mmkriepas.lv\\\/wp-content\\\/uploads\\\/2025\\\/08\\\/24540r18-falken-winterpeak-f-snow-1-97t-xl-dot-ziemas-riepas.jpg\",\"datePublished\":\"2025-08-01T09:50:05+00:00\",\"dateModified\":\"2026-03-27T12:53:40+00:00\",\"breadcrumb\":{\"@id\":\"https:\\\/\\\/mmkriepas.lv\\\/en\\\/p\\\/245-40r18-falken-winterpeak-f-snow-1-97t-xl-mfs-dot22\\\/#breadcrumb\"},\"inLanguage\":\"en-US\",\"potentialAction\":[{\"@type\":\"ReadAction\",\"target\":[\"https:\\\/\\\/mmkriepas.lv\\\/en\\\/p\\\/245-40r18-falken-winterpeak-f-snow-1-97t-xl-mfs-dot22\\\/\"]}]},{\"@type\":\"ImageObject\",\"inLanguage\":\"en-US\",\"@id\":\"https:\\\/\\\/mmkriepas.lv\\\/en\\\/p\\\/245-40r18-falken-winterpeak-f-snow-1-97t-xl-mfs-dot22\\\/#primaryimage\",\"url\":\"https:\\\/\\\/mmkriepas.lv\\\/wp-content\\\/uploads\\\/2025\\\/08\\\/24540r18-falken-winterpeak-f-snow-1-97t-xl-dot-ziemas-riepas.jpg\",\"contentUrl\":\"https:\\\/\\\/mmkriepas.lv\\\/wp-content\\\/uploads\\\/2025\\\/08\\\/24540r18-falken-winterpeak-f-snow-1-97t-xl-dot-ziemas-riepas.jpg\",\"width\":800,\"height\":800,\"caption\":\"245\\\/40R18 FALKEN WINTERPEAK F-SNOW 1 97T XL DOT - Ziemas riepas\"},{\"@type\":\"BreadcrumbList\",\"@id\":\"https:\\\/\\\/mmkriepas.lv\\\/en\\\/p\\\/245-40r18-falken-winterpeak-f-snow-1-97t-xl-mfs-dot22\\\/#breadcrumb\",\"itemListElement\":[{\"@type\":\"ListItem\",\"position\":1,\"name\":\"S\u0101kums\",\"item\":\"https:\\\/\\\/mmkriepas.lv\\\/en\\\/\"},{\"@type\":\"ListItem\",\"position\":2,\"name\":\"245\\\/40R18 Falken WINTERPEAK F-SNOW 1 97T XL MFS DOT22\"}]},{\"@type\":\"WebSite\",\"@id\":\"https:\\\/\\\/mmkriepas.lv\\\/en\\\/#website\",\"url\":\"https:\\\/\\\/mmkriepas.lv\\\/en\\\/\",\"name\":\"MMK Riepas\",\"description\":\"MMK Riepas\",\"alternateName\":\"MMK Riepu Serviss\",\"potentialAction\":[{\"@type\":\"SearchAction\",\"target\":{\"@type\":\"EntryPoint\",\"urlTemplate\":\"https:\\\/\\\/mmkriepas.lv\\\/en\\\/?s={search_term_string}\"},\"query-input\":{\"@type\":\"PropertyValueSpecification\",\"valueRequired\":true,\"valueName\":\"search_term_string\"}}],\"inLanguage\":\"en-US\"},{\"@type\":\"ImageObject\",\"inLanguage\":\"en-US\",\"@id\":\"https:\\\/\\\/mmkriepas.lv\\\/en\\\/p\\\/245-40r18-falken-winterpeak-f-snow-1-97t-xl-mfs-dot22\\\/#local-main-organization-logo\",\"url\":\"\",\"contentUrl\":\"\",\"caption\":\"MMK Riepas\"}]}<\/script>\n<meta property=\"product:brand\" content=\"Falken WINTERPEAK F-SNOW 1\" \/>\n<meta property=\"product:price:amount\" content=\"143.00\" \/>\n<meta property=\"product:price:currency\" content=\"EUR\" \/>\n<meta property=\"og:availability\" content=\"instock\" \/>\n<meta property=\"product:availability\" content=\"instock\" \/>\n<meta property=\"product:retailer_item_id\" content=\"TW2454018FALKE-L50300\" \/>\n<meta property=\"product:condition\" content=\"new\" \/>\n<!-- \/ Yoast SEO Premium plugin. -->","yoast_head_json":{"title":"245\/40R18 Falken WINTERPEAK F-SNOW 1 97T XL MFS DOT22 &#8226; MMK Riepas","robots":{"index":"index","follow":"follow","max-snippet":"max-snippet:-1","max-image-preview":"max-image-preview:large","max-video-preview":"max-video-preview:-1"},"canonical":"https:\/\/mmkriepas.lv\/en\/p\/245-40r18-falken-winterpeak-f-snow-1-97t-xl-mfs-dot22\/","og_locale":"en_US","og_type":"article","og_title":"245\/40R18 Falken WINTERPEAK F-SNOW 1 97T XL MFS DOT22","og_description":"Falken WINTERPEAK F-SNOW 1 ir augstas kvalit\u0101tes Jap\u0101\u0146u Premium klases ziemas riepu modelis. Izce\u013cas ar paaugstin\u0101tiem veiktsp\u0113jas r\u0101d\u012bt\u0101jiem gan uz sausa un slapja asfalta, gan snieg\u0101 un pat uz ledus, k\u0101 ar\u012b ar izteiktu akustisko un brauk\u0161anas komfortu.","og_url":"https:\/\/mmkriepas.lv\/en\/p\/245-40r18-falken-winterpeak-f-snow-1-97t-xl-mfs-dot22\/","og_site_name":"MMK Riepas","article_publisher":"https:\/\/www.facebook.com\/mmkserviss\/","article_modified_time":"2026-03-27T12:53:40+00:00","og_image":[{"width":800,"height":800,"url":"https:\/\/mmkriepas.lv\/wp-content\/uploads\/2025\/08\/24540r18-falken-winterpeak-f-snow-1-97t-xl-dot-ziemas-riepas.jpg","type":"image\/jpeg"}],"twitter_card":"summary_large_image","twitter_misc":{"Price":"&euro;143.00","Availability":"In stock"},"schema":{"@context":"https:\/\/schema.org","@graph":[{"@type":"WebPage","@id":"https:\/\/mmkriepas.lv\/en\/p\/245-40r18-falken-winterpeak-f-snow-1-97t-xl-mfs-dot22\/","url":"https:\/\/mmkriepas.lv\/en\/p\/245-40r18-falken-winterpeak-f-snow-1-97t-xl-mfs-dot22\/","name":"245\/40R18 Falken WINTERPEAK F-SNOW 1 97T XL MFS DOT22 &#8226; MMK Riepas","isPartOf":{"@id":"https:\/\/mmkriepas.lv\/en\/#website"},"primaryImageOfPage":{"@id":"https:\/\/mmkriepas.lv\/en\/p\/245-40r18-falken-winterpeak-f-snow-1-97t-xl-mfs-dot22\/#primaryimage"},"image":{"@id":"https:\/\/mmkriepas.lv\/en\/p\/245-40r18-falken-winterpeak-f-snow-1-97t-xl-mfs-dot22\/#primaryimage"},"thumbnailUrl":"https:\/\/mmkriepas.lv\/wp-content\/uploads\/2025\/08\/24540r18-falken-winterpeak-f-snow-1-97t-xl-dot-ziemas-riepas.jpg","datePublished":"2025-08-01T09:50:05+00:00","dateModified":"2026-03-27T12:53:40+00:00","breadcrumb":{"@id":"https:\/\/mmkriepas.lv\/en\/p\/245-40r18-falken-winterpeak-f-snow-1-97t-xl-mfs-dot22\/#breadcrumb"},"inLanguage":"en-US","potentialAction":[{"@type":"ReadAction","target":["https:\/\/mmkriepas.lv\/en\/p\/245-40r18-falken-winterpeak-f-snow-1-97t-xl-mfs-dot22\/"]}]},{"@type":"ImageObject","inLanguage":"en-US","@id":"https:\/\/mmkriepas.lv\/en\/p\/245-40r18-falken-winterpeak-f-snow-1-97t-xl-mfs-dot22\/#primaryimage","url":"https:\/\/mmkriepas.lv\/wp-content\/uploads\/2025\/08\/24540r18-falken-winterpeak-f-snow-1-97t-xl-dot-ziemas-riepas.jpg","contentUrl":"https:\/\/mmkriepas.lv\/wp-content\/uploads\/2025\/08\/24540r18-falken-winterpeak-f-snow-1-97t-xl-dot-ziemas-riepas.jpg","width":800,"height":800,"caption":"245\/40R18 FALKEN WINTERPEAK F-SNOW 1 97T XL DOT - Ziemas riepas"},{"@type":"BreadcrumbList","@id":"https:\/\/mmkriepas.lv\/en\/p\/245-40r18-falken-winterpeak-f-snow-1-97t-xl-mfs-dot22\/#breadcrumb","itemListElement":[{"@type":"ListItem","position":1,"name":"S\u0101kums","item":"https:\/\/mmkriepas.lv\/en\/"},{"@type":"ListItem","position":2,"name":"245\/40R18 Falken WINTERPEAK F-SNOW 1 97T XL MFS DOT22"}]},{"@type":"WebSite","@id":"https:\/\/mmkriepas.lv\/en\/#website","url":"https:\/\/mmkriepas.lv\/en\/","name":"MMK Riepas","description":"MMK Riepas","alternateName":"MMK Riepu Serviss","potentialAction":[{"@type":"SearchAction","target":{"@type":"EntryPoint","urlTemplate":"https:\/\/mmkriepas.lv\/en\/?s={search_term_string}"},"query-input":{"@type":"PropertyValueSpecification","valueRequired":true,"valueName":"search_term_string"}}],"inLanguage":"en-US"},{"@type":"ImageObject","inLanguage":"en-US","@id":"https:\/\/mmkriepas.lv\/en\/p\/245-40r18-falken-winterpeak-f-snow-1-97t-xl-mfs-dot22\/#local-main-organization-logo","url":"","contentUrl":"","caption":"MMK Riepas"}]},"product_brand":"Falken WINTERPEAK F-SNOW 1","product_price_amount":"143.00","product_price_currency":"EUR","og_availability":"instock","product_availability":"instock","product_retailer_item_id":"TW2454018FALKE-L50300","product_condition":"new"},"_links":{"self":[{"href":"https:\/\/mmkriepas.lv\/en\/wp-json\/wp\/v2\/product\/1268321","targetHints":{"allow":["GET"]}}],"collection":[{"href":"https:\/\/mmkriepas.lv\/en\/wp-json\/wp\/v2\/product"}],"about":[{"href":"https:\/\/mmkriepas.lv\/en\/wp-json\/wp\/v2\/types\/product"}],"wp:featuredmedia":[{"embeddable":true,"href":"https:\/\/mmkriepas.lv\/en\/wp-json\/wp\/v2\/media\/1268319"}],"wp:attachment":[{"href":"https:\/\/mmkriepas.lv\/en\/wp-json\/wp\/v2\/media?parent=1268321"}],"wp:term":[{"taxonomy":"product_brand","embeddable":true,"href":"https:\/\/mmkriepas.lv\/en\/wp-json\/wp\/v2\/product_brand?post=1268321"},{"taxonomy":"product_cat","embeddable":true,"href":"https:\/\/mmkriepas.lv\/en\/wp-json\/wp\/v2\/product_cat?post=1268321"},{"taxonomy":"product_tag","embeddable":true,"href":"https:\/\/mmkriepas.lv\/en\/wp-json\/wp\/v2\/product_tag?post=1268321"}],"curies":[{"name":"wp","href":"https:\/\/api.w.org\/{rel}","templated":true}]}}