{"id":1268213,"date":"2025-08-01T12:16:33","date_gmt":"2025-08-01T09:16:33","guid":{"rendered":"https:\/\/mmkriepas.lv\/?post_type=product&#038;p=1268213"},"modified":"2026-03-27T14:53:18","modified_gmt":"2026-03-27T12:53:18","slug":"315-40r21-pirelli-scorpion-winter-115w-xl-dot","status":"publish","type":"product","link":"https:\/\/mmkriepas.lv\/en\/p\/315-40r21-pirelli-scorpion-winter-115w-xl-dot\/","title":{"rendered":"315\/40R21 Pirelli SCORPION Winter 115W XL L FSL DOT22"},"content":{"rendered":"<p><b><span style=\"font-family: 'Arial',sans-serif;\">Pirelli SCORPION Winter<\/span><\/b><span style=\"font-family: 'Arial',sans-serif;\"> ir augst\u0101k\u0101s kvalit\u0101tes <\/span><a href=\"https:\/\/mmkriepas.lv\/riepas\/ziemas-riepas\/\"><span style=\"font-family: 'Arial',sans-serif;\">ziemas riepu modelis<\/span><\/a><span style=\"font-family: 'Arial',sans-serif;\">, kas paredz\u0113ts jaud\u012bgiem luksus klases apvidus jeb SUV automobi\u013ciem. \u0160is riepu modelis izce\u013cas ar teicamu veiktsp\u0113ju snieg\u0101, uz ledus, k\u0101 ar\u012b uz sausa un slapja asfalta.\u00a0<o:p><\/o:p><\/span><\/p>\n<h3><span style=\"font-family: 'Arial',sans-serif;\">SCORPION Winter galven\u0101s iez\u012bmes:<o:p><\/o:p><\/span><\/h3>\n<p><span style=\"font-family: 'Arial',sans-serif;\">+ Augst\u0101k\u0101s veiktsp\u0113jas riepas, kas paredz\u0113tas jaud\u012bgiem luksus klases apvidus auto, <o:p><\/o:p><\/span><\/p>\n<p><span style=\"font-family: 'Arial',sans-serif;\">+ Teicama sa\u0137ere jebk\u0101dos brauk\u0161anas apst\u0101k\u013cos, <o:p><\/o:p><\/span><\/p>\n<p><span style=\"font-family: 'Arial',sans-serif;\">+ Uzlabots virzienveida protektors, kas pal\u012bdz c\u012b\u0146\u0101 ar sniegu, <o:p><\/o:p><\/span><\/p>\n<p><span style=\"font-family: 'Arial',sans-serif;\">+ Samazin\u0101ts akvaplan\u0113\u0161anas risks, pateicoties att\u012bst\u012btai dren\u0101\u017eas kan\u0101lu sist\u0113mai, <o:p><\/o:p><\/span><\/p>\n<p><span style=\"font-family: 'Arial',sans-serif;\">+ \u012apa\u0161s lame\u013cu dizains un palielin\u0101ts to skaits uzlabo sa\u0137eri uz ledus, <o:p><\/o:p><\/span><\/p>\n<p><span style=\"font-family: 'Arial',sans-serif;\">+ Runflat tehnolo\u0123ija, kas at\u013cauj braukt ar riepu bez gaisa.<o:p><\/o:p><\/span><\/p>\n<h3><span style=\"font-family: 'Arial',sans-serif;\">SCORPION Winter apr\u012bkojums<o:p><\/o:p><\/span><\/h3>\n<p><b><span style=\"font-family: 'Arial',sans-serif;\">Pirelli SCORPION Winter <\/span><\/b><span style=\"font-family: 'Arial',sans-serif;\">riepas apr\u012bkotas ar agres\u012bvu virzienveida protektora dizainu, kur\u0161 lab\u0101kai veiktsp\u0113jai test\u0113ts 3 da\u017e\u0101dos kontinentos &#8211; Eirop\u0101, Amerik\u0101 un Austr\u0101lij\u0101. T\u0101 mas\u012bvajos blokos \u012bpa\u0161i izvietotas lameles, k\u0101 ar\u012b palielin\u0101ts to skaits, b\u016btiski uzlabojot sa\u0137eri snieg\u0101 un uz ledus.\u00a0 Riepas centr\u0101laj\u0101 da\u013c\u0101 izvietoti V-veida protektora bloki, kas uzlabo riepu sa\u0137eri dzi\u013c\u0101 snieg\u0101.\u00a0 Riepas centr\u0101l\u0101 protektora bloku virkne atdal\u012bta no plecu zon\u0101m, vienlaikus uzlabojot stabilit\u0101ti lielos brauk\u0161anas \u0101trumos, k\u0101 ar\u012b samazinot akvaplan\u0113\u0161anas risku. \u0160\u012b riepu mode\u013ca konstrukcij\u0101 izmantoti jauni materi\u0101li, kas at\u013c\u0101vis padar\u012bt riepu iztur\u012bg\u0101ku pret triecieniem un viegl\u0101ku, samazinot ar\u012b degvielas pat\u0113ri\u0146u. Jaunais korpusa dizains uzlabojis ar\u012b manevr\u0113tsp\u0113ju pat lielos brauk\u0161anas \u0101trumos.<\/span><\/p>\n","protected":false},"excerpt":{"rendered":"<p><b><span style=\"font-family: 'Arial',sans-serif;\">Pirelli SCORPION Winter<\/span><\/b><span style=\"font-family: 'Arial',sans-serif;\"> ir augst\u0101k\u0101s kvalit\u0101tes <\/span><a href=\"https:\/\/mmkriepas.lv\/riepas\/ziemas-riepas\/\"><span style=\"font-family: 'Arial',sans-serif;\">ziemas riepu modelis<\/span><\/a><span style=\"font-family: 'Arial',sans-serif;\">, kas paredz\u0113ts jaud\u012bgiem luksus klases apvidus jeb SUV automobi\u013ciem. \u0160is riepu modelis izce\u013cas ar teicamu veiktsp\u0113ju snieg\u0101, uz ledus, k\u0101 ar\u012b uz sausa un slapja asfalta.\u00a0<\/span><\/p>\n","protected":false},"featured_media":1129675,"template":"","meta":{"_acf_changed":false,"ngg_post_thumbnail":0},"product_brand":[],"product_cat":[47,45],"product_tag":[],"class_list":{"0":"post-1268213","1":"product","2":"type-product","3":"status-publish","4":"has-post-thumbnail","6":"product_cat-vissezonas-riepas","7":"product_cat-ziemas-riepas","9":"first","10":"instock","11":"sale","12":"taxable","13":"shipping-taxable","14":"purchasable","15":"product-type-simple"},"acf":[],"yoast_head":"<!-- This site is optimized with the Yoast SEO Premium plugin v22.6 (Yoast SEO v27.3) - https:\/\/yoast.com\/product\/yoast-seo-premium-wordpress\/ -->\n<title>315\/40R21 Pirelli SCORPION Winter 115W XL L FSL DOT22 &#8226; MMK Riepas<\/title>\n<meta name=\"robots\" content=\"index, follow, max-snippet:-1, max-image-preview:large, max-video-preview:-1\" \/>\n<link rel=\"canonical\" href=\"https:\/\/mmkriepas.lv\/en\/p\/315-40r21-pirelli-scorpion-winter-115w-xl-dot\/\" \/>\n<meta property=\"og:locale\" content=\"en_US\" \/>\n<meta property=\"og:type\" content=\"article\" \/>\n<meta property=\"og:title\" content=\"315\/40R21 Pirelli SCORPION Winter 115W XL L FSL DOT22\" \/>\n<meta property=\"og:description\" content=\"Pirelli SCORPION Winter ir augst\u0101k\u0101s kvalit\u0101tes ziemas riepu modelis, kas paredz\u0113ts jaud\u012bgiem luksus klases apvidus jeb SUV automobi\u013ciem. \u0160is riepu modelis izce\u013cas ar teicamu veiktsp\u0113ju snieg\u0101, uz ledus, k\u0101 ar\u012b uz sausa un slapja asfalta.\u00a0\" \/>\n<meta property=\"og:url\" content=\"https:\/\/mmkriepas.lv\/en\/p\/315-40r21-pirelli-scorpion-winter-115w-xl-dot\/\" \/>\n<meta property=\"og:site_name\" content=\"MMK Riepas\" \/>\n<meta property=\"article:publisher\" content=\"https:\/\/www.facebook.com\/mmkserviss\/\" \/>\n<meta property=\"article:modified_time\" content=\"2026-03-27T12:53:18+00:00\" \/>\n<meta property=\"og:image\" content=\"https:\/\/mmkriepas.lv\/wp-content\/uploads\/2024\/11\/PIRELLI-SCORPION-WINTER.jpg\" \/>\n\t<meta property=\"og:image:width\" content=\"900\" \/>\n\t<meta property=\"og:image:height\" content=\"720\" \/>\n\t<meta property=\"og:image:type\" content=\"image\/jpeg\" \/>\n<meta name=\"twitter:card\" content=\"summary_large_image\" \/>\n<meta name=\"twitter:label1\" content=\"Price\" \/>\n\t<meta name=\"twitter:data1\" content=\"&euro;524.00\" \/>\n\t<meta name=\"twitter:label2\" content=\"Availability\" \/>\n\t<meta name=\"twitter:data2\" content=\"In stock\" \/>\n<script type=\"application\/ld+json\" class=\"yoast-schema-graph\">{\"@context\":\"https:\\\/\\\/schema.org\",\"@graph\":[{\"@type\":\"WebPage\",\"@id\":\"https:\\\/\\\/mmkriepas.lv\\\/en\\\/p\\\/315-40r21-pirelli-scorpion-winter-115w-xl-dot\\\/\",\"url\":\"https:\\\/\\\/mmkriepas.lv\\\/en\\\/p\\\/315-40r21-pirelli-scorpion-winter-115w-xl-dot\\\/\",\"name\":\"315\\\/40R21 Pirelli SCORPION Winter 115W XL L FSL DOT22 &#8226; MMK Riepas\",\"isPartOf\":{\"@id\":\"https:\\\/\\\/mmkriepas.lv\\\/en\\\/#website\"},\"primaryImageOfPage\":{\"@id\":\"https:\\\/\\\/mmkriepas.lv\\\/en\\\/p\\\/315-40r21-pirelli-scorpion-winter-115w-xl-dot\\\/#primaryimage\"},\"image\":{\"@id\":\"https:\\\/\\\/mmkriepas.lv\\\/en\\\/p\\\/315-40r21-pirelli-scorpion-winter-115w-xl-dot\\\/#primaryimage\"},\"thumbnailUrl\":\"https:\\\/\\\/mmkriepas.lv\\\/wp-content\\\/uploads\\\/2024\\\/11\\\/PIRELLI-SCORPION-WINTER.jpg\",\"datePublished\":\"2025-08-01T09:16:33+00:00\",\"dateModified\":\"2026-03-27T12:53:18+00:00\",\"breadcrumb\":{\"@id\":\"https:\\\/\\\/mmkriepas.lv\\\/en\\\/p\\\/315-40r21-pirelli-scorpion-winter-115w-xl-dot\\\/#breadcrumb\"},\"inLanguage\":\"en-US\",\"potentialAction\":[{\"@type\":\"ReadAction\",\"target\":[\"https:\\\/\\\/mmkriepas.lv\\\/en\\\/p\\\/315-40r21-pirelli-scorpion-winter-115w-xl-dot\\\/\"]}]},{\"@type\":\"ImageObject\",\"inLanguage\":\"en-US\",\"@id\":\"https:\\\/\\\/mmkriepas.lv\\\/en\\\/p\\\/315-40r21-pirelli-scorpion-winter-115w-xl-dot\\\/#primaryimage\",\"url\":\"https:\\\/\\\/mmkriepas.lv\\\/wp-content\\\/uploads\\\/2024\\\/11\\\/PIRELLI-SCORPION-WINTER.jpg\",\"contentUrl\":\"https:\\\/\\\/mmkriepas.lv\\\/wp-content\\\/uploads\\\/2024\\\/11\\\/PIRELLI-SCORPION-WINTER.jpg\",\"width\":900,\"height\":720,\"caption\":\"MAIN\"},{\"@type\":\"BreadcrumbList\",\"@id\":\"https:\\\/\\\/mmkriepas.lv\\\/en\\\/p\\\/315-40r21-pirelli-scorpion-winter-115w-xl-dot\\\/#breadcrumb\",\"itemListElement\":[{\"@type\":\"ListItem\",\"position\":1,\"name\":\"S\u0101kums\",\"item\":\"https:\\\/\\\/mmkriepas.lv\\\/en\\\/\"},{\"@type\":\"ListItem\",\"position\":2,\"name\":\"315\\\/40R21 Pirelli SCORPION Winter 115W XL L FSL DOT22\"}]},{\"@type\":\"WebSite\",\"@id\":\"https:\\\/\\\/mmkriepas.lv\\\/en\\\/#website\",\"url\":\"https:\\\/\\\/mmkriepas.lv\\\/en\\\/\",\"name\":\"MMK Riepas\",\"description\":\"MMK Riepas\",\"alternateName\":\"MMK Riepu Serviss\",\"potentialAction\":[{\"@type\":\"SearchAction\",\"target\":{\"@type\":\"EntryPoint\",\"urlTemplate\":\"https:\\\/\\\/mmkriepas.lv\\\/en\\\/?s={search_term_string}\"},\"query-input\":{\"@type\":\"PropertyValueSpecification\",\"valueRequired\":true,\"valueName\":\"search_term_string\"}}],\"inLanguage\":\"en-US\"},{\"@type\":\"ImageObject\",\"inLanguage\":\"en-US\",\"@id\":\"https:\\\/\\\/mmkriepas.lv\\\/en\\\/p\\\/315-40r21-pirelli-scorpion-winter-115w-xl-dot\\\/#local-main-organization-logo\",\"url\":\"\",\"contentUrl\":\"\",\"caption\":\"MMK Riepas\"}]}<\/script>\n<meta property=\"product:brand\" content=\"Pirelli SCORPION Winter\" \/>\n<meta property=\"product:price:amount\" content=\"524.00\" \/>\n<meta property=\"product:price:currency\" content=\"EUR\" \/>\n<meta property=\"og:availability\" content=\"instock\" \/>\n<meta property=\"product:availability\" content=\"instock\" \/>\n<meta property=\"product:retailer_item_id\" content=\"TW3154021PIREL-L50829\" \/>\n<meta property=\"product:condition\" content=\"new\" \/>\n<!-- \/ Yoast SEO Premium plugin. -->","yoast_head_json":{"title":"315\/40R21 Pirelli SCORPION Winter 115W XL L FSL DOT22 &#8226; MMK Riepas","robots":{"index":"index","follow":"follow","max-snippet":"max-snippet:-1","max-image-preview":"max-image-preview:large","max-video-preview":"max-video-preview:-1"},"canonical":"https:\/\/mmkriepas.lv\/en\/p\/315-40r21-pirelli-scorpion-winter-115w-xl-dot\/","og_locale":"en_US","og_type":"article","og_title":"315\/40R21 Pirelli SCORPION Winter 115W XL L FSL DOT22","og_description":"Pirelli SCORPION Winter ir augst\u0101k\u0101s kvalit\u0101tes ziemas riepu modelis, kas paredz\u0113ts jaud\u012bgiem luksus klases apvidus jeb SUV automobi\u013ciem. \u0160is riepu modelis izce\u013cas ar teicamu veiktsp\u0113ju snieg\u0101, uz ledus, k\u0101 ar\u012b uz sausa un slapja asfalta.\u00a0","og_url":"https:\/\/mmkriepas.lv\/en\/p\/315-40r21-pirelli-scorpion-winter-115w-xl-dot\/","og_site_name":"MMK Riepas","article_publisher":"https:\/\/www.facebook.com\/mmkserviss\/","article_modified_time":"2026-03-27T12:53:18+00:00","og_image":[{"width":900,"height":720,"url":"https:\/\/mmkriepas.lv\/wp-content\/uploads\/2024\/11\/PIRELLI-SCORPION-WINTER.jpg","type":"image\/jpeg"}],"twitter_card":"summary_large_image","twitter_misc":{"Price":"&euro;524.00","Availability":"In stock"},"schema":{"@context":"https:\/\/schema.org","@graph":[{"@type":"WebPage","@id":"https:\/\/mmkriepas.lv\/en\/p\/315-40r21-pirelli-scorpion-winter-115w-xl-dot\/","url":"https:\/\/mmkriepas.lv\/en\/p\/315-40r21-pirelli-scorpion-winter-115w-xl-dot\/","name":"315\/40R21 Pirelli SCORPION Winter 115W XL L FSL DOT22 &#8226; MMK Riepas","isPartOf":{"@id":"https:\/\/mmkriepas.lv\/en\/#website"},"primaryImageOfPage":{"@id":"https:\/\/mmkriepas.lv\/en\/p\/315-40r21-pirelli-scorpion-winter-115w-xl-dot\/#primaryimage"},"image":{"@id":"https:\/\/mmkriepas.lv\/en\/p\/315-40r21-pirelli-scorpion-winter-115w-xl-dot\/#primaryimage"},"thumbnailUrl":"https:\/\/mmkriepas.lv\/wp-content\/uploads\/2024\/11\/PIRELLI-SCORPION-WINTER.jpg","datePublished":"2025-08-01T09:16:33+00:00","dateModified":"2026-03-27T12:53:18+00:00","breadcrumb":{"@id":"https:\/\/mmkriepas.lv\/en\/p\/315-40r21-pirelli-scorpion-winter-115w-xl-dot\/#breadcrumb"},"inLanguage":"en-US","potentialAction":[{"@type":"ReadAction","target":["https:\/\/mmkriepas.lv\/en\/p\/315-40r21-pirelli-scorpion-winter-115w-xl-dot\/"]}]},{"@type":"ImageObject","inLanguage":"en-US","@id":"https:\/\/mmkriepas.lv\/en\/p\/315-40r21-pirelli-scorpion-winter-115w-xl-dot\/#primaryimage","url":"https:\/\/mmkriepas.lv\/wp-content\/uploads\/2024\/11\/PIRELLI-SCORPION-WINTER.jpg","contentUrl":"https:\/\/mmkriepas.lv\/wp-content\/uploads\/2024\/11\/PIRELLI-SCORPION-WINTER.jpg","width":900,"height":720,"caption":"MAIN"},{"@type":"BreadcrumbList","@id":"https:\/\/mmkriepas.lv\/en\/p\/315-40r21-pirelli-scorpion-winter-115w-xl-dot\/#breadcrumb","itemListElement":[{"@type":"ListItem","position":1,"name":"S\u0101kums","item":"https:\/\/mmkriepas.lv\/en\/"},{"@type":"ListItem","position":2,"name":"315\/40R21 Pirelli SCORPION Winter 115W XL L FSL DOT22"}]},{"@type":"WebSite","@id":"https:\/\/mmkriepas.lv\/en\/#website","url":"https:\/\/mmkriepas.lv\/en\/","name":"MMK Riepas","description":"MMK Riepas","alternateName":"MMK Riepu Serviss","potentialAction":[{"@type":"SearchAction","target":{"@type":"EntryPoint","urlTemplate":"https:\/\/mmkriepas.lv\/en\/?s={search_term_string}"},"query-input":{"@type":"PropertyValueSpecification","valueRequired":true,"valueName":"search_term_string"}}],"inLanguage":"en-US"},{"@type":"ImageObject","inLanguage":"en-US","@id":"https:\/\/mmkriepas.lv\/en\/p\/315-40r21-pirelli-scorpion-winter-115w-xl-dot\/#local-main-organization-logo","url":"","contentUrl":"","caption":"MMK Riepas"}]},"product_brand":"Pirelli SCORPION Winter","product_price_amount":"524.00","product_price_currency":"EUR","og_availability":"instock","product_availability":"instock","product_retailer_item_id":"TW3154021PIREL-L50829","product_condition":"new"},"_links":{"self":[{"href":"https:\/\/mmkriepas.lv\/en\/wp-json\/wp\/v2\/product\/1268213","targetHints":{"allow":["GET"]}}],"collection":[{"href":"https:\/\/mmkriepas.lv\/en\/wp-json\/wp\/v2\/product"}],"about":[{"href":"https:\/\/mmkriepas.lv\/en\/wp-json\/wp\/v2\/types\/product"}],"wp:featuredmedia":[{"embeddable":true,"href":"https:\/\/mmkriepas.lv\/en\/wp-json\/wp\/v2\/media\/1129675"}],"wp:attachment":[{"href":"https:\/\/mmkriepas.lv\/en\/wp-json\/wp\/v2\/media?parent=1268213"}],"wp:term":[{"taxonomy":"product_brand","embeddable":true,"href":"https:\/\/mmkriepas.lv\/en\/wp-json\/wp\/v2\/product_brand?post=1268213"},{"taxonomy":"product_cat","embeddable":true,"href":"https:\/\/mmkriepas.lv\/en\/wp-json\/wp\/v2\/product_cat?post=1268213"},{"taxonomy":"product_tag","embeddable":true,"href":"https:\/\/mmkriepas.lv\/en\/wp-json\/wp\/v2\/product_tag?post=1268213"}],"curies":[{"name":"wp","href":"https:\/\/api.w.org\/{rel}","templated":true}]}}