{"id":1267270,"date":"2025-07-31T18:25:10","date_gmt":"2025-07-31T15:25:10","guid":{"rendered":"https:\/\/mmkriepas.lv\/?post_type=product&#038;p=1267270"},"modified":"2026-03-27T14:52:40","modified_gmt":"2026-03-27T12:52:40","slug":"225-55r18-lassa-multiways-2-98v-dot22-bridgestone","status":"publish","type":"product","link":"https:\/\/mmkriepas.lv\/en\/p\/225-55r18-lassa-multiways-2-98v-dot22-bridgestone\/","title":{"rendered":"225\/55R18 Lassa Multiways 2 98V DOT22 (Bridgestone)"},"content":{"rendered":"<p><b>Lassa Multiways 2<\/b> ir jaun\u0101kais Lassa vissezonas riepu modelis, kas piem\u0113rota liel\u0101kajai da\u013cai m\u016bsdienu popul\u0101r\u0101ko auto mode\u013cu. Pateicoties tam, ka <b>Bridgestone<\/b> ir da\u013c\u0113js Lassa z\u012bmola \u012bpa\u0161nieks, \u0161\u012b riepa darin\u0101ta ar jaun\u0101kaj\u0101m tehnolo\u0123ij\u0101m apr\u012bkotaj\u0101s Bridgestone r\u016bpn\u012bc\u0101s. Tas izce\u013cas ar labu cenas\/kvalit\u0101tes attiec\u012bbu, lab\u0101m sa\u0137eres \u012bpa\u0161\u012bb\u0101m uz da\u017e\u0101diem ce\u013ca segumiem, sal\u012bdzino\u0161i klusu un ekonomisku gaitu. <b>\u0160is modelis ir apr\u012bkots ar <\/b>jaunu V veida protektora konstrukciju un optimiz\u0113tu protektora dizainu, lai uzr\u0101d\u012btu augstus sa\u0137eres un manevr\u0113tsp\u0113jas r\u0101d\u012bt\u0101jus gan uz sausa, gan slapja vai viegli apsnigu\u0161aa ce\u013ca.\u00a0<o:p><\/o:p><\/p>\n<h3>Lassa Multiways 2 galven\u0101s iez\u012bmes<o:p><\/o:p><\/h3>\n<p>+ Ra\u017eots Bridgestone r\u016bpn\u012bc\u0101s! <o:p><\/o:p> + Uzlabots gumijas sast\u0101vs! <o:p><\/o:p> + Optimiz\u0113ts V veida protektora dizains! <o:p><\/o:p> + Lameles, kas pal\u012bdz\u0113s c\u012b\u0146\u0101 ar negaid\u012btiem, apsnigu\u0161iem ce\u013ciem! <o:p><\/o:p> + Samazin\u0101ts akvaplan\u0113\u0161anas risks!<o:p><\/o:p><\/p>\n<h3>Multiways 2 protektors<o:p><\/o:p><\/h3>\n<p>Riepa, k\u0101 ar\u012b t\u0101s protektora raksts izgatavoti no augstas kvalit\u0101tes vissezonas gumijas mais\u012bjuma, kam pievienota vesela virkne elastrom\u0113ru, lai padar\u012btu riepu elast\u012bgu vispla\u0161\u0101kaj\u0101 temperat\u016bras diapazon\u0101 365 dienas gad\u0101. Riepas elast\u012bba b\u016btiski ietekm\u0113 t\u0101s sa\u0137eri ar ce\u013cu. Riepai ir pie\u0161\u0137irts jauns V veida virziena protektors, kas no iepriek\u0161\u0113j\u0101 Multiways protektora at\u0161\u0137iras ar agres\u012bv\u0101ku un efekt\u012bv\u0101ku rakstu. Turkl\u0101t bloki ir izveidoti hidro-dinamiski, ar m\u0113r\u0137i samazin\u0101t akvaplan\u0113\u0161anas risku, b\u016btiski palielinot dro\u0161\u012bbu ruden\u012b un pavasar\u012b, kad palielin\u0101s nokri\u0161\u0146u daudzums un k\u016bst sniegs.\u00a0 <b>Lassa Multiways 2 <\/b>mode\u013ca lieto\u0161anas dro\u0161\u012bbu ziemas laika apst\u0101k\u013cos un t\u0101 atbilst\u012bbu valst\u012bm ar oblig\u0101tu sezon\u0101lo riepu mai\u0146u apstiprina mar\u0137\u0113jums sniegp\u0101rslas form\u0101 uz kalna fona ar trim virsotn\u0113m (3PMSF).<\/p>\n","protected":false},"excerpt":{"rendered":"<p><b>Lassa Multiways 2<\/b> ir jaun\u0101kais Lassa vissezonas riepu modelis, kas piem\u0113rota liel\u0101kajai da\u013cai m\u016bsdienu popul\u0101r\u0101ko auto mode\u013cu. Pateicoties tam, ka <b>Bridgestone<\/b> ir da\u013c\u0113js Lassa z\u012bmola \u012bpa\u0161nieks, \u0161\u012b riepa darin\u0101ta ar jaun\u0101kaj\u0101m tehnolo\u0123ij\u0101m apr\u012bkotaj\u0101s Bridgestone r\u016bpn\u012bc\u0101s. Tas izce\u013cas ar labu cenas\/kvalit\u0101tes attiec\u012bbu, lab\u0101m sa\u0137eres \u012bpa\u0161\u012bb\u0101m uz da\u017e\u0101diem ce\u013ca segumiem, sal\u012bdzino\u0161i klusu un ekonomisku gaitu. <b>\u0160is modelis ir apr\u012bkots ar <\/b>jaunu V veida protektora konstrukciju un optimiz\u0113tu protektora dizainu, lai uzr\u0101d\u012btu augstus sa\u0137eres un manevr\u0113tsp\u0113jas r\u0101d\u012bt\u0101jus gan uz sausa, gan slapja vai viegli apsnigu\u0161aa ce\u013ca.\u00a0<\/p>\n","protected":false},"featured_media":1267268,"template":"","meta":{"_acf_changed":false,"ngg_post_thumbnail":0},"product_brand":[],"product_cat":[23644,23643],"product_tag":[],"class_list":{"0":"post-1267270","1":"product","2":"type-product","3":"status-publish","4":"has-post-thumbnail","6":"product_cat-all-season-tyres","7":"product_cat-winter-tyres","9":"first","10":"instock","11":"sale","12":"taxable","13":"shipping-taxable","14":"purchasable","15":"product-type-simple"},"acf":[],"yoast_head":"<!-- This site is optimized with the Yoast SEO Premium plugin v22.6 (Yoast SEO v27.3) - https:\/\/yoast.com\/product\/yoast-seo-premium-wordpress\/ -->\n<title>225\/55R18 Lassa Multiways 2 98V DOT22 (Bridgestone) &#8226; MMK Riepas<\/title>\n<meta name=\"robots\" content=\"index, follow, max-snippet:-1, max-image-preview:large, max-video-preview:-1\" \/>\n<link rel=\"canonical\" href=\"https:\/\/mmkriepas.lv\/en\/p\/225-55r18-lassa-multiways-2-98v-dot22-bridgestone\/\" \/>\n<meta property=\"og:locale\" content=\"en_US\" \/>\n<meta property=\"og:type\" content=\"article\" \/>\n<meta property=\"og:title\" content=\"225\/55R18 Lassa Multiways 2 98V DOT22 (Bridgestone)\" \/>\n<meta property=\"og:description\" content=\"Lassa Multiways 2 ir jaun\u0101kais Lassa vissezonas riepu modelis, kas piem\u0113rota liel\u0101kajai da\u013cai m\u016bsdienu popul\u0101r\u0101ko auto mode\u013cu. Pateicoties tam, ka Bridgestone ir da\u013c\u0113js Lassa z\u012bmola \u012bpa\u0161nieks, \u0161\u012b riepa darin\u0101ta ar jaun\u0101kaj\u0101m tehnolo\u0123ij\u0101m apr\u012bkotaj\u0101s Bridgestone r\u016bpn\u012bc\u0101s. Tas izce\u013cas ar labu cenas\/kvalit\u0101tes attiec\u012bbu, lab\u0101m sa\u0137eres \u012bpa\u0161\u012bb\u0101m uz da\u017e\u0101diem ce\u013ca segumiem, sal\u012bdzino\u0161i klusu un ekonomisku gaitu. \u0160is modelis ir apr\u012bkots ar jaunu V veida protektora konstrukciju un optimiz\u0113tu protektora dizainu, lai uzr\u0101d\u012btu augstus sa\u0137eres un manevr\u0113tsp\u0113jas r\u0101d\u012bt\u0101jus gan uz sausa, gan slapja vai viegli apsnigu\u0161aa ce\u013ca.\u00a0\" \/>\n<meta property=\"og:url\" content=\"https:\/\/mmkriepas.lv\/en\/p\/225-55r18-lassa-multiways-2-98v-dot22-bridgestone\/\" \/>\n<meta property=\"og:site_name\" content=\"MMK Riepas\" \/>\n<meta property=\"article:publisher\" content=\"https:\/\/www.facebook.com\/mmkserviss\/\" \/>\n<meta property=\"article:modified_time\" content=\"2026-03-27T12:52:40+00:00\" \/>\n<meta property=\"og:image\" content=\"https:\/\/mmkriepas.lv\/wp-content\/uploads\/2025\/07\/22555r18-lassa-multiways-2-98v-dot-ziemas-riepas.jpg\" \/>\n\t<meta property=\"og:image:width\" content=\"640\" \/>\n\t<meta property=\"og:image:height\" content=\"640\" \/>\n\t<meta property=\"og:image:type\" content=\"image\/jpeg\" \/>\n<meta name=\"twitter:card\" content=\"summary_large_image\" \/>\n<meta name=\"twitter:label1\" content=\"Price\" \/>\n\t<meta name=\"twitter:data1\" content=\"&euro;89.00\" \/>\n\t<meta name=\"twitter:label2\" content=\"Availability\" \/>\n\t<meta name=\"twitter:data2\" content=\"In stock\" \/>\n<script type=\"application\/ld+json\" class=\"yoast-schema-graph\">{\"@context\":\"https:\\\/\\\/schema.org\",\"@graph\":[{\"@type\":\"WebPage\",\"@id\":\"https:\\\/\\\/mmkriepas.lv\\\/en\\\/p\\\/225-55r18-lassa-multiways-2-98v-dot22-bridgestone\\\/\",\"url\":\"https:\\\/\\\/mmkriepas.lv\\\/en\\\/p\\\/225-55r18-lassa-multiways-2-98v-dot22-bridgestone\\\/\",\"name\":\"225\\\/55R18 Lassa Multiways 2 98V DOT22 (Bridgestone) &#8226; MMK Riepas\",\"isPartOf\":{\"@id\":\"https:\\\/\\\/mmkriepas.lv\\\/en\\\/#website\"},\"primaryImageOfPage\":{\"@id\":\"https:\\\/\\\/mmkriepas.lv\\\/en\\\/p\\\/225-55r18-lassa-multiways-2-98v-dot22-bridgestone\\\/#primaryimage\"},\"image\":{\"@id\":\"https:\\\/\\\/mmkriepas.lv\\\/en\\\/p\\\/225-55r18-lassa-multiways-2-98v-dot22-bridgestone\\\/#primaryimage\"},\"thumbnailUrl\":\"https:\\\/\\\/mmkriepas.lv\\\/wp-content\\\/uploads\\\/2025\\\/07\\\/22555r18-lassa-multiways-2-98v-dot-ziemas-riepas.jpg\",\"datePublished\":\"2025-07-31T15:25:10+00:00\",\"dateModified\":\"2026-03-27T12:52:40+00:00\",\"breadcrumb\":{\"@id\":\"https:\\\/\\\/mmkriepas.lv\\\/en\\\/p\\\/225-55r18-lassa-multiways-2-98v-dot22-bridgestone\\\/#breadcrumb\"},\"inLanguage\":\"en-US\",\"potentialAction\":[{\"@type\":\"ReadAction\",\"target\":[\"https:\\\/\\\/mmkriepas.lv\\\/en\\\/p\\\/225-55r18-lassa-multiways-2-98v-dot22-bridgestone\\\/\"]}]},{\"@type\":\"ImageObject\",\"inLanguage\":\"en-US\",\"@id\":\"https:\\\/\\\/mmkriepas.lv\\\/en\\\/p\\\/225-55r18-lassa-multiways-2-98v-dot22-bridgestone\\\/#primaryimage\",\"url\":\"https:\\\/\\\/mmkriepas.lv\\\/wp-content\\\/uploads\\\/2025\\\/07\\\/22555r18-lassa-multiways-2-98v-dot-ziemas-riepas.jpg\",\"contentUrl\":\"https:\\\/\\\/mmkriepas.lv\\\/wp-content\\\/uploads\\\/2025\\\/07\\\/22555r18-lassa-multiways-2-98v-dot-ziemas-riepas.jpg\",\"width\":640,\"height\":640,\"caption\":\"225\\\/55R18 LASSA MULTIWAYS 2 98V DOT - Ziemas riepas\"},{\"@type\":\"BreadcrumbList\",\"@id\":\"https:\\\/\\\/mmkriepas.lv\\\/en\\\/p\\\/225-55r18-lassa-multiways-2-98v-dot22-bridgestone\\\/#breadcrumb\",\"itemListElement\":[{\"@type\":\"ListItem\",\"position\":1,\"name\":\"S\u0101kums\",\"item\":\"https:\\\/\\\/mmkriepas.lv\\\/en\\\/\"},{\"@type\":\"ListItem\",\"position\":2,\"name\":\"225\\\/55R18 Lassa Multiways 2 98V DOT22 (Bridgestone)\"}]},{\"@type\":\"WebSite\",\"@id\":\"https:\\\/\\\/mmkriepas.lv\\\/en\\\/#website\",\"url\":\"https:\\\/\\\/mmkriepas.lv\\\/en\\\/\",\"name\":\"MMK Riepas\",\"description\":\"MMK Riepas\",\"alternateName\":\"MMK Riepu Serviss\",\"potentialAction\":[{\"@type\":\"SearchAction\",\"target\":{\"@type\":\"EntryPoint\",\"urlTemplate\":\"https:\\\/\\\/mmkriepas.lv\\\/en\\\/?s={search_term_string}\"},\"query-input\":{\"@type\":\"PropertyValueSpecification\",\"valueRequired\":true,\"valueName\":\"search_term_string\"}}],\"inLanguage\":\"en-US\"},{\"@type\":\"ImageObject\",\"inLanguage\":\"en-US\",\"@id\":\"https:\\\/\\\/mmkriepas.lv\\\/en\\\/p\\\/225-55r18-lassa-multiways-2-98v-dot22-bridgestone\\\/#local-main-organization-logo\",\"url\":\"\",\"contentUrl\":\"\",\"caption\":\"MMK Riepas\"}]}<\/script>\n<meta property=\"product:brand\" content=\"Lassa Multiways 2\" \/>\n<meta property=\"product:price:amount\" content=\"89.00\" \/>\n<meta property=\"product:price:currency\" content=\"EUR\" \/>\n<meta property=\"og:availability\" content=\"instock\" \/>\n<meta property=\"product:availability\" content=\"instock\" \/>\n<meta property=\"product:retailer_item_id\" content=\"TW2255518LASSA-L50290\" \/>\n<meta property=\"product:condition\" content=\"new\" \/>\n<!-- \/ Yoast SEO Premium plugin. -->","yoast_head_json":{"title":"225\/55R18 Lassa Multiways 2 98V DOT22 (Bridgestone) &#8226; MMK Riepas","robots":{"index":"index","follow":"follow","max-snippet":"max-snippet:-1","max-image-preview":"max-image-preview:large","max-video-preview":"max-video-preview:-1"},"canonical":"https:\/\/mmkriepas.lv\/en\/p\/225-55r18-lassa-multiways-2-98v-dot22-bridgestone\/","og_locale":"en_US","og_type":"article","og_title":"225\/55R18 Lassa Multiways 2 98V DOT22 (Bridgestone)","og_description":"Lassa Multiways 2 ir jaun\u0101kais Lassa vissezonas riepu modelis, kas piem\u0113rota liel\u0101kajai da\u013cai m\u016bsdienu popul\u0101r\u0101ko auto mode\u013cu. Pateicoties tam, ka Bridgestone ir da\u013c\u0113js Lassa z\u012bmola \u012bpa\u0161nieks, \u0161\u012b riepa darin\u0101ta ar jaun\u0101kaj\u0101m tehnolo\u0123ij\u0101m apr\u012bkotaj\u0101s Bridgestone r\u016bpn\u012bc\u0101s. Tas izce\u013cas ar labu cenas\/kvalit\u0101tes attiec\u012bbu, lab\u0101m sa\u0137eres \u012bpa\u0161\u012bb\u0101m uz da\u017e\u0101diem ce\u013ca segumiem, sal\u012bdzino\u0161i klusu un ekonomisku gaitu. \u0160is modelis ir apr\u012bkots ar jaunu V veida protektora konstrukciju un optimiz\u0113tu protektora dizainu, lai uzr\u0101d\u012btu augstus sa\u0137eres un manevr\u0113tsp\u0113jas r\u0101d\u012bt\u0101jus gan uz sausa, gan slapja vai viegli apsnigu\u0161aa ce\u013ca.\u00a0","og_url":"https:\/\/mmkriepas.lv\/en\/p\/225-55r18-lassa-multiways-2-98v-dot22-bridgestone\/","og_site_name":"MMK Riepas","article_publisher":"https:\/\/www.facebook.com\/mmkserviss\/","article_modified_time":"2026-03-27T12:52:40+00:00","og_image":[{"width":640,"height":640,"url":"https:\/\/mmkriepas.lv\/wp-content\/uploads\/2025\/07\/22555r18-lassa-multiways-2-98v-dot-ziemas-riepas.jpg","type":"image\/jpeg"}],"twitter_card":"summary_large_image","twitter_misc":{"Price":"&euro;89.00","Availability":"In stock"},"schema":{"@context":"https:\/\/schema.org","@graph":[{"@type":"WebPage","@id":"https:\/\/mmkriepas.lv\/en\/p\/225-55r18-lassa-multiways-2-98v-dot22-bridgestone\/","url":"https:\/\/mmkriepas.lv\/en\/p\/225-55r18-lassa-multiways-2-98v-dot22-bridgestone\/","name":"225\/55R18 Lassa Multiways 2 98V DOT22 (Bridgestone) &#8226; MMK Riepas","isPartOf":{"@id":"https:\/\/mmkriepas.lv\/en\/#website"},"primaryImageOfPage":{"@id":"https:\/\/mmkriepas.lv\/en\/p\/225-55r18-lassa-multiways-2-98v-dot22-bridgestone\/#primaryimage"},"image":{"@id":"https:\/\/mmkriepas.lv\/en\/p\/225-55r18-lassa-multiways-2-98v-dot22-bridgestone\/#primaryimage"},"thumbnailUrl":"https:\/\/mmkriepas.lv\/wp-content\/uploads\/2025\/07\/22555r18-lassa-multiways-2-98v-dot-ziemas-riepas.jpg","datePublished":"2025-07-31T15:25:10+00:00","dateModified":"2026-03-27T12:52:40+00:00","breadcrumb":{"@id":"https:\/\/mmkriepas.lv\/en\/p\/225-55r18-lassa-multiways-2-98v-dot22-bridgestone\/#breadcrumb"},"inLanguage":"en-US","potentialAction":[{"@type":"ReadAction","target":["https:\/\/mmkriepas.lv\/en\/p\/225-55r18-lassa-multiways-2-98v-dot22-bridgestone\/"]}]},{"@type":"ImageObject","inLanguage":"en-US","@id":"https:\/\/mmkriepas.lv\/en\/p\/225-55r18-lassa-multiways-2-98v-dot22-bridgestone\/#primaryimage","url":"https:\/\/mmkriepas.lv\/wp-content\/uploads\/2025\/07\/22555r18-lassa-multiways-2-98v-dot-ziemas-riepas.jpg","contentUrl":"https:\/\/mmkriepas.lv\/wp-content\/uploads\/2025\/07\/22555r18-lassa-multiways-2-98v-dot-ziemas-riepas.jpg","width":640,"height":640,"caption":"225\/55R18 LASSA MULTIWAYS 2 98V DOT - Ziemas riepas"},{"@type":"BreadcrumbList","@id":"https:\/\/mmkriepas.lv\/en\/p\/225-55r18-lassa-multiways-2-98v-dot22-bridgestone\/#breadcrumb","itemListElement":[{"@type":"ListItem","position":1,"name":"S\u0101kums","item":"https:\/\/mmkriepas.lv\/en\/"},{"@type":"ListItem","position":2,"name":"225\/55R18 Lassa Multiways 2 98V DOT22 (Bridgestone)"}]},{"@type":"WebSite","@id":"https:\/\/mmkriepas.lv\/en\/#website","url":"https:\/\/mmkriepas.lv\/en\/","name":"MMK Riepas","description":"MMK Riepas","alternateName":"MMK Riepu Serviss","potentialAction":[{"@type":"SearchAction","target":{"@type":"EntryPoint","urlTemplate":"https:\/\/mmkriepas.lv\/en\/?s={search_term_string}"},"query-input":{"@type":"PropertyValueSpecification","valueRequired":true,"valueName":"search_term_string"}}],"inLanguage":"en-US"},{"@type":"ImageObject","inLanguage":"en-US","@id":"https:\/\/mmkriepas.lv\/en\/p\/225-55r18-lassa-multiways-2-98v-dot22-bridgestone\/#local-main-organization-logo","url":"","contentUrl":"","caption":"MMK Riepas"}]},"product_brand":"Lassa Multiways 2","product_price_amount":"89.00","product_price_currency":"EUR","og_availability":"instock","product_availability":"instock","product_retailer_item_id":"TW2255518LASSA-L50290","product_condition":"new"},"_links":{"self":[{"href":"https:\/\/mmkriepas.lv\/en\/wp-json\/wp\/v2\/product\/1267270","targetHints":{"allow":["GET"]}}],"collection":[{"href":"https:\/\/mmkriepas.lv\/en\/wp-json\/wp\/v2\/product"}],"about":[{"href":"https:\/\/mmkriepas.lv\/en\/wp-json\/wp\/v2\/types\/product"}],"wp:featuredmedia":[{"embeddable":true,"href":"https:\/\/mmkriepas.lv\/en\/wp-json\/wp\/v2\/media\/1267268"}],"wp:attachment":[{"href":"https:\/\/mmkriepas.lv\/en\/wp-json\/wp\/v2\/media?parent=1267270"}],"wp:term":[{"taxonomy":"product_brand","embeddable":true,"href":"https:\/\/mmkriepas.lv\/en\/wp-json\/wp\/v2\/product_brand?post=1267270"},{"taxonomy":"product_cat","embeddable":true,"href":"https:\/\/mmkriepas.lv\/en\/wp-json\/wp\/v2\/product_cat?post=1267270"},{"taxonomy":"product_tag","embeddable":true,"href":"https:\/\/mmkriepas.lv\/en\/wp-json\/wp\/v2\/product_tag?post=1267270"}],"curies":[{"name":"wp","href":"https:\/\/api.w.org\/{rel}","templated":true}]}}