{"id":1266858,"date":"2025-07-31T16:24:29","date_gmt":"2025-07-31T13:24:29","guid":{"rendered":"https:\/\/mmkriepas.lv\/?post_type=product&#038;p=1266858"},"modified":"2026-03-27T14:50:35","modified_gmt":"2026-03-27T12:50:35","slug":"305-40r22-sailun-atrezzo-svr-lx-114v-xl-rp-dot21","status":"publish","type":"product","link":"https:\/\/mmkriepas.lv\/en\/p\/305-40r22-sailun-atrezzo-svr-lx-114v-xl-rp-dot21\/","title":{"rendered":"305\/40R22 Sailun Atrezzo SVR LX 114V XL RP DOT21"},"content":{"rendered":"<p class=\"western\" align=\"left\"><strong><span style=\"font-family: Arial, sans-serif;\">Sailun Atrezzo SVR LX<\/span><\/strong><span style=\"font-family: Arial, sans-serif;\"> vasaras riepu modelis ir \u013coti \u012bpa\u0161s, tie\u0161i t\u0101 m\u0113r\u0137auditorijas d\u0113\u013c.\u00a0 T\u0101 ir veidota speci\u0101li premium krosoveru sporta versij\u0101m. Mode\u013ca izm\u0113ru diapazons ir veidots diametriem <\/span><strong><span style=\"font-family: Arial, sans-serif;\">no 20 l\u012bdz 24 coll\u0101m<\/span><\/strong><span style=\"font-family: Arial, sans-serif;\">. Att\u012bstot riepu, galvenais uzsvars tika likts uz maksim\u0101l\u0101 komforta l\u012bme\u0146a nodro\u0161in\u0101\u0161anu, nekompromit\u0113jot sa\u0137eri un vad\u0101m\u012bbu.<\/span><\/p>\n<p class=\"western\"><strong><span style=\"font-family: Arial, sans-serif;\">Sailun Atrezzo SVR LX galven\u0101s \u012bpa\u0161\u012bbas:<\/span><\/strong><\/p>\n<p class=\"western\"><span style=\"font-family: Arial, sans-serif;\">+ \u012bpa\u0161i paredz\u0113ts augst\u0101k\u0101s klases krosoveriem;<br \/>+ teicama darb\u012bba liel\u0101 \u0101trum\u0101;<br \/>+ \u012bpa\u0161as LAC rievas samazina akvaplan\u0113\u0161anas risku, samazina trok\u0161\u0146a l\u012bmeni;<br \/>+ garenisko rievu malas ir rievot\u0101 forma, kas uzlabo akustisko komfortu.<\/span><\/p>\n<h4 class=\"western\"><span style=\"font-family: Arial, sans-serif;\"><b>LAC (Low Angle Curvature &#8211; \u0160aura le\u0146\u0137a izliekums) Rievas<\/b><\/span><\/h4>\n<p class=\"western\"><span style=\"font-family: Arial, sans-serif;\">Riepa ir apr\u012bkota ar protektoru\u00a0 V veida dizain\u0101. T\u0101s galvenie elementi ir \u012bpa\u0161as LAK rievas starp blokiem. To izliekt\u0101 forma, iev\u0113rojamais garums un virz\u012bba pret kust\u012bbu nodro\u0161ina v\u0113l nepieredz\u0113tu \u016bdens caurlaid\u012bbu. T\u0101d\u0113j\u0101di kontaktvieta tiek efekt\u012bvi iz\u017e\u0101v\u0113ta pat tad, ja ce\u013ca virsmu kl\u0101j liels \u016bdens daudzums.<\/span><\/p>\n<h4 class=\"western\" align=\"left\"><span style=\"font-family: Arial, sans-serif;\"><b>Akustiskais komforts<\/b><\/span><\/h4>\n<p class=\"western\"><span style=\"font-family: Arial, sans-serif;\">Izstr\u0101d\u0101jot riepu, liela uzman\u012bba tika piev\u0113rsta augstam komforta l\u012bmenim, ar\u012b akustiskajam. \u012apa\u0161i \u0161im nol\u016bkam tika izmantotas iepriek\u0161 min\u0113t\u0101s LAC rievas. T\u0101s ir novietotas iesl\u012bpi, kas apvienojum\u0101 ar to veidoto malu gludajiem loc\u012bjumiem nov\u0113r\u0161 trok\u0161\u0146a un vibr\u0101cijas veido\u0161anos kust\u012bbas laik\u0101. V\u0113l viens risin\u0101jums, kas uzlaboja akustisko komfortu, bija garenisko \u016bdens novades rievu s\u0101nu sienu rievot\u0101 virsma.<\/span><\/p>\n<h4 class=\"western\"><span style=\"font-family: Arial, sans-serif;\"><b>Efektivit\u0101te lielos \u0101trumos<\/b><\/span><\/h4>\n<p class=\"western\"><span style=\"font-family: Arial, sans-serif;\">Visi protektora bloki ir mas\u012bvi, un tos, kas atrodas centr\u0101laj\u0101 da\u013c\u0101, savieno cieti savienojumi. Tas iev\u0113rojami palielina kontakta virsmas plat\u012bbu, kas nodro\u0161ina dro\u0161u sa\u0137eri. Kust\u012bgo protektora elementu stabilit\u0101ti nodro\u0161ina protektora bloku stingr\u012bba, kuru kust\u012bba ir iev\u0113rojami ierobe\u017eota.<\/span><\/p>\n<p class=\"western\"><strong><span style=\"font-family: Arial, sans-serif;\">*Uzman\u012bbu<\/span><\/strong><span style=\"font-family: Arial, sans-serif;\">: vasaras riepas, kas ir ra\u017eotas \u0136\u012bn\u0101, var b\u016bt apz\u012bm\u0113tas ar apz\u012bm\u0113jumu M + S. J\u0101\u0146em ver\u0101, ka \u0136\u012bnas teritorija sniedzas da\u017e\u0101d\u0101s klimatiskaj\u0101s zon\u0101s, kur da\u017eviet metereolo\u0123isk\u0101 ziema t\u0101 ar\u012b neiest\u0101jas. L\u012bdz ar to, tur \u0161\u012bs riepas var izmantot visu gadu, kam\u0113r <\/span><strong><span style=\"color: #ff0000;\"><span style=\"font-family: Arial, sans-serif;\">Latvij\u0101 tas nestr\u0101d\u0101<\/span><\/span><\/strong><span style=\"font-family: Arial, sans-serif;\">!<\/span><\/p>\n","protected":false},"excerpt":{"rendered":"<p><strong><span style=\"font-family: Arial, sans-serif;\">Sailun Atrezzo SVR LX<\/span><\/strong><span style=\"font-family: Arial, sans-serif;\"> vasaras riepu modelis ir \u013coti \u012bpa\u0161s, tie\u0161i t\u0101 m\u0113r\u0137auditorijas d\u0113\u013c.\u00a0 T\u0101 ir veidota speci\u0101li premium krosoveru sporta versij\u0101m. Mode\u013ca izm\u0113ru diapazons ir veidots diametriem <\/span><strong><span style=\"font-family: Arial, sans-serif;\">no 20 l\u012bdz 24 coll\u0101m<\/span><\/strong><span style=\"font-family: Arial, sans-serif;\">. Att\u012bstot riepu, galvenais uzsvars tika likts uz maksim\u0101l\u0101 komforta l\u012bme\u0146a nodro\u0161in\u0101\u0161anu, nekompromit\u0113jot sa\u0137eri un vad\u0101m\u012bbu.<\/span><\/p>\n","protected":false},"featured_media":890151,"template":"","meta":{"_acf_changed":false,"ngg_post_thumbnail":0},"product_brand":[],"product_cat":[46],"product_tag":[],"class_list":{"0":"post-1266858","1":"product","2":"type-product","3":"status-publish","4":"has-post-thumbnail","6":"product_cat-vasaras-riepas","8":"first","9":"instock","10":"sale","11":"taxable","12":"shipping-taxable","13":"purchasable","14":"product-type-simple"},"acf":[],"yoast_head":"<!-- This site is optimized with the Yoast SEO Premium plugin v22.6 (Yoast SEO v27.3) - https:\/\/yoast.com\/product\/yoast-seo-premium-wordpress\/ -->\n<title>305\/40R22 Sailun Atrezzo SVR LX 114V XL RP DOT21 &#8226; MMK Riepas<\/title>\n<meta name=\"robots\" content=\"index, follow, max-snippet:-1, max-image-preview:large, max-video-preview:-1\" \/>\n<link rel=\"canonical\" href=\"https:\/\/mmkriepas.lv\/en\/p\/305-40r22-sailun-atrezzo-svr-lx-114v-xl-rp-dot21\/\" \/>\n<meta property=\"og:locale\" content=\"en_US\" \/>\n<meta property=\"og:type\" content=\"article\" \/>\n<meta property=\"og:title\" content=\"305\/40R22 Sailun Atrezzo SVR LX 114V XL RP DOT21\" \/>\n<meta property=\"og:description\" content=\"Sailun Atrezzo SVR LX vasaras riepu modelis ir \u013coti \u012bpa\u0161s, tie\u0161i t\u0101 m\u0113r\u0137auditorijas d\u0113\u013c.\u00a0 T\u0101 ir veidota speci\u0101li premium krosoveru sporta versij\u0101m. Mode\u013ca izm\u0113ru diapazons ir veidots diametriem no 20 l\u012bdz 24 coll\u0101m. Att\u012bstot riepu, galvenais uzsvars tika likts uz maksim\u0101l\u0101 komforta l\u012bme\u0146a nodro\u0161in\u0101\u0161anu, nekompromit\u0113jot sa\u0137eri un vad\u0101m\u012bbu.\" \/>\n<meta property=\"og:url\" content=\"https:\/\/mmkriepas.lv\/en\/p\/305-40r22-sailun-atrezzo-svr-lx-114v-xl-rp-dot21\/\" \/>\n<meta property=\"og:site_name\" content=\"MMK Riepas\" \/>\n<meta property=\"article:publisher\" content=\"https:\/\/www.facebook.com\/mmkserviss\/\" \/>\n<meta property=\"article:modified_time\" content=\"2026-03-27T12:50:35+00:00\" \/>\n<meta property=\"og:image\" content=\"https:\/\/mmkriepas.lv\/wp-content\/uploads\/2024\/04\/30545r22-sailun-atrezzo-svr-lx-118v-xl-rp-dot21-vasaras-riepas.jpg\" \/>\n\t<meta property=\"og:image:width\" content=\"1000\" \/>\n\t<meta property=\"og:image:height\" content=\"750\" \/>\n\t<meta property=\"og:image:type\" content=\"image\/jpeg\" \/>\n<meta name=\"twitter:card\" content=\"summary_large_image\" \/>\n<meta name=\"twitter:label1\" content=\"Price\" \/>\n\t<meta name=\"twitter:data1\" content=\"&euro;111.00\" \/>\n\t<meta name=\"twitter:label2\" content=\"Availability\" \/>\n\t<meta name=\"twitter:data2\" content=\"In stock\" \/>\n<script type=\"application\/ld+json\" class=\"yoast-schema-graph\">{\"@context\":\"https:\\\/\\\/schema.org\",\"@graph\":[{\"@type\":\"WebPage\",\"@id\":\"https:\\\/\\\/mmkriepas.lv\\\/en\\\/p\\\/305-40r22-sailun-atrezzo-svr-lx-114v-xl-rp-dot21\\\/\",\"url\":\"https:\\\/\\\/mmkriepas.lv\\\/en\\\/p\\\/305-40r22-sailun-atrezzo-svr-lx-114v-xl-rp-dot21\\\/\",\"name\":\"305\\\/40R22 Sailun Atrezzo SVR LX 114V XL RP DOT21 &#8226; MMK Riepas\",\"isPartOf\":{\"@id\":\"https:\\\/\\\/mmkriepas.lv\\\/en\\\/#website\"},\"primaryImageOfPage\":{\"@id\":\"https:\\\/\\\/mmkriepas.lv\\\/en\\\/p\\\/305-40r22-sailun-atrezzo-svr-lx-114v-xl-rp-dot21\\\/#primaryimage\"},\"image\":{\"@id\":\"https:\\\/\\\/mmkriepas.lv\\\/en\\\/p\\\/305-40r22-sailun-atrezzo-svr-lx-114v-xl-rp-dot21\\\/#primaryimage\"},\"thumbnailUrl\":\"https:\\\/\\\/mmkriepas.lv\\\/wp-content\\\/uploads\\\/2024\\\/04\\\/30545r22-sailun-atrezzo-svr-lx-118v-xl-rp-dot21-vasaras-riepas.jpg\",\"datePublished\":\"2025-07-31T13:24:29+00:00\",\"dateModified\":\"2026-03-27T12:50:35+00:00\",\"breadcrumb\":{\"@id\":\"https:\\\/\\\/mmkriepas.lv\\\/en\\\/p\\\/305-40r22-sailun-atrezzo-svr-lx-114v-xl-rp-dot21\\\/#breadcrumb\"},\"inLanguage\":\"en-US\",\"potentialAction\":[{\"@type\":\"ReadAction\",\"target\":[\"https:\\\/\\\/mmkriepas.lv\\\/en\\\/p\\\/305-40r22-sailun-atrezzo-svr-lx-114v-xl-rp-dot21\\\/\"]}]},{\"@type\":\"ImageObject\",\"inLanguage\":\"en-US\",\"@id\":\"https:\\\/\\\/mmkriepas.lv\\\/en\\\/p\\\/305-40r22-sailun-atrezzo-svr-lx-114v-xl-rp-dot21\\\/#primaryimage\",\"url\":\"https:\\\/\\\/mmkriepas.lv\\\/wp-content\\\/uploads\\\/2024\\\/04\\\/30545r22-sailun-atrezzo-svr-lx-118v-xl-rp-dot21-vasaras-riepas.jpg\",\"contentUrl\":\"https:\\\/\\\/mmkriepas.lv\\\/wp-content\\\/uploads\\\/2024\\\/04\\\/30545r22-sailun-atrezzo-svr-lx-118v-xl-rp-dot21-vasaras-riepas.jpg\",\"width\":1000,\"height\":750,\"caption\":\"Sailun Atrezzo SVR LX MAIn\"},{\"@type\":\"BreadcrumbList\",\"@id\":\"https:\\\/\\\/mmkriepas.lv\\\/en\\\/p\\\/305-40r22-sailun-atrezzo-svr-lx-114v-xl-rp-dot21\\\/#breadcrumb\",\"itemListElement\":[{\"@type\":\"ListItem\",\"position\":1,\"name\":\"S\u0101kums\",\"item\":\"https:\\\/\\\/mmkriepas.lv\\\/en\\\/\"},{\"@type\":\"ListItem\",\"position\":2,\"name\":\"305\\\/40R22 Sailun Atrezzo SVR LX 114V XL RP DOT21\"}]},{\"@type\":\"WebSite\",\"@id\":\"https:\\\/\\\/mmkriepas.lv\\\/en\\\/#website\",\"url\":\"https:\\\/\\\/mmkriepas.lv\\\/en\\\/\",\"name\":\"MMK Riepas\",\"description\":\"MMK Riepas\",\"alternateName\":\"MMK Riepu Serviss\",\"potentialAction\":[{\"@type\":\"SearchAction\",\"target\":{\"@type\":\"EntryPoint\",\"urlTemplate\":\"https:\\\/\\\/mmkriepas.lv\\\/en\\\/?s={search_term_string}\"},\"query-input\":{\"@type\":\"PropertyValueSpecification\",\"valueRequired\":true,\"valueName\":\"search_term_string\"}}],\"inLanguage\":\"en-US\"},{\"@type\":\"ImageObject\",\"inLanguage\":\"en-US\",\"@id\":\"https:\\\/\\\/mmkriepas.lv\\\/en\\\/p\\\/305-40r22-sailun-atrezzo-svr-lx-114v-xl-rp-dot21\\\/#local-main-organization-logo\",\"url\":\"\",\"contentUrl\":\"\",\"caption\":\"MMK Riepas\"}]}<\/script>\n<meta property=\"product:brand\" content=\"Sailun Atrezzo SVR LX\" \/>\n<meta property=\"product:price:amount\" content=\"111.00\" \/>\n<meta property=\"product:price:currency\" content=\"EUR\" \/>\n<meta property=\"og:availability\" content=\"instock\" \/>\n<meta property=\"product:availability\" content=\"instock\" \/>\n<meta property=\"product:retailer_item_id\" content=\"TS3054022SAILU-L50715\" \/>\n<meta property=\"product:condition\" content=\"new\" \/>\n<!-- \/ Yoast SEO Premium plugin. -->","yoast_head_json":{"title":"305\/40R22 Sailun Atrezzo SVR LX 114V XL RP DOT21 &#8226; MMK Riepas","robots":{"index":"index","follow":"follow","max-snippet":"max-snippet:-1","max-image-preview":"max-image-preview:large","max-video-preview":"max-video-preview:-1"},"canonical":"https:\/\/mmkriepas.lv\/en\/p\/305-40r22-sailun-atrezzo-svr-lx-114v-xl-rp-dot21\/","og_locale":"en_US","og_type":"article","og_title":"305\/40R22 Sailun Atrezzo SVR LX 114V XL RP DOT21","og_description":"Sailun Atrezzo SVR LX vasaras riepu modelis ir \u013coti \u012bpa\u0161s, tie\u0161i t\u0101 m\u0113r\u0137auditorijas d\u0113\u013c.\u00a0 T\u0101 ir veidota speci\u0101li premium krosoveru sporta versij\u0101m. Mode\u013ca izm\u0113ru diapazons ir veidots diametriem no 20 l\u012bdz 24 coll\u0101m. Att\u012bstot riepu, galvenais uzsvars tika likts uz maksim\u0101l\u0101 komforta l\u012bme\u0146a nodro\u0161in\u0101\u0161anu, nekompromit\u0113jot sa\u0137eri un vad\u0101m\u012bbu.","og_url":"https:\/\/mmkriepas.lv\/en\/p\/305-40r22-sailun-atrezzo-svr-lx-114v-xl-rp-dot21\/","og_site_name":"MMK Riepas","article_publisher":"https:\/\/www.facebook.com\/mmkserviss\/","article_modified_time":"2026-03-27T12:50:35+00:00","og_image":[{"width":1000,"height":750,"url":"https:\/\/mmkriepas.lv\/wp-content\/uploads\/2024\/04\/30545r22-sailun-atrezzo-svr-lx-118v-xl-rp-dot21-vasaras-riepas.jpg","type":"image\/jpeg"}],"twitter_card":"summary_large_image","twitter_misc":{"Price":"&euro;111.00","Availability":"In stock"},"schema":{"@context":"https:\/\/schema.org","@graph":[{"@type":"WebPage","@id":"https:\/\/mmkriepas.lv\/en\/p\/305-40r22-sailun-atrezzo-svr-lx-114v-xl-rp-dot21\/","url":"https:\/\/mmkriepas.lv\/en\/p\/305-40r22-sailun-atrezzo-svr-lx-114v-xl-rp-dot21\/","name":"305\/40R22 Sailun Atrezzo SVR LX 114V XL RP DOT21 &#8226; MMK Riepas","isPartOf":{"@id":"https:\/\/mmkriepas.lv\/en\/#website"},"primaryImageOfPage":{"@id":"https:\/\/mmkriepas.lv\/en\/p\/305-40r22-sailun-atrezzo-svr-lx-114v-xl-rp-dot21\/#primaryimage"},"image":{"@id":"https:\/\/mmkriepas.lv\/en\/p\/305-40r22-sailun-atrezzo-svr-lx-114v-xl-rp-dot21\/#primaryimage"},"thumbnailUrl":"https:\/\/mmkriepas.lv\/wp-content\/uploads\/2024\/04\/30545r22-sailun-atrezzo-svr-lx-118v-xl-rp-dot21-vasaras-riepas.jpg","datePublished":"2025-07-31T13:24:29+00:00","dateModified":"2026-03-27T12:50:35+00:00","breadcrumb":{"@id":"https:\/\/mmkriepas.lv\/en\/p\/305-40r22-sailun-atrezzo-svr-lx-114v-xl-rp-dot21\/#breadcrumb"},"inLanguage":"en-US","potentialAction":[{"@type":"ReadAction","target":["https:\/\/mmkriepas.lv\/en\/p\/305-40r22-sailun-atrezzo-svr-lx-114v-xl-rp-dot21\/"]}]},{"@type":"ImageObject","inLanguage":"en-US","@id":"https:\/\/mmkriepas.lv\/en\/p\/305-40r22-sailun-atrezzo-svr-lx-114v-xl-rp-dot21\/#primaryimage","url":"https:\/\/mmkriepas.lv\/wp-content\/uploads\/2024\/04\/30545r22-sailun-atrezzo-svr-lx-118v-xl-rp-dot21-vasaras-riepas.jpg","contentUrl":"https:\/\/mmkriepas.lv\/wp-content\/uploads\/2024\/04\/30545r22-sailun-atrezzo-svr-lx-118v-xl-rp-dot21-vasaras-riepas.jpg","width":1000,"height":750,"caption":"Sailun Atrezzo SVR LX MAIn"},{"@type":"BreadcrumbList","@id":"https:\/\/mmkriepas.lv\/en\/p\/305-40r22-sailun-atrezzo-svr-lx-114v-xl-rp-dot21\/#breadcrumb","itemListElement":[{"@type":"ListItem","position":1,"name":"S\u0101kums","item":"https:\/\/mmkriepas.lv\/en\/"},{"@type":"ListItem","position":2,"name":"305\/40R22 Sailun Atrezzo SVR LX 114V XL RP DOT21"}]},{"@type":"WebSite","@id":"https:\/\/mmkriepas.lv\/en\/#website","url":"https:\/\/mmkriepas.lv\/en\/","name":"MMK Riepas","description":"MMK Riepas","alternateName":"MMK Riepu Serviss","potentialAction":[{"@type":"SearchAction","target":{"@type":"EntryPoint","urlTemplate":"https:\/\/mmkriepas.lv\/en\/?s={search_term_string}"},"query-input":{"@type":"PropertyValueSpecification","valueRequired":true,"valueName":"search_term_string"}}],"inLanguage":"en-US"},{"@type":"ImageObject","inLanguage":"en-US","@id":"https:\/\/mmkriepas.lv\/en\/p\/305-40r22-sailun-atrezzo-svr-lx-114v-xl-rp-dot21\/#local-main-organization-logo","url":"","contentUrl":"","caption":"MMK Riepas"}]},"product_brand":"Sailun Atrezzo SVR LX","product_price_amount":"111.00","product_price_currency":"EUR","og_availability":"instock","product_availability":"instock","product_retailer_item_id":"TS3054022SAILU-L50715","product_condition":"new"},"_links":{"self":[{"href":"https:\/\/mmkriepas.lv\/en\/wp-json\/wp\/v2\/product\/1266858","targetHints":{"allow":["GET"]}}],"collection":[{"href":"https:\/\/mmkriepas.lv\/en\/wp-json\/wp\/v2\/product"}],"about":[{"href":"https:\/\/mmkriepas.lv\/en\/wp-json\/wp\/v2\/types\/product"}],"wp:featuredmedia":[{"embeddable":true,"href":"https:\/\/mmkriepas.lv\/en\/wp-json\/wp\/v2\/media\/890151"}],"wp:attachment":[{"href":"https:\/\/mmkriepas.lv\/en\/wp-json\/wp\/v2\/media?parent=1266858"}],"wp:term":[{"taxonomy":"product_brand","embeddable":true,"href":"https:\/\/mmkriepas.lv\/en\/wp-json\/wp\/v2\/product_brand?post=1266858"},{"taxonomy":"product_cat","embeddable":true,"href":"https:\/\/mmkriepas.lv\/en\/wp-json\/wp\/v2\/product_cat?post=1266858"},{"taxonomy":"product_tag","embeddable":true,"href":"https:\/\/mmkriepas.lv\/en\/wp-json\/wp\/v2\/product_tag?post=1266858"}],"curies":[{"name":"wp","href":"https:\/\/api.w.org\/{rel}","templated":true}]}}