{"id":1266370,"date":"2025-07-31T13:57:14","date_gmt":"2025-07-31T10:57:14","guid":{"rendered":"https:\/\/mmkriepas.lv\/?post_type=product&#038;p=1266370"},"modified":"2026-03-28T00:25:14","modified_gmt":"2026-03-27T22:25:14","slug":"195-50r15-aplus-a702-82v","status":"publish","type":"product","link":"https:\/\/mmkriepas.lv\/en\/p\/195-50r15-aplus-a702-82v\/","title":{"rendered":"195\/50R15 Aplus A702 82V"},"content":{"rendered":"<p><b>Aplus A702<\/b><span style=\"font-weight: 400;\"> ir vissezonas\/ziemas riepu modelis, kas izce\u013cas ar augstu veiktsp\u0113ju pla\u0161\u0101 brauk\u0161anas apst\u0101k\u013cu diapazon\u0101, k\u0101 ar\u012b teicamu cenas un veiktsp\u0113jas attiec\u012bbu. Asimetriskais protektora raksts samazina akvaplan\u0113\u0161anas risku un nodro\u0161ina uzlabotu akustisko komfortu, bet protektora blokos bl\u012bvi iestr\u0101d\u0101t\u0101s lameles &#8211; izcilu veiktsp\u0113ju ziemas apst\u0101k\u013cos.<\/span><\/p>\n<h3><b>Aplus A702 galven\u0101s iez\u012bmes<\/b><\/h3>\n<p><span style=\"font-weight: 400;\">+ Teicama sa\u0137ere un brauk\u0161anas komforts gan ziem\u0101, gan vasar\u0101,<\/span> <span style=\"font-weight: 400;\">+ Zems degvielas pat\u0113ri\u0146\u0161!<\/span> <span style=\"font-weight: 400;\">+ Klusa un komfortabla gaita,<\/span> <span style=\"font-weight: 400;\">+ Pazemin\u0101ts akvaplan\u0113\u0161anas risks,<\/span> <span style=\"font-weight: 400;\">+ Paaugstin\u0101ta nodilumiztur\u012bba,<\/span> <span style=\"font-weight: 400;\">+ Teicams cenas un veiktsp\u0113jas koeficents.<\/span><\/p>\n<h3><b>A702 apr\u012bkojums<\/b><\/h3>\n<p><b>Aplus A702 <\/b><span style=\"font-weight: 400;\">m+s\/ziemas riepas apr\u012bkotas ar asimetrisku protektora dizainu. T\u0101 asimetriski izvietotajos protektora blokos iestr\u0101d\u0101tas lameles, kas b\u016btiski uzlabo sa\u0137eri ar ledu un sabliet\u0113tu sniegu.<\/span> <span style=\"font-weight: 400;\">Starp protektora blokiem izvietota augsti att\u012bst\u012bta \u016bdens novadan\u0101lu sist\u0113ma. T\u0101 efekt\u012bvi atbr\u012bvo riepas sa\u0137eres laukumu ar ce\u013cu no \u016bdens, samazinot akvaplan\u0113\u0161anas risku.<\/span> <b>Aplus A702<\/b><span style=\"font-weight: 400;\"> pamat\u0101 izmantots \u012bpa\u0161i iztur\u012bgs karkass, kas iet\u0113rpts nodilumiztur\u012bg\u0101 un elast\u012bg\u0101 gumijas sakaus\u0113jum\u0101. Tas uzlabo riepas ilgtsp\u0113j\u012bbu un nodro\u0161ina lab\u0101kas sa\u0137eres \u012bpa\u0161\u012bbas ar sliden\u0101m ce\u013ca virsm\u0101m.<\/span> \u00a0<\/p>\n","protected":false},"excerpt":{"rendered":"<p><b>Aplus A702<\/b><span style=\"font-weight: 400;\"> ir vissezonas\/ziemas riepu modelis, kas izce\u013cas ar augstu veiktsp\u0113ju pla\u0161\u0101 brauk\u0161anas apst\u0101k\u013cu diapazon\u0101, k\u0101 ar\u012b teicamu cenas un veiktsp\u0113jas attiec\u012bbu. Asimetriskais protektora raksts samazina akvaplan\u0113\u0161anas risku un nodro\u0161ina uzlabotu akustisko komfortu, bet protektora blokos bl\u012bvi iestr\u0101d\u0101t\u0101s lameles &#8211; izcilu veiktsp\u0113ju ziemas apst\u0101k\u013cos.<\/span><\/p>\n","protected":false},"featured_media":816904,"template":"","meta":{"_acf_changed":false,"ngg_post_thumbnail":0},"product_brand":[],"product_cat":[47,45],"product_tag":[],"class_list":{"0":"post-1266370","1":"product","2":"type-product","3":"status-publish","4":"has-post-thumbnail","6":"product_cat-vissezonas-riepas","7":"product_cat-ziemas-riepas","9":"first","10":"instock","11":"sale","12":"taxable","13":"shipping-taxable","14":"purchasable","15":"product-type-simple"},"acf":[],"yoast_head":"<!-- This site is optimized with the Yoast SEO Premium plugin v22.6 (Yoast SEO v27.3) - https:\/\/yoast.com\/product\/yoast-seo-premium-wordpress\/ -->\n<title>195\/50R15 Aplus A702 82V &#8226; MMK Riepas<\/title>\n<meta name=\"robots\" content=\"index, follow, max-snippet:-1, max-image-preview:large, max-video-preview:-1\" \/>\n<link rel=\"canonical\" href=\"https:\/\/mmkriepas.lv\/en\/p\/195-50r15-aplus-a702-82v\/\" \/>\n<meta property=\"og:locale\" content=\"en_US\" \/>\n<meta property=\"og:type\" content=\"article\" \/>\n<meta property=\"og:title\" content=\"195\/50R15 Aplus A702 82V\" \/>\n<meta property=\"og:description\" content=\"Aplus A702 ir vissezonas\/ziemas riepu modelis, kas izce\u013cas ar augstu veiktsp\u0113ju pla\u0161\u0101 brauk\u0161anas apst\u0101k\u013cu diapazon\u0101, k\u0101 ar\u012b teicamu cenas un veiktsp\u0113jas attiec\u012bbu. Asimetriskais protektora raksts samazina akvaplan\u0113\u0161anas risku un nodro\u0161ina uzlabotu akustisko komfortu, bet protektora blokos bl\u012bvi iestr\u0101d\u0101t\u0101s lameles - izcilu veiktsp\u0113ju ziemas apst\u0101k\u013cos.\" \/>\n<meta property=\"og:url\" content=\"https:\/\/mmkriepas.lv\/en\/p\/195-50r15-aplus-a702-82v\/\" \/>\n<meta property=\"og:site_name\" content=\"MMK Riepas\" \/>\n<meta property=\"article:publisher\" content=\"https:\/\/www.facebook.com\/mmkserviss\/\" \/>\n<meta property=\"article:modified_time\" content=\"2026-03-27T22:25:14+00:00\" \/>\n<meta property=\"og:image\" content=\"https:\/\/mmkriepas.lv\/wp-content\/uploads\/2023\/10\/22545r17-aplus-a702-94v-xl-ziemas-riepas-7.jpg\" \/>\n\t<meta property=\"og:image:width\" content=\"2448\" \/>\n\t<meta property=\"og:image:height\" content=\"1629\" \/>\n\t<meta property=\"og:image:type\" content=\"image\/jpeg\" \/>\n<meta name=\"twitter:card\" content=\"summary_large_image\" \/>\n<meta name=\"twitter:label1\" content=\"Price\" \/>\n\t<meta name=\"twitter:data1\" content=\"&euro;39.00\" \/>\n\t<meta name=\"twitter:label2\" content=\"Availability\" \/>\n\t<meta name=\"twitter:data2\" content=\"In stock\" \/>\n<script type=\"application\/ld+json\" class=\"yoast-schema-graph\">{\"@context\":\"https:\\\/\\\/schema.org\",\"@graph\":[{\"@type\":\"WebPage\",\"@id\":\"https:\\\/\\\/mmkriepas.lv\\\/en\\\/p\\\/195-50r15-aplus-a702-82v\\\/\",\"url\":\"https:\\\/\\\/mmkriepas.lv\\\/en\\\/p\\\/195-50r15-aplus-a702-82v\\\/\",\"name\":\"195\\\/50R15 Aplus A702 82V &#8226; MMK Riepas\",\"isPartOf\":{\"@id\":\"https:\\\/\\\/mmkriepas.lv\\\/en\\\/#website\"},\"primaryImageOfPage\":{\"@id\":\"https:\\\/\\\/mmkriepas.lv\\\/en\\\/p\\\/195-50r15-aplus-a702-82v\\\/#primaryimage\"},\"image\":{\"@id\":\"https:\\\/\\\/mmkriepas.lv\\\/en\\\/p\\\/195-50r15-aplus-a702-82v\\\/#primaryimage\"},\"thumbnailUrl\":\"https:\\\/\\\/mmkriepas.lv\\\/wp-content\\\/uploads\\\/2023\\\/10\\\/22545r17-aplus-a702-94v-xl-ziemas-riepas-7.jpg\",\"datePublished\":\"2025-07-31T10:57:14+00:00\",\"dateModified\":\"2026-03-27T22:25:14+00:00\",\"breadcrumb\":{\"@id\":\"https:\\\/\\\/mmkriepas.lv\\\/en\\\/p\\\/195-50r15-aplus-a702-82v\\\/#breadcrumb\"},\"inLanguage\":\"en-US\",\"potentialAction\":[{\"@type\":\"ReadAction\",\"target\":[\"https:\\\/\\\/mmkriepas.lv\\\/en\\\/p\\\/195-50r15-aplus-a702-82v\\\/\"]}]},{\"@type\":\"ImageObject\",\"inLanguage\":\"en-US\",\"@id\":\"https:\\\/\\\/mmkriepas.lv\\\/en\\\/p\\\/195-50r15-aplus-a702-82v\\\/#primaryimage\",\"url\":\"https:\\\/\\\/mmkriepas.lv\\\/wp-content\\\/uploads\\\/2023\\\/10\\\/22545r17-aplus-a702-94v-xl-ziemas-riepas-7.jpg\",\"contentUrl\":\"https:\\\/\\\/mmkriepas.lv\\\/wp-content\\\/uploads\\\/2023\\\/10\\\/22545r17-aplus-a702-94v-xl-ziemas-riepas-7.jpg\",\"width\":2448,\"height\":1629,\"caption\":\"225\\\/45R17 Aplus A702 94V XL - Vissezonas riepas \\\/ Ziemas riepas\"},{\"@type\":\"BreadcrumbList\",\"@id\":\"https:\\\/\\\/mmkriepas.lv\\\/en\\\/p\\\/195-50r15-aplus-a702-82v\\\/#breadcrumb\",\"itemListElement\":[{\"@type\":\"ListItem\",\"position\":1,\"name\":\"S\u0101kums\",\"item\":\"https:\\\/\\\/mmkriepas.lv\\\/en\\\/\"},{\"@type\":\"ListItem\",\"position\":2,\"name\":\"195\\\/50R15 Aplus A702 82V\"}]},{\"@type\":\"WebSite\",\"@id\":\"https:\\\/\\\/mmkriepas.lv\\\/en\\\/#website\",\"url\":\"https:\\\/\\\/mmkriepas.lv\\\/en\\\/\",\"name\":\"MMK Riepas\",\"description\":\"MMK Riepas\",\"alternateName\":\"MMK Riepu Serviss\",\"potentialAction\":[{\"@type\":\"SearchAction\",\"target\":{\"@type\":\"EntryPoint\",\"urlTemplate\":\"https:\\\/\\\/mmkriepas.lv\\\/en\\\/?s={search_term_string}\"},\"query-input\":{\"@type\":\"PropertyValueSpecification\",\"valueRequired\":true,\"valueName\":\"search_term_string\"}}],\"inLanguage\":\"en-US\"},{\"@type\":\"ImageObject\",\"inLanguage\":\"en-US\",\"@id\":\"https:\\\/\\\/mmkriepas.lv\\\/en\\\/p\\\/195-50r15-aplus-a702-82v\\\/#local-main-organization-logo\",\"url\":\"\",\"contentUrl\":\"\",\"caption\":\"MMK Riepas\"}]}<\/script>\n<meta property=\"product:brand\" content=\"Aplus A702\" \/>\n<meta property=\"product:price:amount\" content=\"39.00\" \/>\n<meta property=\"product:price:currency\" content=\"EUR\" \/>\n<meta property=\"og:availability\" content=\"instock\" \/>\n<meta property=\"product:availability\" content=\"instock\" \/>\n<meta property=\"product:retailer_item_id\" content=\"TW1955015APLUS-50171\" \/>\n<meta property=\"product:condition\" content=\"new\" \/>\n<!-- \/ Yoast SEO Premium plugin. -->","yoast_head_json":{"title":"195\/50R15 Aplus A702 82V &#8226; MMK Riepas","robots":{"index":"index","follow":"follow","max-snippet":"max-snippet:-1","max-image-preview":"max-image-preview:large","max-video-preview":"max-video-preview:-1"},"canonical":"https:\/\/mmkriepas.lv\/en\/p\/195-50r15-aplus-a702-82v\/","og_locale":"en_US","og_type":"article","og_title":"195\/50R15 Aplus A702 82V","og_description":"Aplus A702 ir vissezonas\/ziemas riepu modelis, kas izce\u013cas ar augstu veiktsp\u0113ju pla\u0161\u0101 brauk\u0161anas apst\u0101k\u013cu diapazon\u0101, k\u0101 ar\u012b teicamu cenas un veiktsp\u0113jas attiec\u012bbu. Asimetriskais protektora raksts samazina akvaplan\u0113\u0161anas risku un nodro\u0161ina uzlabotu akustisko komfortu, bet protektora blokos bl\u012bvi iestr\u0101d\u0101t\u0101s lameles - izcilu veiktsp\u0113ju ziemas apst\u0101k\u013cos.","og_url":"https:\/\/mmkriepas.lv\/en\/p\/195-50r15-aplus-a702-82v\/","og_site_name":"MMK Riepas","article_publisher":"https:\/\/www.facebook.com\/mmkserviss\/","article_modified_time":"2026-03-27T22:25:14+00:00","og_image":[{"width":2448,"height":1629,"url":"https:\/\/mmkriepas.lv\/wp-content\/uploads\/2023\/10\/22545r17-aplus-a702-94v-xl-ziemas-riepas-7.jpg","type":"image\/jpeg"}],"twitter_card":"summary_large_image","twitter_misc":{"Price":"&euro;39.00","Availability":"In stock"},"schema":{"@context":"https:\/\/schema.org","@graph":[{"@type":"WebPage","@id":"https:\/\/mmkriepas.lv\/en\/p\/195-50r15-aplus-a702-82v\/","url":"https:\/\/mmkriepas.lv\/en\/p\/195-50r15-aplus-a702-82v\/","name":"195\/50R15 Aplus A702 82V &#8226; MMK Riepas","isPartOf":{"@id":"https:\/\/mmkriepas.lv\/en\/#website"},"primaryImageOfPage":{"@id":"https:\/\/mmkriepas.lv\/en\/p\/195-50r15-aplus-a702-82v\/#primaryimage"},"image":{"@id":"https:\/\/mmkriepas.lv\/en\/p\/195-50r15-aplus-a702-82v\/#primaryimage"},"thumbnailUrl":"https:\/\/mmkriepas.lv\/wp-content\/uploads\/2023\/10\/22545r17-aplus-a702-94v-xl-ziemas-riepas-7.jpg","datePublished":"2025-07-31T10:57:14+00:00","dateModified":"2026-03-27T22:25:14+00:00","breadcrumb":{"@id":"https:\/\/mmkriepas.lv\/en\/p\/195-50r15-aplus-a702-82v\/#breadcrumb"},"inLanguage":"en-US","potentialAction":[{"@type":"ReadAction","target":["https:\/\/mmkriepas.lv\/en\/p\/195-50r15-aplus-a702-82v\/"]}]},{"@type":"ImageObject","inLanguage":"en-US","@id":"https:\/\/mmkriepas.lv\/en\/p\/195-50r15-aplus-a702-82v\/#primaryimage","url":"https:\/\/mmkriepas.lv\/wp-content\/uploads\/2023\/10\/22545r17-aplus-a702-94v-xl-ziemas-riepas-7.jpg","contentUrl":"https:\/\/mmkriepas.lv\/wp-content\/uploads\/2023\/10\/22545r17-aplus-a702-94v-xl-ziemas-riepas-7.jpg","width":2448,"height":1629,"caption":"225\/45R17 Aplus A702 94V XL - Vissezonas riepas \/ Ziemas riepas"},{"@type":"BreadcrumbList","@id":"https:\/\/mmkriepas.lv\/en\/p\/195-50r15-aplus-a702-82v\/#breadcrumb","itemListElement":[{"@type":"ListItem","position":1,"name":"S\u0101kums","item":"https:\/\/mmkriepas.lv\/en\/"},{"@type":"ListItem","position":2,"name":"195\/50R15 Aplus A702 82V"}]},{"@type":"WebSite","@id":"https:\/\/mmkriepas.lv\/en\/#website","url":"https:\/\/mmkriepas.lv\/en\/","name":"MMK Riepas","description":"MMK Riepas","alternateName":"MMK Riepu Serviss","potentialAction":[{"@type":"SearchAction","target":{"@type":"EntryPoint","urlTemplate":"https:\/\/mmkriepas.lv\/en\/?s={search_term_string}"},"query-input":{"@type":"PropertyValueSpecification","valueRequired":true,"valueName":"search_term_string"}}],"inLanguage":"en-US"},{"@type":"ImageObject","inLanguage":"en-US","@id":"https:\/\/mmkriepas.lv\/en\/p\/195-50r15-aplus-a702-82v\/#local-main-organization-logo","url":"","contentUrl":"","caption":"MMK Riepas"}]},"product_brand":"Aplus A702","product_price_amount":"39.00","product_price_currency":"EUR","og_availability":"instock","product_availability":"instock","product_retailer_item_id":"TW1955015APLUS-50171","product_condition":"new"},"_links":{"self":[{"href":"https:\/\/mmkriepas.lv\/en\/wp-json\/wp\/v2\/product\/1266370","targetHints":{"allow":["GET"]}}],"collection":[{"href":"https:\/\/mmkriepas.lv\/en\/wp-json\/wp\/v2\/product"}],"about":[{"href":"https:\/\/mmkriepas.lv\/en\/wp-json\/wp\/v2\/types\/product"}],"wp:featuredmedia":[{"embeddable":true,"href":"https:\/\/mmkriepas.lv\/en\/wp-json\/wp\/v2\/media\/816904"}],"wp:attachment":[{"href":"https:\/\/mmkriepas.lv\/en\/wp-json\/wp\/v2\/media?parent=1266370"}],"wp:term":[{"taxonomy":"product_brand","embeddable":true,"href":"https:\/\/mmkriepas.lv\/en\/wp-json\/wp\/v2\/product_brand?post=1266370"},{"taxonomy":"product_cat","embeddable":true,"href":"https:\/\/mmkriepas.lv\/en\/wp-json\/wp\/v2\/product_cat?post=1266370"},{"taxonomy":"product_tag","embeddable":true,"href":"https:\/\/mmkriepas.lv\/en\/wp-json\/wp\/v2\/product_tag?post=1266370"}],"curies":[{"name":"wp","href":"https:\/\/api.w.org\/{rel}","templated":true}]}}