{"id":1265964,"date":"2025-07-29T17:28:25","date_gmt":"2025-07-29T14:28:25","guid":{"rendered":"https:\/\/mmkriepas.lv\/?post_type=product&#038;p=1265964"},"modified":"2026-03-27T14:58:19","modified_gmt":"2026-03-27T12:58:19","slug":"245-35r19-maxxis-premitra-snow-wp6-93w-xl","status":"publish","type":"product","link":"https:\/\/mmkriepas.lv\/en\/p\/245-35r19-maxxis-premitra-snow-wp6-93w-xl\/","title":{"rendered":"245\/35R19 Maxxis Premitra Snow WP6 93W XL"},"content":{"rendered":"<p class=\"western\"><span style=\"font-family: Arial, sans-serif;\"><b>Maxxis Premitra Snow WP6 <\/b>ir teicamas kvalit\u0101tes, vid\u0113j\u0101s klases vissezonas\/ziemas riepu modelis. Tas izce\u013cas ar labiem dro\u0161\u012bbas, veiktsp\u0113jas un brauk\u0161anas komforta r\u0101d\u012bt\u0101jiem gan uz sausa un slapja asfalta, gan m\u0113renas ziemas brauk\u0161anas apst\u0101k\u013cos. \u0160is riepu modelis pieejams izm\u0113ru kl\u0101st\u0101 no R15 l\u012bdz R19 un ir paredz\u0113ts uzst\u0101d\u012b\u0161anai pla\u0161am auto kl\u0101stam.<\/span><\/p>\n<h3 class=\"western\"><span style=\"font-family: Arial, sans-serif;\"><b>Maxxis Premitra Snow WP6 galven\u0101s iez\u012bmes<\/b><\/span><\/h3>\n<p class=\"western\"><span style=\"font-family: Arial, sans-serif;\">+ Laba sa\u0137ere un manevr\u0113tsp\u0113ja gan uz sausa un slapa asfalta, gan snieg\u0101 un slapjdra\u0146\u0137\u012b.<br \/>+ Zems akvaplan\u0113\u0161anas risks, pateicoties virzienveida protektora rakstam.<br \/>+ Labs akustiskais un brauk\u0161anas gaitas komforts.<br \/>+ Augsta nodilumiztur\u012bba.<\/span><\/p>\n<h3 class=\"western\"><span style=\"font-family: Arial, sans-serif;\"><b>Premitra Snow WP6 apr\u012bkojums<\/b><\/span><\/h3>\n<p class=\"western\"><span style=\"font-family: Arial, sans-serif;\"><b>Maxxis Premitra Snow WP6 <\/b>vissezonas\/ziemas riepu modelis apr\u012bkots ar klasisku virzienveida protektora rakstu. \u0160\u0101ds dizains sev\u012b apvieno zemu akvaplan\u0113\u0161anas risku un labas sa\u0137eres \u012bpa\u0161\u012bbas, braucot pa grants ce\u013ciem vai snieg\u0101\/slapjdra\u0146\u0137\u012b.<\/span><\/p>\n<p class=\"western\"><span style=\"font-family: Arial, sans-serif;\">Mas\u012bvie, V-veid\u0101 izvietotie protektora bloki apr\u012bkoti ar vair\u0101kiem simtiem s\u012bku iegriezumu jeb lame\u013cu. T\u0101s darbojas l\u012bdz\u012bgi radz\u0113m, ar as\u0101k kant\u0113m iec\u0113rtoties sabliet\u0113t\u0101 snieg\u0101 un apledojumos.\u00a0<\/span><\/p>\n<p class=\"western\"><span style=\"font-family: Arial, sans-serif;\">Protektors darin\u0101ts no elastrom\u0113riem bag\u0101ta gumijas mais\u012bjuma. Tam pievienotie \u0137\u012bmiskie elementi \u013cauj riepai saglab\u0101t elast\u012bbu zem\u0101s gaisa temperat\u016br\u0101s. K\u0101 zin\u0101ms, elast\u012bga riepa daudz lab\u0101k veido sa\u0137eri ar ce\u013cu, k\u0101 ar\u012b dilst vienm\u0113r\u012bg\u0101k.<\/span><\/p>\n","protected":false},"excerpt":{"rendered":"<p><span style=\"font-family: Arial, sans-serif;\"><b>Maxxis Premitra Snow WP6 <\/b>ir teicamas kvalit\u0101tes, vid\u0113j\u0101s klases vissezonas\/ziemas riepu modelis. Tas izce\u013cas ar labiem dro\u0161\u012bbas, veiktsp\u0113jas un brauk\u0161anas komforta r\u0101d\u012bt\u0101jiem gan uz sausa un slapja asfalta, gan m\u0113renas ziemas brauk\u0161anas apst\u0101k\u013cos. \u0160is riepu modelis pieejams izm\u0113ru kl\u0101st\u0101 no R15 l\u012bdz R19 un ir paredz\u0113ts uzst\u0101d\u012b\u0161anai pla\u0161am auto kl\u0101stam.<\/span><\/p>\n","protected":false},"featured_media":1123854,"template":"","meta":{"_acf_changed":false,"ngg_post_thumbnail":0},"product_brand":[],"product_cat":[23644,23643],"product_tag":[],"class_list":{"0":"post-1265964","1":"product","2":"type-product","3":"status-publish","4":"has-post-thumbnail","6":"product_cat-all-season-tyres","7":"product_cat-winter-tyres","9":"first","10":"instock","11":"sale","12":"taxable","13":"shipping-taxable","14":"purchasable","15":"product-type-simple"},"acf":[],"yoast_head":"<!-- This site is optimized with the Yoast SEO Premium plugin v22.6 (Yoast SEO v27.3) - https:\/\/yoast.com\/product\/yoast-seo-premium-wordpress\/ -->\n<title>245\/35R19 Maxxis Premitra Snow WP6 93W XL &#8226; MMK Riepas<\/title>\n<meta name=\"robots\" content=\"index, follow, max-snippet:-1, max-image-preview:large, max-video-preview:-1\" \/>\n<link rel=\"canonical\" href=\"https:\/\/mmkriepas.lv\/en\/p\/245-35r19-maxxis-premitra-snow-wp6-93w-xl\/\" \/>\n<meta property=\"og:locale\" content=\"en_US\" \/>\n<meta property=\"og:type\" content=\"article\" \/>\n<meta property=\"og:title\" content=\"245\/35R19 Maxxis Premitra Snow WP6 93W XL\" \/>\n<meta property=\"og:description\" content=\"Maxxis Premitra Snow WP6 ir teicamas kvalit\u0101tes, vid\u0113j\u0101s klases vissezonas\/ziemas riepu modelis. Tas izce\u013cas ar labiem dro\u0161\u012bbas, veiktsp\u0113jas un brauk\u0161anas komforta r\u0101d\u012bt\u0101jiem gan uz sausa un slapja asfalta, gan m\u0113renas ziemas brauk\u0161anas apst\u0101k\u013cos. \u0160is riepu modelis pieejams izm\u0113ru kl\u0101st\u0101 no R15 l\u012bdz R19 un ir paredz\u0113ts uzst\u0101d\u012b\u0161anai pla\u0161am auto kl\u0101stam.\" \/>\n<meta property=\"og:url\" content=\"https:\/\/mmkriepas.lv\/en\/p\/245-35r19-maxxis-premitra-snow-wp6-93w-xl\/\" \/>\n<meta property=\"og:site_name\" content=\"MMK Riepas\" \/>\n<meta property=\"article:publisher\" content=\"https:\/\/www.facebook.com\/mmkserviss\/\" \/>\n<meta property=\"article:modified_time\" content=\"2026-03-27T12:58:19+00:00\" \/>\n<meta property=\"og:image\" content=\"https:\/\/mmkriepas.lv\/wp-content\/uploads\/2024\/11\/21560r17-maxxis-premitra-snow-wp6-suv-100h-xl-ziemas-riepas.jpg\" \/>\n\t<meta property=\"og:image:width\" content=\"900\" \/>\n\t<meta property=\"og:image:height\" content=\"720\" \/>\n\t<meta property=\"og:image:type\" content=\"image\/jpeg\" \/>\n<meta name=\"twitter:card\" content=\"summary_large_image\" \/>\n<meta name=\"twitter:label1\" content=\"Price\" \/>\n\t<meta name=\"twitter:data1\" content=\"&euro;153.00\" \/>\n\t<meta name=\"twitter:label2\" content=\"Availability\" \/>\n\t<meta name=\"twitter:data2\" content=\"In stock\" \/>\n<script type=\"application\/ld+json\" class=\"yoast-schema-graph\">{\"@context\":\"https:\\\/\\\/schema.org\",\"@graph\":[{\"@type\":\"WebPage\",\"@id\":\"https:\\\/\\\/mmkriepas.lv\\\/en\\\/p\\\/245-35r19-maxxis-premitra-snow-wp6-93w-xl\\\/\",\"url\":\"https:\\\/\\\/mmkriepas.lv\\\/en\\\/p\\\/245-35r19-maxxis-premitra-snow-wp6-93w-xl\\\/\",\"name\":\"245\\\/35R19 Maxxis Premitra Snow WP6 93W XL &#8226; MMK Riepas\",\"isPartOf\":{\"@id\":\"https:\\\/\\\/mmkriepas.lv\\\/en\\\/#website\"},\"primaryImageOfPage\":{\"@id\":\"https:\\\/\\\/mmkriepas.lv\\\/en\\\/p\\\/245-35r19-maxxis-premitra-snow-wp6-93w-xl\\\/#primaryimage\"},\"image\":{\"@id\":\"https:\\\/\\\/mmkriepas.lv\\\/en\\\/p\\\/245-35r19-maxxis-premitra-snow-wp6-93w-xl\\\/#primaryimage\"},\"thumbnailUrl\":\"https:\\\/\\\/mmkriepas.lv\\\/wp-content\\\/uploads\\\/2024\\\/11\\\/21560r17-maxxis-premitra-snow-wp6-suv-100h-xl-ziemas-riepas.jpg\",\"datePublished\":\"2025-07-29T14:28:25+00:00\",\"dateModified\":\"2026-03-27T12:58:19+00:00\",\"breadcrumb\":{\"@id\":\"https:\\\/\\\/mmkriepas.lv\\\/en\\\/p\\\/245-35r19-maxxis-premitra-snow-wp6-93w-xl\\\/#breadcrumb\"},\"inLanguage\":\"en-US\",\"potentialAction\":[{\"@type\":\"ReadAction\",\"target\":[\"https:\\\/\\\/mmkriepas.lv\\\/en\\\/p\\\/245-35r19-maxxis-premitra-snow-wp6-93w-xl\\\/\"]}]},{\"@type\":\"ImageObject\",\"inLanguage\":\"en-US\",\"@id\":\"https:\\\/\\\/mmkriepas.lv\\\/en\\\/p\\\/245-35r19-maxxis-premitra-snow-wp6-93w-xl\\\/#primaryimage\",\"url\":\"https:\\\/\\\/mmkriepas.lv\\\/wp-content\\\/uploads\\\/2024\\\/11\\\/21560r17-maxxis-premitra-snow-wp6-suv-100h-xl-ziemas-riepas.jpg\",\"contentUrl\":\"https:\\\/\\\/mmkriepas.lv\\\/wp-content\\\/uploads\\\/2024\\\/11\\\/21560r17-maxxis-premitra-snow-wp6-suv-100h-xl-ziemas-riepas.jpg\",\"width\":900,\"height\":720,\"caption\":\"MAIN\"},{\"@type\":\"BreadcrumbList\",\"@id\":\"https:\\\/\\\/mmkriepas.lv\\\/en\\\/p\\\/245-35r19-maxxis-premitra-snow-wp6-93w-xl\\\/#breadcrumb\",\"itemListElement\":[{\"@type\":\"ListItem\",\"position\":1,\"name\":\"S\u0101kums\",\"item\":\"https:\\\/\\\/mmkriepas.lv\\\/en\\\/\"},{\"@type\":\"ListItem\",\"position\":2,\"name\":\"245\\\/35R19 Maxxis Premitra Snow WP6 93W XL\"}]},{\"@type\":\"WebSite\",\"@id\":\"https:\\\/\\\/mmkriepas.lv\\\/en\\\/#website\",\"url\":\"https:\\\/\\\/mmkriepas.lv\\\/en\\\/\",\"name\":\"MMK Riepas\",\"description\":\"MMK Riepas\",\"alternateName\":\"MMK Riepu Serviss\",\"potentialAction\":[{\"@type\":\"SearchAction\",\"target\":{\"@type\":\"EntryPoint\",\"urlTemplate\":\"https:\\\/\\\/mmkriepas.lv\\\/en\\\/?s={search_term_string}\"},\"query-input\":{\"@type\":\"PropertyValueSpecification\",\"valueRequired\":true,\"valueName\":\"search_term_string\"}}],\"inLanguage\":\"en-US\"},{\"@type\":\"ImageObject\",\"inLanguage\":\"en-US\",\"@id\":\"https:\\\/\\\/mmkriepas.lv\\\/en\\\/p\\\/245-35r19-maxxis-premitra-snow-wp6-93w-xl\\\/#local-main-organization-logo\",\"url\":\"\",\"contentUrl\":\"\",\"caption\":\"MMK Riepas\"}]}<\/script>\n<meta property=\"product:brand\" content=\"Maxxis Premitra Snow WP6\" \/>\n<meta property=\"product:price:amount\" content=\"153.00\" \/>\n<meta property=\"product:price:currency\" content=\"EUR\" \/>\n<meta property=\"og:availability\" content=\"instock\" \/>\n<meta property=\"product:availability\" content=\"instock\" \/>\n<meta property=\"product:retailer_item_id\" content=\"TW2453519MAXXI-L50025\" \/>\n<meta property=\"product:condition\" content=\"new\" \/>\n<!-- \/ Yoast SEO Premium plugin. -->","yoast_head_json":{"title":"245\/35R19 Maxxis Premitra Snow WP6 93W XL &#8226; MMK Riepas","robots":{"index":"index","follow":"follow","max-snippet":"max-snippet:-1","max-image-preview":"max-image-preview:large","max-video-preview":"max-video-preview:-1"},"canonical":"https:\/\/mmkriepas.lv\/en\/p\/245-35r19-maxxis-premitra-snow-wp6-93w-xl\/","og_locale":"en_US","og_type":"article","og_title":"245\/35R19 Maxxis Premitra Snow WP6 93W XL","og_description":"Maxxis Premitra Snow WP6 ir teicamas kvalit\u0101tes, vid\u0113j\u0101s klases vissezonas\/ziemas riepu modelis. Tas izce\u013cas ar labiem dro\u0161\u012bbas, veiktsp\u0113jas un brauk\u0161anas komforta r\u0101d\u012bt\u0101jiem gan uz sausa un slapja asfalta, gan m\u0113renas ziemas brauk\u0161anas apst\u0101k\u013cos. \u0160is riepu modelis pieejams izm\u0113ru kl\u0101st\u0101 no R15 l\u012bdz R19 un ir paredz\u0113ts uzst\u0101d\u012b\u0161anai pla\u0161am auto kl\u0101stam.","og_url":"https:\/\/mmkriepas.lv\/en\/p\/245-35r19-maxxis-premitra-snow-wp6-93w-xl\/","og_site_name":"MMK Riepas","article_publisher":"https:\/\/www.facebook.com\/mmkserviss\/","article_modified_time":"2026-03-27T12:58:19+00:00","og_image":[{"width":900,"height":720,"url":"https:\/\/mmkriepas.lv\/wp-content\/uploads\/2024\/11\/21560r17-maxxis-premitra-snow-wp6-suv-100h-xl-ziemas-riepas.jpg","type":"image\/jpeg"}],"twitter_card":"summary_large_image","twitter_misc":{"Price":"&euro;153.00","Availability":"In stock"},"schema":{"@context":"https:\/\/schema.org","@graph":[{"@type":"WebPage","@id":"https:\/\/mmkriepas.lv\/en\/p\/245-35r19-maxxis-premitra-snow-wp6-93w-xl\/","url":"https:\/\/mmkriepas.lv\/en\/p\/245-35r19-maxxis-premitra-snow-wp6-93w-xl\/","name":"245\/35R19 Maxxis Premitra Snow WP6 93W XL &#8226; MMK Riepas","isPartOf":{"@id":"https:\/\/mmkriepas.lv\/en\/#website"},"primaryImageOfPage":{"@id":"https:\/\/mmkriepas.lv\/en\/p\/245-35r19-maxxis-premitra-snow-wp6-93w-xl\/#primaryimage"},"image":{"@id":"https:\/\/mmkriepas.lv\/en\/p\/245-35r19-maxxis-premitra-snow-wp6-93w-xl\/#primaryimage"},"thumbnailUrl":"https:\/\/mmkriepas.lv\/wp-content\/uploads\/2024\/11\/21560r17-maxxis-premitra-snow-wp6-suv-100h-xl-ziemas-riepas.jpg","datePublished":"2025-07-29T14:28:25+00:00","dateModified":"2026-03-27T12:58:19+00:00","breadcrumb":{"@id":"https:\/\/mmkriepas.lv\/en\/p\/245-35r19-maxxis-premitra-snow-wp6-93w-xl\/#breadcrumb"},"inLanguage":"en-US","potentialAction":[{"@type":"ReadAction","target":["https:\/\/mmkriepas.lv\/en\/p\/245-35r19-maxxis-premitra-snow-wp6-93w-xl\/"]}]},{"@type":"ImageObject","inLanguage":"en-US","@id":"https:\/\/mmkriepas.lv\/en\/p\/245-35r19-maxxis-premitra-snow-wp6-93w-xl\/#primaryimage","url":"https:\/\/mmkriepas.lv\/wp-content\/uploads\/2024\/11\/21560r17-maxxis-premitra-snow-wp6-suv-100h-xl-ziemas-riepas.jpg","contentUrl":"https:\/\/mmkriepas.lv\/wp-content\/uploads\/2024\/11\/21560r17-maxxis-premitra-snow-wp6-suv-100h-xl-ziemas-riepas.jpg","width":900,"height":720,"caption":"MAIN"},{"@type":"BreadcrumbList","@id":"https:\/\/mmkriepas.lv\/en\/p\/245-35r19-maxxis-premitra-snow-wp6-93w-xl\/#breadcrumb","itemListElement":[{"@type":"ListItem","position":1,"name":"S\u0101kums","item":"https:\/\/mmkriepas.lv\/en\/"},{"@type":"ListItem","position":2,"name":"245\/35R19 Maxxis Premitra Snow WP6 93W XL"}]},{"@type":"WebSite","@id":"https:\/\/mmkriepas.lv\/en\/#website","url":"https:\/\/mmkriepas.lv\/en\/","name":"MMK Riepas","description":"MMK Riepas","alternateName":"MMK Riepu Serviss","potentialAction":[{"@type":"SearchAction","target":{"@type":"EntryPoint","urlTemplate":"https:\/\/mmkriepas.lv\/en\/?s={search_term_string}"},"query-input":{"@type":"PropertyValueSpecification","valueRequired":true,"valueName":"search_term_string"}}],"inLanguage":"en-US"},{"@type":"ImageObject","inLanguage":"en-US","@id":"https:\/\/mmkriepas.lv\/en\/p\/245-35r19-maxxis-premitra-snow-wp6-93w-xl\/#local-main-organization-logo","url":"","contentUrl":"","caption":"MMK Riepas"}]},"product_brand":"Maxxis Premitra Snow WP6","product_price_amount":"153.00","product_price_currency":"EUR","og_availability":"instock","product_availability":"instock","product_retailer_item_id":"TW2453519MAXXI-L50025","product_condition":"new"},"_links":{"self":[{"href":"https:\/\/mmkriepas.lv\/en\/wp-json\/wp\/v2\/product\/1265964","targetHints":{"allow":["GET"]}}],"collection":[{"href":"https:\/\/mmkriepas.lv\/en\/wp-json\/wp\/v2\/product"}],"about":[{"href":"https:\/\/mmkriepas.lv\/en\/wp-json\/wp\/v2\/types\/product"}],"wp:featuredmedia":[{"embeddable":true,"href":"https:\/\/mmkriepas.lv\/en\/wp-json\/wp\/v2\/media\/1123854"}],"wp:attachment":[{"href":"https:\/\/mmkriepas.lv\/en\/wp-json\/wp\/v2\/media?parent=1265964"}],"wp:term":[{"taxonomy":"product_brand","embeddable":true,"href":"https:\/\/mmkriepas.lv\/en\/wp-json\/wp\/v2\/product_brand?post=1265964"},{"taxonomy":"product_cat","embeddable":true,"href":"https:\/\/mmkriepas.lv\/en\/wp-json\/wp\/v2\/product_cat?post=1265964"},{"taxonomy":"product_tag","embeddable":true,"href":"https:\/\/mmkriepas.lv\/en\/wp-json\/wp\/v2\/product_tag?post=1265964"}],"curies":[{"name":"wp","href":"https:\/\/api.w.org\/{rel}","templated":true}]}}