{"id":1257888,"date":"2025-07-14T17:37:21","date_gmt":"2025-07-14T14:37:21","guid":{"rendered":"https:\/\/mmkriepas.lv\/?post_type=product&#038;p=1257888"},"modified":"2026-04-02T22:13:44","modified_gmt":"2026-04-02T19:13:44","slug":"205-65r16c-taurus-201-107-105r-dot-ar-radzem","status":"publish","type":"product","link":"https:\/\/mmkriepas.lv\/en\/p\/205-65r16c-taurus-201-107-105r-dot-ar-radzem\/","title":{"rendered":"205\/65R16C Taurus 201 107\/105R DOT (Michelin) ar radz\u0113m"},"content":{"rendered":"<p><b>Taurus 201<\/b><span style=\"font-weight: 400;\"> ir rad\u017eojama ziemas riepa, kas paredz\u0113ta komerctransportam- mikroautobusiem un vieglajiem kravas auto. \u0160is modelis izce\u013cas ar labu sa\u0137eri un veiktsp\u0113ju uz da\u017e\u0101d\u0101m ce\u013ca virsm\u0101m. \u0160\u012b ir Michelin grupas riepa, kas ir identiska Kormoran Van Pro Winter modelim.<\/span><\/p>\n<h3><b>Taurus 201 galven\u0101s iez\u012bmes<\/b><\/h3>\n<p><span style=\"font-weight: 400;\">+Pastiprin\u0101tie s\u0101nu bloki padara \u0161o modeli triecieniztur\u012bg\u0101ku un kalpotsp\u0113j\u012bg\u0101ku.<\/span><\/p>\n<p><span style=\"font-weight: 400;\">+Ilgu kalpo\u0161anas laiku garant\u0113 biezais protektora sl\u0101nis!<\/span><\/p>\n<p><span style=\"font-weight: 400;\">+Sa\u0137eres efektivit\u0101te gan uz slapja asfalta, gan grants ce\u013ciem.<\/span><\/p>\n<p><span style=\"font-weight: 400;\">+Patecoties plataj\u0101m dren\u0101\u017eas riev\u0101m, riepa \u0101tri att\u012br\u0101s no net\u012brumiem un novada \u016bdeni.<\/span><\/p>\n<p><span style=\"font-weight: 400;\">+Samazin\u0101ts akvaplan\u0113\u0161anas risks.<\/span><\/p>\n<h3><b>Veiktsp\u0113ja uz da\u017e\u0101d\u0101m ce\u013ca virsm\u0101m<\/b><\/h3>\n<p><span style=\"font-weight: 400;\">Taurus 201, protektora dizaina un plato dren\u0101\u017eas rievu d\u0113\u013c, lieliski novada \u016bdeni un sniegu mitros laikapst\u0101k\u013cos, turkl\u0101t viegli att\u012br\u0101s no net\u012brumiem un samazina akvaplan\u0113\u0161anas risku. \u0160\u012b riepa labi pier\u0101da sevi ar\u012b uz ledus, t\u0101s gumijas sast\u0101v\u0101 izmantots dab\u012bgais kau\u010duks, kas pal\u012bdz protektoram nezaud\u0113t elast\u012bbu pat zem\u0101s gaisa temperat\u016br\u0101s.<\/span><\/p>\n<p><b>Taurus 201 <\/b><span style=\"font-weight: 400;\">mode\u013ca lieto\u0161anas dro\u0161\u012bbu ziemas laika apst\u0101k\u013cos un t\u0101 atbilst\u012bbu valst\u012bm ar oblig\u0101tu sezon\u0101lo riepu mai\u0146u apstiprina mar\u0137\u0113jums sniegp\u0101rslas form\u0101 uz kalna fona ar trim virsotn\u0113m (3PMSF).<\/span><\/p>\n","protected":false},"excerpt":{"rendered":"<p><b>Taurus 201<\/b><span style=\"font-weight: 400;\"> ir rad\u017eojama ziemas riepa, kas paredz\u0113ta komerctransportam- mikroautobusiem un vieglajiem kravas auto. \u0160is modelis izce\u013cas ar labu sa\u0137eri un veiktsp\u0113ju uz da\u017e\u0101d\u0101m ce\u013ca virsm\u0101m. \u0160\u012b ir Michelin grupas riepa, kas ir identiska Kormoran Van Pro Winter modelim.<\/span><\/p>\n","protected":false},"featured_media":1417143,"template":"","meta":{"_acf_changed":false,"ngg_post_thumbnail":0},"product_brand":[],"product_cat":[45,48],"product_tag":[],"class_list":{"0":"post-1257888","1":"product","2":"type-product","3":"status-publish","4":"has-post-thumbnail","6":"product_cat-ziemas-riepas","7":"product_cat-ziemas-ar-radzem","9":"first","10":"instock","11":"taxable","12":"shipping-taxable","13":"purchasable","14":"product-type-simple"},"acf":[],"yoast_head":"<!-- This site is optimized with the Yoast SEO Premium plugin v22.6 (Yoast SEO v27.3) - https:\/\/yoast.com\/product\/yoast-seo-premium-wordpress\/ -->\n<title>205\/65R16C Taurus 201 107\/105R DOT (Michelin) ar radz\u0113m &#8226; MMK Riepas<\/title>\n<meta name=\"robots\" content=\"index, follow, max-snippet:-1, max-image-preview:large, max-video-preview:-1\" \/>\n<link rel=\"canonical\" href=\"https:\/\/mmkriepas.lv\/en\/p\/205-65r16c-taurus-201-107-105r-dot-ar-radzem\/\" \/>\n<meta property=\"og:locale\" content=\"en_US\" \/>\n<meta property=\"og:type\" content=\"article\" \/>\n<meta property=\"og:title\" content=\"205\/65R16C Taurus 201 107\/105R DOT (Michelin) ar radz\u0113m\" \/>\n<meta property=\"og:description\" content=\"Taurus 201 ir rad\u017eojama ziemas riepa, kas paredz\u0113ta komerctransportam- mikroautobusiem un vieglajiem kravas auto. \u0160is modelis izce\u013cas ar labu sa\u0137eri un veiktsp\u0113ju uz da\u017e\u0101d\u0101m ce\u013ca virsm\u0101m. \u0160\u012b ir Michelin grupas riepa, kas ir identiska Kormoran Van Pro Winter modelim.\" \/>\n<meta property=\"og:url\" content=\"https:\/\/mmkriepas.lv\/en\/p\/205-65r16c-taurus-201-107-105r-dot-ar-radzem\/\" \/>\n<meta property=\"og:site_name\" content=\"MMK Riepas\" \/>\n<meta property=\"article:publisher\" content=\"https:\/\/www.facebook.com\/mmkserviss\/\" \/>\n<meta property=\"article:modified_time\" content=\"2026-04-02T19:13:44+00:00\" \/>\n<meta property=\"og:image\" content=\"https:\/\/mmkriepas.lv\/wp-content\/uploads\/2025\/12\/19560r16-tigar-cargo-speed-winter-9997t-ar-radzem-ziemas-ar-radzem-riepas.jpg\" \/>\n\t<meta property=\"og:image:width\" content=\"800\" \/>\n\t<meta property=\"og:image:height\" content=\"800\" \/>\n\t<meta property=\"og:image:type\" content=\"image\/jpeg\" \/>\n<meta name=\"twitter:card\" content=\"summary_large_image\" \/>\n<meta name=\"twitter:label1\" content=\"Price\" \/>\n\t<meta name=\"twitter:data1\" content=\"&euro;329.00\" \/>\n\t<meta name=\"twitter:label2\" content=\"Availability\" \/>\n\t<meta name=\"twitter:data2\" content=\"In stock\" \/>\n<script type=\"application\/ld+json\" class=\"yoast-schema-graph\">{\"@context\":\"https:\\\/\\\/schema.org\",\"@graph\":[{\"@type\":\"WebPage\",\"@id\":\"https:\\\/\\\/mmkriepas.lv\\\/en\\\/p\\\/205-65r16c-taurus-201-107-105r-dot-ar-radzem\\\/\",\"url\":\"https:\\\/\\\/mmkriepas.lv\\\/en\\\/p\\\/205-65r16c-taurus-201-107-105r-dot-ar-radzem\\\/\",\"name\":\"205\\\/65R16C Taurus 201 107\\\/105R DOT (Michelin) ar radz\u0113m &#8226; MMK Riepas\",\"isPartOf\":{\"@id\":\"https:\\\/\\\/mmkriepas.lv\\\/en\\\/#website\"},\"primaryImageOfPage\":{\"@id\":\"https:\\\/\\\/mmkriepas.lv\\\/en\\\/p\\\/205-65r16c-taurus-201-107-105r-dot-ar-radzem\\\/#primaryimage\"},\"image\":{\"@id\":\"https:\\\/\\\/mmkriepas.lv\\\/en\\\/p\\\/205-65r16c-taurus-201-107-105r-dot-ar-radzem\\\/#primaryimage\"},\"thumbnailUrl\":\"https:\\\/\\\/mmkriepas.lv\\\/wp-content\\\/uploads\\\/2025\\\/12\\\/19560r16-tigar-cargo-speed-winter-9997t-ar-radzem-ziemas-ar-radzem-riepas.jpg\",\"datePublished\":\"2025-07-14T14:37:21+00:00\",\"dateModified\":\"2026-04-02T19:13:44+00:00\",\"breadcrumb\":{\"@id\":\"https:\\\/\\\/mmkriepas.lv\\\/en\\\/p\\\/205-65r16c-taurus-201-107-105r-dot-ar-radzem\\\/#breadcrumb\"},\"inLanguage\":\"en-US\",\"potentialAction\":[{\"@type\":\"ReadAction\",\"target\":[\"https:\\\/\\\/mmkriepas.lv\\\/en\\\/p\\\/205-65r16c-taurus-201-107-105r-dot-ar-radzem\\\/\"]}]},{\"@type\":\"ImageObject\",\"inLanguage\":\"en-US\",\"@id\":\"https:\\\/\\\/mmkriepas.lv\\\/en\\\/p\\\/205-65r16c-taurus-201-107-105r-dot-ar-radzem\\\/#primaryimage\",\"url\":\"https:\\\/\\\/mmkriepas.lv\\\/wp-content\\\/uploads\\\/2025\\\/12\\\/19560r16-tigar-cargo-speed-winter-9997t-ar-radzem-ziemas-ar-radzem-riepas.jpg\",\"contentUrl\":\"https:\\\/\\\/mmkriepas.lv\\\/wp-content\\\/uploads\\\/2025\\\/12\\\/19560r16-tigar-cargo-speed-winter-9997t-ar-radzem-ziemas-ar-radzem-riepas.jpg\",\"width\":800,\"height\":800,\"caption\":\"195\\\/60R16 TIGAR CARGO SPEED WINTER 99\\\/97T ar radz\u0113m - Ziemas ar radz\u0113m riepas\"},{\"@type\":\"BreadcrumbList\",\"@id\":\"https:\\\/\\\/mmkriepas.lv\\\/en\\\/p\\\/205-65r16c-taurus-201-107-105r-dot-ar-radzem\\\/#breadcrumb\",\"itemListElement\":[{\"@type\":\"ListItem\",\"position\":1,\"name\":\"S\u0101kums\",\"item\":\"https:\\\/\\\/mmkriepas.lv\\\/en\\\/\"},{\"@type\":\"ListItem\",\"position\":2,\"name\":\"205\\\/65R16C Taurus 201 107\\\/105R DOT (Michelin) ar radz\u0113m\"}]},{\"@type\":\"WebSite\",\"@id\":\"https:\\\/\\\/mmkriepas.lv\\\/en\\\/#website\",\"url\":\"https:\\\/\\\/mmkriepas.lv\\\/en\\\/\",\"name\":\"MMK Riepas\",\"description\":\"MMK Riepas\",\"alternateName\":\"MMK Riepu Serviss\",\"potentialAction\":[{\"@type\":\"SearchAction\",\"target\":{\"@type\":\"EntryPoint\",\"urlTemplate\":\"https:\\\/\\\/mmkriepas.lv\\\/en\\\/?s={search_term_string}\"},\"query-input\":{\"@type\":\"PropertyValueSpecification\",\"valueRequired\":true,\"valueName\":\"search_term_string\"}}],\"inLanguage\":\"en-US\"},{\"@type\":\"ImageObject\",\"inLanguage\":\"en-US\",\"@id\":\"https:\\\/\\\/mmkriepas.lv\\\/en\\\/p\\\/205-65r16c-taurus-201-107-105r-dot-ar-radzem\\\/#local-main-organization-logo\",\"url\":\"\",\"contentUrl\":\"\",\"caption\":\"MMK Riepas\"}]}<\/script>\n<meta property=\"product:brand\" content=\"Taurus 201\" \/>\n<meta property=\"product:price:amount\" content=\"329.00\" \/>\n<meta property=\"product:price:currency\" content=\"EUR\" \/>\n<meta property=\"og:availability\" content=\"instock\" \/>\n<meta property=\"product:availability\" content=\"instock\" \/>\n<meta property=\"product:retailer_item_id\" content=\"TR2056516TAURU-L49862\" \/>\n<meta property=\"product:condition\" content=\"new\" \/>\n<!-- \/ Yoast SEO Premium plugin. -->","yoast_head_json":{"title":"205\/65R16C Taurus 201 107\/105R DOT (Michelin) ar radz\u0113m &#8226; MMK Riepas","robots":{"index":"index","follow":"follow","max-snippet":"max-snippet:-1","max-image-preview":"max-image-preview:large","max-video-preview":"max-video-preview:-1"},"canonical":"https:\/\/mmkriepas.lv\/en\/p\/205-65r16c-taurus-201-107-105r-dot-ar-radzem\/","og_locale":"en_US","og_type":"article","og_title":"205\/65R16C Taurus 201 107\/105R DOT (Michelin) ar radz\u0113m","og_description":"Taurus 201 ir rad\u017eojama ziemas riepa, kas paredz\u0113ta komerctransportam- mikroautobusiem un vieglajiem kravas auto. \u0160is modelis izce\u013cas ar labu sa\u0137eri un veiktsp\u0113ju uz da\u017e\u0101d\u0101m ce\u013ca virsm\u0101m. \u0160\u012b ir Michelin grupas riepa, kas ir identiska Kormoran Van Pro Winter modelim.","og_url":"https:\/\/mmkriepas.lv\/en\/p\/205-65r16c-taurus-201-107-105r-dot-ar-radzem\/","og_site_name":"MMK Riepas","article_publisher":"https:\/\/www.facebook.com\/mmkserviss\/","article_modified_time":"2026-04-02T19:13:44+00:00","og_image":[{"width":800,"height":800,"url":"https:\/\/mmkriepas.lv\/wp-content\/uploads\/2025\/12\/19560r16-tigar-cargo-speed-winter-9997t-ar-radzem-ziemas-ar-radzem-riepas.jpg","type":"image\/jpeg"}],"twitter_card":"summary_large_image","twitter_misc":{"Price":"&euro;329.00","Availability":"In stock"},"schema":{"@context":"https:\/\/schema.org","@graph":[{"@type":"WebPage","@id":"https:\/\/mmkriepas.lv\/en\/p\/205-65r16c-taurus-201-107-105r-dot-ar-radzem\/","url":"https:\/\/mmkriepas.lv\/en\/p\/205-65r16c-taurus-201-107-105r-dot-ar-radzem\/","name":"205\/65R16C Taurus 201 107\/105R DOT (Michelin) ar radz\u0113m &#8226; MMK Riepas","isPartOf":{"@id":"https:\/\/mmkriepas.lv\/en\/#website"},"primaryImageOfPage":{"@id":"https:\/\/mmkriepas.lv\/en\/p\/205-65r16c-taurus-201-107-105r-dot-ar-radzem\/#primaryimage"},"image":{"@id":"https:\/\/mmkriepas.lv\/en\/p\/205-65r16c-taurus-201-107-105r-dot-ar-radzem\/#primaryimage"},"thumbnailUrl":"https:\/\/mmkriepas.lv\/wp-content\/uploads\/2025\/12\/19560r16-tigar-cargo-speed-winter-9997t-ar-radzem-ziemas-ar-radzem-riepas.jpg","datePublished":"2025-07-14T14:37:21+00:00","dateModified":"2026-04-02T19:13:44+00:00","breadcrumb":{"@id":"https:\/\/mmkriepas.lv\/en\/p\/205-65r16c-taurus-201-107-105r-dot-ar-radzem\/#breadcrumb"},"inLanguage":"en-US","potentialAction":[{"@type":"ReadAction","target":["https:\/\/mmkriepas.lv\/en\/p\/205-65r16c-taurus-201-107-105r-dot-ar-radzem\/"]}]},{"@type":"ImageObject","inLanguage":"en-US","@id":"https:\/\/mmkriepas.lv\/en\/p\/205-65r16c-taurus-201-107-105r-dot-ar-radzem\/#primaryimage","url":"https:\/\/mmkriepas.lv\/wp-content\/uploads\/2025\/12\/19560r16-tigar-cargo-speed-winter-9997t-ar-radzem-ziemas-ar-radzem-riepas.jpg","contentUrl":"https:\/\/mmkriepas.lv\/wp-content\/uploads\/2025\/12\/19560r16-tigar-cargo-speed-winter-9997t-ar-radzem-ziemas-ar-radzem-riepas.jpg","width":800,"height":800,"caption":"195\/60R16 TIGAR CARGO SPEED WINTER 99\/97T ar radz\u0113m - Ziemas ar radz\u0113m riepas"},{"@type":"BreadcrumbList","@id":"https:\/\/mmkriepas.lv\/en\/p\/205-65r16c-taurus-201-107-105r-dot-ar-radzem\/#breadcrumb","itemListElement":[{"@type":"ListItem","position":1,"name":"S\u0101kums","item":"https:\/\/mmkriepas.lv\/en\/"},{"@type":"ListItem","position":2,"name":"205\/65R16C Taurus 201 107\/105R DOT (Michelin) ar radz\u0113m"}]},{"@type":"WebSite","@id":"https:\/\/mmkriepas.lv\/en\/#website","url":"https:\/\/mmkriepas.lv\/en\/","name":"MMK Riepas","description":"MMK Riepas","alternateName":"MMK Riepu Serviss","potentialAction":[{"@type":"SearchAction","target":{"@type":"EntryPoint","urlTemplate":"https:\/\/mmkriepas.lv\/en\/?s={search_term_string}"},"query-input":{"@type":"PropertyValueSpecification","valueRequired":true,"valueName":"search_term_string"}}],"inLanguage":"en-US"},{"@type":"ImageObject","inLanguage":"en-US","@id":"https:\/\/mmkriepas.lv\/en\/p\/205-65r16c-taurus-201-107-105r-dot-ar-radzem\/#local-main-organization-logo","url":"","contentUrl":"","caption":"MMK Riepas"}]},"product_brand":"Taurus 201","product_price_amount":"329.00","product_price_currency":"EUR","og_availability":"instock","product_availability":"instock","product_retailer_item_id":"TR2056516TAURU-L49862","product_condition":"new"},"_links":{"self":[{"href":"https:\/\/mmkriepas.lv\/en\/wp-json\/wp\/v2\/product\/1257888","targetHints":{"allow":["GET"]}}],"collection":[{"href":"https:\/\/mmkriepas.lv\/en\/wp-json\/wp\/v2\/product"}],"about":[{"href":"https:\/\/mmkriepas.lv\/en\/wp-json\/wp\/v2\/types\/product"}],"wp:featuredmedia":[{"embeddable":true,"href":"https:\/\/mmkriepas.lv\/en\/wp-json\/wp\/v2\/media\/1417143"}],"wp:attachment":[{"href":"https:\/\/mmkriepas.lv\/en\/wp-json\/wp\/v2\/media?parent=1257888"}],"wp:term":[{"taxonomy":"product_brand","embeddable":true,"href":"https:\/\/mmkriepas.lv\/en\/wp-json\/wp\/v2\/product_brand?post=1257888"},{"taxonomy":"product_cat","embeddable":true,"href":"https:\/\/mmkriepas.lv\/en\/wp-json\/wp\/v2\/product_cat?post=1257888"},{"taxonomy":"product_tag","embeddable":true,"href":"https:\/\/mmkriepas.lv\/en\/wp-json\/wp\/v2\/product_tag?post=1257888"}],"curies":[{"name":"wp","href":"https:\/\/api.w.org\/{rel}","templated":true}]}}