{"id":1256957,"date":"2025-07-12T20:16:17","date_gmt":"2025-07-12T17:16:17","guid":{"rendered":"https:\/\/mmkriepas.lv\/?post_type=product&#038;p=1256957"},"modified":"2026-02-14T00:36:13","modified_gmt":"2026-02-13T22:36:13","slug":"215-55r17-yokohama-bluearthwinter-v906-98v-xl-2","status":"publish","type":"product","link":"https:\/\/mmkriepas.lv\/en\/p\/215-55r17-yokohama-bluearthwinter-v906-98v-xl-2\/","title":{"rendered":"215\/55R17 Yokohama BluEarth*Winter V906 98V XL"},"content":{"rendered":"<p><b>Yokohama BluEarth*Winter V906\u00a0<\/b>augst\u0101k\u0101s klases jeb premium klases riepas. Riepas ra\u017eotas un izstr\u0101d\u0101tas Jap\u0101n\u0101. \u0160is ir ziemas\/vissezonas riepu modelis, kas izce\u013cas ar paaugstin\u0101tu veiktsp\u0113ju visda\u017e\u0101d\u0101kajos klimatiskajos apst\u0101k\u013cos. Modelis piem\u0113rots gan vieglaj\u0101m, gan apvidus jeb SUV automa\u0161\u012bn\u0101m.<o:p><\/o:p><\/p>\n<h3>Yokohama BluEarth*Winter V906 galven\u0101s iez\u012bmes:<o:p><\/o:p><\/h3>\n<p>+ Paaugstin\u0101ta veiktsp\u0113ja gan ziemas, gan vasaras apst\u0101k\u013cos, <o:p><\/o:p><\/p>\n<p>+ Pazemin\u0101ts akvaplan\u0113\u0161anas risks, pateicoties palielin\u0101tam riepas kontakta laukumam ar ce\u013cu, <o:p><\/o:p><\/p>\n<p>+ Orange Oil S jeb apels\u012bnu e\u013c\u013cas tehnolo\u0123ija riepu gumijas sast\u0101v\u0101 pal\u012bdz samazin\u0101t degvielas pat\u0113ri\u0146u, k\u0101 ar\u012b paildzin\u0101t riepu kalpotsp\u0113ju, <o:p><\/o:p><\/p>\n<p>+ Degvielas ekonomija, <o:p><\/o:p><\/p>\n<p>+ Riepu modelis piem\u0113rots gan vieglaj\u0101m, gan apvidus jeb SUV automa\u0161\u012bn\u0101m, <o:p><\/o:p><\/p>\n<p>+ 3D lame\u013cu tehnolo\u0123ija, <o:p><\/o:p><\/p>\n<p>+ Augsti att\u012bst\u012bta dren\u0101\u017eas kan\u0101lu sist\u0113ma pal\u012bdz samazin\u0101t akvaplan\u0113\u0161anas risku.<o:p><\/o:p><\/p>\n<h3>BluEarth*Winter V906 apr\u012bkojums<o:p><\/o:p><\/h3>\n<p><b>V906 <\/b>riepu modelis apr\u012bkots ar simetrisku virzienveida protektora rakstu, kur\u0101 iestr\u0101d\u0101tas 3D lameles. \u0160\u0101da lamel\u0113\u0161anas tehnolo\u0123ija at\u013cauj riep\u0101m lab\u0101k veidot sa\u0137eri ar sliden\u0101m ce\u013ca virsm\u0101m, k\u0101 ar\u012b uzlabo manevr\u0113tsp\u0113ju jebk\u0101dos brauk\u0161anas apst\u0101k\u013cos. <o:p><\/o:p><\/p>\n<p><b>Yokohama BluEarth*Winter V906<\/b> riepu gumijas sast\u0101vam pievienoti elastrom\u0113ri, kas at\u013cauj \u0161im riepu modelim saglab\u0101t elast\u012bbu stindzino\u0161\u0101 sal\u0101, k\u0101 ar\u012b formu vasaras svelm\u0113, k\u0101 ar\u012b \u0161\u012b mode\u013ca izstr\u0101d\u0113 izmantota Orange Oil S tehnolo\u0123ija, kas b\u016btiski samazina rites pretest\u012bbu, \u013caujot pat\u0113r\u0113t maz\u0101k degvielas. Protektora blokos iestr\u0101d\u0101ti dzi\u013ci iegriezumi jeb lameles, kas pal\u012bdz sausin\u0101t riepu kontakta virsmu ar ce\u013cu, k\u0101 ar\u012b samazina akvaplan\u0113\u0161anas risku. Sal\u012bdzinot ar <b>V906<\/b> prie\u0161teci, riepas kontakta virsma ar ce\u013cu palielin\u0101ta par 10%, b\u016btiski samazinot akvaplan\u0113\u0161anas risku, k\u0101 ar\u012b uzlabojot manevr\u0113tsp\u0113ju un brauk\u0161anu padarot stabil\u0101ku. <o:p><\/o:p><\/p>\n<p><b>Yokohama BluEarth*Winter V906<\/b> &#8211; Jap\u0101n\u0101 ra\u017eotas premium kvalit\u0101tes ziemas\/vissezonas riepas! Pieejamas abos MMK Riepu Centros par vislab\u0101kaj\u0101m cen\u0101m!<\/p>\n","protected":false},"excerpt":{"rendered":"<p><b>Yokohama BluEarth*Winter V906\u00a0<\/b>augst\u0101k\u0101s klases jeb premium klases riepas. Riepas ra\u017eotas un izstr\u0101d\u0101tas Jap\u0101n\u0101. \u0160is ir ziemas\/vissezonas riepu modelis, kas izce\u013cas ar paaugstin\u0101tu veiktsp\u0113ju visda\u017e\u0101d\u0101kajos klimatiskajos apst\u0101k\u013cos. Modelis piem\u0113rots gan vieglaj\u0101m, gan apvidus jeb SUV automa\u0161\u012bn\u0101m.<\/p>\n","protected":false},"featured_media":314447,"template":"","meta":{"_acf_changed":false,"ngg_post_thumbnail":0},"product_brand":[],"product_cat":[47,45],"product_tag":[],"class_list":{"0":"post-1256957","1":"product","2":"type-product","3":"status-publish","4":"has-post-thumbnail","6":"product_cat-vissezonas-riepas","7":"product_cat-ziemas-riepas","9":"first","10":"outofstock","11":"sale","12":"taxable","13":"shipping-taxable","14":"product-type-simple"},"acf":[],"yoast_head":"<!-- This site is optimized with the Yoast SEO Premium plugin v22.6 (Yoast SEO v27.3) - https:\/\/yoast.com\/product\/yoast-seo-premium-wordpress\/ -->\n<title>215\/55R17 Yokohama BluEarth*Winter V906 98V XL &#8226; MMK Riepas<\/title>\n<meta name=\"robots\" content=\"index, follow, max-snippet:-1, max-image-preview:large, max-video-preview:-1\" \/>\n<link rel=\"canonical\" href=\"https:\/\/mmkriepas.lv\/en\/p\/215-55r17-yokohama-bluearthwinter-v906-98v-xl-2\/\" \/>\n<meta property=\"og:locale\" content=\"en_US\" \/>\n<meta property=\"og:type\" content=\"article\" \/>\n<meta property=\"og:title\" content=\"215\/55R17 Yokohama BluEarth*Winter V906 98V XL\" \/>\n<meta property=\"og:description\" content=\"Yokohama BluEarth*Winter V906\u00a0augst\u0101k\u0101s klases jeb premium klases riepas. Riepas ra\u017eotas un izstr\u0101d\u0101tas Jap\u0101n\u0101. \u0160is ir ziemas\/vissezonas riepu modelis, kas izce\u013cas ar paaugstin\u0101tu veiktsp\u0113ju visda\u017e\u0101d\u0101kajos klimatiskajos apst\u0101k\u013cos. Modelis piem\u0113rots gan vieglaj\u0101m, gan apvidus jeb SUV automa\u0161\u012bn\u0101m.\" \/>\n<meta property=\"og:url\" content=\"https:\/\/mmkriepas.lv\/en\/p\/215-55r17-yokohama-bluearthwinter-v906-98v-xl-2\/\" \/>\n<meta property=\"og:site_name\" content=\"MMK Riepas\" \/>\n<meta property=\"article:publisher\" content=\"https:\/\/www.facebook.com\/mmkserviss\/\" \/>\n<meta property=\"article:modified_time\" content=\"2026-02-13T22:36:13+00:00\" \/>\n<meta property=\"og:image\" content=\"https:\/\/mmkriepas.lv\/wp-content\/uploads\/2022\/09\/20555r17-yokohama-bluearthwinter-v906-95v-1gb-ziemas-riepas.jpg\" \/>\n\t<meta property=\"og:image:width\" content=\"1920\" \/>\n\t<meta property=\"og:image:height\" content=\"1277\" \/>\n\t<meta property=\"og:image:type\" content=\"image\/jpeg\" \/>\n<meta name=\"twitter:card\" content=\"summary_large_image\" \/>\n<meta name=\"twitter:label1\" content=\"Price\" \/>\n\t<meta name=\"twitter:data1\" content=\"&euro;108.00\" \/>\n\t<meta name=\"twitter:label2\" content=\"Availability\" \/>\n\t<meta name=\"twitter:data2\" content=\"Out of stock\" \/>\n<script type=\"application\/ld+json\" class=\"yoast-schema-graph\">{\"@context\":\"https:\\\/\\\/schema.org\",\"@graph\":[{\"@type\":\"WebPage\",\"@id\":\"https:\\\/\\\/mmkriepas.lv\\\/en\\\/p\\\/215-55r17-yokohama-bluearthwinter-v906-98v-xl-2\\\/\",\"url\":\"https:\\\/\\\/mmkriepas.lv\\\/en\\\/p\\\/215-55r17-yokohama-bluearthwinter-v906-98v-xl-2\\\/\",\"name\":\"215\\\/55R17 Yokohama BluEarth*Winter V906 98V XL &#8226; MMK Riepas\",\"isPartOf\":{\"@id\":\"https:\\\/\\\/mmkriepas.lv\\\/en\\\/#website\"},\"primaryImageOfPage\":{\"@id\":\"https:\\\/\\\/mmkriepas.lv\\\/en\\\/p\\\/215-55r17-yokohama-bluearthwinter-v906-98v-xl-2\\\/#primaryimage\"},\"image\":{\"@id\":\"https:\\\/\\\/mmkriepas.lv\\\/en\\\/p\\\/215-55r17-yokohama-bluearthwinter-v906-98v-xl-2\\\/#primaryimage\"},\"thumbnailUrl\":\"https:\\\/\\\/mmkriepas.lv\\\/wp-content\\\/uploads\\\/2022\\\/09\\\/20555r17-yokohama-bluearthwinter-v906-95v-1gb-ziemas-riepas.jpg\",\"datePublished\":\"2025-07-12T17:16:17+00:00\",\"dateModified\":\"2026-02-13T22:36:13+00:00\",\"breadcrumb\":{\"@id\":\"https:\\\/\\\/mmkriepas.lv\\\/en\\\/p\\\/215-55r17-yokohama-bluearthwinter-v906-98v-xl-2\\\/#breadcrumb\"},\"inLanguage\":\"en-US\",\"potentialAction\":[{\"@type\":\"ReadAction\",\"target\":[\"https:\\\/\\\/mmkriepas.lv\\\/en\\\/p\\\/215-55r17-yokohama-bluearthwinter-v906-98v-xl-2\\\/\"]}]},{\"@type\":\"ImageObject\",\"inLanguage\":\"en-US\",\"@id\":\"https:\\\/\\\/mmkriepas.lv\\\/en\\\/p\\\/215-55r17-yokohama-bluearthwinter-v906-98v-xl-2\\\/#primaryimage\",\"url\":\"https:\\\/\\\/mmkriepas.lv\\\/wp-content\\\/uploads\\\/2022\\\/09\\\/20555r17-yokohama-bluearthwinter-v906-95v-1gb-ziemas-riepas.jpg\",\"contentUrl\":\"https:\\\/\\\/mmkriepas.lv\\\/wp-content\\\/uploads\\\/2022\\\/09\\\/20555r17-yokohama-bluearthwinter-v906-95v-1gb-ziemas-riepas.jpg\",\"width\":1920,\"height\":1277,\"caption\":\"MAIN\"},{\"@type\":\"BreadcrumbList\",\"@id\":\"https:\\\/\\\/mmkriepas.lv\\\/en\\\/p\\\/215-55r17-yokohama-bluearthwinter-v906-98v-xl-2\\\/#breadcrumb\",\"itemListElement\":[{\"@type\":\"ListItem\",\"position\":1,\"name\":\"S\u0101kums\",\"item\":\"https:\\\/\\\/mmkriepas.lv\\\/en\\\/\"},{\"@type\":\"ListItem\",\"position\":2,\"name\":\"215\\\/55R17 Yokohama BluEarth*Winter V906 98V XL\"}]},{\"@type\":\"WebSite\",\"@id\":\"https:\\\/\\\/mmkriepas.lv\\\/en\\\/#website\",\"url\":\"https:\\\/\\\/mmkriepas.lv\\\/en\\\/\",\"name\":\"MMK Riepas\",\"description\":\"MMK Riepas\",\"alternateName\":\"MMK Riepu Serviss\",\"potentialAction\":[{\"@type\":\"SearchAction\",\"target\":{\"@type\":\"EntryPoint\",\"urlTemplate\":\"https:\\\/\\\/mmkriepas.lv\\\/en\\\/?s={search_term_string}\"},\"query-input\":{\"@type\":\"PropertyValueSpecification\",\"valueRequired\":true,\"valueName\":\"search_term_string\"}}],\"inLanguage\":\"en-US\"},{\"@type\":\"ImageObject\",\"inLanguage\":\"en-US\",\"@id\":\"https:\\\/\\\/mmkriepas.lv\\\/en\\\/p\\\/215-55r17-yokohama-bluearthwinter-v906-98v-xl-2\\\/#local-main-organization-logo\",\"url\":\"\",\"contentUrl\":\"\",\"caption\":\"MMK Riepas\"}]}<\/script>\n<meta property=\"product:brand\" content=\"Yokohama BluEarth*Winter V906\" \/>\n<meta property=\"product:price:amount\" content=\"108.00\" \/>\n<meta property=\"product:price:currency\" content=\"EUR\" \/>\n<meta property=\"og:availability\" content=\"out of stock\" \/>\n<meta property=\"product:availability\" content=\"out of stock\" \/>\n<meta property=\"product:retailer_item_id\" content=\"TW2155517YOKOH-49736\" \/>\n<meta property=\"product:condition\" content=\"new\" \/>\n<!-- \/ Yoast SEO Premium plugin. -->","yoast_head_json":{"title":"215\/55R17 Yokohama BluEarth*Winter V906 98V XL &#8226; MMK Riepas","robots":{"index":"index","follow":"follow","max-snippet":"max-snippet:-1","max-image-preview":"max-image-preview:large","max-video-preview":"max-video-preview:-1"},"canonical":"https:\/\/mmkriepas.lv\/en\/p\/215-55r17-yokohama-bluearthwinter-v906-98v-xl-2\/","og_locale":"en_US","og_type":"article","og_title":"215\/55R17 Yokohama BluEarth*Winter V906 98V XL","og_description":"Yokohama BluEarth*Winter V906\u00a0augst\u0101k\u0101s klases jeb premium klases riepas. Riepas ra\u017eotas un izstr\u0101d\u0101tas Jap\u0101n\u0101. \u0160is ir ziemas\/vissezonas riepu modelis, kas izce\u013cas ar paaugstin\u0101tu veiktsp\u0113ju visda\u017e\u0101d\u0101kajos klimatiskajos apst\u0101k\u013cos. Modelis piem\u0113rots gan vieglaj\u0101m, gan apvidus jeb SUV automa\u0161\u012bn\u0101m.","og_url":"https:\/\/mmkriepas.lv\/en\/p\/215-55r17-yokohama-bluearthwinter-v906-98v-xl-2\/","og_site_name":"MMK Riepas","article_publisher":"https:\/\/www.facebook.com\/mmkserviss\/","article_modified_time":"2026-02-13T22:36:13+00:00","og_image":[{"width":1920,"height":1277,"url":"https:\/\/mmkriepas.lv\/wp-content\/uploads\/2022\/09\/20555r17-yokohama-bluearthwinter-v906-95v-1gb-ziemas-riepas.jpg","type":"image\/jpeg"}],"twitter_card":"summary_large_image","twitter_misc":{"Price":"&euro;108.00","Availability":"Out of stock"},"schema":{"@context":"https:\/\/schema.org","@graph":[{"@type":"WebPage","@id":"https:\/\/mmkriepas.lv\/en\/p\/215-55r17-yokohama-bluearthwinter-v906-98v-xl-2\/","url":"https:\/\/mmkriepas.lv\/en\/p\/215-55r17-yokohama-bluearthwinter-v906-98v-xl-2\/","name":"215\/55R17 Yokohama BluEarth*Winter V906 98V XL &#8226; MMK Riepas","isPartOf":{"@id":"https:\/\/mmkriepas.lv\/en\/#website"},"primaryImageOfPage":{"@id":"https:\/\/mmkriepas.lv\/en\/p\/215-55r17-yokohama-bluearthwinter-v906-98v-xl-2\/#primaryimage"},"image":{"@id":"https:\/\/mmkriepas.lv\/en\/p\/215-55r17-yokohama-bluearthwinter-v906-98v-xl-2\/#primaryimage"},"thumbnailUrl":"https:\/\/mmkriepas.lv\/wp-content\/uploads\/2022\/09\/20555r17-yokohama-bluearthwinter-v906-95v-1gb-ziemas-riepas.jpg","datePublished":"2025-07-12T17:16:17+00:00","dateModified":"2026-02-13T22:36:13+00:00","breadcrumb":{"@id":"https:\/\/mmkriepas.lv\/en\/p\/215-55r17-yokohama-bluearthwinter-v906-98v-xl-2\/#breadcrumb"},"inLanguage":"en-US","potentialAction":[{"@type":"ReadAction","target":["https:\/\/mmkriepas.lv\/en\/p\/215-55r17-yokohama-bluearthwinter-v906-98v-xl-2\/"]}]},{"@type":"ImageObject","inLanguage":"en-US","@id":"https:\/\/mmkriepas.lv\/en\/p\/215-55r17-yokohama-bluearthwinter-v906-98v-xl-2\/#primaryimage","url":"https:\/\/mmkriepas.lv\/wp-content\/uploads\/2022\/09\/20555r17-yokohama-bluearthwinter-v906-95v-1gb-ziemas-riepas.jpg","contentUrl":"https:\/\/mmkriepas.lv\/wp-content\/uploads\/2022\/09\/20555r17-yokohama-bluearthwinter-v906-95v-1gb-ziemas-riepas.jpg","width":1920,"height":1277,"caption":"MAIN"},{"@type":"BreadcrumbList","@id":"https:\/\/mmkriepas.lv\/en\/p\/215-55r17-yokohama-bluearthwinter-v906-98v-xl-2\/#breadcrumb","itemListElement":[{"@type":"ListItem","position":1,"name":"S\u0101kums","item":"https:\/\/mmkriepas.lv\/en\/"},{"@type":"ListItem","position":2,"name":"215\/55R17 Yokohama BluEarth*Winter V906 98V XL"}]},{"@type":"WebSite","@id":"https:\/\/mmkriepas.lv\/en\/#website","url":"https:\/\/mmkriepas.lv\/en\/","name":"MMK Riepas","description":"MMK Riepas","alternateName":"MMK Riepu Serviss","potentialAction":[{"@type":"SearchAction","target":{"@type":"EntryPoint","urlTemplate":"https:\/\/mmkriepas.lv\/en\/?s={search_term_string}"},"query-input":{"@type":"PropertyValueSpecification","valueRequired":true,"valueName":"search_term_string"}}],"inLanguage":"en-US"},{"@type":"ImageObject","inLanguage":"en-US","@id":"https:\/\/mmkriepas.lv\/en\/p\/215-55r17-yokohama-bluearthwinter-v906-98v-xl-2\/#local-main-organization-logo","url":"","contentUrl":"","caption":"MMK Riepas"}]},"product_brand":"Yokohama BluEarth*Winter V906","product_price_amount":"108.00","product_price_currency":"EUR","og_availability":"out of stock","product_availability":"out of stock","product_retailer_item_id":"TW2155517YOKOH-49736","product_condition":"new"},"_links":{"self":[{"href":"https:\/\/mmkriepas.lv\/en\/wp-json\/wp\/v2\/product\/1256957","targetHints":{"allow":["GET"]}}],"collection":[{"href":"https:\/\/mmkriepas.lv\/en\/wp-json\/wp\/v2\/product"}],"about":[{"href":"https:\/\/mmkriepas.lv\/en\/wp-json\/wp\/v2\/types\/product"}],"wp:featuredmedia":[{"embeddable":true,"href":"https:\/\/mmkriepas.lv\/en\/wp-json\/wp\/v2\/media\/314447"}],"wp:attachment":[{"href":"https:\/\/mmkriepas.lv\/en\/wp-json\/wp\/v2\/media?parent=1256957"}],"wp:term":[{"taxonomy":"product_brand","embeddable":true,"href":"https:\/\/mmkriepas.lv\/en\/wp-json\/wp\/v2\/product_brand?post=1256957"},{"taxonomy":"product_cat","embeddable":true,"href":"https:\/\/mmkriepas.lv\/en\/wp-json\/wp\/v2\/product_cat?post=1256957"},{"taxonomy":"product_tag","embeddable":true,"href":"https:\/\/mmkriepas.lv\/en\/wp-json\/wp\/v2\/product_tag?post=1256957"}],"curies":[{"name":"wp","href":"https:\/\/api.w.org\/{rel}","templated":true}]}}