{"id":1255217,"date":"2025-07-08T18:15:25","date_gmt":"2025-07-08T15:15:25","guid":{"rendered":"https:\/\/mmkriepas.lv\/?post_type=product&#038;p=1255217"},"modified":"2026-03-25T22:59:02","modified_gmt":"2026-03-25T20:59:02","slug":"215-60r17c-sailun-endure-wsl1-109-107t-2","status":"publish","type":"product","link":"https:\/\/mmkriepas.lv\/en\/p\/215-60r17c-sailun-endure-wsl1-109-107t-2\/","title":{"rendered":"215\/60R17C Sailun Endure WSL1 109\/107T"},"content":{"rendered":"<p><b>Sailun Ice Blazer WSL2<\/b><span style=\"font-weight: 400;\"> ir bezrad\u017eu ziemas riepa, kas nodro\u0161ina lielisku sa\u0137eri uz mitra ce\u013ca seguma, sniega un ar\u012b slapjdra\u0146\u0137a. Taj\u0101 pa\u0161\u0101 laik\u0101 riepas taisnst\u016brveida s\u0101nu bloki par\u016bp\u0113jas par dro\u0161u un \u0113rtu braucienu ar\u012b pa sausiem ce\u013ciem.<\/span> <span style=\"font-weight: 400;\">Sailun riepu ra\u017eot\u0101js izmanto <\/span><b>videi draudz\u012bgas tehnolo\u0123ijas<\/b><span style=\"font-weight: 400;\"> un <\/span><b>ekolo\u0123iskus materi\u0101lus<\/b><span style=\"font-weight: 400;\">, kas atbilst Eiropas vides aizsardz\u012bbas standartiem.<\/span><\/p>\n<h3><b>Sailun Ice Blazer WSL2 galven\u0101s iez\u012bmes<\/b><\/h3>\n<p><span style=\"font-weight: 400;\">+Lieliska sa\u0137ere slapjdra\u0146\u0137\u012b!<\/span> <span style=\"font-weight: 400;\">+Ekolo\u0123iski un efekt\u012bvi materi\u0101li!<\/span> <span style=\"font-weight: 400;\">+Uzlabots gumijas sast\u0101vs, kur\u0161 liek riepai saglab\u0101t elast\u012bbu pla\u0161\u0101 temperat\u016bru diapazon\u0101!<\/span> <span style=\"font-weight: 400;\">+\u0160o riepu var lietot cauru gadu!<\/span> <span style=\"font-weight: 400;\">Protektora savienojuma vietu dizains un gumijas sast\u0101vs izstr\u0101d\u0101ts t\u0101, lai riepa saglab\u0101tu elast\u012bgumu pat visskarb\u0101kajos apst\u0101k\u013cos neatkar\u012bgi no temperat\u016br\u0101s. <\/span><b>Riepas elast\u012bgums<\/b><span style=\"font-weight: 400;\"> ir viens no galvenajiem faktoriem pilnv\u0113rt\u012bgas veiktsp\u0113jas saglab\u0101\u0161anai, it \u012bpa\u0161i ziemas riep\u0101m.<\/span> <span style=\"font-weight: 400;\">Lai gan WSL2 riepas kvalific\u0113jas k\u0101 ziemas riepas, t\u0101s protektora dizains un gumijas sast\u0101vs padara WSL2 par <\/span><b>piem\u0113rotu riepu vissezonas brauk\u0161anai<\/b><span style=\"font-weight: 400;\">. Protektors ir gana agres\u012bvs, lai izbrauktu Latvijas ziemas un izvestu j\u016bsu ma\u0161\u012bnu cauri nece\u013ciem &#8211; me\u017eam, zemes ce\u013ciem u.c.<\/span> <b>Sailun Ice Blazer WSL2<\/b><span style=\"font-weight: 400;\"> mode\u013ca lieto\u0161anas dro\u0161\u012bbu ziemas laika apst\u0101k\u013cos un t\u0101 atbilst\u012bbu valst\u012bm ar oblig\u0101tu sezon\u0101lo riepu mai\u0146u apstiprina mar\u0137\u0113jums sniegp\u0101rslas form\u0101 uz kalna fona ar trim virsotn\u0113m (3PMSF).<\/span> <b>Sailun Ice Blazer WSL2-<\/b><span style=\"font-weight: 400;\"> kvalitat\u012bvas bud\u017eeta klases M+S\/ziemas riepas . Pieejamas abos MMK Riepu Centros par vislab\u0101kaj\u0101m cen\u0101m!<\/span> \u00a0<\/p>\n","protected":false},"excerpt":{"rendered":"<p><b><span style=\"font-size: 11.0pt; font-family: 'Arial',sans-serif; color: black;\">Sailun Endure WSL1 <\/span><\/b><span style=\"font-size: 11.0pt; font-family: 'Arial',sans-serif; color: black;\">ir ziemas riepa, kas \u012bpa\u0161i izgatavota Eiropas klimata apst\u0101k\u013ciem. \u0160\u012bs riepas simetriskais raksts ar pla\u0161aj\u0101m dzren\u0101\u017eas riev\u0101m labi tiek gal\u0101 ar \u016bdens un sniega novadi, pal\u012bdzot ar\u012b akvaplan\u0113\u0161anas gad\u012bjum\u0101. \u010cetras protektora elementu virknes ir nep\u0101rtrauktas, kas samazina slodzi kontktpunkt\u0101, l\u012bdz ar ko riepa ir iztur\u012bg\u0101ka un ilgtsp\u0113j\u012bg\u0101ka.<\/span><\/p>\n","protected":false},"featured_media":878272,"template":"","meta":{"_acf_changed":false,"ngg_post_thumbnail":0},"product_brand":[],"product_cat":[47,45],"product_tag":[],"class_list":{"0":"post-1255217","1":"product","2":"type-product","3":"status-publish","4":"has-post-thumbnail","6":"product_cat-vissezonas-riepas","7":"product_cat-ziemas-riepas","9":"first","10":"outofstock","11":"sale","12":"taxable","13":"shipping-taxable","14":"product-type-simple"},"acf":[],"yoast_head":"<!-- This site is optimized with the Yoast SEO Premium plugin v22.6 (Yoast SEO v27.3) - https:\/\/yoast.com\/product\/yoast-seo-premium-wordpress\/ -->\n<title>215\/60R17C Sailun Endure WSL1 109\/107T &#8226; MMK Riepas<\/title>\n<meta name=\"robots\" content=\"index, follow, max-snippet:-1, max-image-preview:large, max-video-preview:-1\" \/>\n<link rel=\"canonical\" href=\"https:\/\/mmkriepas.lv\/en\/p\/215-60r17c-sailun-endure-wsl1-109-107t-2\/\" \/>\n<meta property=\"og:locale\" content=\"en_US\" \/>\n<meta property=\"og:type\" content=\"article\" \/>\n<meta property=\"og:title\" content=\"215\/60R17C Sailun Endure WSL1 109\/107T\" \/>\n<meta property=\"og:description\" content=\"Sailun Endure WSL1 ir ziemas riepa, kas \u012bpa\u0161i izgatavota Eiropas klimata apst\u0101k\u013ciem. \u0160\u012bs riepas simetriskais raksts ar pla\u0161aj\u0101m dzren\u0101\u017eas riev\u0101m labi tiek gal\u0101 ar \u016bdens un sniega novadi, pal\u012bdzot ar\u012b akvaplan\u0113\u0161anas gad\u012bjum\u0101. \u010cetras protektora elementu virknes ir nep\u0101rtrauktas, kas samazina slodzi kontktpunkt\u0101, l\u012bdz ar ko riepa ir iztur\u012bg\u0101ka un ilgtsp\u0113j\u012bg\u0101ka.\" \/>\n<meta property=\"og:url\" content=\"https:\/\/mmkriepas.lv\/en\/p\/215-60r17c-sailun-endure-wsl1-109-107t-2\/\" \/>\n<meta property=\"og:site_name\" content=\"MMK Riepas\" \/>\n<meta property=\"article:publisher\" content=\"https:\/\/www.facebook.com\/mmkserviss\/\" \/>\n<meta property=\"article:modified_time\" content=\"2026-03-25T20:59:02+00:00\" \/>\n<meta property=\"og:image\" content=\"https:\/\/mmkriepas.lv\/wp-content\/uploads\/2024\/03\/19560r16c-sailun-endure-wsl1-9997t-dot21-ziemas-riepas.jpg\" \/>\n\t<meta property=\"og:image:width\" content=\"1000\" \/>\n\t<meta property=\"og:image:height\" content=\"666\" \/>\n\t<meta property=\"og:image:type\" content=\"image\/jpeg\" \/>\n<meta name=\"twitter:card\" content=\"summary_large_image\" \/>\n<meta name=\"twitter:label1\" content=\"Price\" \/>\n\t<meta name=\"twitter:data1\" content=\"&euro;89.00\" \/>\n\t<meta name=\"twitter:label2\" content=\"Availability\" \/>\n\t<meta name=\"twitter:data2\" content=\"Out of stock\" \/>\n<script type=\"application\/ld+json\" class=\"yoast-schema-graph\">{\"@context\":\"https:\\\/\\\/schema.org\",\"@graph\":[{\"@type\":\"WebPage\",\"@id\":\"https:\\\/\\\/mmkriepas.lv\\\/en\\\/p\\\/215-60r17c-sailun-endure-wsl1-109-107t-2\\\/\",\"url\":\"https:\\\/\\\/mmkriepas.lv\\\/en\\\/p\\\/215-60r17c-sailun-endure-wsl1-109-107t-2\\\/\",\"name\":\"215\\\/60R17C Sailun Endure WSL1 109\\\/107T &#8226; MMK Riepas\",\"isPartOf\":{\"@id\":\"https:\\\/\\\/mmkriepas.lv\\\/en\\\/#website\"},\"primaryImageOfPage\":{\"@id\":\"https:\\\/\\\/mmkriepas.lv\\\/en\\\/p\\\/215-60r17c-sailun-endure-wsl1-109-107t-2\\\/#primaryimage\"},\"image\":{\"@id\":\"https:\\\/\\\/mmkriepas.lv\\\/en\\\/p\\\/215-60r17c-sailun-endure-wsl1-109-107t-2\\\/#primaryimage\"},\"thumbnailUrl\":\"https:\\\/\\\/mmkriepas.lv\\\/wp-content\\\/uploads\\\/2024\\\/03\\\/19560r16c-sailun-endure-wsl1-9997t-dot21-ziemas-riepas.jpg\",\"datePublished\":\"2025-07-08T15:15:25+00:00\",\"dateModified\":\"2026-03-25T20:59:02+00:00\",\"breadcrumb\":{\"@id\":\"https:\\\/\\\/mmkriepas.lv\\\/en\\\/p\\\/215-60r17c-sailun-endure-wsl1-109-107t-2\\\/#breadcrumb\"},\"inLanguage\":\"en-US\",\"potentialAction\":[{\"@type\":\"ReadAction\",\"target\":[\"https:\\\/\\\/mmkriepas.lv\\\/en\\\/p\\\/215-60r17c-sailun-endure-wsl1-109-107t-2\\\/\"]}]},{\"@type\":\"ImageObject\",\"inLanguage\":\"en-US\",\"@id\":\"https:\\\/\\\/mmkriepas.lv\\\/en\\\/p\\\/215-60r17c-sailun-endure-wsl1-109-107t-2\\\/#primaryimage\",\"url\":\"https:\\\/\\\/mmkriepas.lv\\\/wp-content\\\/uploads\\\/2024\\\/03\\\/19560r16c-sailun-endure-wsl1-9997t-dot21-ziemas-riepas.jpg\",\"contentUrl\":\"https:\\\/\\\/mmkriepas.lv\\\/wp-content\\\/uploads\\\/2024\\\/03\\\/19560r16c-sailun-endure-wsl1-9997t-dot21-ziemas-riepas.jpg\",\"width\":1000,\"height\":666,\"caption\":\"MAIN\"},{\"@type\":\"BreadcrumbList\",\"@id\":\"https:\\\/\\\/mmkriepas.lv\\\/en\\\/p\\\/215-60r17c-sailun-endure-wsl1-109-107t-2\\\/#breadcrumb\",\"itemListElement\":[{\"@type\":\"ListItem\",\"position\":1,\"name\":\"S\u0101kums\",\"item\":\"https:\\\/\\\/mmkriepas.lv\\\/en\\\/\"},{\"@type\":\"ListItem\",\"position\":2,\"name\":\"215\\\/60R17C Sailun Endure WSL1 109\\\/107T\"}]},{\"@type\":\"WebSite\",\"@id\":\"https:\\\/\\\/mmkriepas.lv\\\/en\\\/#website\",\"url\":\"https:\\\/\\\/mmkriepas.lv\\\/en\\\/\",\"name\":\"MMK Riepas\",\"description\":\"MMK Riepas\",\"alternateName\":\"MMK Riepu Serviss\",\"potentialAction\":[{\"@type\":\"SearchAction\",\"target\":{\"@type\":\"EntryPoint\",\"urlTemplate\":\"https:\\\/\\\/mmkriepas.lv\\\/en\\\/?s={search_term_string}\"},\"query-input\":{\"@type\":\"PropertyValueSpecification\",\"valueRequired\":true,\"valueName\":\"search_term_string\"}}],\"inLanguage\":\"en-US\"},{\"@type\":\"ImageObject\",\"inLanguage\":\"en-US\",\"@id\":\"https:\\\/\\\/mmkriepas.lv\\\/en\\\/p\\\/215-60r17c-sailun-endure-wsl1-109-107t-2\\\/#local-main-organization-logo\",\"url\":\"\",\"contentUrl\":\"\",\"caption\":\"MMK Riepas\"}]}<\/script>\n<meta property=\"product:brand\" content=\"Sailun Endure WSL1\" \/>\n<meta property=\"product:price:amount\" content=\"89.00\" \/>\n<meta property=\"product:price:currency\" content=\"EUR\" \/>\n<meta property=\"og:availability\" content=\"out of stock\" \/>\n<meta property=\"product:availability\" content=\"out of stock\" \/>\n<meta property=\"product:retailer_item_id\" content=\"TW2156017CSAILU-49646\" \/>\n<meta property=\"product:condition\" content=\"new\" \/>\n<!-- \/ Yoast SEO Premium plugin. -->","yoast_head_json":{"title":"215\/60R17C Sailun Endure WSL1 109\/107T &#8226; MMK Riepas","robots":{"index":"index","follow":"follow","max-snippet":"max-snippet:-1","max-image-preview":"max-image-preview:large","max-video-preview":"max-video-preview:-1"},"canonical":"https:\/\/mmkriepas.lv\/en\/p\/215-60r17c-sailun-endure-wsl1-109-107t-2\/","og_locale":"en_US","og_type":"article","og_title":"215\/60R17C Sailun Endure WSL1 109\/107T","og_description":"Sailun Endure WSL1 ir ziemas riepa, kas \u012bpa\u0161i izgatavota Eiropas klimata apst\u0101k\u013ciem. \u0160\u012bs riepas simetriskais raksts ar pla\u0161aj\u0101m dzren\u0101\u017eas riev\u0101m labi tiek gal\u0101 ar \u016bdens un sniega novadi, pal\u012bdzot ar\u012b akvaplan\u0113\u0161anas gad\u012bjum\u0101. \u010cetras protektora elementu virknes ir nep\u0101rtrauktas, kas samazina slodzi kontktpunkt\u0101, l\u012bdz ar ko riepa ir iztur\u012bg\u0101ka un ilgtsp\u0113j\u012bg\u0101ka.","og_url":"https:\/\/mmkriepas.lv\/en\/p\/215-60r17c-sailun-endure-wsl1-109-107t-2\/","og_site_name":"MMK Riepas","article_publisher":"https:\/\/www.facebook.com\/mmkserviss\/","article_modified_time":"2026-03-25T20:59:02+00:00","og_image":[{"width":1000,"height":666,"url":"https:\/\/mmkriepas.lv\/wp-content\/uploads\/2024\/03\/19560r16c-sailun-endure-wsl1-9997t-dot21-ziemas-riepas.jpg","type":"image\/jpeg"}],"twitter_card":"summary_large_image","twitter_misc":{"Price":"&euro;89.00","Availability":"Out of stock"},"schema":{"@context":"https:\/\/schema.org","@graph":[{"@type":"WebPage","@id":"https:\/\/mmkriepas.lv\/en\/p\/215-60r17c-sailun-endure-wsl1-109-107t-2\/","url":"https:\/\/mmkriepas.lv\/en\/p\/215-60r17c-sailun-endure-wsl1-109-107t-2\/","name":"215\/60R17C Sailun Endure WSL1 109\/107T &#8226; MMK Riepas","isPartOf":{"@id":"https:\/\/mmkriepas.lv\/en\/#website"},"primaryImageOfPage":{"@id":"https:\/\/mmkriepas.lv\/en\/p\/215-60r17c-sailun-endure-wsl1-109-107t-2\/#primaryimage"},"image":{"@id":"https:\/\/mmkriepas.lv\/en\/p\/215-60r17c-sailun-endure-wsl1-109-107t-2\/#primaryimage"},"thumbnailUrl":"https:\/\/mmkriepas.lv\/wp-content\/uploads\/2024\/03\/19560r16c-sailun-endure-wsl1-9997t-dot21-ziemas-riepas.jpg","datePublished":"2025-07-08T15:15:25+00:00","dateModified":"2026-03-25T20:59:02+00:00","breadcrumb":{"@id":"https:\/\/mmkriepas.lv\/en\/p\/215-60r17c-sailun-endure-wsl1-109-107t-2\/#breadcrumb"},"inLanguage":"en-US","potentialAction":[{"@type":"ReadAction","target":["https:\/\/mmkriepas.lv\/en\/p\/215-60r17c-sailun-endure-wsl1-109-107t-2\/"]}]},{"@type":"ImageObject","inLanguage":"en-US","@id":"https:\/\/mmkriepas.lv\/en\/p\/215-60r17c-sailun-endure-wsl1-109-107t-2\/#primaryimage","url":"https:\/\/mmkriepas.lv\/wp-content\/uploads\/2024\/03\/19560r16c-sailun-endure-wsl1-9997t-dot21-ziemas-riepas.jpg","contentUrl":"https:\/\/mmkriepas.lv\/wp-content\/uploads\/2024\/03\/19560r16c-sailun-endure-wsl1-9997t-dot21-ziemas-riepas.jpg","width":1000,"height":666,"caption":"MAIN"},{"@type":"BreadcrumbList","@id":"https:\/\/mmkriepas.lv\/en\/p\/215-60r17c-sailun-endure-wsl1-109-107t-2\/#breadcrumb","itemListElement":[{"@type":"ListItem","position":1,"name":"S\u0101kums","item":"https:\/\/mmkriepas.lv\/en\/"},{"@type":"ListItem","position":2,"name":"215\/60R17C Sailun Endure WSL1 109\/107T"}]},{"@type":"WebSite","@id":"https:\/\/mmkriepas.lv\/en\/#website","url":"https:\/\/mmkriepas.lv\/en\/","name":"MMK Riepas","description":"MMK Riepas","alternateName":"MMK Riepu Serviss","potentialAction":[{"@type":"SearchAction","target":{"@type":"EntryPoint","urlTemplate":"https:\/\/mmkriepas.lv\/en\/?s={search_term_string}"},"query-input":{"@type":"PropertyValueSpecification","valueRequired":true,"valueName":"search_term_string"}}],"inLanguage":"en-US"},{"@type":"ImageObject","inLanguage":"en-US","@id":"https:\/\/mmkriepas.lv\/en\/p\/215-60r17c-sailun-endure-wsl1-109-107t-2\/#local-main-organization-logo","url":"","contentUrl":"","caption":"MMK Riepas"}]},"product_brand":"Sailun Endure WSL1","product_price_amount":"89.00","product_price_currency":"EUR","og_availability":"out of stock","product_availability":"out of stock","product_retailer_item_id":"TW2156017CSAILU-49646","product_condition":"new"},"_links":{"self":[{"href":"https:\/\/mmkriepas.lv\/en\/wp-json\/wp\/v2\/product\/1255217","targetHints":{"allow":["GET"]}}],"collection":[{"href":"https:\/\/mmkriepas.lv\/en\/wp-json\/wp\/v2\/product"}],"about":[{"href":"https:\/\/mmkriepas.lv\/en\/wp-json\/wp\/v2\/types\/product"}],"wp:featuredmedia":[{"embeddable":true,"href":"https:\/\/mmkriepas.lv\/en\/wp-json\/wp\/v2\/media\/878272"}],"wp:attachment":[{"href":"https:\/\/mmkriepas.lv\/en\/wp-json\/wp\/v2\/media?parent=1255217"}],"wp:term":[{"taxonomy":"product_brand","embeddable":true,"href":"https:\/\/mmkriepas.lv\/en\/wp-json\/wp\/v2\/product_brand?post=1255217"},{"taxonomy":"product_cat","embeddable":true,"href":"https:\/\/mmkriepas.lv\/en\/wp-json\/wp\/v2\/product_cat?post=1255217"},{"taxonomy":"product_tag","embeddable":true,"href":"https:\/\/mmkriepas.lv\/en\/wp-json\/wp\/v2\/product_tag?post=1255217"}],"curies":[{"name":"wp","href":"https:\/\/api.w.org\/{rel}","templated":true}]}}