{"id":1253463,"date":"2025-07-02T11:38:05","date_gmt":"2025-07-02T08:38:05","guid":{"rendered":"https:\/\/mmkriepas.lv\/?post_type=product&#038;p=1253463"},"modified":"2026-03-27T14:44:25","modified_gmt":"2026-03-27T12:44:25","slug":"195-65r16-nankang-ws-1-92q","status":"publish","type":"product","link":"https:\/\/mmkriepas.lv\/en\/p\/195-65r16-nankang-ws-1-92q\/","title":{"rendered":"195\/65R16 Nankang Ice Activa WS-1 92Q"},"content":{"rendered":"<p align=\"left\"><span style=\"color: #c9211e;\"><span style=\"font-family: Arial, sans-serif;\"><span style=\"font-size: large;\"><strong><span style=\"color: #000000;\"><span style=\"font-size: medium;\">Nankang Ice Activa WS-1<\/span><\/span><\/strong><span style=\"color: #000000;\"><span style=\"font-size: medium;\"> ir ziemas riepu modelis ar asimetrisku protektora rakstu, kas piem\u0113rots vieglaj\u0101m automa\u0161\u012bn\u0101m. Tas izce\u013cas ar labu sa\u0137eri un sa\u012bsin\u0101tu bremz\u0113\u0161anas ce\u013cu gan snieg\u0101, gan ar\u012b uz ledus.<\/span><\/span><\/span><\/span><\/span><\/p>\n<h3 class=\"western\"><strong><span style=\"font-family: Arial, sans-serif;\">Ice Activa <\/span><\/strong><strong><span style=\"font-family: Arial, sans-serif;\">WS-1 galven\u0101s iez\u012bmes<\/span><\/strong><\/h3>\n<p><span style=\"font-family: Arial, sans-serif;\">+ Laba sa\u0137ere ar apledoju\u0161\u0101m ce\u013ca virsm\u0101m, neskatoties uz to, ka riepa ir bez radz\u0113m!<\/span><\/p>\n<p><span style=\"font-family: Arial, sans-serif;\">+ Laba veiktsp\u0113ja snieg\u0101, pateicoties att\u012bst\u012btai dren\u0101\u017eas kan\u0101lu sist\u0113mai!<\/span><\/p>\n<p><span style=\"font-family: Arial, sans-serif;\">+ Sa\u012bsin\u0101ts bremz\u0113\u0161anas ce\u013c\u0161!<\/span><\/p>\n<p><span style=\"font-family: Arial, sans-serif;\">+ Komfortabla, gluda un klusa gaita!<\/span><\/p>\n<p><span style=\"font-family: Arial, sans-serif;\">+ Degvielas ekonomija!<\/span><\/p>\n<h3 class=\"western\"><span style=\"font-family: Arial, sans-serif;\">WS-1 apr\u012bkojums<\/span><\/h3>\n<p><strong><span style=\"font-family: Arial, sans-serif;\">Nankang <\/span><\/strong><strong><span style=\"font-family: Arial, sans-serif;\">Ice Activa<\/span><\/strong><strong><span style=\"font-family: Arial, sans-serif;\"> WS-1<\/span><\/strong><span style=\"font-family: Arial, sans-serif;\"> ziemas riepas ir darin\u0101tas no augst\u0101k\u0101s kvalit\u0101tes gumijas mais\u012bjuma, kas bag\u0101tin\u0101ts ar veselu virkni elastrom\u0113ru, liekot \u0161\u012bm riep\u0101m saglab\u0101t elast\u012bbu pla\u0161\u0101 temperat\u016bru diapazon\u0101. Elast\u012bga riepa daudz lab\u0101k veido sa\u0137eri ar ce\u013cu, kas ir \u013coti svar\u012bgi laik\u0101, kad temperat\u016bra nokr\u012btas zem\u00a0 0\u00baC\u00a0 atz\u012bmes.<\/span><\/p>\n<p><span style=\"font-family: Arial, sans-serif;\">Riepas dizainu rot\u0101 asimetriskais protektora raksts. \u0160\u0101ds protektora z\u012bm\u0113jums veicina \u016bdens un sniega novadi no kontakta virsmas, padarot gaitu ar\u012b klus\u0101ku un ekonomisk\u0101ku.<\/span><\/p>\n<p><span style=\"font-family: Arial, sans-serif;\">Asimetriski izvietotajos protektora blokos bl\u012bvi iestr\u0101d\u0101ti vair\u0101ki t\u016bksto\u0161i da\u017e\u0101du stilu lame\u013cu. \u0160\u0101da lame\u013cu hibr\u012bdsist\u0113ma ar vair\u0101ku stilu lamel\u0113m, kuras v\u0113rstas da\u017e\u0101dos virzienos, teju piln\u012bb\u0101 sp\u0113j aizvietot radzes.<\/span><\/p>\n","protected":false},"excerpt":{"rendered":"<p><span style=\"color: #c9211e;\"><span style=\"font-family: Arial, sans-serif;\"><span style=\"font-size: large;\"><strong><span style=\"color: #000000;\"><span style=\"font-size: medium;\">Nankang Ice Activa WS-1<\/span><\/span><\/strong><span style=\"color: #000000;\"><span style=\"font-size: medium;\"> ir ziemas riepu modelis ar asimetrisku protektora rakstu, kas piem\u0113rots vieglaj\u0101m automa\u0161\u012bn\u0101m. Tas izce\u013cas ar labu sa\u0137eri un sa\u012bsin\u0101tu bremz\u0113\u0161anas ce\u013cu gan snieg\u0101, gan ar\u012b uz ledus.<\/span><\/span><\/span><\/span><\/span><\/p>\n","protected":false},"featured_media":795772,"template":"","meta":{"_acf_changed":false,"ngg_post_thumbnail":0},"product_brand":[],"product_cat":[47,45],"product_tag":[],"class_list":{"0":"post-1253463","1":"product","2":"type-product","3":"status-publish","4":"has-post-thumbnail","6":"product_cat-vissezonas-riepas","7":"product_cat-ziemas-riepas","9":"first","10":"instock","11":"sale","12":"taxable","13":"shipping-taxable","14":"purchasable","15":"product-type-simple"},"acf":[],"yoast_head":"<!-- This site is optimized with the Yoast SEO Premium plugin v22.6 (Yoast SEO v27.3) - https:\/\/yoast.com\/product\/yoast-seo-premium-wordpress\/ -->\n<title>195\/65R16 Nankang Ice Activa WS-1 92Q &#8226; MMK Riepas<\/title>\n<meta name=\"robots\" content=\"index, follow, max-snippet:-1, max-image-preview:large, max-video-preview:-1\" \/>\n<link rel=\"canonical\" href=\"https:\/\/mmkriepas.lv\/en\/p\/195-65r16-nankang-ws-1-92q\/\" \/>\n<meta property=\"og:locale\" content=\"en_US\" \/>\n<meta property=\"og:type\" content=\"article\" \/>\n<meta property=\"og:title\" content=\"195\/65R16 Nankang Ice Activa WS-1 92Q\" \/>\n<meta property=\"og:description\" content=\"Nankang Ice Activa WS-1 ir ziemas riepu modelis ar asimetrisku protektora rakstu, kas piem\u0113rots vieglaj\u0101m automa\u0161\u012bn\u0101m. Tas izce\u013cas ar labu sa\u0137eri un sa\u012bsin\u0101tu bremz\u0113\u0161anas ce\u013cu gan snieg\u0101, gan ar\u012b uz ledus.\" \/>\n<meta property=\"og:url\" content=\"https:\/\/mmkriepas.lv\/en\/p\/195-65r16-nankang-ws-1-92q\/\" \/>\n<meta property=\"og:site_name\" content=\"MMK Riepas\" \/>\n<meta property=\"article:publisher\" content=\"https:\/\/www.facebook.com\/mmkserviss\/\" \/>\n<meta property=\"article:modified_time\" content=\"2026-03-27T12:44:25+00:00\" \/>\n<meta property=\"og:image\" content=\"https:\/\/mmkriepas.lv\/wp-content\/uploads\/2023\/09\/31535r21-nankang-ice-activa-sw-1-111q-xl-ziemas-riepas.jpg\" \/>\n\t<meta property=\"og:image:width\" content=\"1920\" \/>\n\t<meta property=\"og:image:height\" content=\"1920\" \/>\n\t<meta property=\"og:image:type\" content=\"image\/jpeg\" \/>\n<meta name=\"twitter:card\" content=\"summary_large_image\" \/>\n<meta name=\"twitter:label1\" content=\"Price\" \/>\n\t<meta name=\"twitter:data1\" content=\"&euro;94.00\" \/>\n\t<meta name=\"twitter:label2\" content=\"Availability\" \/>\n\t<meta name=\"twitter:data2\" content=\"In stock\" \/>\n<script type=\"application\/ld+json\" class=\"yoast-schema-graph\">{\"@context\":\"https:\\\/\\\/schema.org\",\"@graph\":[{\"@type\":\"WebPage\",\"@id\":\"https:\\\/\\\/mmkriepas.lv\\\/en\\\/p\\\/195-65r16-nankang-ws-1-92q\\\/\",\"url\":\"https:\\\/\\\/mmkriepas.lv\\\/en\\\/p\\\/195-65r16-nankang-ws-1-92q\\\/\",\"name\":\"195\\\/65R16 Nankang Ice Activa WS-1 92Q &#8226; MMK Riepas\",\"isPartOf\":{\"@id\":\"https:\\\/\\\/mmkriepas.lv\\\/en\\\/#website\"},\"primaryImageOfPage\":{\"@id\":\"https:\\\/\\\/mmkriepas.lv\\\/en\\\/p\\\/195-65r16-nankang-ws-1-92q\\\/#primaryimage\"},\"image\":{\"@id\":\"https:\\\/\\\/mmkriepas.lv\\\/en\\\/p\\\/195-65r16-nankang-ws-1-92q\\\/#primaryimage\"},\"thumbnailUrl\":\"https:\\\/\\\/mmkriepas.lv\\\/wp-content\\\/uploads\\\/2023\\\/09\\\/31535r21-nankang-ice-activa-sw-1-111q-xl-ziemas-riepas.jpg\",\"datePublished\":\"2025-07-02T08:38:05+00:00\",\"dateModified\":\"2026-03-27T12:44:25+00:00\",\"breadcrumb\":{\"@id\":\"https:\\\/\\\/mmkriepas.lv\\\/en\\\/p\\\/195-65r16-nankang-ws-1-92q\\\/#breadcrumb\"},\"inLanguage\":\"en-US\",\"potentialAction\":[{\"@type\":\"ReadAction\",\"target\":[\"https:\\\/\\\/mmkriepas.lv\\\/en\\\/p\\\/195-65r16-nankang-ws-1-92q\\\/\"]}]},{\"@type\":\"ImageObject\",\"inLanguage\":\"en-US\",\"@id\":\"https:\\\/\\\/mmkriepas.lv\\\/en\\\/p\\\/195-65r16-nankang-ws-1-92q\\\/#primaryimage\",\"url\":\"https:\\\/\\\/mmkriepas.lv\\\/wp-content\\\/uploads\\\/2023\\\/09\\\/31535r21-nankang-ice-activa-sw-1-111q-xl-ziemas-riepas.jpg\",\"contentUrl\":\"https:\\\/\\\/mmkriepas.lv\\\/wp-content\\\/uploads\\\/2023\\\/09\\\/31535r21-nankang-ice-activa-sw-1-111q-xl-ziemas-riepas.jpg\",\"width\":1920,\"height\":1920,\"caption\":\"315\\\/35R21 Nankang Ice Activa SW-1 111Q XL - Vissezonas riepas \\\/ Ziemas riepas\"},{\"@type\":\"BreadcrumbList\",\"@id\":\"https:\\\/\\\/mmkriepas.lv\\\/en\\\/p\\\/195-65r16-nankang-ws-1-92q\\\/#breadcrumb\",\"itemListElement\":[{\"@type\":\"ListItem\",\"position\":1,\"name\":\"S\u0101kums\",\"item\":\"https:\\\/\\\/mmkriepas.lv\\\/en\\\/\"},{\"@type\":\"ListItem\",\"position\":2,\"name\":\"195\\\/65R16 Nankang Ice Activa WS-1 92Q\"}]},{\"@type\":\"WebSite\",\"@id\":\"https:\\\/\\\/mmkriepas.lv\\\/en\\\/#website\",\"url\":\"https:\\\/\\\/mmkriepas.lv\\\/en\\\/\",\"name\":\"MMK Riepas\",\"description\":\"MMK Riepas\",\"alternateName\":\"MMK Riepu Serviss\",\"potentialAction\":[{\"@type\":\"SearchAction\",\"target\":{\"@type\":\"EntryPoint\",\"urlTemplate\":\"https:\\\/\\\/mmkriepas.lv\\\/en\\\/?s={search_term_string}\"},\"query-input\":{\"@type\":\"PropertyValueSpecification\",\"valueRequired\":true,\"valueName\":\"search_term_string\"}}],\"inLanguage\":\"en-US\"},{\"@type\":\"ImageObject\",\"inLanguage\":\"en-US\",\"@id\":\"https:\\\/\\\/mmkriepas.lv\\\/en\\\/p\\\/195-65r16-nankang-ws-1-92q\\\/#local-main-organization-logo\",\"url\":\"\",\"contentUrl\":\"\",\"caption\":\"MMK Riepas\"}]}<\/script>\n<meta property=\"product:brand\" content=\"Nankang Ice Activa WS-1\" \/>\n<meta property=\"product:price:amount\" content=\"94.00\" \/>\n<meta property=\"product:price:currency\" content=\"EUR\" \/>\n<meta property=\"og:availability\" content=\"instock\" \/>\n<meta property=\"product:availability\" content=\"instock\" \/>\n<meta property=\"product:retailer_item_id\" content=\"TW1956516NANKA-L49476\" \/>\n<meta property=\"product:condition\" content=\"new\" \/>\n<!-- \/ Yoast SEO Premium plugin. -->","yoast_head_json":{"title":"195\/65R16 Nankang Ice Activa WS-1 92Q &#8226; MMK Riepas","robots":{"index":"index","follow":"follow","max-snippet":"max-snippet:-1","max-image-preview":"max-image-preview:large","max-video-preview":"max-video-preview:-1"},"canonical":"https:\/\/mmkriepas.lv\/en\/p\/195-65r16-nankang-ws-1-92q\/","og_locale":"en_US","og_type":"article","og_title":"195\/65R16 Nankang Ice Activa WS-1 92Q","og_description":"Nankang Ice Activa WS-1 ir ziemas riepu modelis ar asimetrisku protektora rakstu, kas piem\u0113rots vieglaj\u0101m automa\u0161\u012bn\u0101m. Tas izce\u013cas ar labu sa\u0137eri un sa\u012bsin\u0101tu bremz\u0113\u0161anas ce\u013cu gan snieg\u0101, gan ar\u012b uz ledus.","og_url":"https:\/\/mmkriepas.lv\/en\/p\/195-65r16-nankang-ws-1-92q\/","og_site_name":"MMK Riepas","article_publisher":"https:\/\/www.facebook.com\/mmkserviss\/","article_modified_time":"2026-03-27T12:44:25+00:00","og_image":[{"width":1920,"height":1920,"url":"https:\/\/mmkriepas.lv\/wp-content\/uploads\/2023\/09\/31535r21-nankang-ice-activa-sw-1-111q-xl-ziemas-riepas.jpg","type":"image\/jpeg"}],"twitter_card":"summary_large_image","twitter_misc":{"Price":"&euro;94.00","Availability":"In stock"},"schema":{"@context":"https:\/\/schema.org","@graph":[{"@type":"WebPage","@id":"https:\/\/mmkriepas.lv\/en\/p\/195-65r16-nankang-ws-1-92q\/","url":"https:\/\/mmkriepas.lv\/en\/p\/195-65r16-nankang-ws-1-92q\/","name":"195\/65R16 Nankang Ice Activa WS-1 92Q &#8226; MMK Riepas","isPartOf":{"@id":"https:\/\/mmkriepas.lv\/en\/#website"},"primaryImageOfPage":{"@id":"https:\/\/mmkriepas.lv\/en\/p\/195-65r16-nankang-ws-1-92q\/#primaryimage"},"image":{"@id":"https:\/\/mmkriepas.lv\/en\/p\/195-65r16-nankang-ws-1-92q\/#primaryimage"},"thumbnailUrl":"https:\/\/mmkriepas.lv\/wp-content\/uploads\/2023\/09\/31535r21-nankang-ice-activa-sw-1-111q-xl-ziemas-riepas.jpg","datePublished":"2025-07-02T08:38:05+00:00","dateModified":"2026-03-27T12:44:25+00:00","breadcrumb":{"@id":"https:\/\/mmkriepas.lv\/en\/p\/195-65r16-nankang-ws-1-92q\/#breadcrumb"},"inLanguage":"en-US","potentialAction":[{"@type":"ReadAction","target":["https:\/\/mmkriepas.lv\/en\/p\/195-65r16-nankang-ws-1-92q\/"]}]},{"@type":"ImageObject","inLanguage":"en-US","@id":"https:\/\/mmkriepas.lv\/en\/p\/195-65r16-nankang-ws-1-92q\/#primaryimage","url":"https:\/\/mmkriepas.lv\/wp-content\/uploads\/2023\/09\/31535r21-nankang-ice-activa-sw-1-111q-xl-ziemas-riepas.jpg","contentUrl":"https:\/\/mmkriepas.lv\/wp-content\/uploads\/2023\/09\/31535r21-nankang-ice-activa-sw-1-111q-xl-ziemas-riepas.jpg","width":1920,"height":1920,"caption":"315\/35R21 Nankang Ice Activa SW-1 111Q XL - Vissezonas riepas \/ Ziemas riepas"},{"@type":"BreadcrumbList","@id":"https:\/\/mmkriepas.lv\/en\/p\/195-65r16-nankang-ws-1-92q\/#breadcrumb","itemListElement":[{"@type":"ListItem","position":1,"name":"S\u0101kums","item":"https:\/\/mmkriepas.lv\/en\/"},{"@type":"ListItem","position":2,"name":"195\/65R16 Nankang Ice Activa WS-1 92Q"}]},{"@type":"WebSite","@id":"https:\/\/mmkriepas.lv\/en\/#website","url":"https:\/\/mmkriepas.lv\/en\/","name":"MMK Riepas","description":"MMK Riepas","alternateName":"MMK Riepu Serviss","potentialAction":[{"@type":"SearchAction","target":{"@type":"EntryPoint","urlTemplate":"https:\/\/mmkriepas.lv\/en\/?s={search_term_string}"},"query-input":{"@type":"PropertyValueSpecification","valueRequired":true,"valueName":"search_term_string"}}],"inLanguage":"en-US"},{"@type":"ImageObject","inLanguage":"en-US","@id":"https:\/\/mmkriepas.lv\/en\/p\/195-65r16-nankang-ws-1-92q\/#local-main-organization-logo","url":"","contentUrl":"","caption":"MMK Riepas"}]},"product_brand":"Nankang Ice Activa WS-1","product_price_amount":"94.00","product_price_currency":"EUR","og_availability":"instock","product_availability":"instock","product_retailer_item_id":"TW1956516NANKA-L49476","product_condition":"new"},"_links":{"self":[{"href":"https:\/\/mmkriepas.lv\/en\/wp-json\/wp\/v2\/product\/1253463","targetHints":{"allow":["GET"]}}],"collection":[{"href":"https:\/\/mmkriepas.lv\/en\/wp-json\/wp\/v2\/product"}],"about":[{"href":"https:\/\/mmkriepas.lv\/en\/wp-json\/wp\/v2\/types\/product"}],"wp:featuredmedia":[{"embeddable":true,"href":"https:\/\/mmkriepas.lv\/en\/wp-json\/wp\/v2\/media\/795772"}],"wp:attachment":[{"href":"https:\/\/mmkriepas.lv\/en\/wp-json\/wp\/v2\/media?parent=1253463"}],"wp:term":[{"taxonomy":"product_brand","embeddable":true,"href":"https:\/\/mmkriepas.lv\/en\/wp-json\/wp\/v2\/product_brand?post=1253463"},{"taxonomy":"product_cat","embeddable":true,"href":"https:\/\/mmkriepas.lv\/en\/wp-json\/wp\/v2\/product_cat?post=1253463"},{"taxonomy":"product_tag","embeddable":true,"href":"https:\/\/mmkriepas.lv\/en\/wp-json\/wp\/v2\/product_tag?post=1253463"}],"curies":[{"name":"wp","href":"https:\/\/api.w.org\/{rel}","templated":true}]}}