{"id":1252026,"date":"2025-06-26T17:15:36","date_gmt":"2025-06-26T14:15:36","guid":{"rendered":"https:\/\/mmkriepas.lv\/?post_type=product&#038;p=1252026"},"modified":"2025-08-12T18:08:28","modified_gmt":"2025-08-12T15:08:28","slug":"255-65r17-gripmax-inception-a-t-110t-rwl-3pmsf","status":"publish","type":"product","link":"https:\/\/mmkriepas.lv\/en\/p\/255-65r17-gripmax-inception-a-t-110t-rwl-3pmsf\/","title":{"rendered":"255\/65R17 Gripmax INCEPTION A\/T 110T RWL 3PMSF"},"content":{"rendered":"<p style=\"margin: 12.0pt 0cm 12.0pt 0cm;\"><b><span style=\"font-size: 11.0pt; font-family: 'Arial',sans-serif; color: black;\">Gripmax Inception A\/T <\/span><\/b><span style=\"font-size: 11.0pt; font-family: 'Arial',sans-serif; color: black;\">ir vasaras\/vissezonas,<b> <\/b>paaugstin\u0101tas kravnes\u012bbas All-Terrain jeb apvidus riepu modelis. Pateicoties \u012bpa\u0161am protektora dizainam, izce\u013cas ar teicamu veiktsp\u0113ju braucot pat skarbos bezce\u013cu apst\u0101k\u013cos &#8211; dub\u013cos, smilt\u012bs, pa granti un akme\u0146iem. Papildus \u0161im modelim ir n\u0101cis kl\u0101t <\/span><span style=\"font-family: 'Arial',sans-serif;\">mar\u0137\u0113jums sniegp\u0101rslas form\u0101 uz kalna fona ar trim virsotn\u0113m (3PMSF)<\/span><o:p><\/o:p><\/p>\n<h3 style=\"margin: 14.0pt 0cm 4.0pt 0cm;\"><span style=\"font-size: 13.0pt; font-family: 'Arial',sans-serif; color: black;\">Inception A\/T galven\u0101s \u012bpa\u0161\u012bbas<\/span><o:p><\/o:p><\/h3>\n<p style=\"margin: 12.0pt 0cm 12.0pt 0cm;\"><span style=\"font-size: 11.0pt; font-family: 'Arial',sans-serif; color: black;\">+ Palielin\u0101ta kravnes\u012bba un nodilumiztur\u012bba.<\/span><o:p><\/o:p><\/p>\n<p style=\"margin: 12.0pt 0cm 12.0pt 0cm;\"><span style=\"font-size: 11.0pt; font-family: 'Arial',sans-serif; color: black;\">+ Uzlabots, m\u012bkst\u0101ks gumijas sast\u0101vs, \u013cauj riepu izmantot ar\u012b zem\u0101k\u0101s gaisa temperat\u016br\u0101s.<o:p><\/o:p><\/span><\/p>\n<p style=\"margin: 12.0pt 0cm 12.0pt 0cm;\"><span style=\"font-size: 11.0pt; font-family: 'Arial',sans-serif; color: black;\">+ Paugstin\u0101ta veiktsp\u0113ja, braucot pa irden\u0101m ce\u013ca virsm\u0101m &#8211; dub\u013ciem, smilt\u012bm, granti vai akme\u0146iem.<\/span><o:p><\/o:p><\/p>\n<p style=\"margin: 12.0pt 0cm 12.0pt 0cm;\"><span style=\"font-size: 11.0pt; font-family: 'Arial',sans-serif; color: black;\">+ Palielin\u0101ta nodilumiztur\u012bba.<\/span><o:p><\/o:p><\/p>\n<p style=\"margin: 12.0pt 0cm 12.0pt 0cm;\"><span style=\"font-size: 11.0pt; font-family: 'Arial',sans-serif; color: black;\">+ Teicama cenas un veiktsp\u0113jas attiec\u012bba.<\/span><o:p><\/o:p><\/p>\n<p style=\"margin: 12.0pt 0cm 12.0pt 0cm;\"><span style=\"font-size: 11.0pt; font-family: 'Arial',sans-serif; color: black;\">+ Izcilas ekspluat\u0101cijas \u012bpa\u0161\u012bbas gan uz asfalta, gan bezce\u013cos.<\/span><o:p><\/o:p><\/p>\n<h3 style=\"margin: 14.0pt 0cm 4.0pt 0cm;\"><span style=\"font-size: 13.0pt; font-family: 'Arial',sans-serif; color: black;\">Inception A\/T apr\u012bkojums<\/span><o:p><\/o:p><\/h3>\n<p style=\"margin: 12.0pt 0cm 12.0pt 0cm;\"><b><span style=\"font-size: 11.0pt; font-family: 'Arial',sans-serif; color: black;\">Gripmax Inception A\/T<\/span><\/b><span style=\"font-size: 11.0pt; font-family: 'Arial',sans-serif; color: black;\"> riepas apr\u012bkotas ar simetrisku protektora rakstu, kas ir gandr\u012bz identisks le\u0123end\u0101rajam BF Goodrich A\/T KO2. Lielisku veiktsp\u0113ju bezce\u013cos nodro\u0161ina paaugstin\u0101ta dzi\u013cuma elko\u0146a formas protektora bloki.\u00a0<\/span><o:p><\/o:p><\/p>\n<p style=\"margin: 12.0pt 0cm 12.0pt 0cm;\"><span style=\"font-size: 11.0pt; font-family: 'Arial',sans-serif; color: black;\">Sa\u0137eri ar slapju asfaltu, k\u0101 ar\u012b mitru granti, smilt\u012bm un akme\u0146iem, nodro\u0161ina augstv\u0113rt\u012bgs gumijas sast\u0101vs. Tam pievienota virkne elastrom\u0113ru, kas ne tikai pal\u012bdz saglab\u0101t elast\u012bbu pla\u0161\u0101 temperat\u016bru diapazon\u0101, k\u0101 ar\u012b sl\u0101p\u0113 ska\u0146u.<\/span><o:p><\/o:p><\/p>\n<p><b><span style=\"font-family: 'Arial',sans-serif;\">Gripmax Inception A\/T <\/span><\/b><span style=\"font-family: 'Arial',sans-serif;\">mode\u013ca lieto\u0161anas dro\u0161\u012bbu ziemas laika apst\u0101k\u013cos un t\u0101 atbilst\u012bbu valst\u012bm ar oblig\u0101tu sezon\u0101lo riepu mai\u0146u apstiprina mar\u0137\u0113jums sniegp\u0101rslas form\u0101 uz kalna fona ar trim virsotn\u0113m (3PMSF).<\/span><\/p>\n","protected":false},"excerpt":{"rendered":"<p><b><span style=\"font-size: 11.0pt; font-family: 'Arial',sans-serif; color: black;\">Gripmax Inception A\/T <\/span><\/b><span style=\"font-size: 11.0pt; font-family: 'Arial',sans-serif; color: black;\">ir vasaras\/vissezonas,<b> <\/b>paaugstin\u0101tas kravnes\u012bbas All-Terrain jeb apvidus riepu modelis. Pateicoties \u012bpa\u0161am protektora dizainam, izce\u013cas ar teicamu veiktsp\u0113ju braucot pat skarbos bezce\u013cu apst\u0101k\u013cos &#8211; dub\u013cos, smilt\u012bs, pa granti un akme\u0146iem. Papildus \u0161im modelim ir n\u0101cis kl\u0101t <\/span><span style=\"font-family: 'Arial',sans-serif;\">mar\u0137\u0113jums sniegp\u0101rslas form\u0101 uz kalna fona ar trim virsotn\u0113m (3PMSF)<\/span><\/p>\n","protected":false},"featured_media":684209,"template":"","meta":{"_acf_changed":false,"ngg_post_thumbnail":0},"product_brand":[],"product_cat":[46,45],"product_tag":[],"class_list":{"0":"post-1252026","1":"product","2":"type-product","3":"status-publish","4":"has-post-thumbnail","6":"product_cat-vasaras-riepas","7":"product_cat-ziemas-riepas","9":"first","10":"outofstock","11":"taxable","12":"shipping-taxable","13":"product-type-simple"},"acf":[],"yoast_head":"<!-- This site is optimized with the Yoast SEO Premium plugin v22.6 (Yoast SEO v27.3) - https:\/\/yoast.com\/product\/yoast-seo-premium-wordpress\/ -->\n<title>255\/65R17 Gripmax INCEPTION A\/T 110T RWL 3PMSF &#8226; MMK Riepas<\/title>\n<meta name=\"robots\" content=\"index, follow, max-snippet:-1, max-image-preview:large, max-video-preview:-1\" \/>\n<link rel=\"canonical\" href=\"https:\/\/mmkriepas.lv\/en\/p\/255-65r17-gripmax-inception-a-t-110t-rwl-3pmsf\/\" \/>\n<meta property=\"og:locale\" content=\"en_US\" \/>\n<meta property=\"og:type\" content=\"article\" \/>\n<meta property=\"og:title\" content=\"255\/65R17 Gripmax INCEPTION A\/T 110T RWL 3PMSF\" \/>\n<meta property=\"og:description\" content=\"Gripmax Inception A\/T ir vasaras\/vissezonas, paaugstin\u0101tas kravnes\u012bbas All-Terrain jeb apvidus riepu modelis. Pateicoties \u012bpa\u0161am protektora dizainam, izce\u013cas ar teicamu veiktsp\u0113ju braucot pat skarbos bezce\u013cu apst\u0101k\u013cos - dub\u013cos, smilt\u012bs, pa granti un akme\u0146iem. Papildus \u0161im modelim ir n\u0101cis kl\u0101t mar\u0137\u0113jums sniegp\u0101rslas form\u0101 uz kalna fona ar trim virsotn\u0113m (3PMSF)\" \/>\n<meta property=\"og:url\" content=\"https:\/\/mmkriepas.lv\/en\/p\/255-65r17-gripmax-inception-a-t-110t-rwl-3pmsf\/\" \/>\n<meta property=\"og:site_name\" content=\"MMK Riepas\" \/>\n<meta property=\"article:publisher\" content=\"https:\/\/www.facebook.com\/mmkserviss\/\" \/>\n<meta property=\"article:modified_time\" content=\"2025-08-12T15:08:28+00:00\" \/>\n<meta property=\"og:image\" content=\"https:\/\/mmkriepas.lv\/wp-content\/uploads\/2023\/03\/25565r17-gripmax-inception-at-110t-rwl-3pmsf-vasaras-riepas-ziemas-riepas.jpeg\" \/>\n\t<meta property=\"og:image:width\" content=\"1600\" \/>\n\t<meta property=\"og:image:height\" content=\"1200\" \/>\n\t<meta property=\"og:image:type\" content=\"image\/jpeg\" \/>\n<meta name=\"twitter:card\" content=\"summary_large_image\" \/>\n<meta name=\"twitter:label1\" content=\"Price\" \/>\n\t<meta name=\"twitter:data1\" content=\"&euro;0.00\" \/>\n\t<meta name=\"twitter:label2\" content=\"Availability\" \/>\n\t<meta name=\"twitter:data2\" content=\"Out of stock\" \/>\n<script type=\"application\/ld+json\" class=\"yoast-schema-graph\">{\"@context\":\"https:\\\/\\\/schema.org\",\"@graph\":[{\"@type\":\"WebPage\",\"@id\":\"https:\\\/\\\/mmkriepas.lv\\\/en\\\/p\\\/255-65r17-gripmax-inception-a-t-110t-rwl-3pmsf\\\/\",\"url\":\"https:\\\/\\\/mmkriepas.lv\\\/en\\\/p\\\/255-65r17-gripmax-inception-a-t-110t-rwl-3pmsf\\\/\",\"name\":\"255\\\/65R17 Gripmax INCEPTION A\\\/T 110T RWL 3PMSF &#8226; MMK Riepas\",\"isPartOf\":{\"@id\":\"https:\\\/\\\/mmkriepas.lv\\\/en\\\/#website\"},\"primaryImageOfPage\":{\"@id\":\"https:\\\/\\\/mmkriepas.lv\\\/en\\\/p\\\/255-65r17-gripmax-inception-a-t-110t-rwl-3pmsf\\\/#primaryimage\"},\"image\":{\"@id\":\"https:\\\/\\\/mmkriepas.lv\\\/en\\\/p\\\/255-65r17-gripmax-inception-a-t-110t-rwl-3pmsf\\\/#primaryimage\"},\"thumbnailUrl\":\"https:\\\/\\\/mmkriepas.lv\\\/wp-content\\\/uploads\\\/2023\\\/03\\\/25565r17-gripmax-inception-at-110t-rwl-3pmsf-vasaras-riepas-ziemas-riepas.jpeg\",\"datePublished\":\"2025-06-26T14:15:36+00:00\",\"dateModified\":\"2025-08-12T15:08:28+00:00\",\"breadcrumb\":{\"@id\":\"https:\\\/\\\/mmkriepas.lv\\\/en\\\/p\\\/255-65r17-gripmax-inception-a-t-110t-rwl-3pmsf\\\/#breadcrumb\"},\"inLanguage\":\"en-US\",\"potentialAction\":[{\"@type\":\"ReadAction\",\"target\":[\"https:\\\/\\\/mmkriepas.lv\\\/en\\\/p\\\/255-65r17-gripmax-inception-a-t-110t-rwl-3pmsf\\\/\"]}]},{\"@type\":\"ImageObject\",\"inLanguage\":\"en-US\",\"@id\":\"https:\\\/\\\/mmkriepas.lv\\\/en\\\/p\\\/255-65r17-gripmax-inception-a-t-110t-rwl-3pmsf\\\/#primaryimage\",\"url\":\"https:\\\/\\\/mmkriepas.lv\\\/wp-content\\\/uploads\\\/2023\\\/03\\\/25565r17-gripmax-inception-at-110t-rwl-3pmsf-vasaras-riepas-ziemas-riepas.jpeg\",\"contentUrl\":\"https:\\\/\\\/mmkriepas.lv\\\/wp-content\\\/uploads\\\/2023\\\/03\\\/25565r17-gripmax-inception-at-110t-rwl-3pmsf-vasaras-riepas-ziemas-riepas.jpeg\",\"width\":1600,\"height\":1200,\"caption\":\"255\\\/65R17 Gripmax INCEPTION A\\\/T 110T RWL 3PMSF - Vasaras riepas \\\/ Vissezonas riepas \\\/ Ziemas riepas\"},{\"@type\":\"BreadcrumbList\",\"@id\":\"https:\\\/\\\/mmkriepas.lv\\\/en\\\/p\\\/255-65r17-gripmax-inception-a-t-110t-rwl-3pmsf\\\/#breadcrumb\",\"itemListElement\":[{\"@type\":\"ListItem\",\"position\":1,\"name\":\"S\u0101kums\",\"item\":\"https:\\\/\\\/mmkriepas.lv\\\/en\\\/\"},{\"@type\":\"ListItem\",\"position\":2,\"name\":\"255\\\/65R17 Gripmax INCEPTION A\\\/T 110T RWL 3PMSF\"}]},{\"@type\":\"WebSite\",\"@id\":\"https:\\\/\\\/mmkriepas.lv\\\/en\\\/#website\",\"url\":\"https:\\\/\\\/mmkriepas.lv\\\/en\\\/\",\"name\":\"MMK Riepas\",\"description\":\"MMK Riepas\",\"alternateName\":\"MMK Riepu Serviss\",\"potentialAction\":[{\"@type\":\"SearchAction\",\"target\":{\"@type\":\"EntryPoint\",\"urlTemplate\":\"https:\\\/\\\/mmkriepas.lv\\\/en\\\/?s={search_term_string}\"},\"query-input\":{\"@type\":\"PropertyValueSpecification\",\"valueRequired\":true,\"valueName\":\"search_term_string\"}}],\"inLanguage\":\"en-US\"},{\"@type\":\"ImageObject\",\"inLanguage\":\"en-US\",\"@id\":\"https:\\\/\\\/mmkriepas.lv\\\/en\\\/p\\\/255-65r17-gripmax-inception-a-t-110t-rwl-3pmsf\\\/#local-main-organization-logo\",\"url\":\"\",\"contentUrl\":\"\",\"caption\":\"MMK Riepas\"}]}<\/script>\n<meta property=\"product:brand\" content=\"Gripmax INCEPTION A\/T\" \/>\n<meta property=\"product:price:amount\" content=\"0.00\" \/>\n<meta property=\"product:price:currency\" content=\"EUR\" \/>\n<meta property=\"og:availability\" content=\"out of stock\" \/>\n<meta property=\"product:availability\" content=\"out of stock\" \/>\n<meta property=\"product:retailer_item_id\" content=\"TS2556517GRIPM-49425\" \/>\n<meta property=\"product:condition\" content=\"new\" \/>\n<!-- \/ Yoast SEO Premium plugin. -->","yoast_head_json":{"title":"255\/65R17 Gripmax INCEPTION A\/T 110T RWL 3PMSF &#8226; MMK Riepas","robots":{"index":"index","follow":"follow","max-snippet":"max-snippet:-1","max-image-preview":"max-image-preview:large","max-video-preview":"max-video-preview:-1"},"canonical":"https:\/\/mmkriepas.lv\/en\/p\/255-65r17-gripmax-inception-a-t-110t-rwl-3pmsf\/","og_locale":"en_US","og_type":"article","og_title":"255\/65R17 Gripmax INCEPTION A\/T 110T RWL 3PMSF","og_description":"Gripmax Inception A\/T ir vasaras\/vissezonas, paaugstin\u0101tas kravnes\u012bbas All-Terrain jeb apvidus riepu modelis. Pateicoties \u012bpa\u0161am protektora dizainam, izce\u013cas ar teicamu veiktsp\u0113ju braucot pat skarbos bezce\u013cu apst\u0101k\u013cos - dub\u013cos, smilt\u012bs, pa granti un akme\u0146iem. Papildus \u0161im modelim ir n\u0101cis kl\u0101t mar\u0137\u0113jums sniegp\u0101rslas form\u0101 uz kalna fona ar trim virsotn\u0113m (3PMSF)","og_url":"https:\/\/mmkriepas.lv\/en\/p\/255-65r17-gripmax-inception-a-t-110t-rwl-3pmsf\/","og_site_name":"MMK Riepas","article_publisher":"https:\/\/www.facebook.com\/mmkserviss\/","article_modified_time":"2025-08-12T15:08:28+00:00","og_image":[{"width":1600,"height":1200,"url":"https:\/\/mmkriepas.lv\/wp-content\/uploads\/2023\/03\/25565r17-gripmax-inception-at-110t-rwl-3pmsf-vasaras-riepas-ziemas-riepas.jpeg","type":"image\/jpeg"}],"twitter_card":"summary_large_image","twitter_misc":{"Price":"&euro;0.00","Availability":"Out of stock"},"schema":{"@context":"https:\/\/schema.org","@graph":[{"@type":"WebPage","@id":"https:\/\/mmkriepas.lv\/en\/p\/255-65r17-gripmax-inception-a-t-110t-rwl-3pmsf\/","url":"https:\/\/mmkriepas.lv\/en\/p\/255-65r17-gripmax-inception-a-t-110t-rwl-3pmsf\/","name":"255\/65R17 Gripmax INCEPTION A\/T 110T RWL 3PMSF &#8226; MMK Riepas","isPartOf":{"@id":"https:\/\/mmkriepas.lv\/en\/#website"},"primaryImageOfPage":{"@id":"https:\/\/mmkriepas.lv\/en\/p\/255-65r17-gripmax-inception-a-t-110t-rwl-3pmsf\/#primaryimage"},"image":{"@id":"https:\/\/mmkriepas.lv\/en\/p\/255-65r17-gripmax-inception-a-t-110t-rwl-3pmsf\/#primaryimage"},"thumbnailUrl":"https:\/\/mmkriepas.lv\/wp-content\/uploads\/2023\/03\/25565r17-gripmax-inception-at-110t-rwl-3pmsf-vasaras-riepas-ziemas-riepas.jpeg","datePublished":"2025-06-26T14:15:36+00:00","dateModified":"2025-08-12T15:08:28+00:00","breadcrumb":{"@id":"https:\/\/mmkriepas.lv\/en\/p\/255-65r17-gripmax-inception-a-t-110t-rwl-3pmsf\/#breadcrumb"},"inLanguage":"en-US","potentialAction":[{"@type":"ReadAction","target":["https:\/\/mmkriepas.lv\/en\/p\/255-65r17-gripmax-inception-a-t-110t-rwl-3pmsf\/"]}]},{"@type":"ImageObject","inLanguage":"en-US","@id":"https:\/\/mmkriepas.lv\/en\/p\/255-65r17-gripmax-inception-a-t-110t-rwl-3pmsf\/#primaryimage","url":"https:\/\/mmkriepas.lv\/wp-content\/uploads\/2023\/03\/25565r17-gripmax-inception-at-110t-rwl-3pmsf-vasaras-riepas-ziemas-riepas.jpeg","contentUrl":"https:\/\/mmkriepas.lv\/wp-content\/uploads\/2023\/03\/25565r17-gripmax-inception-at-110t-rwl-3pmsf-vasaras-riepas-ziemas-riepas.jpeg","width":1600,"height":1200,"caption":"255\/65R17 Gripmax INCEPTION A\/T 110T RWL 3PMSF - Vasaras riepas \/ Vissezonas riepas \/ Ziemas riepas"},{"@type":"BreadcrumbList","@id":"https:\/\/mmkriepas.lv\/en\/p\/255-65r17-gripmax-inception-a-t-110t-rwl-3pmsf\/#breadcrumb","itemListElement":[{"@type":"ListItem","position":1,"name":"S\u0101kums","item":"https:\/\/mmkriepas.lv\/en\/"},{"@type":"ListItem","position":2,"name":"255\/65R17 Gripmax INCEPTION A\/T 110T RWL 3PMSF"}]},{"@type":"WebSite","@id":"https:\/\/mmkriepas.lv\/en\/#website","url":"https:\/\/mmkriepas.lv\/en\/","name":"MMK Riepas","description":"MMK Riepas","alternateName":"MMK Riepu Serviss","potentialAction":[{"@type":"SearchAction","target":{"@type":"EntryPoint","urlTemplate":"https:\/\/mmkriepas.lv\/en\/?s={search_term_string}"},"query-input":{"@type":"PropertyValueSpecification","valueRequired":true,"valueName":"search_term_string"}}],"inLanguage":"en-US"},{"@type":"ImageObject","inLanguage":"en-US","@id":"https:\/\/mmkriepas.lv\/en\/p\/255-65r17-gripmax-inception-a-t-110t-rwl-3pmsf\/#local-main-organization-logo","url":"","contentUrl":"","caption":"MMK Riepas"}]},"product_brand":"Gripmax INCEPTION A\/T","product_price_amount":"0.00","product_price_currency":"EUR","og_availability":"out of stock","product_availability":"out of stock","product_retailer_item_id":"TS2556517GRIPM-49425","product_condition":"new"},"_links":{"self":[{"href":"https:\/\/mmkriepas.lv\/en\/wp-json\/wp\/v2\/product\/1252026","targetHints":{"allow":["GET"]}}],"collection":[{"href":"https:\/\/mmkriepas.lv\/en\/wp-json\/wp\/v2\/product"}],"about":[{"href":"https:\/\/mmkriepas.lv\/en\/wp-json\/wp\/v2\/types\/product"}],"wp:featuredmedia":[{"embeddable":true,"href":"https:\/\/mmkriepas.lv\/en\/wp-json\/wp\/v2\/media\/684209"}],"wp:attachment":[{"href":"https:\/\/mmkriepas.lv\/en\/wp-json\/wp\/v2\/media?parent=1252026"}],"wp:term":[{"taxonomy":"product_brand","embeddable":true,"href":"https:\/\/mmkriepas.lv\/en\/wp-json\/wp\/v2\/product_brand?post=1252026"},{"taxonomy":"product_cat","embeddable":true,"href":"https:\/\/mmkriepas.lv\/en\/wp-json\/wp\/v2\/product_cat?post=1252026"},{"taxonomy":"product_tag","embeddable":true,"href":"https:\/\/mmkriepas.lv\/en\/wp-json\/wp\/v2\/product_tag?post=1252026"}],"curies":[{"name":"wp","href":"https:\/\/api.w.org\/{rel}","templated":true}]}}