{"id":1249191,"date":"2025-06-16T18:29:21","date_gmt":"2025-06-16T15:29:21","guid":{"rendered":"https:\/\/mmkriepas.lv\/?post_type=product&#038;p=1249191"},"modified":"2026-03-12T23:59:56","modified_gmt":"2026-03-12T21:59:56","slug":"205-55r16-tercelo-croseason-4s-91v","status":"publish","type":"product","link":"https:\/\/mmkriepas.lv\/en\/p\/205-55r16-tercelo-croseason-4s-91v\/","title":{"rendered":"205\/55R16 Tercelo Croseason 4S 91V"},"content":{"rendered":"<p><span style=\"font-family: Times New Roman, serif;\"><span style=\"font-size: medium;\"><span style=\"font-family: Arial, sans-serif;\"><b>Tercelo Croseason 4S<\/b><\/span><span style=\"font-family: Arial, sans-serif;\"> ir bud\u017eeta klases vissezonas riepu modelis <\/span><span style=\"font-family: Arial, sans-serif;\">ar 3PMSF sertifik\u0101tu. Croseason\u202f4S ir paredz\u0113t<\/span><span style=\"font-family: Arial, sans-serif;\">s<\/span><span style=\"font-family: Arial, sans-serif;\"> lieto\u0161ana<\/span><span style=\"font-family: Arial, sans-serif;\">nai<\/span><span style=\"font-family: Arial, sans-serif;\"> visu gadu, nodro\u0161inot dro\u0161\u012bbu ne tikai vasar<\/span><span style=\"font-family: Arial, sans-serif;\">as<\/span><span style=\"font-family: Arial, sans-serif;\">, rudens <\/span><span style=\"font-family: Arial, sans-serif;\">vai <\/span><span style=\"font-family: Arial, sans-serif;\">pavasar<\/span><span style=\"font-family: Arial, sans-serif;\">a<\/span><span style=\"font-family: Arial, sans-serif;\">, bet ar\u012b neliel<\/span><span style=\"font-family: Arial, sans-serif;\">os<\/span><span style=\"font-family: Arial, sans-serif;\"> ziemas apst\u0101k\u013cos<\/span><span style=\"font-family: Arial, sans-serif;\">. <\/span><span style=\"font-family: Arial, sans-serif;\">E<\/span><span style=\"font-family: Arial, sans-serif;\">konomisk<\/span><span style=\"font-family: Arial, sans-serif;\">s<\/span><span style=\"font-family: Arial, sans-serif;\">, dro\u0161<\/span><span style=\"font-family: Arial, sans-serif;\">s<\/span><span style=\"font-family: Arial, sans-serif;\"> un klus<\/span><span style=\"font-family: Arial, sans-serif;\">s<\/span><span style=\"font-family: Arial, sans-serif;\"> riepu <\/span><span style=\"font-family: Arial, sans-serif;\">modelis <\/span><span style=\"font-family: Arial, sans-serif;\">ikdienas braucienie<\/span><span style=\"font-family: Arial, sans-serif;\">m.<\/span><\/span><\/span><\/p>\n<p align=\"left\"><span style=\"font-size: medium;\"><b><span style=\"font-family: Arial, sans-serif;\">T<\/span><span style=\"font-family: Arial, sans-serif;\">ercelo Croseason 4S galven\u0101s iez\u012bmes<\/span><\/b><\/span><\/p>\n<p><span style=\"font-family: Arial, sans-serif;\"><span style=\"font-size: medium;\">+ Laba veiktsp\u0113ja visa gada garum\u0101!<\/span><\/span><\/p>\n<p><span style=\"font-family: Arial, sans-serif;\"><span style=\"font-size: medium;\">+ Samazin\u0101ts akvaplan\u0113\u0161anas risks!<\/span><\/span><\/p>\n<p><span style=\"font-family: Arial, sans-serif;\"><span style=\"font-size: medium;\"><span style=\"color: #000000;\">+ Komfortabla, gluda un klusa gaita!<\/span><\/span><\/span><\/p>\n<p><span style=\"font-family: Times New Roman, serif;\"><span style=\"font-size: medium;\"><span style=\"color: #000000;\"><span style=\"font-family: Arial, serif;\"><span style=\"font-size: small;\"><b>+ Kvalit\u0101te atbilst cenai!<\/b><\/span><\/span><\/span><\/span><\/span><\/p>\n<p><span style=\"font-family: Times New Roman, serif;\"><span style=\"font-size: medium;\"><span style=\"color: #000000;\"><span style=\"font-family: Arial, serif;\"><b>Croseason 4S apr\u012bkojums<\/b><\/span><\/span><\/span><\/span><\/p>\n<p><span style=\"font-family: Arial, sans-serif;\"><span style=\"font-size: small;\"><strong><span style=\"font-size: medium;\">Virziena protektora raksts<\/span><\/strong><span style=\"font-size: medium;\"> \u2013 plata viduskan\u0101la un sl\u012bpo \u0161\u0137\u0113rsrievu kombin\u0101cija efekt\u012bvi novada \u016bdeni un sniega putru, samazinot akvaplan\u0113\u0161anas risku par 20\u201330\u202f% sal\u012bdzin\u0101jum\u0101 ar citiem protektora rakstiem.<\/span><\/span><\/span><\/p>\n<p><span style=\"font-family: Arial, sans-serif;\"><span style=\"font-size: small;\"><strong><span style=\"font-size: medium;\">Brauk\u0161anas komforts<\/span><\/strong><span style=\"font-size: medium;\"> \u2013 klusa un stabila gaita, pat pie intens\u012bv\u0101ka \u0101truma (~70\u202fdB, kas ir klus\u0101k nek\u0101 daudzas citas bud\u017eeta riepas). <\/span><\/span><\/span><\/p>\n","protected":false},"excerpt":{"rendered":"<p><span style=\"font-family: Times New Roman, serif;\"><span style=\"font-size: medium;\"><span style=\"font-family: Arial, sans-serif;\"><b>Tercelo Croseason 4S<\/b><\/span><span style=\"font-family: Arial, sans-serif;\"> ir bud\u017eeta klases vissezonas riepu modelis <\/span><span style=\"font-family: Arial, sans-serif;\">ar 3PMSF sertifik\u0101tu. Croseason\u202f4S ir paredz\u0113t<\/span><span style=\"font-family: Arial, sans-serif;\">s<\/span><span style=\"font-family: Arial, sans-serif;\"> lieto\u0161ana<\/span><span style=\"font-family: Arial, sans-serif;\">nai<\/span><span style=\"font-family: Arial, sans-serif;\"> visu gadu, nodro\u0161inot dro\u0161\u012bbu ne tikai vasar<\/span><span style=\"font-family: Arial, sans-serif;\">as<\/span><span style=\"font-family: Arial, sans-serif;\">, rudens <\/span><span style=\"font-family: Arial, sans-serif;\">vai <\/span><span style=\"font-family: Arial, sans-serif;\">pavasar<\/span><span style=\"font-family: Arial, sans-serif;\">a<\/span><span style=\"font-family: Arial, sans-serif;\">, bet ar\u012b neliel<\/span><span style=\"font-family: Arial, sans-serif;\">os<\/span><span style=\"font-family: Arial, sans-serif;\"> ziemas apst\u0101k\u013cos<\/span><span style=\"font-family: Arial, sans-serif;\">. <\/span><span style=\"font-family: Arial, sans-serif;\">E<\/span><span style=\"font-family: Arial, sans-serif;\">konomisk<\/span><span style=\"font-family: Arial, sans-serif;\">s<\/span><span style=\"font-family: Arial, sans-serif;\">, dro\u0161<\/span><span style=\"font-family: Arial, sans-serif;\">s<\/span><span style=\"font-family: Arial, sans-serif;\"> un klus<\/span><span style=\"font-family: Arial, sans-serif;\">s<\/span><span style=\"font-family: Arial, sans-serif;\"> riepu <\/span><span style=\"font-family: Arial, sans-serif;\">modelis <\/span><span style=\"font-family: Arial, sans-serif;\">ikdienas braucienie<\/span><span style=\"font-family: Arial, sans-serif;\">m.<\/span><\/span><\/span><\/p>\n","protected":false},"featured_media":1249298,"template":"","meta":{"_acf_changed":false,"ngg_post_thumbnail":0},"product_brand":[],"product_cat":[24253,24257,47,45],"product_tag":[],"class_list":{"0":"post-1249191","1":"product","2":"type-product","3":"status-publish","4":"has-post-thumbnail","6":"product_cat-letas-riepas","7":"product_cat-letas-ziemas-riepas","8":"product_cat-vissezonas-riepas","9":"product_cat-ziemas-riepas","11":"first","12":"outofstock","13":"sale","14":"taxable","15":"shipping-taxable","16":"product-type-simple"},"acf":[],"yoast_head":"<!-- This site is optimized with the Yoast SEO Premium plugin v22.6 (Yoast SEO v27.3) - https:\/\/yoast.com\/product\/yoast-seo-premium-wordpress\/ -->\n<title>205\/55R16 Tercelo Croseason 4S 91V &#8226; MMK Riepas<\/title>\n<meta name=\"robots\" content=\"index, follow, max-snippet:-1, max-image-preview:large, max-video-preview:-1\" \/>\n<link rel=\"canonical\" href=\"https:\/\/mmkriepas.lv\/en\/p\/205-55r16-tercelo-croseason-4s-91v\/\" \/>\n<meta property=\"og:locale\" content=\"en_US\" \/>\n<meta property=\"og:type\" content=\"article\" \/>\n<meta property=\"og:title\" content=\"205\/55R16 Tercelo Croseason 4S 91V\" \/>\n<meta property=\"og:description\" content=\"Tercelo Croseason 4S ir bud\u017eeta klases vissezonas riepu modelis ar 3PMSF sertifik\u0101tu. Croseason\u202f4S ir paredz\u0113ts lieto\u0161ananai visu gadu, nodro\u0161inot dro\u0161\u012bbu ne tikai vasaras, rudens vai pavasara, bet ar\u012b nelielos ziemas apst\u0101k\u013cos. Ekonomisks, dro\u0161s un kluss riepu modelis ikdienas braucieniem.\" \/>\n<meta property=\"og:url\" content=\"https:\/\/mmkriepas.lv\/en\/p\/205-55r16-tercelo-croseason-4s-91v\/\" \/>\n<meta property=\"og:site_name\" content=\"MMK Riepas\" \/>\n<meta property=\"article:publisher\" content=\"https:\/\/www.facebook.com\/mmkserviss\/\" \/>\n<meta property=\"article:modified_time\" content=\"2026-03-12T21:59:56+00:00\" \/>\n<meta property=\"og:image\" content=\"https:\/\/mmkriepas.lv\/wp-content\/uploads\/2025\/06\/20555r16-tercelo-croseason-4s-91v-ziemas-riepas.jpg\" \/>\n\t<meta property=\"og:image:width\" content=\"900\" \/>\n\t<meta property=\"og:image:height\" content=\"720\" \/>\n\t<meta property=\"og:image:type\" content=\"image\/jpeg\" \/>\n<meta name=\"twitter:card\" content=\"summary_large_image\" \/>\n<meta name=\"twitter:label1\" content=\"Price\" \/>\n\t<meta name=\"twitter:data1\" content=\"&euro;20.00\" \/>\n\t<meta name=\"twitter:label2\" content=\"Availability\" \/>\n\t<meta name=\"twitter:data2\" content=\"Out of stock\" \/>\n<script type=\"application\/ld+json\" class=\"yoast-schema-graph\">{\"@context\":\"https:\\\/\\\/schema.org\",\"@graph\":[{\"@type\":\"WebPage\",\"@id\":\"https:\\\/\\\/mmkriepas.lv\\\/en\\\/p\\\/205-55r16-tercelo-croseason-4s-91v\\\/\",\"url\":\"https:\\\/\\\/mmkriepas.lv\\\/en\\\/p\\\/205-55r16-tercelo-croseason-4s-91v\\\/\",\"name\":\"205\\\/55R16 Tercelo Croseason 4S 91V &#8226; MMK Riepas\",\"isPartOf\":{\"@id\":\"https:\\\/\\\/mmkriepas.lv\\\/en\\\/#website\"},\"primaryImageOfPage\":{\"@id\":\"https:\\\/\\\/mmkriepas.lv\\\/en\\\/p\\\/205-55r16-tercelo-croseason-4s-91v\\\/#primaryimage\"},\"image\":{\"@id\":\"https:\\\/\\\/mmkriepas.lv\\\/en\\\/p\\\/205-55r16-tercelo-croseason-4s-91v\\\/#primaryimage\"},\"thumbnailUrl\":\"https:\\\/\\\/mmkriepas.lv\\\/wp-content\\\/uploads\\\/2025\\\/06\\\/20555r16-tercelo-croseason-4s-91v-ziemas-riepas.jpg\",\"datePublished\":\"2025-06-16T15:29:21+00:00\",\"dateModified\":\"2026-03-12T21:59:56+00:00\",\"breadcrumb\":{\"@id\":\"https:\\\/\\\/mmkriepas.lv\\\/en\\\/p\\\/205-55r16-tercelo-croseason-4s-91v\\\/#breadcrumb\"},\"inLanguage\":\"en-US\",\"potentialAction\":[{\"@type\":\"ReadAction\",\"target\":[\"https:\\\/\\\/mmkriepas.lv\\\/en\\\/p\\\/205-55r16-tercelo-croseason-4s-91v\\\/\"]}]},{\"@type\":\"ImageObject\",\"inLanguage\":\"en-US\",\"@id\":\"https:\\\/\\\/mmkriepas.lv\\\/en\\\/p\\\/205-55r16-tercelo-croseason-4s-91v\\\/#primaryimage\",\"url\":\"https:\\\/\\\/mmkriepas.lv\\\/wp-content\\\/uploads\\\/2025\\\/06\\\/20555r16-tercelo-croseason-4s-91v-ziemas-riepas.jpg\",\"contentUrl\":\"https:\\\/\\\/mmkriepas.lv\\\/wp-content\\\/uploads\\\/2025\\\/06\\\/20555r16-tercelo-croseason-4s-91v-ziemas-riepas.jpg\",\"width\":900,\"height\":720,\"caption\":\"MAIN\"},{\"@type\":\"BreadcrumbList\",\"@id\":\"https:\\\/\\\/mmkriepas.lv\\\/en\\\/p\\\/205-55r16-tercelo-croseason-4s-91v\\\/#breadcrumb\",\"itemListElement\":[{\"@type\":\"ListItem\",\"position\":1,\"name\":\"S\u0101kums\",\"item\":\"https:\\\/\\\/mmkriepas.lv\\\/en\\\/\"},{\"@type\":\"ListItem\",\"position\":2,\"name\":\"205\\\/55R16 Tercelo Croseason 4S 91V\"}]},{\"@type\":\"WebSite\",\"@id\":\"https:\\\/\\\/mmkriepas.lv\\\/en\\\/#website\",\"url\":\"https:\\\/\\\/mmkriepas.lv\\\/en\\\/\",\"name\":\"MMK Riepas\",\"description\":\"MMK Riepas\",\"alternateName\":\"MMK Riepu Serviss\",\"potentialAction\":[{\"@type\":\"SearchAction\",\"target\":{\"@type\":\"EntryPoint\",\"urlTemplate\":\"https:\\\/\\\/mmkriepas.lv\\\/en\\\/?s={search_term_string}\"},\"query-input\":{\"@type\":\"PropertyValueSpecification\",\"valueRequired\":true,\"valueName\":\"search_term_string\"}}],\"inLanguage\":\"en-US\"},{\"@type\":\"ImageObject\",\"inLanguage\":\"en-US\",\"@id\":\"https:\\\/\\\/mmkriepas.lv\\\/en\\\/p\\\/205-55r16-tercelo-croseason-4s-91v\\\/#local-main-organization-logo\",\"url\":\"\",\"contentUrl\":\"\",\"caption\":\"MMK Riepas\"}]}<\/script>\n<meta property=\"product:brand\" content=\"Tercelo Croseason 4S\" \/>\n<meta property=\"product:price:amount\" content=\"20.00\" \/>\n<meta property=\"product:price:currency\" content=\"EUR\" \/>\n<meta property=\"og:availability\" content=\"out of stock\" \/>\n<meta property=\"product:availability\" content=\"out of stock\" \/>\n<meta property=\"product:retailer_item_id\" content=\"TW2055516TERCE-49143\" \/>\n<meta property=\"product:condition\" content=\"new\" \/>\n<!-- \/ Yoast SEO Premium plugin. -->","yoast_head_json":{"title":"205\/55R16 Tercelo Croseason 4S 91V &#8226; MMK Riepas","robots":{"index":"index","follow":"follow","max-snippet":"max-snippet:-1","max-image-preview":"max-image-preview:large","max-video-preview":"max-video-preview:-1"},"canonical":"https:\/\/mmkriepas.lv\/en\/p\/205-55r16-tercelo-croseason-4s-91v\/","og_locale":"en_US","og_type":"article","og_title":"205\/55R16 Tercelo Croseason 4S 91V","og_description":"Tercelo Croseason 4S ir bud\u017eeta klases vissezonas riepu modelis ar 3PMSF sertifik\u0101tu. Croseason\u202f4S ir paredz\u0113ts lieto\u0161ananai visu gadu, nodro\u0161inot dro\u0161\u012bbu ne tikai vasaras, rudens vai pavasara, bet ar\u012b nelielos ziemas apst\u0101k\u013cos. Ekonomisks, dro\u0161s un kluss riepu modelis ikdienas braucieniem.","og_url":"https:\/\/mmkriepas.lv\/en\/p\/205-55r16-tercelo-croseason-4s-91v\/","og_site_name":"MMK Riepas","article_publisher":"https:\/\/www.facebook.com\/mmkserviss\/","article_modified_time":"2026-03-12T21:59:56+00:00","og_image":[{"width":900,"height":720,"url":"https:\/\/mmkriepas.lv\/wp-content\/uploads\/2025\/06\/20555r16-tercelo-croseason-4s-91v-ziemas-riepas.jpg","type":"image\/jpeg"}],"twitter_card":"summary_large_image","twitter_misc":{"Price":"&euro;20.00","Availability":"Out of stock"},"schema":{"@context":"https:\/\/schema.org","@graph":[{"@type":"WebPage","@id":"https:\/\/mmkriepas.lv\/en\/p\/205-55r16-tercelo-croseason-4s-91v\/","url":"https:\/\/mmkriepas.lv\/en\/p\/205-55r16-tercelo-croseason-4s-91v\/","name":"205\/55R16 Tercelo Croseason 4S 91V &#8226; MMK Riepas","isPartOf":{"@id":"https:\/\/mmkriepas.lv\/en\/#website"},"primaryImageOfPage":{"@id":"https:\/\/mmkriepas.lv\/en\/p\/205-55r16-tercelo-croseason-4s-91v\/#primaryimage"},"image":{"@id":"https:\/\/mmkriepas.lv\/en\/p\/205-55r16-tercelo-croseason-4s-91v\/#primaryimage"},"thumbnailUrl":"https:\/\/mmkriepas.lv\/wp-content\/uploads\/2025\/06\/20555r16-tercelo-croseason-4s-91v-ziemas-riepas.jpg","datePublished":"2025-06-16T15:29:21+00:00","dateModified":"2026-03-12T21:59:56+00:00","breadcrumb":{"@id":"https:\/\/mmkriepas.lv\/en\/p\/205-55r16-tercelo-croseason-4s-91v\/#breadcrumb"},"inLanguage":"en-US","potentialAction":[{"@type":"ReadAction","target":["https:\/\/mmkriepas.lv\/en\/p\/205-55r16-tercelo-croseason-4s-91v\/"]}]},{"@type":"ImageObject","inLanguage":"en-US","@id":"https:\/\/mmkriepas.lv\/en\/p\/205-55r16-tercelo-croseason-4s-91v\/#primaryimage","url":"https:\/\/mmkriepas.lv\/wp-content\/uploads\/2025\/06\/20555r16-tercelo-croseason-4s-91v-ziemas-riepas.jpg","contentUrl":"https:\/\/mmkriepas.lv\/wp-content\/uploads\/2025\/06\/20555r16-tercelo-croseason-4s-91v-ziemas-riepas.jpg","width":900,"height":720,"caption":"MAIN"},{"@type":"BreadcrumbList","@id":"https:\/\/mmkriepas.lv\/en\/p\/205-55r16-tercelo-croseason-4s-91v\/#breadcrumb","itemListElement":[{"@type":"ListItem","position":1,"name":"S\u0101kums","item":"https:\/\/mmkriepas.lv\/en\/"},{"@type":"ListItem","position":2,"name":"205\/55R16 Tercelo Croseason 4S 91V"}]},{"@type":"WebSite","@id":"https:\/\/mmkriepas.lv\/en\/#website","url":"https:\/\/mmkriepas.lv\/en\/","name":"MMK Riepas","description":"MMK Riepas","alternateName":"MMK Riepu Serviss","potentialAction":[{"@type":"SearchAction","target":{"@type":"EntryPoint","urlTemplate":"https:\/\/mmkriepas.lv\/en\/?s={search_term_string}"},"query-input":{"@type":"PropertyValueSpecification","valueRequired":true,"valueName":"search_term_string"}}],"inLanguage":"en-US"},{"@type":"ImageObject","inLanguage":"en-US","@id":"https:\/\/mmkriepas.lv\/en\/p\/205-55r16-tercelo-croseason-4s-91v\/#local-main-organization-logo","url":"","contentUrl":"","caption":"MMK Riepas"}]},"product_brand":"Tercelo Croseason 4S","product_price_amount":"20.00","product_price_currency":"EUR","og_availability":"out of stock","product_availability":"out of stock","product_retailer_item_id":"TW2055516TERCE-49143","product_condition":"new"},"_links":{"self":[{"href":"https:\/\/mmkriepas.lv\/en\/wp-json\/wp\/v2\/product\/1249191","targetHints":{"allow":["GET"]}}],"collection":[{"href":"https:\/\/mmkriepas.lv\/en\/wp-json\/wp\/v2\/product"}],"about":[{"href":"https:\/\/mmkriepas.lv\/en\/wp-json\/wp\/v2\/types\/product"}],"wp:featuredmedia":[{"embeddable":true,"href":"https:\/\/mmkriepas.lv\/en\/wp-json\/wp\/v2\/media\/1249298"}],"wp:attachment":[{"href":"https:\/\/mmkriepas.lv\/en\/wp-json\/wp\/v2\/media?parent=1249191"}],"wp:term":[{"taxonomy":"product_brand","embeddable":true,"href":"https:\/\/mmkriepas.lv\/en\/wp-json\/wp\/v2\/product_brand?post=1249191"},{"taxonomy":"product_cat","embeddable":true,"href":"https:\/\/mmkriepas.lv\/en\/wp-json\/wp\/v2\/product_cat?post=1249191"},{"taxonomy":"product_tag","embeddable":true,"href":"https:\/\/mmkriepas.lv\/en\/wp-json\/wp\/v2\/product_tag?post=1249191"}],"curies":[{"name":"wp","href":"https:\/\/api.w.org\/{rel}","templated":true}]}}