{"id":1244750,"date":"2025-06-06T15:36:55","date_gmt":"2025-06-06T12:36:55","guid":{"rendered":"https:\/\/mmkriepas.lv\/?post_type=product&#038;p=1244750"},"modified":"2026-04-02T15:07:51","modified_gmt":"2026-04-02T12:07:51","slug":"235-60r18-giti-gitisynergy-h2-103t-2","status":"publish","type":"product","link":"https:\/\/mmkriepas.lv\/en\/p\/235-60r18-giti-gitisynergy-h2-103t-2\/","title":{"rendered":"235\/60R18 Giti GitiSynergy H2 103T"},"content":{"rendered":"<p><span style=\"font-family: Arial, sans-serif;\"><span><strong>Giti GitiSynergy H2<\/strong> ir \u013coti labas kvalit\u0101tes, vid\u0113j\u0101 cenu segmenta vasaras riepu modelis. Tas izce\u013cas ar sportisku dizainu un \u013coti labiem brauk\u0161anas komforta, sa\u0137eres un manevr\u0113tsp\u0113jas r\u0101d\u012bt\u0101jiem uz slapja un sausa asfalta. \u0160is riepu modelis pieejams pla\u0161\u0101 izm\u0113ru kl\u0101st\u0101 no R14 l\u012bdz R18 un paredz\u0113ts gan kompaktklases vieglajiem auto, gan apvidus auto jeb SUV.<\/span><\/span><\/p>\n<h3 class=\"western\"><span style=\"font-family: Arial, sans-serif;\"><span>Giti GitiSynergy H2 galven\u0101s \u012bpa\u0161\u012bbas<\/span><\/span><\/h3>\n<p><span style=\"font-family: Arial, sans-serif;\"><span>+ \u013boti laba sa\u0137ere un manevr\u0113tsp\u0113ja uz sausa un slapja asfalta pat lielos brauk\u0161anas \u0101trumos.<br \/>+ Zems akvaplan\u0113\u0161anas risks.<br \/>+ Palielin\u0101ta nodilumiztur\u012bba.<br \/>+ Degvielas ekonomija.<br \/>+ Izteikts akustiskais un brauk\u0161anas gaitas komforts.<\/span><\/span><\/p>\n<h3 class=\"western\"><span style=\"font-family: Arial, sans-serif;\"><span>GitiSynergy H2 apr\u012bkojums<\/span><\/span><\/h3>\n<p><span style=\"font-family: Arial, sans-serif;\"><span>Giti GitiSynergy H2 vasaras riepas apr\u012bkotas ar sportiska tipa asimetrisko protektora rakstu. \u0160\u0101ds dizains sev\u012b apvieno \u013coti labas brauk\u0161anas komforta, sa\u0137eres un manevr\u0113tsp\u0113jas \u012bpa\u0161\u012bbas uz asfalt\u0113tiem ce\u013ciem.\u00a0<\/span><\/span><\/p>\n<p><span style=\"font-family: Arial, sans-serif;\"><span>Asimetriski izvietot\u0101s protektora joslas darin\u0101tas no nodilumiztur\u012bga un elast\u012bga gumijas sakaus\u0113juma. K\u0101 zin\u0101ms, elast\u012bga riepa daudz lab\u0101k veido sa\u0137eri ar ce\u013cu, k\u0101 ar\u012b dilst vienm\u0113r\u012bg\u0101k.<\/span><\/span><\/p>\n<p><span style=\"font-family: Arial, sans-serif;\"><span>Protektora pamatn\u0113 atrodama augsti att\u012bst\u012bta dren\u0101\u017eas jeb \u016bdens novadkan\u0101lu sist\u0113ma. T\u0101 \u0101tri un efekt\u012bvi atbr\u012bvo riepu sa\u0137eres zonu ar ce\u013cu no \u016bdens, samazinot akvaplan\u0113\u0161anas risku pat lielos brauk\u0161anas \u0101trumos.<\/span><\/span><\/p>\n","protected":false},"excerpt":{"rendered":"<p><span style=\"font-family: Arial, sans-serif;\"><span>Giti GitiSynergy H2 ir \u013coti labas kvalit\u0101tes, vid\u0113j\u0101 cenu segmenta vasaras riepu modelis. Tas izce\u013cas ar sportisku dizainu un \u013coti labiem brauk\u0161anas komforta, sa\u0137eres un manevr\u0113tsp\u0113jas r\u0101d\u012bt\u0101jiem uz slapja un sausa asfalta. \u0160is riepu modelis pieejams pla\u0161\u0101 izm\u0113ru kl\u0101st\u0101 no R14 l\u012bdz R18 un paredz\u0113ts gan kompaktklases vieglajiem auto, gan apvidus auto jeb SUV.<\/span><\/span><\/p>\n","protected":false},"featured_media":884423,"template":"","meta":{"_acf_changed":false,"ngg_post_thumbnail":0},"product_brand":[],"product_cat":[46],"product_tag":[],"class_list":{"0":"post-1244750","1":"product","2":"type-product","3":"status-publish","4":"has-post-thumbnail","6":"product_cat-vasaras-riepas","8":"first","9":"instock","10":"sale","11":"taxable","12":"shipping-taxable","13":"purchasable","14":"product-type-simple"},"acf":[],"yoast_head":"<!-- This site is optimized with the Yoast SEO Premium plugin v22.6 (Yoast SEO v27.3) - https:\/\/yoast.com\/product\/yoast-seo-premium-wordpress\/ -->\n<title>235\/60R18 Giti GitiSynergy H2 103T &#8226; MMK Riepas<\/title>\n<meta name=\"robots\" content=\"index, follow, max-snippet:-1, max-image-preview:large, max-video-preview:-1\" \/>\n<link rel=\"canonical\" href=\"https:\/\/mmkriepas.lv\/en\/p\/235-60r18-giti-gitisynergy-h2-103t-2\/\" \/>\n<meta property=\"og:locale\" content=\"en_US\" \/>\n<meta property=\"og:type\" content=\"article\" \/>\n<meta property=\"og:title\" content=\"235\/60R18 Giti GitiSynergy H2 103T\" \/>\n<meta property=\"og:description\" content=\"Giti GitiSynergy H2 ir \u013coti labas kvalit\u0101tes, vid\u0113j\u0101 cenu segmenta vasaras riepu modelis. Tas izce\u013cas ar sportisku dizainu un \u013coti labiem brauk\u0161anas komforta, sa\u0137eres un manevr\u0113tsp\u0113jas r\u0101d\u012bt\u0101jiem uz slapja un sausa asfalta. \u0160is riepu modelis pieejams pla\u0161\u0101 izm\u0113ru kl\u0101st\u0101 no R14 l\u012bdz R18 un paredz\u0113ts gan kompaktklases vieglajiem auto, gan apvidus auto jeb SUV.\" \/>\n<meta property=\"og:url\" content=\"https:\/\/mmkriepas.lv\/en\/p\/235-60r18-giti-gitisynergy-h2-103t-2\/\" \/>\n<meta property=\"og:site_name\" content=\"MMK Riepas\" \/>\n<meta property=\"article:publisher\" content=\"https:\/\/www.facebook.com\/mmkserviss\/\" \/>\n<meta property=\"article:modified_time\" content=\"2026-04-02T12:07:51+00:00\" \/>\n<meta property=\"og:image\" content=\"https:\/\/mmkriepas.lv\/wp-content\/uploads\/2024\/04\/22555r17-giti-gitisynergy-h2-97v-vasaras-riepas.jpg\" \/>\n\t<meta property=\"og:image:width\" content=\"1000\" \/>\n\t<meta property=\"og:image:height\" content=\"750\" \/>\n\t<meta property=\"og:image:type\" content=\"image\/jpeg\" \/>\n<meta name=\"twitter:card\" content=\"summary_large_image\" \/>\n<meta name=\"twitter:label1\" content=\"Price\" \/>\n\t<meta name=\"twitter:data1\" content=\"&euro;109.00\" \/>\n\t<meta name=\"twitter:label2\" content=\"Availability\" \/>\n\t<meta name=\"twitter:data2\" content=\"In stock\" \/>\n<script type=\"application\/ld+json\" class=\"yoast-schema-graph\">{\"@context\":\"https:\\\/\\\/schema.org\",\"@graph\":[{\"@type\":\"WebPage\",\"@id\":\"https:\\\/\\\/mmkriepas.lv\\\/en\\\/p\\\/235-60r18-giti-gitisynergy-h2-103t-2\\\/\",\"url\":\"https:\\\/\\\/mmkriepas.lv\\\/en\\\/p\\\/235-60r18-giti-gitisynergy-h2-103t-2\\\/\",\"name\":\"235\\\/60R18 Giti GitiSynergy H2 103T &#8226; MMK Riepas\",\"isPartOf\":{\"@id\":\"https:\\\/\\\/mmkriepas.lv\\\/en\\\/#website\"},\"primaryImageOfPage\":{\"@id\":\"https:\\\/\\\/mmkriepas.lv\\\/en\\\/p\\\/235-60r18-giti-gitisynergy-h2-103t-2\\\/#primaryimage\"},\"image\":{\"@id\":\"https:\\\/\\\/mmkriepas.lv\\\/en\\\/p\\\/235-60r18-giti-gitisynergy-h2-103t-2\\\/#primaryimage\"},\"thumbnailUrl\":\"https:\\\/\\\/mmkriepas.lv\\\/wp-content\\\/uploads\\\/2024\\\/04\\\/22555r17-giti-gitisynergy-h2-97v-vasaras-riepas.jpg\",\"datePublished\":\"2025-06-06T12:36:55+00:00\",\"dateModified\":\"2026-04-02T12:07:51+00:00\",\"breadcrumb\":{\"@id\":\"https:\\\/\\\/mmkriepas.lv\\\/en\\\/p\\\/235-60r18-giti-gitisynergy-h2-103t-2\\\/#breadcrumb\"},\"inLanguage\":\"en-US\",\"potentialAction\":[{\"@type\":\"ReadAction\",\"target\":[\"https:\\\/\\\/mmkriepas.lv\\\/en\\\/p\\\/235-60r18-giti-gitisynergy-h2-103t-2\\\/\"]}]},{\"@type\":\"ImageObject\",\"inLanguage\":\"en-US\",\"@id\":\"https:\\\/\\\/mmkriepas.lv\\\/en\\\/p\\\/235-60r18-giti-gitisynergy-h2-103t-2\\\/#primaryimage\",\"url\":\"https:\\\/\\\/mmkriepas.lv\\\/wp-content\\\/uploads\\\/2024\\\/04\\\/22555r17-giti-gitisynergy-h2-97v-vasaras-riepas.jpg\",\"contentUrl\":\"https:\\\/\\\/mmkriepas.lv\\\/wp-content\\\/uploads\\\/2024\\\/04\\\/22555r17-giti-gitisynergy-h2-97v-vasaras-riepas.jpg\",\"width\":1000,\"height\":750,\"caption\":\"MAIN\"},{\"@type\":\"BreadcrumbList\",\"@id\":\"https:\\\/\\\/mmkriepas.lv\\\/en\\\/p\\\/235-60r18-giti-gitisynergy-h2-103t-2\\\/#breadcrumb\",\"itemListElement\":[{\"@type\":\"ListItem\",\"position\":1,\"name\":\"S\u0101kums\",\"item\":\"https:\\\/\\\/mmkriepas.lv\\\/en\\\/\"},{\"@type\":\"ListItem\",\"position\":2,\"name\":\"235\\\/60R18 Giti GitiSynergy H2 103T\"}]},{\"@type\":\"WebSite\",\"@id\":\"https:\\\/\\\/mmkriepas.lv\\\/en\\\/#website\",\"url\":\"https:\\\/\\\/mmkriepas.lv\\\/en\\\/\",\"name\":\"MMK Riepas\",\"description\":\"MMK Riepas\",\"alternateName\":\"MMK Riepu Serviss\",\"potentialAction\":[{\"@type\":\"SearchAction\",\"target\":{\"@type\":\"EntryPoint\",\"urlTemplate\":\"https:\\\/\\\/mmkriepas.lv\\\/en\\\/?s={search_term_string}\"},\"query-input\":{\"@type\":\"PropertyValueSpecification\",\"valueRequired\":true,\"valueName\":\"search_term_string\"}}],\"inLanguage\":\"en-US\"},{\"@type\":\"ImageObject\",\"inLanguage\":\"en-US\",\"@id\":\"https:\\\/\\\/mmkriepas.lv\\\/en\\\/p\\\/235-60r18-giti-gitisynergy-h2-103t-2\\\/#local-main-organization-logo\",\"url\":\"\",\"contentUrl\":\"\",\"caption\":\"MMK Riepas\"}]}<\/script>\n<meta property=\"product:brand\" content=\"Giti GitiSynergy H2\" \/>\n<meta property=\"product:price:amount\" content=\"109.00\" \/>\n<meta property=\"product:price:currency\" content=\"EUR\" \/>\n<meta property=\"og:availability\" content=\"instock\" \/>\n<meta property=\"product:availability\" content=\"instock\" \/>\n<meta property=\"product:retailer_item_id\" content=\"TS2356018GITI-48991\" \/>\n<meta property=\"product:condition\" content=\"new\" \/>\n<!-- \/ Yoast SEO Premium plugin. -->","yoast_head_json":{"title":"235\/60R18 Giti GitiSynergy H2 103T &#8226; MMK Riepas","robots":{"index":"index","follow":"follow","max-snippet":"max-snippet:-1","max-image-preview":"max-image-preview:large","max-video-preview":"max-video-preview:-1"},"canonical":"https:\/\/mmkriepas.lv\/en\/p\/235-60r18-giti-gitisynergy-h2-103t-2\/","og_locale":"en_US","og_type":"article","og_title":"235\/60R18 Giti GitiSynergy H2 103T","og_description":"Giti GitiSynergy H2 ir \u013coti labas kvalit\u0101tes, vid\u0113j\u0101 cenu segmenta vasaras riepu modelis. Tas izce\u013cas ar sportisku dizainu un \u013coti labiem brauk\u0161anas komforta, sa\u0137eres un manevr\u0113tsp\u0113jas r\u0101d\u012bt\u0101jiem uz slapja un sausa asfalta. \u0160is riepu modelis pieejams pla\u0161\u0101 izm\u0113ru kl\u0101st\u0101 no R14 l\u012bdz R18 un paredz\u0113ts gan kompaktklases vieglajiem auto, gan apvidus auto jeb SUV.","og_url":"https:\/\/mmkriepas.lv\/en\/p\/235-60r18-giti-gitisynergy-h2-103t-2\/","og_site_name":"MMK Riepas","article_publisher":"https:\/\/www.facebook.com\/mmkserviss\/","article_modified_time":"2026-04-02T12:07:51+00:00","og_image":[{"width":1000,"height":750,"url":"https:\/\/mmkriepas.lv\/wp-content\/uploads\/2024\/04\/22555r17-giti-gitisynergy-h2-97v-vasaras-riepas.jpg","type":"image\/jpeg"}],"twitter_card":"summary_large_image","twitter_misc":{"Price":"&euro;109.00","Availability":"In stock"},"schema":{"@context":"https:\/\/schema.org","@graph":[{"@type":"WebPage","@id":"https:\/\/mmkriepas.lv\/en\/p\/235-60r18-giti-gitisynergy-h2-103t-2\/","url":"https:\/\/mmkriepas.lv\/en\/p\/235-60r18-giti-gitisynergy-h2-103t-2\/","name":"235\/60R18 Giti GitiSynergy H2 103T &#8226; MMK Riepas","isPartOf":{"@id":"https:\/\/mmkriepas.lv\/en\/#website"},"primaryImageOfPage":{"@id":"https:\/\/mmkriepas.lv\/en\/p\/235-60r18-giti-gitisynergy-h2-103t-2\/#primaryimage"},"image":{"@id":"https:\/\/mmkriepas.lv\/en\/p\/235-60r18-giti-gitisynergy-h2-103t-2\/#primaryimage"},"thumbnailUrl":"https:\/\/mmkriepas.lv\/wp-content\/uploads\/2024\/04\/22555r17-giti-gitisynergy-h2-97v-vasaras-riepas.jpg","datePublished":"2025-06-06T12:36:55+00:00","dateModified":"2026-04-02T12:07:51+00:00","breadcrumb":{"@id":"https:\/\/mmkriepas.lv\/en\/p\/235-60r18-giti-gitisynergy-h2-103t-2\/#breadcrumb"},"inLanguage":"en-US","potentialAction":[{"@type":"ReadAction","target":["https:\/\/mmkriepas.lv\/en\/p\/235-60r18-giti-gitisynergy-h2-103t-2\/"]}]},{"@type":"ImageObject","inLanguage":"en-US","@id":"https:\/\/mmkriepas.lv\/en\/p\/235-60r18-giti-gitisynergy-h2-103t-2\/#primaryimage","url":"https:\/\/mmkriepas.lv\/wp-content\/uploads\/2024\/04\/22555r17-giti-gitisynergy-h2-97v-vasaras-riepas.jpg","contentUrl":"https:\/\/mmkriepas.lv\/wp-content\/uploads\/2024\/04\/22555r17-giti-gitisynergy-h2-97v-vasaras-riepas.jpg","width":1000,"height":750,"caption":"MAIN"},{"@type":"BreadcrumbList","@id":"https:\/\/mmkriepas.lv\/en\/p\/235-60r18-giti-gitisynergy-h2-103t-2\/#breadcrumb","itemListElement":[{"@type":"ListItem","position":1,"name":"S\u0101kums","item":"https:\/\/mmkriepas.lv\/en\/"},{"@type":"ListItem","position":2,"name":"235\/60R18 Giti GitiSynergy H2 103T"}]},{"@type":"WebSite","@id":"https:\/\/mmkriepas.lv\/en\/#website","url":"https:\/\/mmkriepas.lv\/en\/","name":"MMK Riepas","description":"MMK Riepas","alternateName":"MMK Riepu Serviss","potentialAction":[{"@type":"SearchAction","target":{"@type":"EntryPoint","urlTemplate":"https:\/\/mmkriepas.lv\/en\/?s={search_term_string}"},"query-input":{"@type":"PropertyValueSpecification","valueRequired":true,"valueName":"search_term_string"}}],"inLanguage":"en-US"},{"@type":"ImageObject","inLanguage":"en-US","@id":"https:\/\/mmkriepas.lv\/en\/p\/235-60r18-giti-gitisynergy-h2-103t-2\/#local-main-organization-logo","url":"","contentUrl":"","caption":"MMK Riepas"}]},"product_brand":"Giti GitiSynergy H2","product_price_amount":"109.00","product_price_currency":"EUR","og_availability":"instock","product_availability":"instock","product_retailer_item_id":"TS2356018GITI-48991","product_condition":"new"},"_links":{"self":[{"href":"https:\/\/mmkriepas.lv\/en\/wp-json\/wp\/v2\/product\/1244750","targetHints":{"allow":["GET"]}}],"collection":[{"href":"https:\/\/mmkriepas.lv\/en\/wp-json\/wp\/v2\/product"}],"about":[{"href":"https:\/\/mmkriepas.lv\/en\/wp-json\/wp\/v2\/types\/product"}],"wp:featuredmedia":[{"embeddable":true,"href":"https:\/\/mmkriepas.lv\/en\/wp-json\/wp\/v2\/media\/884423"}],"wp:attachment":[{"href":"https:\/\/mmkriepas.lv\/en\/wp-json\/wp\/v2\/media?parent=1244750"}],"wp:term":[{"taxonomy":"product_brand","embeddable":true,"href":"https:\/\/mmkriepas.lv\/en\/wp-json\/wp\/v2\/product_brand?post=1244750"},{"taxonomy":"product_cat","embeddable":true,"href":"https:\/\/mmkriepas.lv\/en\/wp-json\/wp\/v2\/product_cat?post=1244750"},{"taxonomy":"product_tag","embeddable":true,"href":"https:\/\/mmkriepas.lv\/en\/wp-json\/wp\/v2\/product_tag?post=1244750"}],"curies":[{"name":"wp","href":"https:\/\/api.w.org\/{rel}","templated":true}]}}