{"id":1235707,"date":"2025-05-21T14:55:33","date_gmt":"2025-05-21T11:55:33","guid":{"rendered":"https:\/\/mmkriepas.lv\/?post_type=product&#038;p=1235707"},"modified":"2026-03-30T14:42:24","modified_gmt":"2026-03-30T11:42:24","slug":"265-50r19-hankook-winter-icept-x-rw10-106t-rp","status":"publish","type":"product","link":"https:\/\/mmkriepas.lv\/en\/p\/265-50r19-hankook-winter-icept-x-rw10-106t-rp\/","title":{"rendered":"265\/50R19 Hankook Winter i*cept X RW10 106T RP"},"content":{"rendered":"<p style=\"margin: 12.0pt 0cm 12.0pt 0cm;\"><b><span style=\"font-size: 11.0pt; font-family: 'Arial',sans-serif; color: black;\">Hankook Winter i*cept X RW10 <\/span><\/b><span style=\"font-size: 11.0pt; font-family: 'Arial',sans-serif; color: black;\">ir vid\u0113j\u0101s klases jeb teicamas kvalit\u0101tes Skandin\u0101vijas tipa, m\u012bkst\u0101 sast\u0101va ziemas riepu modelis. Tas izce\u013cas ar teicamiem sa\u0137eres r\u0101d\u012bt\u0101jiem gan uz asfalta, gan snieg\u0101 un pat uz ledus, k\u0101 ar\u012b ar augstu nodilumiztur\u012bbu. \u0160is riepu modelis paredz\u0113ts krosoveriem un apvidus automa\u0161\u012bn\u0101m jeb SUV.<\/span><o:p><\/o:p><\/p>\n<h3 style=\"margin: 14.0pt 0cm 4.0pt 0cm;\"><span style=\"font-size: 13.0pt; font-family: 'Arial',sans-serif; color: black;\">Hankook Winter i*cept X RW10 galven\u0101s iez\u012bmes<\/span><o:p><\/o:p><\/h3>\n<p style=\"margin: 12.0pt 0cm 12.0pt 0cm;\"><span style=\"font-size: 11.0pt; font-family: 'Arial',sans-serif; color: black;\">+ Teicami sa\u0137eres un manevr\u0113tsp\u0113jas r\u0101d\u012bt\u0101ji gan uz asfalta, gan snieg\u0101 un pat uz ledus.<\/span><o:p><\/o:p><\/p>\n<p style=\"margin: 12.0pt 0cm 12.0pt 0cm;\"><span style=\"font-size: 11.0pt; font-family: 'Arial',sans-serif; color: black;\">+ Uzlabots riepu gumijas sast\u0101vs un protektora raksts.<\/span><o:p><\/o:p><\/p>\n<p style=\"margin: 12.0pt 0cm 12.0pt 0cm;\"><span style=\"font-size: 11.0pt; font-family: 'Arial',sans-serif; color: black;\">+ Zems akvaplan\u0113\u0161anas risks.<\/span><o:p><\/o:p><\/p>\n<p style=\"margin: 12.0pt 0cm 12.0pt 0cm;\"><span style=\"font-size: 11.0pt; font-family: 'Arial',sans-serif; color: black;\">+ Palielin\u0101ta nodilumiztur\u012bba, neskatoties uz \u012bpa\u0161i m\u012bksto gumijas sast\u0101vu.<\/span><o:p><\/o:p><\/p>\n<p style=\"margin: 12.0pt 0cm 12.0pt 0cm;\"><span style=\"font-size: 11.0pt; font-family: 'Arial',sans-serif; color: black;\">+ Izteikts akustiskais un brauk\u0161anas gaitas komforts.<\/span><o:p><\/o:p><\/p>\n<h3 style=\"margin: 14.0pt 0cm 4.0pt 0cm;\"><span style=\"font-size: 13.0pt; font-family: 'Arial',sans-serif; color: black;\">RW10 apr\u012bkojums<\/span><o:p><\/o:p><\/h3>\n<p style=\"margin: 12.0pt 0cm 12.0pt 0cm;\"><b><span style=\"font-size: 11.0pt; font-family: 'Arial',sans-serif; color: black;\">Hankook Winter i*cept X RW10 <\/span><\/b><span style=\"font-size: 11.0pt; font-family: 'Arial',sans-serif; color: black;\">Skandin\u0101vijas tipa jeb m\u012bkst\u0101 sast\u0101va ziemas riepu modelis apr\u012bkots ar agres\u012bvu virzienveida protektora rakstu. \u0160\u0101ds diazins izv\u0113l\u0113ts, lai uzlabotu veiktsp\u0113ju pat dzi\u013c\u0101 snieg\u0101 un slapjdra\u0146\u0137\u012b. Savuk\u0101rt, as\u0101s s\u0101nu kantes nodro\u0161ina teicamu manevr\u0113tsp\u0113ju pat lielos brauk\u0161anas \u0101trumos.<\/span><o:p><\/o:p><\/p>\n<p style=\"margin: 12.0pt 0cm 12.0pt 0cm;\"><span style=\"font-size: 11.0pt; font-family: 'Arial',sans-serif; color: black;\">Mas\u012bvie, simetriski izvietotie protektora bloki &#8220;bru\u0146oti&#8221; ar t\u016bksto\u0161iem lame\u013cu. T\u0101s, darbojoties l\u012bdz\u012bgi radz\u0113m, ar as\u0101m kant\u0113m iec\u0113rtas led\u016b un sabliet\u0113t\u0101 snieg\u0101, ar slidenaj\u0101m virsm\u0101m veidojot cie\u0161u sa\u0137eri. Turkl\u0101t, riepu gumijas sast\u0101vs speci\u0101li veidots, lai uzlabotu sa\u0137eri skarbos ziemas apst\u0101k\u013cos. Tam pievienotie elastrom\u0113ri \u013cauj riepai saglab\u0101t elast\u012bbu pat \u013coti zem\u0101s gaisa temperat\u016br\u0101s. K\u0101 zin\u0101ms, elast\u012bga riepa daudz lab\u0101k veido sa\u0137eri ar ce\u013cu, k\u0101 ar\u012b dilst vienm\u0113r\u012bg\u0101k. <\/span><\/p>\n","protected":false},"excerpt":{"rendered":"<p><b><span style=\"font-size: 11.0pt; font-family: 'Arial',sans-serif; color: black;\">Hankook Winter i*cept X RW10 <\/span><\/b><span style=\"font-size: 11.0pt; font-family: 'Arial',sans-serif; color: black;\">ir vid\u0113j\u0101s klases jeb teicamas kvalit\u0101tes Skandin\u0101vijas tipa, m\u012bkst\u0101 sast\u0101va ziemas riepu modelis. Tas izce\u013cas ar teicamiem sa\u0137eres r\u0101d\u012bt\u0101jiem gan uz asfalta, gan snieg\u0101 un pat uz ledus, k\u0101 ar\u012b ar augstu nodilumiztur\u012bbu. \u0160is riepu modelis paredz\u0113ts krosoveriem un apvidus automa\u0161\u012bn\u0101m jeb SUV.<\/span><\/p>\n","protected":false},"featured_media":915345,"template":"","meta":{"_acf_changed":false,"ngg_post_thumbnail":0},"product_brand":[],"product_cat":[47,45],"product_tag":[],"class_list":{"0":"post-1235707","1":"product","2":"type-product","3":"status-publish","4":"has-post-thumbnail","6":"product_cat-vissezonas-riepas","7":"product_cat-ziemas-riepas","9":"first","10":"instock","11":"sale","12":"taxable","13":"shipping-taxable","14":"purchasable","15":"product-type-simple"},"acf":[],"yoast_head":"<!-- This site is optimized with the Yoast SEO Premium plugin v22.6 (Yoast SEO v27.3) - https:\/\/yoast.com\/product\/yoast-seo-premium-wordpress\/ -->\n<title>265\/50R19 Hankook Winter i*cept X RW10 106T RP &#8226; MMK Riepas<\/title>\n<meta name=\"robots\" content=\"index, follow, max-snippet:-1, max-image-preview:large, max-video-preview:-1\" \/>\n<link rel=\"canonical\" href=\"https:\/\/mmkriepas.lv\/en\/p\/265-50r19-hankook-winter-icept-x-rw10-106t-rp\/\" \/>\n<meta property=\"og:locale\" content=\"en_US\" \/>\n<meta property=\"og:type\" content=\"article\" \/>\n<meta property=\"og:title\" content=\"265\/50R19 Hankook Winter i*cept X RW10 106T RP\" \/>\n<meta property=\"og:description\" content=\"Hankook Winter i*cept X RW10 ir vid\u0113j\u0101s klases jeb teicamas kvalit\u0101tes Skandin\u0101vijas tipa, m\u012bkst\u0101 sast\u0101va ziemas riepu modelis. Tas izce\u013cas ar teicamiem sa\u0137eres r\u0101d\u012bt\u0101jiem gan uz asfalta, gan snieg\u0101 un pat uz ledus, k\u0101 ar\u012b ar augstu nodilumiztur\u012bbu. \u0160is riepu modelis paredz\u0113ts krosoveriem un apvidus automa\u0161\u012bn\u0101m jeb SUV.\" \/>\n<meta property=\"og:url\" content=\"https:\/\/mmkriepas.lv\/en\/p\/265-50r19-hankook-winter-icept-x-rw10-106t-rp\/\" \/>\n<meta property=\"og:site_name\" content=\"MMK Riepas\" \/>\n<meta property=\"article:publisher\" content=\"https:\/\/www.facebook.com\/mmkserviss\/\" \/>\n<meta property=\"article:modified_time\" content=\"2026-03-30T11:42:24+00:00\" \/>\n<meta property=\"og:image\" content=\"https:\/\/mmkriepas.lv\/wp-content\/uploads\/2024\/06\/hankook-winter-i-cept-x-rw10.jpg\" \/>\n\t<meta property=\"og:image:width\" content=\"900\" \/>\n\t<meta property=\"og:image:height\" content=\"720\" \/>\n\t<meta property=\"og:image:type\" content=\"image\/jpeg\" \/>\n<meta name=\"twitter:card\" content=\"summary_large_image\" \/>\n<meta name=\"twitter:label1\" content=\"Price\" \/>\n\t<meta name=\"twitter:data1\" content=\"&euro;186.00\" \/>\n\t<meta name=\"twitter:label2\" content=\"Availability\" \/>\n\t<meta name=\"twitter:data2\" content=\"In stock\" \/>\n<script type=\"application\/ld+json\" class=\"yoast-schema-graph\">{\"@context\":\"https:\\\/\\\/schema.org\",\"@graph\":[{\"@type\":\"WebPage\",\"@id\":\"https:\\\/\\\/mmkriepas.lv\\\/en\\\/p\\\/265-50r19-hankook-winter-icept-x-rw10-106t-rp\\\/\",\"url\":\"https:\\\/\\\/mmkriepas.lv\\\/en\\\/p\\\/265-50r19-hankook-winter-icept-x-rw10-106t-rp\\\/\",\"name\":\"265\\\/50R19 Hankook Winter i*cept X RW10 106T RP &#8226; MMK Riepas\",\"isPartOf\":{\"@id\":\"https:\\\/\\\/mmkriepas.lv\\\/en\\\/#website\"},\"primaryImageOfPage\":{\"@id\":\"https:\\\/\\\/mmkriepas.lv\\\/en\\\/p\\\/265-50r19-hankook-winter-icept-x-rw10-106t-rp\\\/#primaryimage\"},\"image\":{\"@id\":\"https:\\\/\\\/mmkriepas.lv\\\/en\\\/p\\\/265-50r19-hankook-winter-icept-x-rw10-106t-rp\\\/#primaryimage\"},\"thumbnailUrl\":\"https:\\\/\\\/mmkriepas.lv\\\/wp-content\\\/uploads\\\/2024\\\/06\\\/hankook-winter-i-cept-x-rw10.jpg\",\"datePublished\":\"2025-05-21T11:55:33+00:00\",\"dateModified\":\"2026-03-30T11:42:24+00:00\",\"breadcrumb\":{\"@id\":\"https:\\\/\\\/mmkriepas.lv\\\/en\\\/p\\\/265-50r19-hankook-winter-icept-x-rw10-106t-rp\\\/#breadcrumb\"},\"inLanguage\":\"en-US\",\"potentialAction\":[{\"@type\":\"ReadAction\",\"target\":[\"https:\\\/\\\/mmkriepas.lv\\\/en\\\/p\\\/265-50r19-hankook-winter-icept-x-rw10-106t-rp\\\/\"]}]},{\"@type\":\"ImageObject\",\"inLanguage\":\"en-US\",\"@id\":\"https:\\\/\\\/mmkriepas.lv\\\/en\\\/p\\\/265-50r19-hankook-winter-icept-x-rw10-106t-rp\\\/#primaryimage\",\"url\":\"https:\\\/\\\/mmkriepas.lv\\\/wp-content\\\/uploads\\\/2024\\\/06\\\/hankook-winter-i-cept-x-rw10.jpg\",\"contentUrl\":\"https:\\\/\\\/mmkriepas.lv\\\/wp-content\\\/uploads\\\/2024\\\/06\\\/hankook-winter-i-cept-x-rw10.jpg\",\"width\":900,\"height\":720,\"caption\":\"MAIN\"},{\"@type\":\"BreadcrumbList\",\"@id\":\"https:\\\/\\\/mmkriepas.lv\\\/en\\\/p\\\/265-50r19-hankook-winter-icept-x-rw10-106t-rp\\\/#breadcrumb\",\"itemListElement\":[{\"@type\":\"ListItem\",\"position\":1,\"name\":\"S\u0101kums\",\"item\":\"https:\\\/\\\/mmkriepas.lv\\\/en\\\/\"},{\"@type\":\"ListItem\",\"position\":2,\"name\":\"265\\\/50R19 Hankook Winter i*cept X RW10 106T RP\"}]},{\"@type\":\"WebSite\",\"@id\":\"https:\\\/\\\/mmkriepas.lv\\\/en\\\/#website\",\"url\":\"https:\\\/\\\/mmkriepas.lv\\\/en\\\/\",\"name\":\"MMK Riepas\",\"description\":\"MMK Riepas\",\"alternateName\":\"MMK Riepu Serviss\",\"potentialAction\":[{\"@type\":\"SearchAction\",\"target\":{\"@type\":\"EntryPoint\",\"urlTemplate\":\"https:\\\/\\\/mmkriepas.lv\\\/en\\\/?s={search_term_string}\"},\"query-input\":{\"@type\":\"PropertyValueSpecification\",\"valueRequired\":true,\"valueName\":\"search_term_string\"}}],\"inLanguage\":\"en-US\"},{\"@type\":\"ImageObject\",\"inLanguage\":\"en-US\",\"@id\":\"https:\\\/\\\/mmkriepas.lv\\\/en\\\/p\\\/265-50r19-hankook-winter-icept-x-rw10-106t-rp\\\/#local-main-organization-logo\",\"url\":\"\",\"contentUrl\":\"\",\"caption\":\"MMK Riepas\"}]}<\/script>\n<meta property=\"product:brand\" content=\"Hankook Winter i*cept X RW10\" \/>\n<meta property=\"product:price:amount\" content=\"186.00\" \/>\n<meta property=\"product:price:currency\" content=\"EUR\" \/>\n<meta property=\"og:availability\" content=\"instock\" \/>\n<meta property=\"product:availability\" content=\"instock\" \/>\n<meta property=\"product:retailer_item_id\" content=\"TW2655019Hanko-E48339\" \/>\n<meta property=\"product:condition\" content=\"new\" \/>\n<!-- \/ Yoast SEO Premium plugin. -->","yoast_head_json":{"title":"265\/50R19 Hankook Winter i*cept X RW10 106T RP &#8226; MMK Riepas","robots":{"index":"index","follow":"follow","max-snippet":"max-snippet:-1","max-image-preview":"max-image-preview:large","max-video-preview":"max-video-preview:-1"},"canonical":"https:\/\/mmkriepas.lv\/en\/p\/265-50r19-hankook-winter-icept-x-rw10-106t-rp\/","og_locale":"en_US","og_type":"article","og_title":"265\/50R19 Hankook Winter i*cept X RW10 106T RP","og_description":"Hankook Winter i*cept X RW10 ir vid\u0113j\u0101s klases jeb teicamas kvalit\u0101tes Skandin\u0101vijas tipa, m\u012bkst\u0101 sast\u0101va ziemas riepu modelis. Tas izce\u013cas ar teicamiem sa\u0137eres r\u0101d\u012bt\u0101jiem gan uz asfalta, gan snieg\u0101 un pat uz ledus, k\u0101 ar\u012b ar augstu nodilumiztur\u012bbu. \u0160is riepu modelis paredz\u0113ts krosoveriem un apvidus automa\u0161\u012bn\u0101m jeb SUV.","og_url":"https:\/\/mmkriepas.lv\/en\/p\/265-50r19-hankook-winter-icept-x-rw10-106t-rp\/","og_site_name":"MMK Riepas","article_publisher":"https:\/\/www.facebook.com\/mmkserviss\/","article_modified_time":"2026-03-30T11:42:24+00:00","og_image":[{"width":900,"height":720,"url":"https:\/\/mmkriepas.lv\/wp-content\/uploads\/2024\/06\/hankook-winter-i-cept-x-rw10.jpg","type":"image\/jpeg"}],"twitter_card":"summary_large_image","twitter_misc":{"Price":"&euro;186.00","Availability":"In stock"},"schema":{"@context":"https:\/\/schema.org","@graph":[{"@type":"WebPage","@id":"https:\/\/mmkriepas.lv\/en\/p\/265-50r19-hankook-winter-icept-x-rw10-106t-rp\/","url":"https:\/\/mmkriepas.lv\/en\/p\/265-50r19-hankook-winter-icept-x-rw10-106t-rp\/","name":"265\/50R19 Hankook Winter i*cept X RW10 106T RP &#8226; MMK Riepas","isPartOf":{"@id":"https:\/\/mmkriepas.lv\/en\/#website"},"primaryImageOfPage":{"@id":"https:\/\/mmkriepas.lv\/en\/p\/265-50r19-hankook-winter-icept-x-rw10-106t-rp\/#primaryimage"},"image":{"@id":"https:\/\/mmkriepas.lv\/en\/p\/265-50r19-hankook-winter-icept-x-rw10-106t-rp\/#primaryimage"},"thumbnailUrl":"https:\/\/mmkriepas.lv\/wp-content\/uploads\/2024\/06\/hankook-winter-i-cept-x-rw10.jpg","datePublished":"2025-05-21T11:55:33+00:00","dateModified":"2026-03-30T11:42:24+00:00","breadcrumb":{"@id":"https:\/\/mmkriepas.lv\/en\/p\/265-50r19-hankook-winter-icept-x-rw10-106t-rp\/#breadcrumb"},"inLanguage":"en-US","potentialAction":[{"@type":"ReadAction","target":["https:\/\/mmkriepas.lv\/en\/p\/265-50r19-hankook-winter-icept-x-rw10-106t-rp\/"]}]},{"@type":"ImageObject","inLanguage":"en-US","@id":"https:\/\/mmkriepas.lv\/en\/p\/265-50r19-hankook-winter-icept-x-rw10-106t-rp\/#primaryimage","url":"https:\/\/mmkriepas.lv\/wp-content\/uploads\/2024\/06\/hankook-winter-i-cept-x-rw10.jpg","contentUrl":"https:\/\/mmkriepas.lv\/wp-content\/uploads\/2024\/06\/hankook-winter-i-cept-x-rw10.jpg","width":900,"height":720,"caption":"MAIN"},{"@type":"BreadcrumbList","@id":"https:\/\/mmkriepas.lv\/en\/p\/265-50r19-hankook-winter-icept-x-rw10-106t-rp\/#breadcrumb","itemListElement":[{"@type":"ListItem","position":1,"name":"S\u0101kums","item":"https:\/\/mmkriepas.lv\/en\/"},{"@type":"ListItem","position":2,"name":"265\/50R19 Hankook Winter i*cept X RW10 106T RP"}]},{"@type":"WebSite","@id":"https:\/\/mmkriepas.lv\/en\/#website","url":"https:\/\/mmkriepas.lv\/en\/","name":"MMK Riepas","description":"MMK Riepas","alternateName":"MMK Riepu Serviss","potentialAction":[{"@type":"SearchAction","target":{"@type":"EntryPoint","urlTemplate":"https:\/\/mmkriepas.lv\/en\/?s={search_term_string}"},"query-input":{"@type":"PropertyValueSpecification","valueRequired":true,"valueName":"search_term_string"}}],"inLanguage":"en-US"},{"@type":"ImageObject","inLanguage":"en-US","@id":"https:\/\/mmkriepas.lv\/en\/p\/265-50r19-hankook-winter-icept-x-rw10-106t-rp\/#local-main-organization-logo","url":"","contentUrl":"","caption":"MMK Riepas"}]},"product_brand":"Hankook Winter i*cept X RW10","product_price_amount":"186.00","product_price_currency":"EUR","og_availability":"instock","product_availability":"instock","product_retailer_item_id":"TW2655019Hanko-E48339","product_condition":"new"},"_links":{"self":[{"href":"https:\/\/mmkriepas.lv\/en\/wp-json\/wp\/v2\/product\/1235707","targetHints":{"allow":["GET"]}}],"collection":[{"href":"https:\/\/mmkriepas.lv\/en\/wp-json\/wp\/v2\/product"}],"about":[{"href":"https:\/\/mmkriepas.lv\/en\/wp-json\/wp\/v2\/types\/product"}],"wp:featuredmedia":[{"embeddable":true,"href":"https:\/\/mmkriepas.lv\/en\/wp-json\/wp\/v2\/media\/915345"}],"wp:attachment":[{"href":"https:\/\/mmkriepas.lv\/en\/wp-json\/wp\/v2\/media?parent=1235707"}],"wp:term":[{"taxonomy":"product_brand","embeddable":true,"href":"https:\/\/mmkriepas.lv\/en\/wp-json\/wp\/v2\/product_brand?post=1235707"},{"taxonomy":"product_cat","embeddable":true,"href":"https:\/\/mmkriepas.lv\/en\/wp-json\/wp\/v2\/product_cat?post=1235707"},{"taxonomy":"product_tag","embeddable":true,"href":"https:\/\/mmkriepas.lv\/en\/wp-json\/wp\/v2\/product_tag?post=1235707"}],"curies":[{"name":"wp","href":"https:\/\/api.w.org\/{rel}","templated":true}]}}