{"id":123464,"date":"2020-05-03T13:35:37","date_gmt":"2020-05-03T10:35:37","guid":{"rendered":"https:\/\/mmkserviss.lv\/?post_type=product&#038;p=123464"},"modified":"2026-04-03T19:33:23","modified_gmt":"2026-04-03T16:33:23","slug":"style-vossen-replika-bmw-r20-5x120-grafits","status":"publish","type":"product","link":"https:\/\/mmkriepas.lv\/en\/p\/style-vossen-replika-bmw-r20-5x120-grafits\/","title":{"rendered":"Style Vossen Replika CVT R20 5X120 (Graf\u012bts)"},"content":{"rendered":"<h3>Jauni diski \u2013 jauns izskats, laba invest\u012bcija un paaugstin\u0101ta v\u0113rt\u012bba.\u00a0<\/h3>\n<p>Par lielisk\u0101m cen\u0101m un liel\u0101 izv\u0113l\u0113 riepas un diski. Diski teju visa veida automa\u0161\u012bn\u0101m uz vietas, konsult\u0113sim, piem\u0113r\u012bsim diskus un riepas p\u0113c j\u016bsu gaumes.<\/p>\n<p>Pie mums atrad\u012bsi diskus vis\u0101m popul\u0101r\u0101kaj\u0101m automa\u0161\u012bn\u0101m \u2013 BMW, VW, AUDI, \u0160KODA, MERCEDES, VOLVO, LAND ROVER, LEXUS, TOYOTA, FORD, OPEL, NISSAN, SEAT, JEEP, SAAB, KIA, RENAULT u. c.<\/p>\n<p>Jaunu disku uzst\u0101d\u012b\u0161ana savam sp\u0113kratam nodro\u0161in\u0101s ne tikai atsvaidzino\u0161u, pat\u012bkamu uzlabojumu t\u0101 \u0101r\u0113j\u0101 izskat\u0101, bet ar\u012b paaugstina t\u0101 v\u0113rt\u012bbu. Diski ir automob\u012b\u013ca rito\u0161\u0101s da\u013cas sast\u0101vda\u013ca, svar\u012bga konstrukt\u012bva sist\u0113ma, kas nodro\u0161ina stabilit\u0101ti un dinamiskumu.<\/p>\n<p><strong>Jaunumi: Diski un riepas l\u012bzing\u0101 tikai 20 min\u016b\u0161u laik\u0101.<\/strong> \u00a0 \u00a0 \u00a0Neatliec savu v\u0113lmju \u012bsteno\u0161anu uz v\u0113l\u0101ku laiku. Ja v\u0113lies jaunus diskus, bet nav iesp\u0113ja samaks\u0101t uzreiz \u2013 t\u0101 vairs nav probl\u0113ma. P\u0113rc jaunus diskus uzreiz, bet maks\u0101 v\u0113l\u0101k. MMK n\u0101k soli pret\u012b saviem klientiem un ar 2020.gadu nodro\u0161in\u0101m disku un riepu ieg\u0101di ar\u012b l\u012bzing\u0101 \u2013 abos MMK riepu centros R\u012bg\u0101. Ja disku un riepu ieg\u0101de l\u012bzing\u0101 izmaks\u0101 tikai no 20 Eur m\u0113nes\u012b, tad tas ir pieejams gandr\u012bz jebkuram. Turkl\u0101t, l\u012bzinga noform\u0113\u0161ana aiz\u0146ems tikai 20 min\u016btes.<\/p>\n<p><strong>P\u0113rkot diskus kop\u0101 ar riep\u0101m mont\u0101\u017eu veicam bez maksas.<\/strong><\/p>\n<p>V\u0113l viens izdev\u012bgs jaunums m\u016bsu klientiem \u2013 p\u0113rkot disku komplektu kop\u0101 ar jaun\u0101m riep\u0101m, mont\u0101\u017eas darbus veicam bez maksas. Tas \u013cauj ne tikai ietaup\u012bt naudu, bet ar\u012b g\u016bt p\u0101rliec\u012bbu, ka j\u016bs b\u016bsiet ieguvu\u0161i piem\u0113rot\u0101k\u0101s riepas, pareiz\u0101 izm\u0113r\u0101 un atbilsto\u0161i j\u016bsu vajadz\u012bb\u0101m.<\/p>\n<p>Turkl\u0101t gan riep\u0101m, gan diskiem un mont\u0101\u017eai b\u016bs garantija. J\u016bsu vecie diski un riepas var b\u016bt k\u0101 iemaksa p\u0113rkot jaunus diskus un riepas.<\/p>\n<p>\u0160\u012b ir nebijusi opcija. T\u0101 dod iesp\u0113ju ieg\u0101d\u0101ties jaunus diskus un riepas un m\u0113s atp\u0113rkam j\u016bsu vecos diskus. Tas noz\u012bm\u0113, ka j\u016bsu v\u0113lmju realiz\u0101cija k\u013c\u016bst v\u0113l pieejam\u0101ka. Kas var b\u016bt v\u0113l vienk\u0101r\u0161\u0101ks? . J\u016bs atbraucat pie mums, izv\u0113laties jaunus diskus un riepas, m\u0113s nov\u0113rt\u0113jam j\u016bsu vecos rite\u0146us, vienojamies par to cenu un nor\u0113\u0137in\u0101m nost no jauno disku cenas. Turkl\u0101t visu summu varam nofom\u0113t l\u012bzing\u0101. \u013boti izdev\u012bgi un bez liek\u0101m probl\u0113m\u0101m.<\/p>\n<p>Dro\u0161i brauc pie mums \u2013 m\u0113s pal\u012bdz\u0113sim uzlabot j\u016bsu auto izskatu pied\u0101v\u0101jot labu apmaksas risin\u0101jumu.<\/p>\n<p><strong>Pie mums Mmk visi ar auto riep\u0101m un diskiem saist\u012btie jaut\u0101jumi no A l\u012bdz Z. Ar 100% garantiju.<\/strong><\/p>\n<p>\u2013 for\u0161u p\u0101rdev\u0113ju un meistaru izpild\u012bjum\u0101<br \/>\u2013 profesion\u0101las un laipnas konsult\u0101cijas<br \/>\u2013 pie mums pieejami daudz un da\u017e\u0101di vieglmet\u0101la diski uz vietas<br \/>\u2013 \u013coti liela riepu izv\u0113le uz vietas abos MMK riepu centros un noliktav\u0101s<br \/>\u2013 kvalitat\u012bva riepu mont\u0101\u017eas darbi uz vietas (vid\u0113ji 30 min\u016b\u0161u laik\u0101) Dro\u0161i pierakstieties uz savu laiku<br \/>\u2013 paveiksim darbus noteiktaj\u0101 laik\u0101 \u0101tri un prec\u012bzi.<br \/>\u2013 pieejamas skr\u016bves, uzgrie\u017e\u0146i, starplikas jeb flan\u010di, centr\u0113jo\u0161ie gredzeni uz vietas<br \/>\u2013 operat\u012bvs disku remonts, taisno\u0161ana, metin\u0101\u0161ana s\u0101kot no 1 h<br \/>\u2013 l\u012bzings jeb atliktais maks\u0101jums 20 min\u016b\u0161u laik\u0101 (\u013coti izdev\u012bgi nosac\u012bjumi)<br \/>\u2013 pieg\u0101de vis\u0101 Latvij\u0101 24h laik\u0101 (R\u012bg\u0101, J\u016brmal\u0101 un Jelgav\u0101 taj\u0101 pa\u0161\u0101 dien\u0101) Pieg\u0101de bez maksas.<br \/>\u2013 viegli atbraukt pie mums. Liela un \u0113rta st\u0101vvieta (tie\u0161i pie R\u012bga Plaza un net\u0101lu Me\u017eciem\u0101 800m no Ikea)<br \/>\u2013 pieejama riepu glab\u0101\u0161ana vai veco riepu izme\u0161ana (utiliz\u0101cija)<br \/>\u2013 \u0113rta uzgaid\u0101m\u0101 telpa. Pieejama kafija vai t\u0113ja.<br \/>\u2013 pieejami jauni riepu maisi uz vietas.<\/p>\n","protected":false},"excerpt":{"rendered":"<p>Jauni diski \u2013 jauns izskats, laba invest\u012bcija un paaugstin\u0101ta v\u0113rt\u012bba.\u00a0 Par lielisk\u0101m cen\u0101m un liel\u0101 izv\u0113l\u0113 riepas un diski. Diski teju visa veida automa\u0161\u012bn\u0101m uz vietas, konsult\u0113sim, piem\u0113r\u012bsim diskus un<\/p>\n","protected":false},"featured_media":234394,"template":"","meta":{"_acf_changed":false,"ngg_post_thumbnail":0},"product_brand":[],"product_cat":[21829,18914,23307,21833],"product_tag":[],"class_list":{"0":"post-123464","1":"product","2":"type-product","3":"status-publish","4":"has-post-thumbnail","6":"product_cat-bmw","7":"product_cat-diski","8":"product_cat-r20","9":"product_cat-vossen","11":"first","12":"outofstock","13":"sale","14":"taxable","15":"shipping-taxable","16":"product-type-simple"},"acf":[],"yoast_head":"<!-- This site is optimized with the Yoast SEO Premium plugin v22.6 (Yoast SEO v27.3) - https:\/\/yoast.com\/product\/yoast-seo-premium-wordpress\/ -->\n<title>Style Vossen Replika CVT R20 5X120 (Graf\u012bts) &#8226; MMK Riepas<\/title>\n<meta name=\"robots\" content=\"index, follow, max-snippet:-1, max-image-preview:large, max-video-preview:-1\" \/>\n<link rel=\"canonical\" href=\"https:\/\/mmkriepas.lv\/en\/p\/style-vossen-replika-bmw-r20-5x120-grafits\/\" \/>\n<meta property=\"og:locale\" content=\"en_US\" \/>\n<meta property=\"og:type\" content=\"article\" \/>\n<meta property=\"og:title\" content=\"Style Vossen Replika CVT R20 5X120 (Graf\u012bts)\" \/>\n<meta property=\"og:description\" content=\"Jauni diski \u2013 jauns izskats, laba invest\u012bcija un paaugstin\u0101ta v\u0113rt\u012bba.\u00a0 Par lielisk\u0101m cen\u0101m un liel\u0101 izv\u0113l\u0113 riepas un diski. Diski teju visa veida automa\u0161\u012bn\u0101m uz vietas, konsult\u0113sim, piem\u0113r\u012bsim diskus un\" \/>\n<meta property=\"og:url\" content=\"https:\/\/mmkriepas.lv\/en\/p\/style-vossen-replika-bmw-r20-5x120-grafits\/\" \/>\n<meta property=\"og:site_name\" content=\"MMK Riepas\" \/>\n<meta property=\"article:publisher\" content=\"https:\/\/www.facebook.com\/mmkserviss\/\" \/>\n<meta property=\"article:modified_time\" content=\"2026-04-03T16:33:23+00:00\" \/>\n<meta property=\"og:image\" content=\"https:\/\/mmkriepas.lv\/wp-content\/uploads\/2022\/06\/style-vossen-replika-cvt-r18-5x112-grafits.jpg\" \/>\n\t<meta property=\"og:image:width\" content=\"1920\" \/>\n\t<meta property=\"og:image:height\" content=\"1278\" \/>\n\t<meta property=\"og:image:type\" content=\"image\/jpeg\" \/>\n<meta name=\"twitter:card\" content=\"summary_large_image\" \/>\n<meta name=\"twitter:label1\" content=\"Price\" \/>\n\t<meta name=\"twitter:data1\" content=\"&euro;226.00\" \/>\n\t<meta name=\"twitter:label2\" content=\"Availability\" \/>\n\t<meta name=\"twitter:data2\" content=\"Out of stock\" \/>\n<script type=\"application\/ld+json\" class=\"yoast-schema-graph\">{\"@context\":\"https:\\\/\\\/schema.org\",\"@graph\":[{\"@type\":\"WebPage\",\"@id\":\"https:\\\/\\\/mmkriepas.lv\\\/en\\\/p\\\/style-vossen-replika-bmw-r20-5x120-grafits\\\/\",\"url\":\"https:\\\/\\\/mmkriepas.lv\\\/en\\\/p\\\/style-vossen-replika-bmw-r20-5x120-grafits\\\/\",\"name\":\"Style Vossen Replika CVT R20 5X120 (Graf\u012bts) &#8226; MMK Riepas\",\"isPartOf\":{\"@id\":\"https:\\\/\\\/mmkriepas.lv\\\/en\\\/#website\"},\"primaryImageOfPage\":{\"@id\":\"https:\\\/\\\/mmkriepas.lv\\\/en\\\/p\\\/style-vossen-replika-bmw-r20-5x120-grafits\\\/#primaryimage\"},\"image\":{\"@id\":\"https:\\\/\\\/mmkriepas.lv\\\/en\\\/p\\\/style-vossen-replika-bmw-r20-5x120-grafits\\\/#primaryimage\"},\"thumbnailUrl\":\"https:\\\/\\\/mmkriepas.lv\\\/wp-content\\\/uploads\\\/2022\\\/06\\\/style-vossen-replika-cvt-r18-5x112-grafits.jpg\",\"datePublished\":\"2020-05-03T10:35:37+00:00\",\"dateModified\":\"2026-04-03T16:33:23+00:00\",\"breadcrumb\":{\"@id\":\"https:\\\/\\\/mmkriepas.lv\\\/en\\\/p\\\/style-vossen-replika-bmw-r20-5x120-grafits\\\/#breadcrumb\"},\"inLanguage\":\"en-US\",\"potentialAction\":[{\"@type\":\"ReadAction\",\"target\":[\"https:\\\/\\\/mmkriepas.lv\\\/en\\\/p\\\/style-vossen-replika-bmw-r20-5x120-grafits\\\/\"]}]},{\"@type\":\"ImageObject\",\"inLanguage\":\"en-US\",\"@id\":\"https:\\\/\\\/mmkriepas.lv\\\/en\\\/p\\\/style-vossen-replika-bmw-r20-5x120-grafits\\\/#primaryimage\",\"url\":\"https:\\\/\\\/mmkriepas.lv\\\/wp-content\\\/uploads\\\/2022\\\/06\\\/style-vossen-replika-cvt-r18-5x112-grafits.jpg\",\"contentUrl\":\"https:\\\/\\\/mmkriepas.lv\\\/wp-content\\\/uploads\\\/2022\\\/06\\\/style-vossen-replika-cvt-r18-5x112-grafits.jpg\",\"width\":1920,\"height\":1278,\"caption\":\"Style Vossen Replika CVT R18 5X112 (Graf\u012bts)\"},{\"@type\":\"BreadcrumbList\",\"@id\":\"https:\\\/\\\/mmkriepas.lv\\\/en\\\/p\\\/style-vossen-replika-bmw-r20-5x120-grafits\\\/#breadcrumb\",\"itemListElement\":[{\"@type\":\"ListItem\",\"position\":1,\"name\":\"S\u0101kums\",\"item\":\"https:\\\/\\\/mmkriepas.lv\\\/en\\\/\"},{\"@type\":\"ListItem\",\"position\":2,\"name\":\"Style Vossen Replika CVT R20 5X120 (Graf\u012bts)\"}]},{\"@type\":\"WebSite\",\"@id\":\"https:\\\/\\\/mmkriepas.lv\\\/en\\\/#website\",\"url\":\"https:\\\/\\\/mmkriepas.lv\\\/en\\\/\",\"name\":\"MMK Riepas\",\"description\":\"MMK Riepas\",\"alternateName\":\"MMK Riepu Serviss\",\"potentialAction\":[{\"@type\":\"SearchAction\",\"target\":{\"@type\":\"EntryPoint\",\"urlTemplate\":\"https:\\\/\\\/mmkriepas.lv\\\/en\\\/?s={search_term_string}\"},\"query-input\":{\"@type\":\"PropertyValueSpecification\",\"valueRequired\":true,\"valueName\":\"search_term_string\"}}],\"inLanguage\":\"en-US\"},{\"@type\":\"ImageObject\",\"inLanguage\":\"en-US\",\"@id\":\"https:\\\/\\\/mmkriepas.lv\\\/en\\\/p\\\/style-vossen-replika-bmw-r20-5x120-grafits\\\/#local-main-organization-logo\",\"url\":\"\",\"contentUrl\":\"\",\"caption\":\"MMK Riepas\"}]}<\/script>\n<meta property=\"product:price:amount\" content=\"226.00\" \/>\n<meta property=\"product:price:currency\" content=\"EUR\" \/>\n<meta property=\"og:availability\" content=\"out of stock\" \/>\n<meta property=\"product:availability\" content=\"out of stock\" \/>\n<meta property=\"product:retailer_item_id\" content=\"aludiski-RACIN209ZZZ5ZX120ZZZZZ+3572.6ZXF099GR\" \/>\n<meta property=\"product:condition\" content=\"new\" \/>\n<!-- \/ Yoast SEO Premium plugin. -->","yoast_head_json":{"title":"Style Vossen Replika CVT R20 5X120 (Graf\u012bts) &#8226; MMK Riepas","robots":{"index":"index","follow":"follow","max-snippet":"max-snippet:-1","max-image-preview":"max-image-preview:large","max-video-preview":"max-video-preview:-1"},"canonical":"https:\/\/mmkriepas.lv\/en\/p\/style-vossen-replika-bmw-r20-5x120-grafits\/","og_locale":"en_US","og_type":"article","og_title":"Style Vossen Replika CVT R20 5X120 (Graf\u012bts)","og_description":"Jauni diski \u2013 jauns izskats, laba invest\u012bcija un paaugstin\u0101ta v\u0113rt\u012bba.\u00a0 Par lielisk\u0101m cen\u0101m un liel\u0101 izv\u0113l\u0113 riepas un diski. Diski teju visa veida automa\u0161\u012bn\u0101m uz vietas, konsult\u0113sim, piem\u0113r\u012bsim diskus un","og_url":"https:\/\/mmkriepas.lv\/en\/p\/style-vossen-replika-bmw-r20-5x120-grafits\/","og_site_name":"MMK Riepas","article_publisher":"https:\/\/www.facebook.com\/mmkserviss\/","article_modified_time":"2026-04-03T16:33:23+00:00","og_image":[{"width":1920,"height":1278,"url":"https:\/\/mmkriepas.lv\/wp-content\/uploads\/2022\/06\/style-vossen-replika-cvt-r18-5x112-grafits.jpg","type":"image\/jpeg"}],"twitter_card":"summary_large_image","twitter_misc":{"Price":"&euro;226.00","Availability":"Out of stock"},"schema":{"@context":"https:\/\/schema.org","@graph":[{"@type":"WebPage","@id":"https:\/\/mmkriepas.lv\/en\/p\/style-vossen-replika-bmw-r20-5x120-grafits\/","url":"https:\/\/mmkriepas.lv\/en\/p\/style-vossen-replika-bmw-r20-5x120-grafits\/","name":"Style Vossen Replika CVT R20 5X120 (Graf\u012bts) &#8226; MMK Riepas","isPartOf":{"@id":"https:\/\/mmkriepas.lv\/en\/#website"},"primaryImageOfPage":{"@id":"https:\/\/mmkriepas.lv\/en\/p\/style-vossen-replika-bmw-r20-5x120-grafits\/#primaryimage"},"image":{"@id":"https:\/\/mmkriepas.lv\/en\/p\/style-vossen-replika-bmw-r20-5x120-grafits\/#primaryimage"},"thumbnailUrl":"https:\/\/mmkriepas.lv\/wp-content\/uploads\/2022\/06\/style-vossen-replika-cvt-r18-5x112-grafits.jpg","datePublished":"2020-05-03T10:35:37+00:00","dateModified":"2026-04-03T16:33:23+00:00","breadcrumb":{"@id":"https:\/\/mmkriepas.lv\/en\/p\/style-vossen-replika-bmw-r20-5x120-grafits\/#breadcrumb"},"inLanguage":"en-US","potentialAction":[{"@type":"ReadAction","target":["https:\/\/mmkriepas.lv\/en\/p\/style-vossen-replika-bmw-r20-5x120-grafits\/"]}]},{"@type":"ImageObject","inLanguage":"en-US","@id":"https:\/\/mmkriepas.lv\/en\/p\/style-vossen-replika-bmw-r20-5x120-grafits\/#primaryimage","url":"https:\/\/mmkriepas.lv\/wp-content\/uploads\/2022\/06\/style-vossen-replika-cvt-r18-5x112-grafits.jpg","contentUrl":"https:\/\/mmkriepas.lv\/wp-content\/uploads\/2022\/06\/style-vossen-replika-cvt-r18-5x112-grafits.jpg","width":1920,"height":1278,"caption":"Style Vossen Replika CVT R18 5X112 (Graf\u012bts)"},{"@type":"BreadcrumbList","@id":"https:\/\/mmkriepas.lv\/en\/p\/style-vossen-replika-bmw-r20-5x120-grafits\/#breadcrumb","itemListElement":[{"@type":"ListItem","position":1,"name":"S\u0101kums","item":"https:\/\/mmkriepas.lv\/en\/"},{"@type":"ListItem","position":2,"name":"Style Vossen Replika CVT R20 5X120 (Graf\u012bts)"}]},{"@type":"WebSite","@id":"https:\/\/mmkriepas.lv\/en\/#website","url":"https:\/\/mmkriepas.lv\/en\/","name":"MMK Riepas","description":"MMK Riepas","alternateName":"MMK Riepu Serviss","potentialAction":[{"@type":"SearchAction","target":{"@type":"EntryPoint","urlTemplate":"https:\/\/mmkriepas.lv\/en\/?s={search_term_string}"},"query-input":{"@type":"PropertyValueSpecification","valueRequired":true,"valueName":"search_term_string"}}],"inLanguage":"en-US"},{"@type":"ImageObject","inLanguage":"en-US","@id":"https:\/\/mmkriepas.lv\/en\/p\/style-vossen-replika-bmw-r20-5x120-grafits\/#local-main-organization-logo","url":"","contentUrl":"","caption":"MMK Riepas"}]},"product_price_amount":"226.00","product_price_currency":"EUR","og_availability":"out of stock","product_availability":"out of stock","product_retailer_item_id":"aludiski-RACIN209ZZZ5ZX120ZZZZZ+3572.6ZXF099GR","product_condition":"new"},"_links":{"self":[{"href":"https:\/\/mmkriepas.lv\/en\/wp-json\/wp\/v2\/product\/123464","targetHints":{"allow":["GET"]}}],"collection":[{"href":"https:\/\/mmkriepas.lv\/en\/wp-json\/wp\/v2\/product"}],"about":[{"href":"https:\/\/mmkriepas.lv\/en\/wp-json\/wp\/v2\/types\/product"}],"wp:featuredmedia":[{"embeddable":true,"href":"https:\/\/mmkriepas.lv\/en\/wp-json\/wp\/v2\/media\/234394"}],"wp:attachment":[{"href":"https:\/\/mmkriepas.lv\/en\/wp-json\/wp\/v2\/media?parent=123464"}],"wp:term":[{"taxonomy":"product_brand","embeddable":true,"href":"https:\/\/mmkriepas.lv\/en\/wp-json\/wp\/v2\/product_brand?post=123464"},{"taxonomy":"product_cat","embeddable":true,"href":"https:\/\/mmkriepas.lv\/en\/wp-json\/wp\/v2\/product_cat?post=123464"},{"taxonomy":"product_tag","embeddable":true,"href":"https:\/\/mmkriepas.lv\/en\/wp-json\/wp\/v2\/product_tag?post=123464"}],"curies":[{"name":"wp","href":"https:\/\/api.w.org\/{rel}","templated":true}]}}