{"id":1231834,"date":"2025-05-14T12:59:00","date_gmt":"2025-05-14T09:59:00","guid":{"rendered":"https:\/\/mmkriepas.lv\/?post_type=product&#038;p=1231834"},"modified":"2026-03-19T11:15:20","modified_gmt":"2026-03-19T09:15:20","slug":"205-60r16-kumho-ecsta-hs51-92h","status":"publish","type":"product","link":"https:\/\/mmkriepas.lv\/en\/p\/205-60r16-kumho-ecsta-hs51-92h\/","title":{"rendered":"205\/60R16 Kumho ECSTA HS51 92H"},"content":{"rendered":"<p><strong>Kumho ECSTA HS51<\/strong> ir augstas veikstp\u0113jas vasaras riepu modelis. Modelis izce\u013cas ar labiem vad\u0101m\u012bbas r\u0101d\u012bt\u0101jiem un brauk\u0161anas komfortu. \u0160is modelis b\u016bs labs sabiedrotais automa\u0161\u012bnai, kas liel\u0101ko da\u013cu laika pavada pils\u0113tvid\u0113 vai uz \u0161osejas.<\/p>\n<p><span><strong>ECSTA HS51 \u012bpa\u0161\u012bbas<\/strong><\/span><\/p>\n<p><span>&#8211; Augstas tehnolo\u0123ijas materi\u0101ls un savienojums tiek izmantots, lai palielin\u0101tu brauk\u0161anas veiktsp\u0113ju.<\/span><\/p>\n<p><span>&#8211; Uzlabota bremz\u0113\u0161ana uz slapja ce\u013ca seguma un pastiprin\u0101ta bloka stingr\u012bba, ko nodro\u0161ina centraliz\u0113ts rievots protektora raksts.<\/span><\/p>\n<p><span>&#8211; Pla\u0161as s\u0101nu rievas pal\u012bdz maksim\u0101li palielin\u0101t \u016bdens izspie\u0161anu pagriezienos.<\/span><\/p>\n<p><span>&#8211; Vad\u012bbas veiktsp\u0113ja ir uzlabota, pateicoties pastiprin\u0101tiem plecu blokiem.<\/span><\/p>\n<p><span>&#8211; Pievienotis rievu iegriezumi protektor\u0101, lai uzlabotu veiktsp\u0113ju, braucot pagriezienos slapj\u0101 laik\u0101<\/span><\/p>\n<p><strong>Ecsta HS51 raksturojums<\/strong><\/p>\n<p>Agr\u0101k jums tika dota izv\u0113le &#8211; komforts vai augsta veiktsp\u0113ja, nevis abi. Tagad lietas ir main\u012bju\u0161\u0101s l\u012bdz ar jaunu \u201charmony sporta riepu\u201d izstr\u0101di \u2013 Ecsta HS51 ar modern\u0101ko protektora dizainu un augsto tehnolo\u0123iju savienojumu sniedz lab\u0101ko no ab\u0101m pasaul\u0113m. Prec\u012bza vad\u0101m\u012bba un bremz\u0113\u0161ana apvienojum\u0101 ar vienm\u0113r\u012bgumu un klusumu. Kop\u0101 ar ce\u013cu piln\u012bg\u0101 harmonij\u0101.<\/p>\n","protected":false},"excerpt":{"rendered":"<p><strong>Kumho ECSTA HS51<\/strong> ir augstas veikstp\u0113jas vasaras riepu modelis. Modelis izce\u013cas ar labiem vad\u0101m\u012bbas r\u0101d\u012bt\u0101jiem un brauk\u0161anas komfortu. \u0160is modelis b\u016bs labs sabiedrotais automa\u0161\u012bnai, kas liel\u0101ko da\u013cu laika pavada pils\u0113tvid\u0113 vai uz \u0161osejas.<\/p>\n","protected":false},"featured_media":1231832,"template":"","meta":{"_acf_changed":false,"ngg_post_thumbnail":0},"product_brand":[],"product_cat":[46],"product_tag":[],"class_list":{"0":"post-1231834","1":"product","2":"type-product","3":"status-publish","4":"has-post-thumbnail","6":"product_cat-vasaras-riepas","8":"first","9":"instock","10":"sale","11":"taxable","12":"shipping-taxable","13":"product-type-simple"},"acf":[],"yoast_head":"<!-- This site is optimized with the Yoast SEO Premium plugin v22.6 (Yoast SEO v27.3) - https:\/\/yoast.com\/product\/yoast-seo-premium-wordpress\/ -->\n<title>205\/60R16 Kumho ECSTA HS51 92H &#8226; MMK Riepas<\/title>\n<meta name=\"robots\" content=\"index, follow, max-snippet:-1, max-image-preview:large, max-video-preview:-1\" \/>\n<link rel=\"canonical\" href=\"https:\/\/mmkriepas.lv\/en\/p\/205-60r16-kumho-ecsta-hs51-92h\/\" \/>\n<meta property=\"og:locale\" content=\"en_US\" \/>\n<meta property=\"og:type\" content=\"article\" \/>\n<meta property=\"og:title\" content=\"205\/60R16 Kumho ECSTA HS51 92H\" \/>\n<meta property=\"og:description\" content=\"Kumho ECSTA HS51 ir augstas veikstp\u0113jas vasaras riepu modelis. Modelis izce\u013cas ar labiem vad\u0101m\u012bbas r\u0101d\u012bt\u0101jiem un brauk\u0161anas komfortu. \u0160is modelis b\u016bs labs sabiedrotais automa\u0161\u012bnai, kas liel\u0101ko da\u013cu laika pavada pils\u0113tvid\u0113 vai uz \u0161osejas.\" \/>\n<meta property=\"og:url\" content=\"https:\/\/mmkriepas.lv\/en\/p\/205-60r16-kumho-ecsta-hs51-92h\/\" \/>\n<meta property=\"og:site_name\" content=\"MMK Riepas\" \/>\n<meta property=\"article:publisher\" content=\"https:\/\/www.facebook.com\/mmkserviss\/\" \/>\n<meta property=\"article:modified_time\" content=\"2026-03-19T09:15:20+00:00\" \/>\n<meta property=\"og:image\" content=\"https:\/\/mmkriepas.lv\/wp-content\/uploads\/2025\/05\/20560r16-kumho-hs51-92h-vasaras-riepas.jpg\" \/>\n\t<meta property=\"og:image:width\" content=\"800\" \/>\n\t<meta property=\"og:image:height\" content=\"800\" \/>\n\t<meta property=\"og:image:type\" content=\"image\/jpeg\" \/>\n<meta name=\"twitter:card\" content=\"summary_large_image\" \/>\n<meta name=\"twitter:label1\" content=\"Price\" \/>\n\t<meta name=\"twitter:data1\" content=\"&euro;76.00\" \/>\n\t<meta name=\"twitter:label2\" content=\"Availability\" \/>\n\t<meta name=\"twitter:data2\" content=\"In stock\" \/>\n<script type=\"application\/ld+json\" class=\"yoast-schema-graph\">{\"@context\":\"https:\\\/\\\/schema.org\",\"@graph\":[{\"@type\":\"WebPage\",\"@id\":\"https:\\\/\\\/mmkriepas.lv\\\/en\\\/p\\\/205-60r16-kumho-ecsta-hs51-92h\\\/\",\"url\":\"https:\\\/\\\/mmkriepas.lv\\\/en\\\/p\\\/205-60r16-kumho-ecsta-hs51-92h\\\/\",\"name\":\"205\\\/60R16 Kumho ECSTA HS51 92H &#8226; MMK Riepas\",\"isPartOf\":{\"@id\":\"https:\\\/\\\/mmkriepas.lv\\\/en\\\/#website\"},\"primaryImageOfPage\":{\"@id\":\"https:\\\/\\\/mmkriepas.lv\\\/en\\\/p\\\/205-60r16-kumho-ecsta-hs51-92h\\\/#primaryimage\"},\"image\":{\"@id\":\"https:\\\/\\\/mmkriepas.lv\\\/en\\\/p\\\/205-60r16-kumho-ecsta-hs51-92h\\\/#primaryimage\"},\"thumbnailUrl\":\"https:\\\/\\\/mmkriepas.lv\\\/wp-content\\\/uploads\\\/2025\\\/05\\\/20560r16-kumho-hs51-92h-vasaras-riepas.jpg\",\"datePublished\":\"2025-05-14T09:59:00+00:00\",\"dateModified\":\"2026-03-19T09:15:20+00:00\",\"breadcrumb\":{\"@id\":\"https:\\\/\\\/mmkriepas.lv\\\/en\\\/p\\\/205-60r16-kumho-ecsta-hs51-92h\\\/#breadcrumb\"},\"inLanguage\":\"en-US\",\"potentialAction\":[{\"@type\":\"ReadAction\",\"target\":[\"https:\\\/\\\/mmkriepas.lv\\\/en\\\/p\\\/205-60r16-kumho-ecsta-hs51-92h\\\/\"]}]},{\"@type\":\"ImageObject\",\"inLanguage\":\"en-US\",\"@id\":\"https:\\\/\\\/mmkriepas.lv\\\/en\\\/p\\\/205-60r16-kumho-ecsta-hs51-92h\\\/#primaryimage\",\"url\":\"https:\\\/\\\/mmkriepas.lv\\\/wp-content\\\/uploads\\\/2025\\\/05\\\/20560r16-kumho-hs51-92h-vasaras-riepas.jpg\",\"contentUrl\":\"https:\\\/\\\/mmkriepas.lv\\\/wp-content\\\/uploads\\\/2025\\\/05\\\/20560r16-kumho-hs51-92h-vasaras-riepas.jpg\",\"width\":800,\"height\":800,\"caption\":\"205\\\/60R16 KUMHO HS51 92H - Vasaras riepas\"},{\"@type\":\"BreadcrumbList\",\"@id\":\"https:\\\/\\\/mmkriepas.lv\\\/en\\\/p\\\/205-60r16-kumho-ecsta-hs51-92h\\\/#breadcrumb\",\"itemListElement\":[{\"@type\":\"ListItem\",\"position\":1,\"name\":\"S\u0101kums\",\"item\":\"https:\\\/\\\/mmkriepas.lv\\\/en\\\/\"},{\"@type\":\"ListItem\",\"position\":2,\"name\":\"205\\\/60R16 Kumho ECSTA HS51 92H\"}]},{\"@type\":\"WebSite\",\"@id\":\"https:\\\/\\\/mmkriepas.lv\\\/en\\\/#website\",\"url\":\"https:\\\/\\\/mmkriepas.lv\\\/en\\\/\",\"name\":\"MMK Riepas\",\"description\":\"MMK Riepas\",\"alternateName\":\"MMK Riepu Serviss\",\"potentialAction\":[{\"@type\":\"SearchAction\",\"target\":{\"@type\":\"EntryPoint\",\"urlTemplate\":\"https:\\\/\\\/mmkriepas.lv\\\/en\\\/?s={search_term_string}\"},\"query-input\":{\"@type\":\"PropertyValueSpecification\",\"valueRequired\":true,\"valueName\":\"search_term_string\"}}],\"inLanguage\":\"en-US\"},{\"@type\":\"ImageObject\",\"inLanguage\":\"en-US\",\"@id\":\"https:\\\/\\\/mmkriepas.lv\\\/en\\\/p\\\/205-60r16-kumho-ecsta-hs51-92h\\\/#local-main-organization-logo\",\"url\":\"\",\"contentUrl\":\"\",\"caption\":\"MMK Riepas\"}]}<\/script>\n<meta property=\"product:brand\" content=\"Kumho ECSTA HS51\" \/>\n<meta property=\"product:price:amount\" content=\"76.00\" \/>\n<meta property=\"product:price:currency\" content=\"EUR\" \/>\n<meta property=\"og:availability\" content=\"instock\" \/>\n<meta property=\"product:availability\" content=\"instock\" \/>\n<meta property=\"product:retailer_item_id\" content=\"TS2056016KUMHO-L48417\" \/>\n<meta property=\"product:condition\" content=\"new\" \/>\n<!-- \/ Yoast SEO Premium plugin. -->","yoast_head_json":{"title":"205\/60R16 Kumho ECSTA HS51 92H &#8226; MMK Riepas","robots":{"index":"index","follow":"follow","max-snippet":"max-snippet:-1","max-image-preview":"max-image-preview:large","max-video-preview":"max-video-preview:-1"},"canonical":"https:\/\/mmkriepas.lv\/en\/p\/205-60r16-kumho-ecsta-hs51-92h\/","og_locale":"en_US","og_type":"article","og_title":"205\/60R16 Kumho ECSTA HS51 92H","og_description":"Kumho ECSTA HS51 ir augstas veikstp\u0113jas vasaras riepu modelis. Modelis izce\u013cas ar labiem vad\u0101m\u012bbas r\u0101d\u012bt\u0101jiem un brauk\u0161anas komfortu. \u0160is modelis b\u016bs labs sabiedrotais automa\u0161\u012bnai, kas liel\u0101ko da\u013cu laika pavada pils\u0113tvid\u0113 vai uz \u0161osejas.","og_url":"https:\/\/mmkriepas.lv\/en\/p\/205-60r16-kumho-ecsta-hs51-92h\/","og_site_name":"MMK Riepas","article_publisher":"https:\/\/www.facebook.com\/mmkserviss\/","article_modified_time":"2026-03-19T09:15:20+00:00","og_image":[{"width":800,"height":800,"url":"https:\/\/mmkriepas.lv\/wp-content\/uploads\/2025\/05\/20560r16-kumho-hs51-92h-vasaras-riepas.jpg","type":"image\/jpeg"}],"twitter_card":"summary_large_image","twitter_misc":{"Price":"&euro;76.00","Availability":"In stock"},"schema":{"@context":"https:\/\/schema.org","@graph":[{"@type":"WebPage","@id":"https:\/\/mmkriepas.lv\/en\/p\/205-60r16-kumho-ecsta-hs51-92h\/","url":"https:\/\/mmkriepas.lv\/en\/p\/205-60r16-kumho-ecsta-hs51-92h\/","name":"205\/60R16 Kumho ECSTA HS51 92H &#8226; MMK Riepas","isPartOf":{"@id":"https:\/\/mmkriepas.lv\/en\/#website"},"primaryImageOfPage":{"@id":"https:\/\/mmkriepas.lv\/en\/p\/205-60r16-kumho-ecsta-hs51-92h\/#primaryimage"},"image":{"@id":"https:\/\/mmkriepas.lv\/en\/p\/205-60r16-kumho-ecsta-hs51-92h\/#primaryimage"},"thumbnailUrl":"https:\/\/mmkriepas.lv\/wp-content\/uploads\/2025\/05\/20560r16-kumho-hs51-92h-vasaras-riepas.jpg","datePublished":"2025-05-14T09:59:00+00:00","dateModified":"2026-03-19T09:15:20+00:00","breadcrumb":{"@id":"https:\/\/mmkriepas.lv\/en\/p\/205-60r16-kumho-ecsta-hs51-92h\/#breadcrumb"},"inLanguage":"en-US","potentialAction":[{"@type":"ReadAction","target":["https:\/\/mmkriepas.lv\/en\/p\/205-60r16-kumho-ecsta-hs51-92h\/"]}]},{"@type":"ImageObject","inLanguage":"en-US","@id":"https:\/\/mmkriepas.lv\/en\/p\/205-60r16-kumho-ecsta-hs51-92h\/#primaryimage","url":"https:\/\/mmkriepas.lv\/wp-content\/uploads\/2025\/05\/20560r16-kumho-hs51-92h-vasaras-riepas.jpg","contentUrl":"https:\/\/mmkriepas.lv\/wp-content\/uploads\/2025\/05\/20560r16-kumho-hs51-92h-vasaras-riepas.jpg","width":800,"height":800,"caption":"205\/60R16 KUMHO HS51 92H - Vasaras riepas"},{"@type":"BreadcrumbList","@id":"https:\/\/mmkriepas.lv\/en\/p\/205-60r16-kumho-ecsta-hs51-92h\/#breadcrumb","itemListElement":[{"@type":"ListItem","position":1,"name":"S\u0101kums","item":"https:\/\/mmkriepas.lv\/en\/"},{"@type":"ListItem","position":2,"name":"205\/60R16 Kumho ECSTA HS51 92H"}]},{"@type":"WebSite","@id":"https:\/\/mmkriepas.lv\/en\/#website","url":"https:\/\/mmkriepas.lv\/en\/","name":"MMK Riepas","description":"MMK Riepas","alternateName":"MMK Riepu Serviss","potentialAction":[{"@type":"SearchAction","target":{"@type":"EntryPoint","urlTemplate":"https:\/\/mmkriepas.lv\/en\/?s={search_term_string}"},"query-input":{"@type":"PropertyValueSpecification","valueRequired":true,"valueName":"search_term_string"}}],"inLanguage":"en-US"},{"@type":"ImageObject","inLanguage":"en-US","@id":"https:\/\/mmkriepas.lv\/en\/p\/205-60r16-kumho-ecsta-hs51-92h\/#local-main-organization-logo","url":"","contentUrl":"","caption":"MMK Riepas"}]},"product_brand":"Kumho ECSTA HS51","product_price_amount":"76.00","product_price_currency":"EUR","og_availability":"instock","product_availability":"instock","product_retailer_item_id":"TS2056016KUMHO-L48417","product_condition":"new"},"_links":{"self":[{"href":"https:\/\/mmkriepas.lv\/en\/wp-json\/wp\/v2\/product\/1231834","targetHints":{"allow":["GET"]}}],"collection":[{"href":"https:\/\/mmkriepas.lv\/en\/wp-json\/wp\/v2\/product"}],"about":[{"href":"https:\/\/mmkriepas.lv\/en\/wp-json\/wp\/v2\/types\/product"}],"wp:featuredmedia":[{"embeddable":true,"href":"https:\/\/mmkriepas.lv\/en\/wp-json\/wp\/v2\/media\/1231832"}],"wp:attachment":[{"href":"https:\/\/mmkriepas.lv\/en\/wp-json\/wp\/v2\/media?parent=1231834"}],"wp:term":[{"taxonomy":"product_brand","embeddable":true,"href":"https:\/\/mmkriepas.lv\/en\/wp-json\/wp\/v2\/product_brand?post=1231834"},{"taxonomy":"product_cat","embeddable":true,"href":"https:\/\/mmkriepas.lv\/en\/wp-json\/wp\/v2\/product_cat?post=1231834"},{"taxonomy":"product_tag","embeddable":true,"href":"https:\/\/mmkriepas.lv\/en\/wp-json\/wp\/v2\/product_tag?post=1231834"}],"curies":[{"name":"wp","href":"https:\/\/api.w.org\/{rel}","templated":true}]}}