{"id":1225988,"date":"2025-05-02T14:55:31","date_gmt":"2025-05-02T11:55:31","guid":{"rendered":"https:\/\/mmkriepas.lv\/?post_type=product&#038;p=1225988"},"modified":"2026-03-24T00:05:42","modified_gmt":"2026-03-23T22:05:42","slug":"165-70r14-ovation-vi-782-as-81t","status":"publish","type":"product","link":"https:\/\/mmkriepas.lv\/en\/p\/165-70r14-ovation-vi-782-as-81t\/","title":{"rendered":"165\/70R14 Ovation VI-782 AS 81T"},"content":{"rendered":"<p><strong>Ovation VI-782 AS<\/strong> \u2013 ir vissezonas riepu modelis, kur\u0161s ir daudzfunkcion\u0101ls balancs kop\u0113jai, l\u012bdzsvarotai brauk\u0161anai visu sezonu. Uzlabota vilkme uz sniegotiem un lietainiem ce\u013cu apst\u0101k\u013ciem, k\u0101 ar\u012b samazin\u0101ta rites pretest\u012bba nodro\u0161ina vienm\u0113r\u012bg\u0101ku \u016bdens un sniega izvadi. \u0160im modelim izmantots vasaras riep\u0101m rakstur\u012bgs protektora dizains tom\u0113r lameles un to izvietojums ir rakstur\u012bgs ziemas riep\u0101m.<\/p>\n<p><strong>VI-782 AS<\/strong> \u012bpa\u0161\u012bbas:<\/p>\n<p>+ Degvielas ekonomija, pateicoties jaun\u0101kaj\u0101m tehnolo\u0123ij\u0101m pan\u0101kta zem\u0101ka rites pretest\u012bba.<\/p>\n<p>+ Sal\u012bdzino\u0161i augsta triecieniztur\u012bba\u00a0pasarg\u0101s riepu no p\u0101rsi\u0161anas bedr\u0113s.<\/p>\n<p>+ Riepas izce\u013c\u0101s ar zemiem dilst\u012bbas r\u0101d\u012bt\u0101jiem, kas noz\u012bm\u0113 daudzu t\u016bksto\u0161u kilometru nobraukumu.<\/p>\n<p>+ Dro\u0161a vad\u0101m\u012bb\u0101 gan uz sausa, gan mitra seguma.<\/p>\n<p>+ Augsta notur\u012bba pret akvaplan\u0113\u0161anu.<\/p>\n<p>+ Stabilit\u0101te pagriezienos.<\/p>\n<p><strong>VI-782 AS<\/strong> raksturojums:<\/p>\n<p><strong>Ovation VI-782 AS<\/strong> t\u0101 ir vissezonas riepa, paredz\u0113ta vieglajiem un SUV automob\u012b\u013ciem. Labi piem\u0113rots brauk\u0161anai vair\u0101k \u0101rpus pils\u0113tvides un \u0161osej\u0101m. T\u0101s protektora dizains lieliski kalpo uz zemes un grants ce\u013ciem. \u0160\u012b riepa varb\u016bt neb\u016bs veiktsp\u0113j\u012bg\u0101k\u0101 skarbos, sniegotos ziemas apst\u0101k\u013cos, toties autovad\u012bt\u0101ji, kuri liel\u0101koties atrodas pils\u0113tvid\u0113 vai uz \u0161osejas, atzinu\u0161i to par labu izv\u0113li visa gada garum\u0101. T\u0101 ir klusa un rada komfortablas brauk\u0161anas saj\u016btu. Riepas ir bud\u017eeta klases t\u0101p\u0113c bie\u017ei kr\u012bt par izv\u0113li starpsezonu laik\u0101.<\/p>\n","protected":false},"excerpt":{"rendered":"<p><b><span style=\"font-family: 'Arial',sans-serif;\">Ovation VI-782 AS<\/span><\/b><span style=\"font-family: 'Arial',sans-serif;\"> \u2013 ir vissezonas riepu modelis, kur\u0161s ir daudzfunkcion\u0101ls balancs kop\u0113jai, l\u012bdzsvarotai brauk\u0161anai visu sezonu. Uzlabota vilkme uz sniegotiem un lietainiem ce\u013cu apst\u0101k\u013ciem, k\u0101 ar\u012b samazin\u0101ta rites pretest\u012bba nodro\u0161ina vienm\u0113r\u012bg\u0101ku \u016bdens un sniega izvadi. \u0160im modelim izmantots vasaras riep\u0101m rakstur\u012bgs protektora dizains tom\u0113r lameles un to izvietojums ir rakstur\u012bgs ziemas riep\u0101m.<\/span><\/p>\n","protected":false},"featured_media":668417,"template":"","meta":{"_acf_changed":false,"ngg_post_thumbnail":0},"product_brand":[],"product_cat":[24253,24257,23644,23643],"product_tag":[],"class_list":{"0":"post-1225988","1":"product","2":"type-product","3":"status-publish","4":"has-post-thumbnail","6":"product_cat-letas-riepas","7":"product_cat-letas-ziemas-riepas","8":"product_cat-all-season-tyres","9":"product_cat-winter-tyres","11":"first","12":"instock","13":"sale","14":"taxable","15":"shipping-taxable","16":"product-type-simple"},"acf":[],"yoast_head":"<!-- This site is optimized with the Yoast SEO Premium plugin v22.6 (Yoast SEO v27.3) - https:\/\/yoast.com\/product\/yoast-seo-premium-wordpress\/ -->\n<title>165\/70R14 Ovation VI-782 AS 81T &#8226; MMK Riepas<\/title>\n<meta name=\"robots\" content=\"index, follow, max-snippet:-1, max-image-preview:large, max-video-preview:-1\" \/>\n<link rel=\"canonical\" href=\"https:\/\/mmkriepas.lv\/en\/p\/165-70r14-ovation-vi-782-as-81t\/\" \/>\n<meta property=\"og:locale\" content=\"en_US\" \/>\n<meta property=\"og:type\" content=\"article\" \/>\n<meta property=\"og:title\" content=\"165\/70R14 Ovation VI-782 AS 81T\" \/>\n<meta property=\"og:description\" content=\"Ovation VI-782 AS \u2013 ir vissezonas riepu modelis, kur\u0161s ir daudzfunkcion\u0101ls balancs kop\u0113jai, l\u012bdzsvarotai brauk\u0161anai visu sezonu. Uzlabota vilkme uz sniegotiem un lietainiem ce\u013cu apst\u0101k\u013ciem, k\u0101 ar\u012b samazin\u0101ta rites pretest\u012bba nodro\u0161ina vienm\u0113r\u012bg\u0101ku \u016bdens un sniega izvadi. \u0160im modelim izmantots vasaras riep\u0101m rakstur\u012bgs protektora dizains tom\u0113r lameles un to izvietojums ir rakstur\u012bgs ziemas riep\u0101m.\" \/>\n<meta property=\"og:url\" content=\"https:\/\/mmkriepas.lv\/en\/p\/165-70r14-ovation-vi-782-as-81t\/\" \/>\n<meta property=\"og:site_name\" content=\"MMK Riepas\" \/>\n<meta property=\"article:publisher\" content=\"https:\/\/www.facebook.com\/mmkserviss\/\" \/>\n<meta property=\"article:modified_time\" content=\"2026-03-23T22:05:42+00:00\" \/>\n<meta property=\"og:image\" content=\"https:\/\/mmkriepas.lv\/wp-content\/uploads\/2023\/03\/22555r17-ovation-vi-782-as-101v-xl-ziemas-riepas.jpeg\" \/>\n\t<meta property=\"og:image:width\" content=\"1920\" \/>\n\t<meta property=\"og:image:height\" content=\"1440\" \/>\n\t<meta property=\"og:image:type\" content=\"image\/jpeg\" \/>\n<meta name=\"twitter:card\" content=\"summary_large_image\" \/>\n<meta name=\"twitter:label1\" content=\"Price\" \/>\n\t<meta name=\"twitter:data1\" content=\"&euro;34.00\" \/>\n\t<meta name=\"twitter:label2\" content=\"Availability\" \/>\n\t<meta name=\"twitter:data2\" content=\"In stock\" \/>\n<script type=\"application\/ld+json\" class=\"yoast-schema-graph\">{\"@context\":\"https:\\\/\\\/schema.org\",\"@graph\":[{\"@type\":\"WebPage\",\"@id\":\"https:\\\/\\\/mmkriepas.lv\\\/en\\\/p\\\/165-70r14-ovation-vi-782-as-81t\\\/\",\"url\":\"https:\\\/\\\/mmkriepas.lv\\\/en\\\/p\\\/165-70r14-ovation-vi-782-as-81t\\\/\",\"name\":\"165\\\/70R14 Ovation VI-782 AS 81T &#8226; MMK Riepas\",\"isPartOf\":{\"@id\":\"https:\\\/\\\/mmkriepas.lv\\\/en\\\/#website\"},\"primaryImageOfPage\":{\"@id\":\"https:\\\/\\\/mmkriepas.lv\\\/en\\\/p\\\/165-70r14-ovation-vi-782-as-81t\\\/#primaryimage\"},\"image\":{\"@id\":\"https:\\\/\\\/mmkriepas.lv\\\/en\\\/p\\\/165-70r14-ovation-vi-782-as-81t\\\/#primaryimage\"},\"thumbnailUrl\":\"https:\\\/\\\/mmkriepas.lv\\\/wp-content\\\/uploads\\\/2023\\\/03\\\/22555r17-ovation-vi-782-as-101v-xl-ziemas-riepas.jpeg\",\"datePublished\":\"2025-05-02T11:55:31+00:00\",\"dateModified\":\"2026-03-23T22:05:42+00:00\",\"breadcrumb\":{\"@id\":\"https:\\\/\\\/mmkriepas.lv\\\/en\\\/p\\\/165-70r14-ovation-vi-782-as-81t\\\/#breadcrumb\"},\"inLanguage\":\"en-US\",\"potentialAction\":[{\"@type\":\"ReadAction\",\"target\":[\"https:\\\/\\\/mmkriepas.lv\\\/en\\\/p\\\/165-70r14-ovation-vi-782-as-81t\\\/\"]}]},{\"@type\":\"ImageObject\",\"inLanguage\":\"en-US\",\"@id\":\"https:\\\/\\\/mmkriepas.lv\\\/en\\\/p\\\/165-70r14-ovation-vi-782-as-81t\\\/#primaryimage\",\"url\":\"https:\\\/\\\/mmkriepas.lv\\\/wp-content\\\/uploads\\\/2023\\\/03\\\/22555r17-ovation-vi-782-as-101v-xl-ziemas-riepas.jpeg\",\"contentUrl\":\"https:\\\/\\\/mmkriepas.lv\\\/wp-content\\\/uploads\\\/2023\\\/03\\\/22555r17-ovation-vi-782-as-101v-xl-ziemas-riepas.jpeg\",\"width\":1920,\"height\":1440,\"caption\":\"225\\\/55R17 Ovation VI-782 AS 101V XL - Vissezonas riepas \\\/ Ziemas riepas\"},{\"@type\":\"BreadcrumbList\",\"@id\":\"https:\\\/\\\/mmkriepas.lv\\\/en\\\/p\\\/165-70r14-ovation-vi-782-as-81t\\\/#breadcrumb\",\"itemListElement\":[{\"@type\":\"ListItem\",\"position\":1,\"name\":\"S\u0101kums\",\"item\":\"https:\\\/\\\/mmkriepas.lv\\\/en\\\/\"},{\"@type\":\"ListItem\",\"position\":2,\"name\":\"165\\\/70R14 Ovation VI-782 AS 81T\"}]},{\"@type\":\"WebSite\",\"@id\":\"https:\\\/\\\/mmkriepas.lv\\\/en\\\/#website\",\"url\":\"https:\\\/\\\/mmkriepas.lv\\\/en\\\/\",\"name\":\"MMK Riepas\",\"description\":\"MMK Riepas\",\"alternateName\":\"MMK Riepu Serviss\",\"potentialAction\":[{\"@type\":\"SearchAction\",\"target\":{\"@type\":\"EntryPoint\",\"urlTemplate\":\"https:\\\/\\\/mmkriepas.lv\\\/en\\\/?s={search_term_string}\"},\"query-input\":{\"@type\":\"PropertyValueSpecification\",\"valueRequired\":true,\"valueName\":\"search_term_string\"}}],\"inLanguage\":\"en-US\"},{\"@type\":\"ImageObject\",\"inLanguage\":\"en-US\",\"@id\":\"https:\\\/\\\/mmkriepas.lv\\\/en\\\/p\\\/165-70r14-ovation-vi-782-as-81t\\\/#local-main-organization-logo\",\"url\":\"\",\"contentUrl\":\"\",\"caption\":\"MMK Riepas\"}]}<\/script>\n<meta property=\"product:brand\" content=\"Ovation VI-782 AS\" \/>\n<meta property=\"product:price:amount\" content=\"34.00\" \/>\n<meta property=\"product:price:currency\" content=\"EUR\" \/>\n<meta property=\"og:availability\" content=\"instock\" \/>\n<meta property=\"product:availability\" content=\"instock\" \/>\n<meta property=\"product:retailer_item_id\" content=\"TW1657014Ovati-E48190\" \/>\n<meta property=\"product:condition\" content=\"new\" \/>\n<!-- \/ Yoast SEO Premium plugin. -->","yoast_head_json":{"title":"165\/70R14 Ovation VI-782 AS 81T &#8226; MMK Riepas","robots":{"index":"index","follow":"follow","max-snippet":"max-snippet:-1","max-image-preview":"max-image-preview:large","max-video-preview":"max-video-preview:-1"},"canonical":"https:\/\/mmkriepas.lv\/en\/p\/165-70r14-ovation-vi-782-as-81t\/","og_locale":"en_US","og_type":"article","og_title":"165\/70R14 Ovation VI-782 AS 81T","og_description":"Ovation VI-782 AS \u2013 ir vissezonas riepu modelis, kur\u0161s ir daudzfunkcion\u0101ls balancs kop\u0113jai, l\u012bdzsvarotai brauk\u0161anai visu sezonu. Uzlabota vilkme uz sniegotiem un lietainiem ce\u013cu apst\u0101k\u013ciem, k\u0101 ar\u012b samazin\u0101ta rites pretest\u012bba nodro\u0161ina vienm\u0113r\u012bg\u0101ku \u016bdens un sniega izvadi. \u0160im modelim izmantots vasaras riep\u0101m rakstur\u012bgs protektora dizains tom\u0113r lameles un to izvietojums ir rakstur\u012bgs ziemas riep\u0101m.","og_url":"https:\/\/mmkriepas.lv\/en\/p\/165-70r14-ovation-vi-782-as-81t\/","og_site_name":"MMK Riepas","article_publisher":"https:\/\/www.facebook.com\/mmkserviss\/","article_modified_time":"2026-03-23T22:05:42+00:00","og_image":[{"width":1920,"height":1440,"url":"https:\/\/mmkriepas.lv\/wp-content\/uploads\/2023\/03\/22555r17-ovation-vi-782-as-101v-xl-ziemas-riepas.jpeg","type":"image\/jpeg"}],"twitter_card":"summary_large_image","twitter_misc":{"Price":"&euro;34.00","Availability":"In stock"},"schema":{"@context":"https:\/\/schema.org","@graph":[{"@type":"WebPage","@id":"https:\/\/mmkriepas.lv\/en\/p\/165-70r14-ovation-vi-782-as-81t\/","url":"https:\/\/mmkriepas.lv\/en\/p\/165-70r14-ovation-vi-782-as-81t\/","name":"165\/70R14 Ovation VI-782 AS 81T &#8226; MMK Riepas","isPartOf":{"@id":"https:\/\/mmkriepas.lv\/en\/#website"},"primaryImageOfPage":{"@id":"https:\/\/mmkriepas.lv\/en\/p\/165-70r14-ovation-vi-782-as-81t\/#primaryimage"},"image":{"@id":"https:\/\/mmkriepas.lv\/en\/p\/165-70r14-ovation-vi-782-as-81t\/#primaryimage"},"thumbnailUrl":"https:\/\/mmkriepas.lv\/wp-content\/uploads\/2023\/03\/22555r17-ovation-vi-782-as-101v-xl-ziemas-riepas.jpeg","datePublished":"2025-05-02T11:55:31+00:00","dateModified":"2026-03-23T22:05:42+00:00","breadcrumb":{"@id":"https:\/\/mmkriepas.lv\/en\/p\/165-70r14-ovation-vi-782-as-81t\/#breadcrumb"},"inLanguage":"en-US","potentialAction":[{"@type":"ReadAction","target":["https:\/\/mmkriepas.lv\/en\/p\/165-70r14-ovation-vi-782-as-81t\/"]}]},{"@type":"ImageObject","inLanguage":"en-US","@id":"https:\/\/mmkriepas.lv\/en\/p\/165-70r14-ovation-vi-782-as-81t\/#primaryimage","url":"https:\/\/mmkriepas.lv\/wp-content\/uploads\/2023\/03\/22555r17-ovation-vi-782-as-101v-xl-ziemas-riepas.jpeg","contentUrl":"https:\/\/mmkriepas.lv\/wp-content\/uploads\/2023\/03\/22555r17-ovation-vi-782-as-101v-xl-ziemas-riepas.jpeg","width":1920,"height":1440,"caption":"225\/55R17 Ovation VI-782 AS 101V XL - Vissezonas riepas \/ Ziemas riepas"},{"@type":"BreadcrumbList","@id":"https:\/\/mmkriepas.lv\/en\/p\/165-70r14-ovation-vi-782-as-81t\/#breadcrumb","itemListElement":[{"@type":"ListItem","position":1,"name":"S\u0101kums","item":"https:\/\/mmkriepas.lv\/en\/"},{"@type":"ListItem","position":2,"name":"165\/70R14 Ovation VI-782 AS 81T"}]},{"@type":"WebSite","@id":"https:\/\/mmkriepas.lv\/en\/#website","url":"https:\/\/mmkriepas.lv\/en\/","name":"MMK Riepas","description":"MMK Riepas","alternateName":"MMK Riepu Serviss","potentialAction":[{"@type":"SearchAction","target":{"@type":"EntryPoint","urlTemplate":"https:\/\/mmkriepas.lv\/en\/?s={search_term_string}"},"query-input":{"@type":"PropertyValueSpecification","valueRequired":true,"valueName":"search_term_string"}}],"inLanguage":"en-US"},{"@type":"ImageObject","inLanguage":"en-US","@id":"https:\/\/mmkriepas.lv\/en\/p\/165-70r14-ovation-vi-782-as-81t\/#local-main-organization-logo","url":"","contentUrl":"","caption":"MMK Riepas"}]},"product_brand":"Ovation VI-782 AS","product_price_amount":"34.00","product_price_currency":"EUR","og_availability":"instock","product_availability":"instock","product_retailer_item_id":"TW1657014Ovati-E48190","product_condition":"new"},"_links":{"self":[{"href":"https:\/\/mmkriepas.lv\/en\/wp-json\/wp\/v2\/product\/1225988","targetHints":{"allow":["GET"]}}],"collection":[{"href":"https:\/\/mmkriepas.lv\/en\/wp-json\/wp\/v2\/product"}],"about":[{"href":"https:\/\/mmkriepas.lv\/en\/wp-json\/wp\/v2\/types\/product"}],"wp:featuredmedia":[{"embeddable":true,"href":"https:\/\/mmkriepas.lv\/en\/wp-json\/wp\/v2\/media\/668417"}],"wp:attachment":[{"href":"https:\/\/mmkriepas.lv\/en\/wp-json\/wp\/v2\/media?parent=1225988"}],"wp:term":[{"taxonomy":"product_brand","embeddable":true,"href":"https:\/\/mmkriepas.lv\/en\/wp-json\/wp\/v2\/product_brand?post=1225988"},{"taxonomy":"product_cat","embeddable":true,"href":"https:\/\/mmkriepas.lv\/en\/wp-json\/wp\/v2\/product_cat?post=1225988"},{"taxonomy":"product_tag","embeddable":true,"href":"https:\/\/mmkriepas.lv\/en\/wp-json\/wp\/v2\/product_tag?post=1225988"}],"curies":[{"name":"wp","href":"https:\/\/api.w.org\/{rel}","templated":true}]}}