{"id":1214708,"date":"2025-04-10T14:21:55","date_gmt":"2025-04-10T11:21:55","guid":{"rendered":"https:\/\/mmkriepas.lv\/?post_type=product&#038;p=1214708"},"modified":"2026-03-30T13:53:46","modified_gmt":"2026-03-30T10:53:46","slug":"275-40r21-maxtrek-maximus-m2-107w-xl","status":"publish","type":"product","link":"https:\/\/mmkriepas.lv\/en\/p\/275-40r21-maxtrek-maximus-m2-107w-xl\/","title":{"rendered":"275\/40R21 Maxtrek Maximus M2 107W XL"},"content":{"rendered":"<p align=\"left\"><span style=\"color: #000000;\"><span style=\"font-family: Arial, sans-serif;\"><span style=\"font-size: small;\"><b><span>Maxtrek Maximus M2<\/span><\/b><span> ir labas kvalit\u0101tes, bud\u017eeta klases vasaras riepu modelis. Tas izce\u013cas ar zemiem degvielas pat\u0113ri\u0146a un akvaplan\u0113\u0161anas riska r\u0101d\u012bt\u0101jiem, k\u0101 ar\u012b ar labu sa\u0137eri un komfortablu gaitu pat lielos brauk\u0161anas \u0101trumos. \u0160is riepu modelis piem\u0113rots gan maza un vid\u0113ja izm\u0113ra vieglaj\u0101m automa\u0161\u012bn\u0101m, gan miniveniem un krosoveriem.<\/span><\/span><\/span><\/span><\/p>\n<h3 class=\"western\" align=\"left\"><span style=\"font-family: Arial, sans-serif;\"><span>Maxtrek Maximus M2 galven\u0101s \u012bpa\u0161\u012bbas<\/span><\/span><\/h3>\n<p align=\"left\"><span style=\"font-family: Arial, sans-serif;\"><span>+ Zems akvaplan\u0113\u0161anas risks,<br \/>+ Zems degvielas pat\u0113ri\u0146\u0161,<br \/>+ Komfortabla un klusa gaita,<br \/>+ Laba sa\u0137ere un manevr\u0113tsp\u0113ja uz slapja un sausa asfalta.<\/span><\/span><\/p>\n<h3 class=\"western\" align=\"left\"><span style=\"font-family: Arial, sans-serif;\"><span>Maximus M2 apr\u012bkojums<\/span><\/span><\/h3>\n<p align=\"left\"><span style=\"font-family: Arial, sans-serif;\"><span>Maxtrek Maximus M2 vasaras riepas apr\u012bkotas ar klasisku asimetrisko protektora rakstu. \u0160\u0101ds dizains sastopams liel\u0101kajai da\u013cai m\u016bsdienu vasaras riepu, jo tas apvieno sev\u012b labas brauk\u0161anas komforta un degvielas ekonomijas \u012bpa\u0161\u012bbas, k\u0101 ar\u012b labu \u016bdensizvadi, rezult\u0113joties zem\u0101 akvaplan\u0113\u0161anas risk\u0101.<\/span><\/span><\/p>\n<p align=\"left\"><span style=\"font-family: Arial, sans-serif;\"><span>Asimetriski izvietot\u0101s protektora joslas darin\u0101tas no augstas kvalit\u0101tes gumijas sakaus\u0113juma. Tam pievienotie \u0137\u012bmiskie savienojumi uzlabo riepas nodilumiztur\u012bbu, k\u0101 ar\u012b veicina sa\u0137eri un pat sl\u0101p\u0113 troksni.<\/span><\/span><\/p>\n","protected":false},"excerpt":{"rendered":"<p><span style=\"color: #000000;\"><span style=\"font-family: Arial, sans-serif;\"><span style=\"font-size: small;\"><b><span>Maxtrek Maximus M2<\/span><\/b><span> ir labas kvalit\u0101tes, bud\u017eeta klases vasaras riepu modelis. Tas izce\u013cas ar zemiem degvielas pat\u0113ri\u0146a un akvaplan\u0113\u0161anas riska r\u0101d\u012bt\u0101jiem, k\u0101 ar\u012b ar labu sa\u0137eri un komfortablu gaitu pat lielos brauk\u0161anas \u0101trumos. \u0160is riepu modelis piem\u0113rots gan maza un vid\u0113ja izm\u0113ra vieglaj\u0101m automa\u0161\u012bn\u0101m, gan miniveniem un krosoveriem.<\/span><\/span><\/span><\/span><\/p>\n","protected":false},"featured_media":851491,"template":"","meta":{"_acf_changed":false,"ngg_post_thumbnail":0},"product_brand":[],"product_cat":[46],"product_tag":[],"class_list":{"0":"post-1214708","1":"product","2":"type-product","3":"status-publish","4":"has-post-thumbnail","6":"product_cat-vasaras-riepas","8":"first","9":"instock","10":"sale","11":"taxable","12":"shipping-taxable","13":"purchasable","14":"product-type-simple"},"acf":[],"yoast_head":"<!-- This site is optimized with the Yoast SEO Premium plugin v22.6 (Yoast SEO v27.3) - https:\/\/yoast.com\/product\/yoast-seo-premium-wordpress\/ -->\n<title>275\/40R21 Maxtrek Maximus M2 107W XL &#8226; MMK Riepas<\/title>\n<meta name=\"robots\" content=\"index, follow, max-snippet:-1, max-image-preview:large, max-video-preview:-1\" \/>\n<link rel=\"canonical\" href=\"https:\/\/mmkriepas.lv\/en\/p\/275-40r21-maxtrek-maximus-m2-107w-xl\/\" \/>\n<meta property=\"og:locale\" content=\"en_US\" \/>\n<meta property=\"og:type\" content=\"article\" \/>\n<meta property=\"og:title\" content=\"275\/40R21 Maxtrek Maximus M2 107W XL\" \/>\n<meta property=\"og:description\" content=\"Maxtrek Maximus M2 ir labas kvalit\u0101tes, bud\u017eeta klases vasaras riepu modelis. Tas izce\u013cas ar zemiem degvielas pat\u0113ri\u0146a un akvaplan\u0113\u0161anas riska r\u0101d\u012bt\u0101jiem, k\u0101 ar\u012b ar labu sa\u0137eri un komfortablu gaitu pat lielos brauk\u0161anas \u0101trumos. \u0160is riepu modelis piem\u0113rots gan maza un vid\u0113ja izm\u0113ra vieglaj\u0101m automa\u0161\u012bn\u0101m, gan miniveniem un krosoveriem.\" \/>\n<meta property=\"og:url\" content=\"https:\/\/mmkriepas.lv\/en\/p\/275-40r21-maxtrek-maximus-m2-107w-xl\/\" \/>\n<meta property=\"og:site_name\" content=\"MMK Riepas\" \/>\n<meta property=\"article:publisher\" content=\"https:\/\/www.facebook.com\/mmkserviss\/\" \/>\n<meta property=\"article:modified_time\" content=\"2026-03-30T10:53:46+00:00\" \/>\n<meta property=\"og:image\" content=\"https:\/\/mmkriepas.lv\/wp-content\/uploads\/2024\/01\/22555r17-maxtrek-maximus-m2-101v-xl-vasaras-riepas.jpg\" \/>\n\t<meta property=\"og:image:width\" content=\"1920\" \/>\n\t<meta property=\"og:image:height\" content=\"1440\" \/>\n\t<meta property=\"og:image:type\" content=\"image\/jpeg\" \/>\n<meta name=\"twitter:card\" content=\"summary_large_image\" \/>\n<meta name=\"twitter:label1\" content=\"Price\" \/>\n\t<meta name=\"twitter:data1\" content=\"&euro;102.00\" \/>\n\t<meta name=\"twitter:label2\" content=\"Availability\" \/>\n\t<meta name=\"twitter:data2\" content=\"In stock\" \/>\n<script type=\"application\/ld+json\" class=\"yoast-schema-graph\">{\"@context\":\"https:\\\/\\\/schema.org\",\"@graph\":[{\"@type\":\"WebPage\",\"@id\":\"https:\\\/\\\/mmkriepas.lv\\\/en\\\/p\\\/275-40r21-maxtrek-maximus-m2-107w-xl\\\/\",\"url\":\"https:\\\/\\\/mmkriepas.lv\\\/en\\\/p\\\/275-40r21-maxtrek-maximus-m2-107w-xl\\\/\",\"name\":\"275\\\/40R21 Maxtrek Maximus M2 107W XL &#8226; MMK Riepas\",\"isPartOf\":{\"@id\":\"https:\\\/\\\/mmkriepas.lv\\\/en\\\/#website\"},\"primaryImageOfPage\":{\"@id\":\"https:\\\/\\\/mmkriepas.lv\\\/en\\\/p\\\/275-40r21-maxtrek-maximus-m2-107w-xl\\\/#primaryimage\"},\"image\":{\"@id\":\"https:\\\/\\\/mmkriepas.lv\\\/en\\\/p\\\/275-40r21-maxtrek-maximus-m2-107w-xl\\\/#primaryimage\"},\"thumbnailUrl\":\"https:\\\/\\\/mmkriepas.lv\\\/wp-content\\\/uploads\\\/2024\\\/01\\\/22555r17-maxtrek-maximus-m2-101v-xl-vasaras-riepas.jpg\",\"datePublished\":\"2025-04-10T11:21:55+00:00\",\"dateModified\":\"2026-03-30T10:53:46+00:00\",\"breadcrumb\":{\"@id\":\"https:\\\/\\\/mmkriepas.lv\\\/en\\\/p\\\/275-40r21-maxtrek-maximus-m2-107w-xl\\\/#breadcrumb\"},\"inLanguage\":\"en-US\",\"potentialAction\":[{\"@type\":\"ReadAction\",\"target\":[\"https:\\\/\\\/mmkriepas.lv\\\/en\\\/p\\\/275-40r21-maxtrek-maximus-m2-107w-xl\\\/\"]}]},{\"@type\":\"ImageObject\",\"inLanguage\":\"en-US\",\"@id\":\"https:\\\/\\\/mmkriepas.lv\\\/en\\\/p\\\/275-40r21-maxtrek-maximus-m2-107w-xl\\\/#primaryimage\",\"url\":\"https:\\\/\\\/mmkriepas.lv\\\/wp-content\\\/uploads\\\/2024\\\/01\\\/22555r17-maxtrek-maximus-m2-101v-xl-vasaras-riepas.jpg\",\"contentUrl\":\"https:\\\/\\\/mmkriepas.lv\\\/wp-content\\\/uploads\\\/2024\\\/01\\\/22555r17-maxtrek-maximus-m2-101v-xl-vasaras-riepas.jpg\",\"width\":1920,\"height\":1440,\"caption\":\"MAIN\"},{\"@type\":\"BreadcrumbList\",\"@id\":\"https:\\\/\\\/mmkriepas.lv\\\/en\\\/p\\\/275-40r21-maxtrek-maximus-m2-107w-xl\\\/#breadcrumb\",\"itemListElement\":[{\"@type\":\"ListItem\",\"position\":1,\"name\":\"S\u0101kums\",\"item\":\"https:\\\/\\\/mmkriepas.lv\\\/en\\\/\"},{\"@type\":\"ListItem\",\"position\":2,\"name\":\"275\\\/40R21 Maxtrek Maximus M2 107W XL\"}]},{\"@type\":\"WebSite\",\"@id\":\"https:\\\/\\\/mmkriepas.lv\\\/en\\\/#website\",\"url\":\"https:\\\/\\\/mmkriepas.lv\\\/en\\\/\",\"name\":\"MMK Riepas\",\"description\":\"MMK Riepas\",\"alternateName\":\"MMK Riepu Serviss\",\"potentialAction\":[{\"@type\":\"SearchAction\",\"target\":{\"@type\":\"EntryPoint\",\"urlTemplate\":\"https:\\\/\\\/mmkriepas.lv\\\/en\\\/?s={search_term_string}\"},\"query-input\":{\"@type\":\"PropertyValueSpecification\",\"valueRequired\":true,\"valueName\":\"search_term_string\"}}],\"inLanguage\":\"en-US\"},{\"@type\":\"ImageObject\",\"inLanguage\":\"en-US\",\"@id\":\"https:\\\/\\\/mmkriepas.lv\\\/en\\\/p\\\/275-40r21-maxtrek-maximus-m2-107w-xl\\\/#local-main-organization-logo\",\"url\":\"\",\"contentUrl\":\"\",\"caption\":\"MMK Riepas\"}]}<\/script>\n<meta property=\"product:brand\" content=\"Maxtrek Maximus M2\" \/>\n<meta property=\"product:price:amount\" content=\"102.00\" \/>\n<meta property=\"product:price:currency\" content=\"EUR\" \/>\n<meta property=\"og:availability\" content=\"instock\" \/>\n<meta property=\"product:availability\" content=\"instock\" \/>\n<meta property=\"product:retailer_item_id\" content=\"TS2754021Maxtr-E47432\" \/>\n<meta property=\"product:condition\" content=\"new\" \/>\n<!-- \/ Yoast SEO Premium plugin. -->","yoast_head_json":{"title":"275\/40R21 Maxtrek Maximus M2 107W XL &#8226; MMK Riepas","robots":{"index":"index","follow":"follow","max-snippet":"max-snippet:-1","max-image-preview":"max-image-preview:large","max-video-preview":"max-video-preview:-1"},"canonical":"https:\/\/mmkriepas.lv\/en\/p\/275-40r21-maxtrek-maximus-m2-107w-xl\/","og_locale":"en_US","og_type":"article","og_title":"275\/40R21 Maxtrek Maximus M2 107W XL","og_description":"Maxtrek Maximus M2 ir labas kvalit\u0101tes, bud\u017eeta klases vasaras riepu modelis. Tas izce\u013cas ar zemiem degvielas pat\u0113ri\u0146a un akvaplan\u0113\u0161anas riska r\u0101d\u012bt\u0101jiem, k\u0101 ar\u012b ar labu sa\u0137eri un komfortablu gaitu pat lielos brauk\u0161anas \u0101trumos. \u0160is riepu modelis piem\u0113rots gan maza un vid\u0113ja izm\u0113ra vieglaj\u0101m automa\u0161\u012bn\u0101m, gan miniveniem un krosoveriem.","og_url":"https:\/\/mmkriepas.lv\/en\/p\/275-40r21-maxtrek-maximus-m2-107w-xl\/","og_site_name":"MMK Riepas","article_publisher":"https:\/\/www.facebook.com\/mmkserviss\/","article_modified_time":"2026-03-30T10:53:46+00:00","og_image":[{"width":1920,"height":1440,"url":"https:\/\/mmkriepas.lv\/wp-content\/uploads\/2024\/01\/22555r17-maxtrek-maximus-m2-101v-xl-vasaras-riepas.jpg","type":"image\/jpeg"}],"twitter_card":"summary_large_image","twitter_misc":{"Price":"&euro;102.00","Availability":"In stock"},"schema":{"@context":"https:\/\/schema.org","@graph":[{"@type":"WebPage","@id":"https:\/\/mmkriepas.lv\/en\/p\/275-40r21-maxtrek-maximus-m2-107w-xl\/","url":"https:\/\/mmkriepas.lv\/en\/p\/275-40r21-maxtrek-maximus-m2-107w-xl\/","name":"275\/40R21 Maxtrek Maximus M2 107W XL &#8226; MMK Riepas","isPartOf":{"@id":"https:\/\/mmkriepas.lv\/en\/#website"},"primaryImageOfPage":{"@id":"https:\/\/mmkriepas.lv\/en\/p\/275-40r21-maxtrek-maximus-m2-107w-xl\/#primaryimage"},"image":{"@id":"https:\/\/mmkriepas.lv\/en\/p\/275-40r21-maxtrek-maximus-m2-107w-xl\/#primaryimage"},"thumbnailUrl":"https:\/\/mmkriepas.lv\/wp-content\/uploads\/2024\/01\/22555r17-maxtrek-maximus-m2-101v-xl-vasaras-riepas.jpg","datePublished":"2025-04-10T11:21:55+00:00","dateModified":"2026-03-30T10:53:46+00:00","breadcrumb":{"@id":"https:\/\/mmkriepas.lv\/en\/p\/275-40r21-maxtrek-maximus-m2-107w-xl\/#breadcrumb"},"inLanguage":"en-US","potentialAction":[{"@type":"ReadAction","target":["https:\/\/mmkriepas.lv\/en\/p\/275-40r21-maxtrek-maximus-m2-107w-xl\/"]}]},{"@type":"ImageObject","inLanguage":"en-US","@id":"https:\/\/mmkriepas.lv\/en\/p\/275-40r21-maxtrek-maximus-m2-107w-xl\/#primaryimage","url":"https:\/\/mmkriepas.lv\/wp-content\/uploads\/2024\/01\/22555r17-maxtrek-maximus-m2-101v-xl-vasaras-riepas.jpg","contentUrl":"https:\/\/mmkriepas.lv\/wp-content\/uploads\/2024\/01\/22555r17-maxtrek-maximus-m2-101v-xl-vasaras-riepas.jpg","width":1920,"height":1440,"caption":"MAIN"},{"@type":"BreadcrumbList","@id":"https:\/\/mmkriepas.lv\/en\/p\/275-40r21-maxtrek-maximus-m2-107w-xl\/#breadcrumb","itemListElement":[{"@type":"ListItem","position":1,"name":"S\u0101kums","item":"https:\/\/mmkriepas.lv\/en\/"},{"@type":"ListItem","position":2,"name":"275\/40R21 Maxtrek Maximus M2 107W XL"}]},{"@type":"WebSite","@id":"https:\/\/mmkriepas.lv\/en\/#website","url":"https:\/\/mmkriepas.lv\/en\/","name":"MMK Riepas","description":"MMK Riepas","alternateName":"MMK Riepu Serviss","potentialAction":[{"@type":"SearchAction","target":{"@type":"EntryPoint","urlTemplate":"https:\/\/mmkriepas.lv\/en\/?s={search_term_string}"},"query-input":{"@type":"PropertyValueSpecification","valueRequired":true,"valueName":"search_term_string"}}],"inLanguage":"en-US"},{"@type":"ImageObject","inLanguage":"en-US","@id":"https:\/\/mmkriepas.lv\/en\/p\/275-40r21-maxtrek-maximus-m2-107w-xl\/#local-main-organization-logo","url":"","contentUrl":"","caption":"MMK Riepas"}]},"product_brand":"Maxtrek Maximus M2","product_price_amount":"102.00","product_price_currency":"EUR","og_availability":"instock","product_availability":"instock","product_retailer_item_id":"TS2754021Maxtr-E47432","product_condition":"new"},"_links":{"self":[{"href":"https:\/\/mmkriepas.lv\/en\/wp-json\/wp\/v2\/product\/1214708","targetHints":{"allow":["GET"]}}],"collection":[{"href":"https:\/\/mmkriepas.lv\/en\/wp-json\/wp\/v2\/product"}],"about":[{"href":"https:\/\/mmkriepas.lv\/en\/wp-json\/wp\/v2\/types\/product"}],"wp:featuredmedia":[{"embeddable":true,"href":"https:\/\/mmkriepas.lv\/en\/wp-json\/wp\/v2\/media\/851491"}],"wp:attachment":[{"href":"https:\/\/mmkriepas.lv\/en\/wp-json\/wp\/v2\/media?parent=1214708"}],"wp:term":[{"taxonomy":"product_brand","embeddable":true,"href":"https:\/\/mmkriepas.lv\/en\/wp-json\/wp\/v2\/product_brand?post=1214708"},{"taxonomy":"product_cat","embeddable":true,"href":"https:\/\/mmkriepas.lv\/en\/wp-json\/wp\/v2\/product_cat?post=1214708"},{"taxonomy":"product_tag","embeddable":true,"href":"https:\/\/mmkriepas.lv\/en\/wp-json\/wp\/v2\/product_tag?post=1214708"}],"curies":[{"name":"wp","href":"https:\/\/api.w.org\/{rel}","templated":true}]}}