{"id":12106,"date":"2018-03-27T16:10:26","date_gmt":"2018-03-27T13:10:26","guid":{"rendered":"https:\/\/mmkserviss.lv\/?post_type=product&#038;p=12106"},"modified":"2026-01-24T00:21:17","modified_gmt":"2026-01-23T22:21:17","slug":"25555r18-cordiant-sport-3-109v","status":"publish","type":"product","link":"https:\/\/mmkriepas.lv\/en\/p\/25555r18-cordiant-sport-3-109v\/","title":{"rendered":"255\/55R18 Cordiant Sport 3 109V"},"content":{"rendered":"<p><b>Cordiant Sport 3 <\/b>vasaras riepu modelis ir paredz\u0113ta vieglaj\u0101m automa\u0161\u012bn\u0101m un t\u0101 ieguvusi lielu popularit\u0101ti pat\u0113r\u0113t\u0101ju vid\u016b. Riepa tikusi veidota, izmantojot progres\u012bv\u0101k\u0101s tehnolo\u0123ijas un lab\u0101kos materi\u0101lus, t\u0101p\u0113c t\u0101 atbilst visiem starptautiskajiem standartiem un norm\u0101m. Veidojot \u0161\u012bs riepas dizainu,\u00a0 uzsvars ticis likts uz vad\u0101m\u012bbu un dro\u0161\u012bbu, t\u0101p\u0113c galven\u0101 uzman\u012bba tikusi piev\u0113rsta protektora dizainam un gumijas sast\u0101vam. Cordiant riepas piel\u012bdzin\u0101mas vid\u0113j\u0101s vai pat klases Hankook, Kleber, Debica, Kumho u.t.t un vien minim\u0101li atpaliek no Yokohama, Toyo un daudziem citiem riepu ra\u017eot\u0101jiem.<o:p><\/o:p><\/p>\n<h3>Sport 3 galven\u0101s iez\u012bmes<o:p><\/o:p><\/h3>\n<p>+ Uzlabota dren\u0101\u017eas sist\u0113ma nodro\u0161ina \u0101tru \u016bdens vai citu nokri\u0161\u0146u izvadi no saskares vietas, t\u0101dej\u0101di samazinot akvaplan\u0113\u0161anu!<o:p><\/o:p><\/p>\n<p>+ Nep\u0101rtraukti bloki protektora centr\u0101laj\u0101 da\u013c\u0101 palielina stabilit\u0101ti taisnas kust\u012bbas laik\u0101!<o:p><\/o:p><\/p>\n<p>+ Pastiprin\u0101ta plecu zona nov\u0113r\u0161 s\u0101nu deform\u0101cijas iesp\u0113jas un boj\u0101jumus!<o:p><\/o:p><\/p>\n<p>+ Mazie \u0161\u0137\u0113rseniski izvietotie izvadkan\u0101li samazina ska\u0146as efektu braucot un palielina stabilit\u0101ti uz slapj\u0101m virsm\u0101m!<o:p><\/o:p><\/p>\n<p>+ Samazin\u0101ts rites koeficients, samazin\u0101ts degvielas pat\u0113ri\u0146\u0161 kust\u012bbas laik\u0101 un palielin\u0101ta stabilit\u0101te, braucot liel\u0101 \u0101trum\u0101!<o:p><\/o:p><\/p>\n<h3>Sport 3 protektora raksturojums<o:p><\/o:p><\/h3>\n<p>Jaunais protektora dizains nodro\u0161ina izcilu sniegumu jebk\u0101dos vasaras brauk\u0161anas apst\u0101k\u013cos. Tr\u012bs centr\u0101l\u0101s nep\u0101rtraukt\u0101s ribas nodro\u0161ina line\u0101ru stabilit\u0101ti un p\u0101rliecino\u0161u vilkmes sp\u0113ku. Lieli s\u0101nu zonas bloki aizsarg\u0101 protektoru no iesp\u0113jamiem boj\u0101jumiem un palielina stabilit\u0101ti manevru laik\u0101. \u010cetri dzi\u013ci dren\u0101\u017eas kan\u0101li \u0101tri izvada \u016bdeni un citus nokri\u0161\u0146us no protektora, samazinot akvaplan\u0113\u0161anas risku. Liels skaits mazu, perpendikul\u0101ri izvietotu iegriezumu palielina stabilit\u0101ti uz slapja ce\u013ca seguma un samazina trok\u0161\u0146a l\u012bmeni. <o:p><\/o:p><\/p>\n","protected":false},"excerpt":{"rendered":"<p><b>Cordiant Sport 3 <\/b>vasaras riepu modelis ir paredz\u0113ta vieglaj\u0101m automa\u0161\u012bn\u0101m un t\u0101 ieguvusi lielu popularit\u0101ti pat\u0113r\u0113t\u0101ju vid\u016b. Riepa tikusi veidota, izmantojot progres\u012bv\u0101k\u0101s tehnolo\u0123ijas un lab\u0101kos materi\u0101lus, t\u0101p\u0113c t\u0101 atbilst visiem starptautiskajiem standartiem un norm\u0101m. Veidojot \u0161\u012bs riepas dizainu,\u00a0 uzsvars ticis likts uz vad\u0101m\u012bbu un dro\u0161\u012bbu, t\u0101p\u0113c galven\u0101 uzman\u012bba tikusi piev\u0113rsta protektora dizainam un gumijas sast\u0101vam. Cordiant riepas piel\u012bdzin\u0101mas vid\u0113j\u0101s vai pat klases Hankook, Kleber, Debica, Kumho u.t.t un vien minim\u0101li atpaliek no Yokohama, Toyo un daudziem citiem riepu ra\u017eot\u0101jiem.<o:p><\/o:p><\/p>\n","protected":false},"featured_media":175492,"template":"","meta":{"_acf_changed":false,"ngg_post_thumbnail":0},"product_brand":[],"product_cat":[46],"product_tag":[],"class_list":{"0":"post-12106","1":"product","2":"type-product","3":"status-publish","4":"has-post-thumbnail","6":"product_cat-vasaras-riepas","8":"first","9":"outofstock","10":"sale","11":"taxable","12":"shipping-taxable","13":"product-type-simple"},"acf":[],"yoast_head":"<!-- This site is optimized with the Yoast SEO Premium plugin v22.6 (Yoast SEO v27.3) - https:\/\/yoast.com\/product\/yoast-seo-premium-wordpress\/ -->\n<title>255\/55R18 Cordiant Sport 3 109V &#8226; MMK Riepas<\/title>\n<meta name=\"description\" content=\"Cordiant Sport 3 - vid\u0113j\u0101s klases riepas ar premuim kvalit\u0101tes iez\u012bm\u0113m dinamiskai brauk\u0161anai. Pieejams MMK Riepu Centros par lab\u0101kaj\u0101m cen\u0101m!\" \/>\n<meta name=\"robots\" content=\"index, follow, max-snippet:-1, max-image-preview:large, max-video-preview:-1\" \/>\n<link rel=\"canonical\" href=\"https:\/\/mmkriepas.lv\/en\/p\/25555r18-cordiant-sport-3-109v\/\" \/>\n<meta property=\"og:locale\" content=\"en_US\" \/>\n<meta property=\"og:type\" content=\"article\" \/>\n<meta property=\"og:title\" content=\"255\/55R18 Cordiant Sport 3 109V\" \/>\n<meta property=\"og:description\" content=\"Cordiant Sport 3 - vid\u0113j\u0101s klases riepas ar premuim kvalit\u0101tes iez\u012bm\u0113m dinamiskai brauk\u0161anai. Pieejams MMK Riepu Centros par lab\u0101kaj\u0101m cen\u0101m!\" \/>\n<meta property=\"og:url\" content=\"https:\/\/mmkriepas.lv\/en\/p\/25555r18-cordiant-sport-3-109v\/\" \/>\n<meta property=\"og:site_name\" content=\"MMK Riepas\" \/>\n<meta property=\"article:publisher\" content=\"https:\/\/www.facebook.com\/mmkserviss\/\" \/>\n<meta property=\"article:modified_time\" content=\"2026-01-23T22:21:17+00:00\" \/>\n<meta property=\"og:image\" content=\"https:\/\/mmkriepas.lv\/wp-content\/uploads\/2021\/03\/20550r16-cordiant-sport-3-87v-vasaras-riepas.jpeg\" \/>\n\t<meta property=\"og:image:width\" content=\"1600\" \/>\n\t<meta property=\"og:image:height\" content=\"1064\" \/>\n\t<meta property=\"og:image:type\" content=\"image\/jpeg\" \/>\n<meta name=\"twitter:card\" content=\"summary_large_image\" \/>\n<meta name=\"twitter:label1\" content=\"Price\" \/>\n\t<meta name=\"twitter:data1\" content=\"&euro;20.00\" \/>\n\t<meta name=\"twitter:label2\" content=\"Availability\" \/>\n\t<meta name=\"twitter:data2\" content=\"Out of stock\" \/>\n<script type=\"application\/ld+json\" class=\"yoast-schema-graph\">{\"@context\":\"https:\\\/\\\/schema.org\",\"@graph\":[{\"@type\":\"WebPage\",\"@id\":\"https:\\\/\\\/mmkriepas.lv\\\/en\\\/p\\\/25555r18-cordiant-sport-3-109v\\\/\",\"url\":\"https:\\\/\\\/mmkriepas.lv\\\/en\\\/p\\\/25555r18-cordiant-sport-3-109v\\\/\",\"name\":\"255\\\/55R18 Cordiant Sport 3 109V &#8226; MMK Riepas\",\"isPartOf\":{\"@id\":\"https:\\\/\\\/mmkriepas.lv\\\/en\\\/#website\"},\"primaryImageOfPage\":{\"@id\":\"https:\\\/\\\/mmkriepas.lv\\\/en\\\/p\\\/25555r18-cordiant-sport-3-109v\\\/#primaryimage\"},\"image\":{\"@id\":\"https:\\\/\\\/mmkriepas.lv\\\/en\\\/p\\\/25555r18-cordiant-sport-3-109v\\\/#primaryimage\"},\"thumbnailUrl\":\"https:\\\/\\\/mmkriepas.lv\\\/wp-content\\\/uploads\\\/2021\\\/03\\\/20550r16-cordiant-sport-3-87v-vasaras-riepas.jpeg\",\"datePublished\":\"2018-03-27T13:10:26+00:00\",\"dateModified\":\"2026-01-23T22:21:17+00:00\",\"description\":\"Cordiant Sport 3 - vid\u0113j\u0101s klases riepas ar premuim kvalit\u0101tes iez\u012bm\u0113m dinamiskai brauk\u0161anai. Pieejams MMK Riepu Centros par lab\u0101kaj\u0101m cen\u0101m!\",\"breadcrumb\":{\"@id\":\"https:\\\/\\\/mmkriepas.lv\\\/en\\\/p\\\/25555r18-cordiant-sport-3-109v\\\/#breadcrumb\"},\"inLanguage\":\"en-US\",\"potentialAction\":[{\"@type\":\"ReadAction\",\"target\":[\"https:\\\/\\\/mmkriepas.lv\\\/en\\\/p\\\/25555r18-cordiant-sport-3-109v\\\/\"]}]},{\"@type\":\"ImageObject\",\"inLanguage\":\"en-US\",\"@id\":\"https:\\\/\\\/mmkriepas.lv\\\/en\\\/p\\\/25555r18-cordiant-sport-3-109v\\\/#primaryimage\",\"url\":\"https:\\\/\\\/mmkriepas.lv\\\/wp-content\\\/uploads\\\/2021\\\/03\\\/20550r16-cordiant-sport-3-87v-vasaras-riepas.jpeg\",\"contentUrl\":\"https:\\\/\\\/mmkriepas.lv\\\/wp-content\\\/uploads\\\/2021\\\/03\\\/20550r16-cordiant-sport-3-87v-vasaras-riepas.jpeg\",\"width\":1600,\"height\":1064,\"caption\":\"205\\\/50R16 Cordiant Sport 3 87V - Vasaras riepas\"},{\"@type\":\"BreadcrumbList\",\"@id\":\"https:\\\/\\\/mmkriepas.lv\\\/en\\\/p\\\/25555r18-cordiant-sport-3-109v\\\/#breadcrumb\",\"itemListElement\":[{\"@type\":\"ListItem\",\"position\":1,\"name\":\"S\u0101kums\",\"item\":\"https:\\\/\\\/mmkriepas.lv\\\/en\\\/\"},{\"@type\":\"ListItem\",\"position\":2,\"name\":\"255\\\/55R18 Cordiant Sport 3 109V\"}]},{\"@type\":\"WebSite\",\"@id\":\"https:\\\/\\\/mmkriepas.lv\\\/en\\\/#website\",\"url\":\"https:\\\/\\\/mmkriepas.lv\\\/en\\\/\",\"name\":\"MMK Riepas\",\"description\":\"MMK Riepas\",\"alternateName\":\"MMK Riepu Serviss\",\"potentialAction\":[{\"@type\":\"SearchAction\",\"target\":{\"@type\":\"EntryPoint\",\"urlTemplate\":\"https:\\\/\\\/mmkriepas.lv\\\/en\\\/?s={search_term_string}\"},\"query-input\":{\"@type\":\"PropertyValueSpecification\",\"valueRequired\":true,\"valueName\":\"search_term_string\"}}],\"inLanguage\":\"en-US\"},{\"@type\":\"ImageObject\",\"inLanguage\":\"en-US\",\"@id\":\"https:\\\/\\\/mmkriepas.lv\\\/en\\\/p\\\/25555r18-cordiant-sport-3-109v\\\/#local-main-organization-logo\",\"url\":\"\",\"contentUrl\":\"\",\"caption\":\"MMK Riepas\"}]}<\/script>\n<meta property=\"product:brand\" content=\"Cordiant Sport 3\" \/>\n<meta property=\"product:price:amount\" content=\"20.00\" \/>\n<meta property=\"product:price:currency\" content=\"EUR\" \/>\n<meta property=\"og:availability\" content=\"out of stock\" \/>\n<meta property=\"product:availability\" content=\"out of stock\" \/>\n<meta property=\"product:retailer_item_id\" content=\"TS2555518CORDI-2756\" \/>\n<meta property=\"product:condition\" content=\"new\" \/>\n<!-- \/ Yoast SEO Premium plugin. -->","yoast_head_json":{"title":"255\/55R18 Cordiant Sport 3 109V &#8226; MMK Riepas","description":"Cordiant Sport 3 - vid\u0113j\u0101s klases riepas ar premuim kvalit\u0101tes iez\u012bm\u0113m dinamiskai brauk\u0161anai. Pieejams MMK Riepu Centros par lab\u0101kaj\u0101m cen\u0101m!","robots":{"index":"index","follow":"follow","max-snippet":"max-snippet:-1","max-image-preview":"max-image-preview:large","max-video-preview":"max-video-preview:-1"},"canonical":"https:\/\/mmkriepas.lv\/en\/p\/25555r18-cordiant-sport-3-109v\/","og_locale":"en_US","og_type":"article","og_title":"255\/55R18 Cordiant Sport 3 109V","og_description":"Cordiant Sport 3 - vid\u0113j\u0101s klases riepas ar premuim kvalit\u0101tes iez\u012bm\u0113m dinamiskai brauk\u0161anai. Pieejams MMK Riepu Centros par lab\u0101kaj\u0101m cen\u0101m!","og_url":"https:\/\/mmkriepas.lv\/en\/p\/25555r18-cordiant-sport-3-109v\/","og_site_name":"MMK Riepas","article_publisher":"https:\/\/www.facebook.com\/mmkserviss\/","article_modified_time":"2026-01-23T22:21:17+00:00","og_image":[{"width":1600,"height":1064,"url":"https:\/\/mmkriepas.lv\/wp-content\/uploads\/2021\/03\/20550r16-cordiant-sport-3-87v-vasaras-riepas.jpeg","type":"image\/jpeg"}],"twitter_card":"summary_large_image","twitter_misc":{"Price":"&euro;20.00","Availability":"Out of stock"},"schema":{"@context":"https:\/\/schema.org","@graph":[{"@type":"WebPage","@id":"https:\/\/mmkriepas.lv\/en\/p\/25555r18-cordiant-sport-3-109v\/","url":"https:\/\/mmkriepas.lv\/en\/p\/25555r18-cordiant-sport-3-109v\/","name":"255\/55R18 Cordiant Sport 3 109V &#8226; MMK Riepas","isPartOf":{"@id":"https:\/\/mmkriepas.lv\/en\/#website"},"primaryImageOfPage":{"@id":"https:\/\/mmkriepas.lv\/en\/p\/25555r18-cordiant-sport-3-109v\/#primaryimage"},"image":{"@id":"https:\/\/mmkriepas.lv\/en\/p\/25555r18-cordiant-sport-3-109v\/#primaryimage"},"thumbnailUrl":"https:\/\/mmkriepas.lv\/wp-content\/uploads\/2021\/03\/20550r16-cordiant-sport-3-87v-vasaras-riepas.jpeg","datePublished":"2018-03-27T13:10:26+00:00","dateModified":"2026-01-23T22:21:17+00:00","description":"Cordiant Sport 3 - vid\u0113j\u0101s klases riepas ar premuim kvalit\u0101tes iez\u012bm\u0113m dinamiskai brauk\u0161anai. Pieejams MMK Riepu Centros par lab\u0101kaj\u0101m cen\u0101m!","breadcrumb":{"@id":"https:\/\/mmkriepas.lv\/en\/p\/25555r18-cordiant-sport-3-109v\/#breadcrumb"},"inLanguage":"en-US","potentialAction":[{"@type":"ReadAction","target":["https:\/\/mmkriepas.lv\/en\/p\/25555r18-cordiant-sport-3-109v\/"]}]},{"@type":"ImageObject","inLanguage":"en-US","@id":"https:\/\/mmkriepas.lv\/en\/p\/25555r18-cordiant-sport-3-109v\/#primaryimage","url":"https:\/\/mmkriepas.lv\/wp-content\/uploads\/2021\/03\/20550r16-cordiant-sport-3-87v-vasaras-riepas.jpeg","contentUrl":"https:\/\/mmkriepas.lv\/wp-content\/uploads\/2021\/03\/20550r16-cordiant-sport-3-87v-vasaras-riepas.jpeg","width":1600,"height":1064,"caption":"205\/50R16 Cordiant Sport 3 87V - Vasaras riepas"},{"@type":"BreadcrumbList","@id":"https:\/\/mmkriepas.lv\/en\/p\/25555r18-cordiant-sport-3-109v\/#breadcrumb","itemListElement":[{"@type":"ListItem","position":1,"name":"S\u0101kums","item":"https:\/\/mmkriepas.lv\/en\/"},{"@type":"ListItem","position":2,"name":"255\/55R18 Cordiant Sport 3 109V"}]},{"@type":"WebSite","@id":"https:\/\/mmkriepas.lv\/en\/#website","url":"https:\/\/mmkriepas.lv\/en\/","name":"MMK Riepas","description":"MMK Riepas","alternateName":"MMK Riepu Serviss","potentialAction":[{"@type":"SearchAction","target":{"@type":"EntryPoint","urlTemplate":"https:\/\/mmkriepas.lv\/en\/?s={search_term_string}"},"query-input":{"@type":"PropertyValueSpecification","valueRequired":true,"valueName":"search_term_string"}}],"inLanguage":"en-US"},{"@type":"ImageObject","inLanguage":"en-US","@id":"https:\/\/mmkriepas.lv\/en\/p\/25555r18-cordiant-sport-3-109v\/#local-main-organization-logo","url":"","contentUrl":"","caption":"MMK Riepas"}]},"product_brand":"Cordiant Sport 3","product_price_amount":"20.00","product_price_currency":"EUR","og_availability":"out of stock","product_availability":"out of stock","product_retailer_item_id":"TS2555518CORDI-2756","product_condition":"new"},"_links":{"self":[{"href":"https:\/\/mmkriepas.lv\/en\/wp-json\/wp\/v2\/product\/12106","targetHints":{"allow":["GET"]}}],"collection":[{"href":"https:\/\/mmkriepas.lv\/en\/wp-json\/wp\/v2\/product"}],"about":[{"href":"https:\/\/mmkriepas.lv\/en\/wp-json\/wp\/v2\/types\/product"}],"wp:featuredmedia":[{"embeddable":true,"href":"https:\/\/mmkriepas.lv\/en\/wp-json\/wp\/v2\/media\/175492"}],"wp:attachment":[{"href":"https:\/\/mmkriepas.lv\/en\/wp-json\/wp\/v2\/media?parent=12106"}],"wp:term":[{"taxonomy":"product_brand","embeddable":true,"href":"https:\/\/mmkriepas.lv\/en\/wp-json\/wp\/v2\/product_brand?post=12106"},{"taxonomy":"product_cat","embeddable":true,"href":"https:\/\/mmkriepas.lv\/en\/wp-json\/wp\/v2\/product_cat?post=12106"},{"taxonomy":"product_tag","embeddable":true,"href":"https:\/\/mmkriepas.lv\/en\/wp-json\/wp\/v2\/product_tag?post=12106"}],"curies":[{"name":"wp","href":"https:\/\/api.w.org\/{rel}","templated":true}]}}